{"id":43337,"date":"2023-09-07T14:46:29","date_gmt":"2023-09-07T11:46:29","guid":{"rendered":"https:\/\/hunaja.fi\/?post_type=product&#038;p=43337"},"modified":"2025-09-17T09:21:34","modified_gmt":"2025-09-17T06:21:34","slug":"lasitolkin-kansi-kuviolla","status":"publish","type":"product","link":"https:\/\/hunaja.fi\/zh-hans\/tuote\/lasitolkin-kansi-kuviolla\/","title":{"rendered":"Lasit\u00f6lkin kansi kuviolla"},"content":{"rendered":"<p>82 mm kansi lasit\u00f6lkkiin. Valitse valikosta haluamasi kuva. Huom: laatikoittain ostettuihin lasit\u00f6lkkeihin voit valita my\u00f6s kuviolliset kannet.<\/p>\n<p>82 mm kansi sopii seuraaviin lasit\u00f6lkkeihin:<\/p>\n<ul>\n<li>Lasit\u00f6lkki 500g leve\u00e4<\/li>\n<li>Lasit\u00f6lkki 900g kuusikulmainen<\/li>\n<\/ul>\n<p>&nbsp;<\/p>\n","protected":false},"excerpt":{"rendered":"<p>82 mm kansi lasit\u00f6lkkiin. Valitse valikosta haluamasi k [&hellip;]<\/p>\n","protected":false},"featured_media":43754,"template":"","meta":{"_acf_changed":false,"_improvement_type_select":"improve_an_existing","_thumb_yes_seoaic":false,"_frame_yes_seoaic":false,"seoaic_generate_description":"","seoaic_improve_instructions_prompt":"","seoaic_rollback_content_improvement":"","seoaic_idea_thumbnail_generator":"","thumbnail_generated":false,"thumbnail_generate_prompt":"","seoaic_article_description":"","site-sidebar-layout":"default","site-content-layout":"default","ast-site-content-layout":"default","site-content-style":"default","site-sidebar-style":"default","ast-global-header-display":"","ast-banner-title-visibility":"","ast-main-header-display":"","ast-hfb-above-header-display":"","ast-hfb-below-header-display":"","ast-hfb-mobile-header-display":"","site-post-title":"","ast-breadcrumbs-content":"","ast-featured-img":"","footer-sml-layout":"","ast-disable-related-posts":"","theme-transparent-header-meta":"default","adv-header-id-meta":"","stick-header-meta":"default","header-above-stick-meta":"","header-main-stick-meta":"","header-below-stick-meta":"","astra-migrate-meta-layouts":"set","ast-page-background-enabled":"default","ast-page-background-meta":{"desktop":{"background-color":"","background-image":"","background-repeat":"repeat","background-position":"center center","background-size":"auto","background-attachment":"scroll","background-type":"","background-media":"","overlay-type":"","overlay-color":"","overlay-opacity":"","overlay-gradient":""},"tablet":{"background-color":"","background-image":"","background-repeat":"repeat","background-position":"center center","background-size":"auto","background-attachment":"scroll","background-type":"","background-media":"","overlay-type":"","overlay-color":"","overlay-opacity":"","overlay-gradient":""},"mobile":{"background-color":"","background-image":"","background-repeat":"repeat","background-position":"center center","background-size":"auto","background-attachment":"scroll","background-type":"","background-media":"","overlay-type":"","overlay-color":"","overlay-opacity":"","overlay-gradient":""}},"ast-content-background-meta":{"desktop":{"background-color":"var(--ast-global-color-5)","background-image":"","background-repeat":"repeat","background-position":"center center","background-size":"auto","background-attachment":"scroll","background-type":"","background-media":"","overlay-type":"","overlay-color":"","overlay-opacity":"","overlay-gradient":""},"tablet":{"background-color":"var(--ast-global-color-5)","background-image":"","background-repeat":"repeat","background-position":"center center","background-size":"auto","background-attachment":"scroll","background-type":"","background-media":"","overlay-type":"","overlay-color":"","overlay-opacity":"","overlay-gradient":""},"mobile":{"background-color":"var(--ast-global-color-5)","background-image":"","background-repeat":"repeat","background-position":"center center","background-size":"auto","background-attachment":"scroll","background-type":"","background-media":"","overlay-type":"","overlay-color":"","overlay-opacity":"","overlay-gradient":""}}},"product_brand":[],"product_cat":[1892,1566],"product_tag":[],"class_list":{"0":"post-43337","1":"product","2":"type-product","3":"status-publish","4":"has-post-thumbnail","6":"product_cat-lasitolkit2","7":"product_cat-lasitolkit","8":"product_shipping_class-matkahuolto-tai-lahella-paketti","9":"pa_materiaali-hunajalusikka","10":"pa_materiaali-hunajapurkit","11":"pa_materiaali-kantamukset","12":"pa_materiaali-kennohunaja","13":"pa_materiaali-kennokansi","14":"pa_materiaali-keraaja","15":"pa_materiaali-kukat","16":"pa_materiaali-kukat-ja-mehit","17":"pa_materiaali-mehi-voikukka","18":"pa_materiaali-mehilainen","19":"pa_materiaali-mehilainen-premium","20":"pa_materiaali-mehit-kukka","21":"pa_materiaali-nallekarhu","22":"pa_materiaali-olkipesa","23":"pa_materiaali-purnukka","24":"desktop-align-center","25":"tablet-align-center","26":"mobile-align-center","27":"ast-product-gallery-layout-horizontal","28":"ast-product-gallery-with-no-image","29":"ast-magnify-disabled","30":"ast-product-single-variable","31":"ast-product-tabs-layout-horizontal","33":"first","34":"instock","35":"shipping-taxable","36":"purchasable","37":"product-type-variable"},"acf":[],"yoast_head":"<!-- This site is optimized with the Yoast SEO plugin v26.7 - https:\/\/yoast.com\/wordpress\/plugins\/seo\/ -->\n<title>Lasit\u00f6lkin kansi kuviolla - Hunajayhtym\u00e4 Oy<\/title>\n<meta name=\"description\" content=\"82 mm kansi lasit\u00f6lkkiin. Valitse valikosta haluamasi kuva. Huom: laatikoittain ostettuihin lasit\u00f6lkkeihin voit valita my\u00f6s kuviolliset kannet. 82 mm\" \/>\n<meta name=\"robots\" content=\"index, follow, max-snippet:-1, max-image-preview:large, max-video-preview:-1\" \/>\n<link rel=\"canonical\" href=\"https:\/\/hunaja.fi\/tuote\/lasitolkin-kansi-kuviolla\/\" \/>\n<meta property=\"og:locale\" content=\"zh_CN\" \/>\n<meta property=\"og:type\" content=\"article\" \/>\n<meta property=\"og:title\" content=\"Lasit\u00f6lkin kansi kuviolla - Hunajayhtym\u00e4 Oy\" \/>\n<meta property=\"og:description\" content=\"82 mm kansi lasit\u00f6lkkiin. Valitse valikosta haluamasi kuva. Huom: laatikoittain ostettuihin lasit\u00f6lkkeihin voit valita my\u00f6s kuviolliset kannet. 82 mm\" \/>\n<meta property=\"og:url\" content=\"https:\/\/hunaja.fi\/tuote\/lasitolkin-kansi-kuviolla\/\" \/>\n<meta property=\"og:site_name\" content=\"Hunajayhtym\u00e4 Oy\" \/>\n<meta property=\"article:modified_time\" content=\"2025-09-17T06:21:34+00:00\" \/>\n<meta property=\"og:image\" content=\"https:\/\/hunaja.fi\/wp-content\/uploads\/2023\/09\/ryhmakuva_kannet-3.jpg\" \/>\n\t<meta property=\"og:image:width\" content=\"1024\" \/>\n\t<meta property=\"og:image:height\" content=\"998\" \/>\n\t<meta property=\"og:image:type\" content=\"image\/jpeg\" \/>\n<meta name=\"twitter:card\" content=\"summary_large_image\" \/>\n<meta name=\"twitter:label1\" content=\"\u9884\u8ba1\u9605\u8bfb\u65f6\u95f4\" \/>\n\t<meta name=\"twitter:data1\" content=\"1 \u5206\" \/>\n<script type=\"application\/ld+json\" class=\"yoast-schema-graph\">{\"@context\":\"https:\/\/schema.org\",\"@graph\":[{\"@type\":\"WebPage\",\"@id\":\"https:\/\/hunaja.fi\/tuote\/lasitolkin-kansi-kuviolla\/\",\"url\":\"https:\/\/hunaja.fi\/tuote\/lasitolkin-kansi-kuviolla\/\",\"name\":\"Lasit\u00f6lkin kansi kuviolla - Hunajayhtym\u00e4 Oy\",\"isPartOf\":{\"@id\":\"https:\/\/hunaja.fi\/#website\"},\"primaryImageOfPage\":{\"@id\":\"https:\/\/hunaja.fi\/tuote\/lasitolkin-kansi-kuviolla\/#primaryimage\"},\"image\":{\"@id\":\"https:\/\/hunaja.fi\/tuote\/lasitolkin-kansi-kuviolla\/#primaryimage\"},\"thumbnailUrl\":\"https:\/\/hunaja.fi\/wp-content\/uploads\/2023\/09\/ryhmakuva_kannet-3.jpg\",\"datePublished\":\"2023-09-07T11:46:29+00:00\",\"dateModified\":\"2025-09-17T06:21:34+00:00\",\"description\":\"82 mm kansi lasit\u00f6lkkiin. Valitse valikosta haluamasi kuva. Huom: laatikoittain ostettuihin lasit\u00f6lkkeihin voit valita my\u00f6s kuviolliset kannet. 82 mm\",\"breadcrumb\":{\"@id\":\"https:\/\/hunaja.fi\/tuote\/lasitolkin-kansi-kuviolla\/#breadcrumb\"},\"inLanguage\":\"zh-Hans\",\"potentialAction\":[{\"@type\":\"ReadAction\",\"target\":[\"https:\/\/hunaja.fi\/tuote\/lasitolkin-kansi-kuviolla\/\"]}]},{\"@type\":\"ImageObject\",\"inLanguage\":\"zh-Hans\",\"@id\":\"https:\/\/hunaja.fi\/tuote\/lasitolkin-kansi-kuviolla\/#primaryimage\",\"url\":\"https:\/\/hunaja.fi\/wp-content\/uploads\/2023\/09\/ryhmakuva_kannet-3.jpg\",\"contentUrl\":\"https:\/\/hunaja.fi\/wp-content\/uploads\/2023\/09\/ryhmakuva_kannet-3.jpg\",\"width\":1024,\"height\":998},{\"@type\":\"BreadcrumbList\",\"@id\":\"https:\/\/hunaja.fi\/tuote\/lasitolkin-kansi-kuviolla\/#breadcrumb\",\"itemListElement\":[{\"@type\":\"ListItem\",\"position\":1,\"name\":\"Etusivu\",\"item\":\"https:\/\/hunaja.fi\/\"},{\"@type\":\"ListItem\",\"position\":2,\"name\":\"Tuotteet\",\"item\":\"https:\/\/hunaja.fi\/kauppapaikka\/tuotteet\/\"},{\"@type\":\"ListItem\",\"position\":3,\"name\":\"Pakkaustarvikkeet\",\"item\":\"https:\/\/hunaja.fi\/tuote-osasto\/pakkaustarvikkeet\/\"},{\"@type\":\"ListItem\",\"position\":4,\"name\":\"Lasit\u00f6lkit\",\"item\":\"https:\/\/hunaja.fi\/tuote-osasto\/pakkaustarvikkeet\/lasitolkit\/\"},{\"@type\":\"ListItem\",\"position\":5,\"name\":\"Lasit\u00f6lkin kansi kuviolla\"}]},{\"@type\":\"WebSite\",\"@id\":\"https:\/\/hunaja.fi\/#website\",\"url\":\"https:\/\/hunaja.fi\/\",\"name\":\"Hunajayhtym\u00e4 Oy\",\"description\":\"Nature Loves Finnish Floral Honey\",\"publisher\":{\"@id\":\"https:\/\/hunaja.fi\/#organization\"},\"potentialAction\":[{\"@type\":\"SearchAction\",\"target\":{\"@type\":\"EntryPoint\",\"urlTemplate\":\"https:\/\/hunaja.fi\/?s={search_term_string}\"},\"query-input\":{\"@type\":\"PropertyValueSpecification\",\"valueRequired\":true,\"valueName\":\"search_term_string\"}}],\"inLanguage\":\"zh-Hans\"},{\"@type\":\"Organization\",\"@id\":\"https:\/\/hunaja.fi\/#organization\",\"name\":\"Hunajayhtym\u00e4 Oy\",\"url\":\"https:\/\/hunaja.fi\/\",\"logo\":{\"@type\":\"ImageObject\",\"inLanguage\":\"zh-Hans\",\"@id\":\"https:\/\/hunaja.fi\/#\/schema\/logo\/image\/\",\"url\":\"https:\/\/hunaja.fi\/wp-content\/uploads\/2021\/07\/Hunajayhtyma_Logo_VAAKA_slogan_cmyk-01.png\",\"contentUrl\":\"https:\/\/hunaja.fi\/wp-content\/uploads\/2021\/07\/Hunajayhtyma_Logo_VAAKA_slogan_cmyk-01.png\",\"width\":656,\"height\":242,\"caption\":\"Hunajayhtym\u00e4 Oy\"},\"image\":{\"@id\":\"https:\/\/hunaja.fi\/#\/schema\/logo\/image\/\"}}]}<\/script>\n<!-- \/ Yoast SEO plugin. -->","yoast_head_json":{"title":"Lasit\u00f6lkin kansi kuviolla - Hunajayhtym\u00e4 Oy","description":"82 mm kansi lasit\u00f6lkkiin. Valitse valikosta haluamasi kuva. Huom: laatikoittain ostettuihin lasit\u00f6lkkeihin voit valita my\u00f6s kuviolliset kannet. 82 mm","robots":{"index":"index","follow":"follow","max-snippet":"max-snippet:-1","max-image-preview":"max-image-preview:large","max-video-preview":"max-video-preview:-1"},"canonical":"https:\/\/hunaja.fi\/tuote\/lasitolkin-kansi-kuviolla\/","og_locale":"zh_CN","og_type":"article","og_title":"Lasit\u00f6lkin kansi kuviolla - Hunajayhtym\u00e4 Oy","og_description":"82 mm kansi lasit\u00f6lkkiin. Valitse valikosta haluamasi kuva. Huom: laatikoittain ostettuihin lasit\u00f6lkkeihin voit valita my\u00f6s kuviolliset kannet. 82 mm","og_url":"https:\/\/hunaja.fi\/tuote\/lasitolkin-kansi-kuviolla\/","og_site_name":"Hunajayhtym\u00e4 Oy","article_modified_time":"2025-09-17T06:21:34+00:00","og_image":[{"width":1024,"height":998,"url":"https:\/\/hunaja.fi\/wp-content\/uploads\/2023\/09\/ryhmakuva_kannet-3.jpg","type":"image\/jpeg"}],"twitter_card":"summary_large_image","twitter_misc":{"\u9884\u8ba1\u9605\u8bfb\u65f6\u95f4":"1 \u5206"},"schema":{"@context":"https:\/\/schema.org","@graph":[{"@type":"WebPage","@id":"https:\/\/hunaja.fi\/tuote\/lasitolkin-kansi-kuviolla\/","url":"https:\/\/hunaja.fi\/tuote\/lasitolkin-kansi-kuviolla\/","name":"Lasit\u00f6lkin kansi kuviolla - Hunajayhtym\u00e4 Oy","isPartOf":{"@id":"https:\/\/hunaja.fi\/#website"},"primaryImageOfPage":{"@id":"https:\/\/hunaja.fi\/tuote\/lasitolkin-kansi-kuviolla\/#primaryimage"},"image":{"@id":"https:\/\/hunaja.fi\/tuote\/lasitolkin-kansi-kuviolla\/#primaryimage"},"thumbnailUrl":"https:\/\/hunaja.fi\/wp-content\/uploads\/2023\/09\/ryhmakuva_kannet-3.jpg","datePublished":"2023-09-07T11:46:29+00:00","dateModified":"2025-09-17T06:21:34+00:00","description":"82 mm kansi lasit\u00f6lkkiin. Valitse valikosta haluamasi kuva. Huom: laatikoittain ostettuihin lasit\u00f6lkkeihin voit valita my\u00f6s kuviolliset kannet. 82 mm","breadcrumb":{"@id":"https:\/\/hunaja.fi\/tuote\/lasitolkin-kansi-kuviolla\/#breadcrumb"},"inLanguage":"zh-Hans","potentialAction":[{"@type":"ReadAction","target":["https:\/\/hunaja.fi\/tuote\/lasitolkin-kansi-kuviolla\/"]}]},{"@type":"ImageObject","inLanguage":"zh-Hans","@id":"https:\/\/hunaja.fi\/tuote\/lasitolkin-kansi-kuviolla\/#primaryimage","url":"https:\/\/hunaja.fi\/wp-content\/uploads\/2023\/09\/ryhmakuva_kannet-3.jpg","contentUrl":"https:\/\/hunaja.fi\/wp-content\/uploads\/2023\/09\/ryhmakuva_kannet-3.jpg","width":1024,"height":998},{"@type":"BreadcrumbList","@id":"https:\/\/hunaja.fi\/tuote\/lasitolkin-kansi-kuviolla\/#breadcrumb","itemListElement":[{"@type":"ListItem","position":1,"name":"Etusivu","item":"https:\/\/hunaja.fi\/"},{"@type":"ListItem","position":2,"name":"Tuotteet","item":"https:\/\/hunaja.fi\/kauppapaikka\/tuotteet\/"},{"@type":"ListItem","position":3,"name":"Pakkaustarvikkeet","item":"https:\/\/hunaja.fi\/tuote-osasto\/pakkaustarvikkeet\/"},{"@type":"ListItem","position":4,"name":"Lasit\u00f6lkit","item":"https:\/\/hunaja.fi\/tuote-osasto\/pakkaustarvikkeet\/lasitolkit\/"},{"@type":"ListItem","position":5,"name":"Lasit\u00f6lkin kansi kuviolla"}]},{"@type":"WebSite","@id":"https:\/\/hunaja.fi\/#website","url":"https:\/\/hunaja.fi\/","name":"Hunajayhtym\u00e4 Oy","description":"Nature Loves Finnish Floral Honey","publisher":{"@id":"https:\/\/hunaja.fi\/#organization"},"potentialAction":[{"@type":"SearchAction","target":{"@type":"EntryPoint","urlTemplate":"https:\/\/hunaja.fi\/?s={search_term_string}"},"query-input":{"@type":"PropertyValueSpecification","valueRequired":true,"valueName":"search_term_string"}}],"inLanguage":"zh-Hans"},{"@type":"Organization","@id":"https:\/\/hunaja.fi\/#organization","name":"Hunajayhtym\u00e4 Oy","url":"https:\/\/hunaja.fi\/","logo":{"@type":"ImageObject","inLanguage":"zh-Hans","@id":"https:\/\/hunaja.fi\/#\/schema\/logo\/image\/","url":"https:\/\/hunaja.fi\/wp-content\/uploads\/2021\/07\/Hunajayhtyma_Logo_VAAKA_slogan_cmyk-01.png","contentUrl":"https:\/\/hunaja.fi\/wp-content\/uploads\/2021\/07\/Hunajayhtyma_Logo_VAAKA_slogan_cmyk-01.png","width":656,"height":242,"caption":"Hunajayhtym\u00e4 Oy"},"image":{"@id":"https:\/\/hunaja.fi\/#\/schema\/logo\/image\/"}}]}},"_links":{"self":[{"href":"https:\/\/hunaja.fi\/zh-hans\/wp-json\/wp\/v2\/product\/43337","targetHints":{"allow":["GET"]}}],"collection":[{"href":"https:\/\/hunaja.fi\/zh-hans\/wp-json\/wp\/v2\/product"}],"about":[{"href":"https:\/\/hunaja.fi\/zh-hans\/wp-json\/wp\/v2\/types\/product"}],"wp:featuredmedia":[{"embeddable":true,"href":"https:\/\/hunaja.fi\/zh-hans\/wp-json\/wp\/v2\/media\/43754"}],"wp:attachment":[{"href":"https:\/\/hunaja.fi\/zh-hans\/wp-json\/wp\/v2\/media?parent=43337"}],"wp:term":[{"taxonomy":"product_brand","embeddable":true,"href":"https:\/\/hunaja.fi\/zh-hans\/wp-json\/wp\/v2\/product_brand?post=43337"},{"taxonomy":"product_cat","embeddable":true,"href":"https:\/\/hunaja.fi\/zh-hans\/wp-json\/wp\/v2\/product_cat?post=43337"},{"taxonomy":"product_tag","embeddable":true,"href":"https:\/\/hunaja.fi\/zh-hans\/wp-json\/wp\/v2\/product_tag?post=43337"}],"curies":[{"name":"wp","href":"https:\/\/api.w.org\/{rel}","templated":true}]}}