{"id":30917,"date":"2021-10-26T15:51:00","date_gmt":"2021-10-26T12:51:00","guid":{"rendered":"https:\/\/hunaja.fi\/?post_type=product&#038;p=30917"},"modified":"2026-04-01T09:12:47","modified_gmt":"2026-04-01T06:12:47","slug":"hunaja-nallekarkki-100g","status":"publish","type":"product","link":"https:\/\/hunaja.fi\/zh-hans\/tuote\/hunaja-nallekarkki-100g\/","title":{"rendered":"Hunaja nallekarkki 100g"},"content":{"rendered":"<p>Ainesosat:<\/p>\n<p>glukoosisiirappi, sokeri, liivate, hu- naja 5g\/100g, sitruunahappo, Vitamiinit: C- vitamiini, nikotiiniamidi, E-vitamiini asetaatti<\/p>\n<p>E-vitamiini asetaatti, kalsium D-pantotenaatti, B6-vitamiini, B1-vitamiini, biotiini, passiohedelm\u00e4aromi, hunaja-aromi, Paakkuuntumisen estoaineet: kasvi\u00f6ljy, kirsikkamehu, sitruunamehu, passiohedelm\u00e4mehu,<\/p>\n<p>Pintak\u00e4sittelyaineet:<\/p>\n<p>mehil\u00e4isvaha ja karnaubavaha.<\/p>\n<pre id=\"tw-target-text\" class=\"tw-data-text tw-text-large tw-ta\" dir=\"ltr\" role=\"text\" data-placeholder=\"K\u00e4\u00e4nn\u00f6s\" data-ved=\"2ahUKEwikyZHT-MuTAxX3U1UIHcyLAKIQ3ewLegQIDBAX\" aria-label=\"K\u00e4\u00e4nnetty teksti: Ravintosis\u00e4lt\u00f6 per 100 g:\r\n\r\nEnergia 1453 kJ \/ 342 kcal\r\nrasvaa 0 g\r\njosta tyydyttynytt\u00e4 rasvahappoa 0 g\r\nHiilihydraatteja 77 g\r\njosta sokereita 55 g\r\nproteiinia 6,9 g\r\nsuolaa 0,10 g\r\nE-vitamiinia 35 mg \u2248 292 % *\r\nB6-vitamiinia 1,8 mg \u2248 129 % *\r\nTiamiinia 1,5 mg \u2248 136 % *\r\nNiasiinia 17 mg \u2248 106 % *\r\nBiotiinia 400 \u00b5g \u2248 800 % *\r\n* = % vitamiinien p\u00e4ivitt\u00e4isen saannin vertailuarvosta\"><span class=\"Y2IQFc\" lang=\"fi\">Ravintosis\u00e4lt\u00f6 per 100 g:\r\n\r\nEnergia 1453 kJ \/ 342 kcal\r\nrasvaa 0 g\r\njosta tyydyttynytt\u00e4 rasvahappoa 0 g\r\nHiilihydraatteja 77 g\r\njosta sokereita 55 g\r\nproteiinia 6,9 g\r\nsuolaa 0,10 g\r\nE-vitamiinia 35 mg \u2248 292 % *\r\nB6-vitamiinia 1,8 mg \u2248 129 % *\r\nTiamiinia 1,5 mg \u2248 136 % *\r\nNiasiinia 17 mg \u2248 106 % *\r\nBiotiinia 400 \u00b5g \u2248 800 % *\r\n* = % vitamiinien p\u00e4ivitt\u00e4isen saannin vertailuarvosta<\/span><\/pre>\n<p>&nbsp;<\/p>\n","protected":false},"excerpt":{"rendered":"<p>Ainesosat: glukoosisiirappi, sokeri, liivate, hu- naja  [&hellip;]<\/p>\n","protected":false},"featured_media":30922,"template":"","meta":{"_acf_changed":false,"_improvement_type_select":"improve_an_existing","_thumb_yes_seoaic":false,"_frame_yes_seoaic":false,"seoaic_generate_description":"","seoaic_improve_instructions_prompt":"","seoaic_rollback_content_improvement":"","seoaic_idea_thumbnail_generator":"","thumbnail_generated":false,"thumbnail_generate_prompt":"","seoaic_article_description":"","site-sidebar-layout":"default","site-content-layout":"default","ast-site-content-layout":"default","site-content-style":"default","site-sidebar-style":"default","ast-global-header-display":"","ast-banner-title-visibility":"","ast-main-header-display":"","ast-hfb-above-header-display":"","ast-hfb-below-header-display":"","ast-hfb-mobile-header-display":"","site-post-title":"","ast-breadcrumbs-content":"","ast-featured-img":"","footer-sml-layout":"","ast-disable-related-posts":"","theme-transparent-header-meta":"default","adv-header-id-meta":"","stick-header-meta":"default","header-above-stick-meta":"","header-main-stick-meta":"","header-below-stick-meta":"","astra-migrate-meta-layouts":"set","ast-page-background-enabled":"default","ast-page-background-meta":{"desktop":{"background-color":"","background-image":"","background-repeat":"repeat","background-position":"center center","background-size":"auto","background-attachment":"scroll","background-type":"","background-media":"","overlay-type":"","overlay-color":"","overlay-opacity":"","overlay-gradient":""},"tablet":{"background-color":"","background-image":"","background-repeat":"repeat","background-position":"center center","background-size":"auto","background-attachment":"scroll","background-type":"","background-media":"","overlay-type":"","overlay-color":"","overlay-opacity":"","overlay-gradient":""},"mobile":{"background-color":"","background-image":"","background-repeat":"repeat","background-position":"center center","background-size":"auto","background-attachment":"scroll","background-type":"","background-media":"","overlay-type":"","overlay-color":"","overlay-opacity":"","overlay-gradient":""}},"ast-content-background-meta":{"desktop":{"background-color":"var(--ast-global-color-5)","background-image":"","background-repeat":"repeat","background-position":"center center","background-size":"auto","background-attachment":"scroll","background-type":"","background-media":"","overlay-type":"","overlay-color":"","overlay-opacity":"","overlay-gradient":""},"tablet":{"background-color":"var(--ast-global-color-5)","background-image":"","background-repeat":"repeat","background-position":"center center","background-size":"auto","background-attachment":"scroll","background-type":"","background-media":"","overlay-type":"","overlay-color":"","overlay-opacity":"","overlay-gradient":""},"mobile":{"background-color":"var(--ast-global-color-5)","background-image":"","background-repeat":"repeat","background-position":"center center","background-size":"auto","background-attachment":"scroll","background-type":"","background-media":"","overlay-type":"","overlay-color":"","overlay-opacity":"","overlay-gradient":""}}},"product_brand":[],"product_cat":[1705],"product_tag":[],"class_list":{"0":"post-30917","1":"product","2":"type-product","3":"status-publish","4":"has-post-thumbnail","6":"product_cat-makeiset","7":"desktop-align-center","8":"tablet-align-center","9":"mobile-align-center","10":"ast-product-gallery-layout-horizontal","11":"ast-product-gallery-with-no-image","12":"ast-magnify-disabled","13":"ast-product-tabs-layout-horizontal","15":"first","16":"instock","17":"shipping-taxable","18":"purchasable","19":"product-type-simple"},"acf":[],"yoast_head":"<!-- This site is optimized with the Yoast SEO plugin v26.7 - https:\/\/yoast.com\/wordpress\/plugins\/seo\/ -->\n<title>Hunaja nallekarkki 100g - Hunajayhtym\u00e4 Oy<\/title>\n<meta name=\"description\" content=\"Ainesosat: glukoosisiirappi, sokeri, liivate, hu- naja 5g\/100g, sitruunahappo, Vitamiinit: C- vitamiini, nikotiiniamidi, E-vitamiini asetaatti E-vitamiini\" \/>\n<meta name=\"robots\" content=\"index, follow, max-snippet:-1, max-image-preview:large, max-video-preview:-1\" \/>\n<link rel=\"canonical\" href=\"https:\/\/hunaja.fi\/tuote\/hunaja-nallekarkki-100g\/\" \/>\n<meta property=\"og:locale\" content=\"zh_CN\" \/>\n<meta property=\"og:type\" content=\"article\" \/>\n<meta property=\"og:title\" content=\"Hunaja nallekarkki 100g - Hunajayhtym\u00e4 Oy\" \/>\n<meta property=\"og:description\" content=\"Ainesosat: glukoosisiirappi, sokeri, liivate, hu- naja 5g\/100g, sitruunahappo, Vitamiinit: C- vitamiini, nikotiiniamidi, E-vitamiini asetaatti E-vitamiini\" \/>\n<meta property=\"og:url\" content=\"https:\/\/hunaja.fi\/tuote\/hunaja-nallekarkki-100g\/\" \/>\n<meta property=\"og:site_name\" content=\"Hunajayhtym\u00e4 Oy\" \/>\n<meta property=\"article:modified_time\" content=\"2026-04-01T06:12:47+00:00\" \/>\n<meta property=\"og:image\" content=\"https:\/\/hunaja.fi\/wp-content\/uploads\/2021\/10\/nallekarkki.jpg\" \/>\n\t<meta property=\"og:image:width\" content=\"500\" \/>\n\t<meta property=\"og:image:height\" content=\"500\" \/>\n\t<meta property=\"og:image:type\" content=\"image\/jpeg\" \/>\n<meta name=\"twitter:card\" content=\"summary_large_image\" \/>\n<meta name=\"twitter:label1\" content=\"\u9884\u8ba1\u9605\u8bfb\u65f6\u95f4\" \/>\n\t<meta name=\"twitter:data1\" content=\"1 \u5206\" \/>\n<script type=\"application\/ld+json\" class=\"yoast-schema-graph\">{\"@context\":\"https:\/\/schema.org\",\"@graph\":[{\"@type\":\"WebPage\",\"@id\":\"https:\/\/hunaja.fi\/tuote\/hunaja-nallekarkki-100g\/\",\"url\":\"https:\/\/hunaja.fi\/tuote\/hunaja-nallekarkki-100g\/\",\"name\":\"Hunaja nallekarkki 100g - Hunajayhtym\u00e4 Oy\",\"isPartOf\":{\"@id\":\"https:\/\/hunaja.fi\/#website\"},\"primaryImageOfPage\":{\"@id\":\"https:\/\/hunaja.fi\/tuote\/hunaja-nallekarkki-100g\/#primaryimage\"},\"image\":{\"@id\":\"https:\/\/hunaja.fi\/tuote\/hunaja-nallekarkki-100g\/#primaryimage\"},\"thumbnailUrl\":\"https:\/\/hunaja.fi\/wp-content\/uploads\/2021\/10\/nallekarkki.jpg\",\"datePublished\":\"2021-10-26T12:51:00+00:00\",\"dateModified\":\"2026-04-01T06:12:47+00:00\",\"description\":\"Ainesosat: glukoosisiirappi, sokeri, liivate, hu- naja 5g\/100g, sitruunahappo, Vitamiinit: C- vitamiini, nikotiiniamidi, E-vitamiini asetaatti E-vitamiini\",\"breadcrumb\":{\"@id\":\"https:\/\/hunaja.fi\/tuote\/hunaja-nallekarkki-100g\/#breadcrumb\"},\"inLanguage\":\"zh-Hans\",\"potentialAction\":[{\"@type\":\"ReadAction\",\"target\":[\"https:\/\/hunaja.fi\/tuote\/hunaja-nallekarkki-100g\/\"]}]},{\"@type\":\"ImageObject\",\"inLanguage\":\"zh-Hans\",\"@id\":\"https:\/\/hunaja.fi\/tuote\/hunaja-nallekarkki-100g\/#primaryimage\",\"url\":\"https:\/\/hunaja.fi\/wp-content\/uploads\/2021\/10\/nallekarkki.jpg\",\"contentUrl\":\"https:\/\/hunaja.fi\/wp-content\/uploads\/2021\/10\/nallekarkki.jpg\",\"width\":500,\"height\":500},{\"@type\":\"BreadcrumbList\",\"@id\":\"https:\/\/hunaja.fi\/tuote\/hunaja-nallekarkki-100g\/#breadcrumb\",\"itemListElement\":[{\"@type\":\"ListItem\",\"position\":1,\"name\":\"Etusivu\",\"item\":\"https:\/\/hunaja.fi\/\"},{\"@type\":\"ListItem\",\"position\":2,\"name\":\"Tuotteet\",\"item\":\"https:\/\/hunaja.fi\/kauppapaikka\/tuotteet\/\"},{\"@type\":\"ListItem\",\"position\":3,\"name\":\"Makeiset\",\"item\":\"https:\/\/hunaja.fi\/tuote-osasto\/makeiset\/\"},{\"@type\":\"ListItem\",\"position\":4,\"name\":\"Hunaja nallekarkki 100g\"}]},{\"@type\":\"WebSite\",\"@id\":\"https:\/\/hunaja.fi\/#website\",\"url\":\"https:\/\/hunaja.fi\/\",\"name\":\"Hunajayhtym\u00e4 Oy\",\"description\":\"Nature Loves Finnish Floral Honey\",\"publisher\":{\"@id\":\"https:\/\/hunaja.fi\/#organization\"},\"potentialAction\":[{\"@type\":\"SearchAction\",\"target\":{\"@type\":\"EntryPoint\",\"urlTemplate\":\"https:\/\/hunaja.fi\/?s={search_term_string}\"},\"query-input\":{\"@type\":\"PropertyValueSpecification\",\"valueRequired\":true,\"valueName\":\"search_term_string\"}}],\"inLanguage\":\"zh-Hans\"},{\"@type\":\"Organization\",\"@id\":\"https:\/\/hunaja.fi\/#organization\",\"name\":\"Hunajayhtym\u00e4 Oy\",\"url\":\"https:\/\/hunaja.fi\/\",\"logo\":{\"@type\":\"ImageObject\",\"inLanguage\":\"zh-Hans\",\"@id\":\"https:\/\/hunaja.fi\/#\/schema\/logo\/image\/\",\"url\":\"https:\/\/hunaja.fi\/wp-content\/uploads\/2021\/07\/Hunajayhtyma_Logo_VAAKA_slogan_cmyk-01.png\",\"contentUrl\":\"https:\/\/hunaja.fi\/wp-content\/uploads\/2021\/07\/Hunajayhtyma_Logo_VAAKA_slogan_cmyk-01.png\",\"width\":656,\"height\":242,\"caption\":\"Hunajayhtym\u00e4 Oy\"},\"image\":{\"@id\":\"https:\/\/hunaja.fi\/#\/schema\/logo\/image\/\"}}]}<\/script>\n<!-- \/ Yoast SEO plugin. -->","yoast_head_json":{"title":"Hunaja nallekarkki 100g - Hunajayhtym\u00e4 Oy","description":"Ainesosat: glukoosisiirappi, sokeri, liivate, hu- naja 5g\/100g, sitruunahappo, Vitamiinit: C- vitamiini, nikotiiniamidi, E-vitamiini asetaatti E-vitamiini","robots":{"index":"index","follow":"follow","max-snippet":"max-snippet:-1","max-image-preview":"max-image-preview:large","max-video-preview":"max-video-preview:-1"},"canonical":"https:\/\/hunaja.fi\/tuote\/hunaja-nallekarkki-100g\/","og_locale":"zh_CN","og_type":"article","og_title":"Hunaja nallekarkki 100g - Hunajayhtym\u00e4 Oy","og_description":"Ainesosat: glukoosisiirappi, sokeri, liivate, hu- naja 5g\/100g, sitruunahappo, Vitamiinit: C- vitamiini, nikotiiniamidi, E-vitamiini asetaatti E-vitamiini","og_url":"https:\/\/hunaja.fi\/tuote\/hunaja-nallekarkki-100g\/","og_site_name":"Hunajayhtym\u00e4 Oy","article_modified_time":"2026-04-01T06:12:47+00:00","og_image":[{"width":500,"height":500,"url":"https:\/\/hunaja.fi\/wp-content\/uploads\/2021\/10\/nallekarkki.jpg","type":"image\/jpeg"}],"twitter_card":"summary_large_image","twitter_misc":{"\u9884\u8ba1\u9605\u8bfb\u65f6\u95f4":"1 \u5206"},"schema":{"@context":"https:\/\/schema.org","@graph":[{"@type":"WebPage","@id":"https:\/\/hunaja.fi\/tuote\/hunaja-nallekarkki-100g\/","url":"https:\/\/hunaja.fi\/tuote\/hunaja-nallekarkki-100g\/","name":"Hunaja nallekarkki 100g - Hunajayhtym\u00e4 Oy","isPartOf":{"@id":"https:\/\/hunaja.fi\/#website"},"primaryImageOfPage":{"@id":"https:\/\/hunaja.fi\/tuote\/hunaja-nallekarkki-100g\/#primaryimage"},"image":{"@id":"https:\/\/hunaja.fi\/tuote\/hunaja-nallekarkki-100g\/#primaryimage"},"thumbnailUrl":"https:\/\/hunaja.fi\/wp-content\/uploads\/2021\/10\/nallekarkki.jpg","datePublished":"2021-10-26T12:51:00+00:00","dateModified":"2026-04-01T06:12:47+00:00","description":"Ainesosat: glukoosisiirappi, sokeri, liivate, hu- naja 5g\/100g, sitruunahappo, Vitamiinit: C- vitamiini, nikotiiniamidi, E-vitamiini asetaatti E-vitamiini","breadcrumb":{"@id":"https:\/\/hunaja.fi\/tuote\/hunaja-nallekarkki-100g\/#breadcrumb"},"inLanguage":"zh-Hans","potentialAction":[{"@type":"ReadAction","target":["https:\/\/hunaja.fi\/tuote\/hunaja-nallekarkki-100g\/"]}]},{"@type":"ImageObject","inLanguage":"zh-Hans","@id":"https:\/\/hunaja.fi\/tuote\/hunaja-nallekarkki-100g\/#primaryimage","url":"https:\/\/hunaja.fi\/wp-content\/uploads\/2021\/10\/nallekarkki.jpg","contentUrl":"https:\/\/hunaja.fi\/wp-content\/uploads\/2021\/10\/nallekarkki.jpg","width":500,"height":500},{"@type":"BreadcrumbList","@id":"https:\/\/hunaja.fi\/tuote\/hunaja-nallekarkki-100g\/#breadcrumb","itemListElement":[{"@type":"ListItem","position":1,"name":"Etusivu","item":"https:\/\/hunaja.fi\/"},{"@type":"ListItem","position":2,"name":"Tuotteet","item":"https:\/\/hunaja.fi\/kauppapaikka\/tuotteet\/"},{"@type":"ListItem","position":3,"name":"Makeiset","item":"https:\/\/hunaja.fi\/tuote-osasto\/makeiset\/"},{"@type":"ListItem","position":4,"name":"Hunaja nallekarkki 100g"}]},{"@type":"WebSite","@id":"https:\/\/hunaja.fi\/#website","url":"https:\/\/hunaja.fi\/","name":"Hunajayhtym\u00e4 Oy","description":"Nature Loves Finnish Floral Honey","publisher":{"@id":"https:\/\/hunaja.fi\/#organization"},"potentialAction":[{"@type":"SearchAction","target":{"@type":"EntryPoint","urlTemplate":"https:\/\/hunaja.fi\/?s={search_term_string}"},"query-input":{"@type":"PropertyValueSpecification","valueRequired":true,"valueName":"search_term_string"}}],"inLanguage":"zh-Hans"},{"@type":"Organization","@id":"https:\/\/hunaja.fi\/#organization","name":"Hunajayhtym\u00e4 Oy","url":"https:\/\/hunaja.fi\/","logo":{"@type":"ImageObject","inLanguage":"zh-Hans","@id":"https:\/\/hunaja.fi\/#\/schema\/logo\/image\/","url":"https:\/\/hunaja.fi\/wp-content\/uploads\/2021\/07\/Hunajayhtyma_Logo_VAAKA_slogan_cmyk-01.png","contentUrl":"https:\/\/hunaja.fi\/wp-content\/uploads\/2021\/07\/Hunajayhtyma_Logo_VAAKA_slogan_cmyk-01.png","width":656,"height":242,"caption":"Hunajayhtym\u00e4 Oy"},"image":{"@id":"https:\/\/hunaja.fi\/#\/schema\/logo\/image\/"}}]}},"_links":{"self":[{"href":"https:\/\/hunaja.fi\/zh-hans\/wp-json\/wp\/v2\/product\/30917","targetHints":{"allow":["GET"]}}],"collection":[{"href":"https:\/\/hunaja.fi\/zh-hans\/wp-json\/wp\/v2\/product"}],"about":[{"href":"https:\/\/hunaja.fi\/zh-hans\/wp-json\/wp\/v2\/types\/product"}],"wp:featuredmedia":[{"embeddable":true,"href":"https:\/\/hunaja.fi\/zh-hans\/wp-json\/wp\/v2\/media\/30922"}],"wp:attachment":[{"href":"https:\/\/hunaja.fi\/zh-hans\/wp-json\/wp\/v2\/media?parent=30917"}],"wp:term":[{"taxonomy":"product_brand","embeddable":true,"href":"https:\/\/hunaja.fi\/zh-hans\/wp-json\/wp\/v2\/product_brand?post=30917"},{"taxonomy":"product_cat","embeddable":true,"href":"https:\/\/hunaja.fi\/zh-hans\/wp-json\/wp\/v2\/product_cat?post=30917"},{"taxonomy":"product_tag","embeddable":true,"href":"https:\/\/hunaja.fi\/zh-hans\/wp-json\/wp\/v2\/product_tag?post=30917"}],"curies":[{"name":"wp","href":"https:\/\/api.w.org\/{rel}","templated":true}]}}