{"id":30473,"date":"2021-09-27T13:27:48","date_gmt":"2021-09-27T10:27:48","guid":{"rendered":"https:\/\/hunaja.fi\/?post_type=product&#038;p=30473"},"modified":"2023-01-10T12:00:24","modified_gmt":"2023-01-10T10:00:24","slug":"hunajayhtyman-duunari-pipo","status":"publish","type":"product","link":"https:\/\/hunaja.fi\/zh-hans\/tuote\/hunajayhtyman-duunari-pipo\/","title":{"rendered":"Hunajayhtym\u00e4n Duunari -pipo"},"content":{"rendered":"<p><strong>Hunajayhtym\u00e4n Duunari -pipo<\/strong><\/p>\n<p>RECYCLED TAITETTAVA PIPO<\/p>\n<p>Vastuullisesti kierr\u00e4tysmateriaalista valmistettu pirtsakka pipo viileisiin s\u00e4ihin. T\u00e4ll\u00e4 istuvalla ja tyylikk\u00e4\u00e4ll\u00e4 pipolla kerrot kaikille olevasi se mehil\u00e4ispes\u00e4n t\u00e4rkein osakas eli ty\u00f6l\u00e4ismehil\u00e4inen. Ty\u00f6l\u00e4isen ansiota ovat paitsi herkullinen hunaja, mutta my\u00f6s koko mehil\u00e4isyhdyskunnan toiminta. Duunareiden ansiosta p\u00f6rri\u00e4isten p\u00f6lytysvaikutus on niin suuri kuin se on ja siksip\u00e4 duunarimehil\u00e4inen on erityisen paljon Aidon hyv\u00e4n asialla.<\/p>\n<p>&nbsp;<\/p>\n<p>T\u00e4m\u00e4 pipo sopii paitsi itsellesi my\u00f6s oivallisesti lahjaksi kaverille tai l\u00e4heiselle, joka on ansainnut ahkeruudesta kuuluisan duunarin tittelin.<\/p>\n<p>&nbsp;<\/p>\n<ul>\n<li>100 % kierr\u00e4tetty\u00e4 polyesteri\u00e4<\/li>\n<li>Kaksinkertainen kudonta<\/li>\n<li>Voidaan k\u00e4ytt\u00e4\u00e4 pitk\u00e4n\u00e4 tai taitettuna<\/li>\n<li>Irrotettava tuotelappu<\/li>\n<\/ul>\n<p>Muut Hunajayhtym\u00e4n Aidon hyv\u00e4n tekij\u00e4 \u2013 tuoteperheen tuotteet l\u00f6yd\u00e4t hakusanalla verkkokaupastamme.<\/p>\n","protected":false},"excerpt":{"rendered":"<p>Hunajayhtym\u00e4n Duunari -pipo RECYCLED TAITETTAVA PIPO Va [&hellip;]<\/p>\n","protected":false},"featured_media":30449,"template":"","meta":{"_acf_changed":false,"_improvement_type_select":"improve_an_existing","_thumb_yes_seoaic":false,"_frame_yes_seoaic":false,"seoaic_generate_description":"","seoaic_improve_instructions_prompt":"","seoaic_rollback_content_improvement":"","seoaic_idea_thumbnail_generator":"","thumbnail_generated":false,"thumbnail_generate_prompt":"","seoaic_article_description":"","site-sidebar-layout":"default","site-content-layout":"default","ast-site-content-layout":"default","site-content-style":"default","site-sidebar-style":"default","ast-global-header-display":"","ast-banner-title-visibility":"","ast-main-header-display":"","ast-hfb-above-header-display":"","ast-hfb-below-header-display":"","ast-hfb-mobile-header-display":"","site-post-title":"","ast-breadcrumbs-content":"","ast-featured-img":"","footer-sml-layout":"","ast-disable-related-posts":"","theme-transparent-header-meta":"default","adv-header-id-meta":"","stick-header-meta":"default","header-above-stick-meta":"","header-main-stick-meta":"","header-below-stick-meta":"","astra-migrate-meta-layouts":"default","ast-page-background-enabled":"default","ast-page-background-meta":{"desktop":{"background-color":"","background-image":"","background-repeat":"repeat","background-position":"center center","background-size":"auto","background-attachment":"scroll","background-type":"","background-media":"","overlay-type":"","overlay-color":"","overlay-opacity":"","overlay-gradient":""},"tablet":{"background-color":"","background-image":"","background-repeat":"repeat","background-position":"center center","background-size":"auto","background-attachment":"scroll","background-type":"","background-media":"","overlay-type":"","overlay-color":"","overlay-opacity":"","overlay-gradient":""},"mobile":{"background-color":"","background-image":"","background-repeat":"repeat","background-position":"center center","background-size":"auto","background-attachment":"scroll","background-type":"","background-media":"","overlay-type":"","overlay-color":"","overlay-opacity":"","overlay-gradient":""}},"ast-content-background-meta":{"desktop":{"background-color":"var(--ast-global-color-5)","background-image":"","background-repeat":"repeat","background-position":"center center","background-size":"auto","background-attachment":"scroll","background-type":"","background-media":"","overlay-type":"","overlay-color":"","overlay-opacity":"","overlay-gradient":""},"tablet":{"background-color":"var(--ast-global-color-5)","background-image":"","background-repeat":"repeat","background-position":"center center","background-size":"auto","background-attachment":"scroll","background-type":"","background-media":"","overlay-type":"","overlay-color":"","overlay-opacity":"","overlay-gradient":""},"mobile":{"background-color":"var(--ast-global-color-5)","background-image":"","background-repeat":"repeat","background-position":"center center","background-size":"auto","background-attachment":"scroll","background-type":"","background-media":"","overlay-type":"","overlay-color":"","overlay-opacity":"","overlay-gradient":""}}},"product_brand":[],"product_cat":[2052,565],"product_tag":[],"class_list":{"0":"post-30473","1":"product","2":"type-product","3":"status-publish","4":"has-post-thumbnail","6":"product_cat-aidon_hyvan_tekija","7":"product_cat-mainosmateriaali","8":"desktop-align-center","9":"tablet-align-center","10":"mobile-align-center","11":"ast-product-gallery-layout-horizontal","12":"ast-magnify-disabled","13":"ast-product-tabs-layout-horizontal","15":"first","16":"instock","17":"shipping-taxable","18":"purchasable","19":"product-type-simple"},"acf":[],"yoast_head":"<!-- This site is optimized with the Yoast SEO plugin v26.7 - https:\/\/yoast.com\/wordpress\/plugins\/seo\/ -->\n<title>Hunajayhtym\u00e4n Duunari -pipo - Hunajayhtym\u00e4 Oy<\/title>\n<meta name=\"description\" content=\"Hunajayhtym\u00e4n Duunari -pipo RECYCLED TAITETTAVA PIPO Vastuullisesti kierr\u00e4tysmateriaalista valmistettu pirtsakka pipo viileisiin s\u00e4ihin. T\u00e4ll\u00e4 istuvalla\" \/>\n<meta name=\"robots\" content=\"index, follow, max-snippet:-1, max-image-preview:large, max-video-preview:-1\" \/>\n<link rel=\"canonical\" href=\"https:\/\/hunaja.fi\/tuote\/hunajayhtyman-duunari-pipo\/\" \/>\n<meta property=\"og:locale\" content=\"zh_CN\" \/>\n<meta property=\"og:type\" content=\"article\" \/>\n<meta property=\"og:title\" content=\"Hunajayhtym\u00e4n Duunari -pipo - Hunajayhtym\u00e4 Oy\" \/>\n<meta property=\"og:description\" content=\"Hunajayhtym\u00e4n Duunari -pipo RECYCLED TAITETTAVA PIPO Vastuullisesti kierr\u00e4tysmateriaalista valmistettu pirtsakka pipo viileisiin s\u00e4ihin. T\u00e4ll\u00e4 istuvalla\" \/>\n<meta property=\"og:url\" content=\"https:\/\/hunaja.fi\/tuote\/hunajayhtyman-duunari-pipo\/\" \/>\n<meta property=\"og:site_name\" content=\"Hunajayhtym\u00e4 Oy\" \/>\n<meta property=\"article:modified_time\" content=\"2023-01-10T10:00:24+00:00\" \/>\n<meta property=\"og:image\" content=\"https:\/\/hunaja.fi\/wp-content\/uploads\/2021\/09\/duunaripipo.jpg\" \/>\n\t<meta property=\"og:image:width\" content=\"1512\" \/>\n\t<meta property=\"og:image:height\" content=\"2016\" \/>\n\t<meta property=\"og:image:type\" content=\"image\/jpeg\" \/>\n<meta name=\"twitter:card\" content=\"summary_large_image\" \/>\n<meta name=\"twitter:label1\" content=\"\u9884\u8ba1\u9605\u8bfb\u65f6\u95f4\" \/>\n\t<meta name=\"twitter:data1\" content=\"1 \u5206\" \/>\n<script type=\"application\/ld+json\" class=\"yoast-schema-graph\">{\"@context\":\"https:\/\/schema.org\",\"@graph\":[{\"@type\":\"WebPage\",\"@id\":\"https:\/\/hunaja.fi\/tuote\/hunajayhtyman-duunari-pipo\/\",\"url\":\"https:\/\/hunaja.fi\/tuote\/hunajayhtyman-duunari-pipo\/\",\"name\":\"Hunajayhtym\u00e4n Duunari -pipo - Hunajayhtym\u00e4 Oy\",\"isPartOf\":{\"@id\":\"https:\/\/hunaja.fi\/#website\"},\"primaryImageOfPage\":{\"@id\":\"https:\/\/hunaja.fi\/tuote\/hunajayhtyman-duunari-pipo\/#primaryimage\"},\"image\":{\"@id\":\"https:\/\/hunaja.fi\/tuote\/hunajayhtyman-duunari-pipo\/#primaryimage\"},\"thumbnailUrl\":\"https:\/\/hunaja.fi\/wp-content\/uploads\/2021\/09\/duunaripipo.jpg\",\"datePublished\":\"2021-09-27T10:27:48+00:00\",\"dateModified\":\"2023-01-10T10:00:24+00:00\",\"description\":\"Hunajayhtym\u00e4n Duunari -pipo RECYCLED TAITETTAVA PIPO Vastuullisesti kierr\u00e4tysmateriaalista valmistettu pirtsakka pipo viileisiin s\u00e4ihin. T\u00e4ll\u00e4 istuvalla\",\"breadcrumb\":{\"@id\":\"https:\/\/hunaja.fi\/tuote\/hunajayhtyman-duunari-pipo\/#breadcrumb\"},\"inLanguage\":\"zh-Hans\",\"potentialAction\":[{\"@type\":\"ReadAction\",\"target\":[\"https:\/\/hunaja.fi\/tuote\/hunajayhtyman-duunari-pipo\/\"]}]},{\"@type\":\"ImageObject\",\"inLanguage\":\"zh-Hans\",\"@id\":\"https:\/\/hunaja.fi\/tuote\/hunajayhtyman-duunari-pipo\/#primaryimage\",\"url\":\"https:\/\/hunaja.fi\/wp-content\/uploads\/2021\/09\/duunaripipo.jpg\",\"contentUrl\":\"https:\/\/hunaja.fi\/wp-content\/uploads\/2021\/09\/duunaripipo.jpg\",\"width\":1512,\"height\":2016},{\"@type\":\"BreadcrumbList\",\"@id\":\"https:\/\/hunaja.fi\/tuote\/hunajayhtyman-duunari-pipo\/#breadcrumb\",\"itemListElement\":[{\"@type\":\"ListItem\",\"position\":1,\"name\":\"Etusivu\",\"item\":\"https:\/\/hunaja.fi\/\"},{\"@type\":\"ListItem\",\"position\":2,\"name\":\"Tuotteet\",\"item\":\"https:\/\/hunaja.fi\/kauppapaikka\/tuotteet\/\"},{\"@type\":\"ListItem\",\"position\":3,\"name\":\"Mainosmateriaali\",\"item\":\"https:\/\/hunaja.fi\/tuote-osasto\/mainosmateriaali\/\"},{\"@type\":\"ListItem\",\"position\":4,\"name\":\"Hunajayhtym\u00e4n Duunari -pipo\"}]},{\"@type\":\"WebSite\",\"@id\":\"https:\/\/hunaja.fi\/#website\",\"url\":\"https:\/\/hunaja.fi\/\",\"name\":\"Hunajayhtym\u00e4 Oy\",\"description\":\"Nature Loves Finnish Floral Honey\",\"publisher\":{\"@id\":\"https:\/\/hunaja.fi\/#organization\"},\"potentialAction\":[{\"@type\":\"SearchAction\",\"target\":{\"@type\":\"EntryPoint\",\"urlTemplate\":\"https:\/\/hunaja.fi\/?s={search_term_string}\"},\"query-input\":{\"@type\":\"PropertyValueSpecification\",\"valueRequired\":true,\"valueName\":\"search_term_string\"}}],\"inLanguage\":\"zh-Hans\"},{\"@type\":\"Organization\",\"@id\":\"https:\/\/hunaja.fi\/#organization\",\"name\":\"Hunajayhtym\u00e4 Oy\",\"url\":\"https:\/\/hunaja.fi\/\",\"logo\":{\"@type\":\"ImageObject\",\"inLanguage\":\"zh-Hans\",\"@id\":\"https:\/\/hunaja.fi\/#\/schema\/logo\/image\/\",\"url\":\"https:\/\/hunaja.fi\/wp-content\/uploads\/2021\/07\/Hunajayhtyma_Logo_VAAKA_slogan_cmyk-01.png\",\"contentUrl\":\"https:\/\/hunaja.fi\/wp-content\/uploads\/2021\/07\/Hunajayhtyma_Logo_VAAKA_slogan_cmyk-01.png\",\"width\":656,\"height\":242,\"caption\":\"Hunajayhtym\u00e4 Oy\"},\"image\":{\"@id\":\"https:\/\/hunaja.fi\/#\/schema\/logo\/image\/\"}}]}<\/script>\n<!-- \/ Yoast SEO plugin. -->","yoast_head_json":{"title":"Hunajayhtym\u00e4n Duunari -pipo - Hunajayhtym\u00e4 Oy","description":"Hunajayhtym\u00e4n Duunari -pipo RECYCLED TAITETTAVA PIPO Vastuullisesti kierr\u00e4tysmateriaalista valmistettu pirtsakka pipo viileisiin s\u00e4ihin. T\u00e4ll\u00e4 istuvalla","robots":{"index":"index","follow":"follow","max-snippet":"max-snippet:-1","max-image-preview":"max-image-preview:large","max-video-preview":"max-video-preview:-1"},"canonical":"https:\/\/hunaja.fi\/tuote\/hunajayhtyman-duunari-pipo\/","og_locale":"zh_CN","og_type":"article","og_title":"Hunajayhtym\u00e4n Duunari -pipo - Hunajayhtym\u00e4 Oy","og_description":"Hunajayhtym\u00e4n Duunari -pipo RECYCLED TAITETTAVA PIPO Vastuullisesti kierr\u00e4tysmateriaalista valmistettu pirtsakka pipo viileisiin s\u00e4ihin. T\u00e4ll\u00e4 istuvalla","og_url":"https:\/\/hunaja.fi\/tuote\/hunajayhtyman-duunari-pipo\/","og_site_name":"Hunajayhtym\u00e4 Oy","article_modified_time":"2023-01-10T10:00:24+00:00","og_image":[{"width":1512,"height":2016,"url":"https:\/\/hunaja.fi\/wp-content\/uploads\/2021\/09\/duunaripipo.jpg","type":"image\/jpeg"}],"twitter_card":"summary_large_image","twitter_misc":{"\u9884\u8ba1\u9605\u8bfb\u65f6\u95f4":"1 \u5206"},"schema":{"@context":"https:\/\/schema.org","@graph":[{"@type":"WebPage","@id":"https:\/\/hunaja.fi\/tuote\/hunajayhtyman-duunari-pipo\/","url":"https:\/\/hunaja.fi\/tuote\/hunajayhtyman-duunari-pipo\/","name":"Hunajayhtym\u00e4n Duunari -pipo - Hunajayhtym\u00e4 Oy","isPartOf":{"@id":"https:\/\/hunaja.fi\/#website"},"primaryImageOfPage":{"@id":"https:\/\/hunaja.fi\/tuote\/hunajayhtyman-duunari-pipo\/#primaryimage"},"image":{"@id":"https:\/\/hunaja.fi\/tuote\/hunajayhtyman-duunari-pipo\/#primaryimage"},"thumbnailUrl":"https:\/\/hunaja.fi\/wp-content\/uploads\/2021\/09\/duunaripipo.jpg","datePublished":"2021-09-27T10:27:48+00:00","dateModified":"2023-01-10T10:00:24+00:00","description":"Hunajayhtym\u00e4n Duunari -pipo RECYCLED TAITETTAVA PIPO Vastuullisesti kierr\u00e4tysmateriaalista valmistettu pirtsakka pipo viileisiin s\u00e4ihin. T\u00e4ll\u00e4 istuvalla","breadcrumb":{"@id":"https:\/\/hunaja.fi\/tuote\/hunajayhtyman-duunari-pipo\/#breadcrumb"},"inLanguage":"zh-Hans","potentialAction":[{"@type":"ReadAction","target":["https:\/\/hunaja.fi\/tuote\/hunajayhtyman-duunari-pipo\/"]}]},{"@type":"ImageObject","inLanguage":"zh-Hans","@id":"https:\/\/hunaja.fi\/tuote\/hunajayhtyman-duunari-pipo\/#primaryimage","url":"https:\/\/hunaja.fi\/wp-content\/uploads\/2021\/09\/duunaripipo.jpg","contentUrl":"https:\/\/hunaja.fi\/wp-content\/uploads\/2021\/09\/duunaripipo.jpg","width":1512,"height":2016},{"@type":"BreadcrumbList","@id":"https:\/\/hunaja.fi\/tuote\/hunajayhtyman-duunari-pipo\/#breadcrumb","itemListElement":[{"@type":"ListItem","position":1,"name":"Etusivu","item":"https:\/\/hunaja.fi\/"},{"@type":"ListItem","position":2,"name":"Tuotteet","item":"https:\/\/hunaja.fi\/kauppapaikka\/tuotteet\/"},{"@type":"ListItem","position":3,"name":"Mainosmateriaali","item":"https:\/\/hunaja.fi\/tuote-osasto\/mainosmateriaali\/"},{"@type":"ListItem","position":4,"name":"Hunajayhtym\u00e4n Duunari -pipo"}]},{"@type":"WebSite","@id":"https:\/\/hunaja.fi\/#website","url":"https:\/\/hunaja.fi\/","name":"Hunajayhtym\u00e4 Oy","description":"Nature Loves Finnish Floral Honey","publisher":{"@id":"https:\/\/hunaja.fi\/#organization"},"potentialAction":[{"@type":"SearchAction","target":{"@type":"EntryPoint","urlTemplate":"https:\/\/hunaja.fi\/?s={search_term_string}"},"query-input":{"@type":"PropertyValueSpecification","valueRequired":true,"valueName":"search_term_string"}}],"inLanguage":"zh-Hans"},{"@type":"Organization","@id":"https:\/\/hunaja.fi\/#organization","name":"Hunajayhtym\u00e4 Oy","url":"https:\/\/hunaja.fi\/","logo":{"@type":"ImageObject","inLanguage":"zh-Hans","@id":"https:\/\/hunaja.fi\/#\/schema\/logo\/image\/","url":"https:\/\/hunaja.fi\/wp-content\/uploads\/2021\/07\/Hunajayhtyma_Logo_VAAKA_slogan_cmyk-01.png","contentUrl":"https:\/\/hunaja.fi\/wp-content\/uploads\/2021\/07\/Hunajayhtyma_Logo_VAAKA_slogan_cmyk-01.png","width":656,"height":242,"caption":"Hunajayhtym\u00e4 Oy"},"image":{"@id":"https:\/\/hunaja.fi\/#\/schema\/logo\/image\/"}}]}},"_links":{"self":[{"href":"https:\/\/hunaja.fi\/zh-hans\/wp-json\/wp\/v2\/product\/30473","targetHints":{"allow":["GET"]}}],"collection":[{"href":"https:\/\/hunaja.fi\/zh-hans\/wp-json\/wp\/v2\/product"}],"about":[{"href":"https:\/\/hunaja.fi\/zh-hans\/wp-json\/wp\/v2\/types\/product"}],"wp:featuredmedia":[{"embeddable":true,"href":"https:\/\/hunaja.fi\/zh-hans\/wp-json\/wp\/v2\/media\/30449"}],"wp:attachment":[{"href":"https:\/\/hunaja.fi\/zh-hans\/wp-json\/wp\/v2\/media?parent=30473"}],"wp:term":[{"taxonomy":"product_brand","embeddable":true,"href":"https:\/\/hunaja.fi\/zh-hans\/wp-json\/wp\/v2\/product_brand?post=30473"},{"taxonomy":"product_cat","embeddable":true,"href":"https:\/\/hunaja.fi\/zh-hans\/wp-json\/wp\/v2\/product_cat?post=30473"},{"taxonomy":"product_tag","embeddable":true,"href":"https:\/\/hunaja.fi\/zh-hans\/wp-json\/wp\/v2\/product_tag?post=30473"}],"curies":[{"name":"wp","href":"https:\/\/api.w.org\/{rel}","templated":true}]}}