{"id":30435,"date":"2021-09-27T12:49:09","date_gmt":"2021-09-27T09:49:09","guid":{"rendered":"https:\/\/hunaja.fi\/?post_type=product&#038;p=30435"},"modified":"2023-01-10T12:26:58","modified_gmt":"2023-01-10T10:26:58","slug":"aidon-hyvan-tekijan-tiskiratti","status":"publish","type":"product","link":"https:\/\/hunaja.fi\/zh-hans\/tuote\/aidon-hyvan-tekijan-tiskiratti\/","title":{"rendered":"Aidon hyv\u00e4n tekij\u00e4n tiskir\u00e4tti"},"content":{"rendered":"<p><strong>Aidon hyv\u00e4n tekij\u00e4n tiskir\u00e4tti<\/strong><\/p>\n<p>Jokaisen keitti\u00f6n pelastus<\/p>\n<p>&nbsp;<\/p>\n<p>Keitti\u00f6ss\u00e4 on paljon hauskempaa, kun k\u00e4yt\u00f6ss\u00e4 on kauniita keitti\u00f6liinoja! T\u00e4ll\u00e4 tiskir\u00e4till\u00e4 v\u00e4lit\u00e4t keitti\u00f6ss\u00e4si t\u00e4rke\u00e4\u00e4 mehil\u00e4istietoutta ja autat kasvattamaan hunajan kulutusta. Keitti\u00f6r\u00e4till\u00e4 voit t\u00e4ydent\u00e4\u00e4 tuliaiskassia, pirist\u00e4\u00e4 kaverisi p\u00e4iv\u00e4\u00e4 tai viesti\u00e4 kotisi tekev\u00e4n aidosti hyv\u00e4\u00e4 k\u00e4ytt\u00e4m\u00e4ll\u00e4 kotimaista hunajaa.<\/p>\n<p>&nbsp;<\/p>\n<p>Pehme\u00e4t, vahvat ja nukkaamattomat keitti\u00f6liinat ovat eritt\u00e4in imukykyisi\u00e4. Ymp\u00e4rist\u00f6yst\u00e4v\u00e4llinen ja kompostoitava luonnontuote on valmistettu puuvillasta ja selluloosasta. Painatuksessa k\u00e4ytet\u00e4\u00e4n vesipohjaista v\u00e4ri\u00e4, joka on hyv\u00e4ksytty Oeko-Tex 100-standardin mukaan.<\/p>\n<p>&nbsp;<\/p>\n<p>Muut Hunajayhtym\u00e4n Aidon hyv\u00e4n tekij\u00e4 \u2013 tuoteperheen tuotteet l\u00f6yd\u00e4t hakusanalla verkkokaupastamme<\/p>\n","protected":false},"excerpt":{"rendered":"<p>Aidon hyv\u00e4n tekij\u00e4n tiskir\u00e4tti Jokaisen keitti\u00f6n pelast [&hellip;]<\/p>\n","protected":false},"featured_media":30439,"template":"","meta":{"_acf_changed":false,"_improvement_type_select":"improve_an_existing","_thumb_yes_seoaic":false,"_frame_yes_seoaic":false,"seoaic_generate_description":"","seoaic_improve_instructions_prompt":"","seoaic_rollback_content_improvement":"","seoaic_idea_thumbnail_generator":"","thumbnail_generated":false,"thumbnail_generate_prompt":"","seoaic_article_description":"","site-sidebar-layout":"default","site-content-layout":"default","ast-site-content-layout":"default","site-content-style":"default","site-sidebar-style":"default","ast-global-header-display":"","ast-banner-title-visibility":"","ast-main-header-display":"","ast-hfb-above-header-display":"","ast-hfb-below-header-display":"","ast-hfb-mobile-header-display":"","site-post-title":"","ast-breadcrumbs-content":"","ast-featured-img":"","footer-sml-layout":"","ast-disable-related-posts":"","theme-transparent-header-meta":"default","adv-header-id-meta":"","stick-header-meta":"default","header-above-stick-meta":"","header-main-stick-meta":"","header-below-stick-meta":"","astra-migrate-meta-layouts":"default","ast-page-background-enabled":"default","ast-page-background-meta":{"desktop":{"background-color":"","background-image":"","background-repeat":"repeat","background-position":"center center","background-size":"auto","background-attachment":"scroll","background-type":"","background-media":"","overlay-type":"","overlay-color":"","overlay-opacity":"","overlay-gradient":""},"tablet":{"background-color":"","background-image":"","background-repeat":"repeat","background-position":"center center","background-size":"auto","background-attachment":"scroll","background-type":"","background-media":"","overlay-type":"","overlay-color":"","overlay-opacity":"","overlay-gradient":""},"mobile":{"background-color":"","background-image":"","background-repeat":"repeat","background-position":"center center","background-size":"auto","background-attachment":"scroll","background-type":"","background-media":"","overlay-type":"","overlay-color":"","overlay-opacity":"","overlay-gradient":""}},"ast-content-background-meta":{"desktop":{"background-color":"var(--ast-global-color-5)","background-image":"","background-repeat":"repeat","background-position":"center center","background-size":"auto","background-attachment":"scroll","background-type":"","background-media":"","overlay-type":"","overlay-color":"","overlay-opacity":"","overlay-gradient":""},"tablet":{"background-color":"var(--ast-global-color-5)","background-image":"","background-repeat":"repeat","background-position":"center center","background-size":"auto","background-attachment":"scroll","background-type":"","background-media":"","overlay-type":"","overlay-color":"","overlay-opacity":"","overlay-gradient":""},"mobile":{"background-color":"var(--ast-global-color-5)","background-image":"","background-repeat":"repeat","background-position":"center center","background-size":"auto","background-attachment":"scroll","background-type":"","background-media":"","overlay-type":"","overlay-color":"","overlay-opacity":"","overlay-gradient":""}}},"product_brand":[],"product_cat":[2052,565],"product_tag":[],"class_list":{"0":"post-30435","1":"product","2":"type-product","3":"status-publish","4":"has-post-thumbnail","6":"product_cat-aidon_hyvan_tekija","7":"product_cat-mainosmateriaali","8":"desktop-align-center","9":"tablet-align-center","10":"mobile-align-center","11":"ast-product-gallery-layout-horizontal","12":"ast-magnify-disabled","13":"ast-product-tabs-layout-horizontal","15":"first","16":"instock","17":"shipping-taxable","18":"purchasable","19":"product-type-simple"},"acf":[],"yoast_head":"<!-- This site is optimized with the Yoast SEO plugin v26.7 - https:\/\/yoast.com\/wordpress\/plugins\/seo\/ -->\n<title>Aidon hyv\u00e4n tekij\u00e4n tiskir\u00e4tti - Hunajayhtym\u00e4 Oy<\/title>\n<meta name=\"description\" content=\"Aidon hyv\u00e4n tekij\u00e4n tiskir\u00e4tti Jokaisen keitti\u00f6n pelastus &nbsp; Keitti\u00f6ss\u00e4 on paljon hauskempaa, kun k\u00e4yt\u00f6ss\u00e4 on kauniita keitti\u00f6liinoja! T\u00e4ll\u00e4\" \/>\n<meta name=\"robots\" content=\"index, follow, max-snippet:-1, max-image-preview:large, max-video-preview:-1\" \/>\n<link rel=\"canonical\" href=\"https:\/\/hunaja.fi\/tuote\/aidon-hyvan-tekijan-tiskiratti\/\" \/>\n<meta property=\"og:locale\" content=\"zh_CN\" \/>\n<meta property=\"og:type\" content=\"article\" \/>\n<meta property=\"og:title\" content=\"Aidon hyv\u00e4n tekij\u00e4n tiskir\u00e4tti - Hunajayhtym\u00e4 Oy\" \/>\n<meta property=\"og:description\" content=\"Aidon hyv\u00e4n tekij\u00e4n tiskir\u00e4tti Jokaisen keitti\u00f6n pelastus &nbsp; Keitti\u00f6ss\u00e4 on paljon hauskempaa, kun k\u00e4yt\u00f6ss\u00e4 on kauniita keitti\u00f6liinoja! T\u00e4ll\u00e4\" \/>\n<meta property=\"og:url\" content=\"https:\/\/hunaja.fi\/tuote\/aidon-hyvan-tekijan-tiskiratti\/\" \/>\n<meta property=\"og:site_name\" content=\"Hunajayhtym\u00e4 Oy\" \/>\n<meta property=\"article:modified_time\" content=\"2023-01-10T10:26:58+00:00\" \/>\n<meta property=\"og:image\" content=\"https:\/\/hunaja.fi\/wp-content\/uploads\/2021\/09\/tiskiratti.jpg\" \/>\n\t<meta property=\"og:image:width\" content=\"1512\" \/>\n\t<meta property=\"og:image:height\" content=\"2016\" \/>\n\t<meta property=\"og:image:type\" content=\"image\/jpeg\" \/>\n<meta name=\"twitter:card\" content=\"summary_large_image\" \/>\n<meta name=\"twitter:label1\" content=\"\u9884\u8ba1\u9605\u8bfb\u65f6\u95f4\" \/>\n\t<meta name=\"twitter:data1\" content=\"1 \u5206\" \/>\n<script type=\"application\/ld+json\" class=\"yoast-schema-graph\">{\"@context\":\"https:\/\/schema.org\",\"@graph\":[{\"@type\":\"WebPage\",\"@id\":\"https:\/\/hunaja.fi\/tuote\/aidon-hyvan-tekijan-tiskiratti\/\",\"url\":\"https:\/\/hunaja.fi\/tuote\/aidon-hyvan-tekijan-tiskiratti\/\",\"name\":\"Aidon hyv\u00e4n tekij\u00e4n tiskir\u00e4tti - Hunajayhtym\u00e4 Oy\",\"isPartOf\":{\"@id\":\"https:\/\/hunaja.fi\/#website\"},\"primaryImageOfPage\":{\"@id\":\"https:\/\/hunaja.fi\/tuote\/aidon-hyvan-tekijan-tiskiratti\/#primaryimage\"},\"image\":{\"@id\":\"https:\/\/hunaja.fi\/tuote\/aidon-hyvan-tekijan-tiskiratti\/#primaryimage\"},\"thumbnailUrl\":\"https:\/\/hunaja.fi\/wp-content\/uploads\/2021\/09\/tiskiratti.jpg\",\"datePublished\":\"2021-09-27T09:49:09+00:00\",\"dateModified\":\"2023-01-10T10:26:58+00:00\",\"description\":\"Aidon hyv\u00e4n tekij\u00e4n tiskir\u00e4tti Jokaisen keitti\u00f6n pelastus &nbsp; Keitti\u00f6ss\u00e4 on paljon hauskempaa, kun k\u00e4yt\u00f6ss\u00e4 on kauniita keitti\u00f6liinoja! T\u00e4ll\u00e4\",\"breadcrumb\":{\"@id\":\"https:\/\/hunaja.fi\/tuote\/aidon-hyvan-tekijan-tiskiratti\/#breadcrumb\"},\"inLanguage\":\"zh-Hans\",\"potentialAction\":[{\"@type\":\"ReadAction\",\"target\":[\"https:\/\/hunaja.fi\/tuote\/aidon-hyvan-tekijan-tiskiratti\/\"]}]},{\"@type\":\"ImageObject\",\"inLanguage\":\"zh-Hans\",\"@id\":\"https:\/\/hunaja.fi\/tuote\/aidon-hyvan-tekijan-tiskiratti\/#primaryimage\",\"url\":\"https:\/\/hunaja.fi\/wp-content\/uploads\/2021\/09\/tiskiratti.jpg\",\"contentUrl\":\"https:\/\/hunaja.fi\/wp-content\/uploads\/2021\/09\/tiskiratti.jpg\",\"width\":1512,\"height\":2016},{\"@type\":\"BreadcrumbList\",\"@id\":\"https:\/\/hunaja.fi\/tuote\/aidon-hyvan-tekijan-tiskiratti\/#breadcrumb\",\"itemListElement\":[{\"@type\":\"ListItem\",\"position\":1,\"name\":\"Etusivu\",\"item\":\"https:\/\/hunaja.fi\/\"},{\"@type\":\"ListItem\",\"position\":2,\"name\":\"Tuotteet\",\"item\":\"https:\/\/hunaja.fi\/kauppapaikka\/tuotteet\/\"},{\"@type\":\"ListItem\",\"position\":3,\"name\":\"Mainosmateriaali\",\"item\":\"https:\/\/hunaja.fi\/tuote-osasto\/mainosmateriaali\/\"},{\"@type\":\"ListItem\",\"position\":4,\"name\":\"Aidon hyv\u00e4n tekij\u00e4n tiskir\u00e4tti\"}]},{\"@type\":\"WebSite\",\"@id\":\"https:\/\/hunaja.fi\/#website\",\"url\":\"https:\/\/hunaja.fi\/\",\"name\":\"Hunajayhtym\u00e4 Oy\",\"description\":\"Nature Loves Finnish Floral Honey\",\"publisher\":{\"@id\":\"https:\/\/hunaja.fi\/#organization\"},\"potentialAction\":[{\"@type\":\"SearchAction\",\"target\":{\"@type\":\"EntryPoint\",\"urlTemplate\":\"https:\/\/hunaja.fi\/?s={search_term_string}\"},\"query-input\":{\"@type\":\"PropertyValueSpecification\",\"valueRequired\":true,\"valueName\":\"search_term_string\"}}],\"inLanguage\":\"zh-Hans\"},{\"@type\":\"Organization\",\"@id\":\"https:\/\/hunaja.fi\/#organization\",\"name\":\"Hunajayhtym\u00e4 Oy\",\"url\":\"https:\/\/hunaja.fi\/\",\"logo\":{\"@type\":\"ImageObject\",\"inLanguage\":\"zh-Hans\",\"@id\":\"https:\/\/hunaja.fi\/#\/schema\/logo\/image\/\",\"url\":\"https:\/\/hunaja.fi\/wp-content\/uploads\/2021\/07\/Hunajayhtyma_Logo_VAAKA_slogan_cmyk-01.png\",\"contentUrl\":\"https:\/\/hunaja.fi\/wp-content\/uploads\/2021\/07\/Hunajayhtyma_Logo_VAAKA_slogan_cmyk-01.png\",\"width\":656,\"height\":242,\"caption\":\"Hunajayhtym\u00e4 Oy\"},\"image\":{\"@id\":\"https:\/\/hunaja.fi\/#\/schema\/logo\/image\/\"}}]}<\/script>\n<!-- \/ Yoast SEO plugin. -->","yoast_head_json":{"title":"Aidon hyv\u00e4n tekij\u00e4n tiskir\u00e4tti - Hunajayhtym\u00e4 Oy","description":"Aidon hyv\u00e4n tekij\u00e4n tiskir\u00e4tti Jokaisen keitti\u00f6n pelastus &nbsp; Keitti\u00f6ss\u00e4 on paljon hauskempaa, kun k\u00e4yt\u00f6ss\u00e4 on kauniita keitti\u00f6liinoja! T\u00e4ll\u00e4","robots":{"index":"index","follow":"follow","max-snippet":"max-snippet:-1","max-image-preview":"max-image-preview:large","max-video-preview":"max-video-preview:-1"},"canonical":"https:\/\/hunaja.fi\/tuote\/aidon-hyvan-tekijan-tiskiratti\/","og_locale":"zh_CN","og_type":"article","og_title":"Aidon hyv\u00e4n tekij\u00e4n tiskir\u00e4tti - Hunajayhtym\u00e4 Oy","og_description":"Aidon hyv\u00e4n tekij\u00e4n tiskir\u00e4tti Jokaisen keitti\u00f6n pelastus &nbsp; Keitti\u00f6ss\u00e4 on paljon hauskempaa, kun k\u00e4yt\u00f6ss\u00e4 on kauniita keitti\u00f6liinoja! T\u00e4ll\u00e4","og_url":"https:\/\/hunaja.fi\/tuote\/aidon-hyvan-tekijan-tiskiratti\/","og_site_name":"Hunajayhtym\u00e4 Oy","article_modified_time":"2023-01-10T10:26:58+00:00","og_image":[{"width":1512,"height":2016,"url":"https:\/\/hunaja.fi\/wp-content\/uploads\/2021\/09\/tiskiratti.jpg","type":"image\/jpeg"}],"twitter_card":"summary_large_image","twitter_misc":{"\u9884\u8ba1\u9605\u8bfb\u65f6\u95f4":"1 \u5206"},"schema":{"@context":"https:\/\/schema.org","@graph":[{"@type":"WebPage","@id":"https:\/\/hunaja.fi\/tuote\/aidon-hyvan-tekijan-tiskiratti\/","url":"https:\/\/hunaja.fi\/tuote\/aidon-hyvan-tekijan-tiskiratti\/","name":"Aidon hyv\u00e4n tekij\u00e4n tiskir\u00e4tti - Hunajayhtym\u00e4 Oy","isPartOf":{"@id":"https:\/\/hunaja.fi\/#website"},"primaryImageOfPage":{"@id":"https:\/\/hunaja.fi\/tuote\/aidon-hyvan-tekijan-tiskiratti\/#primaryimage"},"image":{"@id":"https:\/\/hunaja.fi\/tuote\/aidon-hyvan-tekijan-tiskiratti\/#primaryimage"},"thumbnailUrl":"https:\/\/hunaja.fi\/wp-content\/uploads\/2021\/09\/tiskiratti.jpg","datePublished":"2021-09-27T09:49:09+00:00","dateModified":"2023-01-10T10:26:58+00:00","description":"Aidon hyv\u00e4n tekij\u00e4n tiskir\u00e4tti Jokaisen keitti\u00f6n pelastus &nbsp; Keitti\u00f6ss\u00e4 on paljon hauskempaa, kun k\u00e4yt\u00f6ss\u00e4 on kauniita keitti\u00f6liinoja! T\u00e4ll\u00e4","breadcrumb":{"@id":"https:\/\/hunaja.fi\/tuote\/aidon-hyvan-tekijan-tiskiratti\/#breadcrumb"},"inLanguage":"zh-Hans","potentialAction":[{"@type":"ReadAction","target":["https:\/\/hunaja.fi\/tuote\/aidon-hyvan-tekijan-tiskiratti\/"]}]},{"@type":"ImageObject","inLanguage":"zh-Hans","@id":"https:\/\/hunaja.fi\/tuote\/aidon-hyvan-tekijan-tiskiratti\/#primaryimage","url":"https:\/\/hunaja.fi\/wp-content\/uploads\/2021\/09\/tiskiratti.jpg","contentUrl":"https:\/\/hunaja.fi\/wp-content\/uploads\/2021\/09\/tiskiratti.jpg","width":1512,"height":2016},{"@type":"BreadcrumbList","@id":"https:\/\/hunaja.fi\/tuote\/aidon-hyvan-tekijan-tiskiratti\/#breadcrumb","itemListElement":[{"@type":"ListItem","position":1,"name":"Etusivu","item":"https:\/\/hunaja.fi\/"},{"@type":"ListItem","position":2,"name":"Tuotteet","item":"https:\/\/hunaja.fi\/kauppapaikka\/tuotteet\/"},{"@type":"ListItem","position":3,"name":"Mainosmateriaali","item":"https:\/\/hunaja.fi\/tuote-osasto\/mainosmateriaali\/"},{"@type":"ListItem","position":4,"name":"Aidon hyv\u00e4n tekij\u00e4n tiskir\u00e4tti"}]},{"@type":"WebSite","@id":"https:\/\/hunaja.fi\/#website","url":"https:\/\/hunaja.fi\/","name":"Hunajayhtym\u00e4 Oy","description":"Nature Loves Finnish Floral Honey","publisher":{"@id":"https:\/\/hunaja.fi\/#organization"},"potentialAction":[{"@type":"SearchAction","target":{"@type":"EntryPoint","urlTemplate":"https:\/\/hunaja.fi\/?s={search_term_string}"},"query-input":{"@type":"PropertyValueSpecification","valueRequired":true,"valueName":"search_term_string"}}],"inLanguage":"zh-Hans"},{"@type":"Organization","@id":"https:\/\/hunaja.fi\/#organization","name":"Hunajayhtym\u00e4 Oy","url":"https:\/\/hunaja.fi\/","logo":{"@type":"ImageObject","inLanguage":"zh-Hans","@id":"https:\/\/hunaja.fi\/#\/schema\/logo\/image\/","url":"https:\/\/hunaja.fi\/wp-content\/uploads\/2021\/07\/Hunajayhtyma_Logo_VAAKA_slogan_cmyk-01.png","contentUrl":"https:\/\/hunaja.fi\/wp-content\/uploads\/2021\/07\/Hunajayhtyma_Logo_VAAKA_slogan_cmyk-01.png","width":656,"height":242,"caption":"Hunajayhtym\u00e4 Oy"},"image":{"@id":"https:\/\/hunaja.fi\/#\/schema\/logo\/image\/"}}]}},"_links":{"self":[{"href":"https:\/\/hunaja.fi\/zh-hans\/wp-json\/wp\/v2\/product\/30435","targetHints":{"allow":["GET"]}}],"collection":[{"href":"https:\/\/hunaja.fi\/zh-hans\/wp-json\/wp\/v2\/product"}],"about":[{"href":"https:\/\/hunaja.fi\/zh-hans\/wp-json\/wp\/v2\/types\/product"}],"wp:featuredmedia":[{"embeddable":true,"href":"https:\/\/hunaja.fi\/zh-hans\/wp-json\/wp\/v2\/media\/30439"}],"wp:attachment":[{"href":"https:\/\/hunaja.fi\/zh-hans\/wp-json\/wp\/v2\/media?parent=30435"}],"wp:term":[{"taxonomy":"product_brand","embeddable":true,"href":"https:\/\/hunaja.fi\/zh-hans\/wp-json\/wp\/v2\/product_brand?post=30435"},{"taxonomy":"product_cat","embeddable":true,"href":"https:\/\/hunaja.fi\/zh-hans\/wp-json\/wp\/v2\/product_cat?post=30435"},{"taxonomy":"product_tag","embeddable":true,"href":"https:\/\/hunaja.fi\/zh-hans\/wp-json\/wp\/v2\/product_tag?post=30435"}],"curies":[{"name":"wp","href":"https:\/\/api.w.org\/{rel}","templated":true}]}}