{"id":30434,"date":"2021-09-27T12:46:11","date_gmt":"2021-09-27T09:46:11","guid":{"rendered":"https:\/\/hunaja.fi\/?post_type=product&#038;p=30434"},"modified":"2024-10-31T10:25:36","modified_gmt":"2024-10-31T08:25:36","slug":"aidon-hyvan-tekijan-kestokassi-hunaja","status":"publish","type":"product","link":"https:\/\/hunaja.fi\/zh-hans\/tuote\/aidon-hyvan-tekijan-kestokassi-hunaja\/","title":{"rendered":"Aidon hyv\u00e4n tekij\u00e4n kestokassi, hunaja"},"content":{"rendered":"<p><strong>Aidon hyv\u00e4n tekij\u00e4n kestokassi, hunaja<\/strong><\/p>\n<p>Kestokassi puuvillaa<\/p>\n<p>&nbsp;<\/p>\n<p>Pirist\u00e4 kauppareissuasi ja kanna hunajat kotiin aidon hyv\u00e4n tekij\u00e4n kassissa. T\u00e4ll\u00e4 kassilla v\u00e4lit\u00e4t ymp\u00e4rist\u00f6\u00f6si t\u00e4rke\u00e4\u00e4 mehil\u00e4istietoutta ja autat kasvattamaan hunajan kulutusta. T\u00e4m\u00e4 kest\u00e4v\u00e4 kangaskassi on oivallinen tapa viesti\u00e4 tekemist\u00e4si vastuullisista ratkaisuista ja kotimaisen hunajan merkityksest\u00e4 Suomen luonnolle.<\/p>\n<p>&nbsp;<\/p>\n<p>Muut Hunajayhtym\u00e4n Aidon hyv\u00e4n tekij\u00e4 \u2013 tuoteperheen tuotteet l\u00f6yd\u00e4t hakusanalla verkkokaupastamme.<\/p>\n<p>&nbsp;<\/p>\n<ul>\n<li>Materiaali: 100 % puuvillaa<\/li>\n<li>Paino: 140 g\/m\u00b2<\/li>\n<li>Koko: 38 x 42 cm<\/li>\n<li>Tilavuus: 10 litraa<\/li>\n<li>Kantohihnojen pituus 67 cm<\/li>\n<li>Voidaan kantaa k\u00e4dess\u00e4 tai olalla<\/li>\n<li>Sile\u00e4 materiaali<\/li>\n<li>Viimeistellyt saumat<\/li>\n<\/ul>\n","protected":false},"excerpt":{"rendered":"<p>Aidon hyv\u00e4n tekij\u00e4n kestokassi, hunaja Kestokassi puuvi [&hellip;]<\/p>\n","protected":false},"featured_media":30428,"template":"","meta":{"_acf_changed":false,"_improvement_type_select":"improve_an_existing","_thumb_yes_seoaic":false,"_frame_yes_seoaic":false,"seoaic_generate_description":"","seoaic_improve_instructions_prompt":"","seoaic_rollback_content_improvement":"","seoaic_idea_thumbnail_generator":"","thumbnail_generated":false,"thumbnail_generate_prompt":"","seoaic_article_description":"","site-sidebar-layout":"default","site-content-layout":"default","ast-site-content-layout":"default","site-content-style":"default","site-sidebar-style":"default","ast-global-header-display":"","ast-banner-title-visibility":"","ast-main-header-display":"","ast-hfb-above-header-display":"","ast-hfb-below-header-display":"","ast-hfb-mobile-header-display":"","site-post-title":"","ast-breadcrumbs-content":"","ast-featured-img":"","footer-sml-layout":"","ast-disable-related-posts":"","theme-transparent-header-meta":"default","adv-header-id-meta":"","stick-header-meta":"default","header-above-stick-meta":"","header-main-stick-meta":"","header-below-stick-meta":"","astra-migrate-meta-layouts":"set","ast-page-background-enabled":"default","ast-page-background-meta":{"desktop":{"background-color":"","background-image":"","background-repeat":"repeat","background-position":"center center","background-size":"auto","background-attachment":"scroll","background-type":"","background-media":"","overlay-type":"","overlay-color":"","overlay-opacity":"","overlay-gradient":""},"tablet":{"background-color":"","background-image":"","background-repeat":"repeat","background-position":"center center","background-size":"auto","background-attachment":"scroll","background-type":"","background-media":"","overlay-type":"","overlay-color":"","overlay-opacity":"","overlay-gradient":""},"mobile":{"background-color":"","background-image":"","background-repeat":"repeat","background-position":"center center","background-size":"auto","background-attachment":"scroll","background-type":"","background-media":"","overlay-type":"","overlay-color":"","overlay-opacity":"","overlay-gradient":""}},"ast-content-background-meta":{"desktop":{"background-color":"var(--ast-global-color-5)","background-image":"","background-repeat":"repeat","background-position":"center center","background-size":"auto","background-attachment":"scroll","background-type":"","background-media":"","overlay-type":"","overlay-color":"","overlay-opacity":"","overlay-gradient":""},"tablet":{"background-color":"var(--ast-global-color-5)","background-image":"","background-repeat":"repeat","background-position":"center center","background-size":"auto","background-attachment":"scroll","background-type":"","background-media":"","overlay-type":"","overlay-color":"","overlay-opacity":"","overlay-gradient":""},"mobile":{"background-color":"var(--ast-global-color-5)","background-image":"","background-repeat":"repeat","background-position":"center center","background-size":"auto","background-attachment":"scroll","background-type":"","background-media":"","overlay-type":"","overlay-color":"","overlay-opacity":"","overlay-gradient":""}}},"product_brand":[],"product_cat":[2052,565],"product_tag":[],"class_list":{"0":"post-30434","1":"product","2":"type-product","3":"status-publish","4":"has-post-thumbnail","6":"product_cat-aidon_hyvan_tekija","7":"product_cat-mainosmateriaali","8":"desktop-align-center","9":"tablet-align-center","10":"mobile-align-center","11":"ast-product-gallery-layout-horizontal","12":"ast-magnify-disabled","13":"ast-product-tabs-layout-horizontal","15":"first","16":"instock","17":"shipping-taxable","18":"purchasable","19":"product-type-simple"},"acf":[],"yoast_head":"<!-- This site is optimized with the Yoast SEO plugin v26.7 - https:\/\/yoast.com\/wordpress\/plugins\/seo\/ -->\n<title>Aidon hyv\u00e4n tekij\u00e4n kestokassi, hunaja - Hunajayhtym\u00e4 Oy<\/title>\n<meta name=\"description\" content=\"Aidon hyv\u00e4n tekij\u00e4n kestokassi, hunaja Kestokassi puuvillaa &nbsp; Pirist\u00e4 kauppareissuasi ja kanna hunajat kotiin aidon hyv\u00e4n tekij\u00e4n kassissa. T\u00e4ll\u00e4\" \/>\n<meta name=\"robots\" content=\"index, follow, max-snippet:-1, max-image-preview:large, max-video-preview:-1\" \/>\n<link rel=\"canonical\" href=\"https:\/\/hunaja.fi\/tuote\/aidon-hyvan-tekijan-kestokassi-hunaja\/\" \/>\n<meta property=\"og:locale\" content=\"zh_CN\" \/>\n<meta property=\"og:type\" content=\"article\" \/>\n<meta property=\"og:title\" content=\"Aidon hyv\u00e4n tekij\u00e4n kestokassi, hunaja - Hunajayhtym\u00e4 Oy\" \/>\n<meta property=\"og:description\" content=\"Aidon hyv\u00e4n tekij\u00e4n kestokassi, hunaja Kestokassi puuvillaa &nbsp; Pirist\u00e4 kauppareissuasi ja kanna hunajat kotiin aidon hyv\u00e4n tekij\u00e4n kassissa. T\u00e4ll\u00e4\" \/>\n<meta property=\"og:url\" content=\"https:\/\/hunaja.fi\/tuote\/aidon-hyvan-tekijan-kestokassi-hunaja\/\" \/>\n<meta property=\"og:site_name\" content=\"Hunajayhtym\u00e4 Oy\" \/>\n<meta property=\"article:modified_time\" content=\"2024-10-31T08:25:36+00:00\" \/>\n<meta property=\"og:image\" content=\"https:\/\/hunaja.fi\/wp-content\/uploads\/2021\/09\/kassikotimainen.jpg\" \/>\n\t<meta property=\"og:image:width\" content=\"1512\" \/>\n\t<meta property=\"og:image:height\" content=\"2016\" \/>\n\t<meta property=\"og:image:type\" content=\"image\/jpeg\" \/>\n<meta name=\"twitter:card\" content=\"summary_large_image\" \/>\n<meta name=\"twitter:label1\" content=\"\u9884\u8ba1\u9605\u8bfb\u65f6\u95f4\" \/>\n\t<meta name=\"twitter:data1\" content=\"1 \u5206\" \/>\n<script type=\"application\/ld+json\" class=\"yoast-schema-graph\">{\"@context\":\"https:\/\/schema.org\",\"@graph\":[{\"@type\":\"WebPage\",\"@id\":\"https:\/\/hunaja.fi\/tuote\/aidon-hyvan-tekijan-kestokassi-hunaja\/\",\"url\":\"https:\/\/hunaja.fi\/tuote\/aidon-hyvan-tekijan-kestokassi-hunaja\/\",\"name\":\"Aidon hyv\u00e4n tekij\u00e4n kestokassi, hunaja - Hunajayhtym\u00e4 Oy\",\"isPartOf\":{\"@id\":\"https:\/\/hunaja.fi\/#website\"},\"primaryImageOfPage\":{\"@id\":\"https:\/\/hunaja.fi\/tuote\/aidon-hyvan-tekijan-kestokassi-hunaja\/#primaryimage\"},\"image\":{\"@id\":\"https:\/\/hunaja.fi\/tuote\/aidon-hyvan-tekijan-kestokassi-hunaja\/#primaryimage\"},\"thumbnailUrl\":\"https:\/\/hunaja.fi\/wp-content\/uploads\/2021\/09\/kassikotimainen.jpg\",\"datePublished\":\"2021-09-27T09:46:11+00:00\",\"dateModified\":\"2024-10-31T08:25:36+00:00\",\"description\":\"Aidon hyv\u00e4n tekij\u00e4n kestokassi, hunaja Kestokassi puuvillaa &nbsp; Pirist\u00e4 kauppareissuasi ja kanna hunajat kotiin aidon hyv\u00e4n tekij\u00e4n kassissa. T\u00e4ll\u00e4\",\"breadcrumb\":{\"@id\":\"https:\/\/hunaja.fi\/tuote\/aidon-hyvan-tekijan-kestokassi-hunaja\/#breadcrumb\"},\"inLanguage\":\"zh-Hans\",\"potentialAction\":[{\"@type\":\"ReadAction\",\"target\":[\"https:\/\/hunaja.fi\/tuote\/aidon-hyvan-tekijan-kestokassi-hunaja\/\"]}]},{\"@type\":\"ImageObject\",\"inLanguage\":\"zh-Hans\",\"@id\":\"https:\/\/hunaja.fi\/tuote\/aidon-hyvan-tekijan-kestokassi-hunaja\/#primaryimage\",\"url\":\"https:\/\/hunaja.fi\/wp-content\/uploads\/2021\/09\/kassikotimainen.jpg\",\"contentUrl\":\"https:\/\/hunaja.fi\/wp-content\/uploads\/2021\/09\/kassikotimainen.jpg\",\"width\":1512,\"height\":2016},{\"@type\":\"BreadcrumbList\",\"@id\":\"https:\/\/hunaja.fi\/tuote\/aidon-hyvan-tekijan-kestokassi-hunaja\/#breadcrumb\",\"itemListElement\":[{\"@type\":\"ListItem\",\"position\":1,\"name\":\"Etusivu\",\"item\":\"https:\/\/hunaja.fi\/\"},{\"@type\":\"ListItem\",\"position\":2,\"name\":\"Tuotteet\",\"item\":\"https:\/\/hunaja.fi\/kauppapaikka\/tuotteet\/\"},{\"@type\":\"ListItem\",\"position\":3,\"name\":\"Mainosmateriaali\",\"item\":\"https:\/\/hunaja.fi\/tuote-osasto\/mainosmateriaali\/\"},{\"@type\":\"ListItem\",\"position\":4,\"name\":\"Aidon hyv\u00e4n tekij\u00e4n kestokassi, hunaja\"}]},{\"@type\":\"WebSite\",\"@id\":\"https:\/\/hunaja.fi\/#website\",\"url\":\"https:\/\/hunaja.fi\/\",\"name\":\"Hunajayhtym\u00e4 Oy\",\"description\":\"Nature Loves Finnish Floral Honey\",\"publisher\":{\"@id\":\"https:\/\/hunaja.fi\/#organization\"},\"potentialAction\":[{\"@type\":\"SearchAction\",\"target\":{\"@type\":\"EntryPoint\",\"urlTemplate\":\"https:\/\/hunaja.fi\/?s={search_term_string}\"},\"query-input\":{\"@type\":\"PropertyValueSpecification\",\"valueRequired\":true,\"valueName\":\"search_term_string\"}}],\"inLanguage\":\"zh-Hans\"},{\"@type\":\"Organization\",\"@id\":\"https:\/\/hunaja.fi\/#organization\",\"name\":\"Hunajayhtym\u00e4 Oy\",\"url\":\"https:\/\/hunaja.fi\/\",\"logo\":{\"@type\":\"ImageObject\",\"inLanguage\":\"zh-Hans\",\"@id\":\"https:\/\/hunaja.fi\/#\/schema\/logo\/image\/\",\"url\":\"https:\/\/hunaja.fi\/wp-content\/uploads\/2021\/07\/Hunajayhtyma_Logo_VAAKA_slogan_cmyk-01.png\",\"contentUrl\":\"https:\/\/hunaja.fi\/wp-content\/uploads\/2021\/07\/Hunajayhtyma_Logo_VAAKA_slogan_cmyk-01.png\",\"width\":656,\"height\":242,\"caption\":\"Hunajayhtym\u00e4 Oy\"},\"image\":{\"@id\":\"https:\/\/hunaja.fi\/#\/schema\/logo\/image\/\"}}]}<\/script>\n<!-- \/ Yoast SEO plugin. -->","yoast_head_json":{"title":"Aidon hyv\u00e4n tekij\u00e4n kestokassi, hunaja - Hunajayhtym\u00e4 Oy","description":"Aidon hyv\u00e4n tekij\u00e4n kestokassi, hunaja Kestokassi puuvillaa &nbsp; Pirist\u00e4 kauppareissuasi ja kanna hunajat kotiin aidon hyv\u00e4n tekij\u00e4n kassissa. T\u00e4ll\u00e4","robots":{"index":"index","follow":"follow","max-snippet":"max-snippet:-1","max-image-preview":"max-image-preview:large","max-video-preview":"max-video-preview:-1"},"canonical":"https:\/\/hunaja.fi\/tuote\/aidon-hyvan-tekijan-kestokassi-hunaja\/","og_locale":"zh_CN","og_type":"article","og_title":"Aidon hyv\u00e4n tekij\u00e4n kestokassi, hunaja - Hunajayhtym\u00e4 Oy","og_description":"Aidon hyv\u00e4n tekij\u00e4n kestokassi, hunaja Kestokassi puuvillaa &nbsp; Pirist\u00e4 kauppareissuasi ja kanna hunajat kotiin aidon hyv\u00e4n tekij\u00e4n kassissa. T\u00e4ll\u00e4","og_url":"https:\/\/hunaja.fi\/tuote\/aidon-hyvan-tekijan-kestokassi-hunaja\/","og_site_name":"Hunajayhtym\u00e4 Oy","article_modified_time":"2024-10-31T08:25:36+00:00","og_image":[{"width":1512,"height":2016,"url":"https:\/\/hunaja.fi\/wp-content\/uploads\/2021\/09\/kassikotimainen.jpg","type":"image\/jpeg"}],"twitter_card":"summary_large_image","twitter_misc":{"\u9884\u8ba1\u9605\u8bfb\u65f6\u95f4":"1 \u5206"},"schema":{"@context":"https:\/\/schema.org","@graph":[{"@type":"WebPage","@id":"https:\/\/hunaja.fi\/tuote\/aidon-hyvan-tekijan-kestokassi-hunaja\/","url":"https:\/\/hunaja.fi\/tuote\/aidon-hyvan-tekijan-kestokassi-hunaja\/","name":"Aidon hyv\u00e4n tekij\u00e4n kestokassi, hunaja - Hunajayhtym\u00e4 Oy","isPartOf":{"@id":"https:\/\/hunaja.fi\/#website"},"primaryImageOfPage":{"@id":"https:\/\/hunaja.fi\/tuote\/aidon-hyvan-tekijan-kestokassi-hunaja\/#primaryimage"},"image":{"@id":"https:\/\/hunaja.fi\/tuote\/aidon-hyvan-tekijan-kestokassi-hunaja\/#primaryimage"},"thumbnailUrl":"https:\/\/hunaja.fi\/wp-content\/uploads\/2021\/09\/kassikotimainen.jpg","datePublished":"2021-09-27T09:46:11+00:00","dateModified":"2024-10-31T08:25:36+00:00","description":"Aidon hyv\u00e4n tekij\u00e4n kestokassi, hunaja Kestokassi puuvillaa &nbsp; Pirist\u00e4 kauppareissuasi ja kanna hunajat kotiin aidon hyv\u00e4n tekij\u00e4n kassissa. T\u00e4ll\u00e4","breadcrumb":{"@id":"https:\/\/hunaja.fi\/tuote\/aidon-hyvan-tekijan-kestokassi-hunaja\/#breadcrumb"},"inLanguage":"zh-Hans","potentialAction":[{"@type":"ReadAction","target":["https:\/\/hunaja.fi\/tuote\/aidon-hyvan-tekijan-kestokassi-hunaja\/"]}]},{"@type":"ImageObject","inLanguage":"zh-Hans","@id":"https:\/\/hunaja.fi\/tuote\/aidon-hyvan-tekijan-kestokassi-hunaja\/#primaryimage","url":"https:\/\/hunaja.fi\/wp-content\/uploads\/2021\/09\/kassikotimainen.jpg","contentUrl":"https:\/\/hunaja.fi\/wp-content\/uploads\/2021\/09\/kassikotimainen.jpg","width":1512,"height":2016},{"@type":"BreadcrumbList","@id":"https:\/\/hunaja.fi\/tuote\/aidon-hyvan-tekijan-kestokassi-hunaja\/#breadcrumb","itemListElement":[{"@type":"ListItem","position":1,"name":"Etusivu","item":"https:\/\/hunaja.fi\/"},{"@type":"ListItem","position":2,"name":"Tuotteet","item":"https:\/\/hunaja.fi\/kauppapaikka\/tuotteet\/"},{"@type":"ListItem","position":3,"name":"Mainosmateriaali","item":"https:\/\/hunaja.fi\/tuote-osasto\/mainosmateriaali\/"},{"@type":"ListItem","position":4,"name":"Aidon hyv\u00e4n tekij\u00e4n kestokassi, hunaja"}]},{"@type":"WebSite","@id":"https:\/\/hunaja.fi\/#website","url":"https:\/\/hunaja.fi\/","name":"Hunajayhtym\u00e4 Oy","description":"Nature Loves Finnish Floral Honey","publisher":{"@id":"https:\/\/hunaja.fi\/#organization"},"potentialAction":[{"@type":"SearchAction","target":{"@type":"EntryPoint","urlTemplate":"https:\/\/hunaja.fi\/?s={search_term_string}"},"query-input":{"@type":"PropertyValueSpecification","valueRequired":true,"valueName":"search_term_string"}}],"inLanguage":"zh-Hans"},{"@type":"Organization","@id":"https:\/\/hunaja.fi\/#organization","name":"Hunajayhtym\u00e4 Oy","url":"https:\/\/hunaja.fi\/","logo":{"@type":"ImageObject","inLanguage":"zh-Hans","@id":"https:\/\/hunaja.fi\/#\/schema\/logo\/image\/","url":"https:\/\/hunaja.fi\/wp-content\/uploads\/2021\/07\/Hunajayhtyma_Logo_VAAKA_slogan_cmyk-01.png","contentUrl":"https:\/\/hunaja.fi\/wp-content\/uploads\/2021\/07\/Hunajayhtyma_Logo_VAAKA_slogan_cmyk-01.png","width":656,"height":242,"caption":"Hunajayhtym\u00e4 Oy"},"image":{"@id":"https:\/\/hunaja.fi\/#\/schema\/logo\/image\/"}}]}},"_links":{"self":[{"href":"https:\/\/hunaja.fi\/zh-hans\/wp-json\/wp\/v2\/product\/30434","targetHints":{"allow":["GET"]}}],"collection":[{"href":"https:\/\/hunaja.fi\/zh-hans\/wp-json\/wp\/v2\/product"}],"about":[{"href":"https:\/\/hunaja.fi\/zh-hans\/wp-json\/wp\/v2\/types\/product"}],"wp:featuredmedia":[{"embeddable":true,"href":"https:\/\/hunaja.fi\/zh-hans\/wp-json\/wp\/v2\/media\/30428"}],"wp:attachment":[{"href":"https:\/\/hunaja.fi\/zh-hans\/wp-json\/wp\/v2\/media?parent=30434"}],"wp:term":[{"taxonomy":"product_brand","embeddable":true,"href":"https:\/\/hunaja.fi\/zh-hans\/wp-json\/wp\/v2\/product_brand?post=30434"},{"taxonomy":"product_cat","embeddable":true,"href":"https:\/\/hunaja.fi\/zh-hans\/wp-json\/wp\/v2\/product_cat?post=30434"},{"taxonomy":"product_tag","embeddable":true,"href":"https:\/\/hunaja.fi\/zh-hans\/wp-json\/wp\/v2\/product_tag?post=30434"}],"curies":[{"name":"wp","href":"https:\/\/api.w.org\/{rel}","templated":true}]}}