{"id":2772,"date":"2013-11-22T00:00:00","date_gmt":"2013-11-21T22:00:00","guid":{"rendered":"https:\/\/www.hunaja.fi\/tuote\/oksaalihappo-75g\/"},"modified":"2023-03-30T10:00:47","modified_gmt":"2023-03-30T07:00:47","slug":"oksaalihappo-75g","status":"publish","type":"product","link":"https:\/\/hunaja.fi\/zh-hans\/tuote\/oksaalihappo-75g\/","title":{"rendered":"Oksaalihappo dihydraatti (min 99.8%) 75g"},"content":{"rendered":"<p>Muovipurkkiin pakattu oksaalihappojauhe.<\/p>\n<p><img decoding=\"async\" class=\"alignnone wp-image-34559\" src=\"https:\/\/hunaja.fi\/wp-content\/uploads\/2013\/11\/Symboli_ilmaisee_syovyttavia_aineita.jpg\" alt=\"\" width=\"68\" height=\"68\" srcset=\"https:\/\/hunaja.fi\/wp-content\/uploads\/2013\/11\/Symboli_ilmaisee_syovyttavia_aineita.jpg 150w, https:\/\/hunaja.fi\/wp-content\/uploads\/2013\/11\/Symboli_ilmaisee_syovyttavia_aineita-68x68.jpg 68w, https:\/\/hunaja.fi\/wp-content\/uploads\/2013\/11\/Symboli_ilmaisee_syovyttavia_aineita-88x88.jpg 88w, https:\/\/hunaja.fi\/wp-content\/uploads\/2013\/11\/Symboli_ilmaisee_syovyttavia_aineita-100x100.jpg 100w\" sizes=\"(max-width: 68px) 100vw, 68px\" \/><img decoding=\"async\" class=\"alignnone wp-image-34580\" src=\"https:\/\/hunaja.fi\/wp-content\/uploads\/2013\/11\/Symboli_ilmaisee_haitallisia_arsyttavia_herkistavia_ja_otsonikerrokselle_vaarallisia_aineita.jpg\" alt=\"\" width=\"68\" height=\"68\" srcset=\"https:\/\/hunaja.fi\/wp-content\/uploads\/2013\/11\/Symboli_ilmaisee_haitallisia_arsyttavia_herkistavia_ja_otsonikerrokselle_vaarallisia_aineita.jpg 150w, https:\/\/hunaja.fi\/wp-content\/uploads\/2013\/11\/Symboli_ilmaisee_haitallisia_arsyttavia_herkistavia_ja_otsonikerrokselle_vaarallisia_aineita-68x68.jpg 68w, https:\/\/hunaja.fi\/wp-content\/uploads\/2013\/11\/Symboli_ilmaisee_haitallisia_arsyttavia_herkistavia_ja_otsonikerrokselle_vaarallisia_aineita-88x88.jpg 88w, https:\/\/hunaja.fi\/wp-content\/uploads\/2013\/11\/Symboli_ilmaisee_haitallisia_arsyttavia_herkistavia_ja_otsonikerrokselle_vaarallisia_aineita-100x100.jpg 100w\" sizes=\"(max-width: 68px) 100vw, 68px\" \/><\/p>\n<p><strong>VAARA<br \/>\nFARA<br \/>\n6153-56-6(CAS)<\/strong><\/p>\n<p><strong>H302<\/strong><\/p>\n<ul>\n<li>Haitallista nieltyn\u00e4.<\/li>\n<li>Farligt vid f\u00f6rt\u00e4ring.<\/li>\n<\/ul>\n<p><strong>H312<\/strong><\/p>\n<ul>\n<li>Haitallista joutuessaan iholle.<\/li>\n<li>Farligt vid hudkontakt.<\/li>\n<\/ul>\n<p><strong>H318<\/strong><\/p>\n<ul>\n<li>Vaurioittaa vakavasti silmi\u00e4.<\/li>\n<li>Allvarliga \u00f6gonskador.<\/li>\n<\/ul>\n<p><strong>P362<\/strong><\/p>\n<ul>\n<li>Riisu saastunut vaatetus.<\/li>\n<li>Ta av f\u00f6rorenade kl\u00e4der.<\/li>\n<\/ul>\n<p><strong>P280<\/strong><\/p>\n<ul>\n<li>K\u00e4yt\u00e4 suojak\u00e4sineit\u00e4\/suojavaatetusta\/silmiensuojainta\/kasvonsuojainta.<\/li>\n<li>Anv\u00e4nd skyddshandskar\/skyddskl\u00e4der \/\u00f6gonskydd \/ ansiktsskydd.<\/li>\n<\/ul>\n<p><strong>P264<\/strong><\/p>\n<ul>\n<li>Pese huolellisesti k\u00e4sittelyn j\u00e4lkeen.<\/li>\n<li>Tv\u00e4tta noggrant efter hantering.<\/li>\n<\/ul>\n<p><strong>P270<\/strong><\/p>\n<ul>\n<li>Sy\u00f6minen, juominen ja tupakointi kielletty kemikaalia k\u00e4ytett\u00e4ess\u00e4.<\/li>\n<li>Att \u00e4ta, dricka och r\u00f6ka b\u00f6r vara f\u00f6rbjudet i omr\u00e5den d\u00e4r detta material hanteras, f\u00f6rvaras och bearbetas.<\/li>\n<\/ul>\n<p><strong>P301+P312<\/strong><\/p>\n<ul>\n<li>JOS KEMIKAALIA ON NIELTY: Ota yhteys MYRKYTYSTIETOKESKUKSEEN tai l\u00e4\u00e4k\u00e4riin, jos ilmenee pahoinvointia.<\/li>\n<li>VID F\u00d6RT\u00c4RING: Kontakta GIFTINFORMATIONSCENTRAL eller l\u00e4kare om du m\u00e5r d\u00e5ligt.<\/li>\n<\/ul>\n<p><strong>P302+P352<\/strong><\/p>\n<ul>\n<li>JOS KEMIKAALIA JOUTUU IHOLLE: Pese runsaalla vedell\u00e4 ja saippualla.<\/li>\n<li>VID HUDKONTAKT: Tv\u00e4tta med mycket tv\u00e5l och vatten.<\/li>\n<\/ul>\n<p><strong>P501<\/strong><\/p>\n<ul>\n<li>H\u00e4vit\u00e4 sis\u00e4lt\u00f6\/pakkaus vaarallisena j\u00e4tteen\u00e4.<\/li>\n<li>Kassera inneh\u00e5llet\/beh\u00e5llaren som farligt avfall.<\/li>\n<\/ul>\n<p>&nbsp;<\/p>\n<p><a href=\"https:\/\/hunaja.fi\/wp-content\/uploads\/2022\/03\/Oksaalihappo-dihydraatti-min-995.pdf\" target=\"_blank\" rel=\"noopener\">Lataa K\u00e4ytt\u00f6turvallisuustiedote<\/a><\/p>\n","protected":false},"excerpt":{"rendered":"<p>Muovipurkkiin pakattu oksaalihappojauhe. VAARA FARA 615 [&hellip;]<\/p>\n","protected":false},"featured_media":34585,"template":"","meta":{"_acf_changed":false,"_improvement_type_select":"improve_an_existing","_thumb_yes_seoaic":false,"_frame_yes_seoaic":false,"seoaic_generate_description":"","seoaic_improve_instructions_prompt":"","seoaic_rollback_content_improvement":"","seoaic_idea_thumbnail_generator":"","thumbnail_generated":false,"thumbnail_generate_prompt":"","seoaic_article_description":"","site-sidebar-layout":"default","site-content-layout":"default","ast-site-content-layout":"default","site-content-style":"default","site-sidebar-style":"default","ast-global-header-display":"","ast-banner-title-visibility":"","ast-main-header-display":"","ast-hfb-above-header-display":"","ast-hfb-below-header-display":"","ast-hfb-mobile-header-display":"","site-post-title":"","ast-breadcrumbs-content":"","ast-featured-img":"","footer-sml-layout":"","ast-disable-related-posts":"","theme-transparent-header-meta":"default","adv-header-id-meta":"","stick-header-meta":"default","header-above-stick-meta":"","header-main-stick-meta":"","header-below-stick-meta":"","astra-migrate-meta-layouts":"default","ast-page-background-enabled":"default","ast-page-background-meta":{"desktop":{"background-color":"","background-image":"","background-repeat":"repeat","background-position":"center center","background-size":"auto","background-attachment":"scroll","background-type":"","background-media":"","overlay-type":"","overlay-color":"","overlay-opacity":"","overlay-gradient":""},"tablet":{"background-color":"","background-image":"","background-repeat":"repeat","background-position":"center center","background-size":"auto","background-attachment":"scroll","background-type":"","background-media":"","overlay-type":"","overlay-color":"","overlay-opacity":"","overlay-gradient":""},"mobile":{"background-color":"","background-image":"","background-repeat":"repeat","background-position":"center center","background-size":"auto","background-attachment":"scroll","background-type":"","background-media":"","overlay-type":"","overlay-color":"","overlay-opacity":"","overlay-gradient":""}},"ast-content-background-meta":{"desktop":{"background-color":"var(--ast-global-color-5)","background-image":"","background-repeat":"repeat","background-position":"center center","background-size":"auto","background-attachment":"scroll","background-type":"","background-media":"","overlay-type":"","overlay-color":"","overlay-opacity":"","overlay-gradient":""},"tablet":{"background-color":"var(--ast-global-color-5)","background-image":"","background-repeat":"repeat","background-position":"center center","background-size":"auto","background-attachment":"scroll","background-type":"","background-media":"","overlay-type":"","overlay-color":"","overlay-opacity":"","overlay-gradient":""},"mobile":{"background-color":"var(--ast-global-color-5)","background-image":"","background-repeat":"repeat","background-position":"center center","background-size":"auto","background-attachment":"scroll","background-type":"","background-media":"","overlay-type":"","overlay-color":"","overlay-opacity":"","overlay-gradient":""}}},"product_brand":[],"product_cat":[2024,197],"product_tag":[],"class_list":{"0":"post-2772","1":"product","2":"type-product","3":"status-publish","4":"has-post-thumbnail","6":"product_cat-hapot","7":"product_cat-tuholaisten-torjunta-hapot","8":"desktop-align-center","9":"tablet-align-center","10":"mobile-align-center","11":"ast-product-gallery-layout-horizontal","12":"ast-product-gallery-with-no-image","13":"ast-magnify-disabled","14":"ast-product-tabs-layout-horizontal","16":"first","17":"instock","18":"shipping-taxable","19":"purchasable","20":"product-type-simple"},"acf":[],"yoast_head":"<!-- This site is optimized with the Yoast SEO plugin v26.7 - https:\/\/yoast.com\/wordpress\/plugins\/seo\/ -->\n<title>Oksaalihappo dihydraatti (min 99.8%) 75g - Hunajayhtym\u00e4 Oy<\/title>\n<meta name=\"description\" content=\"Muovipurkkiin pakattu oksaalihappojauhe. VAARA FARA 6153-56-6(CAS) H302 Haitallista nieltyn\u00e4. Farligt vid f\u00f6rt\u00e4ring. H312 Haitallista joutuessaan iholle.\" \/>\n<meta name=\"robots\" content=\"index, follow, max-snippet:-1, max-image-preview:large, max-video-preview:-1\" \/>\n<link rel=\"canonical\" href=\"https:\/\/hunaja.fi\/tuote\/oksaalihappo-75g\/\" \/>\n<meta property=\"og:locale\" content=\"zh_CN\" \/>\n<meta property=\"og:type\" content=\"article\" \/>\n<meta property=\"og:title\" content=\"Oksaalihappo dihydraatti (min 99.8%) 75g - Hunajayhtym\u00e4 Oy\" \/>\n<meta property=\"og:description\" content=\"Muovipurkkiin pakattu oksaalihappojauhe. VAARA FARA 6153-56-6(CAS) H302 Haitallista nieltyn\u00e4. Farligt vid f\u00f6rt\u00e4ring. H312 Haitallista joutuessaan iholle.\" \/>\n<meta property=\"og:url\" content=\"https:\/\/hunaja.fi\/tuote\/oksaalihappo-75g\/\" \/>\n<meta property=\"og:site_name\" content=\"Hunajayhtym\u00e4 Oy\" \/>\n<meta property=\"article:modified_time\" content=\"2023-03-30T07:00:47+00:00\" \/>\n<meta property=\"og:image\" content=\"https:\/\/hunaja.fi\/wp-content\/uploads\/2013\/11\/oksaalihappo.jpg\" \/>\n\t<meta property=\"og:image:width\" content=\"2544\" \/>\n\t<meta property=\"og:image:height\" content=\"2148\" \/>\n\t<meta property=\"og:image:type\" content=\"image\/jpeg\" \/>\n<meta name=\"twitter:card\" content=\"summary_large_image\" \/>\n<meta name=\"twitter:label1\" content=\"\u9884\u8ba1\u9605\u8bfb\u65f6\u95f4\" \/>\n\t<meta name=\"twitter:data1\" content=\"2 \u5206\" \/>\n<script type=\"application\/ld+json\" class=\"yoast-schema-graph\">{\"@context\":\"https:\/\/schema.org\",\"@graph\":[{\"@type\":\"WebPage\",\"@id\":\"https:\/\/hunaja.fi\/tuote\/oksaalihappo-75g\/\",\"url\":\"https:\/\/hunaja.fi\/tuote\/oksaalihappo-75g\/\",\"name\":\"Oksaalihappo dihydraatti (min 99.8%) 75g - Hunajayhtym\u00e4 Oy\",\"isPartOf\":{\"@id\":\"https:\/\/hunaja.fi\/#website\"},\"primaryImageOfPage\":{\"@id\":\"https:\/\/hunaja.fi\/tuote\/oksaalihappo-75g\/#primaryimage\"},\"image\":{\"@id\":\"https:\/\/hunaja.fi\/tuote\/oksaalihappo-75g\/#primaryimage\"},\"thumbnailUrl\":\"https:\/\/hunaja.fi\/wp-content\/uploads\/2013\/11\/oksaalihappo.jpg\",\"datePublished\":\"2013-11-21T22:00:00+00:00\",\"dateModified\":\"2023-03-30T07:00:47+00:00\",\"description\":\"Muovipurkkiin pakattu oksaalihappojauhe. VAARA FARA 6153-56-6(CAS) H302 Haitallista nieltyn\u00e4. Farligt vid f\u00f6rt\u00e4ring. H312 Haitallista joutuessaan iholle.\",\"breadcrumb\":{\"@id\":\"https:\/\/hunaja.fi\/tuote\/oksaalihappo-75g\/#breadcrumb\"},\"inLanguage\":\"zh-Hans\",\"potentialAction\":[{\"@type\":\"ReadAction\",\"target\":[\"https:\/\/hunaja.fi\/tuote\/oksaalihappo-75g\/\"]}]},{\"@type\":\"ImageObject\",\"inLanguage\":\"zh-Hans\",\"@id\":\"https:\/\/hunaja.fi\/tuote\/oksaalihappo-75g\/#primaryimage\",\"url\":\"https:\/\/hunaja.fi\/wp-content\/uploads\/2013\/11\/oksaalihappo.jpg\",\"contentUrl\":\"https:\/\/hunaja.fi\/wp-content\/uploads\/2013\/11\/oksaalihappo.jpg\",\"width\":2544,\"height\":2148},{\"@type\":\"BreadcrumbList\",\"@id\":\"https:\/\/hunaja.fi\/tuote\/oksaalihappo-75g\/#breadcrumb\",\"itemListElement\":[{\"@type\":\"ListItem\",\"position\":1,\"name\":\"Etusivu\",\"item\":\"https:\/\/hunaja.fi\/\"},{\"@type\":\"ListItem\",\"position\":2,\"name\":\"Tuotteet\",\"item\":\"https:\/\/hunaja.fi\/kauppapaikka\/tuotteet\/\"},{\"@type\":\"ListItem\",\"position\":3,\"name\":\"Hapot, torjunta ja kaluston huolto\",\"item\":\"https:\/\/hunaja.fi\/tuote-osasto\/tuholaisten-torjunta-hapot\/\"},{\"@type\":\"ListItem\",\"position\":4,\"name\":\"Hapot\",\"item\":\"https:\/\/hunaja.fi\/tuote-osasto\/tuholaisten-torjunta-hapot\/hapot\/\"},{\"@type\":\"ListItem\",\"position\":5,\"name\":\"Oksaalihappo dihydraatti (min 99.8%) 75g\"}]},{\"@type\":\"WebSite\",\"@id\":\"https:\/\/hunaja.fi\/#website\",\"url\":\"https:\/\/hunaja.fi\/\",\"name\":\"Hunajayhtym\u00e4 Oy\",\"description\":\"Nature Loves Finnish Floral Honey\",\"publisher\":{\"@id\":\"https:\/\/hunaja.fi\/#organization\"},\"potentialAction\":[{\"@type\":\"SearchAction\",\"target\":{\"@type\":\"EntryPoint\",\"urlTemplate\":\"https:\/\/hunaja.fi\/?s={search_term_string}\"},\"query-input\":{\"@type\":\"PropertyValueSpecification\",\"valueRequired\":true,\"valueName\":\"search_term_string\"}}],\"inLanguage\":\"zh-Hans\"},{\"@type\":\"Organization\",\"@id\":\"https:\/\/hunaja.fi\/#organization\",\"name\":\"Hunajayhtym\u00e4 Oy\",\"url\":\"https:\/\/hunaja.fi\/\",\"logo\":{\"@type\":\"ImageObject\",\"inLanguage\":\"zh-Hans\",\"@id\":\"https:\/\/hunaja.fi\/#\/schema\/logo\/image\/\",\"url\":\"https:\/\/hunaja.fi\/wp-content\/uploads\/2021\/07\/Hunajayhtyma_Logo_VAAKA_slogan_cmyk-01.png\",\"contentUrl\":\"https:\/\/hunaja.fi\/wp-content\/uploads\/2021\/07\/Hunajayhtyma_Logo_VAAKA_slogan_cmyk-01.png\",\"width\":656,\"height\":242,\"caption\":\"Hunajayhtym\u00e4 Oy\"},\"image\":{\"@id\":\"https:\/\/hunaja.fi\/#\/schema\/logo\/image\/\"}}]}<\/script>\n<!-- \/ Yoast SEO plugin. -->","yoast_head_json":{"title":"Oksaalihappo dihydraatti (min 99.8%) 75g - Hunajayhtym\u00e4 Oy","description":"Muovipurkkiin pakattu oksaalihappojauhe. VAARA FARA 6153-56-6(CAS) H302 Haitallista nieltyn\u00e4. Farligt vid f\u00f6rt\u00e4ring. H312 Haitallista joutuessaan iholle.","robots":{"index":"index","follow":"follow","max-snippet":"max-snippet:-1","max-image-preview":"max-image-preview:large","max-video-preview":"max-video-preview:-1"},"canonical":"https:\/\/hunaja.fi\/tuote\/oksaalihappo-75g\/","og_locale":"zh_CN","og_type":"article","og_title":"Oksaalihappo dihydraatti (min 99.8%) 75g - Hunajayhtym\u00e4 Oy","og_description":"Muovipurkkiin pakattu oksaalihappojauhe. VAARA FARA 6153-56-6(CAS) H302 Haitallista nieltyn\u00e4. Farligt vid f\u00f6rt\u00e4ring. H312 Haitallista joutuessaan iholle.","og_url":"https:\/\/hunaja.fi\/tuote\/oksaalihappo-75g\/","og_site_name":"Hunajayhtym\u00e4 Oy","article_modified_time":"2023-03-30T07:00:47+00:00","og_image":[{"width":2544,"height":2148,"url":"https:\/\/hunaja.fi\/wp-content\/uploads\/2013\/11\/oksaalihappo.jpg","type":"image\/jpeg"}],"twitter_card":"summary_large_image","twitter_misc":{"\u9884\u8ba1\u9605\u8bfb\u65f6\u95f4":"2 \u5206"},"schema":{"@context":"https:\/\/schema.org","@graph":[{"@type":"WebPage","@id":"https:\/\/hunaja.fi\/tuote\/oksaalihappo-75g\/","url":"https:\/\/hunaja.fi\/tuote\/oksaalihappo-75g\/","name":"Oksaalihappo dihydraatti (min 99.8%) 75g - Hunajayhtym\u00e4 Oy","isPartOf":{"@id":"https:\/\/hunaja.fi\/#website"},"primaryImageOfPage":{"@id":"https:\/\/hunaja.fi\/tuote\/oksaalihappo-75g\/#primaryimage"},"image":{"@id":"https:\/\/hunaja.fi\/tuote\/oksaalihappo-75g\/#primaryimage"},"thumbnailUrl":"https:\/\/hunaja.fi\/wp-content\/uploads\/2013\/11\/oksaalihappo.jpg","datePublished":"2013-11-21T22:00:00+00:00","dateModified":"2023-03-30T07:00:47+00:00","description":"Muovipurkkiin pakattu oksaalihappojauhe. VAARA FARA 6153-56-6(CAS) H302 Haitallista nieltyn\u00e4. Farligt vid f\u00f6rt\u00e4ring. H312 Haitallista joutuessaan iholle.","breadcrumb":{"@id":"https:\/\/hunaja.fi\/tuote\/oksaalihappo-75g\/#breadcrumb"},"inLanguage":"zh-Hans","potentialAction":[{"@type":"ReadAction","target":["https:\/\/hunaja.fi\/tuote\/oksaalihappo-75g\/"]}]},{"@type":"ImageObject","inLanguage":"zh-Hans","@id":"https:\/\/hunaja.fi\/tuote\/oksaalihappo-75g\/#primaryimage","url":"https:\/\/hunaja.fi\/wp-content\/uploads\/2013\/11\/oksaalihappo.jpg","contentUrl":"https:\/\/hunaja.fi\/wp-content\/uploads\/2013\/11\/oksaalihappo.jpg","width":2544,"height":2148},{"@type":"BreadcrumbList","@id":"https:\/\/hunaja.fi\/tuote\/oksaalihappo-75g\/#breadcrumb","itemListElement":[{"@type":"ListItem","position":1,"name":"Etusivu","item":"https:\/\/hunaja.fi\/"},{"@type":"ListItem","position":2,"name":"Tuotteet","item":"https:\/\/hunaja.fi\/kauppapaikka\/tuotteet\/"},{"@type":"ListItem","position":3,"name":"Hapot, torjunta ja kaluston huolto","item":"https:\/\/hunaja.fi\/tuote-osasto\/tuholaisten-torjunta-hapot\/"},{"@type":"ListItem","position":4,"name":"Hapot","item":"https:\/\/hunaja.fi\/tuote-osasto\/tuholaisten-torjunta-hapot\/hapot\/"},{"@type":"ListItem","position":5,"name":"Oksaalihappo dihydraatti (min 99.8%) 75g"}]},{"@type":"WebSite","@id":"https:\/\/hunaja.fi\/#website","url":"https:\/\/hunaja.fi\/","name":"Hunajayhtym\u00e4 Oy","description":"Nature Loves Finnish Floral Honey","publisher":{"@id":"https:\/\/hunaja.fi\/#organization"},"potentialAction":[{"@type":"SearchAction","target":{"@type":"EntryPoint","urlTemplate":"https:\/\/hunaja.fi\/?s={search_term_string}"},"query-input":{"@type":"PropertyValueSpecification","valueRequired":true,"valueName":"search_term_string"}}],"inLanguage":"zh-Hans"},{"@type":"Organization","@id":"https:\/\/hunaja.fi\/#organization","name":"Hunajayhtym\u00e4 Oy","url":"https:\/\/hunaja.fi\/","logo":{"@type":"ImageObject","inLanguage":"zh-Hans","@id":"https:\/\/hunaja.fi\/#\/schema\/logo\/image\/","url":"https:\/\/hunaja.fi\/wp-content\/uploads\/2021\/07\/Hunajayhtyma_Logo_VAAKA_slogan_cmyk-01.png","contentUrl":"https:\/\/hunaja.fi\/wp-content\/uploads\/2021\/07\/Hunajayhtyma_Logo_VAAKA_slogan_cmyk-01.png","width":656,"height":242,"caption":"Hunajayhtym\u00e4 Oy"},"image":{"@id":"https:\/\/hunaja.fi\/#\/schema\/logo\/image\/"}}]}},"_links":{"self":[{"href":"https:\/\/hunaja.fi\/zh-hans\/wp-json\/wp\/v2\/product\/2772","targetHints":{"allow":["GET"]}}],"collection":[{"href":"https:\/\/hunaja.fi\/zh-hans\/wp-json\/wp\/v2\/product"}],"about":[{"href":"https:\/\/hunaja.fi\/zh-hans\/wp-json\/wp\/v2\/types\/product"}],"wp:featuredmedia":[{"embeddable":true,"href":"https:\/\/hunaja.fi\/zh-hans\/wp-json\/wp\/v2\/media\/34585"}],"wp:attachment":[{"href":"https:\/\/hunaja.fi\/zh-hans\/wp-json\/wp\/v2\/media?parent=2772"}],"wp:term":[{"taxonomy":"product_brand","embeddable":true,"href":"https:\/\/hunaja.fi\/zh-hans\/wp-json\/wp\/v2\/product_brand?post=2772"},{"taxonomy":"product_cat","embeddable":true,"href":"https:\/\/hunaja.fi\/zh-hans\/wp-json\/wp\/v2\/product_cat?post=2772"},{"taxonomy":"product_tag","embeddable":true,"href":"https:\/\/hunaja.fi\/zh-hans\/wp-json\/wp\/v2\/product_tag?post=2772"}],"curies":[{"name":"wp","href":"https:\/\/api.w.org\/{rel}","templated":true}]}}