{"id":2658,"date":"2013-11-22T00:00:00","date_gmt":"2013-11-21T22:00:00","guid":{"rendered":"https:\/\/www.hunaja.fi\/tuote\/juotosratas\/"},"modified":"2023-09-06T12:55:29","modified_gmt":"2023-09-06T09:55:29","slug":"juotosratas","status":"publish","type":"product","link":"https:\/\/hunaja.fi\/zh-hans\/tuote\/juotosratas\/","title":{"rendered":"Juotosratas"},"content":{"rendered":"<p>Vahalevyjen kiinnitt\u00e4miseen keh\u00e4listoihin,\u00a0 perinteisell\u00e4 k\u00e4sity\u00f6tavalla. Juotosratas on ty\u00f6kalu, miss\u00e4 py\u00f6riv\u00e4 kuuma hammaspy\u00f6r\u00e4 painaa langan vahapohjukkeen sis\u00e4lle. Rattaan kuumuus sulattaa vahaa\u00a0 langan ymp\u00e4rilt\u00e4, ja hammaspy\u00f6r\u00e4n hampaiden keskell\u00e4 on ura, jonka ansiosta py\u00f6r\u00e4\u00e4 voi vet\u00e4\u00e4 lankaa pitkin. L\u00e4mmit\u00e4 ratas joko kuumalla vedell\u00e4, levyll\u00e4, tai avoliekiss\u00e4. Ty\u00f6skentelyn jouduttamiseen, on hyv\u00e4 olla kaksi juotosratasta, jolloin toinen voi l\u00e4mmet\u00e4 sill\u00e4 aikaa, kun ty\u00f6skentelet toisella.<\/p>\n","protected":false},"excerpt":{"rendered":"<p>Vahalevyjen kiinnitt\u00e4miseen keh\u00e4listoihin,\u00a0 perinteisel [&hellip;]<\/p>\n","protected":false},"featured_media":11134,"template":"","meta":{"_acf_changed":false,"_improvement_type_select":"improve_an_existing","_thumb_yes_seoaic":false,"_frame_yes_seoaic":false,"seoaic_generate_description":"","seoaic_improve_instructions_prompt":"","seoaic_rollback_content_improvement":"","seoaic_idea_thumbnail_generator":"","thumbnail_generated":false,"thumbnail_generate_prompt":"","seoaic_article_description":"","site-sidebar-layout":"default","site-content-layout":"default","ast-site-content-layout":"default","site-content-style":"default","site-sidebar-style":"default","ast-global-header-display":"","ast-banner-title-visibility":"","ast-main-header-display":"","ast-hfb-above-header-display":"","ast-hfb-below-header-display":"","ast-hfb-mobile-header-display":"","site-post-title":"","ast-breadcrumbs-content":"","ast-featured-img":"","footer-sml-layout":"","ast-disable-related-posts":"","theme-transparent-header-meta":"default","adv-header-id-meta":"","stick-header-meta":"default","header-above-stick-meta":"","header-main-stick-meta":"","header-below-stick-meta":"","astra-migrate-meta-layouts":"default","ast-page-background-enabled":"default","ast-page-background-meta":{"desktop":{"background-color":"","background-image":"","background-repeat":"repeat","background-position":"center center","background-size":"auto","background-attachment":"scroll","background-type":"","background-media":"","overlay-type":"","overlay-color":"","overlay-opacity":"","overlay-gradient":""},"tablet":{"background-color":"","background-image":"","background-repeat":"repeat","background-position":"center center","background-size":"auto","background-attachment":"scroll","background-type":"","background-media":"","overlay-type":"","overlay-color":"","overlay-opacity":"","overlay-gradient":""},"mobile":{"background-color":"","background-image":"","background-repeat":"repeat","background-position":"center center","background-size":"auto","background-attachment":"scroll","background-type":"","background-media":"","overlay-type":"","overlay-color":"","overlay-opacity":"","overlay-gradient":""}},"ast-content-background-meta":{"desktop":{"background-color":"var(--ast-global-color-5)","background-image":"","background-repeat":"repeat","background-position":"center center","background-size":"auto","background-attachment":"scroll","background-type":"","background-media":"","overlay-type":"","overlay-color":"","overlay-opacity":"","overlay-gradient":""},"tablet":{"background-color":"var(--ast-global-color-5)","background-image":"","background-repeat":"repeat","background-position":"center center","background-size":"auto","background-attachment":"scroll","background-type":"","background-media":"","overlay-type":"","overlay-color":"","overlay-opacity":"","overlay-gradient":""},"mobile":{"background-color":"var(--ast-global-color-5)","background-image":"","background-repeat":"repeat","background-position":"center center","background-size":"auto","background-attachment":"scroll","background-type":"","background-media":"","overlay-type":"","overlay-color":"","overlay-opacity":"","overlay-gradient":""}}},"product_brand":[],"product_cat":[2043,2077,537,950],"product_tag":[],"class_list":{"0":"post-2658","1":"product","2":"type-product","3":"status-publish","4":"has-post-thumbnail","6":"product_cat-tarvikkeet","7":"product_cat-kehalistatarvikkeet_sesonki","8":"product_cat-hoitotarvikkeet","9":"product_cat-kehalistat","10":"desktop-align-center","11":"tablet-align-center","12":"mobile-align-center","13":"ast-product-gallery-layout-horizontal","14":"ast-product-gallery-with-no-image","15":"ast-magnify-disabled","16":"ast-product-tabs-layout-horizontal","18":"first","19":"instock","20":"shipping-taxable","21":"purchasable","22":"product-type-simple"},"acf":[],"yoast_head":"<!-- This site is optimized with the Yoast SEO plugin v26.7 - https:\/\/yoast.com\/wordpress\/plugins\/seo\/ -->\n<title>Juotosratas - Hunajayhtym\u00e4 Oy<\/title>\n<meta name=\"description\" content=\"Vahalevyjen kiinnitt\u00e4miseen keh\u00e4listoihin,\u00a0 perinteisell\u00e4 k\u00e4sity\u00f6tavalla. Juotosratas on ty\u00f6kalu, miss\u00e4 py\u00f6riv\u00e4 kuuma hammaspy\u00f6r\u00e4 painaa langan\" \/>\n<meta name=\"robots\" content=\"index, follow, max-snippet:-1, max-image-preview:large, max-video-preview:-1\" \/>\n<link rel=\"canonical\" href=\"https:\/\/hunaja.fi\/tuote\/juotosratas\/\" \/>\n<meta property=\"og:locale\" content=\"zh_CN\" \/>\n<meta property=\"og:type\" content=\"article\" \/>\n<meta property=\"og:title\" content=\"Juotosratas - Hunajayhtym\u00e4 Oy\" \/>\n<meta property=\"og:description\" content=\"Vahalevyjen kiinnitt\u00e4miseen keh\u00e4listoihin,\u00a0 perinteisell\u00e4 k\u00e4sity\u00f6tavalla. Juotosratas on ty\u00f6kalu, miss\u00e4 py\u00f6riv\u00e4 kuuma hammaspy\u00f6r\u00e4 painaa langan\" \/>\n<meta property=\"og:url\" content=\"https:\/\/hunaja.fi\/tuote\/juotosratas\/\" \/>\n<meta property=\"og:site_name\" content=\"Hunajayhtym\u00e4 Oy\" \/>\n<meta property=\"article:modified_time\" content=\"2023-09-06T09:55:29+00:00\" \/>\n<meta property=\"og:image\" content=\"https:\/\/hunaja.fi\/wp-content\/uploads\/2016\/05\/juotosratas1.jpg\" \/>\n\t<meta property=\"og:image:width\" content=\"300\" \/>\n\t<meta property=\"og:image:height\" content=\"296\" \/>\n\t<meta property=\"og:image:type\" content=\"image\/jpeg\" \/>\n<meta name=\"twitter:card\" content=\"summary_large_image\" \/>\n<meta name=\"twitter:label1\" content=\"\u9884\u8ba1\u9605\u8bfb\u65f6\u95f4\" \/>\n\t<meta name=\"twitter:data1\" content=\"1 \u5206\" \/>\n<script type=\"application\/ld+json\" class=\"yoast-schema-graph\">{\"@context\":\"https:\/\/schema.org\",\"@graph\":[{\"@type\":\"WebPage\",\"@id\":\"https:\/\/hunaja.fi\/tuote\/juotosratas\/\",\"url\":\"https:\/\/hunaja.fi\/tuote\/juotosratas\/\",\"name\":\"Juotosratas - Hunajayhtym\u00e4 Oy\",\"isPartOf\":{\"@id\":\"https:\/\/hunaja.fi\/#website\"},\"primaryImageOfPage\":{\"@id\":\"https:\/\/hunaja.fi\/tuote\/juotosratas\/#primaryimage\"},\"image\":{\"@id\":\"https:\/\/hunaja.fi\/tuote\/juotosratas\/#primaryimage\"},\"thumbnailUrl\":\"https:\/\/hunaja.fi\/wp-content\/uploads\/2016\/05\/juotosratas1.jpg\",\"datePublished\":\"2013-11-21T22:00:00+00:00\",\"dateModified\":\"2023-09-06T09:55:29+00:00\",\"description\":\"Vahalevyjen kiinnitt\u00e4miseen keh\u00e4listoihin,\u00a0 perinteisell\u00e4 k\u00e4sity\u00f6tavalla. Juotosratas on ty\u00f6kalu, miss\u00e4 py\u00f6riv\u00e4 kuuma hammaspy\u00f6r\u00e4 painaa langan\",\"breadcrumb\":{\"@id\":\"https:\/\/hunaja.fi\/tuote\/juotosratas\/#breadcrumb\"},\"inLanguage\":\"zh-Hans\",\"potentialAction\":[{\"@type\":\"ReadAction\",\"target\":[\"https:\/\/hunaja.fi\/tuote\/juotosratas\/\"]}]},{\"@type\":\"ImageObject\",\"inLanguage\":\"zh-Hans\",\"@id\":\"https:\/\/hunaja.fi\/tuote\/juotosratas\/#primaryimage\",\"url\":\"https:\/\/hunaja.fi\/wp-content\/uploads\/2016\/05\/juotosratas1.jpg\",\"contentUrl\":\"https:\/\/hunaja.fi\/wp-content\/uploads\/2016\/05\/juotosratas1.jpg\",\"width\":300,\"height\":296},{\"@type\":\"BreadcrumbList\",\"@id\":\"https:\/\/hunaja.fi\/tuote\/juotosratas\/#breadcrumb\",\"itemListElement\":[{\"@type\":\"ListItem\",\"position\":1,\"name\":\"Etusivu\",\"item\":\"https:\/\/hunaja.fi\/\"},{\"@type\":\"ListItem\",\"position\":2,\"name\":\"Tuotteet\",\"item\":\"https:\/\/hunaja.fi\/kauppapaikka\/tuotteet\/\"},{\"@type\":\"ListItem\",\"position\":3,\"name\":\"Sesonkituotteet\",\"item\":\"https:\/\/hunaja.fi\/tuote-osasto\/sesonkituotteet\/\"},{\"@type\":\"ListItem\",\"position\":4,\"name\":\"Keh\u00e4listat ja vahoitus\",\"item\":\"https:\/\/hunaja.fi\/tuote-osasto\/sesonkituotteet\/kehalistat_ja_vahoitus_sesonki\/\"},{\"@type\":\"ListItem\",\"position\":5,\"name\":\"Tarvikkeet\",\"item\":\"https:\/\/hunaja.fi\/tuote-osasto\/sesonkituotteet\/kehalistat_ja_vahoitus_sesonki\/kehalistatarvikkeet_sesonki\/\"},{\"@type\":\"ListItem\",\"position\":6,\"name\":\"Juotosratas\"}]},{\"@type\":\"WebSite\",\"@id\":\"https:\/\/hunaja.fi\/#website\",\"url\":\"https:\/\/hunaja.fi\/\",\"name\":\"Hunajayhtym\u00e4 Oy\",\"description\":\"Nature Loves Finnish Floral Honey\",\"publisher\":{\"@id\":\"https:\/\/hunaja.fi\/#organization\"},\"potentialAction\":[{\"@type\":\"SearchAction\",\"target\":{\"@type\":\"EntryPoint\",\"urlTemplate\":\"https:\/\/hunaja.fi\/?s={search_term_string}\"},\"query-input\":{\"@type\":\"PropertyValueSpecification\",\"valueRequired\":true,\"valueName\":\"search_term_string\"}}],\"inLanguage\":\"zh-Hans\"},{\"@type\":\"Organization\",\"@id\":\"https:\/\/hunaja.fi\/#organization\",\"name\":\"Hunajayhtym\u00e4 Oy\",\"url\":\"https:\/\/hunaja.fi\/\",\"logo\":{\"@type\":\"ImageObject\",\"inLanguage\":\"zh-Hans\",\"@id\":\"https:\/\/hunaja.fi\/#\/schema\/logo\/image\/\",\"url\":\"https:\/\/hunaja.fi\/wp-content\/uploads\/2021\/07\/Hunajayhtyma_Logo_VAAKA_slogan_cmyk-01.png\",\"contentUrl\":\"https:\/\/hunaja.fi\/wp-content\/uploads\/2021\/07\/Hunajayhtyma_Logo_VAAKA_slogan_cmyk-01.png\",\"width\":656,\"height\":242,\"caption\":\"Hunajayhtym\u00e4 Oy\"},\"image\":{\"@id\":\"https:\/\/hunaja.fi\/#\/schema\/logo\/image\/\"}}]}<\/script>\n<!-- \/ Yoast SEO plugin. -->","yoast_head_json":{"title":"Juotosratas - Hunajayhtym\u00e4 Oy","description":"Vahalevyjen kiinnitt\u00e4miseen keh\u00e4listoihin,\u00a0 perinteisell\u00e4 k\u00e4sity\u00f6tavalla. Juotosratas on ty\u00f6kalu, miss\u00e4 py\u00f6riv\u00e4 kuuma hammaspy\u00f6r\u00e4 painaa langan","robots":{"index":"index","follow":"follow","max-snippet":"max-snippet:-1","max-image-preview":"max-image-preview:large","max-video-preview":"max-video-preview:-1"},"canonical":"https:\/\/hunaja.fi\/tuote\/juotosratas\/","og_locale":"zh_CN","og_type":"article","og_title":"Juotosratas - Hunajayhtym\u00e4 Oy","og_description":"Vahalevyjen kiinnitt\u00e4miseen keh\u00e4listoihin,\u00a0 perinteisell\u00e4 k\u00e4sity\u00f6tavalla. Juotosratas on ty\u00f6kalu, miss\u00e4 py\u00f6riv\u00e4 kuuma hammaspy\u00f6r\u00e4 painaa langan","og_url":"https:\/\/hunaja.fi\/tuote\/juotosratas\/","og_site_name":"Hunajayhtym\u00e4 Oy","article_modified_time":"2023-09-06T09:55:29+00:00","og_image":[{"width":300,"height":296,"url":"https:\/\/hunaja.fi\/wp-content\/uploads\/2016\/05\/juotosratas1.jpg","type":"image\/jpeg"}],"twitter_card":"summary_large_image","twitter_misc":{"\u9884\u8ba1\u9605\u8bfb\u65f6\u95f4":"1 \u5206"},"schema":{"@context":"https:\/\/schema.org","@graph":[{"@type":"WebPage","@id":"https:\/\/hunaja.fi\/tuote\/juotosratas\/","url":"https:\/\/hunaja.fi\/tuote\/juotosratas\/","name":"Juotosratas - Hunajayhtym\u00e4 Oy","isPartOf":{"@id":"https:\/\/hunaja.fi\/#website"},"primaryImageOfPage":{"@id":"https:\/\/hunaja.fi\/tuote\/juotosratas\/#primaryimage"},"image":{"@id":"https:\/\/hunaja.fi\/tuote\/juotosratas\/#primaryimage"},"thumbnailUrl":"https:\/\/hunaja.fi\/wp-content\/uploads\/2016\/05\/juotosratas1.jpg","datePublished":"2013-11-21T22:00:00+00:00","dateModified":"2023-09-06T09:55:29+00:00","description":"Vahalevyjen kiinnitt\u00e4miseen keh\u00e4listoihin,\u00a0 perinteisell\u00e4 k\u00e4sity\u00f6tavalla. Juotosratas on ty\u00f6kalu, miss\u00e4 py\u00f6riv\u00e4 kuuma hammaspy\u00f6r\u00e4 painaa langan","breadcrumb":{"@id":"https:\/\/hunaja.fi\/tuote\/juotosratas\/#breadcrumb"},"inLanguage":"zh-Hans","potentialAction":[{"@type":"ReadAction","target":["https:\/\/hunaja.fi\/tuote\/juotosratas\/"]}]},{"@type":"ImageObject","inLanguage":"zh-Hans","@id":"https:\/\/hunaja.fi\/tuote\/juotosratas\/#primaryimage","url":"https:\/\/hunaja.fi\/wp-content\/uploads\/2016\/05\/juotosratas1.jpg","contentUrl":"https:\/\/hunaja.fi\/wp-content\/uploads\/2016\/05\/juotosratas1.jpg","width":300,"height":296},{"@type":"BreadcrumbList","@id":"https:\/\/hunaja.fi\/tuote\/juotosratas\/#breadcrumb","itemListElement":[{"@type":"ListItem","position":1,"name":"Etusivu","item":"https:\/\/hunaja.fi\/"},{"@type":"ListItem","position":2,"name":"Tuotteet","item":"https:\/\/hunaja.fi\/kauppapaikka\/tuotteet\/"},{"@type":"ListItem","position":3,"name":"Sesonkituotteet","item":"https:\/\/hunaja.fi\/tuote-osasto\/sesonkituotteet\/"},{"@type":"ListItem","position":4,"name":"Keh\u00e4listat ja vahoitus","item":"https:\/\/hunaja.fi\/tuote-osasto\/sesonkituotteet\/kehalistat_ja_vahoitus_sesonki\/"},{"@type":"ListItem","position":5,"name":"Tarvikkeet","item":"https:\/\/hunaja.fi\/tuote-osasto\/sesonkituotteet\/kehalistat_ja_vahoitus_sesonki\/kehalistatarvikkeet_sesonki\/"},{"@type":"ListItem","position":6,"name":"Juotosratas"}]},{"@type":"WebSite","@id":"https:\/\/hunaja.fi\/#website","url":"https:\/\/hunaja.fi\/","name":"Hunajayhtym\u00e4 Oy","description":"Nature Loves Finnish Floral Honey","publisher":{"@id":"https:\/\/hunaja.fi\/#organization"},"potentialAction":[{"@type":"SearchAction","target":{"@type":"EntryPoint","urlTemplate":"https:\/\/hunaja.fi\/?s={search_term_string}"},"query-input":{"@type":"PropertyValueSpecification","valueRequired":true,"valueName":"search_term_string"}}],"inLanguage":"zh-Hans"},{"@type":"Organization","@id":"https:\/\/hunaja.fi\/#organization","name":"Hunajayhtym\u00e4 Oy","url":"https:\/\/hunaja.fi\/","logo":{"@type":"ImageObject","inLanguage":"zh-Hans","@id":"https:\/\/hunaja.fi\/#\/schema\/logo\/image\/","url":"https:\/\/hunaja.fi\/wp-content\/uploads\/2021\/07\/Hunajayhtyma_Logo_VAAKA_slogan_cmyk-01.png","contentUrl":"https:\/\/hunaja.fi\/wp-content\/uploads\/2021\/07\/Hunajayhtyma_Logo_VAAKA_slogan_cmyk-01.png","width":656,"height":242,"caption":"Hunajayhtym\u00e4 Oy"},"image":{"@id":"https:\/\/hunaja.fi\/#\/schema\/logo\/image\/"}}]}},"_links":{"self":[{"href":"https:\/\/hunaja.fi\/zh-hans\/wp-json\/wp\/v2\/product\/2658","targetHints":{"allow":["GET"]}}],"collection":[{"href":"https:\/\/hunaja.fi\/zh-hans\/wp-json\/wp\/v2\/product"}],"about":[{"href":"https:\/\/hunaja.fi\/zh-hans\/wp-json\/wp\/v2\/types\/product"}],"wp:featuredmedia":[{"embeddable":true,"href":"https:\/\/hunaja.fi\/zh-hans\/wp-json\/wp\/v2\/media\/11134"}],"wp:attachment":[{"href":"https:\/\/hunaja.fi\/zh-hans\/wp-json\/wp\/v2\/media?parent=2658"}],"wp:term":[{"taxonomy":"product_brand","embeddable":true,"href":"https:\/\/hunaja.fi\/zh-hans\/wp-json\/wp\/v2\/product_brand?post=2658"},{"taxonomy":"product_cat","embeddable":true,"href":"https:\/\/hunaja.fi\/zh-hans\/wp-json\/wp\/v2\/product_cat?post=2658"},{"taxonomy":"product_tag","embeddable":true,"href":"https:\/\/hunaja.fi\/zh-hans\/wp-json\/wp\/v2\/product_tag?post=2658"}],"curies":[{"name":"wp","href":"https:\/\/api.w.org\/{rel}","templated":true}]}}