{"id":2503,"date":"2013-11-22T00:00:00","date_gmt":"2013-11-21T22:00:00","guid":{"rendered":"https:\/\/www.hunaja.fi\/tuote\/mehilaishoitoa-kaytannossa-1\/"},"modified":"2022-04-14T21:43:49","modified_gmt":"2022-04-14T18:43:49","slug":"mehilaishoitoa-kaytannossa-1","status":"publish","type":"product","link":"https:\/\/hunaja.fi\/zh-hans\/tuote\/mehilaishoitoa-kaytannossa-1\/","title":{"rendered":"Mehil\u00e4ishoitoa k\u00e4yt\u00e4nn\u00f6ss\u00e4 1"},"content":{"rendered":"<p>Tiivistetyss\u00e4 muodossa mehil\u00e4ishoidon tekniikat, taudit, hunajan k\u00e4sittely sek\u00e4 erilaisia tarhausmuotoja. K\u00e4yt\u00e4nn\u00f6n taitoja. Toimittaneet Lauri Ruottinen, Tarja Ollikka, Heikki Vartiainen, Ari Sepp\u00e4l\u00e4. Painos 2014 219 sivua, paljon kuvia.<\/p>\n","protected":false},"excerpt":{"rendered":"<p>Tiivistetyss\u00e4 muodossa mehil\u00e4ishoidon tekniikat, taudit [&hellip;]<\/p>\n","protected":false},"featured_media":7970,"template":"","meta":{"_acf_changed":false,"_improvement_type_select":"improve_an_existing","_thumb_yes_seoaic":false,"_frame_yes_seoaic":false,"seoaic_generate_description":"","seoaic_improve_instructions_prompt":"","seoaic_rollback_content_improvement":"","seoaic_idea_thumbnail_generator":"","thumbnail_generated":false,"thumbnail_generate_prompt":"","seoaic_article_description":"","site-sidebar-layout":"default","site-content-layout":"default","ast-site-content-layout":"default","site-content-style":"default","site-sidebar-style":"default","ast-global-header-display":"","ast-banner-title-visibility":"","ast-main-header-display":"","ast-hfb-above-header-display":"","ast-hfb-below-header-display":"","ast-hfb-mobile-header-display":"","site-post-title":"","ast-breadcrumbs-content":"","ast-featured-img":"","footer-sml-layout":"","ast-disable-related-posts":"","theme-transparent-header-meta":"default","adv-header-id-meta":"","stick-header-meta":"default","header-above-stick-meta":"","header-main-stick-meta":"","header-below-stick-meta":"","astra-migrate-meta-layouts":"default","ast-page-background-enabled":"default","ast-page-background-meta":{"desktop":{"background-color":"","background-image":"","background-repeat":"repeat","background-position":"center center","background-size":"auto","background-attachment":"scroll","background-type":"","background-media":"","overlay-type":"","overlay-color":"","overlay-opacity":"","overlay-gradient":""},"tablet":{"background-color":"","background-image":"","background-repeat":"repeat","background-position":"center center","background-size":"auto","background-attachment":"scroll","background-type":"","background-media":"","overlay-type":"","overlay-color":"","overlay-opacity":"","overlay-gradient":""},"mobile":{"background-color":"","background-image":"","background-repeat":"repeat","background-position":"center center","background-size":"auto","background-attachment":"scroll","background-type":"","background-media":"","overlay-type":"","overlay-color":"","overlay-opacity":"","overlay-gradient":""}},"ast-content-background-meta":{"desktop":{"background-color":"var(--ast-global-color-5)","background-image":"","background-repeat":"repeat","background-position":"center center","background-size":"auto","background-attachment":"scroll","background-type":"","background-media":"","overlay-type":"","overlay-color":"","overlay-opacity":"","overlay-gradient":""},"tablet":{"background-color":"var(--ast-global-color-5)","background-image":"","background-repeat":"repeat","background-position":"center center","background-size":"auto","background-attachment":"scroll","background-type":"","background-media":"","overlay-type":"","overlay-color":"","overlay-opacity":"","overlay-gradient":""},"mobile":{"background-color":"var(--ast-global-color-5)","background-image":"","background-repeat":"repeat","background-position":"center center","background-size":"auto","background-attachment":"scroll","background-type":"","background-media":"","overlay-type":"","overlay-color":"","overlay-opacity":"","overlay-gradient":""}}},"product_brand":[],"product_cat":[562],"product_tag":[],"class_list":{"0":"post-2503","1":"product","2":"type-product","3":"status-publish","4":"has-post-thumbnail","6":"product_cat-kirjallisuus","7":"desktop-align-center","8":"tablet-align-center","9":"mobile-align-center","10":"ast-product-gallery-layout-horizontal","11":"ast-product-gallery-with-no-image","12":"ast-magnify-disabled","13":"ast-product-tabs-layout-horizontal","15":"first","16":"instock","17":"shipping-taxable","18":"purchasable","19":"product-type-simple"},"acf":[],"yoast_head":"<!-- This site is optimized with the Yoast SEO plugin v26.7 - https:\/\/yoast.com\/wordpress\/plugins\/seo\/ -->\n<title>Mehil\u00e4ishoitoa k\u00e4yt\u00e4nn\u00f6ss\u00e4 1 - Hunajayhtym\u00e4 Oy<\/title>\n<meta name=\"description\" content=\"Tiivistetyss\u00e4 muodossa mehil\u00e4ishoidon tekniikat, taudit, hunajan k\u00e4sittely sek\u00e4 erilaisia tarhausmuotoja. K\u00e4yt\u00e4nn\u00f6n taitoja. Toimittaneet Lauri Ruottinen,\" \/>\n<meta name=\"robots\" content=\"index, follow, max-snippet:-1, max-image-preview:large, max-video-preview:-1\" \/>\n<link rel=\"canonical\" href=\"https:\/\/hunaja.fi\/tuote\/mehilaishoitoa-kaytannossa-1\/\" \/>\n<meta property=\"og:locale\" content=\"zh_CN\" \/>\n<meta property=\"og:type\" content=\"article\" \/>\n<meta property=\"og:title\" content=\"Mehil\u00e4ishoitoa k\u00e4yt\u00e4nn\u00f6ss\u00e4 1 - Hunajayhtym\u00e4 Oy\" \/>\n<meta property=\"og:description\" content=\"Tiivistetyss\u00e4 muodossa mehil\u00e4ishoidon tekniikat, taudit, hunajan k\u00e4sittely sek\u00e4 erilaisia tarhausmuotoja. K\u00e4yt\u00e4nn\u00f6n taitoja. Toimittaneet Lauri Ruottinen,\" \/>\n<meta property=\"og:url\" content=\"https:\/\/hunaja.fi\/tuote\/mehilaishoitoa-kaytannossa-1\/\" \/>\n<meta property=\"og:site_name\" content=\"Hunajayhtym\u00e4 Oy\" \/>\n<meta property=\"article:modified_time\" content=\"2022-04-14T18:43:49+00:00\" \/>\n<meta property=\"og:image\" content=\"https:\/\/hunaja.fi\/wp-content\/uploads\/2013\/11\/mehilaishoitoakayt_2.jpg\" \/>\n\t<meta property=\"og:image:width\" content=\"300\" \/>\n\t<meta property=\"og:image:height\" content=\"300\" \/>\n\t<meta property=\"og:image:type\" content=\"image\/jpeg\" \/>\n<meta name=\"twitter:card\" content=\"summary_large_image\" \/>\n<script type=\"application\/ld+json\" class=\"yoast-schema-graph\">{\"@context\":\"https:\/\/schema.org\",\"@graph\":[{\"@type\":\"WebPage\",\"@id\":\"https:\/\/hunaja.fi\/tuote\/mehilaishoitoa-kaytannossa-1\/\",\"url\":\"https:\/\/hunaja.fi\/tuote\/mehilaishoitoa-kaytannossa-1\/\",\"name\":\"Mehil\u00e4ishoitoa k\u00e4yt\u00e4nn\u00f6ss\u00e4 1 - Hunajayhtym\u00e4 Oy\",\"isPartOf\":{\"@id\":\"https:\/\/hunaja.fi\/#website\"},\"primaryImageOfPage\":{\"@id\":\"https:\/\/hunaja.fi\/tuote\/mehilaishoitoa-kaytannossa-1\/#primaryimage\"},\"image\":{\"@id\":\"https:\/\/hunaja.fi\/tuote\/mehilaishoitoa-kaytannossa-1\/#primaryimage\"},\"thumbnailUrl\":\"https:\/\/hunaja.fi\/wp-content\/uploads\/2013\/11\/mehilaishoitoakayt_2.jpg\",\"datePublished\":\"2013-11-21T22:00:00+00:00\",\"dateModified\":\"2022-04-14T18:43:49+00:00\",\"description\":\"Tiivistetyss\u00e4 muodossa mehil\u00e4ishoidon tekniikat, taudit, hunajan k\u00e4sittely sek\u00e4 erilaisia tarhausmuotoja. K\u00e4yt\u00e4nn\u00f6n taitoja. Toimittaneet Lauri Ruottinen,\",\"breadcrumb\":{\"@id\":\"https:\/\/hunaja.fi\/tuote\/mehilaishoitoa-kaytannossa-1\/#breadcrumb\"},\"inLanguage\":\"zh-Hans\",\"potentialAction\":[{\"@type\":\"ReadAction\",\"target\":[\"https:\/\/hunaja.fi\/tuote\/mehilaishoitoa-kaytannossa-1\/\"]}]},{\"@type\":\"ImageObject\",\"inLanguage\":\"zh-Hans\",\"@id\":\"https:\/\/hunaja.fi\/tuote\/mehilaishoitoa-kaytannossa-1\/#primaryimage\",\"url\":\"https:\/\/hunaja.fi\/wp-content\/uploads\/2013\/11\/mehilaishoitoakayt_2.jpg\",\"contentUrl\":\"https:\/\/hunaja.fi\/wp-content\/uploads\/2013\/11\/mehilaishoitoakayt_2.jpg\",\"width\":300,\"height\":300},{\"@type\":\"BreadcrumbList\",\"@id\":\"https:\/\/hunaja.fi\/tuote\/mehilaishoitoa-kaytannossa-1\/#breadcrumb\",\"itemListElement\":[{\"@type\":\"ListItem\",\"position\":1,\"name\":\"Etusivu\",\"item\":\"https:\/\/hunaja.fi\/\"},{\"@type\":\"ListItem\",\"position\":2,\"name\":\"Tuotteet\",\"item\":\"https:\/\/hunaja.fi\/kauppapaikka\/tuotteet\/\"},{\"@type\":\"ListItem\",\"position\":3,\"name\":\"Kirjallisuus\",\"item\":\"https:\/\/hunaja.fi\/en\/tuote-osasto\/kirjallisuus\/\"},{\"@type\":\"ListItem\",\"position\":4,\"name\":\"Mehil\u00e4ishoitoa k\u00e4yt\u00e4nn\u00f6ss\u00e4 1\"}]},{\"@type\":\"WebSite\",\"@id\":\"https:\/\/hunaja.fi\/#website\",\"url\":\"https:\/\/hunaja.fi\/\",\"name\":\"Hunajayhtym\u00e4 Oy\",\"description\":\"Nature Loves Finnish Floral Honey\",\"publisher\":{\"@id\":\"https:\/\/hunaja.fi\/#organization\"},\"potentialAction\":[{\"@type\":\"SearchAction\",\"target\":{\"@type\":\"EntryPoint\",\"urlTemplate\":\"https:\/\/hunaja.fi\/?s={search_term_string}\"},\"query-input\":{\"@type\":\"PropertyValueSpecification\",\"valueRequired\":true,\"valueName\":\"search_term_string\"}}],\"inLanguage\":\"zh-Hans\"},{\"@type\":\"Organization\",\"@id\":\"https:\/\/hunaja.fi\/#organization\",\"name\":\"Hunajayhtym\u00e4 Oy\",\"url\":\"https:\/\/hunaja.fi\/\",\"logo\":{\"@type\":\"ImageObject\",\"inLanguage\":\"zh-Hans\",\"@id\":\"https:\/\/hunaja.fi\/#\/schema\/logo\/image\/\",\"url\":\"https:\/\/hunaja.fi\/wp-content\/uploads\/2021\/07\/Hunajayhtyma_Logo_VAAKA_slogan_cmyk-01.png\",\"contentUrl\":\"https:\/\/hunaja.fi\/wp-content\/uploads\/2021\/07\/Hunajayhtyma_Logo_VAAKA_slogan_cmyk-01.png\",\"width\":656,\"height\":242,\"caption\":\"Hunajayhtym\u00e4 Oy\"},\"image\":{\"@id\":\"https:\/\/hunaja.fi\/#\/schema\/logo\/image\/\"}}]}<\/script>\n<!-- \/ Yoast SEO plugin. -->","yoast_head_json":{"title":"Mehil\u00e4ishoitoa k\u00e4yt\u00e4nn\u00f6ss\u00e4 1 - Hunajayhtym\u00e4 Oy","description":"Tiivistetyss\u00e4 muodossa mehil\u00e4ishoidon tekniikat, taudit, hunajan k\u00e4sittely sek\u00e4 erilaisia tarhausmuotoja. K\u00e4yt\u00e4nn\u00f6n taitoja. Toimittaneet Lauri Ruottinen,","robots":{"index":"index","follow":"follow","max-snippet":"max-snippet:-1","max-image-preview":"max-image-preview:large","max-video-preview":"max-video-preview:-1"},"canonical":"https:\/\/hunaja.fi\/tuote\/mehilaishoitoa-kaytannossa-1\/","og_locale":"zh_CN","og_type":"article","og_title":"Mehil\u00e4ishoitoa k\u00e4yt\u00e4nn\u00f6ss\u00e4 1 - Hunajayhtym\u00e4 Oy","og_description":"Tiivistetyss\u00e4 muodossa mehil\u00e4ishoidon tekniikat, taudit, hunajan k\u00e4sittely sek\u00e4 erilaisia tarhausmuotoja. K\u00e4yt\u00e4nn\u00f6n taitoja. Toimittaneet Lauri Ruottinen,","og_url":"https:\/\/hunaja.fi\/tuote\/mehilaishoitoa-kaytannossa-1\/","og_site_name":"Hunajayhtym\u00e4 Oy","article_modified_time":"2022-04-14T18:43:49+00:00","og_image":[{"width":300,"height":300,"url":"https:\/\/hunaja.fi\/wp-content\/uploads\/2013\/11\/mehilaishoitoakayt_2.jpg","type":"image\/jpeg"}],"twitter_card":"summary_large_image","schema":{"@context":"https:\/\/schema.org","@graph":[{"@type":"WebPage","@id":"https:\/\/hunaja.fi\/tuote\/mehilaishoitoa-kaytannossa-1\/","url":"https:\/\/hunaja.fi\/tuote\/mehilaishoitoa-kaytannossa-1\/","name":"Mehil\u00e4ishoitoa k\u00e4yt\u00e4nn\u00f6ss\u00e4 1 - Hunajayhtym\u00e4 Oy","isPartOf":{"@id":"https:\/\/hunaja.fi\/#website"},"primaryImageOfPage":{"@id":"https:\/\/hunaja.fi\/tuote\/mehilaishoitoa-kaytannossa-1\/#primaryimage"},"image":{"@id":"https:\/\/hunaja.fi\/tuote\/mehilaishoitoa-kaytannossa-1\/#primaryimage"},"thumbnailUrl":"https:\/\/hunaja.fi\/wp-content\/uploads\/2013\/11\/mehilaishoitoakayt_2.jpg","datePublished":"2013-11-21T22:00:00+00:00","dateModified":"2022-04-14T18:43:49+00:00","description":"Tiivistetyss\u00e4 muodossa mehil\u00e4ishoidon tekniikat, taudit, hunajan k\u00e4sittely sek\u00e4 erilaisia tarhausmuotoja. K\u00e4yt\u00e4nn\u00f6n taitoja. Toimittaneet Lauri Ruottinen,","breadcrumb":{"@id":"https:\/\/hunaja.fi\/tuote\/mehilaishoitoa-kaytannossa-1\/#breadcrumb"},"inLanguage":"zh-Hans","potentialAction":[{"@type":"ReadAction","target":["https:\/\/hunaja.fi\/tuote\/mehilaishoitoa-kaytannossa-1\/"]}]},{"@type":"ImageObject","inLanguage":"zh-Hans","@id":"https:\/\/hunaja.fi\/tuote\/mehilaishoitoa-kaytannossa-1\/#primaryimage","url":"https:\/\/hunaja.fi\/wp-content\/uploads\/2013\/11\/mehilaishoitoakayt_2.jpg","contentUrl":"https:\/\/hunaja.fi\/wp-content\/uploads\/2013\/11\/mehilaishoitoakayt_2.jpg","width":300,"height":300},{"@type":"BreadcrumbList","@id":"https:\/\/hunaja.fi\/tuote\/mehilaishoitoa-kaytannossa-1\/#breadcrumb","itemListElement":[{"@type":"ListItem","position":1,"name":"Etusivu","item":"https:\/\/hunaja.fi\/"},{"@type":"ListItem","position":2,"name":"Tuotteet","item":"https:\/\/hunaja.fi\/kauppapaikka\/tuotteet\/"},{"@type":"ListItem","position":3,"name":"Kirjallisuus","item":"https:\/\/hunaja.fi\/en\/tuote-osasto\/kirjallisuus\/"},{"@type":"ListItem","position":4,"name":"Mehil\u00e4ishoitoa k\u00e4yt\u00e4nn\u00f6ss\u00e4 1"}]},{"@type":"WebSite","@id":"https:\/\/hunaja.fi\/#website","url":"https:\/\/hunaja.fi\/","name":"Hunajayhtym\u00e4 Oy","description":"Nature Loves Finnish Floral Honey","publisher":{"@id":"https:\/\/hunaja.fi\/#organization"},"potentialAction":[{"@type":"SearchAction","target":{"@type":"EntryPoint","urlTemplate":"https:\/\/hunaja.fi\/?s={search_term_string}"},"query-input":{"@type":"PropertyValueSpecification","valueRequired":true,"valueName":"search_term_string"}}],"inLanguage":"zh-Hans"},{"@type":"Organization","@id":"https:\/\/hunaja.fi\/#organization","name":"Hunajayhtym\u00e4 Oy","url":"https:\/\/hunaja.fi\/","logo":{"@type":"ImageObject","inLanguage":"zh-Hans","@id":"https:\/\/hunaja.fi\/#\/schema\/logo\/image\/","url":"https:\/\/hunaja.fi\/wp-content\/uploads\/2021\/07\/Hunajayhtyma_Logo_VAAKA_slogan_cmyk-01.png","contentUrl":"https:\/\/hunaja.fi\/wp-content\/uploads\/2021\/07\/Hunajayhtyma_Logo_VAAKA_slogan_cmyk-01.png","width":656,"height":242,"caption":"Hunajayhtym\u00e4 Oy"},"image":{"@id":"https:\/\/hunaja.fi\/#\/schema\/logo\/image\/"}}]}},"_links":{"self":[{"href":"https:\/\/hunaja.fi\/zh-hans\/wp-json\/wp\/v2\/product\/2503","targetHints":{"allow":["GET"]}}],"collection":[{"href":"https:\/\/hunaja.fi\/zh-hans\/wp-json\/wp\/v2\/product"}],"about":[{"href":"https:\/\/hunaja.fi\/zh-hans\/wp-json\/wp\/v2\/types\/product"}],"wp:featuredmedia":[{"embeddable":true,"href":"https:\/\/hunaja.fi\/zh-hans\/wp-json\/wp\/v2\/media\/7970"}],"wp:attachment":[{"href":"https:\/\/hunaja.fi\/zh-hans\/wp-json\/wp\/v2\/media?parent=2503"}],"wp:term":[{"taxonomy":"product_brand","embeddable":true,"href":"https:\/\/hunaja.fi\/zh-hans\/wp-json\/wp\/v2\/product_brand?post=2503"},{"taxonomy":"product_cat","embeddable":true,"href":"https:\/\/hunaja.fi\/zh-hans\/wp-json\/wp\/v2\/product_cat?post=2503"},{"taxonomy":"product_tag","embeddable":true,"href":"https:\/\/hunaja.fi\/zh-hans\/wp-json\/wp\/v2\/product_tag?post=2503"}],"curies":[{"name":"wp","href":"https:\/\/api.w.org\/{rel}","templated":true}]}}