{"id":2501,"date":"2013-11-22T00:00:00","date_gmt":"2013-11-21T22:00:00","guid":{"rendered":"https:\/\/www.hunaja.fi\/tuote\/jaaetikka\/"},"modified":"2025-01-24T14:27:45","modified_gmt":"2025-01-24T12:27:45","slug":"jaaetikka","status":"publish","type":"product","link":"https:\/\/hunaja.fi\/zh-hans\/tuote\/jaaetikka\/","title":{"rendered":"J\u00e4\u00e4etikka (99,85 %)"},"content":{"rendered":"<p>99,98-prosenttista etikkahappoa.<\/p>\n<p>Toimitus vain Matkahuollon kautta.<\/p>\n<p>Huom. korotettu toimitusmaksu (VAK).<\/p>\n<p><img decoding=\"async\" class=\"alignnone wp-image-34559\" src=\"https:\/\/hunaja.fi\/wp-content\/uploads\/2013\/11\/Symboli_ilmaisee_syovyttavia_aineita.jpg\" alt=\"\" width=\"70\" height=\"70\" srcset=\"https:\/\/hunaja.fi\/wp-content\/uploads\/2013\/11\/Symboli_ilmaisee_syovyttavia_aineita.jpg 150w, https:\/\/hunaja.fi\/wp-content\/uploads\/2013\/11\/Symboli_ilmaisee_syovyttavia_aineita-68x68.jpg 68w, https:\/\/hunaja.fi\/wp-content\/uploads\/2013\/11\/Symboli_ilmaisee_syovyttavia_aineita-88x88.jpg 88w, https:\/\/hunaja.fi\/wp-content\/uploads\/2013\/11\/Symboli_ilmaisee_syovyttavia_aineita-100x100.jpg 100w\" sizes=\"(max-width: 70px) 100vw, 70px\" \/><img decoding=\"async\" class=\"alignnone wp-image-34598\" src=\"https:\/\/hunaja.fi\/wp-content\/uploads\/2013\/11\/Symboli_ilmaisee_syttyvia_aineita.jpg\" alt=\"\" width=\"70\" height=\"70\" srcset=\"https:\/\/hunaja.fi\/wp-content\/uploads\/2013\/11\/Symboli_ilmaisee_syttyvia_aineita.jpg 150w, https:\/\/hunaja.fi\/wp-content\/uploads\/2013\/11\/Symboli_ilmaisee_syttyvia_aineita-68x68.jpg 68w, https:\/\/hunaja.fi\/wp-content\/uploads\/2013\/11\/Symboli_ilmaisee_syttyvia_aineita-88x88.jpg 88w, https:\/\/hunaja.fi\/wp-content\/uploads\/2013\/11\/Symboli_ilmaisee_syttyvia_aineita-100x100.jpg 100w\" sizes=\"(max-width: 70px) 100vw, 70px\" \/><\/p>\n<p><strong>\u00a0 \u00a0 \u00a0 \u00a0 \u00a0 VAARA<br \/>\nFARA<\/strong><\/p>\n<p>64-19-7(cas)<\/p>\n<p>&nbsp;<\/p>\n<p><strong>H314<\/strong><\/p>\n<ul>\n<li>Voimakkaasti ihoa sy\u00f6vytt\u00e4v\u00e4\u00e4 ja silmi\u00e4 vaurioittavaa.<\/li>\n<li>Orsakar allvarliga fr\u00e4tskador p\u00e5 hud och o \u00f6gon.<\/li>\n<\/ul>\n<p><strong>H226<\/strong><\/p>\n<ul>\n<li>Syttyv\u00e4 neste ja h\u00f6yry.<\/li>\n<li>Brandfarlig v\u00e4tska och \u00e5nga.<\/li>\n<\/ul>\n<p><strong>P260<\/strong><\/p>\n<ul>\n<li>\u00c4l\u00e4 hengit\u00e4 p\u00f6ly\u00e4\/savua\/kaasua\/sumua\/h\u00f6yry\u00e4\/suihketta.<\/li>\n<li>lnandas inte damm\/r\u00f6k\/gaser\/dimma\/\u00e5ngor \/sprej.<\/li>\n<\/ul>\n<p><strong>P280<\/strong><\/p>\n<ul>\n<li>K\u00e4yt\u00e4 suojak\u00e4sineit\u00e4\/suojavaatetusta\/silmiensuojainta\/kasvonsuojainta.<\/li>\n<li>Anv\u00e4nd skyddshandskar\/skyddskl\u00e4der\/\u00f6gonskydd\/ansiktsskydd.<\/li>\n<\/ul>\n<p><strong>P210<\/strong><\/p>\n<ul>\n<li>Suojaa l\u00e4mm\u00f6lt\u00e4, kuumilta pinnoilta, kipin\u00f6ilt\u00e4, avotulelta ja muilta sytytysl\u00e4hteilt\u00e4. Tupakointi kielletty.<\/li>\n<li>Skydda mot v\u00e4rme, heta ytor, gnistor, \u00f6ppen l\u00e5ga och fr\u00e5n andra ant\u00e4ndningsk\u00e4llor. Ingen r\u00f6kning.<\/li>\n<\/ul>\n<p><strong>P241<\/strong><\/p>\n<ul>\n<li>K\u00e4yt\u00e4 r\u00e4j\u00e4hdysturvallista s\u00e4hk\u00f6\/ilmanvaihto\/valaisinlaitteita.<\/li>\n<li>Anv\u00e4nd explosionss\u00e4ker elektrisk\/ventilations-\/belysningsutrustning.<\/li>\n<\/ul>\n<p><strong>P303+P361+P353<\/strong><\/p>\n<ul>\n<li>JOS KEMIKAALIA JOUTUU IHOLLE (tai hiuksiin): Riisu saastunut vaatetus v\u00e4litt\u00f6m\u00e4sti. Huuhdo\/suihkuta iho vedell\u00e4.<\/li>\n<li>VID HUDKONTAKT (eller h\u00e5ret): Ta genast av alla nedst\u00e4nkta kl\u00e4der. Sk\u00f6lj\/spraya huden med vatten.<\/li>\n<\/ul>\n<p><strong>P305+P351+P338<\/strong><\/p>\n<ul>\n<li>JOS KEMIKAALIA JOUTUU SILMIIN: Huuhdo huolellisesti vedell\u00e4 usean minuutin ajan. Poista mahdolliset piilolinssit jos sen voi tehd\u00e4 helposti.<\/li>\n<li>VID KONTAKT MED \u00d6GONEN: Sk\u00f6lj f\u00f6rsiktigt med vatten i flera minuter.<\/li>\n<\/ul>\n<p>&nbsp;<\/p>\n<p><a href=\"https:\/\/hunaja.fi\/wp-content\/uploads\/2022\/03\/JAAETIKKA-9985.pdf\" target=\"_blank\" rel=\"noopener\">Lataa K\u00e4ytt\u00f6turvallisuustiedote<\/a><\/p>\n<p><iframe id=\"fskey-iframe\" class=\"fskey-autofill-dlg\" style=\"display: none;\" sandbox=\"allow-same-origin\"><\/iframe><\/p>\n<div id=\"fskey-tooltip\" class=\"fskey-tooltip\" style=\"display: none;\"><\/div>\n","protected":false},"excerpt":{"rendered":"<p>&nbsp;<\/p>\n<p><iframe id=\"fskey-iframe\" class=\"fskey-autofill-dlg\" style=\"display: none;\" sandbox=\"allow-same-origin\"><\/iframe><\/p>\n<div id=\"fskey-tooltip\" class=\"fskey-tooltip\"><\/div>\n","protected":false},"featured_media":34592,"template":"","meta":{"_acf_changed":false,"_improvement_type_select":"improve_an_existing","_thumb_yes_seoaic":false,"_frame_yes_seoaic":false,"seoaic_generate_description":"","seoaic_improve_instructions_prompt":"","seoaic_rollback_content_improvement":"","seoaic_idea_thumbnail_generator":"","thumbnail_generated":false,"thumbnail_generate_prompt":"","seoaic_article_description":"","site-sidebar-layout":"default","site-content-layout":"default","ast-site-content-layout":"default","site-content-style":"default","site-sidebar-style":"default","ast-global-header-display":"","ast-banner-title-visibility":"","ast-main-header-display":"","ast-hfb-above-header-display":"","ast-hfb-below-header-display":"","ast-hfb-mobile-header-display":"","site-post-title":"","ast-breadcrumbs-content":"","ast-featured-img":"","footer-sml-layout":"","ast-disable-related-posts":"","theme-transparent-header-meta":"default","adv-header-id-meta":"","stick-header-meta":"default","header-above-stick-meta":"","header-main-stick-meta":"","header-below-stick-meta":"","astra-migrate-meta-layouts":"set","ast-page-background-enabled":"default","ast-page-background-meta":{"desktop":{"background-color":"","background-image":"","background-repeat":"repeat","background-position":"center center","background-size":"auto","background-attachment":"scroll","background-type":"","background-media":"","overlay-type":"","overlay-color":"","overlay-opacity":"","overlay-gradient":""},"tablet":{"background-color":"","background-image":"","background-repeat":"repeat","background-position":"center center","background-size":"auto","background-attachment":"scroll","background-type":"","background-media":"","overlay-type":"","overlay-color":"","overlay-opacity":"","overlay-gradient":""},"mobile":{"background-color":"","background-image":"","background-repeat":"repeat","background-position":"center center","background-size":"auto","background-attachment":"scroll","background-type":"","background-media":"","overlay-type":"","overlay-color":"","overlay-opacity":"","overlay-gradient":""}},"ast-content-background-meta":{"desktop":{"background-color":"var(--ast-global-color-5)","background-image":"","background-repeat":"repeat","background-position":"center center","background-size":"auto","background-attachment":"scroll","background-type":"","background-media":"","overlay-type":"","overlay-color":"","overlay-opacity":"","overlay-gradient":""},"tablet":{"background-color":"var(--ast-global-color-5)","background-image":"","background-repeat":"repeat","background-position":"center center","background-size":"auto","background-attachment":"scroll","background-type":"","background-media":"","overlay-type":"","overlay-color":"","overlay-opacity":"","overlay-gradient":""},"mobile":{"background-color":"var(--ast-global-color-5)","background-image":"","background-repeat":"repeat","background-position":"center center","background-size":"auto","background-attachment":"scroll","background-type":"","background-media":"","overlay-type":"","overlay-color":"","overlay-opacity":"","overlay-gradient":""}}},"product_brand":[],"product_cat":[2024,197],"product_tag":[],"class_list":{"0":"post-2501","1":"product","2":"type-product","3":"status-publish","4":"has-post-thumbnail","6":"product_cat-hapot","7":"product_cat-tuholaisten-torjunta-hapot","8":"product_shipping_class-matkahuolto-tai-lahella-paketti","9":"desktop-align-center","10":"tablet-align-center","11":"mobile-align-center","12":"ast-product-gallery-layout-horizontal","13":"ast-product-gallery-with-no-image","14":"ast-magnify-disabled","15":"ast-product-tabs-layout-horizontal","17":"first","18":"instock","19":"shipping-taxable","20":"purchasable","21":"product-type-simple"},"acf":[],"yoast_head":"<!-- This site is optimized with the Yoast SEO plugin v26.7 - https:\/\/yoast.com\/wordpress\/plugins\/seo\/ -->\n<title>J\u00e4\u00e4etikka (99,85 %) - Hunajayhtym\u00e4 Oy<\/title>\n<meta name=\"description\" content=\"&nbsp;\" \/>\n<meta name=\"robots\" content=\"index, follow, max-snippet:-1, max-image-preview:large, max-video-preview:-1\" \/>\n<link rel=\"canonical\" href=\"https:\/\/hunaja.fi\/tuote\/jaaetikka\/\" \/>\n<meta property=\"og:locale\" content=\"zh_CN\" \/>\n<meta property=\"og:type\" content=\"article\" \/>\n<meta property=\"og:title\" content=\"J\u00e4\u00e4etikka (99,85 %) - Hunajayhtym\u00e4 Oy\" \/>\n<meta property=\"og:description\" content=\"&nbsp;\" \/>\n<meta property=\"og:url\" content=\"https:\/\/hunaja.fi\/tuote\/jaaetikka\/\" \/>\n<meta property=\"og:site_name\" content=\"Hunajayhtym\u00e4 Oy\" \/>\n<meta property=\"article:modified_time\" content=\"2025-01-24T12:27:45+00:00\" \/>\n<meta property=\"og:image\" content=\"https:\/\/hunaja.fi\/wp-content\/uploads\/2013\/11\/jaaetikka-1-scaled.jpg\" \/>\n\t<meta property=\"og:image:width\" content=\"2170\" \/>\n\t<meta property=\"og:image:height\" content=\"2560\" \/>\n\t<meta property=\"og:image:type\" content=\"image\/jpeg\" \/>\n<meta name=\"twitter:card\" content=\"summary_large_image\" \/>\n<meta name=\"twitter:label1\" content=\"\u9884\u8ba1\u9605\u8bfb\u65f6\u95f4\" \/>\n\t<meta name=\"twitter:data1\" content=\"2 \u5206\" \/>\n<script type=\"application\/ld+json\" class=\"yoast-schema-graph\">{\"@context\":\"https:\/\/schema.org\",\"@graph\":[{\"@type\":\"WebPage\",\"@id\":\"https:\/\/hunaja.fi\/tuote\/jaaetikka\/\",\"url\":\"https:\/\/hunaja.fi\/tuote\/jaaetikka\/\",\"name\":\"J\u00e4\u00e4etikka (99,85 %) - Hunajayhtym\u00e4 Oy\",\"isPartOf\":{\"@id\":\"https:\/\/hunaja.fi\/#website\"},\"primaryImageOfPage\":{\"@id\":\"https:\/\/hunaja.fi\/tuote\/jaaetikka\/#primaryimage\"},\"image\":{\"@id\":\"https:\/\/hunaja.fi\/tuote\/jaaetikka\/#primaryimage\"},\"thumbnailUrl\":\"https:\/\/hunaja.fi\/wp-content\/uploads\/2013\/11\/jaaetikka-1-scaled.jpg\",\"datePublished\":\"2013-11-21T22:00:00+00:00\",\"dateModified\":\"2025-01-24T12:27:45+00:00\",\"description\":\"&nbsp;\",\"breadcrumb\":{\"@id\":\"https:\/\/hunaja.fi\/tuote\/jaaetikka\/#breadcrumb\"},\"inLanguage\":\"zh-Hans\",\"potentialAction\":[{\"@type\":\"ReadAction\",\"target\":[\"https:\/\/hunaja.fi\/tuote\/jaaetikka\/\"]}]},{\"@type\":\"ImageObject\",\"inLanguage\":\"zh-Hans\",\"@id\":\"https:\/\/hunaja.fi\/tuote\/jaaetikka\/#primaryimage\",\"url\":\"https:\/\/hunaja.fi\/wp-content\/uploads\/2013\/11\/jaaetikka-1-scaled.jpg\",\"contentUrl\":\"https:\/\/hunaja.fi\/wp-content\/uploads\/2013\/11\/jaaetikka-1-scaled.jpg\",\"width\":2170,\"height\":2560},{\"@type\":\"BreadcrumbList\",\"@id\":\"https:\/\/hunaja.fi\/tuote\/jaaetikka\/#breadcrumb\",\"itemListElement\":[{\"@type\":\"ListItem\",\"position\":1,\"name\":\"Etusivu\",\"item\":\"https:\/\/hunaja.fi\/\"},{\"@type\":\"ListItem\",\"position\":2,\"name\":\"Tuotteet\",\"item\":\"https:\/\/hunaja.fi\/kauppapaikka\/tuotteet\/\"},{\"@type\":\"ListItem\",\"position\":3,\"name\":\"Hapot, torjunta ja kaluston huolto\",\"item\":\"https:\/\/hunaja.fi\/tuote-osasto\/tuholaisten-torjunta-hapot\/\"},{\"@type\":\"ListItem\",\"position\":4,\"name\":\"Hapot\",\"item\":\"https:\/\/hunaja.fi\/tuote-osasto\/tuholaisten-torjunta-hapot\/hapot\/\"},{\"@type\":\"ListItem\",\"position\":5,\"name\":\"J\u00e4\u00e4etikka (99,85 %)\"}]},{\"@type\":\"WebSite\",\"@id\":\"https:\/\/hunaja.fi\/#website\",\"url\":\"https:\/\/hunaja.fi\/\",\"name\":\"Hunajayhtym\u00e4 Oy\",\"description\":\"Nature Loves Finnish Floral Honey\",\"publisher\":{\"@id\":\"https:\/\/hunaja.fi\/#organization\"},\"potentialAction\":[{\"@type\":\"SearchAction\",\"target\":{\"@type\":\"EntryPoint\",\"urlTemplate\":\"https:\/\/hunaja.fi\/?s={search_term_string}\"},\"query-input\":{\"@type\":\"PropertyValueSpecification\",\"valueRequired\":true,\"valueName\":\"search_term_string\"}}],\"inLanguage\":\"zh-Hans\"},{\"@type\":\"Organization\",\"@id\":\"https:\/\/hunaja.fi\/#organization\",\"name\":\"Hunajayhtym\u00e4 Oy\",\"url\":\"https:\/\/hunaja.fi\/\",\"logo\":{\"@type\":\"ImageObject\",\"inLanguage\":\"zh-Hans\",\"@id\":\"https:\/\/hunaja.fi\/#\/schema\/logo\/image\/\",\"url\":\"https:\/\/hunaja.fi\/wp-content\/uploads\/2021\/07\/Hunajayhtyma_Logo_VAAKA_slogan_cmyk-01.png\",\"contentUrl\":\"https:\/\/hunaja.fi\/wp-content\/uploads\/2021\/07\/Hunajayhtyma_Logo_VAAKA_slogan_cmyk-01.png\",\"width\":656,\"height\":242,\"caption\":\"Hunajayhtym\u00e4 Oy\"},\"image\":{\"@id\":\"https:\/\/hunaja.fi\/#\/schema\/logo\/image\/\"}}]}<\/script>\n<!-- \/ Yoast SEO plugin. -->","yoast_head_json":{"title":"J\u00e4\u00e4etikka (99,85 %) - Hunajayhtym\u00e4 Oy","description":"&nbsp;","robots":{"index":"index","follow":"follow","max-snippet":"max-snippet:-1","max-image-preview":"max-image-preview:large","max-video-preview":"max-video-preview:-1"},"canonical":"https:\/\/hunaja.fi\/tuote\/jaaetikka\/","og_locale":"zh_CN","og_type":"article","og_title":"J\u00e4\u00e4etikka (99,85 %) - Hunajayhtym\u00e4 Oy","og_description":"&nbsp;","og_url":"https:\/\/hunaja.fi\/tuote\/jaaetikka\/","og_site_name":"Hunajayhtym\u00e4 Oy","article_modified_time":"2025-01-24T12:27:45+00:00","og_image":[{"width":2170,"height":2560,"url":"https:\/\/hunaja.fi\/wp-content\/uploads\/2013\/11\/jaaetikka-1-scaled.jpg","type":"image\/jpeg"}],"twitter_card":"summary_large_image","twitter_misc":{"\u9884\u8ba1\u9605\u8bfb\u65f6\u95f4":"2 \u5206"},"schema":{"@context":"https:\/\/schema.org","@graph":[{"@type":"WebPage","@id":"https:\/\/hunaja.fi\/tuote\/jaaetikka\/","url":"https:\/\/hunaja.fi\/tuote\/jaaetikka\/","name":"J\u00e4\u00e4etikka (99,85 %) - Hunajayhtym\u00e4 Oy","isPartOf":{"@id":"https:\/\/hunaja.fi\/#website"},"primaryImageOfPage":{"@id":"https:\/\/hunaja.fi\/tuote\/jaaetikka\/#primaryimage"},"image":{"@id":"https:\/\/hunaja.fi\/tuote\/jaaetikka\/#primaryimage"},"thumbnailUrl":"https:\/\/hunaja.fi\/wp-content\/uploads\/2013\/11\/jaaetikka-1-scaled.jpg","datePublished":"2013-11-21T22:00:00+00:00","dateModified":"2025-01-24T12:27:45+00:00","description":"&nbsp;","breadcrumb":{"@id":"https:\/\/hunaja.fi\/tuote\/jaaetikka\/#breadcrumb"},"inLanguage":"zh-Hans","potentialAction":[{"@type":"ReadAction","target":["https:\/\/hunaja.fi\/tuote\/jaaetikka\/"]}]},{"@type":"ImageObject","inLanguage":"zh-Hans","@id":"https:\/\/hunaja.fi\/tuote\/jaaetikka\/#primaryimage","url":"https:\/\/hunaja.fi\/wp-content\/uploads\/2013\/11\/jaaetikka-1-scaled.jpg","contentUrl":"https:\/\/hunaja.fi\/wp-content\/uploads\/2013\/11\/jaaetikka-1-scaled.jpg","width":2170,"height":2560},{"@type":"BreadcrumbList","@id":"https:\/\/hunaja.fi\/tuote\/jaaetikka\/#breadcrumb","itemListElement":[{"@type":"ListItem","position":1,"name":"Etusivu","item":"https:\/\/hunaja.fi\/"},{"@type":"ListItem","position":2,"name":"Tuotteet","item":"https:\/\/hunaja.fi\/kauppapaikka\/tuotteet\/"},{"@type":"ListItem","position":3,"name":"Hapot, torjunta ja kaluston huolto","item":"https:\/\/hunaja.fi\/tuote-osasto\/tuholaisten-torjunta-hapot\/"},{"@type":"ListItem","position":4,"name":"Hapot","item":"https:\/\/hunaja.fi\/tuote-osasto\/tuholaisten-torjunta-hapot\/hapot\/"},{"@type":"ListItem","position":5,"name":"J\u00e4\u00e4etikka (99,85 %)"}]},{"@type":"WebSite","@id":"https:\/\/hunaja.fi\/#website","url":"https:\/\/hunaja.fi\/","name":"Hunajayhtym\u00e4 Oy","description":"Nature Loves Finnish Floral Honey","publisher":{"@id":"https:\/\/hunaja.fi\/#organization"},"potentialAction":[{"@type":"SearchAction","target":{"@type":"EntryPoint","urlTemplate":"https:\/\/hunaja.fi\/?s={search_term_string}"},"query-input":{"@type":"PropertyValueSpecification","valueRequired":true,"valueName":"search_term_string"}}],"inLanguage":"zh-Hans"},{"@type":"Organization","@id":"https:\/\/hunaja.fi\/#organization","name":"Hunajayhtym\u00e4 Oy","url":"https:\/\/hunaja.fi\/","logo":{"@type":"ImageObject","inLanguage":"zh-Hans","@id":"https:\/\/hunaja.fi\/#\/schema\/logo\/image\/","url":"https:\/\/hunaja.fi\/wp-content\/uploads\/2021\/07\/Hunajayhtyma_Logo_VAAKA_slogan_cmyk-01.png","contentUrl":"https:\/\/hunaja.fi\/wp-content\/uploads\/2021\/07\/Hunajayhtyma_Logo_VAAKA_slogan_cmyk-01.png","width":656,"height":242,"caption":"Hunajayhtym\u00e4 Oy"},"image":{"@id":"https:\/\/hunaja.fi\/#\/schema\/logo\/image\/"}}]}},"_links":{"self":[{"href":"https:\/\/hunaja.fi\/zh-hans\/wp-json\/wp\/v2\/product\/2501","targetHints":{"allow":["GET"]}}],"collection":[{"href":"https:\/\/hunaja.fi\/zh-hans\/wp-json\/wp\/v2\/product"}],"about":[{"href":"https:\/\/hunaja.fi\/zh-hans\/wp-json\/wp\/v2\/types\/product"}],"wp:featuredmedia":[{"embeddable":true,"href":"https:\/\/hunaja.fi\/zh-hans\/wp-json\/wp\/v2\/media\/34592"}],"wp:attachment":[{"href":"https:\/\/hunaja.fi\/zh-hans\/wp-json\/wp\/v2\/media?parent=2501"}],"wp:term":[{"taxonomy":"product_brand","embeddable":true,"href":"https:\/\/hunaja.fi\/zh-hans\/wp-json\/wp\/v2\/product_brand?post=2501"},{"taxonomy":"product_cat","embeddable":true,"href":"https:\/\/hunaja.fi\/zh-hans\/wp-json\/wp\/v2\/product_cat?post=2501"},{"taxonomy":"product_tag","embeddable":true,"href":"https:\/\/hunaja.fi\/zh-hans\/wp-json\/wp\/v2\/product_tag?post=2501"}],"curies":[{"name":"wp","href":"https:\/\/api.w.org\/{rel}","templated":true}]}}