{"id":2477,"date":"2013-11-22T00:00:00","date_gmt":"2013-11-21T22:00:00","guid":{"rendered":"https:\/\/www.hunaja.fi\/tuote\/lasitolkki-500-g-levea\/"},"modified":"2026-02-24T08:33:16","modified_gmt":"2026-02-24T06:33:16","slug":"lasitolkki-500-g-levea-80-kpl","status":"publish","type":"product","link":"https:\/\/hunaja.fi\/zh-hans\/tuote\/lasitolkki-500-g-levea-80-kpl\/","title":{"rendered":"Lasit\u00f6lkki 500 g leve\u00e4 \/ 80 kpl , eri kansi vaihtoehtoja."},"content":{"rendered":"<p>Leve\u00e4, py\u00f6re\u00e4 lasit\u00f6lkki 500 g\/ 440 ml. Hinta sis\u00e4lt\u00e4\u00e4 kannen. Laatikossa 80 kpl (alk 0,90e \/kpl). Tee tilaus laatikoittain. Tarrat eiv\u00e4t kuulu hintaan.<\/p>\n","protected":false},"excerpt":{"rendered":"<p>Leve\u00e4, py\u00f6re\u00e4 lasit\u00f6lkki 500 g\/ 440 ml. Hinta sis\u00e4lt\u00e4\u00e4  [&hellip;]<\/p>\n","protected":false},"featured_media":15600,"template":"","meta":{"_acf_changed":false,"_improvement_type_select":"improve_an_existing","_thumb_yes_seoaic":false,"_frame_yes_seoaic":false,"seoaic_generate_description":"","seoaic_improve_instructions_prompt":"","seoaic_rollback_content_improvement":"","seoaic_idea_thumbnail_generator":"","thumbnail_generated":false,"thumbnail_generate_prompt":"","seoaic_article_description":"","site-sidebar-layout":"default","site-content-layout":"default","ast-site-content-layout":"default","site-content-style":"default","site-sidebar-style":"default","ast-global-header-display":"","ast-banner-title-visibility":"","ast-main-header-display":"","ast-hfb-above-header-display":"","ast-hfb-below-header-display":"","ast-hfb-mobile-header-display":"","site-post-title":"","ast-breadcrumbs-content":"","ast-featured-img":"","footer-sml-layout":"","ast-disable-related-posts":"","theme-transparent-header-meta":"default","adv-header-id-meta":"","stick-header-meta":"default","header-above-stick-meta":"","header-main-stick-meta":"","header-below-stick-meta":"","astra-migrate-meta-layouts":"set","ast-page-background-enabled":"default","ast-page-background-meta":{"desktop":{"background-color":"","background-image":"","background-repeat":"repeat","background-position":"center center","background-size":"auto","background-attachment":"scroll","background-type":"","background-media":"","overlay-type":"","overlay-color":"","overlay-opacity":"","overlay-gradient":""},"tablet":{"background-color":"","background-image":"","background-repeat":"repeat","background-position":"center center","background-size":"auto","background-attachment":"scroll","background-type":"","background-media":"","overlay-type":"","overlay-color":"","overlay-opacity":"","overlay-gradient":""},"mobile":{"background-color":"","background-image":"","background-repeat":"repeat","background-position":"center center","background-size":"auto","background-attachment":"scroll","background-type":"","background-media":"","overlay-type":"","overlay-color":"","overlay-opacity":"","overlay-gradient":""}},"ast-content-background-meta":{"desktop":{"background-color":"var(--ast-global-color-5)","background-image":"","background-repeat":"repeat","background-position":"center center","background-size":"auto","background-attachment":"scroll","background-type":"","background-media":"","overlay-type":"","overlay-color":"","overlay-opacity":"","overlay-gradient":""},"tablet":{"background-color":"var(--ast-global-color-5)","background-image":"","background-repeat":"repeat","background-position":"center center","background-size":"auto","background-attachment":"scroll","background-type":"","background-media":"","overlay-type":"","overlay-color":"","overlay-opacity":"","overlay-gradient":""},"mobile":{"background-color":"var(--ast-global-color-5)","background-image":"","background-repeat":"repeat","background-position":"center center","background-size":"auto","background-attachment":"scroll","background-type":"","background-media":"","overlay-type":"","overlay-color":"","overlay-opacity":"","overlay-gradient":""}}},"product_brand":[],"product_cat":[1892,1566],"product_tag":[],"class_list":{"0":"post-2477","1":"product","2":"type-product","3":"status-publish","4":"has-post-thumbnail","6":"product_cat-lasitolkit2","7":"product_cat-lasitolkit","8":"product_shipping_class-matkahuolto-tai-lahella-paketti","9":"pa_materiaali-hunajalusikka","10":"pa_materiaali-hunajapurkit","11":"pa_materiaali-kantamukset","12":"pa_materiaali-kennohunaja","13":"pa_materiaali-keraaja","14":"pa_materiaali-kukat","15":"pa_materiaali-kukat-ja-mehit","16":"pa_materiaali-kultakansi","17":"pa_materiaali-mehi-voikukka","18":"pa_materiaali-mehilainen","19":"pa_materiaali-mehilainen-premium","20":"pa_materiaali-mehit-kukka","21":"pa_materiaali-nallekarhu","22":"pa_materiaali-olkipesa","23":"pa_materiaali-purnukka","24":"desktop-align-center","25":"tablet-align-center","26":"mobile-align-center","27":"ast-product-gallery-layout-horizontal","28":"ast-magnify-disabled","29":"ast-product-single-variable","30":"ast-product-tabs-layout-horizontal","32":"first","33":"instock","34":"shipping-taxable","35":"purchasable","36":"product-type-variable","37":"has-default-attributes"},"acf":[],"yoast_head":"<!-- This site is optimized with the Yoast SEO plugin v26.7 - https:\/\/yoast.com\/wordpress\/plugins\/seo\/ -->\n<title>Lasit\u00f6lkki 500 g leve\u00e4 \/ 80 kpl , eri kansi vaihtoehtoja. - Hunajayhtym\u00e4 Oy<\/title>\n<meta name=\"description\" content=\"Leve\u00e4, py\u00f6re\u00e4 lasit\u00f6lkki 500 g\/ 440 ml. Hinta sis\u00e4lt\u00e4\u00e4 kannen. Laatikossa 80 kpl (alk 0,90e \/kpl). Tee tilaus laatikoittain. Tarrat eiv\u00e4t kuulu hintaan.\" \/>\n<meta name=\"robots\" content=\"index, follow, max-snippet:-1, max-image-preview:large, max-video-preview:-1\" \/>\n<link rel=\"canonical\" href=\"https:\/\/hunaja.fi\/tuote\/lasitolkki-500-g-levea-80-kpl\/\" \/>\n<meta property=\"og:locale\" content=\"zh_CN\" \/>\n<meta property=\"og:type\" content=\"article\" \/>\n<meta property=\"og:title\" content=\"Lasit\u00f6lkki 500 g leve\u00e4 \/ 80 kpl , eri kansi vaihtoehtoja. - Hunajayhtym\u00e4 Oy\" \/>\n<meta property=\"og:description\" content=\"Leve\u00e4, py\u00f6re\u00e4 lasit\u00f6lkki 500 g\/ 440 ml. Hinta sis\u00e4lt\u00e4\u00e4 kannen. Laatikossa 80 kpl (alk 0,90e \/kpl). Tee tilaus laatikoittain. Tarrat eiv\u00e4t kuulu hintaan.\" \/>\n<meta property=\"og:url\" content=\"https:\/\/hunaja.fi\/tuote\/lasitolkki-500-g-levea-80-kpl\/\" \/>\n<meta property=\"og:site_name\" content=\"Hunajayhtym\u00e4 Oy\" \/>\n<meta property=\"article:modified_time\" content=\"2026-02-24T06:33:16+00:00\" \/>\n<meta property=\"og:image\" content=\"https:\/\/hunaja.fi\/wp-content\/uploads\/2013\/11\/500glevea_kultakansi.jpg\" \/>\n\t<meta property=\"og:image:width\" content=\"500\" \/>\n\t<meta property=\"og:image:height\" content=\"500\" \/>\n\t<meta property=\"og:image:type\" content=\"image\/jpeg\" \/>\n<meta name=\"twitter:card\" content=\"summary_large_image\" \/>\n<meta name=\"twitter:label1\" content=\"\u9884\u8ba1\u9605\u8bfb\u65f6\u95f4\" \/>\n\t<meta name=\"twitter:data1\" content=\"1 \u5206\" \/>\n<script type=\"application\/ld+json\" class=\"yoast-schema-graph\">{\"@context\":\"https:\/\/schema.org\",\"@graph\":[{\"@type\":\"WebPage\",\"@id\":\"https:\/\/hunaja.fi\/tuote\/lasitolkki-500-g-levea-80-kpl\/\",\"url\":\"https:\/\/hunaja.fi\/tuote\/lasitolkki-500-g-levea-80-kpl\/\",\"name\":\"Lasit\u00f6lkki 500 g leve\u00e4 \/ 80 kpl , eri kansi vaihtoehtoja. - Hunajayhtym\u00e4 Oy\",\"isPartOf\":{\"@id\":\"https:\/\/hunaja.fi\/#website\"},\"primaryImageOfPage\":{\"@id\":\"https:\/\/hunaja.fi\/tuote\/lasitolkki-500-g-levea-80-kpl\/#primaryimage\"},\"image\":{\"@id\":\"https:\/\/hunaja.fi\/tuote\/lasitolkki-500-g-levea-80-kpl\/#primaryimage\"},\"thumbnailUrl\":\"https:\/\/hunaja.fi\/wp-content\/uploads\/2013\/11\/500glevea_kultakansi.jpg\",\"datePublished\":\"2013-11-21T22:00:00+00:00\",\"dateModified\":\"2026-02-24T06:33:16+00:00\",\"description\":\"Leve\u00e4, py\u00f6re\u00e4 lasit\u00f6lkki 500 g\/ 440 ml. Hinta sis\u00e4lt\u00e4\u00e4 kannen. Laatikossa 80 kpl (alk 0,90e \/kpl). Tee tilaus laatikoittain. Tarrat eiv\u00e4t kuulu hintaan.\",\"breadcrumb\":{\"@id\":\"https:\/\/hunaja.fi\/tuote\/lasitolkki-500-g-levea-80-kpl\/#breadcrumb\"},\"inLanguage\":\"zh-Hans\",\"potentialAction\":[{\"@type\":\"ReadAction\",\"target\":[\"https:\/\/hunaja.fi\/tuote\/lasitolkki-500-g-levea-80-kpl\/\"]}]},{\"@type\":\"ImageObject\",\"inLanguage\":\"zh-Hans\",\"@id\":\"https:\/\/hunaja.fi\/tuote\/lasitolkki-500-g-levea-80-kpl\/#primaryimage\",\"url\":\"https:\/\/hunaja.fi\/wp-content\/uploads\/2013\/11\/500glevea_kultakansi.jpg\",\"contentUrl\":\"https:\/\/hunaja.fi\/wp-content\/uploads\/2013\/11\/500glevea_kultakansi.jpg\",\"width\":500,\"height\":500},{\"@type\":\"BreadcrumbList\",\"@id\":\"https:\/\/hunaja.fi\/tuote\/lasitolkki-500-g-levea-80-kpl\/#breadcrumb\",\"itemListElement\":[{\"@type\":\"ListItem\",\"position\":1,\"name\":\"Etusivu\",\"item\":\"https:\/\/hunaja.fi\/\"},{\"@type\":\"ListItem\",\"position\":2,\"name\":\"Tuotteet\",\"item\":\"https:\/\/hunaja.fi\/kauppapaikka\/tuotteet\/\"},{\"@type\":\"ListItem\",\"position\":3,\"name\":\"Sesonkituotteet\",\"item\":\"https:\/\/hunaja.fi\/tuote-osasto\/sesonkituotteet\/\"},{\"@type\":\"ListItem\",\"position\":4,\"name\":\"Pakkaustarvikkeet\",\"item\":\"https:\/\/hunaja.fi\/tuote-osasto\/sesonkituotteet\/pakkaustarvikkeet2\/\"},{\"@type\":\"ListItem\",\"position\":5,\"name\":\"Lasit\u00f6lkit\",\"item\":\"https:\/\/hunaja.fi\/tuote-osasto\/sesonkituotteet\/pakkaustarvikkeet2\/lasitolkit2\/\"},{\"@type\":\"ListItem\",\"position\":6,\"name\":\"Lasit\u00f6lkki 500 g leve\u00e4 \/ 80 kpl , eri kansi vaihtoehtoja.\"}]},{\"@type\":\"WebSite\",\"@id\":\"https:\/\/hunaja.fi\/#website\",\"url\":\"https:\/\/hunaja.fi\/\",\"name\":\"Hunajayhtym\u00e4 Oy\",\"description\":\"Nature Loves Finnish Floral Honey\",\"publisher\":{\"@id\":\"https:\/\/hunaja.fi\/#organization\"},\"potentialAction\":[{\"@type\":\"SearchAction\",\"target\":{\"@type\":\"EntryPoint\",\"urlTemplate\":\"https:\/\/hunaja.fi\/?s={search_term_string}\"},\"query-input\":{\"@type\":\"PropertyValueSpecification\",\"valueRequired\":true,\"valueName\":\"search_term_string\"}}],\"inLanguage\":\"zh-Hans\"},{\"@type\":\"Organization\",\"@id\":\"https:\/\/hunaja.fi\/#organization\",\"name\":\"Hunajayhtym\u00e4 Oy\",\"url\":\"https:\/\/hunaja.fi\/\",\"logo\":{\"@type\":\"ImageObject\",\"inLanguage\":\"zh-Hans\",\"@id\":\"https:\/\/hunaja.fi\/#\/schema\/logo\/image\/\",\"url\":\"https:\/\/hunaja.fi\/wp-content\/uploads\/2021\/07\/Hunajayhtyma_Logo_VAAKA_slogan_cmyk-01.png\",\"contentUrl\":\"https:\/\/hunaja.fi\/wp-content\/uploads\/2021\/07\/Hunajayhtyma_Logo_VAAKA_slogan_cmyk-01.png\",\"width\":656,\"height\":242,\"caption\":\"Hunajayhtym\u00e4 Oy\"},\"image\":{\"@id\":\"https:\/\/hunaja.fi\/#\/schema\/logo\/image\/\"}}]}<\/script>\n<!-- \/ Yoast SEO plugin. -->","yoast_head_json":{"title":"Lasit\u00f6lkki 500 g leve\u00e4 \/ 80 kpl , eri kansi vaihtoehtoja. - Hunajayhtym\u00e4 Oy","description":"Leve\u00e4, py\u00f6re\u00e4 lasit\u00f6lkki 500 g\/ 440 ml. Hinta sis\u00e4lt\u00e4\u00e4 kannen. Laatikossa 80 kpl (alk 0,90e \/kpl). Tee tilaus laatikoittain. Tarrat eiv\u00e4t kuulu hintaan.","robots":{"index":"index","follow":"follow","max-snippet":"max-snippet:-1","max-image-preview":"max-image-preview:large","max-video-preview":"max-video-preview:-1"},"canonical":"https:\/\/hunaja.fi\/tuote\/lasitolkki-500-g-levea-80-kpl\/","og_locale":"zh_CN","og_type":"article","og_title":"Lasit\u00f6lkki 500 g leve\u00e4 \/ 80 kpl , eri kansi vaihtoehtoja. - Hunajayhtym\u00e4 Oy","og_description":"Leve\u00e4, py\u00f6re\u00e4 lasit\u00f6lkki 500 g\/ 440 ml. Hinta sis\u00e4lt\u00e4\u00e4 kannen. Laatikossa 80 kpl (alk 0,90e \/kpl). Tee tilaus laatikoittain. Tarrat eiv\u00e4t kuulu hintaan.","og_url":"https:\/\/hunaja.fi\/tuote\/lasitolkki-500-g-levea-80-kpl\/","og_site_name":"Hunajayhtym\u00e4 Oy","article_modified_time":"2026-02-24T06:33:16+00:00","og_image":[{"width":500,"height":500,"url":"https:\/\/hunaja.fi\/wp-content\/uploads\/2013\/11\/500glevea_kultakansi.jpg","type":"image\/jpeg"}],"twitter_card":"summary_large_image","twitter_misc":{"\u9884\u8ba1\u9605\u8bfb\u65f6\u95f4":"1 \u5206"},"schema":{"@context":"https:\/\/schema.org","@graph":[{"@type":"WebPage","@id":"https:\/\/hunaja.fi\/tuote\/lasitolkki-500-g-levea-80-kpl\/","url":"https:\/\/hunaja.fi\/tuote\/lasitolkki-500-g-levea-80-kpl\/","name":"Lasit\u00f6lkki 500 g leve\u00e4 \/ 80 kpl , eri kansi vaihtoehtoja. - Hunajayhtym\u00e4 Oy","isPartOf":{"@id":"https:\/\/hunaja.fi\/#website"},"primaryImageOfPage":{"@id":"https:\/\/hunaja.fi\/tuote\/lasitolkki-500-g-levea-80-kpl\/#primaryimage"},"image":{"@id":"https:\/\/hunaja.fi\/tuote\/lasitolkki-500-g-levea-80-kpl\/#primaryimage"},"thumbnailUrl":"https:\/\/hunaja.fi\/wp-content\/uploads\/2013\/11\/500glevea_kultakansi.jpg","datePublished":"2013-11-21T22:00:00+00:00","dateModified":"2026-02-24T06:33:16+00:00","description":"Leve\u00e4, py\u00f6re\u00e4 lasit\u00f6lkki 500 g\/ 440 ml. Hinta sis\u00e4lt\u00e4\u00e4 kannen. Laatikossa 80 kpl (alk 0,90e \/kpl). Tee tilaus laatikoittain. Tarrat eiv\u00e4t kuulu hintaan.","breadcrumb":{"@id":"https:\/\/hunaja.fi\/tuote\/lasitolkki-500-g-levea-80-kpl\/#breadcrumb"},"inLanguage":"zh-Hans","potentialAction":[{"@type":"ReadAction","target":["https:\/\/hunaja.fi\/tuote\/lasitolkki-500-g-levea-80-kpl\/"]}]},{"@type":"ImageObject","inLanguage":"zh-Hans","@id":"https:\/\/hunaja.fi\/tuote\/lasitolkki-500-g-levea-80-kpl\/#primaryimage","url":"https:\/\/hunaja.fi\/wp-content\/uploads\/2013\/11\/500glevea_kultakansi.jpg","contentUrl":"https:\/\/hunaja.fi\/wp-content\/uploads\/2013\/11\/500glevea_kultakansi.jpg","width":500,"height":500},{"@type":"BreadcrumbList","@id":"https:\/\/hunaja.fi\/tuote\/lasitolkki-500-g-levea-80-kpl\/#breadcrumb","itemListElement":[{"@type":"ListItem","position":1,"name":"Etusivu","item":"https:\/\/hunaja.fi\/"},{"@type":"ListItem","position":2,"name":"Tuotteet","item":"https:\/\/hunaja.fi\/kauppapaikka\/tuotteet\/"},{"@type":"ListItem","position":3,"name":"Sesonkituotteet","item":"https:\/\/hunaja.fi\/tuote-osasto\/sesonkituotteet\/"},{"@type":"ListItem","position":4,"name":"Pakkaustarvikkeet","item":"https:\/\/hunaja.fi\/tuote-osasto\/sesonkituotteet\/pakkaustarvikkeet2\/"},{"@type":"ListItem","position":5,"name":"Lasit\u00f6lkit","item":"https:\/\/hunaja.fi\/tuote-osasto\/sesonkituotteet\/pakkaustarvikkeet2\/lasitolkit2\/"},{"@type":"ListItem","position":6,"name":"Lasit\u00f6lkki 500 g leve\u00e4 \/ 80 kpl , eri kansi vaihtoehtoja."}]},{"@type":"WebSite","@id":"https:\/\/hunaja.fi\/#website","url":"https:\/\/hunaja.fi\/","name":"Hunajayhtym\u00e4 Oy","description":"Nature Loves Finnish Floral Honey","publisher":{"@id":"https:\/\/hunaja.fi\/#organization"},"potentialAction":[{"@type":"SearchAction","target":{"@type":"EntryPoint","urlTemplate":"https:\/\/hunaja.fi\/?s={search_term_string}"},"query-input":{"@type":"PropertyValueSpecification","valueRequired":true,"valueName":"search_term_string"}}],"inLanguage":"zh-Hans"},{"@type":"Organization","@id":"https:\/\/hunaja.fi\/#organization","name":"Hunajayhtym\u00e4 Oy","url":"https:\/\/hunaja.fi\/","logo":{"@type":"ImageObject","inLanguage":"zh-Hans","@id":"https:\/\/hunaja.fi\/#\/schema\/logo\/image\/","url":"https:\/\/hunaja.fi\/wp-content\/uploads\/2021\/07\/Hunajayhtyma_Logo_VAAKA_slogan_cmyk-01.png","contentUrl":"https:\/\/hunaja.fi\/wp-content\/uploads\/2021\/07\/Hunajayhtyma_Logo_VAAKA_slogan_cmyk-01.png","width":656,"height":242,"caption":"Hunajayhtym\u00e4 Oy"},"image":{"@id":"https:\/\/hunaja.fi\/#\/schema\/logo\/image\/"}}]}},"_links":{"self":[{"href":"https:\/\/hunaja.fi\/zh-hans\/wp-json\/wp\/v2\/product\/2477","targetHints":{"allow":["GET"]}}],"collection":[{"href":"https:\/\/hunaja.fi\/zh-hans\/wp-json\/wp\/v2\/product"}],"about":[{"href":"https:\/\/hunaja.fi\/zh-hans\/wp-json\/wp\/v2\/types\/product"}],"wp:featuredmedia":[{"embeddable":true,"href":"https:\/\/hunaja.fi\/zh-hans\/wp-json\/wp\/v2\/media\/15600"}],"wp:attachment":[{"href":"https:\/\/hunaja.fi\/zh-hans\/wp-json\/wp\/v2\/media?parent=2477"}],"wp:term":[{"taxonomy":"product_brand","embeddable":true,"href":"https:\/\/hunaja.fi\/zh-hans\/wp-json\/wp\/v2\/product_brand?post=2477"},{"taxonomy":"product_cat","embeddable":true,"href":"https:\/\/hunaja.fi\/zh-hans\/wp-json\/wp\/v2\/product_cat?post=2477"},{"taxonomy":"product_tag","embeddable":true,"href":"https:\/\/hunaja.fi\/zh-hans\/wp-json\/wp\/v2\/product_tag?post=2477"}],"curies":[{"name":"wp","href":"https:\/\/api.w.org\/{rel}","templated":true}]}}