{"id":19943,"date":"2019-06-17T13:11:12","date_gmt":"2019-06-17T10:11:12","guid":{"rendered":"https:\/\/www.hunaja.fi\/?post_type=product&#038;p=19943"},"modified":"2025-06-19T12:23:14","modified_gmt":"2025-06-19T09:23:14","slug":"hunajasiivila-50-100kgn-pakkausastioihin-hienosiivilointiin","status":"publish","type":"product","link":"https:\/\/hunaja.fi\/zh-hans\/tuote\/hunajasiivila-50-100kgn-pakkausastioihin-hienosiivilointiin\/","title":{"rendered":"Hunajasiivil\u00e4 50-100kg:n pakkausastioihin, hienosiivil\u00f6intiin"},"content":{"rendered":"<p>Siivil\u00e4 Giordan 50kg-200 kg:n pakkausastioihin. Tarkoitettu hunajan hienosiivil\u00f6inti\u00e4 varten. Setti sis\u00e4lt\u00e4\u00e4 kehikon (ruostumatonta ter\u00e4st\u00e4, halkaisija 41,5 cm), nylonsiivil\u00e4n ja suurennusrinki. Hunajasiivil\u00e4 sopii sellaisenaan (ilman suurennusrinki\u00e4) k\u00e4ytett\u00e4v\u00e4ksi Giordan 50 kg pakkausastian kanssa. Suurennusringin avulla siivil\u00e4\u00e4 voi k\u00e4ytt\u00e4\u00e4 Giordan 100kg ja Giordan 200 kg pakkausastioiden p\u00e4\u00e4ll\u00e4. Voi k\u00e4ytt\u00e4\u00e4 mink\u00e4 tahansa pakkausastian kanssa, joka on halkaisijaltaan maksimissaan 51 cm.<\/p>\n<p>Nylonisia siivil\u00e4pusseja saa my\u00f6s lis\u00e4varusteena (tuotenumero 17030).<\/p>\n","protected":false},"excerpt":{"rendered":"<p>Siivil\u00e4 Giordan 50kg-200 kg:n pakkausastioihin. Tarkoit [&hellip;]<\/p>\n","protected":false},"featured_media":11052,"template":"","meta":{"_acf_changed":false,"_improvement_type_select":"improve_an_existing","_thumb_yes_seoaic":false,"_frame_yes_seoaic":false,"seoaic_generate_description":"","seoaic_improve_instructions_prompt":"","seoaic_rollback_content_improvement":"","seoaic_idea_thumbnail_generator":"","thumbnail_generated":false,"thumbnail_generate_prompt":"","seoaic_article_description":"","site-sidebar-layout":"default","site-content-layout":"default","ast-site-content-layout":"default","site-content-style":"default","site-sidebar-style":"default","ast-global-header-display":"","ast-banner-title-visibility":"","ast-main-header-display":"","ast-hfb-above-header-display":"","ast-hfb-below-header-display":"","ast-hfb-mobile-header-display":"","site-post-title":"","ast-breadcrumbs-content":"","ast-featured-img":"","footer-sml-layout":"","ast-disable-related-posts":"","theme-transparent-header-meta":"default","adv-header-id-meta":"","stick-header-meta":"default","header-above-stick-meta":"","header-main-stick-meta":"","header-below-stick-meta":"","astra-migrate-meta-layouts":"set","ast-page-background-enabled":"default","ast-page-background-meta":{"desktop":{"background-color":"","background-image":"","background-repeat":"repeat","background-position":"center center","background-size":"auto","background-attachment":"scroll","background-type":"","background-media":"","overlay-type":"","overlay-color":"","overlay-opacity":"","overlay-gradient":""},"tablet":{"background-color":"","background-image":"","background-repeat":"repeat","background-position":"center center","background-size":"auto","background-attachment":"scroll","background-type":"","background-media":"","overlay-type":"","overlay-color":"","overlay-opacity":"","overlay-gradient":""},"mobile":{"background-color":"","background-image":"","background-repeat":"repeat","background-position":"center center","background-size":"auto","background-attachment":"scroll","background-type":"","background-media":"","overlay-type":"","overlay-color":"","overlay-opacity":"","overlay-gradient":""}},"ast-content-background-meta":{"desktop":{"background-color":"var(--ast-global-color-5)","background-image":"","background-repeat":"repeat","background-position":"center center","background-size":"auto","background-attachment":"scroll","background-type":"","background-media":"","overlay-type":"","overlay-color":"","overlay-opacity":"","overlay-gradient":""},"tablet":{"background-color":"var(--ast-global-color-5)","background-image":"","background-repeat":"repeat","background-position":"center center","background-size":"auto","background-attachment":"scroll","background-type":"","background-media":"","overlay-type":"","overlay-color":"","overlay-opacity":"","overlay-gradient":""},"mobile":{"background-color":"var(--ast-global-color-5)","background-image":"","background-repeat":"repeat","background-position":"center center","background-size":"auto","background-attachment":"scroll","background-type":"","background-media":"","overlay-type":"","overlay-color":"","overlay-opacity":"","overlay-gradient":""}}},"product_brand":[],"product_cat":[2064],"product_tag":[],"class_list":{"0":"post-19943","1":"product","2":"type-product","3":"status-publish","4":"has-post-thumbnail","6":"product_cat-siivilat","7":"desktop-align-center","8":"tablet-align-center","9":"mobile-align-center","10":"ast-product-gallery-layout-horizontal","11":"ast-magnify-disabled","12":"ast-product-tabs-layout-horizontal","14":"first","15":"instock","16":"shipping-taxable","17":"purchasable","18":"product-type-simple"},"acf":[],"yoast_head":"<!-- This site is optimized with the Yoast SEO plugin v26.7 - https:\/\/yoast.com\/wordpress\/plugins\/seo\/ -->\n<title>Hunajasiivil\u00e4 50-100kg:n pakkausastioihin, hienosiivil\u00f6intiin - Hunajayhtym\u00e4 Oy<\/title>\n<meta name=\"description\" content=\"Siivil\u00e4 Giordan 50kg-200 kg:n pakkausastioihin. Tarkoitettu hunajan hienosiivil\u00f6inti\u00e4 varten. Setti sis\u00e4lt\u00e4\u00e4 kehikon (ruostumatonta ter\u00e4st\u00e4, halkaisija\" \/>\n<meta name=\"robots\" content=\"index, follow, max-snippet:-1, max-image-preview:large, max-video-preview:-1\" \/>\n<link rel=\"canonical\" href=\"https:\/\/hunaja.fi\/tuote\/hunajasiivila-50-100kgn-pakkausastioihin-hienosiivilointiin\/\" \/>\n<meta property=\"og:locale\" content=\"zh_CN\" \/>\n<meta property=\"og:type\" content=\"article\" \/>\n<meta property=\"og:title\" content=\"Hunajasiivil\u00e4 50-100kg:n pakkausastioihin, hienosiivil\u00f6intiin - Hunajayhtym\u00e4 Oy\" \/>\n<meta property=\"og:description\" content=\"Siivil\u00e4 Giordan 50kg-200 kg:n pakkausastioihin. Tarkoitettu hunajan hienosiivil\u00f6inti\u00e4 varten. Setti sis\u00e4lt\u00e4\u00e4 kehikon (ruostumatonta ter\u00e4st\u00e4, halkaisija\" \/>\n<meta property=\"og:url\" content=\"https:\/\/hunaja.fi\/tuote\/hunajasiivila-50-100kgn-pakkausastioihin-hienosiivilointiin\/\" \/>\n<meta property=\"og:site_name\" content=\"Hunajayhtym\u00e4 Oy\" \/>\n<meta property=\"article:modified_time\" content=\"2025-06-19T09:23:14+00:00\" \/>\n<meta property=\"og:image\" content=\"https:\/\/hunaja.fi\/wp-content\/uploads\/2016\/05\/siivila_200kg.jpg\" \/>\n\t<meta property=\"og:image:width\" content=\"500\" \/>\n\t<meta property=\"og:image:height\" content=\"500\" \/>\n\t<meta property=\"og:image:type\" content=\"image\/jpeg\" \/>\n<meta name=\"twitter:card\" content=\"summary_large_image\" \/>\n<meta name=\"twitter:label1\" content=\"\u9884\u8ba1\u9605\u8bfb\u65f6\u95f4\" \/>\n\t<meta name=\"twitter:data1\" content=\"1 \u5206\" \/>\n<script type=\"application\/ld+json\" class=\"yoast-schema-graph\">{\"@context\":\"https:\/\/schema.org\",\"@graph\":[{\"@type\":\"WebPage\",\"@id\":\"https:\/\/hunaja.fi\/tuote\/hunajasiivila-50-100kgn-pakkausastioihin-hienosiivilointiin\/\",\"url\":\"https:\/\/hunaja.fi\/tuote\/hunajasiivila-50-100kgn-pakkausastioihin-hienosiivilointiin\/\",\"name\":\"Hunajasiivil\u00e4 50-100kg:n pakkausastioihin, hienosiivil\u00f6intiin - Hunajayhtym\u00e4 Oy\",\"isPartOf\":{\"@id\":\"https:\/\/hunaja.fi\/#website\"},\"primaryImageOfPage\":{\"@id\":\"https:\/\/hunaja.fi\/tuote\/hunajasiivila-50-100kgn-pakkausastioihin-hienosiivilointiin\/#primaryimage\"},\"image\":{\"@id\":\"https:\/\/hunaja.fi\/tuote\/hunajasiivila-50-100kgn-pakkausastioihin-hienosiivilointiin\/#primaryimage\"},\"thumbnailUrl\":\"https:\/\/hunaja.fi\/wp-content\/uploads\/2016\/05\/siivila_200kg.jpg\",\"datePublished\":\"2019-06-17T10:11:12+00:00\",\"dateModified\":\"2025-06-19T09:23:14+00:00\",\"description\":\"Siivil\u00e4 Giordan 50kg-200 kg:n pakkausastioihin. Tarkoitettu hunajan hienosiivil\u00f6inti\u00e4 varten. Setti sis\u00e4lt\u00e4\u00e4 kehikon (ruostumatonta ter\u00e4st\u00e4, halkaisija\",\"breadcrumb\":{\"@id\":\"https:\/\/hunaja.fi\/tuote\/hunajasiivila-50-100kgn-pakkausastioihin-hienosiivilointiin\/#breadcrumb\"},\"inLanguage\":\"zh-Hans\",\"potentialAction\":[{\"@type\":\"ReadAction\",\"target\":[\"https:\/\/hunaja.fi\/tuote\/hunajasiivila-50-100kgn-pakkausastioihin-hienosiivilointiin\/\"]}]},{\"@type\":\"ImageObject\",\"inLanguage\":\"zh-Hans\",\"@id\":\"https:\/\/hunaja.fi\/tuote\/hunajasiivila-50-100kgn-pakkausastioihin-hienosiivilointiin\/#primaryimage\",\"url\":\"https:\/\/hunaja.fi\/wp-content\/uploads\/2016\/05\/siivila_200kg.jpg\",\"contentUrl\":\"https:\/\/hunaja.fi\/wp-content\/uploads\/2016\/05\/siivila_200kg.jpg\",\"width\":500,\"height\":500},{\"@type\":\"BreadcrumbList\",\"@id\":\"https:\/\/hunaja.fi\/tuote\/hunajasiivila-50-100kgn-pakkausastioihin-hienosiivilointiin\/#breadcrumb\",\"itemListElement\":[{\"@type\":\"ListItem\",\"position\":1,\"name\":\"Etusivu\",\"item\":\"https:\/\/hunaja.fi\/\"},{\"@type\":\"ListItem\",\"position\":2,\"name\":\"Tuotteet\",\"item\":\"https:\/\/hunaja.fi\/kauppapaikka\/tuotteet\/\"},{\"@type\":\"ListItem\",\"position\":3,\"name\":\"Hunajank\u00e4sittely\",\"item\":\"https:\/\/hunaja.fi\/tuote-osasto\/hunajankasittely\/\"},{\"@type\":\"ListItem\",\"position\":4,\"name\":\"Siivil\u00f6inti\",\"item\":\"https:\/\/hunaja.fi\/tuote-osasto\/hunajankasittely\/siivilat\/\"},{\"@type\":\"ListItem\",\"position\":5,\"name\":\"Hunajasiivil\u00e4 50-100kg:n pakkausastioihin, hienosiivil\u00f6intiin\"}]},{\"@type\":\"WebSite\",\"@id\":\"https:\/\/hunaja.fi\/#website\",\"url\":\"https:\/\/hunaja.fi\/\",\"name\":\"Hunajayhtym\u00e4 Oy\",\"description\":\"Nature Loves Finnish Floral Honey\",\"publisher\":{\"@id\":\"https:\/\/hunaja.fi\/#organization\"},\"potentialAction\":[{\"@type\":\"SearchAction\",\"target\":{\"@type\":\"EntryPoint\",\"urlTemplate\":\"https:\/\/hunaja.fi\/?s={search_term_string}\"},\"query-input\":{\"@type\":\"PropertyValueSpecification\",\"valueRequired\":true,\"valueName\":\"search_term_string\"}}],\"inLanguage\":\"zh-Hans\"},{\"@type\":\"Organization\",\"@id\":\"https:\/\/hunaja.fi\/#organization\",\"name\":\"Hunajayhtym\u00e4 Oy\",\"url\":\"https:\/\/hunaja.fi\/\",\"logo\":{\"@type\":\"ImageObject\",\"inLanguage\":\"zh-Hans\",\"@id\":\"https:\/\/hunaja.fi\/#\/schema\/logo\/image\/\",\"url\":\"https:\/\/hunaja.fi\/wp-content\/uploads\/2021\/07\/Hunajayhtyma_Logo_VAAKA_slogan_cmyk-01.png\",\"contentUrl\":\"https:\/\/hunaja.fi\/wp-content\/uploads\/2021\/07\/Hunajayhtyma_Logo_VAAKA_slogan_cmyk-01.png\",\"width\":656,\"height\":242,\"caption\":\"Hunajayhtym\u00e4 Oy\"},\"image\":{\"@id\":\"https:\/\/hunaja.fi\/#\/schema\/logo\/image\/\"}}]}<\/script>\n<!-- \/ Yoast SEO plugin. -->","yoast_head_json":{"title":"Hunajasiivil\u00e4 50-100kg:n pakkausastioihin, hienosiivil\u00f6intiin - Hunajayhtym\u00e4 Oy","description":"Siivil\u00e4 Giordan 50kg-200 kg:n pakkausastioihin. Tarkoitettu hunajan hienosiivil\u00f6inti\u00e4 varten. Setti sis\u00e4lt\u00e4\u00e4 kehikon (ruostumatonta ter\u00e4st\u00e4, halkaisija","robots":{"index":"index","follow":"follow","max-snippet":"max-snippet:-1","max-image-preview":"max-image-preview:large","max-video-preview":"max-video-preview:-1"},"canonical":"https:\/\/hunaja.fi\/tuote\/hunajasiivila-50-100kgn-pakkausastioihin-hienosiivilointiin\/","og_locale":"zh_CN","og_type":"article","og_title":"Hunajasiivil\u00e4 50-100kg:n pakkausastioihin, hienosiivil\u00f6intiin - Hunajayhtym\u00e4 Oy","og_description":"Siivil\u00e4 Giordan 50kg-200 kg:n pakkausastioihin. Tarkoitettu hunajan hienosiivil\u00f6inti\u00e4 varten. Setti sis\u00e4lt\u00e4\u00e4 kehikon (ruostumatonta ter\u00e4st\u00e4, halkaisija","og_url":"https:\/\/hunaja.fi\/tuote\/hunajasiivila-50-100kgn-pakkausastioihin-hienosiivilointiin\/","og_site_name":"Hunajayhtym\u00e4 Oy","article_modified_time":"2025-06-19T09:23:14+00:00","og_image":[{"width":500,"height":500,"url":"https:\/\/hunaja.fi\/wp-content\/uploads\/2016\/05\/siivila_200kg.jpg","type":"image\/jpeg"}],"twitter_card":"summary_large_image","twitter_misc":{"\u9884\u8ba1\u9605\u8bfb\u65f6\u95f4":"1 \u5206"},"schema":{"@context":"https:\/\/schema.org","@graph":[{"@type":"WebPage","@id":"https:\/\/hunaja.fi\/tuote\/hunajasiivila-50-100kgn-pakkausastioihin-hienosiivilointiin\/","url":"https:\/\/hunaja.fi\/tuote\/hunajasiivila-50-100kgn-pakkausastioihin-hienosiivilointiin\/","name":"Hunajasiivil\u00e4 50-100kg:n pakkausastioihin, hienosiivil\u00f6intiin - Hunajayhtym\u00e4 Oy","isPartOf":{"@id":"https:\/\/hunaja.fi\/#website"},"primaryImageOfPage":{"@id":"https:\/\/hunaja.fi\/tuote\/hunajasiivila-50-100kgn-pakkausastioihin-hienosiivilointiin\/#primaryimage"},"image":{"@id":"https:\/\/hunaja.fi\/tuote\/hunajasiivila-50-100kgn-pakkausastioihin-hienosiivilointiin\/#primaryimage"},"thumbnailUrl":"https:\/\/hunaja.fi\/wp-content\/uploads\/2016\/05\/siivila_200kg.jpg","datePublished":"2019-06-17T10:11:12+00:00","dateModified":"2025-06-19T09:23:14+00:00","description":"Siivil\u00e4 Giordan 50kg-200 kg:n pakkausastioihin. Tarkoitettu hunajan hienosiivil\u00f6inti\u00e4 varten. Setti sis\u00e4lt\u00e4\u00e4 kehikon (ruostumatonta ter\u00e4st\u00e4, halkaisija","breadcrumb":{"@id":"https:\/\/hunaja.fi\/tuote\/hunajasiivila-50-100kgn-pakkausastioihin-hienosiivilointiin\/#breadcrumb"},"inLanguage":"zh-Hans","potentialAction":[{"@type":"ReadAction","target":["https:\/\/hunaja.fi\/tuote\/hunajasiivila-50-100kgn-pakkausastioihin-hienosiivilointiin\/"]}]},{"@type":"ImageObject","inLanguage":"zh-Hans","@id":"https:\/\/hunaja.fi\/tuote\/hunajasiivila-50-100kgn-pakkausastioihin-hienosiivilointiin\/#primaryimage","url":"https:\/\/hunaja.fi\/wp-content\/uploads\/2016\/05\/siivila_200kg.jpg","contentUrl":"https:\/\/hunaja.fi\/wp-content\/uploads\/2016\/05\/siivila_200kg.jpg","width":500,"height":500},{"@type":"BreadcrumbList","@id":"https:\/\/hunaja.fi\/tuote\/hunajasiivila-50-100kgn-pakkausastioihin-hienosiivilointiin\/#breadcrumb","itemListElement":[{"@type":"ListItem","position":1,"name":"Etusivu","item":"https:\/\/hunaja.fi\/"},{"@type":"ListItem","position":2,"name":"Tuotteet","item":"https:\/\/hunaja.fi\/kauppapaikka\/tuotteet\/"},{"@type":"ListItem","position":3,"name":"Hunajank\u00e4sittely","item":"https:\/\/hunaja.fi\/tuote-osasto\/hunajankasittely\/"},{"@type":"ListItem","position":4,"name":"Siivil\u00f6inti","item":"https:\/\/hunaja.fi\/tuote-osasto\/hunajankasittely\/siivilat\/"},{"@type":"ListItem","position":5,"name":"Hunajasiivil\u00e4 50-100kg:n pakkausastioihin, hienosiivil\u00f6intiin"}]},{"@type":"WebSite","@id":"https:\/\/hunaja.fi\/#website","url":"https:\/\/hunaja.fi\/","name":"Hunajayhtym\u00e4 Oy","description":"Nature Loves Finnish Floral Honey","publisher":{"@id":"https:\/\/hunaja.fi\/#organization"},"potentialAction":[{"@type":"SearchAction","target":{"@type":"EntryPoint","urlTemplate":"https:\/\/hunaja.fi\/?s={search_term_string}"},"query-input":{"@type":"PropertyValueSpecification","valueRequired":true,"valueName":"search_term_string"}}],"inLanguage":"zh-Hans"},{"@type":"Organization","@id":"https:\/\/hunaja.fi\/#organization","name":"Hunajayhtym\u00e4 Oy","url":"https:\/\/hunaja.fi\/","logo":{"@type":"ImageObject","inLanguage":"zh-Hans","@id":"https:\/\/hunaja.fi\/#\/schema\/logo\/image\/","url":"https:\/\/hunaja.fi\/wp-content\/uploads\/2021\/07\/Hunajayhtyma_Logo_VAAKA_slogan_cmyk-01.png","contentUrl":"https:\/\/hunaja.fi\/wp-content\/uploads\/2021\/07\/Hunajayhtyma_Logo_VAAKA_slogan_cmyk-01.png","width":656,"height":242,"caption":"Hunajayhtym\u00e4 Oy"},"image":{"@id":"https:\/\/hunaja.fi\/#\/schema\/logo\/image\/"}}]}},"_links":{"self":[{"href":"https:\/\/hunaja.fi\/zh-hans\/wp-json\/wp\/v2\/product\/19943","targetHints":{"allow":["GET"]}}],"collection":[{"href":"https:\/\/hunaja.fi\/zh-hans\/wp-json\/wp\/v2\/product"}],"about":[{"href":"https:\/\/hunaja.fi\/zh-hans\/wp-json\/wp\/v2\/types\/product"}],"wp:featuredmedia":[{"embeddable":true,"href":"https:\/\/hunaja.fi\/zh-hans\/wp-json\/wp\/v2\/media\/11052"}],"wp:attachment":[{"href":"https:\/\/hunaja.fi\/zh-hans\/wp-json\/wp\/v2\/media?parent=19943"}],"wp:term":[{"taxonomy":"product_brand","embeddable":true,"href":"https:\/\/hunaja.fi\/zh-hans\/wp-json\/wp\/v2\/product_brand?post=19943"},{"taxonomy":"product_cat","embeddable":true,"href":"https:\/\/hunaja.fi\/zh-hans\/wp-json\/wp\/v2\/product_cat?post=19943"},{"taxonomy":"product_tag","embeddable":true,"href":"https:\/\/hunaja.fi\/zh-hans\/wp-json\/wp\/v2\/product_tag?post=19943"}],"curies":[{"name":"wp","href":"https:\/\/api.w.org\/{rel}","templated":true}]}}