{"id":18886,"date":"2019-03-19T10:49:29","date_gmt":"2019-03-19T08:49:29","guid":{"rendered":"https:\/\/www.hunaja.fi\/?post_type=product&#038;p=18886"},"modified":"2022-04-12T10:10:48","modified_gmt":"2022-04-12T07:10:48","slug":"paasiaispuput","status":"publish","type":"product","link":"https:\/\/hunaja.fi\/zh-hans\/tuote\/paasiaispuput\/","title":{"rendered":"P\u00e4\u00e4si\u00e4ispuput"},"content":{"rendered":"<p>Koko6,5 x 3<\/p>\n<p>Vahan kulutus noin 30g<\/p>\n","protected":false},"excerpt":{"rendered":"<p>Koko6,5 x 3 Vahan kulutus noin 30g<\/p>\n","protected":false},"featured_media":18883,"template":"","meta":{"_acf_changed":false,"_improvement_type_select":"improve_an_existing","_thumb_yes_seoaic":false,"_frame_yes_seoaic":false,"seoaic_generate_description":"","seoaic_improve_instructions_prompt":"","seoaic_rollback_content_improvement":"","seoaic_idea_thumbnail_generator":"","thumbnail_generated":false,"thumbnail_generate_prompt":"","seoaic_article_description":"","site-sidebar-layout":"default","site-content-layout":"","ast-site-content-layout":"default","site-content-style":"default","site-sidebar-style":"default","ast-global-header-display":"","ast-banner-title-visibility":"","ast-main-header-display":"","ast-hfb-above-header-display":"","ast-hfb-below-header-display":"","ast-hfb-mobile-header-display":"","site-post-title":"","ast-breadcrumbs-content":"","ast-featured-img":"","footer-sml-layout":"","ast-disable-related-posts":"","theme-transparent-header-meta":"","adv-header-id-meta":"","stick-header-meta":"","header-above-stick-meta":"","header-main-stick-meta":"","header-below-stick-meta":"","astra-migrate-meta-layouts":"default","ast-page-background-enabled":"default","ast-page-background-meta":{"desktop":{"background-color":"","background-image":"","background-repeat":"repeat","background-position":"center center","background-size":"auto","background-attachment":"scroll","background-type":"","background-media":"","overlay-type":"","overlay-color":"","overlay-opacity":"","overlay-gradient":""},"tablet":{"background-color":"","background-image":"","background-repeat":"repeat","background-position":"center center","background-size":"auto","background-attachment":"scroll","background-type":"","background-media":"","overlay-type":"","overlay-color":"","overlay-opacity":"","overlay-gradient":""},"mobile":{"background-color":"","background-image":"","background-repeat":"repeat","background-position":"center center","background-size":"auto","background-attachment":"scroll","background-type":"","background-media":"","overlay-type":"","overlay-color":"","overlay-opacity":"","overlay-gradient":""}},"ast-content-background-meta":{"desktop":{"background-color":"var(--ast-global-color-5)","background-image":"","background-repeat":"repeat","background-position":"center center","background-size":"auto","background-attachment":"scroll","background-type":"","background-media":"","overlay-type":"","overlay-color":"","overlay-opacity":"","overlay-gradient":""},"tablet":{"background-color":"var(--ast-global-color-5)","background-image":"","background-repeat":"repeat","background-position":"center center","background-size":"auto","background-attachment":"scroll","background-type":"","background-media":"","overlay-type":"","overlay-color":"","overlay-opacity":"","overlay-gradient":""},"mobile":{"background-color":"var(--ast-global-color-5)","background-image":"","background-repeat":"repeat","background-position":"center center","background-size":"auto","background-attachment":"scroll","background-type":"","background-media":"","overlay-type":"","overlay-color":"","overlay-opacity":"","overlay-gradient":""}}},"product_brand":[],"product_cat":[573],"product_tag":[],"class_list":{"0":"post-18886","1":"product","2":"type-product","3":"status-publish","4":"has-post-thumbnail","6":"product_cat-kynttilamuotit","7":"desktop-align-center","8":"tablet-align-center","9":"mobile-align-center","10":"ast-product-gallery-layout-horizontal","11":"ast-magnify-disabled","12":"ast-product-tabs-layout-horizontal","14":"first","15":"instock","16":"sale","17":"shipping-taxable","18":"purchasable","19":"product-type-simple"},"acf":[],"yoast_head":"<!-- This site is optimized with the Yoast SEO plugin v26.7 - https:\/\/yoast.com\/wordpress\/plugins\/seo\/ -->\n<title>P\u00e4\u00e4si\u00e4ispuput - Hunajayhtym\u00e4 Oy<\/title>\n<meta name=\"description\" content=\"Koko6,5 x 3  Vahan kulutus noin 30g\" \/>\n<meta name=\"robots\" content=\"index, follow, max-snippet:-1, max-image-preview:large, max-video-preview:-1\" \/>\n<link rel=\"canonical\" href=\"https:\/\/hunaja.fi\/tuote\/paasiaispuput\/\" \/>\n<meta property=\"og:locale\" content=\"zh_CN\" \/>\n<meta property=\"og:type\" content=\"article\" \/>\n<meta property=\"og:title\" content=\"P\u00e4\u00e4si\u00e4ispuput - Hunajayhtym\u00e4 Oy\" \/>\n<meta property=\"og:description\" content=\"Koko6,5 x 3  Vahan kulutus noin 30g\" \/>\n<meta property=\"og:url\" content=\"https:\/\/hunaja.fi\/tuote\/paasiaispuput\/\" \/>\n<meta property=\"og:site_name\" content=\"Hunajayhtym\u00e4 Oy\" \/>\n<meta property=\"article:modified_time\" content=\"2022-04-12T07:10:48+00:00\" \/>\n<meta property=\"og:image\" content=\"https:\/\/hunaja.fi\/wp-content\/uploads\/2019\/03\/P\u00e4\u00e4si\u00e4ismalli-pupu-scaled.jpg\" \/>\n\t<meta property=\"og:image:width\" content=\"2560\" \/>\n\t<meta property=\"og:image:height\" content=\"1920\" \/>\n\t<meta property=\"og:image:type\" content=\"image\/jpeg\" \/>\n<meta name=\"twitter:card\" content=\"summary_large_image\" \/>\n<script type=\"application\/ld+json\" class=\"yoast-schema-graph\">{\"@context\":\"https:\/\/schema.org\",\"@graph\":[{\"@type\":\"WebPage\",\"@id\":\"https:\/\/hunaja.fi\/tuote\/paasiaispuput\/\",\"url\":\"https:\/\/hunaja.fi\/tuote\/paasiaispuput\/\",\"name\":\"P\u00e4\u00e4si\u00e4ispuput - Hunajayhtym\u00e4 Oy\",\"isPartOf\":{\"@id\":\"https:\/\/hunaja.fi\/#website\"},\"primaryImageOfPage\":{\"@id\":\"https:\/\/hunaja.fi\/tuote\/paasiaispuput\/#primaryimage\"},\"image\":{\"@id\":\"https:\/\/hunaja.fi\/tuote\/paasiaispuput\/#primaryimage\"},\"thumbnailUrl\":\"https:\/\/hunaja.fi\/wp-content\/uploads\/2019\/03\/P\u00e4\u00e4si\u00e4ismalli-pupu-scaled.jpg\",\"datePublished\":\"2019-03-19T08:49:29+00:00\",\"dateModified\":\"2022-04-12T07:10:48+00:00\",\"description\":\"Koko6,5 x 3 Vahan kulutus noin 30g\",\"breadcrumb\":{\"@id\":\"https:\/\/hunaja.fi\/tuote\/paasiaispuput\/#breadcrumb\"},\"inLanguage\":\"zh-Hans\",\"potentialAction\":[{\"@type\":\"ReadAction\",\"target\":[\"https:\/\/hunaja.fi\/tuote\/paasiaispuput\/\"]}]},{\"@type\":\"ImageObject\",\"inLanguage\":\"zh-Hans\",\"@id\":\"https:\/\/hunaja.fi\/tuote\/paasiaispuput\/#primaryimage\",\"url\":\"https:\/\/hunaja.fi\/wp-content\/uploads\/2019\/03\/P\u00e4\u00e4si\u00e4ismalli-pupu-scaled.jpg\",\"contentUrl\":\"https:\/\/hunaja.fi\/wp-content\/uploads\/2019\/03\/P\u00e4\u00e4si\u00e4ismalli-pupu-scaled.jpg\",\"width\":2560,\"height\":1920,\"caption\":\"btr\"},{\"@type\":\"BreadcrumbList\",\"@id\":\"https:\/\/hunaja.fi\/tuote\/paasiaispuput\/#breadcrumb\",\"itemListElement\":[{\"@type\":\"ListItem\",\"position\":1,\"name\":\"Etusivu\",\"item\":\"https:\/\/hunaja.fi\/\"},{\"@type\":\"ListItem\",\"position\":2,\"name\":\"Tuotteet\",\"item\":\"https:\/\/hunaja.fi\/kauppapaikka\/tuotteet\/\"},{\"@type\":\"ListItem\",\"position\":3,\"name\":\"Kynttil\u00e4tarvikkeet\",\"item\":\"https:\/\/hunaja.fi\/tuote-osasto\/kynttilatarvikkeet\/\"},{\"@type\":\"ListItem\",\"position\":4,\"name\":\"Kynttil\u00e4muotit\",\"item\":\"https:\/\/hunaja.fi\/tuote-osasto\/kynttilatarvikkeet\/kynttilamuotit\/\"},{\"@type\":\"ListItem\",\"position\":5,\"name\":\"P\u00e4\u00e4si\u00e4ispuput\"}]},{\"@type\":\"WebSite\",\"@id\":\"https:\/\/hunaja.fi\/#website\",\"url\":\"https:\/\/hunaja.fi\/\",\"name\":\"Hunajayhtym\u00e4 Oy\",\"description\":\"Nature Loves Finnish Floral Honey\",\"publisher\":{\"@id\":\"https:\/\/hunaja.fi\/#organization\"},\"potentialAction\":[{\"@type\":\"SearchAction\",\"target\":{\"@type\":\"EntryPoint\",\"urlTemplate\":\"https:\/\/hunaja.fi\/?s={search_term_string}\"},\"query-input\":{\"@type\":\"PropertyValueSpecification\",\"valueRequired\":true,\"valueName\":\"search_term_string\"}}],\"inLanguage\":\"zh-Hans\"},{\"@type\":\"Organization\",\"@id\":\"https:\/\/hunaja.fi\/#organization\",\"name\":\"Hunajayhtym\u00e4 Oy\",\"url\":\"https:\/\/hunaja.fi\/\",\"logo\":{\"@type\":\"ImageObject\",\"inLanguage\":\"zh-Hans\",\"@id\":\"https:\/\/hunaja.fi\/#\/schema\/logo\/image\/\",\"url\":\"https:\/\/hunaja.fi\/wp-content\/uploads\/2021\/07\/Hunajayhtyma_Logo_VAAKA_slogan_cmyk-01.png\",\"contentUrl\":\"https:\/\/hunaja.fi\/wp-content\/uploads\/2021\/07\/Hunajayhtyma_Logo_VAAKA_slogan_cmyk-01.png\",\"width\":656,\"height\":242,\"caption\":\"Hunajayhtym\u00e4 Oy\"},\"image\":{\"@id\":\"https:\/\/hunaja.fi\/#\/schema\/logo\/image\/\"}}]}<\/script>\n<!-- \/ Yoast SEO plugin. -->","yoast_head_json":{"title":"P\u00e4\u00e4si\u00e4ispuput - Hunajayhtym\u00e4 Oy","description":"Koko6,5 x 3  Vahan kulutus noin 30g","robots":{"index":"index","follow":"follow","max-snippet":"max-snippet:-1","max-image-preview":"max-image-preview:large","max-video-preview":"max-video-preview:-1"},"canonical":"https:\/\/hunaja.fi\/tuote\/paasiaispuput\/","og_locale":"zh_CN","og_type":"article","og_title":"P\u00e4\u00e4si\u00e4ispuput - Hunajayhtym\u00e4 Oy","og_description":"Koko6,5 x 3  Vahan kulutus noin 30g","og_url":"https:\/\/hunaja.fi\/tuote\/paasiaispuput\/","og_site_name":"Hunajayhtym\u00e4 Oy","article_modified_time":"2022-04-12T07:10:48+00:00","og_image":[{"width":2560,"height":1920,"url":"https:\/\/hunaja.fi\/wp-content\/uploads\/2019\/03\/P\u00e4\u00e4si\u00e4ismalli-pupu-scaled.jpg","type":"image\/jpeg"}],"twitter_card":"summary_large_image","schema":{"@context":"https:\/\/schema.org","@graph":[{"@type":"WebPage","@id":"https:\/\/hunaja.fi\/tuote\/paasiaispuput\/","url":"https:\/\/hunaja.fi\/tuote\/paasiaispuput\/","name":"P\u00e4\u00e4si\u00e4ispuput - Hunajayhtym\u00e4 Oy","isPartOf":{"@id":"https:\/\/hunaja.fi\/#website"},"primaryImageOfPage":{"@id":"https:\/\/hunaja.fi\/tuote\/paasiaispuput\/#primaryimage"},"image":{"@id":"https:\/\/hunaja.fi\/tuote\/paasiaispuput\/#primaryimage"},"thumbnailUrl":"https:\/\/hunaja.fi\/wp-content\/uploads\/2019\/03\/P\u00e4\u00e4si\u00e4ismalli-pupu-scaled.jpg","datePublished":"2019-03-19T08:49:29+00:00","dateModified":"2022-04-12T07:10:48+00:00","description":"Koko6,5 x 3 Vahan kulutus noin 30g","breadcrumb":{"@id":"https:\/\/hunaja.fi\/tuote\/paasiaispuput\/#breadcrumb"},"inLanguage":"zh-Hans","potentialAction":[{"@type":"ReadAction","target":["https:\/\/hunaja.fi\/tuote\/paasiaispuput\/"]}]},{"@type":"ImageObject","inLanguage":"zh-Hans","@id":"https:\/\/hunaja.fi\/tuote\/paasiaispuput\/#primaryimage","url":"https:\/\/hunaja.fi\/wp-content\/uploads\/2019\/03\/P\u00e4\u00e4si\u00e4ismalli-pupu-scaled.jpg","contentUrl":"https:\/\/hunaja.fi\/wp-content\/uploads\/2019\/03\/P\u00e4\u00e4si\u00e4ismalli-pupu-scaled.jpg","width":2560,"height":1920,"caption":"btr"},{"@type":"BreadcrumbList","@id":"https:\/\/hunaja.fi\/tuote\/paasiaispuput\/#breadcrumb","itemListElement":[{"@type":"ListItem","position":1,"name":"Etusivu","item":"https:\/\/hunaja.fi\/"},{"@type":"ListItem","position":2,"name":"Tuotteet","item":"https:\/\/hunaja.fi\/kauppapaikka\/tuotteet\/"},{"@type":"ListItem","position":3,"name":"Kynttil\u00e4tarvikkeet","item":"https:\/\/hunaja.fi\/tuote-osasto\/kynttilatarvikkeet\/"},{"@type":"ListItem","position":4,"name":"Kynttil\u00e4muotit","item":"https:\/\/hunaja.fi\/tuote-osasto\/kynttilatarvikkeet\/kynttilamuotit\/"},{"@type":"ListItem","position":5,"name":"P\u00e4\u00e4si\u00e4ispuput"}]},{"@type":"WebSite","@id":"https:\/\/hunaja.fi\/#website","url":"https:\/\/hunaja.fi\/","name":"Hunajayhtym\u00e4 Oy","description":"Nature Loves Finnish Floral Honey","publisher":{"@id":"https:\/\/hunaja.fi\/#organization"},"potentialAction":[{"@type":"SearchAction","target":{"@type":"EntryPoint","urlTemplate":"https:\/\/hunaja.fi\/?s={search_term_string}"},"query-input":{"@type":"PropertyValueSpecification","valueRequired":true,"valueName":"search_term_string"}}],"inLanguage":"zh-Hans"},{"@type":"Organization","@id":"https:\/\/hunaja.fi\/#organization","name":"Hunajayhtym\u00e4 Oy","url":"https:\/\/hunaja.fi\/","logo":{"@type":"ImageObject","inLanguage":"zh-Hans","@id":"https:\/\/hunaja.fi\/#\/schema\/logo\/image\/","url":"https:\/\/hunaja.fi\/wp-content\/uploads\/2021\/07\/Hunajayhtyma_Logo_VAAKA_slogan_cmyk-01.png","contentUrl":"https:\/\/hunaja.fi\/wp-content\/uploads\/2021\/07\/Hunajayhtyma_Logo_VAAKA_slogan_cmyk-01.png","width":656,"height":242,"caption":"Hunajayhtym\u00e4 Oy"},"image":{"@id":"https:\/\/hunaja.fi\/#\/schema\/logo\/image\/"}}]}},"_links":{"self":[{"href":"https:\/\/hunaja.fi\/zh-hans\/wp-json\/wp\/v2\/product\/18886","targetHints":{"allow":["GET"]}}],"collection":[{"href":"https:\/\/hunaja.fi\/zh-hans\/wp-json\/wp\/v2\/product"}],"about":[{"href":"https:\/\/hunaja.fi\/zh-hans\/wp-json\/wp\/v2\/types\/product"}],"wp:featuredmedia":[{"embeddable":true,"href":"https:\/\/hunaja.fi\/zh-hans\/wp-json\/wp\/v2\/media\/18883"}],"wp:attachment":[{"href":"https:\/\/hunaja.fi\/zh-hans\/wp-json\/wp\/v2\/media?parent=18886"}],"wp:term":[{"taxonomy":"product_brand","embeddable":true,"href":"https:\/\/hunaja.fi\/zh-hans\/wp-json\/wp\/v2\/product_brand?post=18886"},{"taxonomy":"product_cat","embeddable":true,"href":"https:\/\/hunaja.fi\/zh-hans\/wp-json\/wp\/v2\/product_cat?post=18886"},{"taxonomy":"product_tag","embeddable":true,"href":"https:\/\/hunaja.fi\/zh-hans\/wp-json\/wp\/v2\/product_tag?post=18886"}],"curies":[{"name":"wp","href":"https:\/\/api.w.org\/{rel}","templated":true}]}}