{"id":14445,"date":"2017-04-05T13:19:10","date_gmt":"2017-04-05T10:19:10","guid":{"rendered":"https:\/\/www.hunaja.fi\/?post_type=product&#038;p=14445"},"modified":"2026-04-14T08:24:39","modified_gmt":"2026-04-14T05:24:39","slug":"suojakasine-nahkaa-sipa","status":"publish","type":"product","link":"https:\/\/hunaja.fi\/zh-hans\/tuote\/suojakasine-nahkaa-sipa\/","title":{"rendered":"Suojak\u00e4sine, nahkaa (Sipa)"},"content":{"rendered":"<p>Erinomaisen pehme\u00e4\u00e4 nahkaa oleva mehil\u00e4ishoitok\u00e4sine. K\u00e4sivarren suojusosa on puuvillakangasta. Resori on napakka, mutta tilava. Laatuhanska hyv\u00e4\u00e4n hintaan! Saatavilla my\u00f6s isoja kokoja!<\/p>\n<p><strong>Hanskojen numerokokomerkint\u00e4 vastaa yleens\u00e4 k\u00e4mmenen ymp\u00e4rysmittaa leveimm\u00e4st\u00e4 kohtaa tuumina. Hanskojen kokomerkinn\u00e4t saattavat vaihdella jonkin verran eri valmistajien v\u00e4lill\u00e4.<\/strong><\/p>\n","protected":false},"excerpt":{"rendered":"<p>Erinomaisen pehme\u00e4\u00e4 nahkaa oleva mehil\u00e4ishoitok\u00e4sine. K [&hellip;]<\/p>\n","protected":false},"featured_media":14454,"template":"","meta":{"_acf_changed":false,"_improvement_type_select":"improve_an_existing","_thumb_yes_seoaic":false,"_frame_yes_seoaic":false,"seoaic_generate_description":"","seoaic_improve_instructions_prompt":"","seoaic_rollback_content_improvement":"","seoaic_idea_thumbnail_generator":"","thumbnail_generated":false,"thumbnail_generate_prompt":"","seoaic_article_description":"","site-sidebar-layout":"default","site-content-layout":"default","ast-site-content-layout":"default","site-content-style":"default","site-sidebar-style":"default","ast-global-header-display":"","ast-banner-title-visibility":"","ast-main-header-display":"","ast-hfb-above-header-display":"","ast-hfb-below-header-display":"","ast-hfb-mobile-header-display":"","site-post-title":"","ast-breadcrumbs-content":"","ast-featured-img":"","footer-sml-layout":"","ast-disable-related-posts":"","theme-transparent-header-meta":"default","adv-header-id-meta":"","stick-header-meta":"default","header-above-stick-meta":"","header-main-stick-meta":"","header-below-stick-meta":"","astra-migrate-meta-layouts":"set","ast-page-background-enabled":"default","ast-page-background-meta":{"desktop":{"background-color":"","background-image":"","background-repeat":"repeat","background-position":"center center","background-size":"auto","background-attachment":"scroll","background-type":"","background-media":"","overlay-type":"","overlay-color":"","overlay-opacity":"","overlay-gradient":""},"tablet":{"background-color":"","background-image":"","background-repeat":"repeat","background-position":"center center","background-size":"auto","background-attachment":"scroll","background-type":"","background-media":"","overlay-type":"","overlay-color":"","overlay-opacity":"","overlay-gradient":""},"mobile":{"background-color":"","background-image":"","background-repeat":"repeat","background-position":"center center","background-size":"auto","background-attachment":"scroll","background-type":"","background-media":"","overlay-type":"","overlay-color":"","overlay-opacity":"","overlay-gradient":""}},"ast-content-background-meta":{"desktop":{"background-color":"var(--ast-global-color-5)","background-image":"","background-repeat":"repeat","background-position":"center center","background-size":"auto","background-attachment":"scroll","background-type":"","background-media":"","overlay-type":"","overlay-color":"","overlay-opacity":"","overlay-gradient":""},"tablet":{"background-color":"var(--ast-global-color-5)","background-image":"","background-repeat":"repeat","background-position":"center center","background-size":"auto","background-attachment":"scroll","background-type":"","background-media":"","overlay-type":"","overlay-color":"","overlay-opacity":"","overlay-gradient":""},"mobile":{"background-color":"var(--ast-global-color-5)","background-image":"","background-repeat":"repeat","background-position":"center center","background-size":"auto","background-attachment":"scroll","background-type":"","background-media":"","overlay-type":"","overlay-color":"","overlay-opacity":"","overlay-gradient":""}}},"product_brand":[],"product_cat":[2035,15],"product_tag":[],"class_list":{"0":"post-14445","1":"product","2":"type-product","3":"status-publish","4":"has-post-thumbnail","6":"product_cat-suojakasineet","7":"product_cat-suojaasut","8":"pa_koko-548","9":"pa_koko-549","10":"pa_koko-550","11":"pa_koko-1137","12":"pa_koko-1138","13":"pa_koko-1209","14":"pa_koko-543","15":"pa_koko-544","16":"pa_koko-547","17":"desktop-align-center","18":"tablet-align-center","19":"mobile-align-center","20":"ast-product-gallery-layout-horizontal","21":"ast-product-gallery-with-no-image","22":"ast-magnify-disabled","23":"ast-product-single-variable","24":"ast-product-tabs-layout-horizontal","26":"first","27":"instock","28":"shipping-taxable","29":"purchasable","30":"product-type-variable"},"acf":[],"yoast_head":"<!-- This site is optimized with the Yoast SEO plugin v26.7 - https:\/\/yoast.com\/wordpress\/plugins\/seo\/ -->\n<title>Suojak\u00e4sine, nahkaa (Sipa) - Hunajayhtym\u00e4 Oy<\/title>\n<meta name=\"description\" content=\"Erinomaisen pehme\u00e4\u00e4 nahkaa oleva mehil\u00e4ishoitok\u00e4sine. K\u00e4sivarren suojusosa on puuvillakangasta. Resori on napakka, mutta tilava. Laatuhanska hyv\u00e4\u00e4n\" \/>\n<meta name=\"robots\" content=\"index, follow, max-snippet:-1, max-image-preview:large, max-video-preview:-1\" \/>\n<link rel=\"canonical\" href=\"https:\/\/hunaja.fi\/tuote\/suojakasine-nahkaa-sipa\/\" \/>\n<meta property=\"og:locale\" content=\"zh_CN\" \/>\n<meta property=\"og:type\" content=\"article\" \/>\n<meta property=\"og:title\" content=\"Suojak\u00e4sine, nahkaa (Sipa) - Hunajayhtym\u00e4 Oy\" \/>\n<meta property=\"og:description\" content=\"Erinomaisen pehme\u00e4\u00e4 nahkaa oleva mehil\u00e4ishoitok\u00e4sine. K\u00e4sivarren suojusosa on puuvillakangasta. Resori on napakka, mutta tilava. Laatuhanska hyv\u00e4\u00e4n\" \/>\n<meta property=\"og:url\" content=\"https:\/\/hunaja.fi\/tuote\/suojakasine-nahkaa-sipa\/\" \/>\n<meta property=\"og:site_name\" content=\"Hunajayhtym\u00e4 Oy\" \/>\n<meta property=\"article:modified_time\" content=\"2026-04-14T05:24:39+00:00\" \/>\n<meta property=\"og:image\" content=\"https:\/\/hunaja.fi\/wp-content\/uploads\/2017\/04\/suojakasine_sipa.jpg\" \/>\n\t<meta property=\"og:image:width\" content=\"500\" \/>\n\t<meta property=\"og:image:height\" content=\"500\" \/>\n\t<meta property=\"og:image:type\" content=\"image\/jpeg\" \/>\n<meta name=\"twitter:card\" content=\"summary_large_image\" \/>\n<meta name=\"twitter:label1\" content=\"\u9884\u8ba1\u9605\u8bfb\u65f6\u95f4\" \/>\n\t<meta name=\"twitter:data1\" content=\"1 \u5206\" \/>\n<script type=\"application\/ld+json\" class=\"yoast-schema-graph\">{\"@context\":\"https:\/\/schema.org\",\"@graph\":[{\"@type\":\"WebPage\",\"@id\":\"https:\/\/hunaja.fi\/tuote\/suojakasine-nahkaa-sipa\/\",\"url\":\"https:\/\/hunaja.fi\/tuote\/suojakasine-nahkaa-sipa\/\",\"name\":\"Suojak\u00e4sine, nahkaa (Sipa) - Hunajayhtym\u00e4 Oy\",\"isPartOf\":{\"@id\":\"https:\/\/hunaja.fi\/#website\"},\"primaryImageOfPage\":{\"@id\":\"https:\/\/hunaja.fi\/tuote\/suojakasine-nahkaa-sipa\/#primaryimage\"},\"image\":{\"@id\":\"https:\/\/hunaja.fi\/tuote\/suojakasine-nahkaa-sipa\/#primaryimage\"},\"thumbnailUrl\":\"https:\/\/hunaja.fi\/wp-content\/uploads\/2017\/04\/suojakasine_sipa.jpg\",\"datePublished\":\"2017-04-05T10:19:10+00:00\",\"dateModified\":\"2026-04-14T05:24:39+00:00\",\"description\":\"Erinomaisen pehme\u00e4\u00e4 nahkaa oleva mehil\u00e4ishoitok\u00e4sine. K\u00e4sivarren suojusosa on puuvillakangasta. Resori on napakka, mutta tilava. Laatuhanska hyv\u00e4\u00e4n\",\"breadcrumb\":{\"@id\":\"https:\/\/hunaja.fi\/tuote\/suojakasine-nahkaa-sipa\/#breadcrumb\"},\"inLanguage\":\"zh-Hans\",\"potentialAction\":[{\"@type\":\"ReadAction\",\"target\":[\"https:\/\/hunaja.fi\/tuote\/suojakasine-nahkaa-sipa\/\"]}]},{\"@type\":\"ImageObject\",\"inLanguage\":\"zh-Hans\",\"@id\":\"https:\/\/hunaja.fi\/tuote\/suojakasine-nahkaa-sipa\/#primaryimage\",\"url\":\"https:\/\/hunaja.fi\/wp-content\/uploads\/2017\/04\/suojakasine_sipa.jpg\",\"contentUrl\":\"https:\/\/hunaja.fi\/wp-content\/uploads\/2017\/04\/suojakasine_sipa.jpg\",\"width\":500,\"height\":500,\"caption\":\"laadukas k\u00e4sine mehilaishoitajille\"},{\"@type\":\"BreadcrumbList\",\"@id\":\"https:\/\/hunaja.fi\/tuote\/suojakasine-nahkaa-sipa\/#breadcrumb\",\"itemListElement\":[{\"@type\":\"ListItem\",\"position\":1,\"name\":\"Etusivu\",\"item\":\"https:\/\/hunaja.fi\/\"},{\"@type\":\"ListItem\",\"position\":2,\"name\":\"Tuotteet\",\"item\":\"https:\/\/hunaja.fi\/kauppapaikka\/tuotteet\/\"},{\"@type\":\"ListItem\",\"position\":3,\"name\":\"Suoja-asut\",\"item\":\"https:\/\/hunaja.fi\/tuote-osasto\/suojaasut\/\"},{\"@type\":\"ListItem\",\"position\":4,\"name\":\"Suojak\u00e4sine, nahkaa (Sipa)\"}]},{\"@type\":\"WebSite\",\"@id\":\"https:\/\/hunaja.fi\/#website\",\"url\":\"https:\/\/hunaja.fi\/\",\"name\":\"Hunajayhtym\u00e4 Oy\",\"description\":\"Nature Loves Finnish Floral Honey\",\"publisher\":{\"@id\":\"https:\/\/hunaja.fi\/#organization\"},\"potentialAction\":[{\"@type\":\"SearchAction\",\"target\":{\"@type\":\"EntryPoint\",\"urlTemplate\":\"https:\/\/hunaja.fi\/?s={search_term_string}\"},\"query-input\":{\"@type\":\"PropertyValueSpecification\",\"valueRequired\":true,\"valueName\":\"search_term_string\"}}],\"inLanguage\":\"zh-Hans\"},{\"@type\":\"Organization\",\"@id\":\"https:\/\/hunaja.fi\/#organization\",\"name\":\"Hunajayhtym\u00e4 Oy\",\"url\":\"https:\/\/hunaja.fi\/\",\"logo\":{\"@type\":\"ImageObject\",\"inLanguage\":\"zh-Hans\",\"@id\":\"https:\/\/hunaja.fi\/#\/schema\/logo\/image\/\",\"url\":\"https:\/\/hunaja.fi\/wp-content\/uploads\/2021\/07\/Hunajayhtyma_Logo_VAAKA_slogan_cmyk-01.png\",\"contentUrl\":\"https:\/\/hunaja.fi\/wp-content\/uploads\/2021\/07\/Hunajayhtyma_Logo_VAAKA_slogan_cmyk-01.png\",\"width\":656,\"height\":242,\"caption\":\"Hunajayhtym\u00e4 Oy\"},\"image\":{\"@id\":\"https:\/\/hunaja.fi\/#\/schema\/logo\/image\/\"}}]}<\/script>\n<!-- \/ Yoast SEO plugin. -->","yoast_head_json":{"title":"Suojak\u00e4sine, nahkaa (Sipa) - Hunajayhtym\u00e4 Oy","description":"Erinomaisen pehme\u00e4\u00e4 nahkaa oleva mehil\u00e4ishoitok\u00e4sine. K\u00e4sivarren suojusosa on puuvillakangasta. Resori on napakka, mutta tilava. Laatuhanska hyv\u00e4\u00e4n","robots":{"index":"index","follow":"follow","max-snippet":"max-snippet:-1","max-image-preview":"max-image-preview:large","max-video-preview":"max-video-preview:-1"},"canonical":"https:\/\/hunaja.fi\/tuote\/suojakasine-nahkaa-sipa\/","og_locale":"zh_CN","og_type":"article","og_title":"Suojak\u00e4sine, nahkaa (Sipa) - Hunajayhtym\u00e4 Oy","og_description":"Erinomaisen pehme\u00e4\u00e4 nahkaa oleva mehil\u00e4ishoitok\u00e4sine. K\u00e4sivarren suojusosa on puuvillakangasta. Resori on napakka, mutta tilava. Laatuhanska hyv\u00e4\u00e4n","og_url":"https:\/\/hunaja.fi\/tuote\/suojakasine-nahkaa-sipa\/","og_site_name":"Hunajayhtym\u00e4 Oy","article_modified_time":"2026-04-14T05:24:39+00:00","og_image":[{"width":500,"height":500,"url":"https:\/\/hunaja.fi\/wp-content\/uploads\/2017\/04\/suojakasine_sipa.jpg","type":"image\/jpeg"}],"twitter_card":"summary_large_image","twitter_misc":{"\u9884\u8ba1\u9605\u8bfb\u65f6\u95f4":"1 \u5206"},"schema":{"@context":"https:\/\/schema.org","@graph":[{"@type":"WebPage","@id":"https:\/\/hunaja.fi\/tuote\/suojakasine-nahkaa-sipa\/","url":"https:\/\/hunaja.fi\/tuote\/suojakasine-nahkaa-sipa\/","name":"Suojak\u00e4sine, nahkaa (Sipa) - Hunajayhtym\u00e4 Oy","isPartOf":{"@id":"https:\/\/hunaja.fi\/#website"},"primaryImageOfPage":{"@id":"https:\/\/hunaja.fi\/tuote\/suojakasine-nahkaa-sipa\/#primaryimage"},"image":{"@id":"https:\/\/hunaja.fi\/tuote\/suojakasine-nahkaa-sipa\/#primaryimage"},"thumbnailUrl":"https:\/\/hunaja.fi\/wp-content\/uploads\/2017\/04\/suojakasine_sipa.jpg","datePublished":"2017-04-05T10:19:10+00:00","dateModified":"2026-04-14T05:24:39+00:00","description":"Erinomaisen pehme\u00e4\u00e4 nahkaa oleva mehil\u00e4ishoitok\u00e4sine. K\u00e4sivarren suojusosa on puuvillakangasta. Resori on napakka, mutta tilava. Laatuhanska hyv\u00e4\u00e4n","breadcrumb":{"@id":"https:\/\/hunaja.fi\/tuote\/suojakasine-nahkaa-sipa\/#breadcrumb"},"inLanguage":"zh-Hans","potentialAction":[{"@type":"ReadAction","target":["https:\/\/hunaja.fi\/tuote\/suojakasine-nahkaa-sipa\/"]}]},{"@type":"ImageObject","inLanguage":"zh-Hans","@id":"https:\/\/hunaja.fi\/tuote\/suojakasine-nahkaa-sipa\/#primaryimage","url":"https:\/\/hunaja.fi\/wp-content\/uploads\/2017\/04\/suojakasine_sipa.jpg","contentUrl":"https:\/\/hunaja.fi\/wp-content\/uploads\/2017\/04\/suojakasine_sipa.jpg","width":500,"height":500,"caption":"laadukas k\u00e4sine mehilaishoitajille"},{"@type":"BreadcrumbList","@id":"https:\/\/hunaja.fi\/tuote\/suojakasine-nahkaa-sipa\/#breadcrumb","itemListElement":[{"@type":"ListItem","position":1,"name":"Etusivu","item":"https:\/\/hunaja.fi\/"},{"@type":"ListItem","position":2,"name":"Tuotteet","item":"https:\/\/hunaja.fi\/kauppapaikka\/tuotteet\/"},{"@type":"ListItem","position":3,"name":"Suoja-asut","item":"https:\/\/hunaja.fi\/tuote-osasto\/suojaasut\/"},{"@type":"ListItem","position":4,"name":"Suojak\u00e4sine, nahkaa (Sipa)"}]},{"@type":"WebSite","@id":"https:\/\/hunaja.fi\/#website","url":"https:\/\/hunaja.fi\/","name":"Hunajayhtym\u00e4 Oy","description":"Nature Loves Finnish Floral Honey","publisher":{"@id":"https:\/\/hunaja.fi\/#organization"},"potentialAction":[{"@type":"SearchAction","target":{"@type":"EntryPoint","urlTemplate":"https:\/\/hunaja.fi\/?s={search_term_string}"},"query-input":{"@type":"PropertyValueSpecification","valueRequired":true,"valueName":"search_term_string"}}],"inLanguage":"zh-Hans"},{"@type":"Organization","@id":"https:\/\/hunaja.fi\/#organization","name":"Hunajayhtym\u00e4 Oy","url":"https:\/\/hunaja.fi\/","logo":{"@type":"ImageObject","inLanguage":"zh-Hans","@id":"https:\/\/hunaja.fi\/#\/schema\/logo\/image\/","url":"https:\/\/hunaja.fi\/wp-content\/uploads\/2021\/07\/Hunajayhtyma_Logo_VAAKA_slogan_cmyk-01.png","contentUrl":"https:\/\/hunaja.fi\/wp-content\/uploads\/2021\/07\/Hunajayhtyma_Logo_VAAKA_slogan_cmyk-01.png","width":656,"height":242,"caption":"Hunajayhtym\u00e4 Oy"},"image":{"@id":"https:\/\/hunaja.fi\/#\/schema\/logo\/image\/"}}]}},"_links":{"self":[{"href":"https:\/\/hunaja.fi\/zh-hans\/wp-json\/wp\/v2\/product\/14445","targetHints":{"allow":["GET"]}}],"collection":[{"href":"https:\/\/hunaja.fi\/zh-hans\/wp-json\/wp\/v2\/product"}],"about":[{"href":"https:\/\/hunaja.fi\/zh-hans\/wp-json\/wp\/v2\/types\/product"}],"wp:featuredmedia":[{"embeddable":true,"href":"https:\/\/hunaja.fi\/zh-hans\/wp-json\/wp\/v2\/media\/14454"}],"wp:attachment":[{"href":"https:\/\/hunaja.fi\/zh-hans\/wp-json\/wp\/v2\/media?parent=14445"}],"wp:term":[{"taxonomy":"product_brand","embeddable":true,"href":"https:\/\/hunaja.fi\/zh-hans\/wp-json\/wp\/v2\/product_brand?post=14445"},{"taxonomy":"product_cat","embeddable":true,"href":"https:\/\/hunaja.fi\/zh-hans\/wp-json\/wp\/v2\/product_cat?post=14445"},{"taxonomy":"product_tag","embeddable":true,"href":"https:\/\/hunaja.fi\/zh-hans\/wp-json\/wp\/v2\/product_tag?post=14445"}],"curies":[{"name":"wp","href":"https:\/\/api.w.org\/{rel}","templated":true}]}}