{"id":8565,"date":"2015-09-08T14:23:40","date_gmt":"2015-09-08T11:23:40","guid":{"rendered":"https:\/\/www.hunaja.fi\/?post_type=product&#038;p=8565"},"modified":"2025-08-04T21:56:56","modified_gmt":"2025-08-04T18:56:56","slug":"lingon-jalan-kumitassu-2-eri-kokoa","status":"publish","type":"product","link":"https:\/\/hunaja.fi\/ja\/tuote\/lingon-jalan-kumitassu-2-eri-kokoa\/","title":{"rendered":"Lingon jalan kumitassu 3 kpl &#8211; 2 eri kokoa"},"content":{"rendered":"<p>Kumitassu hunajalingon jalan alle. Kaksi eri kokoa lingon halkaisijan mukaan. Hinta sis\u00e4lt\u00e4\u00e4 3 kappaletta kumitassuja.<\/p>\n","protected":false},"excerpt":{"rendered":"<p>Kumitassu hunajalingon jalan alle. Kaksi eri kokoa ling [&hellip;]<\/p>\n","protected":false},"featured_media":8567,"template":"","meta":{"_acf_changed":false,"_improvement_type_select":"improve_an_existing","_thumb_yes_seoaic":false,"_frame_yes_seoaic":false,"seoaic_generate_description":"","seoaic_improve_instructions_prompt":"","seoaic_rollback_content_improvement":"","seoaic_idea_thumbnail_generator":"","thumbnail_generated":false,"thumbnail_generate_prompt":"","seoaic_article_description":"","site-sidebar-layout":"default","site-content-layout":"","ast-site-content-layout":"default","site-content-style":"default","site-sidebar-style":"default","ast-global-header-display":"","ast-banner-title-visibility":"","ast-main-header-display":"","ast-hfb-above-header-display":"","ast-hfb-below-header-display":"","ast-hfb-mobile-header-display":"","site-post-title":"","ast-breadcrumbs-content":"","ast-featured-img":"","footer-sml-layout":"","ast-disable-related-posts":"","theme-transparent-header-meta":"","adv-header-id-meta":"","stick-header-meta":"","header-above-stick-meta":"","header-main-stick-meta":"","header-below-stick-meta":"","astra-migrate-meta-layouts":"default","ast-page-background-enabled":"default","ast-page-background-meta":{"desktop":{"background-color":"","background-image":"","background-repeat":"repeat","background-position":"center center","background-size":"auto","background-attachment":"scroll","background-type":"","background-media":"","overlay-type":"","overlay-color":"","overlay-opacity":"","overlay-gradient":""},"tablet":{"background-color":"","background-image":"","background-repeat":"repeat","background-position":"center center","background-size":"auto","background-attachment":"scroll","background-type":"","background-media":"","overlay-type":"","overlay-color":"","overlay-opacity":"","overlay-gradient":""},"mobile":{"background-color":"","background-image":"","background-repeat":"repeat","background-position":"center center","background-size":"auto","background-attachment":"scroll","background-type":"","background-media":"","overlay-type":"","overlay-color":"","overlay-opacity":"","overlay-gradient":""}},"ast-content-background-meta":{"desktop":{"background-color":"var(--ast-global-color-5)","background-image":"","background-repeat":"repeat","background-position":"center center","background-size":"auto","background-attachment":"scroll","background-type":"","background-media":"","overlay-type":"","overlay-color":"","overlay-opacity":"","overlay-gradient":""},"tablet":{"background-color":"var(--ast-global-color-5)","background-image":"","background-repeat":"repeat","background-position":"center center","background-size":"auto","background-attachment":"scroll","background-type":"","background-media":"","overlay-type":"","overlay-color":"","overlay-opacity":"","overlay-gradient":""},"mobile":{"background-color":"var(--ast-global-color-5)","background-image":"","background-repeat":"repeat","background-position":"center center","background-size":"auto","background-attachment":"scroll","background-type":"","background-media":"","overlay-type":"","overlay-color":"","overlay-opacity":"","overlay-gradient":""}}},"product_brand":[],"product_cat":[2051,557],"product_tag":[],"class_list":{"0":"post-8565","1":"product","2":"type-product","3":"status-publish","4":"has-post-thumbnail","6":"product_cat-tarvikkeet_ja_varaosat","7":"product_cat-linkous","8":"pa_koko-halk-63-77-cm","9":"pa_koko-halk-max-60-cm","10":"desktop-align-center","11":"tablet-align-center","12":"mobile-align-center","13":"ast-product-gallery-layout-horizontal","14":"ast-product-gallery-with-no-image","15":"ast-magnify-disabled","16":"ast-product-single-variable","17":"ast-product-tabs-layout-horizontal","19":"first","20":"instock","21":"shipping-taxable","22":"purchasable","23":"product-type-variable"},"acf":[],"yoast_head":"<!-- This site is optimized with the Yoast SEO plugin v26.7 - https:\/\/yoast.com\/wordpress\/plugins\/seo\/ -->\n<title>Lingon jalan kumitassu 3 kpl - 2 eri kokoa - Hunajayhtym\u00e4 Oy<\/title>\n<meta name=\"description\" content=\"Kumitassu hunajalingon jalan alle. Kaksi eri kokoa lingon halkaisijan mukaan.\" \/>\n<meta name=\"robots\" content=\"index, follow, max-snippet:-1, max-image-preview:large, max-video-preview:-1\" \/>\n<link rel=\"canonical\" href=\"https:\/\/hunaja.fi\/tuote\/lingon-jalan-kumitassu-2-eri-kokoa\/\" \/>\n<meta property=\"og:locale\" content=\"ja_JP\" \/>\n<meta property=\"og:type\" content=\"article\" \/>\n<meta property=\"og:title\" content=\"Lingon jalan kumitassu 3 kpl - 2 eri kokoa - Hunajayhtym\u00e4 Oy\" \/>\n<meta property=\"og:description\" content=\"Kumitassu hunajalingon jalan alle. Kaksi eri kokoa lingon halkaisijan mukaan.\" \/>\n<meta property=\"og:url\" content=\"https:\/\/hunaja.fi\/tuote\/lingon-jalan-kumitassu-2-eri-kokoa\/\" \/>\n<meta property=\"og:site_name\" content=\"Hunajayhtym\u00e4 Oy\" \/>\n<meta property=\"article:modified_time\" content=\"2025-08-04T18:56:56+00:00\" \/>\n<meta property=\"og:image\" content=\"https:\/\/hunaja.fi\/wp-content\/uploads\/2015\/09\/kumitassu_lingon_jalkaan_iso.jpg\" \/>\n\t<meta property=\"og:image:width\" content=\"500\" \/>\n\t<meta property=\"og:image:height\" content=\"500\" \/>\n\t<meta property=\"og:image:type\" content=\"image\/jpeg\" \/>\n<meta name=\"twitter:card\" content=\"summary_large_image\" \/>\n<script type=\"application\/ld+json\" class=\"yoast-schema-graph\">{\"@context\":\"https:\/\/schema.org\",\"@graph\":[{\"@type\":\"WebPage\",\"@id\":\"https:\/\/hunaja.fi\/tuote\/lingon-jalan-kumitassu-2-eri-kokoa\/\",\"url\":\"https:\/\/hunaja.fi\/tuote\/lingon-jalan-kumitassu-2-eri-kokoa\/\",\"name\":\"Lingon jalan kumitassu 3 kpl - 2 eri kokoa - Hunajayhtym\u00e4 Oy\",\"isPartOf\":{\"@id\":\"https:\/\/hunaja.fi\/#website\"},\"primaryImageOfPage\":{\"@id\":\"https:\/\/hunaja.fi\/tuote\/lingon-jalan-kumitassu-2-eri-kokoa\/#primaryimage\"},\"image\":{\"@id\":\"https:\/\/hunaja.fi\/tuote\/lingon-jalan-kumitassu-2-eri-kokoa\/#primaryimage\"},\"thumbnailUrl\":\"https:\/\/hunaja.fi\/wp-content\/uploads\/2015\/09\/kumitassu_lingon_jalkaan_iso.jpg\",\"datePublished\":\"2015-09-08T11:23:40+00:00\",\"dateModified\":\"2025-08-04T18:56:56+00:00\",\"description\":\"Kumitassu hunajalingon jalan alle. Kaksi eri kokoa lingon halkaisijan mukaan.\",\"breadcrumb\":{\"@id\":\"https:\/\/hunaja.fi\/tuote\/lingon-jalan-kumitassu-2-eri-kokoa\/#breadcrumb\"},\"inLanguage\":\"ja\",\"potentialAction\":[{\"@type\":\"ReadAction\",\"target\":[\"https:\/\/hunaja.fi\/tuote\/lingon-jalan-kumitassu-2-eri-kokoa\/\"]}]},{\"@type\":\"ImageObject\",\"inLanguage\":\"ja\",\"@id\":\"https:\/\/hunaja.fi\/tuote\/lingon-jalan-kumitassu-2-eri-kokoa\/#primaryimage\",\"url\":\"https:\/\/hunaja.fi\/wp-content\/uploads\/2015\/09\/kumitassu_lingon_jalkaan_iso.jpg\",\"contentUrl\":\"https:\/\/hunaja.fi\/wp-content\/uploads\/2015\/09\/kumitassu_lingon_jalkaan_iso.jpg\",\"width\":500,\"height\":500},{\"@type\":\"BreadcrumbList\",\"@id\":\"https:\/\/hunaja.fi\/tuote\/lingon-jalan-kumitassu-2-eri-kokoa\/#breadcrumb\",\"itemListElement\":[{\"@type\":\"ListItem\",\"position\":1,\"name\":\"Etusivu\",\"item\":\"https:\/\/hunaja.fi\/ja\/\"},{\"@type\":\"ListItem\",\"position\":2,\"name\":\"Tuotteet\",\"item\":\"https:\/\/hunaja.fi\/kauppapaikka\/tuotteet\/\"},{\"@type\":\"ListItem\",\"position\":3,\"name\":\"Linkous\",\"item\":\"https:\/\/hunaja.fi\/tuote-osasto\/linkous\/\"},{\"@type\":\"ListItem\",\"position\":4,\"name\":\"Lingon jalan kumitassu 3 kpl &#8211; 2 eri kokoa\"}]},{\"@type\":\"WebSite\",\"@id\":\"https:\/\/hunaja.fi\/#website\",\"url\":\"https:\/\/hunaja.fi\/\",\"name\":\"Hunajayhtym\u00e4 Oy\",\"description\":\"Nature Loves Finnish Floral Honey\",\"publisher\":{\"@id\":\"https:\/\/hunaja.fi\/#organization\"},\"potentialAction\":[{\"@type\":\"SearchAction\",\"target\":{\"@type\":\"EntryPoint\",\"urlTemplate\":\"https:\/\/hunaja.fi\/?s={search_term_string}\"},\"query-input\":{\"@type\":\"PropertyValueSpecification\",\"valueRequired\":true,\"valueName\":\"search_term_string\"}}],\"inLanguage\":\"ja\"},{\"@type\":\"Organization\",\"@id\":\"https:\/\/hunaja.fi\/#organization\",\"name\":\"Hunajayhtym\u00e4 Oy\",\"url\":\"https:\/\/hunaja.fi\/\",\"logo\":{\"@type\":\"ImageObject\",\"inLanguage\":\"ja\",\"@id\":\"https:\/\/hunaja.fi\/#\/schema\/logo\/image\/\",\"url\":\"https:\/\/hunaja.fi\/wp-content\/uploads\/2021\/07\/Hunajayhtyma_Logo_VAAKA_slogan_cmyk-01.png\",\"contentUrl\":\"https:\/\/hunaja.fi\/wp-content\/uploads\/2021\/07\/Hunajayhtyma_Logo_VAAKA_slogan_cmyk-01.png\",\"width\":656,\"height\":242,\"caption\":\"Hunajayhtym\u00e4 Oy\"},\"image\":{\"@id\":\"https:\/\/hunaja.fi\/#\/schema\/logo\/image\/\"}}]}<\/script>\n<!-- \/ Yoast SEO plugin. -->","yoast_head_json":{"title":"Lingon jalan kumitassu 3 kpl - 2 eri kokoa - Hunajayhtym\u00e4 Oy","description":"Kumitassu hunajalingon jalan alle. Kaksi eri kokoa lingon halkaisijan mukaan.","robots":{"index":"index","follow":"follow","max-snippet":"max-snippet:-1","max-image-preview":"max-image-preview:large","max-video-preview":"max-video-preview:-1"},"canonical":"https:\/\/hunaja.fi\/tuote\/lingon-jalan-kumitassu-2-eri-kokoa\/","og_locale":"ja_JP","og_type":"article","og_title":"Lingon jalan kumitassu 3 kpl - 2 eri kokoa - Hunajayhtym\u00e4 Oy","og_description":"Kumitassu hunajalingon jalan alle. Kaksi eri kokoa lingon halkaisijan mukaan.","og_url":"https:\/\/hunaja.fi\/tuote\/lingon-jalan-kumitassu-2-eri-kokoa\/","og_site_name":"Hunajayhtym\u00e4 Oy","article_modified_time":"2025-08-04T18:56:56+00:00","og_image":[{"width":500,"height":500,"url":"https:\/\/hunaja.fi\/wp-content\/uploads\/2015\/09\/kumitassu_lingon_jalkaan_iso.jpg","type":"image\/jpeg"}],"twitter_card":"summary_large_image","schema":{"@context":"https:\/\/schema.org","@graph":[{"@type":"WebPage","@id":"https:\/\/hunaja.fi\/tuote\/lingon-jalan-kumitassu-2-eri-kokoa\/","url":"https:\/\/hunaja.fi\/tuote\/lingon-jalan-kumitassu-2-eri-kokoa\/","name":"Lingon jalan kumitassu 3 kpl - 2 eri kokoa - Hunajayhtym\u00e4 Oy","isPartOf":{"@id":"https:\/\/hunaja.fi\/#website"},"primaryImageOfPage":{"@id":"https:\/\/hunaja.fi\/tuote\/lingon-jalan-kumitassu-2-eri-kokoa\/#primaryimage"},"image":{"@id":"https:\/\/hunaja.fi\/tuote\/lingon-jalan-kumitassu-2-eri-kokoa\/#primaryimage"},"thumbnailUrl":"https:\/\/hunaja.fi\/wp-content\/uploads\/2015\/09\/kumitassu_lingon_jalkaan_iso.jpg","datePublished":"2015-09-08T11:23:40+00:00","dateModified":"2025-08-04T18:56:56+00:00","description":"Kumitassu hunajalingon jalan alle. Kaksi eri kokoa lingon halkaisijan mukaan.","breadcrumb":{"@id":"https:\/\/hunaja.fi\/tuote\/lingon-jalan-kumitassu-2-eri-kokoa\/#breadcrumb"},"inLanguage":"ja","potentialAction":[{"@type":"ReadAction","target":["https:\/\/hunaja.fi\/tuote\/lingon-jalan-kumitassu-2-eri-kokoa\/"]}]},{"@type":"ImageObject","inLanguage":"ja","@id":"https:\/\/hunaja.fi\/tuote\/lingon-jalan-kumitassu-2-eri-kokoa\/#primaryimage","url":"https:\/\/hunaja.fi\/wp-content\/uploads\/2015\/09\/kumitassu_lingon_jalkaan_iso.jpg","contentUrl":"https:\/\/hunaja.fi\/wp-content\/uploads\/2015\/09\/kumitassu_lingon_jalkaan_iso.jpg","width":500,"height":500},{"@type":"BreadcrumbList","@id":"https:\/\/hunaja.fi\/tuote\/lingon-jalan-kumitassu-2-eri-kokoa\/#breadcrumb","itemListElement":[{"@type":"ListItem","position":1,"name":"Etusivu","item":"https:\/\/hunaja.fi\/ja\/"},{"@type":"ListItem","position":2,"name":"Tuotteet","item":"https:\/\/hunaja.fi\/kauppapaikka\/tuotteet\/"},{"@type":"ListItem","position":3,"name":"Linkous","item":"https:\/\/hunaja.fi\/tuote-osasto\/linkous\/"},{"@type":"ListItem","position":4,"name":"Lingon jalan kumitassu 3 kpl &#8211; 2 eri kokoa"}]},{"@type":"WebSite","@id":"https:\/\/hunaja.fi\/#website","url":"https:\/\/hunaja.fi\/","name":"Hunajayhtym\u00e4 Oy","description":"Nature Loves Finnish Floral Honey","publisher":{"@id":"https:\/\/hunaja.fi\/#organization"},"potentialAction":[{"@type":"SearchAction","target":{"@type":"EntryPoint","urlTemplate":"https:\/\/hunaja.fi\/?s={search_term_string}"},"query-input":{"@type":"PropertyValueSpecification","valueRequired":true,"valueName":"search_term_string"}}],"inLanguage":"ja"},{"@type":"Organization","@id":"https:\/\/hunaja.fi\/#organization","name":"Hunajayhtym\u00e4 Oy","url":"https:\/\/hunaja.fi\/","logo":{"@type":"ImageObject","inLanguage":"ja","@id":"https:\/\/hunaja.fi\/#\/schema\/logo\/image\/","url":"https:\/\/hunaja.fi\/wp-content\/uploads\/2021\/07\/Hunajayhtyma_Logo_VAAKA_slogan_cmyk-01.png","contentUrl":"https:\/\/hunaja.fi\/wp-content\/uploads\/2021\/07\/Hunajayhtyma_Logo_VAAKA_slogan_cmyk-01.png","width":656,"height":242,"caption":"Hunajayhtym\u00e4 Oy"},"image":{"@id":"https:\/\/hunaja.fi\/#\/schema\/logo\/image\/"}}]}},"_links":{"self":[{"href":"https:\/\/hunaja.fi\/ja\/wp-json\/wp\/v2\/product\/8565","targetHints":{"allow":["GET"]}}],"collection":[{"href":"https:\/\/hunaja.fi\/ja\/wp-json\/wp\/v2\/product"}],"about":[{"href":"https:\/\/hunaja.fi\/ja\/wp-json\/wp\/v2\/types\/product"}],"wp:featuredmedia":[{"embeddable":true,"href":"https:\/\/hunaja.fi\/ja\/wp-json\/wp\/v2\/media\/8567"}],"wp:attachment":[{"href":"https:\/\/hunaja.fi\/ja\/wp-json\/wp\/v2\/media?parent=8565"}],"wp:term":[{"taxonomy":"product_brand","embeddable":true,"href":"https:\/\/hunaja.fi\/ja\/wp-json\/wp\/v2\/product_brand?post=8565"},{"taxonomy":"product_cat","embeddable":true,"href":"https:\/\/hunaja.fi\/ja\/wp-json\/wp\/v2\/product_cat?post=8565"},{"taxonomy":"product_tag","embeddable":true,"href":"https:\/\/hunaja.fi\/ja\/wp-json\/wp\/v2\/product_tag?post=8565"}],"curies":[{"name":"wp","href":"https:\/\/api.w.org\/{rel}","templated":true}]}}