{"id":8077,"date":"2015-06-22T00:00:00","date_gmt":"2015-06-21T21:00:00","guid":{"rendered":"https:\/\/www.hunaja.fi\/?post_type=product&#038;p=8077"},"modified":"2025-08-22T16:06:35","modified_gmt":"2025-08-22T13:06:35","slug":"lahihunaja-200-g-tolkki-kansi","status":"publish","type":"product","link":"https:\/\/hunaja.fi\/ja\/tuote\/lahihunaja-200-g-tolkki-kansi\/","title":{"rendered":"L\u00e4hihunaja 200 g t\u00f6lkki + kansi \/ 60 Kpl"},"content":{"rendered":"<p>Uutuus: L\u00e4hihunaja -tuoteperheen &#8220;pikkuveli&#8221; eli 200 g:n t\u00f6lkki. Hinta sis\u00e4lt\u00e4\u00e4 purkin ja kannen.<\/p>\n<p>Pussissa 60 kappaletta.<\/p>\n","protected":false},"excerpt":{"rendered":"<p>Uutuus: L\u00e4hihunaja -tuoteperheen &#8220;pikkuveli&#038;#8221 [&hellip;]<\/p>\n","protected":false},"featured_media":11244,"template":"","meta":{"_acf_changed":false,"_improvement_type_select":"improve_an_existing","_thumb_yes_seoaic":false,"_frame_yes_seoaic":false,"seoaic_generate_description":"","seoaic_improve_instructions_prompt":"","seoaic_rollback_content_improvement":"","seoaic_idea_thumbnail_generator":"","thumbnail_generated":false,"thumbnail_generate_prompt":"","seoaic_article_description":"","site-sidebar-layout":"default","site-content-layout":"","ast-site-content-layout":"default","site-content-style":"default","site-sidebar-style":"default","ast-global-header-display":"","ast-banner-title-visibility":"","ast-main-header-display":"","ast-hfb-above-header-display":"","ast-hfb-below-header-display":"","ast-hfb-mobile-header-display":"","site-post-title":"","ast-breadcrumbs-content":"","ast-featured-img":"","footer-sml-layout":"","ast-disable-related-posts":"","theme-transparent-header-meta":"default","adv-header-id-meta":"","stick-header-meta":"default","header-above-stick-meta":"","header-main-stick-meta":"","header-below-stick-meta":"","astra-migrate-meta-layouts":"set","ast-page-background-enabled":"default","ast-page-background-meta":{"desktop":{"background-color":"","background-image":"","background-repeat":"repeat","background-position":"center center","background-size":"auto","background-attachment":"scroll","background-type":"","background-media":"","overlay-type":"","overlay-color":"","overlay-opacity":"","overlay-gradient":""},"tablet":{"background-color":"","background-image":"","background-repeat":"repeat","background-position":"center center","background-size":"auto","background-attachment":"scroll","background-type":"","background-media":"","overlay-type":"","overlay-color":"","overlay-opacity":"","overlay-gradient":""},"mobile":{"background-color":"","background-image":"","background-repeat":"repeat","background-position":"center center","background-size":"auto","background-attachment":"scroll","background-type":"","background-media":"","overlay-type":"","overlay-color":"","overlay-opacity":"","overlay-gradient":""}},"ast-content-background-meta":{"desktop":{"background-color":"var(--ast-global-color-5)","background-image":"","background-repeat":"repeat","background-position":"center center","background-size":"auto","background-attachment":"scroll","background-type":"","background-media":"","overlay-type":"","overlay-color":"","overlay-opacity":"","overlay-gradient":""},"tablet":{"background-color":"var(--ast-global-color-5)","background-image":"","background-repeat":"repeat","background-position":"center center","background-size":"auto","background-attachment":"scroll","background-type":"","background-media":"","overlay-type":"","overlay-color":"","overlay-opacity":"","overlay-gradient":""},"mobile":{"background-color":"var(--ast-global-color-5)","background-image":"","background-repeat":"repeat","background-position":"center center","background-size":"auto","background-attachment":"scroll","background-type":"","background-media":"","overlay-type":"","overlay-color":"","overlay-opacity":"","overlay-gradient":""}}},"product_brand":[],"product_cat":[1893,1567],"product_tag":[],"class_list":{"0":"post-8077","1":"product","2":"type-product","3":"status-publish","4":"has-post-thumbnail","6":"product_cat-tolkitjapullot2","7":"product_cat-muovitolkit","8":"product_shipping_class-matkahuolto-tai-lahella-paketti","9":"desktop-align-center","10":"tablet-align-center","11":"mobile-align-center","12":"ast-product-gallery-layout-horizontal","13":"ast-product-gallery-with-no-image","14":"ast-magnify-disabled","15":"ast-product-tabs-layout-horizontal","17":"first","18":"instock","19":"shipping-taxable","20":"purchasable","21":"product-type-simple"},"acf":[],"yoast_head":"<!-- This site is optimized with the Yoast SEO plugin v26.7 - https:\/\/yoast.com\/wordpress\/plugins\/seo\/ -->\n<title>L\u00e4hihunaja 200 g t\u00f6lkki + kansi \/ 60 Kpl - Hunajayhtym\u00e4 Oy<\/title>\n<meta name=\"description\" content=\"Uutuus: L\u00e4hihunaja -tuoteperheen &quot;pikkuveli&quot; eli 200 g:n t\u00f6lkki. Hinta\" \/>\n<meta name=\"robots\" content=\"index, follow, max-snippet:-1, max-image-preview:large, max-video-preview:-1\" \/>\n<link rel=\"canonical\" href=\"https:\/\/hunaja.fi\/tuote\/lahihunaja-200-g-tolkki-kansi\/\" \/>\n<meta property=\"og:locale\" content=\"ja_JP\" \/>\n<meta property=\"og:type\" content=\"article\" \/>\n<meta property=\"og:title\" content=\"L\u00e4hihunaja 200 g t\u00f6lkki + kansi \/ 60 Kpl - Hunajayhtym\u00e4 Oy\" \/>\n<meta property=\"og:description\" content=\"Uutuus: L\u00e4hihunaja -tuoteperheen &quot;pikkuveli&quot; eli 200 g:n t\u00f6lkki. Hinta\" \/>\n<meta property=\"og:url\" content=\"https:\/\/hunaja.fi\/tuote\/lahihunaja-200-g-tolkki-kansi\/\" \/>\n<meta property=\"og:site_name\" content=\"Hunajayhtym\u00e4 Oy\" \/>\n<meta property=\"article:modified_time\" content=\"2025-08-22T13:06:35+00:00\" \/>\n<meta property=\"og:image\" content=\"https:\/\/hunaja.fi\/wp-content\/uploads\/2016\/05\/lahihunaja_200g-1.jpg\" \/>\n\t<meta property=\"og:image:width\" content=\"500\" \/>\n\t<meta property=\"og:image:height\" content=\"500\" \/>\n\t<meta property=\"og:image:type\" content=\"image\/jpeg\" \/>\n<meta name=\"twitter:card\" content=\"summary_large_image\" \/>\n<meta name=\"twitter:label1\" content=\"\u63a8\u5b9a\u8aad\u307f\u53d6\u308a\u6642\u9593\" \/>\n\t<meta name=\"twitter:data1\" content=\"1\u5206\" \/>\n<script type=\"application\/ld+json\" class=\"yoast-schema-graph\">{\"@context\":\"https:\/\/schema.org\",\"@graph\":[{\"@type\":\"WebPage\",\"@id\":\"https:\/\/hunaja.fi\/tuote\/lahihunaja-200-g-tolkki-kansi\/\",\"url\":\"https:\/\/hunaja.fi\/tuote\/lahihunaja-200-g-tolkki-kansi\/\",\"name\":\"L\u00e4hihunaja 200 g t\u00f6lkki + kansi \/ 60 Kpl - Hunajayhtym\u00e4 Oy\",\"isPartOf\":{\"@id\":\"https:\/\/hunaja.fi\/#website\"},\"primaryImageOfPage\":{\"@id\":\"https:\/\/hunaja.fi\/tuote\/lahihunaja-200-g-tolkki-kansi\/#primaryimage\"},\"image\":{\"@id\":\"https:\/\/hunaja.fi\/tuote\/lahihunaja-200-g-tolkki-kansi\/#primaryimage\"},\"thumbnailUrl\":\"https:\/\/hunaja.fi\/wp-content\/uploads\/2016\/05\/lahihunaja_200g-1.jpg\",\"datePublished\":\"2015-06-21T21:00:00+00:00\",\"dateModified\":\"2025-08-22T13:06:35+00:00\",\"description\":\"Uutuus: L\u00e4hihunaja -tuoteperheen \\\"pikkuveli\\\" eli 200 g:n t\u00f6lkki. Hinta\",\"breadcrumb\":{\"@id\":\"https:\/\/hunaja.fi\/tuote\/lahihunaja-200-g-tolkki-kansi\/#breadcrumb\"},\"inLanguage\":\"ja\",\"potentialAction\":[{\"@type\":\"ReadAction\",\"target\":[\"https:\/\/hunaja.fi\/tuote\/lahihunaja-200-g-tolkki-kansi\/\"]}]},{\"@type\":\"ImageObject\",\"inLanguage\":\"ja\",\"@id\":\"https:\/\/hunaja.fi\/tuote\/lahihunaja-200-g-tolkki-kansi\/#primaryimage\",\"url\":\"https:\/\/hunaja.fi\/wp-content\/uploads\/2016\/05\/lahihunaja_200g-1.jpg\",\"contentUrl\":\"https:\/\/hunaja.fi\/wp-content\/uploads\/2016\/05\/lahihunaja_200g-1.jpg\",\"width\":500,\"height\":500},{\"@type\":\"BreadcrumbList\",\"@id\":\"https:\/\/hunaja.fi\/tuote\/lahihunaja-200-g-tolkki-kansi\/#breadcrumb\",\"itemListElement\":[{\"@type\":\"ListItem\",\"position\":1,\"name\":\"Etusivu\",\"item\":\"https:\/\/hunaja.fi\/ja\/\"},{\"@type\":\"ListItem\",\"position\":2,\"name\":\"Tuotteet\",\"item\":\"https:\/\/hunaja.fi\/kauppapaikka\/tuotteet\/\"},{\"@type\":\"ListItem\",\"position\":3,\"name\":\"Sesonkituotteet\",\"item\":\"https:\/\/hunaja.fi\/tuote-osasto\/sesonkituotteet\/\"},{\"@type\":\"ListItem\",\"position\":4,\"name\":\"Pakkaustarvikkeet\",\"item\":\"https:\/\/hunaja.fi\/tuote-osasto\/sesonkituotteet\/pakkaustarvikkeet2\/\"},{\"@type\":\"ListItem\",\"position\":5,\"name\":\"Muovit\u00f6lkit ja pullot\",\"item\":\"https:\/\/hunaja.fi\/tuote-osasto\/sesonkituotteet\/pakkaustarvikkeet2\/tolkitjapullot2\/\"},{\"@type\":\"ListItem\",\"position\":6,\"name\":\"L\u00e4hihunaja 200 g t\u00f6lkki + kansi \/ 60 Kpl\"}]},{\"@type\":\"WebSite\",\"@id\":\"https:\/\/hunaja.fi\/#website\",\"url\":\"https:\/\/hunaja.fi\/\",\"name\":\"Hunajayhtym\u00e4 Oy\",\"description\":\"Nature Loves Finnish Floral Honey\",\"publisher\":{\"@id\":\"https:\/\/hunaja.fi\/#organization\"},\"potentialAction\":[{\"@type\":\"SearchAction\",\"target\":{\"@type\":\"EntryPoint\",\"urlTemplate\":\"https:\/\/hunaja.fi\/?s={search_term_string}\"},\"query-input\":{\"@type\":\"PropertyValueSpecification\",\"valueRequired\":true,\"valueName\":\"search_term_string\"}}],\"inLanguage\":\"ja\"},{\"@type\":\"Organization\",\"@id\":\"https:\/\/hunaja.fi\/#organization\",\"name\":\"Hunajayhtym\u00e4 Oy\",\"url\":\"https:\/\/hunaja.fi\/\",\"logo\":{\"@type\":\"ImageObject\",\"inLanguage\":\"ja\",\"@id\":\"https:\/\/hunaja.fi\/#\/schema\/logo\/image\/\",\"url\":\"https:\/\/hunaja.fi\/wp-content\/uploads\/2021\/07\/Hunajayhtyma_Logo_VAAKA_slogan_cmyk-01.png\",\"contentUrl\":\"https:\/\/hunaja.fi\/wp-content\/uploads\/2021\/07\/Hunajayhtyma_Logo_VAAKA_slogan_cmyk-01.png\",\"width\":656,\"height\":242,\"caption\":\"Hunajayhtym\u00e4 Oy\"},\"image\":{\"@id\":\"https:\/\/hunaja.fi\/#\/schema\/logo\/image\/\"}}]}<\/script>\n<!-- \/ Yoast SEO plugin. -->","yoast_head_json":{"title":"L\u00e4hihunaja 200 g t\u00f6lkki + kansi \/ 60 Kpl - Hunajayhtym\u00e4 Oy","description":"Uutuus: L\u00e4hihunaja -tuoteperheen \"pikkuveli\" eli 200 g:n t\u00f6lkki. Hinta","robots":{"index":"index","follow":"follow","max-snippet":"max-snippet:-1","max-image-preview":"max-image-preview:large","max-video-preview":"max-video-preview:-1"},"canonical":"https:\/\/hunaja.fi\/tuote\/lahihunaja-200-g-tolkki-kansi\/","og_locale":"ja_JP","og_type":"article","og_title":"L\u00e4hihunaja 200 g t\u00f6lkki + kansi \/ 60 Kpl - Hunajayhtym\u00e4 Oy","og_description":"Uutuus: L\u00e4hihunaja -tuoteperheen \"pikkuveli\" eli 200 g:n t\u00f6lkki. Hinta","og_url":"https:\/\/hunaja.fi\/tuote\/lahihunaja-200-g-tolkki-kansi\/","og_site_name":"Hunajayhtym\u00e4 Oy","article_modified_time":"2025-08-22T13:06:35+00:00","og_image":[{"width":500,"height":500,"url":"https:\/\/hunaja.fi\/wp-content\/uploads\/2016\/05\/lahihunaja_200g-1.jpg","type":"image\/jpeg"}],"twitter_card":"summary_large_image","twitter_misc":{"\u63a8\u5b9a\u8aad\u307f\u53d6\u308a\u6642\u9593":"1\u5206"},"schema":{"@context":"https:\/\/schema.org","@graph":[{"@type":"WebPage","@id":"https:\/\/hunaja.fi\/tuote\/lahihunaja-200-g-tolkki-kansi\/","url":"https:\/\/hunaja.fi\/tuote\/lahihunaja-200-g-tolkki-kansi\/","name":"L\u00e4hihunaja 200 g t\u00f6lkki + kansi \/ 60 Kpl - Hunajayhtym\u00e4 Oy","isPartOf":{"@id":"https:\/\/hunaja.fi\/#website"},"primaryImageOfPage":{"@id":"https:\/\/hunaja.fi\/tuote\/lahihunaja-200-g-tolkki-kansi\/#primaryimage"},"image":{"@id":"https:\/\/hunaja.fi\/tuote\/lahihunaja-200-g-tolkki-kansi\/#primaryimage"},"thumbnailUrl":"https:\/\/hunaja.fi\/wp-content\/uploads\/2016\/05\/lahihunaja_200g-1.jpg","datePublished":"2015-06-21T21:00:00+00:00","dateModified":"2025-08-22T13:06:35+00:00","description":"Uutuus: L\u00e4hihunaja -tuoteperheen \"pikkuveli\" eli 200 g:n t\u00f6lkki. Hinta","breadcrumb":{"@id":"https:\/\/hunaja.fi\/tuote\/lahihunaja-200-g-tolkki-kansi\/#breadcrumb"},"inLanguage":"ja","potentialAction":[{"@type":"ReadAction","target":["https:\/\/hunaja.fi\/tuote\/lahihunaja-200-g-tolkki-kansi\/"]}]},{"@type":"ImageObject","inLanguage":"ja","@id":"https:\/\/hunaja.fi\/tuote\/lahihunaja-200-g-tolkki-kansi\/#primaryimage","url":"https:\/\/hunaja.fi\/wp-content\/uploads\/2016\/05\/lahihunaja_200g-1.jpg","contentUrl":"https:\/\/hunaja.fi\/wp-content\/uploads\/2016\/05\/lahihunaja_200g-1.jpg","width":500,"height":500},{"@type":"BreadcrumbList","@id":"https:\/\/hunaja.fi\/tuote\/lahihunaja-200-g-tolkki-kansi\/#breadcrumb","itemListElement":[{"@type":"ListItem","position":1,"name":"Etusivu","item":"https:\/\/hunaja.fi\/ja\/"},{"@type":"ListItem","position":2,"name":"Tuotteet","item":"https:\/\/hunaja.fi\/kauppapaikka\/tuotteet\/"},{"@type":"ListItem","position":3,"name":"Sesonkituotteet","item":"https:\/\/hunaja.fi\/tuote-osasto\/sesonkituotteet\/"},{"@type":"ListItem","position":4,"name":"Pakkaustarvikkeet","item":"https:\/\/hunaja.fi\/tuote-osasto\/sesonkituotteet\/pakkaustarvikkeet2\/"},{"@type":"ListItem","position":5,"name":"Muovit\u00f6lkit ja pullot","item":"https:\/\/hunaja.fi\/tuote-osasto\/sesonkituotteet\/pakkaustarvikkeet2\/tolkitjapullot2\/"},{"@type":"ListItem","position":6,"name":"L\u00e4hihunaja 200 g t\u00f6lkki + kansi \/ 60 Kpl"}]},{"@type":"WebSite","@id":"https:\/\/hunaja.fi\/#website","url":"https:\/\/hunaja.fi\/","name":"Hunajayhtym\u00e4 Oy","description":"Nature Loves Finnish Floral Honey","publisher":{"@id":"https:\/\/hunaja.fi\/#organization"},"potentialAction":[{"@type":"SearchAction","target":{"@type":"EntryPoint","urlTemplate":"https:\/\/hunaja.fi\/?s={search_term_string}"},"query-input":{"@type":"PropertyValueSpecification","valueRequired":true,"valueName":"search_term_string"}}],"inLanguage":"ja"},{"@type":"Organization","@id":"https:\/\/hunaja.fi\/#organization","name":"Hunajayhtym\u00e4 Oy","url":"https:\/\/hunaja.fi\/","logo":{"@type":"ImageObject","inLanguage":"ja","@id":"https:\/\/hunaja.fi\/#\/schema\/logo\/image\/","url":"https:\/\/hunaja.fi\/wp-content\/uploads\/2021\/07\/Hunajayhtyma_Logo_VAAKA_slogan_cmyk-01.png","contentUrl":"https:\/\/hunaja.fi\/wp-content\/uploads\/2021\/07\/Hunajayhtyma_Logo_VAAKA_slogan_cmyk-01.png","width":656,"height":242,"caption":"Hunajayhtym\u00e4 Oy"},"image":{"@id":"https:\/\/hunaja.fi\/#\/schema\/logo\/image\/"}}]}},"_links":{"self":[{"href":"https:\/\/hunaja.fi\/ja\/wp-json\/wp\/v2\/product\/8077","targetHints":{"allow":["GET"]}}],"collection":[{"href":"https:\/\/hunaja.fi\/ja\/wp-json\/wp\/v2\/product"}],"about":[{"href":"https:\/\/hunaja.fi\/ja\/wp-json\/wp\/v2\/types\/product"}],"wp:featuredmedia":[{"embeddable":true,"href":"https:\/\/hunaja.fi\/ja\/wp-json\/wp\/v2\/media\/11244"}],"wp:attachment":[{"href":"https:\/\/hunaja.fi\/ja\/wp-json\/wp\/v2\/media?parent=8077"}],"wp:term":[{"taxonomy":"product_brand","embeddable":true,"href":"https:\/\/hunaja.fi\/ja\/wp-json\/wp\/v2\/product_brand?post=8077"},{"taxonomy":"product_cat","embeddable":true,"href":"https:\/\/hunaja.fi\/ja\/wp-json\/wp\/v2\/product_cat?post=8077"},{"taxonomy":"product_tag","embeddable":true,"href":"https:\/\/hunaja.fi\/ja\/wp-json\/wp\/v2\/product_tag?post=8077"}],"curies":[{"name":"wp","href":"https:\/\/api.w.org\/{rel}","templated":true}]}}