{"id":47888,"date":"2025-06-03T13:03:44","date_gmt":"2025-06-03T10:03:44","guid":{"rendered":"https:\/\/hunaja.fi\/?post_type=product&#038;p=47888"},"modified":"2025-08-20T15:04:57","modified_gmt":"2025-08-20T12:04:57","slug":"kuorima-allas-ewg","status":"publish","type":"product","link":"https:\/\/hunaja.fi\/ja\/tuote\/kuorima-allas-ewg\/","title":{"rendered":"Kuorima-allas EWG"},"content":{"rendered":"<p>EWG kuorima-allas 100cm.<\/p>\n<p>Korkeus s\u00e4\u00e4det\u00e4viss\u00e4. 62-92 cm.<br \/>\nK\u00e4y kaikille keh\u00e4listatyypeille.<br \/>\nKalteva pohja huuhteluventtiilill\u00e4 mahdollistaa hunajan l\u00e4hes t\u00e4ydellisen valumisen<br \/>\nKaksipuolinen teline. Kaksi ihmist\u00e4 voi kuoria kehi\u00e4 samanaikaisesti.<br \/>\nEsiporatuilla rei&#8217;ill\u00e4 lis\u00e4varusteiden, kuten py\u00f6rien, p\u00e4ivitt\u00e4mist\u00e4 varten<\/p>\n<p>Ulostulokorkeus p\u00f6yd\u00e4n maksimikorkeudella (92 cm) noin: 48cm<br \/>\nSis\u00e4mitat: 98 \u00d7 45,4 \u00d7 33,5 cm.<br \/>\nUlkomitat ilman hunajakennotelinett\u00e4 (P x L x K) noin: 106 x 55 x 92 cm.<br \/>\nPaino: 27 kg.<br \/>\nMateriaali: Ruostumaton ter\u00e4s.<\/p>\n","protected":false},"excerpt":{"rendered":"<p>EWG kuorima-allas 100cm. Korkeus s\u00e4\u00e4det\u00e4viss\u00e4. 62-92 cm [&hellip;]<\/p>\n","protected":false},"featured_media":47889,"template":"","meta":{"_acf_changed":false,"_improvement_type_select":"improve_an_existing","_thumb_yes_seoaic":false,"_frame_yes_seoaic":false,"seoaic_generate_description":"","seoaic_improve_instructions_prompt":"","seoaic_rollback_content_improvement":"","seoaic_idea_thumbnail_generator":"","thumbnail_generated":false,"thumbnail_generate_prompt":"","seoaic_article_description":"","site-sidebar-layout":"default","site-content-layout":"","ast-site-content-layout":"default","site-content-style":"default","site-sidebar-style":"default","ast-global-header-display":"","ast-banner-title-visibility":"","ast-main-header-display":"","ast-hfb-above-header-display":"","ast-hfb-below-header-display":"","ast-hfb-mobile-header-display":"","site-post-title":"","ast-breadcrumbs-content":"","ast-featured-img":"","footer-sml-layout":"","ast-disable-related-posts":"","theme-transparent-header-meta":"default","adv-header-id-meta":"","stick-header-meta":"default","header-above-stick-meta":"","header-main-stick-meta":"","header-below-stick-meta":"","astra-migrate-meta-layouts":"set","ast-page-background-enabled":"default","ast-page-background-meta":{"desktop":{"background-color":"","background-image":"","background-repeat":"repeat","background-position":"center center","background-size":"auto","background-attachment":"scroll","background-type":"","background-media":"","overlay-type":"","overlay-color":"","overlay-opacity":"","overlay-gradient":""},"tablet":{"background-color":"","background-image":"","background-repeat":"repeat","background-position":"center center","background-size":"auto","background-attachment":"scroll","background-type":"","background-media":"","overlay-type":"","overlay-color":"","overlay-opacity":"","overlay-gradient":""},"mobile":{"background-color":"","background-image":"","background-repeat":"repeat","background-position":"center center","background-size":"auto","background-attachment":"scroll","background-type":"","background-media":"","overlay-type":"","overlay-color":"","overlay-opacity":"","overlay-gradient":""}},"ast-content-background-meta":{"desktop":{"background-color":"var(--ast-global-color-5)","background-image":"","background-repeat":"repeat","background-position":"center center","background-size":"auto","background-attachment":"scroll","background-type":"","background-media":"","overlay-type":"","overlay-color":"","overlay-opacity":"","overlay-gradient":""},"tablet":{"background-color":"var(--ast-global-color-5)","background-image":"","background-repeat":"repeat","background-position":"center center","background-size":"auto","background-attachment":"scroll","background-type":"","background-media":"","overlay-type":"","overlay-color":"","overlay-opacity":"","overlay-gradient":""},"mobile":{"background-color":"var(--ast-global-color-5)","background-image":"","background-repeat":"repeat","background-position":"center center","background-size":"auto","background-attachment":"scroll","background-type":"","background-media":"","overlay-type":"","overlay-color":"","overlay-opacity":"","overlay-gradient":""}}},"product_brand":[],"product_cat":[2049,555],"product_tag":[],"class_list":{"0":"post-47888","1":"product","2":"type-product","3":"status-publish","4":"has-post-thumbnail","6":"product_cat-kuorinta-altaat_ja_laatikot","7":"product_cat-kuorinta","8":"desktop-align-center","9":"tablet-align-center","10":"mobile-align-center","11":"ast-product-gallery-layout-horizontal","12":"ast-product-gallery-with-no-image","13":"ast-magnify-disabled","14":"ast-product-tabs-layout-horizontal","16":"first","17":"instock","18":"shipping-taxable","19":"purchasable","20":"product-type-simple"},"acf":[],"yoast_head":"<!-- This site is optimized with the Yoast SEO plugin v26.7 - https:\/\/yoast.com\/wordpress\/plugins\/seo\/ -->\n<title>Kuorima-allas EWG - Hunajayhtym\u00e4 Oy<\/title>\n<meta name=\"description\" content=\"EWG kuorima-allas 100cm. Korkeus s\u00e4\u00e4det\u00e4viss\u00e4. 62-92 cm. K\u00e4y kaikille\" \/>\n<meta name=\"robots\" content=\"index, follow, max-snippet:-1, max-image-preview:large, max-video-preview:-1\" \/>\n<link rel=\"canonical\" href=\"https:\/\/hunaja.fi\/tuote\/kuorima-allas-ewg\/\" \/>\n<meta property=\"og:locale\" content=\"ja_JP\" \/>\n<meta property=\"og:type\" content=\"article\" \/>\n<meta property=\"og:title\" content=\"Kuorima-allas EWG - Hunajayhtym\u00e4 Oy\" \/>\n<meta property=\"og:description\" content=\"EWG kuorima-allas 100cm. Korkeus s\u00e4\u00e4det\u00e4viss\u00e4. 62-92 cm. K\u00e4y kaikille\" \/>\n<meta property=\"og:url\" content=\"https:\/\/hunaja.fi\/tuote\/kuorima-allas-ewg\/\" \/>\n<meta property=\"og:site_name\" content=\"Hunajayhtym\u00e4 Oy\" \/>\n<meta property=\"article:modified_time\" content=\"2025-08-20T12:04:57+00:00\" \/>\n<meta property=\"og:image\" content=\"https:\/\/hunaja.fi\/wp-content\/uploads\/2025\/06\/50362a_v11.jpg\" \/>\n\t<meta property=\"og:image:width\" content=\"687\" \/>\n\t<meta property=\"og:image:height\" content=\"850\" \/>\n\t<meta property=\"og:image:type\" content=\"image\/jpeg\" \/>\n<meta name=\"twitter:card\" content=\"summary_large_image\" \/>\n<meta name=\"twitter:label1\" content=\"\u63a8\u5b9a\u8aad\u307f\u53d6\u308a\u6642\u9593\" \/>\n\t<meta name=\"twitter:data1\" content=\"1\u5206\" \/>\n<script type=\"application\/ld+json\" class=\"yoast-schema-graph\">{\"@context\":\"https:\/\/schema.org\",\"@graph\":[{\"@type\":\"WebPage\",\"@id\":\"https:\/\/hunaja.fi\/tuote\/kuorima-allas-ewg\/\",\"url\":\"https:\/\/hunaja.fi\/tuote\/kuorima-allas-ewg\/\",\"name\":\"Kuorima-allas EWG - Hunajayhtym\u00e4 Oy\",\"isPartOf\":{\"@id\":\"https:\/\/hunaja.fi\/#website\"},\"primaryImageOfPage\":{\"@id\":\"https:\/\/hunaja.fi\/tuote\/kuorima-allas-ewg\/#primaryimage\"},\"image\":{\"@id\":\"https:\/\/hunaja.fi\/tuote\/kuorima-allas-ewg\/#primaryimage\"},\"thumbnailUrl\":\"https:\/\/hunaja.fi\/wp-content\/uploads\/2025\/06\/50362a_v11.jpg\",\"datePublished\":\"2025-06-03T10:03:44+00:00\",\"dateModified\":\"2025-08-20T12:04:57+00:00\",\"description\":\"EWG kuorima-allas 100cm. Korkeus s\u00e4\u00e4det\u00e4viss\u00e4. 62-92 cm. K\u00e4y kaikille\",\"breadcrumb\":{\"@id\":\"https:\/\/hunaja.fi\/tuote\/kuorima-allas-ewg\/#breadcrumb\"},\"inLanguage\":\"ja\",\"potentialAction\":[{\"@type\":\"ReadAction\",\"target\":[\"https:\/\/hunaja.fi\/tuote\/kuorima-allas-ewg\/\"]}]},{\"@type\":\"ImageObject\",\"inLanguage\":\"ja\",\"@id\":\"https:\/\/hunaja.fi\/tuote\/kuorima-allas-ewg\/#primaryimage\",\"url\":\"https:\/\/hunaja.fi\/wp-content\/uploads\/2025\/06\/50362a_v11.jpg\",\"contentUrl\":\"https:\/\/hunaja.fi\/wp-content\/uploads\/2025\/06\/50362a_v11.jpg\",\"width\":687,\"height\":850},{\"@type\":\"BreadcrumbList\",\"@id\":\"https:\/\/hunaja.fi\/tuote\/kuorima-allas-ewg\/#breadcrumb\",\"itemListElement\":[{\"@type\":\"ListItem\",\"position\":1,\"name\":\"Etusivu\",\"item\":\"https:\/\/hunaja.fi\/ja\/\"},{\"@type\":\"ListItem\",\"position\":2,\"name\":\"Tuotteet\",\"item\":\"https:\/\/hunaja.fi\/kauppapaikka\/tuotteet\/\"},{\"@type\":\"ListItem\",\"position\":3,\"name\":\"Kuorinta\",\"item\":\"https:\/\/hunaja.fi\/tuote-osasto\/kuorinta\/\"},{\"@type\":\"ListItem\",\"position\":4,\"name\":\"Kuorinta-altaat ja laatikot\",\"item\":\"https:\/\/hunaja.fi\/tuote-osasto\/kuorinta\/kuorinta-altaat_ja_laatikot\/\"},{\"@type\":\"ListItem\",\"position\":5,\"name\":\"Kuorima-allas EWG\"}]},{\"@type\":\"WebSite\",\"@id\":\"https:\/\/hunaja.fi\/#website\",\"url\":\"https:\/\/hunaja.fi\/\",\"name\":\"Hunajayhtym\u00e4 Oy\",\"description\":\"Nature Loves Finnish Floral Honey\",\"publisher\":{\"@id\":\"https:\/\/hunaja.fi\/#organization\"},\"potentialAction\":[{\"@type\":\"SearchAction\",\"target\":{\"@type\":\"EntryPoint\",\"urlTemplate\":\"https:\/\/hunaja.fi\/?s={search_term_string}\"},\"query-input\":{\"@type\":\"PropertyValueSpecification\",\"valueRequired\":true,\"valueName\":\"search_term_string\"}}],\"inLanguage\":\"ja\"},{\"@type\":\"Organization\",\"@id\":\"https:\/\/hunaja.fi\/#organization\",\"name\":\"Hunajayhtym\u00e4 Oy\",\"url\":\"https:\/\/hunaja.fi\/\",\"logo\":{\"@type\":\"ImageObject\",\"inLanguage\":\"ja\",\"@id\":\"https:\/\/hunaja.fi\/#\/schema\/logo\/image\/\",\"url\":\"https:\/\/hunaja.fi\/wp-content\/uploads\/2021\/07\/Hunajayhtyma_Logo_VAAKA_slogan_cmyk-01.png\",\"contentUrl\":\"https:\/\/hunaja.fi\/wp-content\/uploads\/2021\/07\/Hunajayhtyma_Logo_VAAKA_slogan_cmyk-01.png\",\"width\":656,\"height\":242,\"caption\":\"Hunajayhtym\u00e4 Oy\"},\"image\":{\"@id\":\"https:\/\/hunaja.fi\/#\/schema\/logo\/image\/\"}}]}<\/script>\n<!-- \/ Yoast SEO plugin. -->","yoast_head_json":{"title":"Kuorima-allas EWG - Hunajayhtym\u00e4 Oy","description":"EWG kuorima-allas 100cm. Korkeus s\u00e4\u00e4det\u00e4viss\u00e4. 62-92 cm. K\u00e4y kaikille","robots":{"index":"index","follow":"follow","max-snippet":"max-snippet:-1","max-image-preview":"max-image-preview:large","max-video-preview":"max-video-preview:-1"},"canonical":"https:\/\/hunaja.fi\/tuote\/kuorima-allas-ewg\/","og_locale":"ja_JP","og_type":"article","og_title":"Kuorima-allas EWG - Hunajayhtym\u00e4 Oy","og_description":"EWG kuorima-allas 100cm. Korkeus s\u00e4\u00e4det\u00e4viss\u00e4. 62-92 cm. K\u00e4y kaikille","og_url":"https:\/\/hunaja.fi\/tuote\/kuorima-allas-ewg\/","og_site_name":"Hunajayhtym\u00e4 Oy","article_modified_time":"2025-08-20T12:04:57+00:00","og_image":[{"width":687,"height":850,"url":"https:\/\/hunaja.fi\/wp-content\/uploads\/2025\/06\/50362a_v11.jpg","type":"image\/jpeg"}],"twitter_card":"summary_large_image","twitter_misc":{"\u63a8\u5b9a\u8aad\u307f\u53d6\u308a\u6642\u9593":"1\u5206"},"schema":{"@context":"https:\/\/schema.org","@graph":[{"@type":"WebPage","@id":"https:\/\/hunaja.fi\/tuote\/kuorima-allas-ewg\/","url":"https:\/\/hunaja.fi\/tuote\/kuorima-allas-ewg\/","name":"Kuorima-allas EWG - Hunajayhtym\u00e4 Oy","isPartOf":{"@id":"https:\/\/hunaja.fi\/#website"},"primaryImageOfPage":{"@id":"https:\/\/hunaja.fi\/tuote\/kuorima-allas-ewg\/#primaryimage"},"image":{"@id":"https:\/\/hunaja.fi\/tuote\/kuorima-allas-ewg\/#primaryimage"},"thumbnailUrl":"https:\/\/hunaja.fi\/wp-content\/uploads\/2025\/06\/50362a_v11.jpg","datePublished":"2025-06-03T10:03:44+00:00","dateModified":"2025-08-20T12:04:57+00:00","description":"EWG kuorima-allas 100cm. Korkeus s\u00e4\u00e4det\u00e4viss\u00e4. 62-92 cm. K\u00e4y kaikille","breadcrumb":{"@id":"https:\/\/hunaja.fi\/tuote\/kuorima-allas-ewg\/#breadcrumb"},"inLanguage":"ja","potentialAction":[{"@type":"ReadAction","target":["https:\/\/hunaja.fi\/tuote\/kuorima-allas-ewg\/"]}]},{"@type":"ImageObject","inLanguage":"ja","@id":"https:\/\/hunaja.fi\/tuote\/kuorima-allas-ewg\/#primaryimage","url":"https:\/\/hunaja.fi\/wp-content\/uploads\/2025\/06\/50362a_v11.jpg","contentUrl":"https:\/\/hunaja.fi\/wp-content\/uploads\/2025\/06\/50362a_v11.jpg","width":687,"height":850},{"@type":"BreadcrumbList","@id":"https:\/\/hunaja.fi\/tuote\/kuorima-allas-ewg\/#breadcrumb","itemListElement":[{"@type":"ListItem","position":1,"name":"Etusivu","item":"https:\/\/hunaja.fi\/ja\/"},{"@type":"ListItem","position":2,"name":"Tuotteet","item":"https:\/\/hunaja.fi\/kauppapaikka\/tuotteet\/"},{"@type":"ListItem","position":3,"name":"Kuorinta","item":"https:\/\/hunaja.fi\/tuote-osasto\/kuorinta\/"},{"@type":"ListItem","position":4,"name":"Kuorinta-altaat ja laatikot","item":"https:\/\/hunaja.fi\/tuote-osasto\/kuorinta\/kuorinta-altaat_ja_laatikot\/"},{"@type":"ListItem","position":5,"name":"Kuorima-allas EWG"}]},{"@type":"WebSite","@id":"https:\/\/hunaja.fi\/#website","url":"https:\/\/hunaja.fi\/","name":"Hunajayhtym\u00e4 Oy","description":"Nature Loves Finnish Floral Honey","publisher":{"@id":"https:\/\/hunaja.fi\/#organization"},"potentialAction":[{"@type":"SearchAction","target":{"@type":"EntryPoint","urlTemplate":"https:\/\/hunaja.fi\/?s={search_term_string}"},"query-input":{"@type":"PropertyValueSpecification","valueRequired":true,"valueName":"search_term_string"}}],"inLanguage":"ja"},{"@type":"Organization","@id":"https:\/\/hunaja.fi\/#organization","name":"Hunajayhtym\u00e4 Oy","url":"https:\/\/hunaja.fi\/","logo":{"@type":"ImageObject","inLanguage":"ja","@id":"https:\/\/hunaja.fi\/#\/schema\/logo\/image\/","url":"https:\/\/hunaja.fi\/wp-content\/uploads\/2021\/07\/Hunajayhtyma_Logo_VAAKA_slogan_cmyk-01.png","contentUrl":"https:\/\/hunaja.fi\/wp-content\/uploads\/2021\/07\/Hunajayhtyma_Logo_VAAKA_slogan_cmyk-01.png","width":656,"height":242,"caption":"Hunajayhtym\u00e4 Oy"},"image":{"@id":"https:\/\/hunaja.fi\/#\/schema\/logo\/image\/"}}]}},"_links":{"self":[{"href":"https:\/\/hunaja.fi\/ja\/wp-json\/wp\/v2\/product\/47888","targetHints":{"allow":["GET"]}}],"collection":[{"href":"https:\/\/hunaja.fi\/ja\/wp-json\/wp\/v2\/product"}],"about":[{"href":"https:\/\/hunaja.fi\/ja\/wp-json\/wp\/v2\/types\/product"}],"wp:featuredmedia":[{"embeddable":true,"href":"https:\/\/hunaja.fi\/ja\/wp-json\/wp\/v2\/media\/47889"}],"wp:attachment":[{"href":"https:\/\/hunaja.fi\/ja\/wp-json\/wp\/v2\/media?parent=47888"}],"wp:term":[{"taxonomy":"product_brand","embeddable":true,"href":"https:\/\/hunaja.fi\/ja\/wp-json\/wp\/v2\/product_brand?post=47888"},{"taxonomy":"product_cat","embeddable":true,"href":"https:\/\/hunaja.fi\/ja\/wp-json\/wp\/v2\/product_cat?post=47888"},{"taxonomy":"product_tag","embeddable":true,"href":"https:\/\/hunaja.fi\/ja\/wp-json\/wp\/v2\/product_tag?post=47888"}],"curies":[{"name":"wp","href":"https:\/\/api.w.org\/{rel}","templated":true}]}}