{"id":47291,"date":"2024-12-16T10:11:54","date_gmt":"2024-12-16T08:11:54","guid":{"rendered":"https:\/\/hunaja.fi\/?post_type=product&#038;p=47291"},"modified":"2024-12-16T12:21:25","modified_gmt":"2024-12-16T10:21:25","slug":"siitepoly-liettualainen-500g","status":"publish","type":"product","link":"https:\/\/hunaja.fi\/ja\/tuote\/siitepoly-liettualainen-500g\/","title":{"rendered":"Siitep\u00f6ly, LIETTUALAINEN 500g"},"content":{"rendered":"<p>Luonnon siitep\u00f6ly ihmisten lis\u00e4ravinnoksi!<\/p>\n<p>Maku on miedon makea ja hedelm\u00e4inen<\/p>\n<p>Siitep\u00f6ly on luonnon oma tehoravinto, joka sopii immuniteetin nostajaksi ja urheilijalle luonnolliseksi lis\u00e4ravinteeksi. Kuivattu siitep\u00f6ly on ravintorikasta lis\u00e4ravinnetta, jonka ominaisuudet vaihtelevat kasvialkuper\u00e4st\u00e4 riippuen. Proteiinia siitep\u00f6lyss\u00e4 on jopa 35 prosenttia. Lis\u00e4ksi se sis\u00e4lt\u00e4\u00e4 mm. kivenn\u00e4isaineita, rasvoja, aminohappoja, A-, B-, C- ja E-vitamiineja, mineraaleja ja hiilihydraatteja. Erityisesti B-ryhm\u00e4n vitamiinien osuus on merkitt\u00e4v\u00e4.<\/p>\n<p>Mehil\u00e4isten ker\u00e4\u00e4m\u00e4\u00e4 siitep\u00f6ly\u00e4 voi k\u00e4ytt\u00e4\u00e4 ravinnoksi esim. proteiinin l\u00e4hteen\u00e4. Se antaa energiaa, lis\u00e4\u00e4 suorituskyky\u00e4 ja edist\u00e4\u00e4 suoliston toimintaa. Siitep\u00f6lyn k\u00e4ytt\u00f6 voi aiheuttaa allergisia reaktioita, joten k\u00e4ytt\u00f6 kannatta aloittaa pienill\u00e4 annosm\u00e4\u00e4rill\u00e4.<\/p>\n<p>Siitep\u00f6lyallergiset voivat k\u00e4ytt\u00e4\u00e4 tuotetta vastustuskyvyn kasvattamiseen. Sied\u00e4tyshoidon aloittamisesta kannattaa keskustella l\u00e4\u00e4k\u00e4rin kanssa. Aloitusannoksena riitt\u00e4\u00e4 hyvin pieni m\u00e4\u00e4r\u00e4 ja m\u00e4\u00e4r\u00e4\u00e4 voi lis\u00e4t\u00e4 sen mukaan, miten sietokyky antaa my\u00f6den.<\/p>\n<p>Siitep\u00f6ly\u00e4 ker\u00e4t\u00e4\u00e4n mehil\u00e4ispesist\u00e4 erityisen ker\u00e4imen avulla. Ker\u00e4in asetetaan pes\u00e4n lentoaukolle, joten pes\u00e4\u00e4n palaavat mehil\u00e4iset kulkevat sen l\u00e4pi vahingoittumatta. Osa mehil\u00e4isten jaloissa olevasta siitep\u00f6lyst\u00e4 j\u00e4\u00e4 ker\u00e4imeen ja otetaan talteen. Suurin osa mehil\u00e4isten ker\u00e4\u00e4m\u00e4st\u00e4 siitep\u00f6lyst\u00e4 j\u00e4\u00e4 niiden omaan k\u00e4ytt\u00f6\u00f6n. Mehil\u00e4iset ravitsevat toukkiaan t\u00e4ll\u00e4 luonnon omalla superfoodilla.<\/p>\n<p>Siitep\u00f6ly maistuu makeahkolle, suutuntuma on jauhomainen. Nauti siitep\u00f6ly\u00e4 1 &#8211; 2 tl p\u00e4iv\u00e4ss\u00e4 sellaisenaan tai sekoita esim. puuroon, jugurttiin tai veteen. Siitep\u00f6ly\u00e4 voi sekoittaa my\u00f6s smoothie-juomiin tai itsetehtyihin v\u00e4lipalapatukoihin.<\/p>\n<p>Tuote on valmista nautittavaksi. S\u00e4ilytet\u00e4\u00e4n kuivassa paikassa. Voi my\u00f6s pakastaa. Rakeiden v\u00e4ri ja koko vaihtelee. Alkuper\u00e4maa: Liettua. Pakattu ilmatiiviiseen muovipurkkiin. Kilohinta 48,00 e.<\/p>\n","protected":false},"excerpt":{"rendered":"<p>Luonnon siitep\u00f6ly ihmisten lis\u00e4ravinnoksi! Maku on mied [&hellip;]<\/p>\n","protected":false},"featured_media":47292,"template":"","meta":{"_acf_changed":false,"_improvement_type_select":"improve_an_existing","_thumb_yes_seoaic":false,"_frame_yes_seoaic":false,"seoaic_generate_description":"","seoaic_improve_instructions_prompt":"","seoaic_rollback_content_improvement":"","seoaic_idea_thumbnail_generator":"","thumbnail_generated":false,"thumbnail_generate_prompt":"","seoaic_article_description":"","site-sidebar-layout":"default","site-content-layout":"default","ast-site-content-layout":"default","site-content-style":"default","site-sidebar-style":"default","ast-global-header-display":"","ast-banner-title-visibility":"","ast-main-header-display":"","ast-hfb-above-header-display":"","ast-hfb-below-header-display":"","ast-hfb-mobile-header-display":"","site-post-title":"","ast-breadcrumbs-content":"","ast-featured-img":"","footer-sml-layout":"","ast-disable-related-posts":"","theme-transparent-header-meta":"default","adv-header-id-meta":"","stick-header-meta":"default","header-above-stick-meta":"","header-main-stick-meta":"","header-below-stick-meta":"","astra-migrate-meta-layouts":"set","ast-page-background-enabled":"default","ast-page-background-meta":{"desktop":{"background-color":"","background-image":"","background-repeat":"repeat","background-position":"center center","background-size":"auto","background-attachment":"scroll","background-type":"","background-media":"","overlay-type":"","overlay-color":"","overlay-opacity":"","overlay-gradient":""},"tablet":{"background-color":"","background-image":"","background-repeat":"repeat","background-position":"center center","background-size":"auto","background-attachment":"scroll","background-type":"","background-media":"","overlay-type":"","overlay-color":"","overlay-opacity":"","overlay-gradient":""},"mobile":{"background-color":"","background-image":"","background-repeat":"repeat","background-position":"center center","background-size":"auto","background-attachment":"scroll","background-type":"","background-media":"","overlay-type":"","overlay-color":"","overlay-opacity":"","overlay-gradient":""}},"ast-content-background-meta":{"desktop":{"background-color":"var(--ast-global-color-5)","background-image":"","background-repeat":"repeat","background-position":"center center","background-size":"auto","background-attachment":"scroll","background-type":"","background-media":"","overlay-type":"","overlay-color":"","overlay-opacity":"","overlay-gradient":""},"tablet":{"background-color":"var(--ast-global-color-5)","background-image":"","background-repeat":"repeat","background-position":"center center","background-size":"auto","background-attachment":"scroll","background-type":"","background-media":"","overlay-type":"","overlay-color":"","overlay-opacity":"","overlay-gradient":""},"mobile":{"background-color":"var(--ast-global-color-5)","background-image":"","background-repeat":"repeat","background-position":"center center","background-size":"auto","background-attachment":"scroll","background-type":"","background-media":"","overlay-type":"","overlay-color":"","overlay-opacity":"","overlay-gradient":""}}},"product_brand":[],"product_cat":[568],"product_tag":[],"class_list":{"0":"post-47291","1":"product","2":"type-product","3":"status-publish","4":"has-post-thumbnail","6":"product_cat-kauneus-ja-puhtaus","7":"desktop-align-center","8":"tablet-align-center","9":"mobile-align-center","10":"ast-product-gallery-layout-horizontal","11":"ast-magnify-disabled","12":"ast-product-tabs-layout-horizontal","14":"first","15":"instock","16":"shipping-taxable","17":"purchasable","18":"product-type-simple"},"acf":[],"yoast_head":"<!-- This site is optimized with the Yoast SEO plugin v26.7 - https:\/\/yoast.com\/wordpress\/plugins\/seo\/ -->\n<title>Siitep\u00f6ly on luonnon oma superfood! Osta edullisesti Hunajayhtym\u00e4lt\u00e4.<\/title>\n<meta name=\"description\" content=\"Siitep\u00f6ly sopii lis\u00e4ravinteeksi ja siitep\u00f6lyallergian sied\u00e4tyshoitoon. Se sis\u00e4lt\u00e4\u00e4 proteiinia, vitamiinej\u00e4, kivenn\u00e4isaineita ja mineraaleja.\" \/>\n<meta name=\"robots\" content=\"index, follow, max-snippet:-1, max-image-preview:large, max-video-preview:-1\" \/>\n<link rel=\"canonical\" href=\"https:\/\/hunaja.fi\/tuote\/siitepoly-liettualainen-500g\/\" \/>\n<meta property=\"og:locale\" content=\"ja_JP\" \/>\n<meta property=\"og:type\" content=\"article\" \/>\n<meta property=\"og:title\" content=\"Siitep\u00f6ly on luonnon oma superfood! Osta edullisesti Hunajayhtym\u00e4lt\u00e4.\" \/>\n<meta property=\"og:description\" content=\"Siitep\u00f6ly sopii lis\u00e4ravinteeksi ja siitep\u00f6lyallergian sied\u00e4tyshoitoon. Se sis\u00e4lt\u00e4\u00e4 proteiinia, vitamiinej\u00e4, kivenn\u00e4isaineita ja mineraaleja.\" \/>\n<meta property=\"og:url\" content=\"https:\/\/hunaja.fi\/tuote\/siitepoly-liettualainen-500g\/\" \/>\n<meta property=\"og:site_name\" content=\"Hunajayhtym\u00e4 Oy\" \/>\n<meta property=\"article:modified_time\" content=\"2024-12-16T10:21:25+00:00\" \/>\n<meta property=\"og:image\" content=\"https:\/\/hunaja.fi\/wp-content\/uploads\/2024\/12\/IMG_8757.jpg\" \/>\n\t<meta property=\"og:image:width\" content=\"1240\" \/>\n\t<meta property=\"og:image:height\" content=\"1368\" \/>\n\t<meta property=\"og:image:type\" content=\"image\/jpeg\" \/>\n<meta name=\"twitter:card\" content=\"summary_large_image\" \/>\n<meta name=\"twitter:label1\" content=\"\u63a8\u5b9a\u8aad\u307f\u53d6\u308a\u6642\u9593\" \/>\n\t<meta name=\"twitter:data1\" content=\"2\u5206\" \/>\n<script type=\"application\/ld+json\" class=\"yoast-schema-graph\">{\"@context\":\"https:\/\/schema.org\",\"@graph\":[{\"@type\":\"WebPage\",\"@id\":\"https:\/\/hunaja.fi\/tuote\/siitepoly-liettualainen-500g\/\",\"url\":\"https:\/\/hunaja.fi\/tuote\/siitepoly-liettualainen-500g\/\",\"name\":\"Siitep\u00f6ly on luonnon oma superfood! Osta edullisesti Hunajayhtym\u00e4lt\u00e4.\",\"isPartOf\":{\"@id\":\"https:\/\/hunaja.fi\/#website\"},\"primaryImageOfPage\":{\"@id\":\"https:\/\/hunaja.fi\/tuote\/siitepoly-liettualainen-500g\/#primaryimage\"},\"image\":{\"@id\":\"https:\/\/hunaja.fi\/tuote\/siitepoly-liettualainen-500g\/#primaryimage\"},\"thumbnailUrl\":\"https:\/\/hunaja.fi\/wp-content\/uploads\/2024\/12\/IMG_8757.jpg\",\"datePublished\":\"2024-12-16T08:11:54+00:00\",\"dateModified\":\"2024-12-16T10:21:25+00:00\",\"description\":\"Siitep\u00f6ly sopii lis\u00e4ravinteeksi ja siitep\u00f6lyallergian sied\u00e4tyshoitoon. Se sis\u00e4lt\u00e4\u00e4 proteiinia, vitamiinej\u00e4, kivenn\u00e4isaineita ja mineraaleja.\",\"breadcrumb\":{\"@id\":\"https:\/\/hunaja.fi\/tuote\/siitepoly-liettualainen-500g\/#breadcrumb\"},\"inLanguage\":\"ja\",\"potentialAction\":[{\"@type\":\"ReadAction\",\"target\":[\"https:\/\/hunaja.fi\/tuote\/siitepoly-liettualainen-500g\/\"]}]},{\"@type\":\"ImageObject\",\"inLanguage\":\"ja\",\"@id\":\"https:\/\/hunaja.fi\/tuote\/siitepoly-liettualainen-500g\/#primaryimage\",\"url\":\"https:\/\/hunaja.fi\/wp-content\/uploads\/2024\/12\/IMG_8757.jpg\",\"contentUrl\":\"https:\/\/hunaja.fi\/wp-content\/uploads\/2024\/12\/IMG_8757.jpg\",\"width\":1240,\"height\":1368},{\"@type\":\"BreadcrumbList\",\"@id\":\"https:\/\/hunaja.fi\/tuote\/siitepoly-liettualainen-500g\/#breadcrumb\",\"itemListElement\":[{\"@type\":\"ListItem\",\"position\":1,\"name\":\"Etusivu\",\"item\":\"https:\/\/hunaja.fi\/ja\/\"},{\"@type\":\"ListItem\",\"position\":2,\"name\":\"Tuotteet\",\"item\":\"https:\/\/hunaja.fi\/kauppapaikka\/tuotteet\/\"},{\"@type\":\"ListItem\",\"position\":3,\"name\":\"Kauneus ja puhtaus\",\"item\":\"https:\/\/hunaja.fi\/ja\/tuote-osasto\/kauneus-ja-puhtaus\/\"},{\"@type\":\"ListItem\",\"position\":4,\"name\":\"Siitep\u00f6ly, LIETTUALAINEN 500g\"}]},{\"@type\":\"WebSite\",\"@id\":\"https:\/\/hunaja.fi\/#website\",\"url\":\"https:\/\/hunaja.fi\/\",\"name\":\"Hunajayhtym\u00e4 Oy\",\"description\":\"Nature Loves Finnish Floral Honey\",\"publisher\":{\"@id\":\"https:\/\/hunaja.fi\/#organization\"},\"potentialAction\":[{\"@type\":\"SearchAction\",\"target\":{\"@type\":\"EntryPoint\",\"urlTemplate\":\"https:\/\/hunaja.fi\/?s={search_term_string}\"},\"query-input\":{\"@type\":\"PropertyValueSpecification\",\"valueRequired\":true,\"valueName\":\"search_term_string\"}}],\"inLanguage\":\"ja\"},{\"@type\":\"Organization\",\"@id\":\"https:\/\/hunaja.fi\/#organization\",\"name\":\"Hunajayhtym\u00e4 Oy\",\"url\":\"https:\/\/hunaja.fi\/\",\"logo\":{\"@type\":\"ImageObject\",\"inLanguage\":\"ja\",\"@id\":\"https:\/\/hunaja.fi\/#\/schema\/logo\/image\/\",\"url\":\"https:\/\/hunaja.fi\/wp-content\/uploads\/2021\/07\/Hunajayhtyma_Logo_VAAKA_slogan_cmyk-01.png\",\"contentUrl\":\"https:\/\/hunaja.fi\/wp-content\/uploads\/2021\/07\/Hunajayhtyma_Logo_VAAKA_slogan_cmyk-01.png\",\"width\":656,\"height\":242,\"caption\":\"Hunajayhtym\u00e4 Oy\"},\"image\":{\"@id\":\"https:\/\/hunaja.fi\/#\/schema\/logo\/image\/\"}}]}<\/script>\n<!-- \/ Yoast SEO plugin. -->","yoast_head_json":{"title":"Siitep\u00f6ly on luonnon oma superfood! Osta edullisesti Hunajayhtym\u00e4lt\u00e4.","description":"Siitep\u00f6ly sopii lis\u00e4ravinteeksi ja siitep\u00f6lyallergian sied\u00e4tyshoitoon. Se sis\u00e4lt\u00e4\u00e4 proteiinia, vitamiinej\u00e4, kivenn\u00e4isaineita ja mineraaleja.","robots":{"index":"index","follow":"follow","max-snippet":"max-snippet:-1","max-image-preview":"max-image-preview:large","max-video-preview":"max-video-preview:-1"},"canonical":"https:\/\/hunaja.fi\/tuote\/siitepoly-liettualainen-500g\/","og_locale":"ja_JP","og_type":"article","og_title":"Siitep\u00f6ly on luonnon oma superfood! Osta edullisesti Hunajayhtym\u00e4lt\u00e4.","og_description":"Siitep\u00f6ly sopii lis\u00e4ravinteeksi ja siitep\u00f6lyallergian sied\u00e4tyshoitoon. Se sis\u00e4lt\u00e4\u00e4 proteiinia, vitamiinej\u00e4, kivenn\u00e4isaineita ja mineraaleja.","og_url":"https:\/\/hunaja.fi\/tuote\/siitepoly-liettualainen-500g\/","og_site_name":"Hunajayhtym\u00e4 Oy","article_modified_time":"2024-12-16T10:21:25+00:00","og_image":[{"width":1240,"height":1368,"url":"https:\/\/hunaja.fi\/wp-content\/uploads\/2024\/12\/IMG_8757.jpg","type":"image\/jpeg"}],"twitter_card":"summary_large_image","twitter_misc":{"\u63a8\u5b9a\u8aad\u307f\u53d6\u308a\u6642\u9593":"2\u5206"},"schema":{"@context":"https:\/\/schema.org","@graph":[{"@type":"WebPage","@id":"https:\/\/hunaja.fi\/tuote\/siitepoly-liettualainen-500g\/","url":"https:\/\/hunaja.fi\/tuote\/siitepoly-liettualainen-500g\/","name":"Siitep\u00f6ly on luonnon oma superfood! Osta edullisesti Hunajayhtym\u00e4lt\u00e4.","isPartOf":{"@id":"https:\/\/hunaja.fi\/#website"},"primaryImageOfPage":{"@id":"https:\/\/hunaja.fi\/tuote\/siitepoly-liettualainen-500g\/#primaryimage"},"image":{"@id":"https:\/\/hunaja.fi\/tuote\/siitepoly-liettualainen-500g\/#primaryimage"},"thumbnailUrl":"https:\/\/hunaja.fi\/wp-content\/uploads\/2024\/12\/IMG_8757.jpg","datePublished":"2024-12-16T08:11:54+00:00","dateModified":"2024-12-16T10:21:25+00:00","description":"Siitep\u00f6ly sopii lis\u00e4ravinteeksi ja siitep\u00f6lyallergian sied\u00e4tyshoitoon. Se sis\u00e4lt\u00e4\u00e4 proteiinia, vitamiinej\u00e4, kivenn\u00e4isaineita ja mineraaleja.","breadcrumb":{"@id":"https:\/\/hunaja.fi\/tuote\/siitepoly-liettualainen-500g\/#breadcrumb"},"inLanguage":"ja","potentialAction":[{"@type":"ReadAction","target":["https:\/\/hunaja.fi\/tuote\/siitepoly-liettualainen-500g\/"]}]},{"@type":"ImageObject","inLanguage":"ja","@id":"https:\/\/hunaja.fi\/tuote\/siitepoly-liettualainen-500g\/#primaryimage","url":"https:\/\/hunaja.fi\/wp-content\/uploads\/2024\/12\/IMG_8757.jpg","contentUrl":"https:\/\/hunaja.fi\/wp-content\/uploads\/2024\/12\/IMG_8757.jpg","width":1240,"height":1368},{"@type":"BreadcrumbList","@id":"https:\/\/hunaja.fi\/tuote\/siitepoly-liettualainen-500g\/#breadcrumb","itemListElement":[{"@type":"ListItem","position":1,"name":"Etusivu","item":"https:\/\/hunaja.fi\/ja\/"},{"@type":"ListItem","position":2,"name":"Tuotteet","item":"https:\/\/hunaja.fi\/kauppapaikka\/tuotteet\/"},{"@type":"ListItem","position":3,"name":"Kauneus ja puhtaus","item":"https:\/\/hunaja.fi\/ja\/tuote-osasto\/kauneus-ja-puhtaus\/"},{"@type":"ListItem","position":4,"name":"Siitep\u00f6ly, LIETTUALAINEN 500g"}]},{"@type":"WebSite","@id":"https:\/\/hunaja.fi\/#website","url":"https:\/\/hunaja.fi\/","name":"Hunajayhtym\u00e4 Oy","description":"Nature Loves Finnish Floral Honey","publisher":{"@id":"https:\/\/hunaja.fi\/#organization"},"potentialAction":[{"@type":"SearchAction","target":{"@type":"EntryPoint","urlTemplate":"https:\/\/hunaja.fi\/?s={search_term_string}"},"query-input":{"@type":"PropertyValueSpecification","valueRequired":true,"valueName":"search_term_string"}}],"inLanguage":"ja"},{"@type":"Organization","@id":"https:\/\/hunaja.fi\/#organization","name":"Hunajayhtym\u00e4 Oy","url":"https:\/\/hunaja.fi\/","logo":{"@type":"ImageObject","inLanguage":"ja","@id":"https:\/\/hunaja.fi\/#\/schema\/logo\/image\/","url":"https:\/\/hunaja.fi\/wp-content\/uploads\/2021\/07\/Hunajayhtyma_Logo_VAAKA_slogan_cmyk-01.png","contentUrl":"https:\/\/hunaja.fi\/wp-content\/uploads\/2021\/07\/Hunajayhtyma_Logo_VAAKA_slogan_cmyk-01.png","width":656,"height":242,"caption":"Hunajayhtym\u00e4 Oy"},"image":{"@id":"https:\/\/hunaja.fi\/#\/schema\/logo\/image\/"}}]}},"_links":{"self":[{"href":"https:\/\/hunaja.fi\/ja\/wp-json\/wp\/v2\/product\/47291","targetHints":{"allow":["GET"]}}],"collection":[{"href":"https:\/\/hunaja.fi\/ja\/wp-json\/wp\/v2\/product"}],"about":[{"href":"https:\/\/hunaja.fi\/ja\/wp-json\/wp\/v2\/types\/product"}],"wp:featuredmedia":[{"embeddable":true,"href":"https:\/\/hunaja.fi\/ja\/wp-json\/wp\/v2\/media\/47292"}],"wp:attachment":[{"href":"https:\/\/hunaja.fi\/ja\/wp-json\/wp\/v2\/media?parent=47291"}],"wp:term":[{"taxonomy":"product_brand","embeddable":true,"href":"https:\/\/hunaja.fi\/ja\/wp-json\/wp\/v2\/product_brand?post=47291"},{"taxonomy":"product_cat","embeddable":true,"href":"https:\/\/hunaja.fi\/ja\/wp-json\/wp\/v2\/product_cat?post=47291"},{"taxonomy":"product_tag","embeddable":true,"href":"https:\/\/hunaja.fi\/ja\/wp-json\/wp\/v2\/product_tag?post=47291"}],"curies":[{"name":"wp","href":"https:\/\/api.w.org\/{rel}","templated":true}]}}