{"id":46123,"date":"2024-07-02T08:41:00","date_gmt":"2024-07-02T05:41:00","guid":{"rendered":"https:\/\/hunaja.fi\/?post_type=product&#038;p=46123"},"modified":"2024-07-03T15:25:07","modified_gmt":"2024-07-03T12:25:07","slug":"siivilointiastia-apinord-35-kg","status":"publish","type":"product","link":"https:\/\/hunaja.fi\/ja\/tuote\/siivilointiastia-apinord-35-kg\/","title":{"rendered":"Siivil\u00f6intiastia, Apinord 35 Kg"},"content":{"rendered":"<p>&nbsp;<\/p>\n<ul>\n<li>\u00a0ruostumattomasta ter\u00e4ksest\u00e4 valmistettu<\/li>\n<li>Kolmekammioinen seulaastia: Hunaja virtaa lingolta ensimm\u00e4iseen kammioon, sielt\u00e4 karkean seulan kautta toiseen ja lopuksi hienon seulan kautta kolmanteen kammioon. Lopuksi siivil\u00f6ity hunaja valuu ulos ylemm\u00e4n hanan kautta, alempi hana pysyy suljettuna\u00a0 siivil\u00f6innin ajan<\/li>\n<li>Voidaan k\u00e4ytt\u00e4\u00e4 my\u00f6s t\u00e4ysimittaisena 35 kg:n pakkausastiana ylh\u00e4\u00e4lt\u00e4 irrotettavien siivil\u00f6iden vuoksi<\/li>\n<li>Lukittava kansi tiivisteell\u00e4<\/li>\n<li>Alempi hana leve\u00e4ll\u00e4 tiivisteell\u00e4<\/li>\n<li>Kantavuus noin: 35 kg<\/li>\n<li>Mitat (\u00d8 x K) noin: 30,5 x 34 cm<br \/>\nPaino 5,5 kg<\/li>\n<\/ul>\n","protected":false},"excerpt":{"rendered":"<p>&nbsp; \u00a0ruostumattomasta ter\u00e4ksest\u00e4 valmistettu Kolmeka [&hellip;]<\/p>\n","protected":false},"featured_media":46139,"template":"","meta":{"_acf_changed":false,"_improvement_type_select":"improve_an_existing","_thumb_yes_seoaic":false,"_frame_yes_seoaic":false,"seoaic_generate_description":"","seoaic_improve_instructions_prompt":"","seoaic_rollback_content_improvement":"","seoaic_idea_thumbnail_generator":"","thumbnail_generated":false,"thumbnail_generate_prompt":"","seoaic_article_description":"","site-sidebar-layout":"default","site-content-layout":"","ast-site-content-layout":"default","site-content-style":"default","site-sidebar-style":"default","ast-global-header-display":"","ast-banner-title-visibility":"","ast-main-header-display":"","ast-hfb-above-header-display":"","ast-hfb-below-header-display":"","ast-hfb-mobile-header-display":"","site-post-title":"","ast-breadcrumbs-content":"","ast-featured-img":"","footer-sml-layout":"","ast-disable-related-posts":"","theme-transparent-header-meta":"default","adv-header-id-meta":"","stick-header-meta":"default","header-above-stick-meta":"","header-main-stick-meta":"","header-below-stick-meta":"","astra-migrate-meta-layouts":"set","ast-page-background-enabled":"default","ast-page-background-meta":{"desktop":{"background-color":"","background-image":"","background-repeat":"repeat","background-position":"center center","background-size":"auto","background-attachment":"scroll","background-type":"","background-media":"","overlay-type":"","overlay-color":"","overlay-opacity":"","overlay-gradient":""},"tablet":{"background-color":"","background-image":"","background-repeat":"repeat","background-position":"center center","background-size":"auto","background-attachment":"scroll","background-type":"","background-media":"","overlay-type":"","overlay-color":"","overlay-opacity":"","overlay-gradient":""},"mobile":{"background-color":"","background-image":"","background-repeat":"repeat","background-position":"center center","background-size":"auto","background-attachment":"scroll","background-type":"","background-media":"","overlay-type":"","overlay-color":"","overlay-opacity":"","overlay-gradient":""}},"ast-content-background-meta":{"desktop":{"background-color":"var(--ast-global-color-5)","background-image":"","background-repeat":"repeat","background-position":"center center","background-size":"auto","background-attachment":"scroll","background-type":"","background-media":"","overlay-type":"","overlay-color":"","overlay-opacity":"","overlay-gradient":""},"tablet":{"background-color":"var(--ast-global-color-5)","background-image":"","background-repeat":"repeat","background-position":"center center","background-size":"auto","background-attachment":"scroll","background-type":"","background-media":"","overlay-type":"","overlay-color":"","overlay-opacity":"","overlay-gradient":""},"mobile":{"background-color":"var(--ast-global-color-5)","background-image":"","background-repeat":"repeat","background-position":"center center","background-size":"auto","background-attachment":"scroll","background-type":"","background-media":"","overlay-type":"","overlay-color":"","overlay-opacity":"","overlay-gradient":""}}},"product_brand":[],"product_cat":[2060,2063,2064,558],"product_tag":[],"class_list":{"0":"post-46123","1":"product","2":"type-product","3":"status-publish","4":"has-post-thumbnail","6":"product_cat-laitteet-3","7":"product_cat-pakkausastiat","8":"product_cat-siivilat","9":"product_cat-hunajankasittely","10":"desktop-align-center","11":"tablet-align-center","12":"mobile-align-center","13":"ast-product-gallery-layout-horizontal","14":"ast-magnify-disabled","15":"ast-product-tabs-layout-horizontal","17":"first","18":"instock","19":"shipping-taxable","20":"purchasable","21":"product-type-simple"},"acf":[],"yoast_head":"<!-- This site is optimized with the Yoast SEO plugin v26.7 - https:\/\/yoast.com\/wordpress\/plugins\/seo\/ -->\n<title>Siivil\u00f6intiastia, Apinord 35 Kg - Hunajayhtym\u00e4 Oy<\/title>\n<meta name=\"description\" content=\"&nbsp; \u00a0ruostumattomasta ter\u00e4ksest\u00e4 valmistettu Kolmekammioinen seulaastia:\" \/>\n<meta name=\"robots\" content=\"index, follow, max-snippet:-1, max-image-preview:large, max-video-preview:-1\" \/>\n<link rel=\"canonical\" href=\"https:\/\/hunaja.fi\/tuote\/siivilointiastia-apinord-35-kg\/\" \/>\n<meta property=\"og:locale\" content=\"ja_JP\" \/>\n<meta property=\"og:type\" content=\"article\" \/>\n<meta property=\"og:title\" content=\"Siivil\u00f6intiastia, Apinord 35 Kg - Hunajayhtym\u00e4 Oy\" \/>\n<meta property=\"og:description\" content=\"&nbsp; \u00a0ruostumattomasta ter\u00e4ksest\u00e4 valmistettu Kolmekammioinen seulaastia:\" \/>\n<meta property=\"og:url\" content=\"https:\/\/hunaja.fi\/tuote\/siivilointiastia-apinord-35-kg\/\" \/>\n<meta property=\"og:site_name\" content=\"Hunajayhtym\u00e4 Oy\" \/>\n<meta property=\"article:modified_time\" content=\"2024-07-03T12:25:07+00:00\" \/>\n<meta property=\"og:image\" content=\"https:\/\/hunaja.fi\/wp-content\/uploads\/2024\/07\/siivilaastia.jpg\" \/>\n\t<meta property=\"og:image:width\" content=\"1162\" \/>\n\t<meta property=\"og:image:height\" content=\"1212\" \/>\n\t<meta property=\"og:image:type\" content=\"image\/jpeg\" \/>\n<meta name=\"twitter:card\" content=\"summary_large_image\" \/>\n<meta name=\"twitter:label1\" content=\"\u63a8\u5b9a\u8aad\u307f\u53d6\u308a\u6642\u9593\" \/>\n\t<meta name=\"twitter:data1\" content=\"1\u5206\" \/>\n<script type=\"application\/ld+json\" class=\"yoast-schema-graph\">{\"@context\":\"https:\/\/schema.org\",\"@graph\":[{\"@type\":\"WebPage\",\"@id\":\"https:\/\/hunaja.fi\/tuote\/siivilointiastia-apinord-35-kg\/\",\"url\":\"https:\/\/hunaja.fi\/tuote\/siivilointiastia-apinord-35-kg\/\",\"name\":\"Siivil\u00f6intiastia, Apinord 35 Kg - Hunajayhtym\u00e4 Oy\",\"isPartOf\":{\"@id\":\"https:\/\/hunaja.fi\/#website\"},\"primaryImageOfPage\":{\"@id\":\"https:\/\/hunaja.fi\/tuote\/siivilointiastia-apinord-35-kg\/#primaryimage\"},\"image\":{\"@id\":\"https:\/\/hunaja.fi\/tuote\/siivilointiastia-apinord-35-kg\/#primaryimage\"},\"thumbnailUrl\":\"https:\/\/hunaja.fi\/wp-content\/uploads\/2024\/07\/siivilaastia.jpg\",\"datePublished\":\"2024-07-02T05:41:00+00:00\",\"dateModified\":\"2024-07-03T12:25:07+00:00\",\"description\":\"&nbsp; \u00a0ruostumattomasta ter\u00e4ksest\u00e4 valmistettu Kolmekammioinen seulaastia:\",\"breadcrumb\":{\"@id\":\"https:\/\/hunaja.fi\/tuote\/siivilointiastia-apinord-35-kg\/#breadcrumb\"},\"inLanguage\":\"ja\",\"potentialAction\":[{\"@type\":\"ReadAction\",\"target\":[\"https:\/\/hunaja.fi\/tuote\/siivilointiastia-apinord-35-kg\/\"]}]},{\"@type\":\"ImageObject\",\"inLanguage\":\"ja\",\"@id\":\"https:\/\/hunaja.fi\/tuote\/siivilointiastia-apinord-35-kg\/#primaryimage\",\"url\":\"https:\/\/hunaja.fi\/wp-content\/uploads\/2024\/07\/siivilaastia.jpg\",\"contentUrl\":\"https:\/\/hunaja.fi\/wp-content\/uploads\/2024\/07\/siivilaastia.jpg\",\"width\":1162,\"height\":1212},{\"@type\":\"BreadcrumbList\",\"@id\":\"https:\/\/hunaja.fi\/tuote\/siivilointiastia-apinord-35-kg\/#breadcrumb\",\"itemListElement\":[{\"@type\":\"ListItem\",\"position\":1,\"name\":\"Etusivu\",\"item\":\"https:\/\/hunaja.fi\/ja\/\"},{\"@type\":\"ListItem\",\"position\":2,\"name\":\"Tuotteet\",\"item\":\"https:\/\/hunaja.fi\/kauppapaikka\/tuotteet\/\"},{\"@type\":\"ListItem\",\"position\":3,\"name\":\"Hunajank\u00e4sittely\",\"item\":\"https:\/\/hunaja.fi\/tuote-osasto\/hunajankasittely\/\"},{\"@type\":\"ListItem\",\"position\":4,\"name\":\"Siivil\u00f6inti\",\"item\":\"https:\/\/hunaja.fi\/tuote-osasto\/hunajankasittely\/siivilat\/\"},{\"@type\":\"ListItem\",\"position\":5,\"name\":\"Siivil\u00f6intiastia, Apinord 35 Kg\"}]},{\"@type\":\"WebSite\",\"@id\":\"https:\/\/hunaja.fi\/#website\",\"url\":\"https:\/\/hunaja.fi\/\",\"name\":\"Hunajayhtym\u00e4 Oy\",\"description\":\"Nature Loves Finnish Floral Honey\",\"publisher\":{\"@id\":\"https:\/\/hunaja.fi\/#organization\"},\"potentialAction\":[{\"@type\":\"SearchAction\",\"target\":{\"@type\":\"EntryPoint\",\"urlTemplate\":\"https:\/\/hunaja.fi\/?s={search_term_string}\"},\"query-input\":{\"@type\":\"PropertyValueSpecification\",\"valueRequired\":true,\"valueName\":\"search_term_string\"}}],\"inLanguage\":\"ja\"},{\"@type\":\"Organization\",\"@id\":\"https:\/\/hunaja.fi\/#organization\",\"name\":\"Hunajayhtym\u00e4 Oy\",\"url\":\"https:\/\/hunaja.fi\/\",\"logo\":{\"@type\":\"ImageObject\",\"inLanguage\":\"ja\",\"@id\":\"https:\/\/hunaja.fi\/#\/schema\/logo\/image\/\",\"url\":\"https:\/\/hunaja.fi\/wp-content\/uploads\/2021\/07\/Hunajayhtyma_Logo_VAAKA_slogan_cmyk-01.png\",\"contentUrl\":\"https:\/\/hunaja.fi\/wp-content\/uploads\/2021\/07\/Hunajayhtyma_Logo_VAAKA_slogan_cmyk-01.png\",\"width\":656,\"height\":242,\"caption\":\"Hunajayhtym\u00e4 Oy\"},\"image\":{\"@id\":\"https:\/\/hunaja.fi\/#\/schema\/logo\/image\/\"}}]}<\/script>\n<!-- \/ Yoast SEO plugin. -->","yoast_head_json":{"title":"Siivil\u00f6intiastia, Apinord 35 Kg - Hunajayhtym\u00e4 Oy","description":"&nbsp; \u00a0ruostumattomasta ter\u00e4ksest\u00e4 valmistettu Kolmekammioinen seulaastia:","robots":{"index":"index","follow":"follow","max-snippet":"max-snippet:-1","max-image-preview":"max-image-preview:large","max-video-preview":"max-video-preview:-1"},"canonical":"https:\/\/hunaja.fi\/tuote\/siivilointiastia-apinord-35-kg\/","og_locale":"ja_JP","og_type":"article","og_title":"Siivil\u00f6intiastia, Apinord 35 Kg - Hunajayhtym\u00e4 Oy","og_description":"&nbsp; \u00a0ruostumattomasta ter\u00e4ksest\u00e4 valmistettu Kolmekammioinen seulaastia:","og_url":"https:\/\/hunaja.fi\/tuote\/siivilointiastia-apinord-35-kg\/","og_site_name":"Hunajayhtym\u00e4 Oy","article_modified_time":"2024-07-03T12:25:07+00:00","og_image":[{"width":1162,"height":1212,"url":"https:\/\/hunaja.fi\/wp-content\/uploads\/2024\/07\/siivilaastia.jpg","type":"image\/jpeg"}],"twitter_card":"summary_large_image","twitter_misc":{"\u63a8\u5b9a\u8aad\u307f\u53d6\u308a\u6642\u9593":"1\u5206"},"schema":{"@context":"https:\/\/schema.org","@graph":[{"@type":"WebPage","@id":"https:\/\/hunaja.fi\/tuote\/siivilointiastia-apinord-35-kg\/","url":"https:\/\/hunaja.fi\/tuote\/siivilointiastia-apinord-35-kg\/","name":"Siivil\u00f6intiastia, Apinord 35 Kg - Hunajayhtym\u00e4 Oy","isPartOf":{"@id":"https:\/\/hunaja.fi\/#website"},"primaryImageOfPage":{"@id":"https:\/\/hunaja.fi\/tuote\/siivilointiastia-apinord-35-kg\/#primaryimage"},"image":{"@id":"https:\/\/hunaja.fi\/tuote\/siivilointiastia-apinord-35-kg\/#primaryimage"},"thumbnailUrl":"https:\/\/hunaja.fi\/wp-content\/uploads\/2024\/07\/siivilaastia.jpg","datePublished":"2024-07-02T05:41:00+00:00","dateModified":"2024-07-03T12:25:07+00:00","description":"&nbsp; \u00a0ruostumattomasta ter\u00e4ksest\u00e4 valmistettu Kolmekammioinen seulaastia:","breadcrumb":{"@id":"https:\/\/hunaja.fi\/tuote\/siivilointiastia-apinord-35-kg\/#breadcrumb"},"inLanguage":"ja","potentialAction":[{"@type":"ReadAction","target":["https:\/\/hunaja.fi\/tuote\/siivilointiastia-apinord-35-kg\/"]}]},{"@type":"ImageObject","inLanguage":"ja","@id":"https:\/\/hunaja.fi\/tuote\/siivilointiastia-apinord-35-kg\/#primaryimage","url":"https:\/\/hunaja.fi\/wp-content\/uploads\/2024\/07\/siivilaastia.jpg","contentUrl":"https:\/\/hunaja.fi\/wp-content\/uploads\/2024\/07\/siivilaastia.jpg","width":1162,"height":1212},{"@type":"BreadcrumbList","@id":"https:\/\/hunaja.fi\/tuote\/siivilointiastia-apinord-35-kg\/#breadcrumb","itemListElement":[{"@type":"ListItem","position":1,"name":"Etusivu","item":"https:\/\/hunaja.fi\/ja\/"},{"@type":"ListItem","position":2,"name":"Tuotteet","item":"https:\/\/hunaja.fi\/kauppapaikka\/tuotteet\/"},{"@type":"ListItem","position":3,"name":"Hunajank\u00e4sittely","item":"https:\/\/hunaja.fi\/tuote-osasto\/hunajankasittely\/"},{"@type":"ListItem","position":4,"name":"Siivil\u00f6inti","item":"https:\/\/hunaja.fi\/tuote-osasto\/hunajankasittely\/siivilat\/"},{"@type":"ListItem","position":5,"name":"Siivil\u00f6intiastia, Apinord 35 Kg"}]},{"@type":"WebSite","@id":"https:\/\/hunaja.fi\/#website","url":"https:\/\/hunaja.fi\/","name":"Hunajayhtym\u00e4 Oy","description":"Nature Loves Finnish Floral Honey","publisher":{"@id":"https:\/\/hunaja.fi\/#organization"},"potentialAction":[{"@type":"SearchAction","target":{"@type":"EntryPoint","urlTemplate":"https:\/\/hunaja.fi\/?s={search_term_string}"},"query-input":{"@type":"PropertyValueSpecification","valueRequired":true,"valueName":"search_term_string"}}],"inLanguage":"ja"},{"@type":"Organization","@id":"https:\/\/hunaja.fi\/#organization","name":"Hunajayhtym\u00e4 Oy","url":"https:\/\/hunaja.fi\/","logo":{"@type":"ImageObject","inLanguage":"ja","@id":"https:\/\/hunaja.fi\/#\/schema\/logo\/image\/","url":"https:\/\/hunaja.fi\/wp-content\/uploads\/2021\/07\/Hunajayhtyma_Logo_VAAKA_slogan_cmyk-01.png","contentUrl":"https:\/\/hunaja.fi\/wp-content\/uploads\/2021\/07\/Hunajayhtyma_Logo_VAAKA_slogan_cmyk-01.png","width":656,"height":242,"caption":"Hunajayhtym\u00e4 Oy"},"image":{"@id":"https:\/\/hunaja.fi\/#\/schema\/logo\/image\/"}}]}},"_links":{"self":[{"href":"https:\/\/hunaja.fi\/ja\/wp-json\/wp\/v2\/product\/46123","targetHints":{"allow":["GET"]}}],"collection":[{"href":"https:\/\/hunaja.fi\/ja\/wp-json\/wp\/v2\/product"}],"about":[{"href":"https:\/\/hunaja.fi\/ja\/wp-json\/wp\/v2\/types\/product"}],"wp:featuredmedia":[{"embeddable":true,"href":"https:\/\/hunaja.fi\/ja\/wp-json\/wp\/v2\/media\/46139"}],"wp:attachment":[{"href":"https:\/\/hunaja.fi\/ja\/wp-json\/wp\/v2\/media?parent=46123"}],"wp:term":[{"taxonomy":"product_brand","embeddable":true,"href":"https:\/\/hunaja.fi\/ja\/wp-json\/wp\/v2\/product_brand?post=46123"},{"taxonomy":"product_cat","embeddable":true,"href":"https:\/\/hunaja.fi\/ja\/wp-json\/wp\/v2\/product_cat?post=46123"},{"taxonomy":"product_tag","embeddable":true,"href":"https:\/\/hunaja.fi\/ja\/wp-json\/wp\/v2\/product_tag?post=46123"}],"curies":[{"name":"wp","href":"https:\/\/api.w.org\/{rel}","templated":true}]}}