{"id":45018,"date":"2024-02-27T13:02:32","date_gmt":"2024-02-27T11:02:32","guid":{"rendered":"https:\/\/hunaja.fi\/?post_type=product&#038;p=45018"},"modified":"2024-02-27T13:42:23","modified_gmt":"2024-02-27T11:42:23","slug":"monitoimityokalu-apitek","status":"publish","type":"product","link":"https:\/\/hunaja.fi\/ja\/tuote\/monitoimityokalu-apitek\/","title":{"rendered":"Monitoimity\u00f6kalu, Apitek"},"content":{"rendered":"<p>Monik\u00e4ytt\u00f6inen ty\u00f6kalu puisella kuorikahvalla taskuveitsen tyyliin.<\/p>\n<p>Mukana monia toimintoja, kuten vasara, pihdit, naulanvet\u00e4j\u00e4, viila, saha, veitsi, ristip\u00e4\u00e4-ruuvimeisseli<\/p>\n<p>ja nelj\u00e4n koon lenkkiavain sek\u00e4 kotelo vy\u00f6h\u00f6n kiinnityst\u00e4 varten.<\/p>\n<p>Koko n. 16 x 8,5 x 2,5 cm, paino 0,5 kg<\/p>\n","protected":false},"excerpt":{"rendered":"<p>Monik\u00e4ytt\u00f6inen ty\u00f6kalu puisella kuorikahvalla taskuveit [&hellip;]<\/p>\n","protected":false},"featured_media":45019,"template":"","meta":{"_acf_changed":false,"_improvement_type_select":"improve_an_existing","_thumb_yes_seoaic":false,"_frame_yes_seoaic":false,"seoaic_generate_description":"","seoaic_improve_instructions_prompt":"","seoaic_rollback_content_improvement":"","seoaic_idea_thumbnail_generator":"","thumbnail_generated":false,"thumbnail_generate_prompt":"","seoaic_article_description":"","site-sidebar-layout":"default","site-content-layout":"","ast-site-content-layout":"default","site-content-style":"default","site-sidebar-style":"default","ast-global-header-display":"","ast-banner-title-visibility":"","ast-main-header-display":"","ast-hfb-above-header-display":"","ast-hfb-below-header-display":"","ast-hfb-mobile-header-display":"","site-post-title":"","ast-breadcrumbs-content":"","ast-featured-img":"","footer-sml-layout":"","ast-disable-related-posts":"","theme-transparent-header-meta":"default","adv-header-id-meta":"","stick-header-meta":"default","header-above-stick-meta":"","header-main-stick-meta":"","header-below-stick-meta":"","astra-migrate-meta-layouts":"set","ast-page-background-enabled":"default","ast-page-background-meta":{"desktop":{"background-color":"","background-image":"","background-repeat":"repeat","background-position":"center center","background-size":"auto","background-attachment":"scroll","background-type":"","background-media":"","overlay-type":"","overlay-color":"","overlay-opacity":"","overlay-gradient":""},"tablet":{"background-color":"","background-image":"","background-repeat":"repeat","background-position":"center center","background-size":"auto","background-attachment":"scroll","background-type":"","background-media":"","overlay-type":"","overlay-color":"","overlay-opacity":"","overlay-gradient":""},"mobile":{"background-color":"","background-image":"","background-repeat":"repeat","background-position":"center center","background-size":"auto","background-attachment":"scroll","background-type":"","background-media":"","overlay-type":"","overlay-color":"","overlay-opacity":"","overlay-gradient":""}},"ast-content-background-meta":{"desktop":{"background-color":"var(--ast-global-color-5)","background-image":"","background-repeat":"repeat","background-position":"center center","background-size":"auto","background-attachment":"scroll","background-type":"","background-media":"","overlay-type":"","overlay-color":"","overlay-opacity":"","overlay-gradient":""},"tablet":{"background-color":"var(--ast-global-color-5)","background-image":"","background-repeat":"repeat","background-position":"center center","background-size":"auto","background-attachment":"scroll","background-type":"","background-media":"","overlay-type":"","overlay-color":"","overlay-opacity":"","overlay-gradient":""},"mobile":{"background-color":"var(--ast-global-color-5)","background-image":"","background-repeat":"repeat","background-position":"center center","background-size":"auto","background-attachment":"scroll","background-type":"","background-media":"","overlay-type":"","overlay-color":"","overlay-opacity":"","overlay-gradient":""}}},"product_brand":[],"product_cat":[2038],"product_tag":[],"class_list":{"0":"post-45018","1":"product","2":"type-product","3":"status-publish","4":"has-post-thumbnail","6":"product_cat-pesatyokalut","7":"desktop-align-center","8":"tablet-align-center","9":"mobile-align-center","10":"ast-product-gallery-layout-horizontal","11":"ast-magnify-disabled","12":"ast-product-tabs-layout-horizontal","14":"first","15":"instock","16":"shipping-taxable","17":"purchasable","18":"product-type-simple"},"acf":[],"yoast_head":"<!-- This site is optimized with the Yoast SEO plugin v26.7 - https:\/\/yoast.com\/wordpress\/plugins\/seo\/ -->\n<title>Monitoimity\u00f6kalu, Apitek - Hunajayhtym\u00e4 Oy<\/title>\n<meta name=\"description\" content=\"Monik\u00e4ytt\u00f6inen ty\u00f6kalu puisella kuorikahvalla taskuveitsen tyyliin. Mukana\" \/>\n<meta name=\"robots\" content=\"index, follow, max-snippet:-1, max-image-preview:large, max-video-preview:-1\" \/>\n<link rel=\"canonical\" href=\"https:\/\/hunaja.fi\/tuote\/monitoimityokalu-apitek\/\" \/>\n<meta property=\"og:locale\" content=\"ja_JP\" \/>\n<meta property=\"og:type\" content=\"article\" \/>\n<meta property=\"og:title\" content=\"Monitoimity\u00f6kalu, Apitek - Hunajayhtym\u00e4 Oy\" \/>\n<meta property=\"og:description\" content=\"Monik\u00e4ytt\u00f6inen ty\u00f6kalu puisella kuorikahvalla taskuveitsen tyyliin. Mukana\" \/>\n<meta property=\"og:url\" content=\"https:\/\/hunaja.fi\/tuote\/monitoimityokalu-apitek\/\" \/>\n<meta property=\"og:site_name\" content=\"Hunajayhtym\u00e4 Oy\" \/>\n<meta property=\"article:modified_time\" content=\"2024-02-27T11:42:23+00:00\" \/>\n<meta property=\"og:image\" content=\"https:\/\/hunaja.fi\/wp-content\/uploads\/2024\/02\/IMG_E3201.jpg\" \/>\n\t<meta property=\"og:image:width\" content=\"1593\" \/>\n\t<meta property=\"og:image:height\" content=\"864\" \/>\n\t<meta property=\"og:image:type\" content=\"image\/jpeg\" \/>\n<meta name=\"twitter:card\" content=\"summary_large_image\" \/>\n<meta name=\"twitter:label1\" content=\"\u63a8\u5b9a\u8aad\u307f\u53d6\u308a\u6642\u9593\" \/>\n\t<meta name=\"twitter:data1\" content=\"1\u5206\" \/>\n<script type=\"application\/ld+json\" class=\"yoast-schema-graph\">{\"@context\":\"https:\/\/schema.org\",\"@graph\":[{\"@type\":\"WebPage\",\"@id\":\"https:\/\/hunaja.fi\/tuote\/monitoimityokalu-apitek\/\",\"url\":\"https:\/\/hunaja.fi\/tuote\/monitoimityokalu-apitek\/\",\"name\":\"Monitoimity\u00f6kalu, Apitek - Hunajayhtym\u00e4 Oy\",\"isPartOf\":{\"@id\":\"https:\/\/hunaja.fi\/#website\"},\"primaryImageOfPage\":{\"@id\":\"https:\/\/hunaja.fi\/tuote\/monitoimityokalu-apitek\/#primaryimage\"},\"image\":{\"@id\":\"https:\/\/hunaja.fi\/tuote\/monitoimityokalu-apitek\/#primaryimage\"},\"thumbnailUrl\":\"https:\/\/hunaja.fi\/wp-content\/uploads\/2024\/02\/IMG_E3201.jpg\",\"datePublished\":\"2024-02-27T11:02:32+00:00\",\"dateModified\":\"2024-02-27T11:42:23+00:00\",\"description\":\"Monik\u00e4ytt\u00f6inen ty\u00f6kalu puisella kuorikahvalla taskuveitsen tyyliin. Mukana\",\"breadcrumb\":{\"@id\":\"https:\/\/hunaja.fi\/tuote\/monitoimityokalu-apitek\/#breadcrumb\"},\"inLanguage\":\"ja\",\"potentialAction\":[{\"@type\":\"ReadAction\",\"target\":[\"https:\/\/hunaja.fi\/tuote\/monitoimityokalu-apitek\/\"]}]},{\"@type\":\"ImageObject\",\"inLanguage\":\"ja\",\"@id\":\"https:\/\/hunaja.fi\/tuote\/monitoimityokalu-apitek\/#primaryimage\",\"url\":\"https:\/\/hunaja.fi\/wp-content\/uploads\/2024\/02\/IMG_E3201.jpg\",\"contentUrl\":\"https:\/\/hunaja.fi\/wp-content\/uploads\/2024\/02\/IMG_E3201.jpg\",\"width\":1593,\"height\":864},{\"@type\":\"BreadcrumbList\",\"@id\":\"https:\/\/hunaja.fi\/tuote\/monitoimityokalu-apitek\/#breadcrumb\",\"itemListElement\":[{\"@type\":\"ListItem\",\"position\":1,\"name\":\"Etusivu\",\"item\":\"https:\/\/hunaja.fi\/ja\/\"},{\"@type\":\"ListItem\",\"position\":2,\"name\":\"Tuotteet\",\"item\":\"https:\/\/hunaja.fi\/kauppapaikka\/tuotteet\/\"},{\"@type\":\"ListItem\",\"position\":3,\"name\":\"Hoitotarvikkeet\",\"item\":\"https:\/\/hunaja.fi\/tuote-osasto\/hoitotarvikkeet\/\"},{\"@type\":\"ListItem\",\"position\":4,\"name\":\"Pes\u00e4ty\u00f6kalut\",\"item\":\"https:\/\/hunaja.fi\/tuote-osasto\/hoitotarvikkeet\/pesatyokalut\/\"},{\"@type\":\"ListItem\",\"position\":5,\"name\":\"Monitoimity\u00f6kalu, Apitek\"}]},{\"@type\":\"WebSite\",\"@id\":\"https:\/\/hunaja.fi\/#website\",\"url\":\"https:\/\/hunaja.fi\/\",\"name\":\"Hunajayhtym\u00e4 Oy\",\"description\":\"Nature Loves Finnish Floral Honey\",\"publisher\":{\"@id\":\"https:\/\/hunaja.fi\/#organization\"},\"potentialAction\":[{\"@type\":\"SearchAction\",\"target\":{\"@type\":\"EntryPoint\",\"urlTemplate\":\"https:\/\/hunaja.fi\/?s={search_term_string}\"},\"query-input\":{\"@type\":\"PropertyValueSpecification\",\"valueRequired\":true,\"valueName\":\"search_term_string\"}}],\"inLanguage\":\"ja\"},{\"@type\":\"Organization\",\"@id\":\"https:\/\/hunaja.fi\/#organization\",\"name\":\"Hunajayhtym\u00e4 Oy\",\"url\":\"https:\/\/hunaja.fi\/\",\"logo\":{\"@type\":\"ImageObject\",\"inLanguage\":\"ja\",\"@id\":\"https:\/\/hunaja.fi\/#\/schema\/logo\/image\/\",\"url\":\"https:\/\/hunaja.fi\/wp-content\/uploads\/2021\/07\/Hunajayhtyma_Logo_VAAKA_slogan_cmyk-01.png\",\"contentUrl\":\"https:\/\/hunaja.fi\/wp-content\/uploads\/2021\/07\/Hunajayhtyma_Logo_VAAKA_slogan_cmyk-01.png\",\"width\":656,\"height\":242,\"caption\":\"Hunajayhtym\u00e4 Oy\"},\"image\":{\"@id\":\"https:\/\/hunaja.fi\/#\/schema\/logo\/image\/\"}}]}<\/script>\n<!-- \/ Yoast SEO plugin. -->","yoast_head_json":{"title":"Monitoimity\u00f6kalu, Apitek - Hunajayhtym\u00e4 Oy","description":"Monik\u00e4ytt\u00f6inen ty\u00f6kalu puisella kuorikahvalla taskuveitsen tyyliin. Mukana","robots":{"index":"index","follow":"follow","max-snippet":"max-snippet:-1","max-image-preview":"max-image-preview:large","max-video-preview":"max-video-preview:-1"},"canonical":"https:\/\/hunaja.fi\/tuote\/monitoimityokalu-apitek\/","og_locale":"ja_JP","og_type":"article","og_title":"Monitoimity\u00f6kalu, Apitek - Hunajayhtym\u00e4 Oy","og_description":"Monik\u00e4ytt\u00f6inen ty\u00f6kalu puisella kuorikahvalla taskuveitsen tyyliin. Mukana","og_url":"https:\/\/hunaja.fi\/tuote\/monitoimityokalu-apitek\/","og_site_name":"Hunajayhtym\u00e4 Oy","article_modified_time":"2024-02-27T11:42:23+00:00","og_image":[{"width":1593,"height":864,"url":"https:\/\/hunaja.fi\/wp-content\/uploads\/2024\/02\/IMG_E3201.jpg","type":"image\/jpeg"}],"twitter_card":"summary_large_image","twitter_misc":{"\u63a8\u5b9a\u8aad\u307f\u53d6\u308a\u6642\u9593":"1\u5206"},"schema":{"@context":"https:\/\/schema.org","@graph":[{"@type":"WebPage","@id":"https:\/\/hunaja.fi\/tuote\/monitoimityokalu-apitek\/","url":"https:\/\/hunaja.fi\/tuote\/monitoimityokalu-apitek\/","name":"Monitoimity\u00f6kalu, Apitek - Hunajayhtym\u00e4 Oy","isPartOf":{"@id":"https:\/\/hunaja.fi\/#website"},"primaryImageOfPage":{"@id":"https:\/\/hunaja.fi\/tuote\/monitoimityokalu-apitek\/#primaryimage"},"image":{"@id":"https:\/\/hunaja.fi\/tuote\/monitoimityokalu-apitek\/#primaryimage"},"thumbnailUrl":"https:\/\/hunaja.fi\/wp-content\/uploads\/2024\/02\/IMG_E3201.jpg","datePublished":"2024-02-27T11:02:32+00:00","dateModified":"2024-02-27T11:42:23+00:00","description":"Monik\u00e4ytt\u00f6inen ty\u00f6kalu puisella kuorikahvalla taskuveitsen tyyliin. Mukana","breadcrumb":{"@id":"https:\/\/hunaja.fi\/tuote\/monitoimityokalu-apitek\/#breadcrumb"},"inLanguage":"ja","potentialAction":[{"@type":"ReadAction","target":["https:\/\/hunaja.fi\/tuote\/monitoimityokalu-apitek\/"]}]},{"@type":"ImageObject","inLanguage":"ja","@id":"https:\/\/hunaja.fi\/tuote\/monitoimityokalu-apitek\/#primaryimage","url":"https:\/\/hunaja.fi\/wp-content\/uploads\/2024\/02\/IMG_E3201.jpg","contentUrl":"https:\/\/hunaja.fi\/wp-content\/uploads\/2024\/02\/IMG_E3201.jpg","width":1593,"height":864},{"@type":"BreadcrumbList","@id":"https:\/\/hunaja.fi\/tuote\/monitoimityokalu-apitek\/#breadcrumb","itemListElement":[{"@type":"ListItem","position":1,"name":"Etusivu","item":"https:\/\/hunaja.fi\/ja\/"},{"@type":"ListItem","position":2,"name":"Tuotteet","item":"https:\/\/hunaja.fi\/kauppapaikka\/tuotteet\/"},{"@type":"ListItem","position":3,"name":"Hoitotarvikkeet","item":"https:\/\/hunaja.fi\/tuote-osasto\/hoitotarvikkeet\/"},{"@type":"ListItem","position":4,"name":"Pes\u00e4ty\u00f6kalut","item":"https:\/\/hunaja.fi\/tuote-osasto\/hoitotarvikkeet\/pesatyokalut\/"},{"@type":"ListItem","position":5,"name":"Monitoimity\u00f6kalu, Apitek"}]},{"@type":"WebSite","@id":"https:\/\/hunaja.fi\/#website","url":"https:\/\/hunaja.fi\/","name":"Hunajayhtym\u00e4 Oy","description":"Nature Loves Finnish Floral Honey","publisher":{"@id":"https:\/\/hunaja.fi\/#organization"},"potentialAction":[{"@type":"SearchAction","target":{"@type":"EntryPoint","urlTemplate":"https:\/\/hunaja.fi\/?s={search_term_string}"},"query-input":{"@type":"PropertyValueSpecification","valueRequired":true,"valueName":"search_term_string"}}],"inLanguage":"ja"},{"@type":"Organization","@id":"https:\/\/hunaja.fi\/#organization","name":"Hunajayhtym\u00e4 Oy","url":"https:\/\/hunaja.fi\/","logo":{"@type":"ImageObject","inLanguage":"ja","@id":"https:\/\/hunaja.fi\/#\/schema\/logo\/image\/","url":"https:\/\/hunaja.fi\/wp-content\/uploads\/2021\/07\/Hunajayhtyma_Logo_VAAKA_slogan_cmyk-01.png","contentUrl":"https:\/\/hunaja.fi\/wp-content\/uploads\/2021\/07\/Hunajayhtyma_Logo_VAAKA_slogan_cmyk-01.png","width":656,"height":242,"caption":"Hunajayhtym\u00e4 Oy"},"image":{"@id":"https:\/\/hunaja.fi\/#\/schema\/logo\/image\/"}}]}},"_links":{"self":[{"href":"https:\/\/hunaja.fi\/ja\/wp-json\/wp\/v2\/product\/45018","targetHints":{"allow":["GET"]}}],"collection":[{"href":"https:\/\/hunaja.fi\/ja\/wp-json\/wp\/v2\/product"}],"about":[{"href":"https:\/\/hunaja.fi\/ja\/wp-json\/wp\/v2\/types\/product"}],"wp:featuredmedia":[{"embeddable":true,"href":"https:\/\/hunaja.fi\/ja\/wp-json\/wp\/v2\/media\/45019"}],"wp:attachment":[{"href":"https:\/\/hunaja.fi\/ja\/wp-json\/wp\/v2\/media?parent=45018"}],"wp:term":[{"taxonomy":"product_brand","embeddable":true,"href":"https:\/\/hunaja.fi\/ja\/wp-json\/wp\/v2\/product_brand?post=45018"},{"taxonomy":"product_cat","embeddable":true,"href":"https:\/\/hunaja.fi\/ja\/wp-json\/wp\/v2\/product_cat?post=45018"},{"taxonomy":"product_tag","embeddable":true,"href":"https:\/\/hunaja.fi\/ja\/wp-json\/wp\/v2\/product_tag?post=45018"}],"curies":[{"name":"wp","href":"https:\/\/api.w.org\/{rel}","templated":true}]}}