{"id":44689,"date":"2024-01-24T09:53:55","date_gmt":"2024-01-24T07:53:55","guid":{"rendered":"https:\/\/hunaja.fi\/?post_type=product&#038;p=44689"},"modified":"2024-01-24T09:53:55","modified_gmt":"2024-01-24T07:53:55","slug":"olipa-kerran-keittiossa-anna-perho","status":"publish","type":"product","link":"https:\/\/hunaja.fi\/ja\/tuote\/olipa-kerran-keittiossa-anna-perho\/","title":{"rendered":"Olipa kerran keitti\u00f6ss\u00e4, Anna Perho"},"content":{"rendered":"<p>Olipa kerran keitti\u00f6ss\u00e4, \u00c4idin ja tytt\u00e4ren ruokareseptej\u00e4 pellon laidalta \u2013 Anna Perho &amp; Leena Perho<\/p>\n<p>Reseptit: Anna Perho, Leena Perho<br \/>\nEditointi: Elina L\u00e4hteenm\u00e4ki<br \/>\nKuvat ja layout design: Viola Minerva Virtamo<\/p>\n<p>Kieli: Suomi<\/p>\n<p>Olipa kerran wanha talo, jossa on hirsisein\u00e4inen tupakeitti\u00f6, joka on talon syd\u00e4n. Keitti\u00f6ss\u00e4 ovat \u00e4iti ja tyt\u00e4r, jotka rakastavat ruokaa. Siit\u00e4 syntyy keittokirja sielt\u00e4, miss\u00e4 ruoka kasvaa.<\/p>\n<p>Leena on maatilan em\u00e4nt\u00e4, joka on opetellut kokkaamaan silloin, kun eineksi\u00e4 ei ollut, ja kyl\u00e4kaupan eksoottisin elintarvike oli puuroriisi. Anna taas on kasvanut kotikokiksi ajassa, jossa arkiruoka on vaikkapa aasialaista, ja hedelm\u00e4tiski aina tuoretta t\u00e4ynn\u00e4.<\/p>\n<p>Mutta hirsikeitti\u00f6n hiljaisuudessa palataan perusasioiden \u00e4\u00e4relle, liityt\u00e4\u00e4n hetkeksi osaksi maatilojen keitti\u00f6iden historiaa, jossa naiset ovat laittaneet ruokaa l\u00e4pi vuosisatojen. Vaikka maailma ymp\u00e4rill\u00e4 muuttuu, k\u00e4si vaivaa leip\u00e4\u00e4 ja suola nostaa ruoan maut t\u00e4sm\u00e4lleen samalla tavalla kuin vuosituhat sitten.<\/p>\n","protected":false},"excerpt":{"rendered":"<p>Olipa kerran keitti\u00f6ss\u00e4, \u00c4idin ja tytt\u00e4ren ruokaresepte [&hellip;]<\/p>\n","protected":false},"featured_media":44690,"template":"","meta":{"_acf_changed":false,"_improvement_type_select":"improve_an_existing","_thumb_yes_seoaic":false,"_frame_yes_seoaic":false,"seoaic_generate_description":"","seoaic_improve_instructions_prompt":"","seoaic_rollback_content_improvement":"","seoaic_idea_thumbnail_generator":"","thumbnail_generated":false,"thumbnail_generate_prompt":"","seoaic_article_description":"","site-sidebar-layout":"default","site-content-layout":"","ast-site-content-layout":"default","site-content-style":"default","site-sidebar-style":"default","ast-global-header-display":"","ast-banner-title-visibility":"","ast-main-header-display":"","ast-hfb-above-header-display":"","ast-hfb-below-header-display":"","ast-hfb-mobile-header-display":"","site-post-title":"","ast-breadcrumbs-content":"","ast-featured-img":"","footer-sml-layout":"","ast-disable-related-posts":"","theme-transparent-header-meta":"default","adv-header-id-meta":"","stick-header-meta":"default","header-above-stick-meta":"","header-main-stick-meta":"","header-below-stick-meta":"","astra-migrate-meta-layouts":"set","ast-page-background-enabled":"default","ast-page-background-meta":{"desktop":{"background-color":"","background-image":"","background-repeat":"repeat","background-position":"center center","background-size":"auto","background-attachment":"scroll","background-type":"","background-media":"","overlay-type":"","overlay-color":"","overlay-opacity":"","overlay-gradient":""},"tablet":{"background-color":"","background-image":"","background-repeat":"repeat","background-position":"center center","background-size":"auto","background-attachment":"scroll","background-type":"","background-media":"","overlay-type":"","overlay-color":"","overlay-opacity":"","overlay-gradient":""},"mobile":{"background-color":"","background-image":"","background-repeat":"repeat","background-position":"center center","background-size":"auto","background-attachment":"scroll","background-type":"","background-media":"","overlay-type":"","overlay-color":"","overlay-opacity":"","overlay-gradient":""}},"ast-content-background-meta":{"desktop":{"background-color":"var(--ast-global-color-5)","background-image":"","background-repeat":"repeat","background-position":"center center","background-size":"auto","background-attachment":"scroll","background-type":"","background-media":"","overlay-type":"","overlay-color":"","overlay-opacity":"","overlay-gradient":""},"tablet":{"background-color":"var(--ast-global-color-5)","background-image":"","background-repeat":"repeat","background-position":"center center","background-size":"auto","background-attachment":"scroll","background-type":"","background-media":"","overlay-type":"","overlay-color":"","overlay-opacity":"","overlay-gradient":""},"mobile":{"background-color":"var(--ast-global-color-5)","background-image":"","background-repeat":"repeat","background-position":"center center","background-size":"auto","background-attachment":"scroll","background-type":"","background-media":"","overlay-type":"","overlay-color":"","overlay-opacity":"","overlay-gradient":""}}},"product_brand":[],"product_cat":[562],"product_tag":[],"class_list":{"0":"post-44689","1":"product","2":"type-product","3":"status-publish","4":"has-post-thumbnail","6":"product_cat-kirjallisuus","7":"desktop-align-center","8":"tablet-align-center","9":"mobile-align-center","10":"ast-product-gallery-layout-horizontal","11":"ast-magnify-disabled","12":"ast-product-tabs-layout-horizontal","14":"first","15":"instock","16":"shipping-taxable","17":"purchasable","18":"product-type-simple"},"acf":[],"yoast_head":"<!-- This site is optimized with the Yoast SEO plugin v26.7 - https:\/\/yoast.com\/wordpress\/plugins\/seo\/ -->\n<title>Olipa kerran keitti\u00f6ss\u00e4, Anna Perho - Hunajayhtym\u00e4 Oy<\/title>\n<meta name=\"description\" content=\"Olipa kerran keitti\u00f6ss\u00e4, \u00c4idin ja tytt\u00e4ren ruokareseptej\u00e4 pellon laidalta \u2013\" \/>\n<meta name=\"robots\" content=\"index, follow, max-snippet:-1, max-image-preview:large, max-video-preview:-1\" \/>\n<link rel=\"canonical\" href=\"https:\/\/hunaja.fi\/tuote\/olipa-kerran-keittiossa-anna-perho\/\" \/>\n<meta property=\"og:locale\" content=\"ja_JP\" \/>\n<meta property=\"og:type\" content=\"article\" \/>\n<meta property=\"og:title\" content=\"Olipa kerran keitti\u00f6ss\u00e4, Anna Perho - Hunajayhtym\u00e4 Oy\" \/>\n<meta property=\"og:description\" content=\"Olipa kerran keitti\u00f6ss\u00e4, \u00c4idin ja tytt\u00e4ren ruokareseptej\u00e4 pellon laidalta \u2013\" \/>\n<meta property=\"og:url\" content=\"https:\/\/hunaja.fi\/tuote\/olipa-kerran-keittiossa-anna-perho\/\" \/>\n<meta property=\"og:site_name\" content=\"Hunajayhtym\u00e4 Oy\" \/>\n<meta property=\"og:image\" content=\"https:\/\/hunaja.fi\/wp-content\/uploads\/2024\/01\/IMG_2534.jpg\" \/>\n\t<meta property=\"og:image:width\" content=\"1196\" \/>\n\t<meta property=\"og:image:height\" content=\"998\" \/>\n\t<meta property=\"og:image:type\" content=\"image\/jpeg\" \/>\n<meta name=\"twitter:card\" content=\"summary_large_image\" \/>\n<meta name=\"twitter:label1\" content=\"\u63a8\u5b9a\u8aad\u307f\u53d6\u308a\u6642\u9593\" \/>\n\t<meta name=\"twitter:data1\" content=\"2\u5206\" \/>\n<script type=\"application\/ld+json\" class=\"yoast-schema-graph\">{\"@context\":\"https:\/\/schema.org\",\"@graph\":[{\"@type\":\"WebPage\",\"@id\":\"https:\/\/hunaja.fi\/tuote\/olipa-kerran-keittiossa-anna-perho\/\",\"url\":\"https:\/\/hunaja.fi\/tuote\/olipa-kerran-keittiossa-anna-perho\/\",\"name\":\"Olipa kerran keitti\u00f6ss\u00e4, Anna Perho - Hunajayhtym\u00e4 Oy\",\"isPartOf\":{\"@id\":\"https:\/\/hunaja.fi\/#website\"},\"primaryImageOfPage\":{\"@id\":\"https:\/\/hunaja.fi\/tuote\/olipa-kerran-keittiossa-anna-perho\/#primaryimage\"},\"image\":{\"@id\":\"https:\/\/hunaja.fi\/tuote\/olipa-kerran-keittiossa-anna-perho\/#primaryimage\"},\"thumbnailUrl\":\"https:\/\/hunaja.fi\/wp-content\/uploads\/2024\/01\/IMG_2534.jpg\",\"datePublished\":\"2024-01-24T07:53:55+00:00\",\"description\":\"Olipa kerran keitti\u00f6ss\u00e4, \u00c4idin ja tytt\u00e4ren ruokareseptej\u00e4 pellon laidalta \u2013\",\"breadcrumb\":{\"@id\":\"https:\/\/hunaja.fi\/tuote\/olipa-kerran-keittiossa-anna-perho\/#breadcrumb\"},\"inLanguage\":\"ja\",\"potentialAction\":[{\"@type\":\"ReadAction\",\"target\":[\"https:\/\/hunaja.fi\/tuote\/olipa-kerran-keittiossa-anna-perho\/\"]}]},{\"@type\":\"ImageObject\",\"inLanguage\":\"ja\",\"@id\":\"https:\/\/hunaja.fi\/tuote\/olipa-kerran-keittiossa-anna-perho\/#primaryimage\",\"url\":\"https:\/\/hunaja.fi\/wp-content\/uploads\/2024\/01\/IMG_2534.jpg\",\"contentUrl\":\"https:\/\/hunaja.fi\/wp-content\/uploads\/2024\/01\/IMG_2534.jpg\",\"width\":1196,\"height\":998},{\"@type\":\"BreadcrumbList\",\"@id\":\"https:\/\/hunaja.fi\/tuote\/olipa-kerran-keittiossa-anna-perho\/#breadcrumb\",\"itemListElement\":[{\"@type\":\"ListItem\",\"position\":1,\"name\":\"Etusivu\",\"item\":\"https:\/\/hunaja.fi\/ja\/\"},{\"@type\":\"ListItem\",\"position\":2,\"name\":\"Tuotteet\",\"item\":\"https:\/\/hunaja.fi\/kauppapaikka\/tuotteet\/\"},{\"@type\":\"ListItem\",\"position\":3,\"name\":\"Kirjallisuus\",\"item\":\"https:\/\/hunaja.fi\/en\/tuote-osasto\/kirjallisuus\/\"},{\"@type\":\"ListItem\",\"position\":4,\"name\":\"Olipa kerran keitti\u00f6ss\u00e4, Anna Perho\"}]},{\"@type\":\"WebSite\",\"@id\":\"https:\/\/hunaja.fi\/#website\",\"url\":\"https:\/\/hunaja.fi\/\",\"name\":\"Hunajayhtym\u00e4 Oy\",\"description\":\"Nature Loves Finnish Floral Honey\",\"publisher\":{\"@id\":\"https:\/\/hunaja.fi\/#organization\"},\"potentialAction\":[{\"@type\":\"SearchAction\",\"target\":{\"@type\":\"EntryPoint\",\"urlTemplate\":\"https:\/\/hunaja.fi\/?s={search_term_string}\"},\"query-input\":{\"@type\":\"PropertyValueSpecification\",\"valueRequired\":true,\"valueName\":\"search_term_string\"}}],\"inLanguage\":\"ja\"},{\"@type\":\"Organization\",\"@id\":\"https:\/\/hunaja.fi\/#organization\",\"name\":\"Hunajayhtym\u00e4 Oy\",\"url\":\"https:\/\/hunaja.fi\/\",\"logo\":{\"@type\":\"ImageObject\",\"inLanguage\":\"ja\",\"@id\":\"https:\/\/hunaja.fi\/#\/schema\/logo\/image\/\",\"url\":\"https:\/\/hunaja.fi\/wp-content\/uploads\/2021\/07\/Hunajayhtyma_Logo_VAAKA_slogan_cmyk-01.png\",\"contentUrl\":\"https:\/\/hunaja.fi\/wp-content\/uploads\/2021\/07\/Hunajayhtyma_Logo_VAAKA_slogan_cmyk-01.png\",\"width\":656,\"height\":242,\"caption\":\"Hunajayhtym\u00e4 Oy\"},\"image\":{\"@id\":\"https:\/\/hunaja.fi\/#\/schema\/logo\/image\/\"}}]}<\/script>\n<!-- \/ Yoast SEO plugin. -->","yoast_head_json":{"title":"Olipa kerran keitti\u00f6ss\u00e4, Anna Perho - Hunajayhtym\u00e4 Oy","description":"Olipa kerran keitti\u00f6ss\u00e4, \u00c4idin ja tytt\u00e4ren ruokareseptej\u00e4 pellon laidalta \u2013","robots":{"index":"index","follow":"follow","max-snippet":"max-snippet:-1","max-image-preview":"max-image-preview:large","max-video-preview":"max-video-preview:-1"},"canonical":"https:\/\/hunaja.fi\/tuote\/olipa-kerran-keittiossa-anna-perho\/","og_locale":"ja_JP","og_type":"article","og_title":"Olipa kerran keitti\u00f6ss\u00e4, Anna Perho - Hunajayhtym\u00e4 Oy","og_description":"Olipa kerran keitti\u00f6ss\u00e4, \u00c4idin ja tytt\u00e4ren ruokareseptej\u00e4 pellon laidalta \u2013","og_url":"https:\/\/hunaja.fi\/tuote\/olipa-kerran-keittiossa-anna-perho\/","og_site_name":"Hunajayhtym\u00e4 Oy","og_image":[{"width":1196,"height":998,"url":"https:\/\/hunaja.fi\/wp-content\/uploads\/2024\/01\/IMG_2534.jpg","type":"image\/jpeg"}],"twitter_card":"summary_large_image","twitter_misc":{"\u63a8\u5b9a\u8aad\u307f\u53d6\u308a\u6642\u9593":"2\u5206"},"schema":{"@context":"https:\/\/schema.org","@graph":[{"@type":"WebPage","@id":"https:\/\/hunaja.fi\/tuote\/olipa-kerran-keittiossa-anna-perho\/","url":"https:\/\/hunaja.fi\/tuote\/olipa-kerran-keittiossa-anna-perho\/","name":"Olipa kerran keitti\u00f6ss\u00e4, Anna Perho - Hunajayhtym\u00e4 Oy","isPartOf":{"@id":"https:\/\/hunaja.fi\/#website"},"primaryImageOfPage":{"@id":"https:\/\/hunaja.fi\/tuote\/olipa-kerran-keittiossa-anna-perho\/#primaryimage"},"image":{"@id":"https:\/\/hunaja.fi\/tuote\/olipa-kerran-keittiossa-anna-perho\/#primaryimage"},"thumbnailUrl":"https:\/\/hunaja.fi\/wp-content\/uploads\/2024\/01\/IMG_2534.jpg","datePublished":"2024-01-24T07:53:55+00:00","description":"Olipa kerran keitti\u00f6ss\u00e4, \u00c4idin ja tytt\u00e4ren ruokareseptej\u00e4 pellon laidalta \u2013","breadcrumb":{"@id":"https:\/\/hunaja.fi\/tuote\/olipa-kerran-keittiossa-anna-perho\/#breadcrumb"},"inLanguage":"ja","potentialAction":[{"@type":"ReadAction","target":["https:\/\/hunaja.fi\/tuote\/olipa-kerran-keittiossa-anna-perho\/"]}]},{"@type":"ImageObject","inLanguage":"ja","@id":"https:\/\/hunaja.fi\/tuote\/olipa-kerran-keittiossa-anna-perho\/#primaryimage","url":"https:\/\/hunaja.fi\/wp-content\/uploads\/2024\/01\/IMG_2534.jpg","contentUrl":"https:\/\/hunaja.fi\/wp-content\/uploads\/2024\/01\/IMG_2534.jpg","width":1196,"height":998},{"@type":"BreadcrumbList","@id":"https:\/\/hunaja.fi\/tuote\/olipa-kerran-keittiossa-anna-perho\/#breadcrumb","itemListElement":[{"@type":"ListItem","position":1,"name":"Etusivu","item":"https:\/\/hunaja.fi\/ja\/"},{"@type":"ListItem","position":2,"name":"Tuotteet","item":"https:\/\/hunaja.fi\/kauppapaikka\/tuotteet\/"},{"@type":"ListItem","position":3,"name":"Kirjallisuus","item":"https:\/\/hunaja.fi\/en\/tuote-osasto\/kirjallisuus\/"},{"@type":"ListItem","position":4,"name":"Olipa kerran keitti\u00f6ss\u00e4, Anna Perho"}]},{"@type":"WebSite","@id":"https:\/\/hunaja.fi\/#website","url":"https:\/\/hunaja.fi\/","name":"Hunajayhtym\u00e4 Oy","description":"Nature Loves Finnish Floral Honey","publisher":{"@id":"https:\/\/hunaja.fi\/#organization"},"potentialAction":[{"@type":"SearchAction","target":{"@type":"EntryPoint","urlTemplate":"https:\/\/hunaja.fi\/?s={search_term_string}"},"query-input":{"@type":"PropertyValueSpecification","valueRequired":true,"valueName":"search_term_string"}}],"inLanguage":"ja"},{"@type":"Organization","@id":"https:\/\/hunaja.fi\/#organization","name":"Hunajayhtym\u00e4 Oy","url":"https:\/\/hunaja.fi\/","logo":{"@type":"ImageObject","inLanguage":"ja","@id":"https:\/\/hunaja.fi\/#\/schema\/logo\/image\/","url":"https:\/\/hunaja.fi\/wp-content\/uploads\/2021\/07\/Hunajayhtyma_Logo_VAAKA_slogan_cmyk-01.png","contentUrl":"https:\/\/hunaja.fi\/wp-content\/uploads\/2021\/07\/Hunajayhtyma_Logo_VAAKA_slogan_cmyk-01.png","width":656,"height":242,"caption":"Hunajayhtym\u00e4 Oy"},"image":{"@id":"https:\/\/hunaja.fi\/#\/schema\/logo\/image\/"}}]}},"_links":{"self":[{"href":"https:\/\/hunaja.fi\/ja\/wp-json\/wp\/v2\/product\/44689","targetHints":{"allow":["GET"]}}],"collection":[{"href":"https:\/\/hunaja.fi\/ja\/wp-json\/wp\/v2\/product"}],"about":[{"href":"https:\/\/hunaja.fi\/ja\/wp-json\/wp\/v2\/types\/product"}],"wp:featuredmedia":[{"embeddable":true,"href":"https:\/\/hunaja.fi\/ja\/wp-json\/wp\/v2\/media\/44690"}],"wp:attachment":[{"href":"https:\/\/hunaja.fi\/ja\/wp-json\/wp\/v2\/media?parent=44689"}],"wp:term":[{"taxonomy":"product_brand","embeddable":true,"href":"https:\/\/hunaja.fi\/ja\/wp-json\/wp\/v2\/product_brand?post=44689"},{"taxonomy":"product_cat","embeddable":true,"href":"https:\/\/hunaja.fi\/ja\/wp-json\/wp\/v2\/product_cat?post=44689"},{"taxonomy":"product_tag","embeddable":true,"href":"https:\/\/hunaja.fi\/ja\/wp-json\/wp\/v2\/product_tag?post=44689"}],"curies":[{"name":"wp","href":"https:\/\/api.w.org\/{rel}","templated":true}]}}