{"id":42321,"date":"2023-06-19T09:22:18","date_gmt":"2023-06-19T06:22:18","guid":{"rendered":"https:\/\/hunaja.fi\/?post_type=product&#038;p=42321"},"modified":"2025-07-08T15:02:44","modified_gmt":"2025-07-08T12:02:44","slug":"kansietiketti-zoom-12-kpl-arkki","status":"publish","type":"product","link":"https:\/\/hunaja.fi\/ja\/tuote\/kansietiketti-zoom-12-kpl-arkki\/","title":{"rendered":"Kansietiketti Zoom, 12 kpl\/arkki"},"content":{"rendered":"<p>Yhden tarran halkaisija: 6,0 cm.<\/p>\n<p>Arkissa on 12 tarraa. Myyd\u00e4\u00e4n arkeittain.<\/p>\n","protected":false},"excerpt":{"rendered":"<p>Yhden tarran halkaisija: 6,0 cm. Arkissa on 12 tarraa.  [&hellip;]<\/p>\n","protected":false},"featured_media":42322,"template":"","meta":{"_acf_changed":false,"_improvement_type_select":"improve_an_existing","_thumb_yes_seoaic":false,"_frame_yes_seoaic":false,"seoaic_generate_description":"","seoaic_improve_instructions_prompt":"","seoaic_rollback_content_improvement":"","seoaic_idea_thumbnail_generator":"","thumbnail_generated":false,"thumbnail_generate_prompt":"","seoaic_article_description":"","site-sidebar-layout":"default","site-content-layout":"default","ast-site-content-layout":"default","site-content-style":"default","site-sidebar-style":"default","ast-global-header-display":"","ast-banner-title-visibility":"","ast-main-header-display":"","ast-hfb-above-header-display":"","ast-hfb-below-header-display":"","ast-hfb-mobile-header-display":"","site-post-title":"","ast-breadcrumbs-content":"","ast-featured-img":"","footer-sml-layout":"","ast-disable-related-posts":"","theme-transparent-header-meta":"default","adv-header-id-meta":"","stick-header-meta":"default","header-above-stick-meta":"","header-main-stick-meta":"","header-below-stick-meta":"","astra-migrate-meta-layouts":"default","ast-page-background-enabled":"default","ast-page-background-meta":{"desktop":{"background-color":"","background-image":"","background-repeat":"repeat","background-position":"center center","background-size":"auto","background-attachment":"scroll","background-type":"","background-media":"","overlay-type":"","overlay-color":"","overlay-opacity":"","overlay-gradient":""},"tablet":{"background-color":"","background-image":"","background-repeat":"repeat","background-position":"center center","background-size":"auto","background-attachment":"scroll","background-type":"","background-media":"","overlay-type":"","overlay-color":"","overlay-opacity":"","overlay-gradient":""},"mobile":{"background-color":"","background-image":"","background-repeat":"repeat","background-position":"center center","background-size":"auto","background-attachment":"scroll","background-type":"","background-media":"","overlay-type":"","overlay-color":"","overlay-opacity":"","overlay-gradient":""}},"ast-content-background-meta":{"desktop":{"background-color":"var(--ast-global-color-5)","background-image":"","background-repeat":"repeat","background-position":"center center","background-size":"auto","background-attachment":"scroll","background-type":"","background-media":"","overlay-type":"","overlay-color":"","overlay-opacity":"","overlay-gradient":""},"tablet":{"background-color":"var(--ast-global-color-5)","background-image":"","background-repeat":"repeat","background-position":"center center","background-size":"auto","background-attachment":"scroll","background-type":"","background-media":"","overlay-type":"","overlay-color":"","overlay-opacity":"","overlay-gradient":""},"mobile":{"background-color":"var(--ast-global-color-5)","background-image":"","background-repeat":"repeat","background-position":"center center","background-size":"auto","background-attachment":"scroll","background-type":"","background-media":"","overlay-type":"","overlay-color":"","overlay-opacity":"","overlay-gradient":""}}},"product_brand":[],"product_cat":[1403,1660,1534],"product_tag":[],"class_list":{"0":"post-42321","1":"product","2":"type-product","3":"status-publish","4":"has-post-thumbnail","6":"product_cat-etiketit-ja-tarrat","7":"product_cat-etiketit-omalla-ean-koodilla","8":"product_cat-kansietiketit","9":"desktop-align-center","10":"tablet-align-center","11":"mobile-align-center","12":"ast-product-gallery-layout-horizontal","13":"ast-product-gallery-with-no-image","14":"ast-magnify-disabled","15":"ast-product-tabs-layout-horizontal","17":"first","18":"instock","19":"shipping-taxable","20":"purchasable","21":"product-type-simple"},"acf":[],"yoast_head":"<!-- This site is optimized with the Yoast SEO plugin v26.7 - https:\/\/yoast.com\/wordpress\/plugins\/seo\/ -->\n<title>Kansietiketti Zoom, 12 kpl\/arkki - Hunajayhtym\u00e4 Oy<\/title>\n<meta name=\"description\" content=\"Yhden tarran halkaisija: 6,0 cm.  Arkissa on 12 tarraa. Myyd\u00e4\u00e4n arkeittain.\" \/>\n<meta name=\"robots\" content=\"index, follow, max-snippet:-1, max-image-preview:large, max-video-preview:-1\" \/>\n<link rel=\"canonical\" href=\"https:\/\/hunaja.fi\/tuote\/kansietiketti-zoom-12-kpl-arkki\/\" \/>\n<meta property=\"og:locale\" content=\"ja_JP\" \/>\n<meta property=\"og:type\" content=\"article\" \/>\n<meta property=\"og:title\" content=\"Kansietiketti Zoom, 12 kpl\/arkki - Hunajayhtym\u00e4 Oy\" \/>\n<meta property=\"og:description\" content=\"Yhden tarran halkaisija: 6,0 cm.  Arkissa on 12 tarraa. Myyd\u00e4\u00e4n arkeittain.\" \/>\n<meta property=\"og:url\" content=\"https:\/\/hunaja.fi\/tuote\/kansietiketti-zoom-12-kpl-arkki\/\" \/>\n<meta property=\"og:site_name\" content=\"Hunajayhtym\u00e4 Oy\" \/>\n<meta property=\"article:modified_time\" content=\"2025-07-08T12:02:44+00:00\" \/>\n<meta property=\"og:image\" content=\"https:\/\/hunaja.fi\/wp-content\/uploads\/2023\/06\/yksi_kenno.png\" \/>\n\t<meta property=\"og:image:width\" content=\"766\" \/>\n\t<meta property=\"og:image:height\" content=\"766\" \/>\n\t<meta property=\"og:image:type\" content=\"image\/png\" \/>\n<meta name=\"twitter:card\" content=\"summary_large_image\" \/>\n<meta name=\"twitter:label1\" content=\"\u63a8\u5b9a\u8aad\u307f\u53d6\u308a\u6642\u9593\" \/>\n\t<meta name=\"twitter:data1\" content=\"1\u5206\" \/>\n<script type=\"application\/ld+json\" class=\"yoast-schema-graph\">{\"@context\":\"https:\/\/schema.org\",\"@graph\":[{\"@type\":\"WebPage\",\"@id\":\"https:\/\/hunaja.fi\/tuote\/kansietiketti-zoom-12-kpl-arkki\/\",\"url\":\"https:\/\/hunaja.fi\/tuote\/kansietiketti-zoom-12-kpl-arkki\/\",\"name\":\"Kansietiketti Zoom, 12 kpl\/arkki - Hunajayhtym\u00e4 Oy\",\"isPartOf\":{\"@id\":\"https:\/\/hunaja.fi\/#website\"},\"primaryImageOfPage\":{\"@id\":\"https:\/\/hunaja.fi\/tuote\/kansietiketti-zoom-12-kpl-arkki\/#primaryimage\"},\"image\":{\"@id\":\"https:\/\/hunaja.fi\/tuote\/kansietiketti-zoom-12-kpl-arkki\/#primaryimage\"},\"thumbnailUrl\":\"https:\/\/hunaja.fi\/wp-content\/uploads\/2023\/06\/yksi_kenno.png\",\"datePublished\":\"2023-06-19T06:22:18+00:00\",\"dateModified\":\"2025-07-08T12:02:44+00:00\",\"description\":\"Yhden tarran halkaisija: 6,0 cm. Arkissa on 12 tarraa. Myyd\u00e4\u00e4n arkeittain.\",\"breadcrumb\":{\"@id\":\"https:\/\/hunaja.fi\/tuote\/kansietiketti-zoom-12-kpl-arkki\/#breadcrumb\"},\"inLanguage\":\"ja\",\"potentialAction\":[{\"@type\":\"ReadAction\",\"target\":[\"https:\/\/hunaja.fi\/tuote\/kansietiketti-zoom-12-kpl-arkki\/\"]}]},{\"@type\":\"ImageObject\",\"inLanguage\":\"ja\",\"@id\":\"https:\/\/hunaja.fi\/tuote\/kansietiketti-zoom-12-kpl-arkki\/#primaryimage\",\"url\":\"https:\/\/hunaja.fi\/wp-content\/uploads\/2023\/06\/yksi_kenno.png\",\"contentUrl\":\"https:\/\/hunaja.fi\/wp-content\/uploads\/2023\/06\/yksi_kenno.png\",\"width\":766,\"height\":766},{\"@type\":\"BreadcrumbList\",\"@id\":\"https:\/\/hunaja.fi\/tuote\/kansietiketti-zoom-12-kpl-arkki\/#breadcrumb\",\"itemListElement\":[{\"@type\":\"ListItem\",\"position\":1,\"name\":\"Etusivu\",\"item\":\"https:\/\/hunaja.fi\/ja\/\"},{\"@type\":\"ListItem\",\"position\":2,\"name\":\"Tuotteet\",\"item\":\"https:\/\/hunaja.fi\/kauppapaikka\/tuotteet\/\"},{\"@type\":\"ListItem\",\"position\":3,\"name\":\"Etiketit ja tarrat\",\"item\":\"https:\/\/hunaja.fi\/tuote-osasto\/etiketit-ja-tarrat\/\"},{\"@type\":\"ListItem\",\"position\":4,\"name\":\"Kansietiketit\/sinetit\",\"item\":\"https:\/\/hunaja.fi\/tuote-osasto\/etiketit-ja-tarrat\/kansietiketit\/\"},{\"@type\":\"ListItem\",\"position\":5,\"name\":\"Kansietiketti Zoom, 12 kpl\/arkki\"}]},{\"@type\":\"WebSite\",\"@id\":\"https:\/\/hunaja.fi\/#website\",\"url\":\"https:\/\/hunaja.fi\/\",\"name\":\"Hunajayhtym\u00e4 Oy\",\"description\":\"Nature Loves Finnish Floral Honey\",\"publisher\":{\"@id\":\"https:\/\/hunaja.fi\/#organization\"},\"potentialAction\":[{\"@type\":\"SearchAction\",\"target\":{\"@type\":\"EntryPoint\",\"urlTemplate\":\"https:\/\/hunaja.fi\/?s={search_term_string}\"},\"query-input\":{\"@type\":\"PropertyValueSpecification\",\"valueRequired\":true,\"valueName\":\"search_term_string\"}}],\"inLanguage\":\"ja\"},{\"@type\":\"Organization\",\"@id\":\"https:\/\/hunaja.fi\/#organization\",\"name\":\"Hunajayhtym\u00e4 Oy\",\"url\":\"https:\/\/hunaja.fi\/\",\"logo\":{\"@type\":\"ImageObject\",\"inLanguage\":\"ja\",\"@id\":\"https:\/\/hunaja.fi\/#\/schema\/logo\/image\/\",\"url\":\"https:\/\/hunaja.fi\/wp-content\/uploads\/2021\/07\/Hunajayhtyma_Logo_VAAKA_slogan_cmyk-01.png\",\"contentUrl\":\"https:\/\/hunaja.fi\/wp-content\/uploads\/2021\/07\/Hunajayhtyma_Logo_VAAKA_slogan_cmyk-01.png\",\"width\":656,\"height\":242,\"caption\":\"Hunajayhtym\u00e4 Oy\"},\"image\":{\"@id\":\"https:\/\/hunaja.fi\/#\/schema\/logo\/image\/\"}}]}<\/script>\n<!-- \/ Yoast SEO plugin. -->","yoast_head_json":{"title":"Kansietiketti Zoom, 12 kpl\/arkki - Hunajayhtym\u00e4 Oy","description":"Yhden tarran halkaisija: 6,0 cm.  Arkissa on 12 tarraa. Myyd\u00e4\u00e4n arkeittain.","robots":{"index":"index","follow":"follow","max-snippet":"max-snippet:-1","max-image-preview":"max-image-preview:large","max-video-preview":"max-video-preview:-1"},"canonical":"https:\/\/hunaja.fi\/tuote\/kansietiketti-zoom-12-kpl-arkki\/","og_locale":"ja_JP","og_type":"article","og_title":"Kansietiketti Zoom, 12 kpl\/arkki - Hunajayhtym\u00e4 Oy","og_description":"Yhden tarran halkaisija: 6,0 cm.  Arkissa on 12 tarraa. Myyd\u00e4\u00e4n arkeittain.","og_url":"https:\/\/hunaja.fi\/tuote\/kansietiketti-zoom-12-kpl-arkki\/","og_site_name":"Hunajayhtym\u00e4 Oy","article_modified_time":"2025-07-08T12:02:44+00:00","og_image":[{"width":766,"height":766,"url":"https:\/\/hunaja.fi\/wp-content\/uploads\/2023\/06\/yksi_kenno.png","type":"image\/png"}],"twitter_card":"summary_large_image","twitter_misc":{"\u63a8\u5b9a\u8aad\u307f\u53d6\u308a\u6642\u9593":"1\u5206"},"schema":{"@context":"https:\/\/schema.org","@graph":[{"@type":"WebPage","@id":"https:\/\/hunaja.fi\/tuote\/kansietiketti-zoom-12-kpl-arkki\/","url":"https:\/\/hunaja.fi\/tuote\/kansietiketti-zoom-12-kpl-arkki\/","name":"Kansietiketti Zoom, 12 kpl\/arkki - Hunajayhtym\u00e4 Oy","isPartOf":{"@id":"https:\/\/hunaja.fi\/#website"},"primaryImageOfPage":{"@id":"https:\/\/hunaja.fi\/tuote\/kansietiketti-zoom-12-kpl-arkki\/#primaryimage"},"image":{"@id":"https:\/\/hunaja.fi\/tuote\/kansietiketti-zoom-12-kpl-arkki\/#primaryimage"},"thumbnailUrl":"https:\/\/hunaja.fi\/wp-content\/uploads\/2023\/06\/yksi_kenno.png","datePublished":"2023-06-19T06:22:18+00:00","dateModified":"2025-07-08T12:02:44+00:00","description":"Yhden tarran halkaisija: 6,0 cm. Arkissa on 12 tarraa. Myyd\u00e4\u00e4n arkeittain.","breadcrumb":{"@id":"https:\/\/hunaja.fi\/tuote\/kansietiketti-zoom-12-kpl-arkki\/#breadcrumb"},"inLanguage":"ja","potentialAction":[{"@type":"ReadAction","target":["https:\/\/hunaja.fi\/tuote\/kansietiketti-zoom-12-kpl-arkki\/"]}]},{"@type":"ImageObject","inLanguage":"ja","@id":"https:\/\/hunaja.fi\/tuote\/kansietiketti-zoom-12-kpl-arkki\/#primaryimage","url":"https:\/\/hunaja.fi\/wp-content\/uploads\/2023\/06\/yksi_kenno.png","contentUrl":"https:\/\/hunaja.fi\/wp-content\/uploads\/2023\/06\/yksi_kenno.png","width":766,"height":766},{"@type":"BreadcrumbList","@id":"https:\/\/hunaja.fi\/tuote\/kansietiketti-zoom-12-kpl-arkki\/#breadcrumb","itemListElement":[{"@type":"ListItem","position":1,"name":"Etusivu","item":"https:\/\/hunaja.fi\/ja\/"},{"@type":"ListItem","position":2,"name":"Tuotteet","item":"https:\/\/hunaja.fi\/kauppapaikka\/tuotteet\/"},{"@type":"ListItem","position":3,"name":"Etiketit ja tarrat","item":"https:\/\/hunaja.fi\/tuote-osasto\/etiketit-ja-tarrat\/"},{"@type":"ListItem","position":4,"name":"Kansietiketit\/sinetit","item":"https:\/\/hunaja.fi\/tuote-osasto\/etiketit-ja-tarrat\/kansietiketit\/"},{"@type":"ListItem","position":5,"name":"Kansietiketti Zoom, 12 kpl\/arkki"}]},{"@type":"WebSite","@id":"https:\/\/hunaja.fi\/#website","url":"https:\/\/hunaja.fi\/","name":"Hunajayhtym\u00e4 Oy","description":"Nature Loves Finnish Floral Honey","publisher":{"@id":"https:\/\/hunaja.fi\/#organization"},"potentialAction":[{"@type":"SearchAction","target":{"@type":"EntryPoint","urlTemplate":"https:\/\/hunaja.fi\/?s={search_term_string}"},"query-input":{"@type":"PropertyValueSpecification","valueRequired":true,"valueName":"search_term_string"}}],"inLanguage":"ja"},{"@type":"Organization","@id":"https:\/\/hunaja.fi\/#organization","name":"Hunajayhtym\u00e4 Oy","url":"https:\/\/hunaja.fi\/","logo":{"@type":"ImageObject","inLanguage":"ja","@id":"https:\/\/hunaja.fi\/#\/schema\/logo\/image\/","url":"https:\/\/hunaja.fi\/wp-content\/uploads\/2021\/07\/Hunajayhtyma_Logo_VAAKA_slogan_cmyk-01.png","contentUrl":"https:\/\/hunaja.fi\/wp-content\/uploads\/2021\/07\/Hunajayhtyma_Logo_VAAKA_slogan_cmyk-01.png","width":656,"height":242,"caption":"Hunajayhtym\u00e4 Oy"},"image":{"@id":"https:\/\/hunaja.fi\/#\/schema\/logo\/image\/"}}]}},"_links":{"self":[{"href":"https:\/\/hunaja.fi\/ja\/wp-json\/wp\/v2\/product\/42321","targetHints":{"allow":["GET"]}}],"collection":[{"href":"https:\/\/hunaja.fi\/ja\/wp-json\/wp\/v2\/product"}],"about":[{"href":"https:\/\/hunaja.fi\/ja\/wp-json\/wp\/v2\/types\/product"}],"wp:featuredmedia":[{"embeddable":true,"href":"https:\/\/hunaja.fi\/ja\/wp-json\/wp\/v2\/media\/42322"}],"wp:attachment":[{"href":"https:\/\/hunaja.fi\/ja\/wp-json\/wp\/v2\/media?parent=42321"}],"wp:term":[{"taxonomy":"product_brand","embeddable":true,"href":"https:\/\/hunaja.fi\/ja\/wp-json\/wp\/v2\/product_brand?post=42321"},{"taxonomy":"product_cat","embeddable":true,"href":"https:\/\/hunaja.fi\/ja\/wp-json\/wp\/v2\/product_cat?post=42321"},{"taxonomy":"product_tag","embeddable":true,"href":"https:\/\/hunaja.fi\/ja\/wp-json\/wp\/v2\/product_tag?post=42321"}],"curies":[{"name":"wp","href":"https:\/\/api.w.org\/{rel}","templated":true}]}}