{"id":30472,"date":"2021-09-27T13:25:59","date_gmt":"2021-09-27T10:25:59","guid":{"rendered":"https:\/\/hunaja.fi\/?post_type=product&#038;p=30472"},"modified":"2023-01-10T12:00:33","modified_gmt":"2023-01-10T10:00:33","slug":"hunajayhtyman-kuhnuri-pipo","status":"publish","type":"product","link":"https:\/\/hunaja.fi\/ja\/tuote\/hunajayhtyman-kuhnuri-pipo\/","title":{"rendered":"Hunajayhtym\u00e4n Kuhnuri -pipo"},"content":{"rendered":"<p><strong>Hunajayhtym\u00e4n Kuhnuri -pipo<\/strong><\/p>\n<p>RECYCLED TAITETTAVA PIPO<\/p>\n<p>Vastuullisesti kierr\u00e4tysmateriaalista valmistettu pirtsakka pipo viileisiin s\u00e4ihin. T\u00e4ll\u00e4 istuvalla ja tyylikk\u00e4\u00e4ll\u00e4 pipolla kerrot kaikille olevasi se mehil\u00e4ispes\u00e4n koiras. Kuhnuri on Aidon hyv\u00e4n asialla ja kannustaa kaikkia hunajan kulutuksen kasvattamiseen. Kuhnuri tunnetaan eri pesiss\u00e4 kiertelev\u00e4st\u00e4 el\u00e4m\u00e4ntavastaan ja mehil\u00e4iskuningattarien houkuttelusta.<\/p>\n<p>&nbsp;<\/p>\n<p>T\u00e4m\u00e4 pipo sopii paitsi itsellesi my\u00f6s oivallisesti lahjaksi kaverille tai l\u00e4heiselle, joka on ansainnut passaamisesta nautiskelevan kuhnurin tittelin.<\/p>\n<p>&nbsp;<\/p>\n<ul>\n<li>100 % kierr\u00e4tetty\u00e4 polyesteri\u00e4<\/li>\n<li>Kaksinkertainen kudonta<\/li>\n<li>Voidaan k\u00e4ytt\u00e4\u00e4 pitk\u00e4n\u00e4 tai taitettuna<\/li>\n<li>Irrotettava tuotelappu<\/li>\n<\/ul>\n<p>Muut Hunajayhtym\u00e4n Aidon hyv\u00e4n tekij\u00e4 \u2013 tuoteperheen tuotteet l\u00f6yd\u00e4t hakusanalla verkkokaupastamme.<\/p>\n","protected":false},"excerpt":{"rendered":"<p>Hunajayhtym\u00e4n Kuhnuri -pipo RECYCLED TAITETTAVA PIPO Va [&hellip;]<\/p>\n","protected":false},"featured_media":30455,"template":"","meta":{"_acf_changed":false,"_improvement_type_select":"improve_an_existing","_thumb_yes_seoaic":false,"_frame_yes_seoaic":false,"seoaic_generate_description":"","seoaic_improve_instructions_prompt":"","seoaic_rollback_content_improvement":"","seoaic_idea_thumbnail_generator":"","thumbnail_generated":false,"thumbnail_generate_prompt":"","seoaic_article_description":"","site-sidebar-layout":"default","site-content-layout":"default","ast-site-content-layout":"default","site-content-style":"default","site-sidebar-style":"default","ast-global-header-display":"","ast-banner-title-visibility":"","ast-main-header-display":"","ast-hfb-above-header-display":"","ast-hfb-below-header-display":"","ast-hfb-mobile-header-display":"","site-post-title":"","ast-breadcrumbs-content":"","ast-featured-img":"","footer-sml-layout":"","ast-disable-related-posts":"","theme-transparent-header-meta":"default","adv-header-id-meta":"","stick-header-meta":"default","header-above-stick-meta":"","header-main-stick-meta":"","header-below-stick-meta":"","astra-migrate-meta-layouts":"default","ast-page-background-enabled":"default","ast-page-background-meta":{"desktop":{"background-color":"","background-image":"","background-repeat":"repeat","background-position":"center center","background-size":"auto","background-attachment":"scroll","background-type":"","background-media":"","overlay-type":"","overlay-color":"","overlay-opacity":"","overlay-gradient":""},"tablet":{"background-color":"","background-image":"","background-repeat":"repeat","background-position":"center center","background-size":"auto","background-attachment":"scroll","background-type":"","background-media":"","overlay-type":"","overlay-color":"","overlay-opacity":"","overlay-gradient":""},"mobile":{"background-color":"","background-image":"","background-repeat":"repeat","background-position":"center center","background-size":"auto","background-attachment":"scroll","background-type":"","background-media":"","overlay-type":"","overlay-color":"","overlay-opacity":"","overlay-gradient":""}},"ast-content-background-meta":{"desktop":{"background-color":"var(--ast-global-color-5)","background-image":"","background-repeat":"repeat","background-position":"center center","background-size":"auto","background-attachment":"scroll","background-type":"","background-media":"","overlay-type":"","overlay-color":"","overlay-opacity":"","overlay-gradient":""},"tablet":{"background-color":"var(--ast-global-color-5)","background-image":"","background-repeat":"repeat","background-position":"center center","background-size":"auto","background-attachment":"scroll","background-type":"","background-media":"","overlay-type":"","overlay-color":"","overlay-opacity":"","overlay-gradient":""},"mobile":{"background-color":"var(--ast-global-color-5)","background-image":"","background-repeat":"repeat","background-position":"center center","background-size":"auto","background-attachment":"scroll","background-type":"","background-media":"","overlay-type":"","overlay-color":"","overlay-opacity":"","overlay-gradient":""}}},"product_brand":[],"product_cat":[2052,2056,565],"product_tag":[],"class_list":{"0":"post-30472","1":"product","2":"type-product","3":"status-publish","4":"has-post-thumbnail","6":"product_cat-aidon_hyvan_tekija","7":"product_cat-vaatetus","8":"product_cat-mainosmateriaali","9":"desktop-align-center","10":"tablet-align-center","11":"mobile-align-center","12":"ast-product-gallery-layout-horizontal","13":"ast-magnify-disabled","14":"ast-product-tabs-layout-horizontal","16":"first","17":"instock","18":"shipping-taxable","19":"purchasable","20":"product-type-simple"},"acf":[],"yoast_head":"<!-- This site is optimized with the Yoast SEO plugin v26.7 - https:\/\/yoast.com\/wordpress\/plugins\/seo\/ -->\n<title>Hunajayhtym\u00e4n Kuhnuri -pipo - Hunajayhtym\u00e4 Oy<\/title>\n<meta name=\"description\" content=\"Hunajayhtym\u00e4n Kuhnuri -pipo RECYCLED TAITETTAVA PIPO Vastuullisesti\" \/>\n<meta name=\"robots\" content=\"index, follow, max-snippet:-1, max-image-preview:large, max-video-preview:-1\" \/>\n<link rel=\"canonical\" href=\"https:\/\/hunaja.fi\/tuote\/hunajayhtyman-kuhnuri-pipo\/\" \/>\n<meta property=\"og:locale\" content=\"ja_JP\" \/>\n<meta property=\"og:type\" content=\"article\" \/>\n<meta property=\"og:title\" content=\"Hunajayhtym\u00e4n Kuhnuri -pipo - Hunajayhtym\u00e4 Oy\" \/>\n<meta property=\"og:description\" content=\"Hunajayhtym\u00e4n Kuhnuri -pipo RECYCLED TAITETTAVA PIPO Vastuullisesti\" \/>\n<meta property=\"og:url\" content=\"https:\/\/hunaja.fi\/tuote\/hunajayhtyman-kuhnuri-pipo\/\" \/>\n<meta property=\"og:site_name\" content=\"Hunajayhtym\u00e4 Oy\" \/>\n<meta property=\"article:modified_time\" content=\"2023-01-10T10:00:33+00:00\" \/>\n<meta property=\"og:image\" content=\"https:\/\/hunaja.fi\/wp-content\/uploads\/2021\/09\/kuhnuripipo.jpg\" \/>\n\t<meta property=\"og:image:width\" content=\"2316\" \/>\n\t<meta property=\"og:image:height\" content=\"2316\" \/>\n\t<meta property=\"og:image:type\" content=\"image\/jpeg\" \/>\n<meta name=\"twitter:card\" content=\"summary_large_image\" \/>\n<meta name=\"twitter:label1\" content=\"\u63a8\u5b9a\u8aad\u307f\u53d6\u308a\u6642\u9593\" \/>\n\t<meta name=\"twitter:data1\" content=\"1\u5206\" \/>\n<script type=\"application\/ld+json\" class=\"yoast-schema-graph\">{\"@context\":\"https:\/\/schema.org\",\"@graph\":[{\"@type\":\"WebPage\",\"@id\":\"https:\/\/hunaja.fi\/tuote\/hunajayhtyman-kuhnuri-pipo\/\",\"url\":\"https:\/\/hunaja.fi\/tuote\/hunajayhtyman-kuhnuri-pipo\/\",\"name\":\"Hunajayhtym\u00e4n Kuhnuri -pipo - Hunajayhtym\u00e4 Oy\",\"isPartOf\":{\"@id\":\"https:\/\/hunaja.fi\/#website\"},\"primaryImageOfPage\":{\"@id\":\"https:\/\/hunaja.fi\/tuote\/hunajayhtyman-kuhnuri-pipo\/#primaryimage\"},\"image\":{\"@id\":\"https:\/\/hunaja.fi\/tuote\/hunajayhtyman-kuhnuri-pipo\/#primaryimage\"},\"thumbnailUrl\":\"https:\/\/hunaja.fi\/wp-content\/uploads\/2021\/09\/kuhnuripipo.jpg\",\"datePublished\":\"2021-09-27T10:25:59+00:00\",\"dateModified\":\"2023-01-10T10:00:33+00:00\",\"description\":\"Hunajayhtym\u00e4n Kuhnuri -pipo RECYCLED TAITETTAVA PIPO Vastuullisesti\",\"breadcrumb\":{\"@id\":\"https:\/\/hunaja.fi\/tuote\/hunajayhtyman-kuhnuri-pipo\/#breadcrumb\"},\"inLanguage\":\"ja\",\"potentialAction\":[{\"@type\":\"ReadAction\",\"target\":[\"https:\/\/hunaja.fi\/tuote\/hunajayhtyman-kuhnuri-pipo\/\"]}]},{\"@type\":\"ImageObject\",\"inLanguage\":\"ja\",\"@id\":\"https:\/\/hunaja.fi\/tuote\/hunajayhtyman-kuhnuri-pipo\/#primaryimage\",\"url\":\"https:\/\/hunaja.fi\/wp-content\/uploads\/2021\/09\/kuhnuripipo.jpg\",\"contentUrl\":\"https:\/\/hunaja.fi\/wp-content\/uploads\/2021\/09\/kuhnuripipo.jpg\",\"width\":2316,\"height\":2316},{\"@type\":\"BreadcrumbList\",\"@id\":\"https:\/\/hunaja.fi\/tuote\/hunajayhtyman-kuhnuri-pipo\/#breadcrumb\",\"itemListElement\":[{\"@type\":\"ListItem\",\"position\":1,\"name\":\"Etusivu\",\"item\":\"https:\/\/hunaja.fi\/ja\/\"},{\"@type\":\"ListItem\",\"position\":2,\"name\":\"Tuotteet\",\"item\":\"https:\/\/hunaja.fi\/kauppapaikka\/tuotteet\/\"},{\"@type\":\"ListItem\",\"position\":3,\"name\":\"Mainosmateriaali\",\"item\":\"https:\/\/hunaja.fi\/tuote-osasto\/mainosmateriaali\/\"},{\"@type\":\"ListItem\",\"position\":4,\"name\":\"Hunajayhtym\u00e4n Kuhnuri -pipo\"}]},{\"@type\":\"WebSite\",\"@id\":\"https:\/\/hunaja.fi\/#website\",\"url\":\"https:\/\/hunaja.fi\/\",\"name\":\"Hunajayhtym\u00e4 Oy\",\"description\":\"Nature Loves Finnish Floral Honey\",\"publisher\":{\"@id\":\"https:\/\/hunaja.fi\/#organization\"},\"potentialAction\":[{\"@type\":\"SearchAction\",\"target\":{\"@type\":\"EntryPoint\",\"urlTemplate\":\"https:\/\/hunaja.fi\/?s={search_term_string}\"},\"query-input\":{\"@type\":\"PropertyValueSpecification\",\"valueRequired\":true,\"valueName\":\"search_term_string\"}}],\"inLanguage\":\"ja\"},{\"@type\":\"Organization\",\"@id\":\"https:\/\/hunaja.fi\/#organization\",\"name\":\"Hunajayhtym\u00e4 Oy\",\"url\":\"https:\/\/hunaja.fi\/\",\"logo\":{\"@type\":\"ImageObject\",\"inLanguage\":\"ja\",\"@id\":\"https:\/\/hunaja.fi\/#\/schema\/logo\/image\/\",\"url\":\"https:\/\/hunaja.fi\/wp-content\/uploads\/2021\/07\/Hunajayhtyma_Logo_VAAKA_slogan_cmyk-01.png\",\"contentUrl\":\"https:\/\/hunaja.fi\/wp-content\/uploads\/2021\/07\/Hunajayhtyma_Logo_VAAKA_slogan_cmyk-01.png\",\"width\":656,\"height\":242,\"caption\":\"Hunajayhtym\u00e4 Oy\"},\"image\":{\"@id\":\"https:\/\/hunaja.fi\/#\/schema\/logo\/image\/\"}}]}<\/script>\n<!-- \/ Yoast SEO plugin. -->","yoast_head_json":{"title":"Hunajayhtym\u00e4n Kuhnuri -pipo - Hunajayhtym\u00e4 Oy","description":"Hunajayhtym\u00e4n Kuhnuri -pipo RECYCLED TAITETTAVA PIPO Vastuullisesti","robots":{"index":"index","follow":"follow","max-snippet":"max-snippet:-1","max-image-preview":"max-image-preview:large","max-video-preview":"max-video-preview:-1"},"canonical":"https:\/\/hunaja.fi\/tuote\/hunajayhtyman-kuhnuri-pipo\/","og_locale":"ja_JP","og_type":"article","og_title":"Hunajayhtym\u00e4n Kuhnuri -pipo - Hunajayhtym\u00e4 Oy","og_description":"Hunajayhtym\u00e4n Kuhnuri -pipo RECYCLED TAITETTAVA PIPO Vastuullisesti","og_url":"https:\/\/hunaja.fi\/tuote\/hunajayhtyman-kuhnuri-pipo\/","og_site_name":"Hunajayhtym\u00e4 Oy","article_modified_time":"2023-01-10T10:00:33+00:00","og_image":[{"width":2316,"height":2316,"url":"https:\/\/hunaja.fi\/wp-content\/uploads\/2021\/09\/kuhnuripipo.jpg","type":"image\/jpeg"}],"twitter_card":"summary_large_image","twitter_misc":{"\u63a8\u5b9a\u8aad\u307f\u53d6\u308a\u6642\u9593":"1\u5206"},"schema":{"@context":"https:\/\/schema.org","@graph":[{"@type":"WebPage","@id":"https:\/\/hunaja.fi\/tuote\/hunajayhtyman-kuhnuri-pipo\/","url":"https:\/\/hunaja.fi\/tuote\/hunajayhtyman-kuhnuri-pipo\/","name":"Hunajayhtym\u00e4n Kuhnuri -pipo - Hunajayhtym\u00e4 Oy","isPartOf":{"@id":"https:\/\/hunaja.fi\/#website"},"primaryImageOfPage":{"@id":"https:\/\/hunaja.fi\/tuote\/hunajayhtyman-kuhnuri-pipo\/#primaryimage"},"image":{"@id":"https:\/\/hunaja.fi\/tuote\/hunajayhtyman-kuhnuri-pipo\/#primaryimage"},"thumbnailUrl":"https:\/\/hunaja.fi\/wp-content\/uploads\/2021\/09\/kuhnuripipo.jpg","datePublished":"2021-09-27T10:25:59+00:00","dateModified":"2023-01-10T10:00:33+00:00","description":"Hunajayhtym\u00e4n Kuhnuri -pipo RECYCLED TAITETTAVA PIPO Vastuullisesti","breadcrumb":{"@id":"https:\/\/hunaja.fi\/tuote\/hunajayhtyman-kuhnuri-pipo\/#breadcrumb"},"inLanguage":"ja","potentialAction":[{"@type":"ReadAction","target":["https:\/\/hunaja.fi\/tuote\/hunajayhtyman-kuhnuri-pipo\/"]}]},{"@type":"ImageObject","inLanguage":"ja","@id":"https:\/\/hunaja.fi\/tuote\/hunajayhtyman-kuhnuri-pipo\/#primaryimage","url":"https:\/\/hunaja.fi\/wp-content\/uploads\/2021\/09\/kuhnuripipo.jpg","contentUrl":"https:\/\/hunaja.fi\/wp-content\/uploads\/2021\/09\/kuhnuripipo.jpg","width":2316,"height":2316},{"@type":"BreadcrumbList","@id":"https:\/\/hunaja.fi\/tuote\/hunajayhtyman-kuhnuri-pipo\/#breadcrumb","itemListElement":[{"@type":"ListItem","position":1,"name":"Etusivu","item":"https:\/\/hunaja.fi\/ja\/"},{"@type":"ListItem","position":2,"name":"Tuotteet","item":"https:\/\/hunaja.fi\/kauppapaikka\/tuotteet\/"},{"@type":"ListItem","position":3,"name":"Mainosmateriaali","item":"https:\/\/hunaja.fi\/tuote-osasto\/mainosmateriaali\/"},{"@type":"ListItem","position":4,"name":"Hunajayhtym\u00e4n Kuhnuri -pipo"}]},{"@type":"WebSite","@id":"https:\/\/hunaja.fi\/#website","url":"https:\/\/hunaja.fi\/","name":"Hunajayhtym\u00e4 Oy","description":"Nature Loves Finnish Floral Honey","publisher":{"@id":"https:\/\/hunaja.fi\/#organization"},"potentialAction":[{"@type":"SearchAction","target":{"@type":"EntryPoint","urlTemplate":"https:\/\/hunaja.fi\/?s={search_term_string}"},"query-input":{"@type":"PropertyValueSpecification","valueRequired":true,"valueName":"search_term_string"}}],"inLanguage":"ja"},{"@type":"Organization","@id":"https:\/\/hunaja.fi\/#organization","name":"Hunajayhtym\u00e4 Oy","url":"https:\/\/hunaja.fi\/","logo":{"@type":"ImageObject","inLanguage":"ja","@id":"https:\/\/hunaja.fi\/#\/schema\/logo\/image\/","url":"https:\/\/hunaja.fi\/wp-content\/uploads\/2021\/07\/Hunajayhtyma_Logo_VAAKA_slogan_cmyk-01.png","contentUrl":"https:\/\/hunaja.fi\/wp-content\/uploads\/2021\/07\/Hunajayhtyma_Logo_VAAKA_slogan_cmyk-01.png","width":656,"height":242,"caption":"Hunajayhtym\u00e4 Oy"},"image":{"@id":"https:\/\/hunaja.fi\/#\/schema\/logo\/image\/"}}]}},"_links":{"self":[{"href":"https:\/\/hunaja.fi\/ja\/wp-json\/wp\/v2\/product\/30472","targetHints":{"allow":["GET"]}}],"collection":[{"href":"https:\/\/hunaja.fi\/ja\/wp-json\/wp\/v2\/product"}],"about":[{"href":"https:\/\/hunaja.fi\/ja\/wp-json\/wp\/v2\/types\/product"}],"wp:featuredmedia":[{"embeddable":true,"href":"https:\/\/hunaja.fi\/ja\/wp-json\/wp\/v2\/media\/30455"}],"wp:attachment":[{"href":"https:\/\/hunaja.fi\/ja\/wp-json\/wp\/v2\/media?parent=30472"}],"wp:term":[{"taxonomy":"product_brand","embeddable":true,"href":"https:\/\/hunaja.fi\/ja\/wp-json\/wp\/v2\/product_brand?post=30472"},{"taxonomy":"product_cat","embeddable":true,"href":"https:\/\/hunaja.fi\/ja\/wp-json\/wp\/v2\/product_cat?post=30472"},{"taxonomy":"product_tag","embeddable":true,"href":"https:\/\/hunaja.fi\/ja\/wp-json\/wp\/v2\/product_tag?post=30472"}],"curies":[{"name":"wp","href":"https:\/\/api.w.org\/{rel}","templated":true}]}}