{"id":2775,"date":"2013-11-22T00:00:00","date_gmt":"2013-11-21T22:00:00","guid":{"rendered":"https:\/\/www.hunaja.fi\/tuote\/mehilaiskarkote-bienen-jet\/"},"modified":"2026-03-26T12:36:11","modified_gmt":"2026-03-26T10:36:11","slug":"mehilaiskarkote-bienen-jet","status":"publish","type":"product","link":"https:\/\/hunaja.fi\/ja\/tuote\/mehilaiskarkote-bienen-jet\/","title":{"rendered":"Mehil\u00e4iskarkote Bienen-Jet"},"content":{"rendered":"<p>Mehil\u00e4iskarkoite 300 ml. Toimii vaihtoehtona savulle.\u00a0 Hyv\u00e4 k\u00e4ytt\u00e4\u00e4 nopeissa pes\u00e4k\u00e4ynneiss\u00e4, helppo kuljettaa mukana. Ei palovaaraa. Voit k\u00e4ytt\u00e4\u00e4 tuotetta my\u00f6s k\u00e4sineiden tai vaatteiden p\u00e4\u00e4lle. Toimii hyvin pesien saneerauksissa, koska ei innosta mehil\u00e4isi\u00e4 sy\u00f6m\u00e4\u00e4n hunajaa, kuten savua k\u00e4ytett\u00e4ess\u00e4. T\u00e4ll\u00f6in pesien puhdistus on varmempaa.<\/p>\n","protected":false},"excerpt":{"rendered":"<p>Mehil\u00e4iskarkoite 300 ml. Toimii vaihtoehtona savulle.\u00a0  [&hellip;]<\/p>\n","protected":false},"featured_media":9606,"template":"","meta":{"_acf_changed":false,"_improvement_type_select":"improve_an_existing","_thumb_yes_seoaic":false,"_frame_yes_seoaic":false,"seoaic_generate_description":"","seoaic_improve_instructions_prompt":"","seoaic_rollback_content_improvement":"","seoaic_idea_thumbnail_generator":"","thumbnail_generated":false,"thumbnail_generate_prompt":"","seoaic_article_description":"","site-sidebar-layout":"default","site-content-layout":"default","ast-site-content-layout":"default","site-content-style":"default","site-sidebar-style":"default","ast-global-header-display":"","ast-banner-title-visibility":"","ast-main-header-display":"","ast-hfb-above-header-display":"","ast-hfb-below-header-display":"","ast-hfb-mobile-header-display":"","site-post-title":"","ast-breadcrumbs-content":"","ast-featured-img":"","footer-sml-layout":"","ast-disable-related-posts":"","theme-transparent-header-meta":"default","adv-header-id-meta":"","stick-header-meta":"default","header-above-stick-meta":"","header-main-stick-meta":"","header-below-stick-meta":"","astra-migrate-meta-layouts":"set","ast-page-background-enabled":"default","ast-page-background-meta":{"desktop":{"background-color":"","background-image":"","background-repeat":"repeat","background-position":"center center","background-size":"auto","background-attachment":"scroll","background-type":"","background-media":"","overlay-type":"","overlay-color":"","overlay-opacity":"","overlay-gradient":""},"tablet":{"background-color":"","background-image":"","background-repeat":"repeat","background-position":"center center","background-size":"auto","background-attachment":"scroll","background-type":"","background-media":"","overlay-type":"","overlay-color":"","overlay-opacity":"","overlay-gradient":""},"mobile":{"background-color":"","background-image":"","background-repeat":"repeat","background-position":"center center","background-size":"auto","background-attachment":"scroll","background-type":"","background-media":"","overlay-type":"","overlay-color":"","overlay-opacity":"","overlay-gradient":""}},"ast-content-background-meta":{"desktop":{"background-color":"var(--ast-global-color-5)","background-image":"","background-repeat":"repeat","background-position":"center center","background-size":"auto","background-attachment":"scroll","background-type":"","background-media":"","overlay-type":"","overlay-color":"","overlay-opacity":"","overlay-gradient":""},"tablet":{"background-color":"var(--ast-global-color-5)","background-image":"","background-repeat":"repeat","background-position":"center center","background-size":"auto","background-attachment":"scroll","background-type":"","background-media":"","overlay-type":"","overlay-color":"","overlay-opacity":"","overlay-gradient":""},"mobile":{"background-color":"var(--ast-global-color-5)","background-image":"","background-repeat":"repeat","background-position":"center center","background-size":"auto","background-attachment":"scroll","background-type":"","background-media":"","overlay-type":"","overlay-color":"","overlay-opacity":"","overlay-gradient":""}}},"product_brand":[],"product_cat":[2039,537],"product_tag":[],"class_list":{"0":"post-2775","1":"product","2":"type-product","3":"status-publish","4":"has-post-thumbnail","6":"product_cat-kemikaalit","7":"product_cat-hoitotarvikkeet","8":"desktop-align-center","9":"tablet-align-center","10":"mobile-align-center","11":"ast-product-gallery-layout-horizontal","12":"ast-product-gallery-with-no-image","13":"ast-magnify-disabled","14":"ast-product-tabs-layout-horizontal","16":"first","17":"instock","18":"shipping-taxable","19":"purchasable","20":"product-type-simple"},"acf":[],"yoast_head":"<!-- This site is optimized with the Yoast SEO plugin v26.7 - https:\/\/yoast.com\/wordpress\/plugins\/seo\/ -->\n<title>Mehil\u00e4iskarkote Bienen-Jet - Hunajayhtym\u00e4 Oy<\/title>\n<meta name=\"description\" content=\"Mehil\u00e4iskarkoite 300 ml. Toimii vaihtoehtona savulle.\u00a0 Hyv\u00e4 k\u00e4ytt\u00e4\u00e4 nopeissa\" \/>\n<meta name=\"robots\" content=\"index, follow, max-snippet:-1, max-image-preview:large, max-video-preview:-1\" \/>\n<link rel=\"canonical\" href=\"https:\/\/hunaja.fi\/tuote\/mehilaiskarkote-bienen-jet\/\" \/>\n<meta property=\"og:locale\" content=\"ja_JP\" \/>\n<meta property=\"og:type\" content=\"article\" \/>\n<meta property=\"og:title\" content=\"Mehil\u00e4iskarkote Bienen-Jet - Hunajayhtym\u00e4 Oy\" \/>\n<meta property=\"og:description\" content=\"Mehil\u00e4iskarkoite 300 ml. Toimii vaihtoehtona savulle.\u00a0 Hyv\u00e4 k\u00e4ytt\u00e4\u00e4 nopeissa\" \/>\n<meta property=\"og:url\" content=\"https:\/\/hunaja.fi\/tuote\/mehilaiskarkote-bienen-jet\/\" \/>\n<meta property=\"og:site_name\" content=\"Hunajayhtym\u00e4 Oy\" \/>\n<meta property=\"article:modified_time\" content=\"2026-03-26T10:36:11+00:00\" \/>\n<meta property=\"og:image\" content=\"https:\/\/hunaja.fi\/wp-content\/uploads\/2013\/11\/bienenjet.jpg\" \/>\n\t<meta property=\"og:image:width\" content=\"300\" \/>\n\t<meta property=\"og:image:height\" content=\"250\" \/>\n\t<meta property=\"og:image:type\" content=\"image\/jpeg\" \/>\n<meta name=\"twitter:card\" content=\"summary_large_image\" \/>\n<meta name=\"twitter:label1\" content=\"\u63a8\u5b9a\u8aad\u307f\u53d6\u308a\u6642\u9593\" \/>\n\t<meta name=\"twitter:data1\" content=\"1\u5206\" \/>\n<script type=\"application\/ld+json\" class=\"yoast-schema-graph\">{\"@context\":\"https:\/\/schema.org\",\"@graph\":[{\"@type\":\"WebPage\",\"@id\":\"https:\/\/hunaja.fi\/tuote\/mehilaiskarkote-bienen-jet\/\",\"url\":\"https:\/\/hunaja.fi\/tuote\/mehilaiskarkote-bienen-jet\/\",\"name\":\"Mehil\u00e4iskarkote Bienen-Jet - Hunajayhtym\u00e4 Oy\",\"isPartOf\":{\"@id\":\"https:\/\/hunaja.fi\/#website\"},\"primaryImageOfPage\":{\"@id\":\"https:\/\/hunaja.fi\/tuote\/mehilaiskarkote-bienen-jet\/#primaryimage\"},\"image\":{\"@id\":\"https:\/\/hunaja.fi\/tuote\/mehilaiskarkote-bienen-jet\/#primaryimage\"},\"thumbnailUrl\":\"https:\/\/hunaja.fi\/wp-content\/uploads\/2013\/11\/bienenjet.jpg\",\"datePublished\":\"2013-11-21T22:00:00+00:00\",\"dateModified\":\"2026-03-26T10:36:11+00:00\",\"description\":\"Mehil\u00e4iskarkoite 300 ml. Toimii vaihtoehtona savulle.\u00a0 Hyv\u00e4 k\u00e4ytt\u00e4\u00e4 nopeissa\",\"breadcrumb\":{\"@id\":\"https:\/\/hunaja.fi\/tuote\/mehilaiskarkote-bienen-jet\/#breadcrumb\"},\"inLanguage\":\"ja\",\"potentialAction\":[{\"@type\":\"ReadAction\",\"target\":[\"https:\/\/hunaja.fi\/tuote\/mehilaiskarkote-bienen-jet\/\"]}]},{\"@type\":\"ImageObject\",\"inLanguage\":\"ja\",\"@id\":\"https:\/\/hunaja.fi\/tuote\/mehilaiskarkote-bienen-jet\/#primaryimage\",\"url\":\"https:\/\/hunaja.fi\/wp-content\/uploads\/2013\/11\/bienenjet.jpg\",\"contentUrl\":\"https:\/\/hunaja.fi\/wp-content\/uploads\/2013\/11\/bienenjet.jpg\",\"width\":300,\"height\":250},{\"@type\":\"BreadcrumbList\",\"@id\":\"https:\/\/hunaja.fi\/tuote\/mehilaiskarkote-bienen-jet\/#breadcrumb\",\"itemListElement\":[{\"@type\":\"ListItem\",\"position\":1,\"name\":\"Etusivu\",\"item\":\"https:\/\/hunaja.fi\/ja\/\"},{\"@type\":\"ListItem\",\"position\":2,\"name\":\"Tuotteet\",\"item\":\"https:\/\/hunaja.fi\/kauppapaikka\/tuotteet\/\"},{\"@type\":\"ListItem\",\"position\":3,\"name\":\"Hoitotarvikkeet\",\"item\":\"https:\/\/hunaja.fi\/tuote-osasto\/hoitotarvikkeet\/\"},{\"@type\":\"ListItem\",\"position\":4,\"name\":\"Kemikaalit\",\"item\":\"https:\/\/hunaja.fi\/tuote-osasto\/hoitotarvikkeet\/kemikaalit\/\"},{\"@type\":\"ListItem\",\"position\":5,\"name\":\"Mehil\u00e4iskarkote Bienen-Jet\"}]},{\"@type\":\"WebSite\",\"@id\":\"https:\/\/hunaja.fi\/#website\",\"url\":\"https:\/\/hunaja.fi\/\",\"name\":\"Hunajayhtym\u00e4 Oy\",\"description\":\"Nature Loves Finnish Floral Honey\",\"publisher\":{\"@id\":\"https:\/\/hunaja.fi\/#organization\"},\"potentialAction\":[{\"@type\":\"SearchAction\",\"target\":{\"@type\":\"EntryPoint\",\"urlTemplate\":\"https:\/\/hunaja.fi\/?s={search_term_string}\"},\"query-input\":{\"@type\":\"PropertyValueSpecification\",\"valueRequired\":true,\"valueName\":\"search_term_string\"}}],\"inLanguage\":\"ja\"},{\"@type\":\"Organization\",\"@id\":\"https:\/\/hunaja.fi\/#organization\",\"name\":\"Hunajayhtym\u00e4 Oy\",\"url\":\"https:\/\/hunaja.fi\/\",\"logo\":{\"@type\":\"ImageObject\",\"inLanguage\":\"ja\",\"@id\":\"https:\/\/hunaja.fi\/#\/schema\/logo\/image\/\",\"url\":\"https:\/\/hunaja.fi\/wp-content\/uploads\/2021\/07\/Hunajayhtyma_Logo_VAAKA_slogan_cmyk-01.png\",\"contentUrl\":\"https:\/\/hunaja.fi\/wp-content\/uploads\/2021\/07\/Hunajayhtyma_Logo_VAAKA_slogan_cmyk-01.png\",\"width\":656,\"height\":242,\"caption\":\"Hunajayhtym\u00e4 Oy\"},\"image\":{\"@id\":\"https:\/\/hunaja.fi\/#\/schema\/logo\/image\/\"}}]}<\/script>\n<!-- \/ Yoast SEO plugin. -->","yoast_head_json":{"title":"Mehil\u00e4iskarkote Bienen-Jet - Hunajayhtym\u00e4 Oy","description":"Mehil\u00e4iskarkoite 300 ml. Toimii vaihtoehtona savulle.\u00a0 Hyv\u00e4 k\u00e4ytt\u00e4\u00e4 nopeissa","robots":{"index":"index","follow":"follow","max-snippet":"max-snippet:-1","max-image-preview":"max-image-preview:large","max-video-preview":"max-video-preview:-1"},"canonical":"https:\/\/hunaja.fi\/tuote\/mehilaiskarkote-bienen-jet\/","og_locale":"ja_JP","og_type":"article","og_title":"Mehil\u00e4iskarkote Bienen-Jet - Hunajayhtym\u00e4 Oy","og_description":"Mehil\u00e4iskarkoite 300 ml. Toimii vaihtoehtona savulle.\u00a0 Hyv\u00e4 k\u00e4ytt\u00e4\u00e4 nopeissa","og_url":"https:\/\/hunaja.fi\/tuote\/mehilaiskarkote-bienen-jet\/","og_site_name":"Hunajayhtym\u00e4 Oy","article_modified_time":"2026-03-26T10:36:11+00:00","og_image":[{"width":300,"height":250,"url":"https:\/\/hunaja.fi\/wp-content\/uploads\/2013\/11\/bienenjet.jpg","type":"image\/jpeg"}],"twitter_card":"summary_large_image","twitter_misc":{"\u63a8\u5b9a\u8aad\u307f\u53d6\u308a\u6642\u9593":"1\u5206"},"schema":{"@context":"https:\/\/schema.org","@graph":[{"@type":"WebPage","@id":"https:\/\/hunaja.fi\/tuote\/mehilaiskarkote-bienen-jet\/","url":"https:\/\/hunaja.fi\/tuote\/mehilaiskarkote-bienen-jet\/","name":"Mehil\u00e4iskarkote Bienen-Jet - Hunajayhtym\u00e4 Oy","isPartOf":{"@id":"https:\/\/hunaja.fi\/#website"},"primaryImageOfPage":{"@id":"https:\/\/hunaja.fi\/tuote\/mehilaiskarkote-bienen-jet\/#primaryimage"},"image":{"@id":"https:\/\/hunaja.fi\/tuote\/mehilaiskarkote-bienen-jet\/#primaryimage"},"thumbnailUrl":"https:\/\/hunaja.fi\/wp-content\/uploads\/2013\/11\/bienenjet.jpg","datePublished":"2013-11-21T22:00:00+00:00","dateModified":"2026-03-26T10:36:11+00:00","description":"Mehil\u00e4iskarkoite 300 ml. Toimii vaihtoehtona savulle.\u00a0 Hyv\u00e4 k\u00e4ytt\u00e4\u00e4 nopeissa","breadcrumb":{"@id":"https:\/\/hunaja.fi\/tuote\/mehilaiskarkote-bienen-jet\/#breadcrumb"},"inLanguage":"ja","potentialAction":[{"@type":"ReadAction","target":["https:\/\/hunaja.fi\/tuote\/mehilaiskarkote-bienen-jet\/"]}]},{"@type":"ImageObject","inLanguage":"ja","@id":"https:\/\/hunaja.fi\/tuote\/mehilaiskarkote-bienen-jet\/#primaryimage","url":"https:\/\/hunaja.fi\/wp-content\/uploads\/2013\/11\/bienenjet.jpg","contentUrl":"https:\/\/hunaja.fi\/wp-content\/uploads\/2013\/11\/bienenjet.jpg","width":300,"height":250},{"@type":"BreadcrumbList","@id":"https:\/\/hunaja.fi\/tuote\/mehilaiskarkote-bienen-jet\/#breadcrumb","itemListElement":[{"@type":"ListItem","position":1,"name":"Etusivu","item":"https:\/\/hunaja.fi\/ja\/"},{"@type":"ListItem","position":2,"name":"Tuotteet","item":"https:\/\/hunaja.fi\/kauppapaikka\/tuotteet\/"},{"@type":"ListItem","position":3,"name":"Hoitotarvikkeet","item":"https:\/\/hunaja.fi\/tuote-osasto\/hoitotarvikkeet\/"},{"@type":"ListItem","position":4,"name":"Kemikaalit","item":"https:\/\/hunaja.fi\/tuote-osasto\/hoitotarvikkeet\/kemikaalit\/"},{"@type":"ListItem","position":5,"name":"Mehil\u00e4iskarkote Bienen-Jet"}]},{"@type":"WebSite","@id":"https:\/\/hunaja.fi\/#website","url":"https:\/\/hunaja.fi\/","name":"Hunajayhtym\u00e4 Oy","description":"Nature Loves Finnish Floral Honey","publisher":{"@id":"https:\/\/hunaja.fi\/#organization"},"potentialAction":[{"@type":"SearchAction","target":{"@type":"EntryPoint","urlTemplate":"https:\/\/hunaja.fi\/?s={search_term_string}"},"query-input":{"@type":"PropertyValueSpecification","valueRequired":true,"valueName":"search_term_string"}}],"inLanguage":"ja"},{"@type":"Organization","@id":"https:\/\/hunaja.fi\/#organization","name":"Hunajayhtym\u00e4 Oy","url":"https:\/\/hunaja.fi\/","logo":{"@type":"ImageObject","inLanguage":"ja","@id":"https:\/\/hunaja.fi\/#\/schema\/logo\/image\/","url":"https:\/\/hunaja.fi\/wp-content\/uploads\/2021\/07\/Hunajayhtyma_Logo_VAAKA_slogan_cmyk-01.png","contentUrl":"https:\/\/hunaja.fi\/wp-content\/uploads\/2021\/07\/Hunajayhtyma_Logo_VAAKA_slogan_cmyk-01.png","width":656,"height":242,"caption":"Hunajayhtym\u00e4 Oy"},"image":{"@id":"https:\/\/hunaja.fi\/#\/schema\/logo\/image\/"}}]}},"_links":{"self":[{"href":"https:\/\/hunaja.fi\/ja\/wp-json\/wp\/v2\/product\/2775","targetHints":{"allow":["GET"]}}],"collection":[{"href":"https:\/\/hunaja.fi\/ja\/wp-json\/wp\/v2\/product"}],"about":[{"href":"https:\/\/hunaja.fi\/ja\/wp-json\/wp\/v2\/types\/product"}],"wp:featuredmedia":[{"embeddable":true,"href":"https:\/\/hunaja.fi\/ja\/wp-json\/wp\/v2\/media\/9606"}],"wp:attachment":[{"href":"https:\/\/hunaja.fi\/ja\/wp-json\/wp\/v2\/media?parent=2775"}],"wp:term":[{"taxonomy":"product_brand","embeddable":true,"href":"https:\/\/hunaja.fi\/ja\/wp-json\/wp\/v2\/product_brand?post=2775"},{"taxonomy":"product_cat","embeddable":true,"href":"https:\/\/hunaja.fi\/ja\/wp-json\/wp\/v2\/product_cat?post=2775"},{"taxonomy":"product_tag","embeddable":true,"href":"https:\/\/hunaja.fi\/ja\/wp-json\/wp\/v2\/product_tag?post=2775"}],"curies":[{"name":"wp","href":"https:\/\/api.w.org\/{rel}","templated":true}]}}