{"id":25347,"date":"2020-11-12T12:47:53","date_gmt":"2020-11-12T10:47:53","guid":{"rendered":"https:\/\/hunaja.fi\/?post_type=product&#038;p=25347"},"modified":"2024-05-27T13:11:48","modified_gmt":"2024-05-27T10:11:48","slug":"mittausjarjestelma-ja-mehilaistarhaus","status":"publish","type":"product","link":"https:\/\/hunaja.fi\/ja\/tuote\/mittausjarjestelma-ja-mehilaistarhaus\/","title":{"rendered":"Mittausj\u00e4rjestelm\u00e4 ja mehil\u00e4istarhaus"},"content":{"rendered":"<p>\u201cMit\u00e4 ei voi mitata, sit\u00e4 ei voi kehitt\u00e4\u00e4. T\u00e4m\u00e4 yksinkertainen ja selke\u00e4 periaate oli l\u00e4ht\u00f6kohtana, kun Seppo Haapam\u00e4ki, Risto Kuittinen ja Yk\u00e4 Marjanen 2000-luvun alussa alkoivat kehitt\u00e4\u00e4 mehil\u00e4isyhteiskuntien mittaamiseen kentt\u00e4kelpoista ja internetin k\u00e4ytt\u00f6\u00f6n perustuvaa mittausj\u00e4rjestelm\u00e4\u00e4.<\/p>\n<p>Kirjassa osoitetaan esimerkein, miten mittausj\u00e4rjestelm\u00e4\u00e4 voidaan k\u00e4ytt\u00e4\u00e4\u201d<\/p>\n","protected":false},"excerpt":{"rendered":"<p>\u201cMit\u00e4 ei voi mitata, sit\u00e4 ei voi kehitt\u00e4\u00e4. T\u00e4m\u00e4 yksinke [&hellip;]<\/p>\n","protected":false},"featured_media":25361,"template":"","meta":{"_acf_changed":false,"_improvement_type_select":"improve_an_existing","_thumb_yes_seoaic":false,"_frame_yes_seoaic":false,"seoaic_generate_description":"","seoaic_improve_instructions_prompt":"","seoaic_rollback_content_improvement":"","seoaic_idea_thumbnail_generator":"","thumbnail_generated":false,"thumbnail_generate_prompt":"","seoaic_article_description":"","site-sidebar-layout":"default","site-content-layout":"default","ast-site-content-layout":"default","site-content-style":"default","site-sidebar-style":"default","ast-global-header-display":"","ast-banner-title-visibility":"","ast-main-header-display":"","ast-hfb-above-header-display":"","ast-hfb-below-header-display":"","ast-hfb-mobile-header-display":"","site-post-title":"","ast-breadcrumbs-content":"","ast-featured-img":"","footer-sml-layout":"","ast-disable-related-posts":"","theme-transparent-header-meta":"default","adv-header-id-meta":"","stick-header-meta":"default","header-above-stick-meta":"","header-main-stick-meta":"","header-below-stick-meta":"","astra-migrate-meta-layouts":"set","ast-page-background-enabled":"default","ast-page-background-meta":{"desktop":{"background-color":"","background-image":"","background-repeat":"repeat","background-position":"center center","background-size":"auto","background-attachment":"scroll","background-type":"","background-media":"","overlay-type":"","overlay-color":"","overlay-opacity":"","overlay-gradient":""},"tablet":{"background-color":"","background-image":"","background-repeat":"repeat","background-position":"center center","background-size":"auto","background-attachment":"scroll","background-type":"","background-media":"","overlay-type":"","overlay-color":"","overlay-opacity":"","overlay-gradient":""},"mobile":{"background-color":"","background-image":"","background-repeat":"repeat","background-position":"center center","background-size":"auto","background-attachment":"scroll","background-type":"","background-media":"","overlay-type":"","overlay-color":"","overlay-opacity":"","overlay-gradient":""}},"ast-content-background-meta":{"desktop":{"background-color":"var(--ast-global-color-5)","background-image":"","background-repeat":"repeat","background-position":"center center","background-size":"auto","background-attachment":"scroll","background-type":"","background-media":"","overlay-type":"","overlay-color":"","overlay-opacity":"","overlay-gradient":""},"tablet":{"background-color":"var(--ast-global-color-5)","background-image":"","background-repeat":"repeat","background-position":"center center","background-size":"auto","background-attachment":"scroll","background-type":"","background-media":"","overlay-type":"","overlay-color":"","overlay-opacity":"","overlay-gradient":""},"mobile":{"background-color":"var(--ast-global-color-5)","background-image":"","background-repeat":"repeat","background-position":"center center","background-size":"auto","background-attachment":"scroll","background-type":"","background-media":"","overlay-type":"","overlay-color":"","overlay-opacity":"","overlay-gradient":""}}},"product_brand":[],"product_cat":[562],"product_tag":[],"class_list":{"0":"post-25347","1":"product","2":"type-product","3":"status-publish","4":"has-post-thumbnail","6":"product_cat-kirjallisuus","7":"desktop-align-center","8":"tablet-align-center","9":"mobile-align-center","10":"ast-product-gallery-layout-horizontal","11":"ast-product-gallery-with-no-image","12":"ast-magnify-disabled","13":"ast-product-tabs-layout-horizontal","15":"first","16":"outofstock","17":"shipping-taxable","18":"purchasable","19":"product-type-simple"},"acf":[],"yoast_head":"<!-- This site is optimized with the Yoast SEO plugin v26.7 - https:\/\/yoast.com\/wordpress\/plugins\/seo\/ -->\n<title>Mittausj\u00e4rjestelm\u00e4 ja mehil\u00e4istarhaus - Hunajayhtym\u00e4 Oy<\/title>\n<meta name=\"description\" content=\"\u201cMit\u00e4 ei voi mitata, sit\u00e4 ei voi kehitt\u00e4\u00e4. T\u00e4m\u00e4 yksinkertainen ja selke\u00e4\" \/>\n<meta name=\"robots\" content=\"index, follow, max-snippet:-1, max-image-preview:large, max-video-preview:-1\" \/>\n<link rel=\"canonical\" href=\"https:\/\/hunaja.fi\/tuote\/mittausjarjestelma-ja-mehilaistarhaus\/\" \/>\n<meta property=\"og:locale\" content=\"ja_JP\" \/>\n<meta property=\"og:type\" content=\"article\" \/>\n<meta property=\"og:title\" content=\"Mittausj\u00e4rjestelm\u00e4 ja mehil\u00e4istarhaus - Hunajayhtym\u00e4 Oy\" \/>\n<meta property=\"og:description\" content=\"\u201cMit\u00e4 ei voi mitata, sit\u00e4 ei voi kehitt\u00e4\u00e4. T\u00e4m\u00e4 yksinkertainen ja selke\u00e4\" \/>\n<meta property=\"og:url\" content=\"https:\/\/hunaja.fi\/tuote\/mittausjarjestelma-ja-mehilaistarhaus\/\" \/>\n<meta property=\"og:site_name\" content=\"Hunajayhtym\u00e4 Oy\" \/>\n<meta property=\"article:modified_time\" content=\"2024-05-27T10:11:48+00:00\" \/>\n<meta property=\"og:image\" content=\"https:\/\/hunaja.fi\/wp-content\/uploads\/2020\/11\/DSC_0570-2.jpg\" \/>\n\t<meta property=\"og:image:width\" content=\"932\" \/>\n\t<meta property=\"og:image:height\" content=\"1251\" \/>\n\t<meta property=\"og:image:type\" content=\"image\/jpeg\" \/>\n<meta name=\"twitter:card\" content=\"summary_large_image\" \/>\n<meta name=\"twitter:label1\" content=\"\u63a8\u5b9a\u8aad\u307f\u53d6\u308a\u6642\u9593\" \/>\n\t<meta name=\"twitter:data1\" content=\"1\u5206\" \/>\n<script type=\"application\/ld+json\" class=\"yoast-schema-graph\">{\"@context\":\"https:\/\/schema.org\",\"@graph\":[{\"@type\":\"WebPage\",\"@id\":\"https:\/\/hunaja.fi\/tuote\/mittausjarjestelma-ja-mehilaistarhaus\/\",\"url\":\"https:\/\/hunaja.fi\/tuote\/mittausjarjestelma-ja-mehilaistarhaus\/\",\"name\":\"Mittausj\u00e4rjestelm\u00e4 ja mehil\u00e4istarhaus - Hunajayhtym\u00e4 Oy\",\"isPartOf\":{\"@id\":\"https:\/\/hunaja.fi\/#website\"},\"primaryImageOfPage\":{\"@id\":\"https:\/\/hunaja.fi\/tuote\/mittausjarjestelma-ja-mehilaistarhaus\/#primaryimage\"},\"image\":{\"@id\":\"https:\/\/hunaja.fi\/tuote\/mittausjarjestelma-ja-mehilaistarhaus\/#primaryimage\"},\"thumbnailUrl\":\"https:\/\/hunaja.fi\/wp-content\/uploads\/2020\/11\/DSC_0570-2.jpg\",\"datePublished\":\"2020-11-12T10:47:53+00:00\",\"dateModified\":\"2024-05-27T10:11:48+00:00\",\"description\":\"\u201cMit\u00e4 ei voi mitata, sit\u00e4 ei voi kehitt\u00e4\u00e4. T\u00e4m\u00e4 yksinkertainen ja selke\u00e4\",\"breadcrumb\":{\"@id\":\"https:\/\/hunaja.fi\/tuote\/mittausjarjestelma-ja-mehilaistarhaus\/#breadcrumb\"},\"inLanguage\":\"ja\",\"potentialAction\":[{\"@type\":\"ReadAction\",\"target\":[\"https:\/\/hunaja.fi\/tuote\/mittausjarjestelma-ja-mehilaistarhaus\/\"]}]},{\"@type\":\"ImageObject\",\"inLanguage\":\"ja\",\"@id\":\"https:\/\/hunaja.fi\/tuote\/mittausjarjestelma-ja-mehilaistarhaus\/#primaryimage\",\"url\":\"https:\/\/hunaja.fi\/wp-content\/uploads\/2020\/11\/DSC_0570-2.jpg\",\"contentUrl\":\"https:\/\/hunaja.fi\/wp-content\/uploads\/2020\/11\/DSC_0570-2.jpg\",\"width\":932,\"height\":1251},{\"@type\":\"BreadcrumbList\",\"@id\":\"https:\/\/hunaja.fi\/tuote\/mittausjarjestelma-ja-mehilaistarhaus\/#breadcrumb\",\"itemListElement\":[{\"@type\":\"ListItem\",\"position\":1,\"name\":\"Etusivu\",\"item\":\"https:\/\/hunaja.fi\/ja\/\"},{\"@type\":\"ListItem\",\"position\":2,\"name\":\"Tuotteet\",\"item\":\"https:\/\/hunaja.fi\/kauppapaikka\/tuotteet\/\"},{\"@type\":\"ListItem\",\"position\":3,\"name\":\"Kirjallisuus\",\"item\":\"https:\/\/hunaja.fi\/en\/tuote-osasto\/kirjallisuus\/\"},{\"@type\":\"ListItem\",\"position\":4,\"name\":\"Mittausj\u00e4rjestelm\u00e4 ja mehil\u00e4istarhaus\"}]},{\"@type\":\"WebSite\",\"@id\":\"https:\/\/hunaja.fi\/#website\",\"url\":\"https:\/\/hunaja.fi\/\",\"name\":\"Hunajayhtym\u00e4 Oy\",\"description\":\"Nature Loves Finnish Floral Honey\",\"publisher\":{\"@id\":\"https:\/\/hunaja.fi\/#organization\"},\"potentialAction\":[{\"@type\":\"SearchAction\",\"target\":{\"@type\":\"EntryPoint\",\"urlTemplate\":\"https:\/\/hunaja.fi\/?s={search_term_string}\"},\"query-input\":{\"@type\":\"PropertyValueSpecification\",\"valueRequired\":true,\"valueName\":\"search_term_string\"}}],\"inLanguage\":\"ja\"},{\"@type\":\"Organization\",\"@id\":\"https:\/\/hunaja.fi\/#organization\",\"name\":\"Hunajayhtym\u00e4 Oy\",\"url\":\"https:\/\/hunaja.fi\/\",\"logo\":{\"@type\":\"ImageObject\",\"inLanguage\":\"ja\",\"@id\":\"https:\/\/hunaja.fi\/#\/schema\/logo\/image\/\",\"url\":\"https:\/\/hunaja.fi\/wp-content\/uploads\/2021\/07\/Hunajayhtyma_Logo_VAAKA_slogan_cmyk-01.png\",\"contentUrl\":\"https:\/\/hunaja.fi\/wp-content\/uploads\/2021\/07\/Hunajayhtyma_Logo_VAAKA_slogan_cmyk-01.png\",\"width\":656,\"height\":242,\"caption\":\"Hunajayhtym\u00e4 Oy\"},\"image\":{\"@id\":\"https:\/\/hunaja.fi\/#\/schema\/logo\/image\/\"}}]}<\/script>\n<!-- \/ Yoast SEO plugin. -->","yoast_head_json":{"title":"Mittausj\u00e4rjestelm\u00e4 ja mehil\u00e4istarhaus - Hunajayhtym\u00e4 Oy","description":"\u201cMit\u00e4 ei voi mitata, sit\u00e4 ei voi kehitt\u00e4\u00e4. T\u00e4m\u00e4 yksinkertainen ja selke\u00e4","robots":{"index":"index","follow":"follow","max-snippet":"max-snippet:-1","max-image-preview":"max-image-preview:large","max-video-preview":"max-video-preview:-1"},"canonical":"https:\/\/hunaja.fi\/tuote\/mittausjarjestelma-ja-mehilaistarhaus\/","og_locale":"ja_JP","og_type":"article","og_title":"Mittausj\u00e4rjestelm\u00e4 ja mehil\u00e4istarhaus - Hunajayhtym\u00e4 Oy","og_description":"\u201cMit\u00e4 ei voi mitata, sit\u00e4 ei voi kehitt\u00e4\u00e4. T\u00e4m\u00e4 yksinkertainen ja selke\u00e4","og_url":"https:\/\/hunaja.fi\/tuote\/mittausjarjestelma-ja-mehilaistarhaus\/","og_site_name":"Hunajayhtym\u00e4 Oy","article_modified_time":"2024-05-27T10:11:48+00:00","og_image":[{"width":932,"height":1251,"url":"https:\/\/hunaja.fi\/wp-content\/uploads\/2020\/11\/DSC_0570-2.jpg","type":"image\/jpeg"}],"twitter_card":"summary_large_image","twitter_misc":{"\u63a8\u5b9a\u8aad\u307f\u53d6\u308a\u6642\u9593":"1\u5206"},"schema":{"@context":"https:\/\/schema.org","@graph":[{"@type":"WebPage","@id":"https:\/\/hunaja.fi\/tuote\/mittausjarjestelma-ja-mehilaistarhaus\/","url":"https:\/\/hunaja.fi\/tuote\/mittausjarjestelma-ja-mehilaistarhaus\/","name":"Mittausj\u00e4rjestelm\u00e4 ja mehil\u00e4istarhaus - Hunajayhtym\u00e4 Oy","isPartOf":{"@id":"https:\/\/hunaja.fi\/#website"},"primaryImageOfPage":{"@id":"https:\/\/hunaja.fi\/tuote\/mittausjarjestelma-ja-mehilaistarhaus\/#primaryimage"},"image":{"@id":"https:\/\/hunaja.fi\/tuote\/mittausjarjestelma-ja-mehilaistarhaus\/#primaryimage"},"thumbnailUrl":"https:\/\/hunaja.fi\/wp-content\/uploads\/2020\/11\/DSC_0570-2.jpg","datePublished":"2020-11-12T10:47:53+00:00","dateModified":"2024-05-27T10:11:48+00:00","description":"\u201cMit\u00e4 ei voi mitata, sit\u00e4 ei voi kehitt\u00e4\u00e4. T\u00e4m\u00e4 yksinkertainen ja selke\u00e4","breadcrumb":{"@id":"https:\/\/hunaja.fi\/tuote\/mittausjarjestelma-ja-mehilaistarhaus\/#breadcrumb"},"inLanguage":"ja","potentialAction":[{"@type":"ReadAction","target":["https:\/\/hunaja.fi\/tuote\/mittausjarjestelma-ja-mehilaistarhaus\/"]}]},{"@type":"ImageObject","inLanguage":"ja","@id":"https:\/\/hunaja.fi\/tuote\/mittausjarjestelma-ja-mehilaistarhaus\/#primaryimage","url":"https:\/\/hunaja.fi\/wp-content\/uploads\/2020\/11\/DSC_0570-2.jpg","contentUrl":"https:\/\/hunaja.fi\/wp-content\/uploads\/2020\/11\/DSC_0570-2.jpg","width":932,"height":1251},{"@type":"BreadcrumbList","@id":"https:\/\/hunaja.fi\/tuote\/mittausjarjestelma-ja-mehilaistarhaus\/#breadcrumb","itemListElement":[{"@type":"ListItem","position":1,"name":"Etusivu","item":"https:\/\/hunaja.fi\/ja\/"},{"@type":"ListItem","position":2,"name":"Tuotteet","item":"https:\/\/hunaja.fi\/kauppapaikka\/tuotteet\/"},{"@type":"ListItem","position":3,"name":"Kirjallisuus","item":"https:\/\/hunaja.fi\/en\/tuote-osasto\/kirjallisuus\/"},{"@type":"ListItem","position":4,"name":"Mittausj\u00e4rjestelm\u00e4 ja mehil\u00e4istarhaus"}]},{"@type":"WebSite","@id":"https:\/\/hunaja.fi\/#website","url":"https:\/\/hunaja.fi\/","name":"Hunajayhtym\u00e4 Oy","description":"Nature Loves Finnish Floral Honey","publisher":{"@id":"https:\/\/hunaja.fi\/#organization"},"potentialAction":[{"@type":"SearchAction","target":{"@type":"EntryPoint","urlTemplate":"https:\/\/hunaja.fi\/?s={search_term_string}"},"query-input":{"@type":"PropertyValueSpecification","valueRequired":true,"valueName":"search_term_string"}}],"inLanguage":"ja"},{"@type":"Organization","@id":"https:\/\/hunaja.fi\/#organization","name":"Hunajayhtym\u00e4 Oy","url":"https:\/\/hunaja.fi\/","logo":{"@type":"ImageObject","inLanguage":"ja","@id":"https:\/\/hunaja.fi\/#\/schema\/logo\/image\/","url":"https:\/\/hunaja.fi\/wp-content\/uploads\/2021\/07\/Hunajayhtyma_Logo_VAAKA_slogan_cmyk-01.png","contentUrl":"https:\/\/hunaja.fi\/wp-content\/uploads\/2021\/07\/Hunajayhtyma_Logo_VAAKA_slogan_cmyk-01.png","width":656,"height":242,"caption":"Hunajayhtym\u00e4 Oy"},"image":{"@id":"https:\/\/hunaja.fi\/#\/schema\/logo\/image\/"}}]}},"_links":{"self":[{"href":"https:\/\/hunaja.fi\/ja\/wp-json\/wp\/v2\/product\/25347","targetHints":{"allow":["GET"]}}],"collection":[{"href":"https:\/\/hunaja.fi\/ja\/wp-json\/wp\/v2\/product"}],"about":[{"href":"https:\/\/hunaja.fi\/ja\/wp-json\/wp\/v2\/types\/product"}],"wp:featuredmedia":[{"embeddable":true,"href":"https:\/\/hunaja.fi\/ja\/wp-json\/wp\/v2\/media\/25361"}],"wp:attachment":[{"href":"https:\/\/hunaja.fi\/ja\/wp-json\/wp\/v2\/media?parent=25347"}],"wp:term":[{"taxonomy":"product_brand","embeddable":true,"href":"https:\/\/hunaja.fi\/ja\/wp-json\/wp\/v2\/product_brand?post=25347"},{"taxonomy":"product_cat","embeddable":true,"href":"https:\/\/hunaja.fi\/ja\/wp-json\/wp\/v2\/product_cat?post=25347"},{"taxonomy":"product_tag","embeddable":true,"href":"https:\/\/hunaja.fi\/ja\/wp-json\/wp\/v2\/product_tag?post=25347"}],"curies":[{"name":"wp","href":"https:\/\/api.w.org\/{rel}","templated":true}]}}