{"id":2350,"date":"2013-11-22T00:00:00","date_gmt":"2013-11-21T22:00:00","guid":{"rendered":"https:\/\/www.hunaja.fi\/tuote\/kehalangan-kiristaja\/"},"modified":"2023-01-30T10:38:28","modified_gmt":"2023-01-30T08:38:28","slug":"kehalangan-kiristaja","status":"publish","type":"product","link":"https:\/\/hunaja.fi\/ja\/tuote\/kehalangan-kiristaja\/","title":{"rendered":"Keh\u00e4langan kirist\u00e4j\u00e4"},"content":{"rendered":"<p>Keh\u00e4langat saattavat l\u00f6ysty\u00e4 puhdistustoimenpiteiss\u00e4, ajan my\u00f6t\u00e4 tai j\u00e4\u00e4d\u00e4 l\u00f6ys\u00e4ksi jo langoitusvaiheessa. Langan saa kire\u00e4ksi kirist\u00e4j\u00e4ll\u00e4, joka tekee langasta aaltomaisen ja langan pituus lyhenee. Aseta lanka rattaiden v\u00e4liin, purista rattaat kiinni toisiinsa (pehme\u00e4 muovirunko antaa my\u00f6den) ja kuljeta rattaat keh\u00e4n p\u00e4\u00e4st\u00e4 toiseen, jolloin lanka kihartuu ja lyhenee.<\/p>\n","protected":false},"excerpt":{"rendered":"<p>Keh\u00e4langat saattavat l\u00f6ysty\u00e4 puhdistustoimenpiteiss\u00e4, a [&hellip;]<\/p>\n","protected":false},"featured_media":11017,"template":"","meta":{"_acf_changed":false,"_improvement_type_select":"improve_an_existing","_thumb_yes_seoaic":false,"_frame_yes_seoaic":false,"seoaic_generate_description":"","seoaic_improve_instructions_prompt":"","seoaic_rollback_content_improvement":"","seoaic_idea_thumbnail_generator":"","thumbnail_generated":false,"thumbnail_generate_prompt":"","seoaic_article_description":"","site-sidebar-layout":"default","site-content-layout":"default","ast-site-content-layout":"default","site-content-style":"default","site-sidebar-style":"default","ast-global-header-display":"","ast-banner-title-visibility":"","ast-main-header-display":"","ast-hfb-above-header-display":"","ast-hfb-below-header-display":"","ast-hfb-mobile-header-display":"","site-post-title":"","ast-breadcrumbs-content":"","ast-featured-img":"","footer-sml-layout":"","ast-disable-related-posts":"","theme-transparent-header-meta":"default","adv-header-id-meta":"","stick-header-meta":"default","header-above-stick-meta":"","header-main-stick-meta":"","header-below-stick-meta":"","astra-migrate-meta-layouts":"default","ast-page-background-enabled":"default","ast-page-background-meta":{"desktop":{"background-color":"","background-image":"","background-repeat":"repeat","background-position":"center center","background-size":"auto","background-attachment":"scroll","background-type":"","background-media":"","overlay-type":"","overlay-color":"","overlay-opacity":"","overlay-gradient":""},"tablet":{"background-color":"","background-image":"","background-repeat":"repeat","background-position":"center center","background-size":"auto","background-attachment":"scroll","background-type":"","background-media":"","overlay-type":"","overlay-color":"","overlay-opacity":"","overlay-gradient":""},"mobile":{"background-color":"","background-image":"","background-repeat":"repeat","background-position":"center center","background-size":"auto","background-attachment":"scroll","background-type":"","background-media":"","overlay-type":"","overlay-color":"","overlay-opacity":"","overlay-gradient":""}},"ast-content-background-meta":{"desktop":{"background-color":"var(--ast-global-color-5)","background-image":"","background-repeat":"repeat","background-position":"center center","background-size":"auto","background-attachment":"scroll","background-type":"","background-media":"","overlay-type":"","overlay-color":"","overlay-opacity":"","overlay-gradient":""},"tablet":{"background-color":"var(--ast-global-color-5)","background-image":"","background-repeat":"repeat","background-position":"center center","background-size":"auto","background-attachment":"scroll","background-type":"","background-media":"","overlay-type":"","overlay-color":"","overlay-opacity":"","overlay-gradient":""},"mobile":{"background-color":"var(--ast-global-color-5)","background-image":"","background-repeat":"repeat","background-position":"center center","background-size":"auto","background-attachment":"scroll","background-type":"","background-media":"","overlay-type":"","overlay-color":"","overlay-opacity":"","overlay-gradient":""}}},"product_brand":[],"product_cat":[2043,2077,1778,537,950],"product_tag":[],"class_list":{"0":"post-2350","1":"product","2":"type-product","3":"status-publish","4":"has-post-thumbnail","6":"product_cat-tarvikkeet","7":"product_cat-kehalistatarvikkeet_sesonki","8":"product_cat-sesonkituotteet","9":"product_cat-hoitotarvikkeet","10":"product_cat-kehalistat","11":"desktop-align-center","12":"tablet-align-center","13":"mobile-align-center","14":"ast-product-gallery-layout-horizontal","15":"ast-product-gallery-with-no-image","16":"ast-magnify-disabled","17":"ast-product-tabs-layout-horizontal","19":"first","20":"instock","21":"shipping-taxable","22":"purchasable","23":"product-type-simple"},"acf":[],"yoast_head":"<!-- This site is optimized with the Yoast SEO plugin v26.7 - https:\/\/yoast.com\/wordpress\/plugins\/seo\/ -->\n<title>Keh\u00e4langan kirist\u00e4j\u00e4 - Hunajayhtym\u00e4 Oy<\/title>\n<meta name=\"description\" content=\"Keh\u00e4langat saattavat l\u00f6ysty\u00e4 puhdistustoimenpiteiss\u00e4, ajan my\u00f6t\u00e4 tai j\u00e4\u00e4d\u00e4\" \/>\n<meta name=\"robots\" content=\"index, follow, max-snippet:-1, max-image-preview:large, max-video-preview:-1\" \/>\n<link rel=\"canonical\" href=\"https:\/\/hunaja.fi\/tuote\/kehalangan-kiristaja\/\" \/>\n<meta property=\"og:locale\" content=\"ja_JP\" \/>\n<meta property=\"og:type\" content=\"article\" \/>\n<meta property=\"og:title\" content=\"Keh\u00e4langan kirist\u00e4j\u00e4 - Hunajayhtym\u00e4 Oy\" \/>\n<meta property=\"og:description\" content=\"Keh\u00e4langat saattavat l\u00f6ysty\u00e4 puhdistustoimenpiteiss\u00e4, ajan my\u00f6t\u00e4 tai j\u00e4\u00e4d\u00e4\" \/>\n<meta property=\"og:url\" content=\"https:\/\/hunaja.fi\/tuote\/kehalangan-kiristaja\/\" \/>\n<meta property=\"og:site_name\" content=\"Hunajayhtym\u00e4 Oy\" \/>\n<meta property=\"article:modified_time\" content=\"2023-01-30T08:38:28+00:00\" \/>\n<meta property=\"og:image\" content=\"https:\/\/hunaja.fi\/wp-content\/uploads\/2016\/05\/kehalangan-kiristaja1.jpg\" \/>\n\t<meta property=\"og:image:width\" content=\"300\" \/>\n\t<meta property=\"og:image:height\" content=\"293\" \/>\n\t<meta property=\"og:image:type\" content=\"image\/jpeg\" \/>\n<meta name=\"twitter:card\" content=\"summary_large_image\" \/>\n<script type=\"application\/ld+json\" class=\"yoast-schema-graph\">{\"@context\":\"https:\/\/schema.org\",\"@graph\":[{\"@type\":\"WebPage\",\"@id\":\"https:\/\/hunaja.fi\/tuote\/kehalangan-kiristaja\/\",\"url\":\"https:\/\/hunaja.fi\/tuote\/kehalangan-kiristaja\/\",\"name\":\"Keh\u00e4langan kirist\u00e4j\u00e4 - Hunajayhtym\u00e4 Oy\",\"isPartOf\":{\"@id\":\"https:\/\/hunaja.fi\/#website\"},\"primaryImageOfPage\":{\"@id\":\"https:\/\/hunaja.fi\/tuote\/kehalangan-kiristaja\/#primaryimage\"},\"image\":{\"@id\":\"https:\/\/hunaja.fi\/tuote\/kehalangan-kiristaja\/#primaryimage\"},\"thumbnailUrl\":\"https:\/\/hunaja.fi\/wp-content\/uploads\/2016\/05\/kehalangan-kiristaja1.jpg\",\"datePublished\":\"2013-11-21T22:00:00+00:00\",\"dateModified\":\"2023-01-30T08:38:28+00:00\",\"description\":\"Keh\u00e4langat saattavat l\u00f6ysty\u00e4 puhdistustoimenpiteiss\u00e4, ajan my\u00f6t\u00e4 tai j\u00e4\u00e4d\u00e4\",\"breadcrumb\":{\"@id\":\"https:\/\/hunaja.fi\/tuote\/kehalangan-kiristaja\/#breadcrumb\"},\"inLanguage\":\"ja\",\"potentialAction\":[{\"@type\":\"ReadAction\",\"target\":[\"https:\/\/hunaja.fi\/tuote\/kehalangan-kiristaja\/\"]}]},{\"@type\":\"ImageObject\",\"inLanguage\":\"ja\",\"@id\":\"https:\/\/hunaja.fi\/tuote\/kehalangan-kiristaja\/#primaryimage\",\"url\":\"https:\/\/hunaja.fi\/wp-content\/uploads\/2016\/05\/kehalangan-kiristaja1.jpg\",\"contentUrl\":\"https:\/\/hunaja.fi\/wp-content\/uploads\/2016\/05\/kehalangan-kiristaja1.jpg\",\"width\":300,\"height\":293},{\"@type\":\"BreadcrumbList\",\"@id\":\"https:\/\/hunaja.fi\/tuote\/kehalangan-kiristaja\/#breadcrumb\",\"itemListElement\":[{\"@type\":\"ListItem\",\"position\":1,\"name\":\"Etusivu\",\"item\":\"https:\/\/hunaja.fi\/ja\/\"},{\"@type\":\"ListItem\",\"position\":2,\"name\":\"Tuotteet\",\"item\":\"https:\/\/hunaja.fi\/kauppapaikka\/tuotteet\/\"},{\"@type\":\"ListItem\",\"position\":3,\"name\":\"Sesonkituotteet\",\"item\":\"https:\/\/hunaja.fi\/tuote-osasto\/sesonkituotteet\/\"},{\"@type\":\"ListItem\",\"position\":4,\"name\":\"Keh\u00e4listat ja vahoitus\",\"item\":\"https:\/\/hunaja.fi\/tuote-osasto\/sesonkituotteet\/kehalistat_ja_vahoitus_sesonki\/\"},{\"@type\":\"ListItem\",\"position\":5,\"name\":\"Tarvikkeet\",\"item\":\"https:\/\/hunaja.fi\/tuote-osasto\/sesonkituotteet\/kehalistat_ja_vahoitus_sesonki\/kehalistatarvikkeet_sesonki\/\"},{\"@type\":\"ListItem\",\"position\":6,\"name\":\"Keh\u00e4langan kirist\u00e4j\u00e4\"}]},{\"@type\":\"WebSite\",\"@id\":\"https:\/\/hunaja.fi\/#website\",\"url\":\"https:\/\/hunaja.fi\/\",\"name\":\"Hunajayhtym\u00e4 Oy\",\"description\":\"Nature Loves Finnish Floral Honey\",\"publisher\":{\"@id\":\"https:\/\/hunaja.fi\/#organization\"},\"potentialAction\":[{\"@type\":\"SearchAction\",\"target\":{\"@type\":\"EntryPoint\",\"urlTemplate\":\"https:\/\/hunaja.fi\/?s={search_term_string}\"},\"query-input\":{\"@type\":\"PropertyValueSpecification\",\"valueRequired\":true,\"valueName\":\"search_term_string\"}}],\"inLanguage\":\"ja\"},{\"@type\":\"Organization\",\"@id\":\"https:\/\/hunaja.fi\/#organization\",\"name\":\"Hunajayhtym\u00e4 Oy\",\"url\":\"https:\/\/hunaja.fi\/\",\"logo\":{\"@type\":\"ImageObject\",\"inLanguage\":\"ja\",\"@id\":\"https:\/\/hunaja.fi\/#\/schema\/logo\/image\/\",\"url\":\"https:\/\/hunaja.fi\/wp-content\/uploads\/2021\/07\/Hunajayhtyma_Logo_VAAKA_slogan_cmyk-01.png\",\"contentUrl\":\"https:\/\/hunaja.fi\/wp-content\/uploads\/2021\/07\/Hunajayhtyma_Logo_VAAKA_slogan_cmyk-01.png\",\"width\":656,\"height\":242,\"caption\":\"Hunajayhtym\u00e4 Oy\"},\"image\":{\"@id\":\"https:\/\/hunaja.fi\/#\/schema\/logo\/image\/\"}}]}<\/script>\n<!-- \/ Yoast SEO plugin. -->","yoast_head_json":{"title":"Keh\u00e4langan kirist\u00e4j\u00e4 - Hunajayhtym\u00e4 Oy","description":"Keh\u00e4langat saattavat l\u00f6ysty\u00e4 puhdistustoimenpiteiss\u00e4, ajan my\u00f6t\u00e4 tai j\u00e4\u00e4d\u00e4","robots":{"index":"index","follow":"follow","max-snippet":"max-snippet:-1","max-image-preview":"max-image-preview:large","max-video-preview":"max-video-preview:-1"},"canonical":"https:\/\/hunaja.fi\/tuote\/kehalangan-kiristaja\/","og_locale":"ja_JP","og_type":"article","og_title":"Keh\u00e4langan kirist\u00e4j\u00e4 - Hunajayhtym\u00e4 Oy","og_description":"Keh\u00e4langat saattavat l\u00f6ysty\u00e4 puhdistustoimenpiteiss\u00e4, ajan my\u00f6t\u00e4 tai j\u00e4\u00e4d\u00e4","og_url":"https:\/\/hunaja.fi\/tuote\/kehalangan-kiristaja\/","og_site_name":"Hunajayhtym\u00e4 Oy","article_modified_time":"2023-01-30T08:38:28+00:00","og_image":[{"width":300,"height":293,"url":"https:\/\/hunaja.fi\/wp-content\/uploads\/2016\/05\/kehalangan-kiristaja1.jpg","type":"image\/jpeg"}],"twitter_card":"summary_large_image","schema":{"@context":"https:\/\/schema.org","@graph":[{"@type":"WebPage","@id":"https:\/\/hunaja.fi\/tuote\/kehalangan-kiristaja\/","url":"https:\/\/hunaja.fi\/tuote\/kehalangan-kiristaja\/","name":"Keh\u00e4langan kirist\u00e4j\u00e4 - Hunajayhtym\u00e4 Oy","isPartOf":{"@id":"https:\/\/hunaja.fi\/#website"},"primaryImageOfPage":{"@id":"https:\/\/hunaja.fi\/tuote\/kehalangan-kiristaja\/#primaryimage"},"image":{"@id":"https:\/\/hunaja.fi\/tuote\/kehalangan-kiristaja\/#primaryimage"},"thumbnailUrl":"https:\/\/hunaja.fi\/wp-content\/uploads\/2016\/05\/kehalangan-kiristaja1.jpg","datePublished":"2013-11-21T22:00:00+00:00","dateModified":"2023-01-30T08:38:28+00:00","description":"Keh\u00e4langat saattavat l\u00f6ysty\u00e4 puhdistustoimenpiteiss\u00e4, ajan my\u00f6t\u00e4 tai j\u00e4\u00e4d\u00e4","breadcrumb":{"@id":"https:\/\/hunaja.fi\/tuote\/kehalangan-kiristaja\/#breadcrumb"},"inLanguage":"ja","potentialAction":[{"@type":"ReadAction","target":["https:\/\/hunaja.fi\/tuote\/kehalangan-kiristaja\/"]}]},{"@type":"ImageObject","inLanguage":"ja","@id":"https:\/\/hunaja.fi\/tuote\/kehalangan-kiristaja\/#primaryimage","url":"https:\/\/hunaja.fi\/wp-content\/uploads\/2016\/05\/kehalangan-kiristaja1.jpg","contentUrl":"https:\/\/hunaja.fi\/wp-content\/uploads\/2016\/05\/kehalangan-kiristaja1.jpg","width":300,"height":293},{"@type":"BreadcrumbList","@id":"https:\/\/hunaja.fi\/tuote\/kehalangan-kiristaja\/#breadcrumb","itemListElement":[{"@type":"ListItem","position":1,"name":"Etusivu","item":"https:\/\/hunaja.fi\/ja\/"},{"@type":"ListItem","position":2,"name":"Tuotteet","item":"https:\/\/hunaja.fi\/kauppapaikka\/tuotteet\/"},{"@type":"ListItem","position":3,"name":"Sesonkituotteet","item":"https:\/\/hunaja.fi\/tuote-osasto\/sesonkituotteet\/"},{"@type":"ListItem","position":4,"name":"Keh\u00e4listat ja vahoitus","item":"https:\/\/hunaja.fi\/tuote-osasto\/sesonkituotteet\/kehalistat_ja_vahoitus_sesonki\/"},{"@type":"ListItem","position":5,"name":"Tarvikkeet","item":"https:\/\/hunaja.fi\/tuote-osasto\/sesonkituotteet\/kehalistat_ja_vahoitus_sesonki\/kehalistatarvikkeet_sesonki\/"},{"@type":"ListItem","position":6,"name":"Keh\u00e4langan kirist\u00e4j\u00e4"}]},{"@type":"WebSite","@id":"https:\/\/hunaja.fi\/#website","url":"https:\/\/hunaja.fi\/","name":"Hunajayhtym\u00e4 Oy","description":"Nature Loves Finnish Floral Honey","publisher":{"@id":"https:\/\/hunaja.fi\/#organization"},"potentialAction":[{"@type":"SearchAction","target":{"@type":"EntryPoint","urlTemplate":"https:\/\/hunaja.fi\/?s={search_term_string}"},"query-input":{"@type":"PropertyValueSpecification","valueRequired":true,"valueName":"search_term_string"}}],"inLanguage":"ja"},{"@type":"Organization","@id":"https:\/\/hunaja.fi\/#organization","name":"Hunajayhtym\u00e4 Oy","url":"https:\/\/hunaja.fi\/","logo":{"@type":"ImageObject","inLanguage":"ja","@id":"https:\/\/hunaja.fi\/#\/schema\/logo\/image\/","url":"https:\/\/hunaja.fi\/wp-content\/uploads\/2021\/07\/Hunajayhtyma_Logo_VAAKA_slogan_cmyk-01.png","contentUrl":"https:\/\/hunaja.fi\/wp-content\/uploads\/2021\/07\/Hunajayhtyma_Logo_VAAKA_slogan_cmyk-01.png","width":656,"height":242,"caption":"Hunajayhtym\u00e4 Oy"},"image":{"@id":"https:\/\/hunaja.fi\/#\/schema\/logo\/image\/"}}]}},"_links":{"self":[{"href":"https:\/\/hunaja.fi\/ja\/wp-json\/wp\/v2\/product\/2350","targetHints":{"allow":["GET"]}}],"collection":[{"href":"https:\/\/hunaja.fi\/ja\/wp-json\/wp\/v2\/product"}],"about":[{"href":"https:\/\/hunaja.fi\/ja\/wp-json\/wp\/v2\/types\/product"}],"wp:featuredmedia":[{"embeddable":true,"href":"https:\/\/hunaja.fi\/ja\/wp-json\/wp\/v2\/media\/11017"}],"wp:attachment":[{"href":"https:\/\/hunaja.fi\/ja\/wp-json\/wp\/v2\/media?parent=2350"}],"wp:term":[{"taxonomy":"product_brand","embeddable":true,"href":"https:\/\/hunaja.fi\/ja\/wp-json\/wp\/v2\/product_brand?post=2350"},{"taxonomy":"product_cat","embeddable":true,"href":"https:\/\/hunaja.fi\/ja\/wp-json\/wp\/v2\/product_cat?post=2350"},{"taxonomy":"product_tag","embeddable":true,"href":"https:\/\/hunaja.fi\/ja\/wp-json\/wp\/v2\/product_tag?post=2350"}],"curies":[{"name":"wp","href":"https:\/\/api.w.org\/{rel}","templated":true}]}}