{"id":2315,"date":"2013-11-22T00:00:00","date_gmt":"2013-11-21T22:00:00","guid":{"rendered":"https:\/\/www.hunaja.fi\/tuote\/vahapohjuke-kotimainen-kg\/"},"modified":"2026-04-13T21:07:42","modified_gmt":"2026-04-13T18:07:42","slug":"vahapohjuke-kotimainen-kg","status":"publish","type":"product","link":"https:\/\/hunaja.fi\/ja\/tuote\/vahapohjuke-kotimainen-kg\/","title":{"rendered":"Vahapohjuke kotimainen \/ kg"},"content":{"rendered":"<p>Vaihtoehdot: Langstroth, Farrar 425*150 \/\u00a0 425*145 \/ 425*140, Zander sek\u00e4 muita kokoja tilauksesta.Langstrothia ja Zanderia on noin 9 kpl \/ kg. Farrar -pohjukkeita on noin 12 kpl \/ kg. Valmiit laatikolliset vahapohjukkeita (noin 100 kpl) on Langstroth 10 kg ja Farrar 8 kg. Tee tilaus kiloittain.<\/p>\n<p>Huom: Farrar -pohjukkeita on saatavilla kolmea eri kokoa: 425*145 k\u00e4y keh\u00e4listoihin, joissa on alalistassa ura vahaa varten.<\/p>\n<p>Koko 425*140 k\u00e4y keh\u00e4listoihin, joissa ei ole alauraa. Sopivat keh\u00e4listamallit ovat <a href=\"https:\/\/hunaja.fi\/tuote\/kehalista-farrar-100kpl\/\">Keh\u00e4lista Farrar (OTO)<\/a> ja <a href=\"https:\/\/www.hunaja.fi\/tuote\/kehalista-farrar-100-kpl\/\">Keh\u00e4lista Farrar (PP)<\/a>.<\/p>\n<p>Koko 425*150 sopii ns. Mett\u00e4l\u00e4n malliin (<a href=\"https:\/\/www.hunaja.fi\/tuote\/kehalista-farrar-malli-mettala\/\">Keh\u00e4lista Farrar (PP), malli Mett\u00e4l\u00e4<\/a>).<\/p>\n","protected":false},"excerpt":{"rendered":"<p>Vaihtoehdot: Langstroth, Farrar 425*150 \/\u00a0 425*145 \/ 42 [&hellip;]<\/p>\n","protected":false},"featured_media":9796,"template":"","meta":{"_acf_changed":false,"_improvement_type_select":"improve_an_existing","_thumb_yes_seoaic":false,"_frame_yes_seoaic":false,"seoaic_generate_description":"","seoaic_improve_instructions_prompt":"","seoaic_rollback_content_improvement":"","seoaic_idea_thumbnail_generator":"","thumbnail_generated":false,"thumbnail_generate_prompt":"","seoaic_article_description":"","site-sidebar-layout":"default","site-content-layout":"default","ast-site-content-layout":"default","site-content-style":"default","site-sidebar-style":"default","ast-global-header-display":"","ast-banner-title-visibility":"","ast-main-header-display":"","ast-hfb-above-header-display":"","ast-hfb-below-header-display":"","ast-hfb-mobile-header-display":"","site-post-title":"","ast-breadcrumbs-content":"","ast-featured-img":"","footer-sml-layout":"","ast-disable-related-posts":"","theme-transparent-header-meta":"default","adv-header-id-meta":"","stick-header-meta":"default","header-above-stick-meta":"","header-main-stick-meta":"","header-below-stick-meta":"","astra-migrate-meta-layouts":"set","ast-page-background-enabled":"default","ast-page-background-meta":{"desktop":{"background-color":"","background-image":"","background-repeat":"repeat","background-position":"center center","background-size":"auto","background-attachment":"scroll","background-type":"","background-media":"","overlay-type":"","overlay-color":"","overlay-opacity":"","overlay-gradient":""},"tablet":{"background-color":"","background-image":"","background-repeat":"repeat","background-position":"center center","background-size":"auto","background-attachment":"scroll","background-type":"","background-media":"","overlay-type":"","overlay-color":"","overlay-opacity":"","overlay-gradient":""},"mobile":{"background-color":"","background-image":"","background-repeat":"repeat","background-position":"center center","background-size":"auto","background-attachment":"scroll","background-type":"","background-media":"","overlay-type":"","overlay-color":"","overlay-opacity":"","overlay-gradient":""}},"ast-content-background-meta":{"desktop":{"background-color":"var(--ast-global-color-5)","background-image":"","background-repeat":"repeat","background-position":"center center","background-size":"auto","background-attachment":"scroll","background-type":"","background-media":"","overlay-type":"","overlay-color":"","overlay-opacity":"","overlay-gradient":""},"tablet":{"background-color":"var(--ast-global-color-5)","background-image":"","background-repeat":"repeat","background-position":"center center","background-size":"auto","background-attachment":"scroll","background-type":"","background-media":"","overlay-type":"","overlay-color":"","overlay-opacity":"","overlay-gradient":""},"mobile":{"background-color":"var(--ast-global-color-5)","background-image":"","background-repeat":"repeat","background-position":"center center","background-size":"auto","background-attachment":"scroll","background-type":"","background-media":"","overlay-type":"","overlay-color":"","overlay-opacity":"","overlay-gradient":""}}},"product_brand":[],"product_cat":[2045,2093,1778],"product_tag":[],"class_list":{"0":"post-2315","1":"product","2":"type-product","3":"status-publish","4":"has-post-thumbnail","6":"product_cat-vahapohjukkeet","7":"product_cat-vahapohjukkeet_sesonki","8":"product_cat-sesonkituotteet","9":"pa_merkki-farrar-425140","10":"pa_merkki-farrar-fi","11":"pa_merkki-farrar-425150","12":"pa_merkki-langstroth","13":"pa_merkki-zander","14":"desktop-align-center","15":"tablet-align-center","16":"mobile-align-center","17":"ast-product-gallery-layout-horizontal","18":"ast-product-gallery-with-no-image","19":"ast-magnify-disabled","20":"ast-product-single-variable","21":"ast-product-tabs-layout-horizontal","23":"first","24":"instock","25":"featured","26":"shipping-taxable","27":"purchasable","28":"product-type-variable"},"acf":[],"yoast_head":"<!-- This site is optimized with the Yoast SEO plugin v26.7 - https:\/\/yoast.com\/wordpress\/plugins\/seo\/ -->\n<title>Vahapohjuke kotimainen \/ kg - Hunajayhtym\u00e4 Oy<\/title>\n<meta name=\"description\" content=\"Vaihtoehdot: Langstroth, Farrar 425*150 \/\u00a0 425*145 \/ 425*140, Zander sek\u00e4\" \/>\n<meta name=\"robots\" content=\"index, follow, max-snippet:-1, max-image-preview:large, max-video-preview:-1\" \/>\n<link rel=\"canonical\" href=\"https:\/\/hunaja.fi\/tuote\/vahapohjuke-kotimainen-kg\/\" \/>\n<meta property=\"og:locale\" content=\"ja_JP\" \/>\n<meta property=\"og:type\" content=\"article\" \/>\n<meta property=\"og:title\" content=\"Vahapohjuke kotimainen \/ kg - Hunajayhtym\u00e4 Oy\" \/>\n<meta property=\"og:description\" content=\"Vaihtoehdot: Langstroth, Farrar 425*150 \/\u00a0 425*145 \/ 425*140, Zander sek\u00e4\" \/>\n<meta property=\"og:url\" content=\"https:\/\/hunaja.fi\/tuote\/vahapohjuke-kotimainen-kg\/\" \/>\n<meta property=\"og:site_name\" content=\"Hunajayhtym\u00e4 Oy\" \/>\n<meta property=\"article:modified_time\" content=\"2026-04-13T18:07:42+00:00\" \/>\n<meta property=\"og:image\" content=\"https:\/\/hunaja.fi\/wp-content\/uploads\/2013\/11\/vahapohjuke_kotim.jpg\" \/>\n\t<meta property=\"og:image:width\" content=\"500\" \/>\n\t<meta property=\"og:image:height\" content=\"500\" \/>\n\t<meta property=\"og:image:type\" content=\"image\/jpeg\" \/>\n<meta name=\"twitter:card\" content=\"summary_large_image\" \/>\n<meta name=\"twitter:label1\" content=\"\u63a8\u5b9a\u8aad\u307f\u53d6\u308a\u6642\u9593\" \/>\n\t<meta name=\"twitter:data1\" content=\"1\u5206\" \/>\n<script type=\"application\/ld+json\" class=\"yoast-schema-graph\">{\"@context\":\"https:\/\/schema.org\",\"@graph\":[{\"@type\":\"WebPage\",\"@id\":\"https:\/\/hunaja.fi\/tuote\/vahapohjuke-kotimainen-kg\/\",\"url\":\"https:\/\/hunaja.fi\/tuote\/vahapohjuke-kotimainen-kg\/\",\"name\":\"Vahapohjuke kotimainen \/ kg - Hunajayhtym\u00e4 Oy\",\"isPartOf\":{\"@id\":\"https:\/\/hunaja.fi\/#website\"},\"primaryImageOfPage\":{\"@id\":\"https:\/\/hunaja.fi\/tuote\/vahapohjuke-kotimainen-kg\/#primaryimage\"},\"image\":{\"@id\":\"https:\/\/hunaja.fi\/tuote\/vahapohjuke-kotimainen-kg\/#primaryimage\"},\"thumbnailUrl\":\"https:\/\/hunaja.fi\/wp-content\/uploads\/2013\/11\/vahapohjuke_kotim.jpg\",\"datePublished\":\"2013-11-21T22:00:00+00:00\",\"dateModified\":\"2026-04-13T18:07:42+00:00\",\"description\":\"Vaihtoehdot: Langstroth, Farrar 425*150 \/\u00a0 425*145 \/ 425*140, Zander sek\u00e4\",\"breadcrumb\":{\"@id\":\"https:\/\/hunaja.fi\/tuote\/vahapohjuke-kotimainen-kg\/#breadcrumb\"},\"inLanguage\":\"ja\",\"potentialAction\":[{\"@type\":\"ReadAction\",\"target\":[\"https:\/\/hunaja.fi\/tuote\/vahapohjuke-kotimainen-kg\/\"]}]},{\"@type\":\"ImageObject\",\"inLanguage\":\"ja\",\"@id\":\"https:\/\/hunaja.fi\/tuote\/vahapohjuke-kotimainen-kg\/#primaryimage\",\"url\":\"https:\/\/hunaja.fi\/wp-content\/uploads\/2013\/11\/vahapohjuke_kotim.jpg\",\"contentUrl\":\"https:\/\/hunaja.fi\/wp-content\/uploads\/2013\/11\/vahapohjuke_kotim.jpg\",\"width\":500,\"height\":500},{\"@type\":\"BreadcrumbList\",\"@id\":\"https:\/\/hunaja.fi\/tuote\/vahapohjuke-kotimainen-kg\/#breadcrumb\",\"itemListElement\":[{\"@type\":\"ListItem\",\"position\":1,\"name\":\"Etusivu\",\"item\":\"https:\/\/hunaja.fi\/ja\/\"},{\"@type\":\"ListItem\",\"position\":2,\"name\":\"Tuotteet\",\"item\":\"https:\/\/hunaja.fi\/kauppapaikka\/tuotteet\/\"},{\"@type\":\"ListItem\",\"position\":3,\"name\":\"Vahat ja vahank\u00e4sittely\",\"item\":\"https:\/\/hunaja.fi\/tuote-osasto\/vahat\/\"},{\"@type\":\"ListItem\",\"position\":4,\"name\":\"Vahapohjukkeet\",\"item\":\"https:\/\/hunaja.fi\/tuote-osasto\/vahat\/vahapohjukkeet\/\"},{\"@type\":\"ListItem\",\"position\":5,\"name\":\"Vahapohjuke kotimainen \/ kg\"}]},{\"@type\":\"WebSite\",\"@id\":\"https:\/\/hunaja.fi\/#website\",\"url\":\"https:\/\/hunaja.fi\/\",\"name\":\"Hunajayhtym\u00e4 Oy\",\"description\":\"Nature Loves Finnish Floral Honey\",\"publisher\":{\"@id\":\"https:\/\/hunaja.fi\/#organization\"},\"potentialAction\":[{\"@type\":\"SearchAction\",\"target\":{\"@type\":\"EntryPoint\",\"urlTemplate\":\"https:\/\/hunaja.fi\/?s={search_term_string}\"},\"query-input\":{\"@type\":\"PropertyValueSpecification\",\"valueRequired\":true,\"valueName\":\"search_term_string\"}}],\"inLanguage\":\"ja\"},{\"@type\":\"Organization\",\"@id\":\"https:\/\/hunaja.fi\/#organization\",\"name\":\"Hunajayhtym\u00e4 Oy\",\"url\":\"https:\/\/hunaja.fi\/\",\"logo\":{\"@type\":\"ImageObject\",\"inLanguage\":\"ja\",\"@id\":\"https:\/\/hunaja.fi\/#\/schema\/logo\/image\/\",\"url\":\"https:\/\/hunaja.fi\/wp-content\/uploads\/2021\/07\/Hunajayhtyma_Logo_VAAKA_slogan_cmyk-01.png\",\"contentUrl\":\"https:\/\/hunaja.fi\/wp-content\/uploads\/2021\/07\/Hunajayhtyma_Logo_VAAKA_slogan_cmyk-01.png\",\"width\":656,\"height\":242,\"caption\":\"Hunajayhtym\u00e4 Oy\"},\"image\":{\"@id\":\"https:\/\/hunaja.fi\/#\/schema\/logo\/image\/\"}}]}<\/script>\n<!-- \/ Yoast SEO plugin. -->","yoast_head_json":{"title":"Vahapohjuke kotimainen \/ kg - Hunajayhtym\u00e4 Oy","description":"Vaihtoehdot: Langstroth, Farrar 425*150 \/\u00a0 425*145 \/ 425*140, Zander sek\u00e4","robots":{"index":"index","follow":"follow","max-snippet":"max-snippet:-1","max-image-preview":"max-image-preview:large","max-video-preview":"max-video-preview:-1"},"canonical":"https:\/\/hunaja.fi\/tuote\/vahapohjuke-kotimainen-kg\/","og_locale":"ja_JP","og_type":"article","og_title":"Vahapohjuke kotimainen \/ kg - Hunajayhtym\u00e4 Oy","og_description":"Vaihtoehdot: Langstroth, Farrar 425*150 \/\u00a0 425*145 \/ 425*140, Zander sek\u00e4","og_url":"https:\/\/hunaja.fi\/tuote\/vahapohjuke-kotimainen-kg\/","og_site_name":"Hunajayhtym\u00e4 Oy","article_modified_time":"2026-04-13T18:07:42+00:00","og_image":[{"width":500,"height":500,"url":"https:\/\/hunaja.fi\/wp-content\/uploads\/2013\/11\/vahapohjuke_kotim.jpg","type":"image\/jpeg"}],"twitter_card":"summary_large_image","twitter_misc":{"\u63a8\u5b9a\u8aad\u307f\u53d6\u308a\u6642\u9593":"1\u5206"},"schema":{"@context":"https:\/\/schema.org","@graph":[{"@type":"WebPage","@id":"https:\/\/hunaja.fi\/tuote\/vahapohjuke-kotimainen-kg\/","url":"https:\/\/hunaja.fi\/tuote\/vahapohjuke-kotimainen-kg\/","name":"Vahapohjuke kotimainen \/ kg - Hunajayhtym\u00e4 Oy","isPartOf":{"@id":"https:\/\/hunaja.fi\/#website"},"primaryImageOfPage":{"@id":"https:\/\/hunaja.fi\/tuote\/vahapohjuke-kotimainen-kg\/#primaryimage"},"image":{"@id":"https:\/\/hunaja.fi\/tuote\/vahapohjuke-kotimainen-kg\/#primaryimage"},"thumbnailUrl":"https:\/\/hunaja.fi\/wp-content\/uploads\/2013\/11\/vahapohjuke_kotim.jpg","datePublished":"2013-11-21T22:00:00+00:00","dateModified":"2026-04-13T18:07:42+00:00","description":"Vaihtoehdot: Langstroth, Farrar 425*150 \/\u00a0 425*145 \/ 425*140, Zander sek\u00e4","breadcrumb":{"@id":"https:\/\/hunaja.fi\/tuote\/vahapohjuke-kotimainen-kg\/#breadcrumb"},"inLanguage":"ja","potentialAction":[{"@type":"ReadAction","target":["https:\/\/hunaja.fi\/tuote\/vahapohjuke-kotimainen-kg\/"]}]},{"@type":"ImageObject","inLanguage":"ja","@id":"https:\/\/hunaja.fi\/tuote\/vahapohjuke-kotimainen-kg\/#primaryimage","url":"https:\/\/hunaja.fi\/wp-content\/uploads\/2013\/11\/vahapohjuke_kotim.jpg","contentUrl":"https:\/\/hunaja.fi\/wp-content\/uploads\/2013\/11\/vahapohjuke_kotim.jpg","width":500,"height":500},{"@type":"BreadcrumbList","@id":"https:\/\/hunaja.fi\/tuote\/vahapohjuke-kotimainen-kg\/#breadcrumb","itemListElement":[{"@type":"ListItem","position":1,"name":"Etusivu","item":"https:\/\/hunaja.fi\/ja\/"},{"@type":"ListItem","position":2,"name":"Tuotteet","item":"https:\/\/hunaja.fi\/kauppapaikka\/tuotteet\/"},{"@type":"ListItem","position":3,"name":"Vahat ja vahank\u00e4sittely","item":"https:\/\/hunaja.fi\/tuote-osasto\/vahat\/"},{"@type":"ListItem","position":4,"name":"Vahapohjukkeet","item":"https:\/\/hunaja.fi\/tuote-osasto\/vahat\/vahapohjukkeet\/"},{"@type":"ListItem","position":5,"name":"Vahapohjuke kotimainen \/ kg"}]},{"@type":"WebSite","@id":"https:\/\/hunaja.fi\/#website","url":"https:\/\/hunaja.fi\/","name":"Hunajayhtym\u00e4 Oy","description":"Nature Loves Finnish Floral Honey","publisher":{"@id":"https:\/\/hunaja.fi\/#organization"},"potentialAction":[{"@type":"SearchAction","target":{"@type":"EntryPoint","urlTemplate":"https:\/\/hunaja.fi\/?s={search_term_string}"},"query-input":{"@type":"PropertyValueSpecification","valueRequired":true,"valueName":"search_term_string"}}],"inLanguage":"ja"},{"@type":"Organization","@id":"https:\/\/hunaja.fi\/#organization","name":"Hunajayhtym\u00e4 Oy","url":"https:\/\/hunaja.fi\/","logo":{"@type":"ImageObject","inLanguage":"ja","@id":"https:\/\/hunaja.fi\/#\/schema\/logo\/image\/","url":"https:\/\/hunaja.fi\/wp-content\/uploads\/2021\/07\/Hunajayhtyma_Logo_VAAKA_slogan_cmyk-01.png","contentUrl":"https:\/\/hunaja.fi\/wp-content\/uploads\/2021\/07\/Hunajayhtyma_Logo_VAAKA_slogan_cmyk-01.png","width":656,"height":242,"caption":"Hunajayhtym\u00e4 Oy"},"image":{"@id":"https:\/\/hunaja.fi\/#\/schema\/logo\/image\/"}}]}},"_links":{"self":[{"href":"https:\/\/hunaja.fi\/ja\/wp-json\/wp\/v2\/product\/2315","targetHints":{"allow":["GET"]}}],"collection":[{"href":"https:\/\/hunaja.fi\/ja\/wp-json\/wp\/v2\/product"}],"about":[{"href":"https:\/\/hunaja.fi\/ja\/wp-json\/wp\/v2\/types\/product"}],"wp:featuredmedia":[{"embeddable":true,"href":"https:\/\/hunaja.fi\/ja\/wp-json\/wp\/v2\/media\/9796"}],"wp:attachment":[{"href":"https:\/\/hunaja.fi\/ja\/wp-json\/wp\/v2\/media?parent=2315"}],"wp:term":[{"taxonomy":"product_brand","embeddable":true,"href":"https:\/\/hunaja.fi\/ja\/wp-json\/wp\/v2\/product_brand?post=2315"},{"taxonomy":"product_cat","embeddable":true,"href":"https:\/\/hunaja.fi\/ja\/wp-json\/wp\/v2\/product_cat?post=2315"},{"taxonomy":"product_tag","embeddable":true,"href":"https:\/\/hunaja.fi\/ja\/wp-json\/wp\/v2\/product_tag?post=2315"}],"curies":[{"name":"wp","href":"https:\/\/api.w.org\/{rel}","templated":true}]}}