{"id":20955,"date":"2019-08-29T08:25:31","date_gmt":"2019-08-29T05:25:31","guid":{"rendered":"https:\/\/www.hunaja.fi\/?post_type=product&#038;p=20955"},"modified":"2023-01-10T11:44:21","modified_gmt":"2023-01-10T09:44:21","slug":"hunajahana-40mm-sisaltaa-vastakappaleen","status":"publish","type":"product","link":"https:\/\/hunaja.fi\/ja\/tuote\/hunajahana-40mm-sisaltaa-vastakappaleen\/","title":{"rendered":"Hunajahana 40mm sis\u00e4lt\u00e4\u00e4 vastakappaleen,imgut"},"content":{"rendered":"<p>Muovinen 40 mm hunajahana, sis\u00e4lt\u00e4\u00e4 vastakappaleen<\/p>\n","protected":false},"excerpt":{"rendered":"<p>Muovinen 40 mm hunajahana, sis\u00e4lt\u00e4\u00e4 vastakappaleen<\/p>\n","protected":false},"featured_media":20956,"template":"","meta":{"_acf_changed":false,"_improvement_type_select":"improve_an_existing","_thumb_yes_seoaic":false,"_frame_yes_seoaic":false,"seoaic_generate_description":"","seoaic_improve_instructions_prompt":"","seoaic_rollback_content_improvement":"","seoaic_idea_thumbnail_generator":"","thumbnail_generated":false,"thumbnail_generate_prompt":"","seoaic_article_description":"","site-sidebar-layout":"default","site-content-layout":"","ast-site-content-layout":"default","site-content-style":"default","site-sidebar-style":"default","ast-global-header-display":"","ast-banner-title-visibility":"","ast-main-header-display":"","ast-hfb-above-header-display":"","ast-hfb-below-header-display":"","ast-hfb-mobile-header-display":"","site-post-title":"","ast-breadcrumbs-content":"","ast-featured-img":"","footer-sml-layout":"","ast-disable-related-posts":"","theme-transparent-header-meta":"","adv-header-id-meta":"","stick-header-meta":"","header-above-stick-meta":"","header-main-stick-meta":"","header-below-stick-meta":"","astra-migrate-meta-layouts":"default","ast-page-background-enabled":"default","ast-page-background-meta":{"desktop":{"background-color":"","background-image":"","background-repeat":"repeat","background-position":"center center","background-size":"auto","background-attachment":"scroll","background-type":"","background-media":"","overlay-type":"","overlay-color":"","overlay-opacity":"","overlay-gradient":""},"tablet":{"background-color":"","background-image":"","background-repeat":"repeat","background-position":"center center","background-size":"auto","background-attachment":"scroll","background-type":"","background-media":"","overlay-type":"","overlay-color":"","overlay-opacity":"","overlay-gradient":""},"mobile":{"background-color":"","background-image":"","background-repeat":"repeat","background-position":"center center","background-size":"auto","background-attachment":"scroll","background-type":"","background-media":"","overlay-type":"","overlay-color":"","overlay-opacity":"","overlay-gradient":""}},"ast-content-background-meta":{"desktop":{"background-color":"var(--ast-global-color-5)","background-image":"","background-repeat":"repeat","background-position":"center center","background-size":"auto","background-attachment":"scroll","background-type":"","background-media":"","overlay-type":"","overlay-color":"","overlay-opacity":"","overlay-gradient":""},"tablet":{"background-color":"var(--ast-global-color-5)","background-image":"","background-repeat":"repeat","background-position":"center center","background-size":"auto","background-attachment":"scroll","background-type":"","background-media":"","overlay-type":"","overlay-color":"","overlay-opacity":"","overlay-gradient":""},"mobile":{"background-color":"var(--ast-global-color-5)","background-image":"","background-repeat":"repeat","background-position":"center center","background-size":"auto","background-attachment":"scroll","background-type":"","background-media":"","overlay-type":"","overlay-color":"","overlay-opacity":"","overlay-gradient":""}}},"product_brand":[],"product_cat":[2058,558],"product_tag":[],"class_list":{"0":"post-20955","1":"product","2":"type-product","3":"status-publish","4":"has-post-thumbnail","6":"product_cat-hanat","7":"product_cat-hunajankasittely","8":"desktop-align-center","9":"tablet-align-center","10":"mobile-align-center","11":"ast-product-gallery-layout-horizontal","12":"ast-product-gallery-with-no-image","13":"ast-magnify-disabled","14":"ast-product-tabs-layout-horizontal","16":"first","17":"instock","18":"shipping-taxable","19":"purchasable","20":"product-type-simple"},"acf":[],"yoast_head":"<!-- This site is optimized with the Yoast SEO plugin v26.7 - https:\/\/yoast.com\/wordpress\/plugins\/seo\/ -->\n<title>Hunajahana 40mm sis\u00e4lt\u00e4\u00e4 vastakappaleen,imgut - Hunajayhtym\u00e4 Oy<\/title>\n<meta name=\"description\" content=\"Muovinen 40 mm hunajahana, sis\u00e4lt\u00e4\u00e4 vastakappaleen\" \/>\n<meta name=\"robots\" content=\"index, follow, max-snippet:-1, max-image-preview:large, max-video-preview:-1\" \/>\n<link rel=\"canonical\" href=\"https:\/\/hunaja.fi\/tuote\/hunajahana-40mm-sisaltaa-vastakappaleen\/\" \/>\n<meta property=\"og:locale\" content=\"ja_JP\" \/>\n<meta property=\"og:type\" content=\"article\" \/>\n<meta property=\"og:title\" content=\"Hunajahana 40mm sis\u00e4lt\u00e4\u00e4 vastakappaleen,imgut - Hunajayhtym\u00e4 Oy\" \/>\n<meta property=\"og:description\" content=\"Muovinen 40 mm hunajahana, sis\u00e4lt\u00e4\u00e4 vastakappaleen\" \/>\n<meta property=\"og:url\" content=\"https:\/\/hunaja.fi\/tuote\/hunajahana-40mm-sisaltaa-vastakappaleen\/\" \/>\n<meta property=\"og:site_name\" content=\"Hunajayhtym\u00e4 Oy\" \/>\n<meta property=\"article:modified_time\" content=\"2023-01-10T09:44:21+00:00\" \/>\n<meta property=\"og:image\" content=\"https:\/\/hunaja.fi\/wp-content\/uploads\/2019\/08\/hunajahana.jpg\" \/>\n\t<meta property=\"og:image:width\" content=\"2256\" \/>\n\t<meta property=\"og:image:height\" content=\"1496\" \/>\n\t<meta property=\"og:image:type\" content=\"image\/jpeg\" \/>\n<meta name=\"twitter:card\" content=\"summary_large_image\" \/>\n<script type=\"application\/ld+json\" class=\"yoast-schema-graph\">{\"@context\":\"https:\/\/schema.org\",\"@graph\":[{\"@type\":\"WebPage\",\"@id\":\"https:\/\/hunaja.fi\/tuote\/hunajahana-40mm-sisaltaa-vastakappaleen\/\",\"url\":\"https:\/\/hunaja.fi\/tuote\/hunajahana-40mm-sisaltaa-vastakappaleen\/\",\"name\":\"Hunajahana 40mm sis\u00e4lt\u00e4\u00e4 vastakappaleen,imgut - Hunajayhtym\u00e4 Oy\",\"isPartOf\":{\"@id\":\"https:\/\/hunaja.fi\/#website\"},\"primaryImageOfPage\":{\"@id\":\"https:\/\/hunaja.fi\/tuote\/hunajahana-40mm-sisaltaa-vastakappaleen\/#primaryimage\"},\"image\":{\"@id\":\"https:\/\/hunaja.fi\/tuote\/hunajahana-40mm-sisaltaa-vastakappaleen\/#primaryimage\"},\"thumbnailUrl\":\"https:\/\/hunaja.fi\/wp-content\/uploads\/2019\/08\/hunajahana.jpg\",\"datePublished\":\"2019-08-29T05:25:31+00:00\",\"dateModified\":\"2023-01-10T09:44:21+00:00\",\"description\":\"Muovinen 40 mm hunajahana, sis\u00e4lt\u00e4\u00e4 vastakappaleen\",\"breadcrumb\":{\"@id\":\"https:\/\/hunaja.fi\/tuote\/hunajahana-40mm-sisaltaa-vastakappaleen\/#breadcrumb\"},\"inLanguage\":\"ja\",\"potentialAction\":[{\"@type\":\"ReadAction\",\"target\":[\"https:\/\/hunaja.fi\/tuote\/hunajahana-40mm-sisaltaa-vastakappaleen\/\"]}]},{\"@type\":\"ImageObject\",\"inLanguage\":\"ja\",\"@id\":\"https:\/\/hunaja.fi\/tuote\/hunajahana-40mm-sisaltaa-vastakappaleen\/#primaryimage\",\"url\":\"https:\/\/hunaja.fi\/wp-content\/uploads\/2019\/08\/hunajahana.jpg\",\"contentUrl\":\"https:\/\/hunaja.fi\/wp-content\/uploads\/2019\/08\/hunajahana.jpg\",\"width\":2256,\"height\":1496},{\"@type\":\"BreadcrumbList\",\"@id\":\"https:\/\/hunaja.fi\/tuote\/hunajahana-40mm-sisaltaa-vastakappaleen\/#breadcrumb\",\"itemListElement\":[{\"@type\":\"ListItem\",\"position\":1,\"name\":\"Etusivu\",\"item\":\"https:\/\/hunaja.fi\/ja\/\"},{\"@type\":\"ListItem\",\"position\":2,\"name\":\"Tuotteet\",\"item\":\"https:\/\/hunaja.fi\/kauppapaikka\/tuotteet\/\"},{\"@type\":\"ListItem\",\"position\":3,\"name\":\"Hunajank\u00e4sittely\",\"item\":\"https:\/\/hunaja.fi\/tuote-osasto\/hunajankasittely\/\"},{\"@type\":\"ListItem\",\"position\":4,\"name\":\"Hunajahana 40mm sis\u00e4lt\u00e4\u00e4 vastakappaleen,imgut\"}]},{\"@type\":\"WebSite\",\"@id\":\"https:\/\/hunaja.fi\/#website\",\"url\":\"https:\/\/hunaja.fi\/\",\"name\":\"Hunajayhtym\u00e4 Oy\",\"description\":\"Nature Loves Finnish Floral Honey\",\"publisher\":{\"@id\":\"https:\/\/hunaja.fi\/#organization\"},\"potentialAction\":[{\"@type\":\"SearchAction\",\"target\":{\"@type\":\"EntryPoint\",\"urlTemplate\":\"https:\/\/hunaja.fi\/?s={search_term_string}\"},\"query-input\":{\"@type\":\"PropertyValueSpecification\",\"valueRequired\":true,\"valueName\":\"search_term_string\"}}],\"inLanguage\":\"ja\"},{\"@type\":\"Organization\",\"@id\":\"https:\/\/hunaja.fi\/#organization\",\"name\":\"Hunajayhtym\u00e4 Oy\",\"url\":\"https:\/\/hunaja.fi\/\",\"logo\":{\"@type\":\"ImageObject\",\"inLanguage\":\"ja\",\"@id\":\"https:\/\/hunaja.fi\/#\/schema\/logo\/image\/\",\"url\":\"https:\/\/hunaja.fi\/wp-content\/uploads\/2021\/07\/Hunajayhtyma_Logo_VAAKA_slogan_cmyk-01.png\",\"contentUrl\":\"https:\/\/hunaja.fi\/wp-content\/uploads\/2021\/07\/Hunajayhtyma_Logo_VAAKA_slogan_cmyk-01.png\",\"width\":656,\"height\":242,\"caption\":\"Hunajayhtym\u00e4 Oy\"},\"image\":{\"@id\":\"https:\/\/hunaja.fi\/#\/schema\/logo\/image\/\"}}]}<\/script>\n<!-- \/ Yoast SEO plugin. -->","yoast_head_json":{"title":"Hunajahana 40mm sis\u00e4lt\u00e4\u00e4 vastakappaleen,imgut - Hunajayhtym\u00e4 Oy","description":"Muovinen 40 mm hunajahana, sis\u00e4lt\u00e4\u00e4 vastakappaleen","robots":{"index":"index","follow":"follow","max-snippet":"max-snippet:-1","max-image-preview":"max-image-preview:large","max-video-preview":"max-video-preview:-1"},"canonical":"https:\/\/hunaja.fi\/tuote\/hunajahana-40mm-sisaltaa-vastakappaleen\/","og_locale":"ja_JP","og_type":"article","og_title":"Hunajahana 40mm sis\u00e4lt\u00e4\u00e4 vastakappaleen,imgut - Hunajayhtym\u00e4 Oy","og_description":"Muovinen 40 mm hunajahana, sis\u00e4lt\u00e4\u00e4 vastakappaleen","og_url":"https:\/\/hunaja.fi\/tuote\/hunajahana-40mm-sisaltaa-vastakappaleen\/","og_site_name":"Hunajayhtym\u00e4 Oy","article_modified_time":"2023-01-10T09:44:21+00:00","og_image":[{"width":2256,"height":1496,"url":"https:\/\/hunaja.fi\/wp-content\/uploads\/2019\/08\/hunajahana.jpg","type":"image\/jpeg"}],"twitter_card":"summary_large_image","schema":{"@context":"https:\/\/schema.org","@graph":[{"@type":"WebPage","@id":"https:\/\/hunaja.fi\/tuote\/hunajahana-40mm-sisaltaa-vastakappaleen\/","url":"https:\/\/hunaja.fi\/tuote\/hunajahana-40mm-sisaltaa-vastakappaleen\/","name":"Hunajahana 40mm sis\u00e4lt\u00e4\u00e4 vastakappaleen,imgut - Hunajayhtym\u00e4 Oy","isPartOf":{"@id":"https:\/\/hunaja.fi\/#website"},"primaryImageOfPage":{"@id":"https:\/\/hunaja.fi\/tuote\/hunajahana-40mm-sisaltaa-vastakappaleen\/#primaryimage"},"image":{"@id":"https:\/\/hunaja.fi\/tuote\/hunajahana-40mm-sisaltaa-vastakappaleen\/#primaryimage"},"thumbnailUrl":"https:\/\/hunaja.fi\/wp-content\/uploads\/2019\/08\/hunajahana.jpg","datePublished":"2019-08-29T05:25:31+00:00","dateModified":"2023-01-10T09:44:21+00:00","description":"Muovinen 40 mm hunajahana, sis\u00e4lt\u00e4\u00e4 vastakappaleen","breadcrumb":{"@id":"https:\/\/hunaja.fi\/tuote\/hunajahana-40mm-sisaltaa-vastakappaleen\/#breadcrumb"},"inLanguage":"ja","potentialAction":[{"@type":"ReadAction","target":["https:\/\/hunaja.fi\/tuote\/hunajahana-40mm-sisaltaa-vastakappaleen\/"]}]},{"@type":"ImageObject","inLanguage":"ja","@id":"https:\/\/hunaja.fi\/tuote\/hunajahana-40mm-sisaltaa-vastakappaleen\/#primaryimage","url":"https:\/\/hunaja.fi\/wp-content\/uploads\/2019\/08\/hunajahana.jpg","contentUrl":"https:\/\/hunaja.fi\/wp-content\/uploads\/2019\/08\/hunajahana.jpg","width":2256,"height":1496},{"@type":"BreadcrumbList","@id":"https:\/\/hunaja.fi\/tuote\/hunajahana-40mm-sisaltaa-vastakappaleen\/#breadcrumb","itemListElement":[{"@type":"ListItem","position":1,"name":"Etusivu","item":"https:\/\/hunaja.fi\/ja\/"},{"@type":"ListItem","position":2,"name":"Tuotteet","item":"https:\/\/hunaja.fi\/kauppapaikka\/tuotteet\/"},{"@type":"ListItem","position":3,"name":"Hunajank\u00e4sittely","item":"https:\/\/hunaja.fi\/tuote-osasto\/hunajankasittely\/"},{"@type":"ListItem","position":4,"name":"Hunajahana 40mm sis\u00e4lt\u00e4\u00e4 vastakappaleen,imgut"}]},{"@type":"WebSite","@id":"https:\/\/hunaja.fi\/#website","url":"https:\/\/hunaja.fi\/","name":"Hunajayhtym\u00e4 Oy","description":"Nature Loves Finnish Floral Honey","publisher":{"@id":"https:\/\/hunaja.fi\/#organization"},"potentialAction":[{"@type":"SearchAction","target":{"@type":"EntryPoint","urlTemplate":"https:\/\/hunaja.fi\/?s={search_term_string}"},"query-input":{"@type":"PropertyValueSpecification","valueRequired":true,"valueName":"search_term_string"}}],"inLanguage":"ja"},{"@type":"Organization","@id":"https:\/\/hunaja.fi\/#organization","name":"Hunajayhtym\u00e4 Oy","url":"https:\/\/hunaja.fi\/","logo":{"@type":"ImageObject","inLanguage":"ja","@id":"https:\/\/hunaja.fi\/#\/schema\/logo\/image\/","url":"https:\/\/hunaja.fi\/wp-content\/uploads\/2021\/07\/Hunajayhtyma_Logo_VAAKA_slogan_cmyk-01.png","contentUrl":"https:\/\/hunaja.fi\/wp-content\/uploads\/2021\/07\/Hunajayhtyma_Logo_VAAKA_slogan_cmyk-01.png","width":656,"height":242,"caption":"Hunajayhtym\u00e4 Oy"},"image":{"@id":"https:\/\/hunaja.fi\/#\/schema\/logo\/image\/"}}]}},"_links":{"self":[{"href":"https:\/\/hunaja.fi\/ja\/wp-json\/wp\/v2\/product\/20955","targetHints":{"allow":["GET"]}}],"collection":[{"href":"https:\/\/hunaja.fi\/ja\/wp-json\/wp\/v2\/product"}],"about":[{"href":"https:\/\/hunaja.fi\/ja\/wp-json\/wp\/v2\/types\/product"}],"wp:featuredmedia":[{"embeddable":true,"href":"https:\/\/hunaja.fi\/ja\/wp-json\/wp\/v2\/media\/20956"}],"wp:attachment":[{"href":"https:\/\/hunaja.fi\/ja\/wp-json\/wp\/v2\/media?parent=20955"}],"wp:term":[{"taxonomy":"product_brand","embeddable":true,"href":"https:\/\/hunaja.fi\/ja\/wp-json\/wp\/v2\/product_brand?post=20955"},{"taxonomy":"product_cat","embeddable":true,"href":"https:\/\/hunaja.fi\/ja\/wp-json\/wp\/v2\/product_cat?post=20955"},{"taxonomy":"product_tag","embeddable":true,"href":"https:\/\/hunaja.fi\/ja\/wp-json\/wp\/v2\/product_tag?post=20955"}],"curies":[{"name":"wp","href":"https:\/\/api.w.org\/{rel}","templated":true}]}}