{"id":17163,"date":"2018-07-13T15:33:53","date_gmt":"2018-07-13T12:33:53","guid":{"rendered":"https:\/\/www.hunaja.fi\/?post_type=product&#038;p=17163"},"modified":"2025-09-17T08:44:52","modified_gmt":"2025-09-17T05:44:52","slug":"hammastahna-propolis-yrtit","status":"publish","type":"product","link":"https:\/\/hunaja.fi\/ja\/tuote\/hammastahna-propolis-yrtit\/","title":{"rendered":"Hammastahna, propolis &#038; yrtit"},"content":{"rendered":"<p>Hammastahna, joka sis\u00e4lt\u00e4\u00e4 propolista ja yrttej\u00e4 mutta my\u00f6s fluoria ja kalsiumia. Suojaa hampaita ja ikeni\u00e4.<\/p>\n<p>Pakkauksen koko 100 ml.<\/p>\n<p>&nbsp;<\/p>\n<p><em>Aqua, Hydrated silica, Glycerin, Sorbitol, Xylitol, Cellulose gum, Propolis extract, Illicium Verum oil, Mentha arvensis herb oil, Potentilla Tormentilla extract, Tilia cordata extract, Krameria Triandra extract, Plantago lanceolata extract, Aloe barbadensis leaf juice powder, Glycyrrhiza glabra extract, Aesculus hippocastanum extract, Malva silvestris extract, Mimosa tenuiflora extract, Glycyrrhetinic acid, Sodium fluoride, Zinc citrate, Calcium gluconate, Sodium bicarbonate, Cocamidopropyl betaina, Parfum (Flavor), Alcohol, Propylene glycol, Sodium benzoate, Limonene, Linalool, CI 77981 (Titanium dioxide).<\/em><\/p>\n","protected":false},"excerpt":{"rendered":"<p>Hammastahna, joka sis\u00e4lt\u00e4\u00e4 propolista ja yrttej\u00e4 mutta  [&hellip;]<\/p>\n","protected":false},"featured_media":17102,"template":"","meta":{"_acf_changed":false,"_improvement_type_select":"improve_an_existing","_thumb_yes_seoaic":false,"_frame_yes_seoaic":false,"seoaic_generate_description":"","seoaic_improve_instructions_prompt":"","seoaic_rollback_content_improvement":"","seoaic_idea_thumbnail_generator":"","thumbnail_generated":false,"thumbnail_generate_prompt":"","seoaic_article_description":"","site-sidebar-layout":"default","site-content-layout":"default","ast-site-content-layout":"default","site-content-style":"default","site-sidebar-style":"default","ast-global-header-display":"","ast-banner-title-visibility":"","ast-main-header-display":"","ast-hfb-above-header-display":"","ast-hfb-below-header-display":"","ast-hfb-mobile-header-display":"","site-post-title":"","ast-breadcrumbs-content":"","ast-featured-img":"","footer-sml-layout":"","ast-disable-related-posts":"","theme-transparent-header-meta":"default","adv-header-id-meta":"","stick-header-meta":"default","header-above-stick-meta":"","header-main-stick-meta":"","header-below-stick-meta":"","astra-migrate-meta-layouts":"set","ast-page-background-enabled":"default","ast-page-background-meta":{"desktop":{"background-color":"","background-image":"","background-repeat":"repeat","background-position":"center center","background-size":"auto","background-attachment":"scroll","background-type":"","background-media":"","overlay-type":"","overlay-color":"","overlay-opacity":"","overlay-gradient":""},"tablet":{"background-color":"","background-image":"","background-repeat":"repeat","background-position":"center center","background-size":"auto","background-attachment":"scroll","background-type":"","background-media":"","overlay-type":"","overlay-color":"","overlay-opacity":"","overlay-gradient":""},"mobile":{"background-color":"","background-image":"","background-repeat":"repeat","background-position":"center center","background-size":"auto","background-attachment":"scroll","background-type":"","background-media":"","overlay-type":"","overlay-color":"","overlay-opacity":"","overlay-gradient":""}},"ast-content-background-meta":{"desktop":{"background-color":"var(--ast-global-color-5)","background-image":"","background-repeat":"repeat","background-position":"center center","background-size":"auto","background-attachment":"scroll","background-type":"","background-media":"","overlay-type":"","overlay-color":"","overlay-opacity":"","overlay-gradient":""},"tablet":{"background-color":"var(--ast-global-color-5)","background-image":"","background-repeat":"repeat","background-position":"center center","background-size":"auto","background-attachment":"scroll","background-type":"","background-media":"","overlay-type":"","overlay-color":"","overlay-opacity":"","overlay-gradient":""},"mobile":{"background-color":"var(--ast-global-color-5)","background-image":"","background-repeat":"repeat","background-position":"center center","background-size":"auto","background-attachment":"scroll","background-type":"","background-media":"","overlay-type":"","overlay-color":"","overlay-opacity":"","overlay-gradient":""}}},"product_brand":[],"product_cat":[568],"product_tag":[1307,1304,1305,1306],"class_list":{"0":"post-17163","1":"product","2":"type-product","3":"status-publish","4":"has-post-thumbnail","6":"product_cat-kauneus-ja-puhtaus","7":"product_tag-hammas","8":"product_tag-hammastahna","9":"product_tag-propolis","10":"product_tag-suunhoito","11":"desktop-align-center","12":"tablet-align-center","13":"mobile-align-center","14":"ast-product-gallery-layout-horizontal","15":"ast-product-gallery-with-no-image","16":"ast-magnify-disabled","17":"ast-product-tabs-layout-horizontal","19":"first","20":"instock","21":"shipping-taxable","22":"purchasable","23":"product-type-simple"},"acf":[],"yoast_head":"<!-- This site is optimized with the Yoast SEO plugin v26.7 - https:\/\/yoast.com\/wordpress\/plugins\/seo\/ -->\n<title>Hammastahna, propolis &amp; yrtit - Hunajayhtym\u00e4 Oy<\/title>\n<meta name=\"description\" content=\"Hammastahna, joka sis\u00e4lt\u00e4\u00e4 propolista ja yrttej\u00e4 mutta my\u00f6s fluoria ja\" \/>\n<meta name=\"robots\" content=\"index, follow, max-snippet:-1, max-image-preview:large, max-video-preview:-1\" \/>\n<link rel=\"canonical\" href=\"https:\/\/hunaja.fi\/tuote\/hammastahna-propolis-yrtit\/\" \/>\n<meta property=\"og:locale\" content=\"ja_JP\" \/>\n<meta property=\"og:type\" content=\"article\" \/>\n<meta property=\"og:title\" content=\"Hammastahna, propolis &amp; yrtit - Hunajayhtym\u00e4 Oy\" \/>\n<meta property=\"og:description\" content=\"Hammastahna, joka sis\u00e4lt\u00e4\u00e4 propolista ja yrttej\u00e4 mutta my\u00f6s fluoria ja\" \/>\n<meta property=\"og:url\" content=\"https:\/\/hunaja.fi\/tuote\/hammastahna-propolis-yrtit\/\" \/>\n<meta property=\"og:site_name\" content=\"Hunajayhtym\u00e4 Oy\" \/>\n<meta property=\"article:modified_time\" content=\"2025-09-17T05:44:52+00:00\" \/>\n<meta property=\"og:image\" content=\"https:\/\/hunaja.fi\/wp-content\/uploads\/2018\/07\/DSC_0497oikea.jpg\" \/>\n\t<meta property=\"og:image:width\" content=\"1440\" \/>\n\t<meta property=\"og:image:height\" content=\"1496\" \/>\n\t<meta property=\"og:image:type\" content=\"image\/jpeg\" \/>\n<meta name=\"twitter:card\" content=\"summary_large_image\" \/>\n<meta name=\"twitter:label1\" content=\"\u63a8\u5b9a\u8aad\u307f\u53d6\u308a\u6642\u9593\" \/>\n\t<meta name=\"twitter:data1\" content=\"1\u5206\" \/>\n<script type=\"application\/ld+json\" class=\"yoast-schema-graph\">{\"@context\":\"https:\/\/schema.org\",\"@graph\":[{\"@type\":\"WebPage\",\"@id\":\"https:\/\/hunaja.fi\/tuote\/hammastahna-propolis-yrtit\/\",\"url\":\"https:\/\/hunaja.fi\/tuote\/hammastahna-propolis-yrtit\/\",\"name\":\"Hammastahna, propolis & yrtit - Hunajayhtym\u00e4 Oy\",\"isPartOf\":{\"@id\":\"https:\/\/hunaja.fi\/#website\"},\"primaryImageOfPage\":{\"@id\":\"https:\/\/hunaja.fi\/tuote\/hammastahna-propolis-yrtit\/#primaryimage\"},\"image\":{\"@id\":\"https:\/\/hunaja.fi\/tuote\/hammastahna-propolis-yrtit\/#primaryimage\"},\"thumbnailUrl\":\"https:\/\/hunaja.fi\/wp-content\/uploads\/2018\/07\/DSC_0497oikea.jpg\",\"datePublished\":\"2018-07-13T12:33:53+00:00\",\"dateModified\":\"2025-09-17T05:44:52+00:00\",\"description\":\"Hammastahna, joka sis\u00e4lt\u00e4\u00e4 propolista ja yrttej\u00e4 mutta my\u00f6s fluoria ja\",\"breadcrumb\":{\"@id\":\"https:\/\/hunaja.fi\/tuote\/hammastahna-propolis-yrtit\/#breadcrumb\"},\"inLanguage\":\"ja\",\"potentialAction\":[{\"@type\":\"ReadAction\",\"target\":[\"https:\/\/hunaja.fi\/tuote\/hammastahna-propolis-yrtit\/\"]}]},{\"@type\":\"ImageObject\",\"inLanguage\":\"ja\",\"@id\":\"https:\/\/hunaja.fi\/tuote\/hammastahna-propolis-yrtit\/#primaryimage\",\"url\":\"https:\/\/hunaja.fi\/wp-content\/uploads\/2018\/07\/DSC_0497oikea.jpg\",\"contentUrl\":\"https:\/\/hunaja.fi\/wp-content\/uploads\/2018\/07\/DSC_0497oikea.jpg\",\"width\":1440,\"height\":1496},{\"@type\":\"BreadcrumbList\",\"@id\":\"https:\/\/hunaja.fi\/tuote\/hammastahna-propolis-yrtit\/#breadcrumb\",\"itemListElement\":[{\"@type\":\"ListItem\",\"position\":1,\"name\":\"Etusivu\",\"item\":\"https:\/\/hunaja.fi\/ja\/\"},{\"@type\":\"ListItem\",\"position\":2,\"name\":\"Tuotteet\",\"item\":\"https:\/\/hunaja.fi\/kauppapaikka\/tuotteet\/\"},{\"@type\":\"ListItem\",\"position\":3,\"name\":\"Kauneus ja puhtaus\",\"item\":\"https:\/\/hunaja.fi\/ja\/tuote-osasto\/kauneus-ja-puhtaus\/\"},{\"@type\":\"ListItem\",\"position\":4,\"name\":\"Hammastahna, propolis &#038; yrtit\"}]},{\"@type\":\"WebSite\",\"@id\":\"https:\/\/hunaja.fi\/#website\",\"url\":\"https:\/\/hunaja.fi\/\",\"name\":\"Hunajayhtym\u00e4 Oy\",\"description\":\"Nature Loves Finnish Floral Honey\",\"publisher\":{\"@id\":\"https:\/\/hunaja.fi\/#organization\"},\"potentialAction\":[{\"@type\":\"SearchAction\",\"target\":{\"@type\":\"EntryPoint\",\"urlTemplate\":\"https:\/\/hunaja.fi\/?s={search_term_string}\"},\"query-input\":{\"@type\":\"PropertyValueSpecification\",\"valueRequired\":true,\"valueName\":\"search_term_string\"}}],\"inLanguage\":\"ja\"},{\"@type\":\"Organization\",\"@id\":\"https:\/\/hunaja.fi\/#organization\",\"name\":\"Hunajayhtym\u00e4 Oy\",\"url\":\"https:\/\/hunaja.fi\/\",\"logo\":{\"@type\":\"ImageObject\",\"inLanguage\":\"ja\",\"@id\":\"https:\/\/hunaja.fi\/#\/schema\/logo\/image\/\",\"url\":\"https:\/\/hunaja.fi\/wp-content\/uploads\/2021\/07\/Hunajayhtyma_Logo_VAAKA_slogan_cmyk-01.png\",\"contentUrl\":\"https:\/\/hunaja.fi\/wp-content\/uploads\/2021\/07\/Hunajayhtyma_Logo_VAAKA_slogan_cmyk-01.png\",\"width\":656,\"height\":242,\"caption\":\"Hunajayhtym\u00e4 Oy\"},\"image\":{\"@id\":\"https:\/\/hunaja.fi\/#\/schema\/logo\/image\/\"}}]}<\/script>\n<!-- \/ Yoast SEO plugin. -->","yoast_head_json":{"title":"Hammastahna, propolis & yrtit - Hunajayhtym\u00e4 Oy","description":"Hammastahna, joka sis\u00e4lt\u00e4\u00e4 propolista ja yrttej\u00e4 mutta my\u00f6s fluoria ja","robots":{"index":"index","follow":"follow","max-snippet":"max-snippet:-1","max-image-preview":"max-image-preview:large","max-video-preview":"max-video-preview:-1"},"canonical":"https:\/\/hunaja.fi\/tuote\/hammastahna-propolis-yrtit\/","og_locale":"ja_JP","og_type":"article","og_title":"Hammastahna, propolis & yrtit - Hunajayhtym\u00e4 Oy","og_description":"Hammastahna, joka sis\u00e4lt\u00e4\u00e4 propolista ja yrttej\u00e4 mutta my\u00f6s fluoria ja","og_url":"https:\/\/hunaja.fi\/tuote\/hammastahna-propolis-yrtit\/","og_site_name":"Hunajayhtym\u00e4 Oy","article_modified_time":"2025-09-17T05:44:52+00:00","og_image":[{"width":1440,"height":1496,"url":"https:\/\/hunaja.fi\/wp-content\/uploads\/2018\/07\/DSC_0497oikea.jpg","type":"image\/jpeg"}],"twitter_card":"summary_large_image","twitter_misc":{"\u63a8\u5b9a\u8aad\u307f\u53d6\u308a\u6642\u9593":"1\u5206"},"schema":{"@context":"https:\/\/schema.org","@graph":[{"@type":"WebPage","@id":"https:\/\/hunaja.fi\/tuote\/hammastahna-propolis-yrtit\/","url":"https:\/\/hunaja.fi\/tuote\/hammastahna-propolis-yrtit\/","name":"Hammastahna, propolis & yrtit - Hunajayhtym\u00e4 Oy","isPartOf":{"@id":"https:\/\/hunaja.fi\/#website"},"primaryImageOfPage":{"@id":"https:\/\/hunaja.fi\/tuote\/hammastahna-propolis-yrtit\/#primaryimage"},"image":{"@id":"https:\/\/hunaja.fi\/tuote\/hammastahna-propolis-yrtit\/#primaryimage"},"thumbnailUrl":"https:\/\/hunaja.fi\/wp-content\/uploads\/2018\/07\/DSC_0497oikea.jpg","datePublished":"2018-07-13T12:33:53+00:00","dateModified":"2025-09-17T05:44:52+00:00","description":"Hammastahna, joka sis\u00e4lt\u00e4\u00e4 propolista ja yrttej\u00e4 mutta my\u00f6s fluoria ja","breadcrumb":{"@id":"https:\/\/hunaja.fi\/tuote\/hammastahna-propolis-yrtit\/#breadcrumb"},"inLanguage":"ja","potentialAction":[{"@type":"ReadAction","target":["https:\/\/hunaja.fi\/tuote\/hammastahna-propolis-yrtit\/"]}]},{"@type":"ImageObject","inLanguage":"ja","@id":"https:\/\/hunaja.fi\/tuote\/hammastahna-propolis-yrtit\/#primaryimage","url":"https:\/\/hunaja.fi\/wp-content\/uploads\/2018\/07\/DSC_0497oikea.jpg","contentUrl":"https:\/\/hunaja.fi\/wp-content\/uploads\/2018\/07\/DSC_0497oikea.jpg","width":1440,"height":1496},{"@type":"BreadcrumbList","@id":"https:\/\/hunaja.fi\/tuote\/hammastahna-propolis-yrtit\/#breadcrumb","itemListElement":[{"@type":"ListItem","position":1,"name":"Etusivu","item":"https:\/\/hunaja.fi\/ja\/"},{"@type":"ListItem","position":2,"name":"Tuotteet","item":"https:\/\/hunaja.fi\/kauppapaikka\/tuotteet\/"},{"@type":"ListItem","position":3,"name":"Kauneus ja puhtaus","item":"https:\/\/hunaja.fi\/ja\/tuote-osasto\/kauneus-ja-puhtaus\/"},{"@type":"ListItem","position":4,"name":"Hammastahna, propolis &#038; yrtit"}]},{"@type":"WebSite","@id":"https:\/\/hunaja.fi\/#website","url":"https:\/\/hunaja.fi\/","name":"Hunajayhtym\u00e4 Oy","description":"Nature Loves Finnish Floral Honey","publisher":{"@id":"https:\/\/hunaja.fi\/#organization"},"potentialAction":[{"@type":"SearchAction","target":{"@type":"EntryPoint","urlTemplate":"https:\/\/hunaja.fi\/?s={search_term_string}"},"query-input":{"@type":"PropertyValueSpecification","valueRequired":true,"valueName":"search_term_string"}}],"inLanguage":"ja"},{"@type":"Organization","@id":"https:\/\/hunaja.fi\/#organization","name":"Hunajayhtym\u00e4 Oy","url":"https:\/\/hunaja.fi\/","logo":{"@type":"ImageObject","inLanguage":"ja","@id":"https:\/\/hunaja.fi\/#\/schema\/logo\/image\/","url":"https:\/\/hunaja.fi\/wp-content\/uploads\/2021\/07\/Hunajayhtyma_Logo_VAAKA_slogan_cmyk-01.png","contentUrl":"https:\/\/hunaja.fi\/wp-content\/uploads\/2021\/07\/Hunajayhtyma_Logo_VAAKA_slogan_cmyk-01.png","width":656,"height":242,"caption":"Hunajayhtym\u00e4 Oy"},"image":{"@id":"https:\/\/hunaja.fi\/#\/schema\/logo\/image\/"}}]}},"_links":{"self":[{"href":"https:\/\/hunaja.fi\/ja\/wp-json\/wp\/v2\/product\/17163","targetHints":{"allow":["GET"]}}],"collection":[{"href":"https:\/\/hunaja.fi\/ja\/wp-json\/wp\/v2\/product"}],"about":[{"href":"https:\/\/hunaja.fi\/ja\/wp-json\/wp\/v2\/types\/product"}],"wp:featuredmedia":[{"embeddable":true,"href":"https:\/\/hunaja.fi\/ja\/wp-json\/wp\/v2\/media\/17102"}],"wp:attachment":[{"href":"https:\/\/hunaja.fi\/ja\/wp-json\/wp\/v2\/media?parent=17163"}],"wp:term":[{"taxonomy":"product_brand","embeddable":true,"href":"https:\/\/hunaja.fi\/ja\/wp-json\/wp\/v2\/product_brand?post=17163"},{"taxonomy":"product_cat","embeddable":true,"href":"https:\/\/hunaja.fi\/ja\/wp-json\/wp\/v2\/product_cat?post=17163"},{"taxonomy":"product_tag","embeddable":true,"href":"https:\/\/hunaja.fi\/ja\/wp-json\/wp\/v2\/product_tag?post=17163"}],"curies":[{"name":"wp","href":"https:\/\/api.w.org\/{rel}","templated":true}]}}