{"id":9014,"date":"2013-04-15T15:32:37","date_gmt":"2013-04-15T12:32:37","guid":{"rendered":"https:\/\/www.hunaja.fi\/ja\/?page_id=9014"},"modified":"2022-10-26T15:17:35","modified_gmt":"2022-10-26T12:17:35","slug":"mieleinen-original-340g-jp","status":"publish","type":"page","link":"https:\/\/hunaja.fi\/ja\/honey-products-jp\/mieleinen-original-340g-jp\/","title":{"rendered":"\u30df\u30a8\u30ec\u30a4\u30cd\u30f3\u3000\u30aa\u30ea\u30b8\u30ca\u30eb 340g"},"content":{"rendered":"<p>\u30df\u30a8\u30ec\u30a4\u30cd\u30f3\u306f\u30d5\u30ca\u30e4\u30a6\u30d5\u30c8\u30a5\u30de\u3060\u3051\u306e\u30e6\u30cb\u30fc\u30af\u306a\u306f\u3061\u307f\u3064\u30d7\u30ed\u30c0\u30af\u30c8\u3002\u30d5\u30a3\u30f3\u30e9\u30f3\u30c9\u306e\u306f\u3061\u307f\u3064\u306b<strong><span style=\"color: #ff0000;\">\u98df\u7269\u7e4a\u7dad\u309234\uff05\u30d7\u30e9\u30b9<\/span>\u3002 \u7f8e\u5473\u3057\u304f\u3066\u3001\u6574\u8178\u52b9\u679c\u3082\u671f\u5f85\u3067\u304d\u308b\u4e0a\u3001\u666e\u901a\u306e\u30cf\u30c1\u30df\u30c4\u306b\u6bd4\u3079<span style=\"color: #ff0000;\">\u70ad\u6c34\u5316\u7269\u91cf\u306f48\uff05\u6e1b<\/span><\/strong>\u3002\u7518\u3055\u3082\u5c11\u3057\u63a7\u3048\u3081\u306a\u306e\u3067\u3001\u666e\u901a\u306e\u306f\u3061\u307f\u3064\u3067\u306f\u3061\u3087\u3063\u3068\u7518\u3059\u304e\u308b\u3001\u3068\u3044\u3046\u65b9\u306b\u3082\u3002<\/p>\n<div><\/div>\n<p><span class=\"did-you-know bee\">\u30df\u30a8\u30ec\u30a4\u30cd\u30f3\u306e\u70ad\u6c34\u5316\u7269\u91cf\u306f\u666e\u901a\u306e\u306f\u3061\u307f\u3064\u306e\u307b\u307c\u534a\u91cf\u306a\u306e\u3067\u3001\u30c0\u30a4\u30a8\u30c3\u30c8\u4e2d\u306e\u65b9\u3084\u904e\u654f\u6027\u8178\u75c7\u5019\u7fa4\u3067\u4f4eFODMAP\u306e\u98df\u4e8b\u3092\u3055\u308c\u3066\u3044\u308b\u65b9\u306b\u3082\u304a\u3059\u3059\u3081\u3067\u3059\u3002<\/span><\/p>\n<p>&nbsp;<\/p>\n<figure id=\"attachment_30026\" aria-describedby=\"caption-attachment-30026\" style=\"width: 215px\" class=\"wp-caption aligncenter\"><img decoding=\"async\" class=\"wp-image-30026\" src=\"https:\/\/hunaja.fi\/wp-content\/uploads\/2021\/09\/Hunajayhtyma_Mieleinen_340g_Original_6412324443205-scaled.jpg\" alt=\"Hunajayhtyma_Mieleinen_340g\" width=\"215\" height=\"351\" srcset=\"https:\/\/hunaja.fi\/wp-content\/uploads\/2021\/09\/Hunajayhtyma_Mieleinen_340g_Original_6412324443205-scaled.jpg 1569w, https:\/\/hunaja.fi\/wp-content\/uploads\/2021\/09\/Hunajayhtyma_Mieleinen_340g_Original_6412324443205-941x1536.jpg 941w, https:\/\/hunaja.fi\/wp-content\/uploads\/2021\/09\/Hunajayhtyma_Mieleinen_340g_Original_6412324443205-1255x2048.jpg 1255w, https:\/\/hunaja.fi\/wp-content\/uploads\/2021\/09\/Hunajayhtyma_Mieleinen_340g_Original_6412324443205-42x68.jpg 42w, https:\/\/hunaja.fi\/wp-content\/uploads\/2021\/09\/Hunajayhtyma_Mieleinen_340g_Original_6412324443205-54x88.jpg 54w, https:\/\/hunaja.fi\/wp-content\/uploads\/2021\/09\/Hunajayhtyma_Mieleinen_340g_Original_6412324443205-196x320.jpg 196w, https:\/\/hunaja.fi\/wp-content\/uploads\/2021\/09\/Hunajayhtyma_Mieleinen_340g_Original_6412324443205-441x720.jpg 441w, https:\/\/hunaja.fi\/wp-content\/uploads\/2021\/09\/Hunajayhtyma_Mieleinen_340g_Original_6412324443205-500x816.jpg 500w\" sizes=\"(max-width: 215px) 100vw, 215px\" \/><figcaption id=\"caption-attachment-30026\" class=\"wp-caption-text\">\u30df\u30a8\u30ec\u30a4\u30cd\u30f3\u3000\u30aa\u30ea\u30b8\u30ca\u30eb 340g<\/figcaption><\/figure>\n<h2><\/h2>\n<h2 style=\"text-align: center;\">\u30b5\u30e9\u30b5\u30e9\u6ed1\u3089\u304b\u30c6\u30af\u30b9\u30c1\u30e3\u30fc<\/h2>\n<p>\u306f\u3061\u307f\u3064\u306f\u6642\u9593\u304c\u7d4c\u3064\u3068\u7d50\u6676\u5316\u3059\u308b\u3001\u30aa\u30fc\u30ac\u30cb\u30c3\u30af\u306a\u5929\u7136\u30d7\u30ed\u30c0\u30af\u30c8\u3067\u3059\u304c\u3001\u30df\u30a8\u30ec\u30a4\u30cd\u30f3\u306f\u6d41\u308c\u308b\u3088\u3046\u306b\u6ed1\u3089\u304b\u306a\u30c6\u30af\u30b9\u30c1\u30e3\u30fc\u3092\u4fdd\u3061\u307e\u3059\u3002\u30d5\u30a9\u30ec\u30b9\u30c8\u30d6\u30eb\u30fc\u30d9\u30ea\u30fc\u3068\u30b9\u30c8\u30ed\u30d9\u30ea\u30fc\u30d5\u30ec\u30fc\u30d0\u30fc\u306e\u30df\u30a8\u30ec\u30a4\u30cd\u30f3\u3082\u3042\u308a\u307e\u3059\u304c\u3001\u306f\u3061\u307f\u3064\u305d\u306e\u3082\u306e\u306e\u30d7\u30ec\u30fc\u30f3\u306a\u5473\u3092\u697d\u3057\u307f\u305f\u3044\u65b9\u3001\u304a\u6599\u7406\u306e\u57fa\u672c\u7518\u5473\u6599\u3068\u3057\u3066\u4f7f\u3044\u305f\u3044\u3001\u3068\u3044\u3046\u65b9\u306b\u306f\u3001\u3053\u306e\u30aa\u30ea\u30b8\u30ca\u30eb\u304c\u3074\u3063\u305f\u308a\u3002\u4f7f\u3044\u52dd\u624b\u306e\u3088\u3044\u30b7\u30ea\u30b3\u30f3\u88fd\u306e\u30dc\u30c8\u30eb\u53e3\u958b\u9589\u30e1\u30ab\u30cb\u30ba\u30e0\u304c\u3001\u624b\u3084\u30dc\u30c8\u30eb\u30ad\u30e3\u30c3\u30d7\u3092\u6c5a\u3059\u3053\u3068\u306a\u304f\u3001\u6b32\u3057\u3044\u6642\u306b\u6b32\u3057\u3044\u5206\u91cf\u3060\u3051\u3001\u3092\u5b9f\u73fe\u3057\u307e\u3057\u305f\u3002<\/p>\n<p>\u3053\u306e\u5546\u54c1\u306b\u3064\u3044\u3066\u8a73\u3057\u304f\u306f\u3001\u3053\u3061\u3089\u306e\u30da\u30fc\u30b8\u3078<strong> <a title=\"Mieleinen\" href=\"http:\/\/www.mieleinen.fi\" target=\"_blank\" rel=\"noopener noreferrer\">www.mieleinen.fi<\/a>.<\/strong><\/p>\n<p>&nbsp;<\/p>\n<figure id=\"attachment_30796\" aria-describedby=\"caption-attachment-30796\" style=\"width: 1280px\" class=\"wp-caption aligncenter\"><img decoding=\"async\" class=\"wp-image-30796 size-medium\" src=\"https:\/\/hunaja.fi\/wp-content\/uploads\/2021\/10\/intro-poster-2021-1280x720.jpg\" alt=\"\" width=\"1280\" height=\"720\" srcset=\"https:\/\/hunaja.fi\/wp-content\/uploads\/2021\/10\/intro-poster-2021-1280x720.jpg 1280w, https:\/\/hunaja.fi\/wp-content\/uploads\/2021\/10\/intro-poster-2021-1536x864.jpg 1536w, https:\/\/hunaja.fi\/wp-content\/uploads\/2021\/10\/intro-poster-2021-68x38.jpg 68w, https:\/\/hunaja.fi\/wp-content\/uploads\/2021\/10\/intro-poster-2021-156x88.jpg 156w, https:\/\/hunaja.fi\/wp-content\/uploads\/2021\/10\/intro-poster-2021-480x270.jpg 480w, https:\/\/hunaja.fi\/wp-content\/uploads\/2021\/10\/intro-poster-2021-500x281.jpg 500w, https:\/\/hunaja.fi\/wp-content\/uploads\/2021\/10\/intro-poster-2021.jpg 1920w\" sizes=\"(max-width: 1280px) 100vw, 1280px\" \/><figcaption id=\"caption-attachment-30796\" class=\"wp-caption-text\">\u30d6\u30eb\u30fc\u30d9\u30ea\u30fc\u3001\u30b9\u30c8\u30ed\u30d9\u30ea\u30fc\u30d5\u30ec\u30fc\u30d0\u30fc\u306e\u30df\u30a8\u30ec\u30a4\u30cd\u30f3\u3082\u304a\u3059\u3059\u3081\u3002\u3044\u305a\u308c\u306e\u5546\u54c1\u3082\u30d5\u30a3\u30f3\u30e9\u30f3\u30c9\u7523\u306e\u30d9\u30ea\u30fc\u3092\u539f\u6599\u306b\u4f7f\u7528\u3057\u3066\u3044\u307e\u3059<\/figcaption><\/figure>\n<div class=\"ast-oembed-container \" style=\"height: 100%;\"><iframe title=\"Mieleinen - suomalaista hunajaa &amp; kuitua\" width=\"500\" height=\"281\" src=\"https:\/\/www.youtube.com\/embed\/BMnoJbsg1bw?feature=oembed\" frameborder=\"0\" allow=\"accelerometer; autoplay; clipboard-write; encrypted-media; gyroscope; picture-in-picture; web-share\" referrerpolicy=\"strict-origin-when-cross-origin\" allowfullscreen><\/iframe><\/div>\n<p><span style=\"border-radius: 2px; text-indent: 20px; width: auto; padding: 0px 4px 0px 0px; text-align: center; font: bold 11px\/20px 'Helvetica Neue',Helvetica,sans-serif; color: #ffffff; background: #bd081c no-repeat scroll 3px 50% \/ 14px 14px; position: absolute; opacity: 0.85; z-index: 8675309; display: none; cursor: pointer; top: 230px; left: 560px;\">Tallenna<\/span><\/p>\n","protected":false},"excerpt":{"rendered":"<p>\u30df\u30a8\u30ec\u30a4\u30cd\u30f3\u306f\u30d5\u30ca\u30e4\u30a6\u30d5\u30c8\u30a5\u30de\u3060\u3051\u306e\u30e6\u30cb\u30fc\u30af\u306a\u306f\u3061\u307f\u3064\u30d7\u30ed\u30c0\u30af\u30c8\u3002\u30d5\u30a3\u30f3\u30e9\u30f3\u30c9\u306e\u306f\u3061\u307f\u3064\u306b\u98df\u7269\u7e4a\u7dad\u309234\uff05\u30d7\u30e9 [&hellip;]<\/p>\n","protected":false},"author":4,"featured_media":31012,"parent":8997,"menu_order":5,"comment_status":"closed","ping_status":"closed","template":"","meta":{"_acf_changed":false,"_improvement_type_select":"improve_an_existing","_thumb_yes_seoaic":false,"_frame_yes_seoaic":false,"seoaic_generate_description":"","seoaic_improve_instructions_prompt":"","seoaic_rollback_content_improvement":"","seoaic_idea_thumbnail_generator":"","thumbnail_generated":false,"thumbnail_generate_prompt":"","seoaic_article_description":"","site-sidebar-layout":"default","site-content-layout":"default","ast-site-content-layout":"default","site-content-style":"default","site-sidebar-style":"default","ast-global-header-display":"","ast-banner-title-visibility":"","ast-main-header-display":"","ast-hfb-above-header-display":"","ast-hfb-below-header-display":"","ast-hfb-mobile-header-display":"","site-post-title":"","ast-breadcrumbs-content":"","ast-featured-img":"","footer-sml-layout":"","ast-disable-related-posts":"","theme-transparent-header-meta":"default","adv-header-id-meta":"","stick-header-meta":"default","header-above-stick-meta":"","header-main-stick-meta":"","header-below-stick-meta":"","astra-migrate-meta-layouts":"default","ast-page-background-enabled":"default","ast-page-background-meta":{"desktop":{"background-color":"","background-image":"","background-repeat":"repeat","background-position":"center center","background-size":"auto","background-attachment":"scroll","background-type":"","background-media":"","overlay-type":"","overlay-color":"","overlay-opacity":"","overlay-gradient":""},"tablet":{"background-color":"","background-image":"","background-repeat":"repeat","background-position":"center center","background-size":"auto","background-attachment":"scroll","background-type":"","background-media":"","overlay-type":"","overlay-color":"","overlay-opacity":"","overlay-gradient":""},"mobile":{"background-color":"","background-image":"","background-repeat":"repeat","background-position":"center center","background-size":"auto","background-attachment":"scroll","background-type":"","background-media":"","overlay-type":"","overlay-color":"","overlay-opacity":"","overlay-gradient":""}},"ast-content-background-meta":{"desktop":{"background-color":"var(--ast-global-color-5)","background-image":"","background-repeat":"repeat","background-position":"center center","background-size":"auto","background-attachment":"scroll","background-type":"","background-media":"","overlay-type":"","overlay-color":"","overlay-opacity":"","overlay-gradient":""},"tablet":{"background-color":"var(--ast-global-color-5)","background-image":"","background-repeat":"repeat","background-position":"center center","background-size":"auto","background-attachment":"scroll","background-type":"","background-media":"","overlay-type":"","overlay-color":"","overlay-opacity":"","overlay-gradient":""},"mobile":{"background-color":"var(--ast-global-color-5)","background-image":"","background-repeat":"repeat","background-position":"center center","background-size":"auto","background-attachment":"scroll","background-type":"","background-media":"","overlay-type":"","overlay-color":"","overlay-opacity":"","overlay-gradient":""}},"footnotes":""},"class_list":["post-9014","page","type-page","status-publish","has-post-thumbnail","hentry"],"acf":[],"yoast_head":"<!-- This site is optimized with the Yoast SEO plugin v26.7 - https:\/\/yoast.com\/wordpress\/plugins\/seo\/ -->\n<title>Mieleinen hunajatuote 340 g - Tutustu t\u00e4st\u00e4! | Hunajayhtym\u00e4 Oy<\/title>\n<meta name=\"description\" content=\"Mieleinen on hunajatuote, jossa yhdistyv\u00e4t makeus ja kuidut. Kuitua 34 % ja 48 % v\u00e4hemm\u00e4n hiilihydraatteja. Tutustu Mieleiseen sivuillamme.\" \/>\n<meta name=\"robots\" content=\"index, follow, max-snippet:-1, max-image-preview:large, max-video-preview:-1\" \/>\n<link rel=\"canonical\" href=\"https:\/\/hunaja.fi\/ja\/honey-products-jp\/mieleinen-original-340g-jp\/\" \/>\n<meta property=\"og:locale\" content=\"ja_JP\" \/>\n<meta property=\"og:type\" content=\"article\" \/>\n<meta property=\"og:title\" content=\"Mieleinen hunajatuote 340 g - Tutustu t\u00e4st\u00e4! | Hunajayhtym\u00e4 Oy\" \/>\n<meta property=\"og:description\" content=\"Mieleinen on hunajatuote, jossa yhdistyv\u00e4t makeus ja kuidut. Kuitua 34 % ja 48 % v\u00e4hemm\u00e4n hiilihydraatteja. Tutustu Mieleiseen sivuillamme.\" \/>\n<meta property=\"og:url\" content=\"https:\/\/hunaja.fi\/ja\/honey-products-jp\/mieleinen-original-340g-jp\/\" \/>\n<meta property=\"og:site_name\" content=\"Hunajayhtym\u00e4 Oy\" \/>\n<meta property=\"article:modified_time\" content=\"2022-10-26T12:17:35+00:00\" \/>\n<meta property=\"og:image\" content=\"https:\/\/hunaja.fi\/wp-content\/uploads\/2021\/11\/HunajayhtymaMieleinenProducts-3-scaled.jpg\" \/>\n\t<meta property=\"og:image:width\" content=\"2560\" \/>\n\t<meta property=\"og:image:height\" content=\"1096\" \/>\n\t<meta property=\"og:image:type\" content=\"image\/jpeg\" \/>\n<meta name=\"twitter:card\" content=\"summary_large_image\" \/>\n<meta name=\"twitter:label1\" content=\"\u63a8\u5b9a\u8aad\u307f\u53d6\u308a\u6642\u9593\" \/>\n\t<meta name=\"twitter:data1\" content=\"1\u5206\" \/>\n<script type=\"application\/ld+json\" class=\"yoast-schema-graph\">{\"@context\":\"https:\/\/schema.org\",\"@graph\":[{\"@type\":\"WebPage\",\"@id\":\"https:\/\/hunaja.fi\/ja\/honey-products-jp\/mieleinen-original-340g-jp\/\",\"url\":\"https:\/\/hunaja.fi\/ja\/honey-products-jp\/mieleinen-original-340g-jp\/\",\"name\":\"Mieleinen hunajatuote 340 g - Tutustu t\u00e4st\u00e4! | Hunajayhtym\u00e4 Oy\",\"isPartOf\":{\"@id\":\"https:\/\/hunaja.fi\/#website\"},\"primaryImageOfPage\":{\"@id\":\"https:\/\/hunaja.fi\/ja\/honey-products-jp\/mieleinen-original-340g-jp\/#primaryimage\"},\"image\":{\"@id\":\"https:\/\/hunaja.fi\/ja\/honey-products-jp\/mieleinen-original-340g-jp\/#primaryimage\"},\"thumbnailUrl\":\"https:\/\/hunaja.fi\/wp-content\/uploads\/2021\/11\/HunajayhtymaMieleinenProducts-3-scaled.jpg\",\"datePublished\":\"2013-04-15T12:32:37+00:00\",\"dateModified\":\"2022-10-26T12:17:35+00:00\",\"description\":\"Mieleinen on hunajatuote, jossa yhdistyv\u00e4t makeus ja kuidut. Kuitua 34 % ja 48 % v\u00e4hemm\u00e4n hiilihydraatteja. Tutustu Mieleiseen sivuillamme.\",\"breadcrumb\":{\"@id\":\"https:\/\/hunaja.fi\/ja\/honey-products-jp\/mieleinen-original-340g-jp\/#breadcrumb\"},\"inLanguage\":\"ja\",\"potentialAction\":[{\"@type\":\"ReadAction\",\"target\":[\"https:\/\/hunaja.fi\/ja\/honey-products-jp\/mieleinen-original-340g-jp\/\"]}]},{\"@type\":\"ImageObject\",\"inLanguage\":\"ja\",\"@id\":\"https:\/\/hunaja.fi\/ja\/honey-products-jp\/mieleinen-original-340g-jp\/#primaryimage\",\"url\":\"https:\/\/hunaja.fi\/wp-content\/uploads\/2021\/11\/HunajayhtymaMieleinenProducts-3-scaled.jpg\",\"contentUrl\":\"https:\/\/hunaja.fi\/wp-content\/uploads\/2021\/11\/HunajayhtymaMieleinenProducts-3-scaled.jpg\",\"width\":2560,\"height\":1096},{\"@type\":\"BreadcrumbList\",\"@id\":\"https:\/\/hunaja.fi\/ja\/honey-products-jp\/mieleinen-original-340g-jp\/#breadcrumb\",\"itemListElement\":[{\"@type\":\"ListItem\",\"position\":1,\"name\":\"Etusivu\",\"item\":\"https:\/\/hunaja.fi\/ja\/\"},{\"@type\":\"ListItem\",\"position\":2,\"name\":\"\u306f\u3061\u307f\u3064\u5546\u54c1\",\"item\":\"https:\/\/hunaja.fi\/ja\/honey-products-jp\/\"},{\"@type\":\"ListItem\",\"position\":3,\"name\":\"\u30df\u30a8\u30ec\u30a4\u30cd\u30f3\u3000\u30aa\u30ea\u30b8\u30ca\u30eb 340g\"}]},{\"@type\":\"WebSite\",\"@id\":\"https:\/\/hunaja.fi\/#website\",\"url\":\"https:\/\/hunaja.fi\/\",\"name\":\"Hunajayhtym\u00e4 Oy\",\"description\":\"Nature Loves Finnish Floral Honey\",\"publisher\":{\"@id\":\"https:\/\/hunaja.fi\/#organization\"},\"potentialAction\":[{\"@type\":\"SearchAction\",\"target\":{\"@type\":\"EntryPoint\",\"urlTemplate\":\"https:\/\/hunaja.fi\/?s={search_term_string}\"},\"query-input\":{\"@type\":\"PropertyValueSpecification\",\"valueRequired\":true,\"valueName\":\"search_term_string\"}}],\"inLanguage\":\"ja\"},{\"@type\":\"Organization\",\"@id\":\"https:\/\/hunaja.fi\/#organization\",\"name\":\"Hunajayhtym\u00e4 Oy\",\"url\":\"https:\/\/hunaja.fi\/\",\"logo\":{\"@type\":\"ImageObject\",\"inLanguage\":\"ja\",\"@id\":\"https:\/\/hunaja.fi\/#\/schema\/logo\/image\/\",\"url\":\"https:\/\/hunaja.fi\/wp-content\/uploads\/2021\/07\/Hunajayhtyma_Logo_VAAKA_slogan_cmyk-01.png\",\"contentUrl\":\"https:\/\/hunaja.fi\/wp-content\/uploads\/2021\/07\/Hunajayhtyma_Logo_VAAKA_slogan_cmyk-01.png\",\"width\":656,\"height\":242,\"caption\":\"Hunajayhtym\u00e4 Oy\"},\"image\":{\"@id\":\"https:\/\/hunaja.fi\/#\/schema\/logo\/image\/\"}}]}<\/script>\n<!-- \/ Yoast SEO plugin. -->","yoast_head_json":{"title":"Mieleinen hunajatuote 340 g - Tutustu t\u00e4st\u00e4! | Hunajayhtym\u00e4 Oy","description":"Mieleinen on hunajatuote, jossa yhdistyv\u00e4t makeus ja kuidut. Kuitua 34 % ja 48 % v\u00e4hemm\u00e4n hiilihydraatteja. Tutustu Mieleiseen sivuillamme.","robots":{"index":"index","follow":"follow","max-snippet":"max-snippet:-1","max-image-preview":"max-image-preview:large","max-video-preview":"max-video-preview:-1"},"canonical":"https:\/\/hunaja.fi\/ja\/honey-products-jp\/mieleinen-original-340g-jp\/","og_locale":"ja_JP","og_type":"article","og_title":"Mieleinen hunajatuote 340 g - Tutustu t\u00e4st\u00e4! | Hunajayhtym\u00e4 Oy","og_description":"Mieleinen on hunajatuote, jossa yhdistyv\u00e4t makeus ja kuidut. Kuitua 34 % ja 48 % v\u00e4hemm\u00e4n hiilihydraatteja. Tutustu Mieleiseen sivuillamme.","og_url":"https:\/\/hunaja.fi\/ja\/honey-products-jp\/mieleinen-original-340g-jp\/","og_site_name":"Hunajayhtym\u00e4 Oy","article_modified_time":"2022-10-26T12:17:35+00:00","og_image":[{"width":2560,"height":1096,"url":"https:\/\/hunaja.fi\/wp-content\/uploads\/2021\/11\/HunajayhtymaMieleinenProducts-3-scaled.jpg","type":"image\/jpeg"}],"twitter_card":"summary_large_image","twitter_misc":{"\u63a8\u5b9a\u8aad\u307f\u53d6\u308a\u6642\u9593":"1\u5206"},"schema":{"@context":"https:\/\/schema.org","@graph":[{"@type":"WebPage","@id":"https:\/\/hunaja.fi\/ja\/honey-products-jp\/mieleinen-original-340g-jp\/","url":"https:\/\/hunaja.fi\/ja\/honey-products-jp\/mieleinen-original-340g-jp\/","name":"Mieleinen hunajatuote 340 g - Tutustu t\u00e4st\u00e4! | Hunajayhtym\u00e4 Oy","isPartOf":{"@id":"https:\/\/hunaja.fi\/#website"},"primaryImageOfPage":{"@id":"https:\/\/hunaja.fi\/ja\/honey-products-jp\/mieleinen-original-340g-jp\/#primaryimage"},"image":{"@id":"https:\/\/hunaja.fi\/ja\/honey-products-jp\/mieleinen-original-340g-jp\/#primaryimage"},"thumbnailUrl":"https:\/\/hunaja.fi\/wp-content\/uploads\/2021\/11\/HunajayhtymaMieleinenProducts-3-scaled.jpg","datePublished":"2013-04-15T12:32:37+00:00","dateModified":"2022-10-26T12:17:35+00:00","description":"Mieleinen on hunajatuote, jossa yhdistyv\u00e4t makeus ja kuidut. Kuitua 34 % ja 48 % v\u00e4hemm\u00e4n hiilihydraatteja. Tutustu Mieleiseen sivuillamme.","breadcrumb":{"@id":"https:\/\/hunaja.fi\/ja\/honey-products-jp\/mieleinen-original-340g-jp\/#breadcrumb"},"inLanguage":"ja","potentialAction":[{"@type":"ReadAction","target":["https:\/\/hunaja.fi\/ja\/honey-products-jp\/mieleinen-original-340g-jp\/"]}]},{"@type":"ImageObject","inLanguage":"ja","@id":"https:\/\/hunaja.fi\/ja\/honey-products-jp\/mieleinen-original-340g-jp\/#primaryimage","url":"https:\/\/hunaja.fi\/wp-content\/uploads\/2021\/11\/HunajayhtymaMieleinenProducts-3-scaled.jpg","contentUrl":"https:\/\/hunaja.fi\/wp-content\/uploads\/2021\/11\/HunajayhtymaMieleinenProducts-3-scaled.jpg","width":2560,"height":1096},{"@type":"BreadcrumbList","@id":"https:\/\/hunaja.fi\/ja\/honey-products-jp\/mieleinen-original-340g-jp\/#breadcrumb","itemListElement":[{"@type":"ListItem","position":1,"name":"Etusivu","item":"https:\/\/hunaja.fi\/ja\/"},{"@type":"ListItem","position":2,"name":"\u306f\u3061\u307f\u3064\u5546\u54c1","item":"https:\/\/hunaja.fi\/ja\/honey-products-jp\/"},{"@type":"ListItem","position":3,"name":"\u30df\u30a8\u30ec\u30a4\u30cd\u30f3\u3000\u30aa\u30ea\u30b8\u30ca\u30eb 340g"}]},{"@type":"WebSite","@id":"https:\/\/hunaja.fi\/#website","url":"https:\/\/hunaja.fi\/","name":"Hunajayhtym\u00e4 Oy","description":"Nature Loves Finnish Floral Honey","publisher":{"@id":"https:\/\/hunaja.fi\/#organization"},"potentialAction":[{"@type":"SearchAction","target":{"@type":"EntryPoint","urlTemplate":"https:\/\/hunaja.fi\/?s={search_term_string}"},"query-input":{"@type":"PropertyValueSpecification","valueRequired":true,"valueName":"search_term_string"}}],"inLanguage":"ja"},{"@type":"Organization","@id":"https:\/\/hunaja.fi\/#organization","name":"Hunajayhtym\u00e4 Oy","url":"https:\/\/hunaja.fi\/","logo":{"@type":"ImageObject","inLanguage":"ja","@id":"https:\/\/hunaja.fi\/#\/schema\/logo\/image\/","url":"https:\/\/hunaja.fi\/wp-content\/uploads\/2021\/07\/Hunajayhtyma_Logo_VAAKA_slogan_cmyk-01.png","contentUrl":"https:\/\/hunaja.fi\/wp-content\/uploads\/2021\/07\/Hunajayhtyma_Logo_VAAKA_slogan_cmyk-01.png","width":656,"height":242,"caption":"Hunajayhtym\u00e4 Oy"},"image":{"@id":"https:\/\/hunaja.fi\/#\/schema\/logo\/image\/"}}]}},"_links":{"self":[{"href":"https:\/\/hunaja.fi\/ja\/wp-json\/wp\/v2\/pages\/9014","targetHints":{"allow":["GET"]}}],"collection":[{"href":"https:\/\/hunaja.fi\/ja\/wp-json\/wp\/v2\/pages"}],"about":[{"href":"https:\/\/hunaja.fi\/ja\/wp-json\/wp\/v2\/types\/page"}],"author":[{"embeddable":true,"href":"https:\/\/hunaja.fi\/ja\/wp-json\/wp\/v2\/users\/4"}],"replies":[{"embeddable":true,"href":"https:\/\/hunaja.fi\/ja\/wp-json\/wp\/v2\/comments?post=9014"}],"version-history":[{"count":17,"href":"https:\/\/hunaja.fi\/ja\/wp-json\/wp\/v2\/pages\/9014\/revisions"}],"predecessor-version":[{"id":32392,"href":"https:\/\/hunaja.fi\/ja\/wp-json\/wp\/v2\/pages\/9014\/revisions\/32392"}],"up":[{"embeddable":true,"href":"https:\/\/hunaja.fi\/ja\/wp-json\/wp\/v2\/pages\/8997"}],"wp:featuredmedia":[{"embeddable":true,"href":"https:\/\/hunaja.fi\/ja\/wp-json\/wp\/v2\/media\/31012"}],"wp:attachment":[{"href":"https:\/\/hunaja.fi\/ja\/wp-json\/wp\/v2\/media?parent=9014"}],"curies":[{"name":"wp","href":"https:\/\/api.w.org\/{rel}","templated":true}]}}