{"id":9004,"date":"2013-04-15T15:25:03","date_gmt":"2013-04-15T12:25:03","guid":{"rendered":"https:\/\/www.hunaja.fi\/ja\/?page_id=9004"},"modified":"2022-10-26T15:17:36","modified_gmt":"2022-10-26T12:17:36","slug":"shin-hachimitsu-450g","status":"publish","type":"page","link":"https:\/\/hunaja.fi\/ja\/honey-products-jp\/shin-hachimitsu-450g\/","title":{"rendered":"\u65b0\u306f\u3061\u307f\u3064 450g"},"content":{"rendered":"<p>\u30d5\u30a3\u30f3\u30e9\u30f3\u30c9\u306e\u65b0\u306f\u3061\u307f\u3064\u306f\u3001\u6669\u590f\u304b\u3089\u521d\u79cb\u306b\u304b\u3051\u3001\u9650\u5b9a\u3067\u8ca9\u58f2\u3055\u308c\u307e\u3059\u3002\u5de3\u677f\u3092\u9060\u5fc3\u5206\u96e2\u6a5f\u306b\u304b\u3051\u305f\u7d5e\u308a\u305f\u3066\u3092\u305d\u306e\u307e\u307e\u5bb9\u5668\u8a70\u3081\u3055\u308c\u308b\u65b0\u306f\u3061\u307f\u3064\u3002\u590f\u306e\u82b1\u3005\u306e\u30a2\u30ed\u30de\u304c\u4e00\u6bb5\u3068\u969b\u7acb\u3061\u3001\u30d5\u30a3\u30f3\u30e9\u30f3\u30c9\u306f\u3061\u307f\u3064\u306e\u4e00\u756a\u826f\u3044\u90e8\u5206\u304c\u3001\u4e00\u756a\u65b0\u9bae\u306a\u5f62\u3067\u3001\u30ae\u30e5\u3063\u3068\u51dd\u7e2e\u3055\u308c\u3066\u3044\u307e\u3059\u3002\u53ce\u7a6b\u5e74\u306b\u3088\u3063\u3066\u306f\u65b0\u306f\u3061\u307f\u3064\u3092\u8ca9\u58f2\u3067\u304d\u306a\u3044\u5e74\u3082\u3042\u308a\u3001\u3067\u304d\u308b\u91cf\u3082\u9650\u3089\u308c\u307e\u3059\u3002<\/p>\n<p>&nbsp;<\/p>\n<h2 style=\"text-align: center;\">\u5b63\u7bc0\u9650\u5b9a\u3001\u552f\u4e00\u7121\u6bd4\u306e\u5473\u308f\u3044<\/h2>\n<div><span lang=\"JA\">\uff18\u6708\u521d\u65ec\u304b\u3089\uff11\uff10\u6708\u4e0b\u65ec\u307e\u3067\u3001\u671f\u9593\u9650\u5b9a\u767a\u58f2\u306e\u65b0\u306f\u3061\u307f\u3064\u3002\u30b5\u30e9\u30b5\u30e9\u3068\u6ed1\u3089\u304b\u306a\u5f62\u72b6\u306e\u307e\u307e\u5bb9\u5668\u3065\u3081\u3055\u308c\u305f\u3042\u3068\u5f90\u3005\u306b\u3001\u81ea\u7136\u3068\u7d50\u6676\u5316\u3057\u3066\u3044\u304d\u307e\u3059\u3002\u81ea\u7136\u7d50\u6676\u5316\u3055\u305b\u305f\u306f\u3061\u307f\u3064\u306e\u7d50\u6676\u306f\u3001\u4eba\u5de5\u7684\u306b\u51b7\u5374\u3057\u3066\u7d50\u6676\u5316\u3055\u305b\u305f\u3082\u306e\u3088\u308a\u3082\u5927\u304d\u3081\u306a\u306e\u304c\u7279\u5fb4\u3067\u3059\u3002<\/span><\/div>\n<p>&nbsp;<\/p>\n<p style=\"text-align: center;\"><a href=\"https:\/\/www.hunaja.fi\/wp-content\/uploads\/2013\/04\/uuden_sadon_hunaja400.jpg\"><img decoding=\"async\" class=\"size-full wp-image-55 aligncenter\" src=\"https:\/\/www.hunaja.fi\/wp-content\/uploads\/2013\/04\/uuden_sadon_hunaja400.jpg\" alt=\"uuden_sadon_hunaja400\" width=\"400\" height=\"399\" srcset=\"https:\/\/hunaja.fi\/wp-content\/uploads\/2013\/04\/uuden_sadon_hunaja400.jpg 400w, https:\/\/hunaja.fi\/wp-content\/uploads\/2013\/04\/uuden_sadon_hunaja400-321x320.jpg 321w, https:\/\/hunaja.fi\/wp-content\/uploads\/2013\/04\/uuden_sadon_hunaja400-150x150.jpg 150w, https:\/\/hunaja.fi\/wp-content\/uploads\/2013\/04\/uuden_sadon_hunaja400-100x100.jpg 100w\" sizes=\"(max-width: 400px) 100vw, 400px\" \/><\/a><\/p>\n<p><span style=\"border-radius: 2px; text-indent: 20px; width: auto; padding: 0px 4px 0px 0px; text-align: center; font: bold 11px\/20px 'Helvetica Neue',Helvetica,sans-serif; color: #ffffff; background: #bd081c no-repeat scroll 3px 50% \/ 14px 14px; position: absolute; opacity: 1; z-index: 8675309; display: none; cursor: pointer;\">Tallenna<\/span><\/p>\n","protected":false},"excerpt":{"rendered":"<p>\u30d5\u30a3\u30f3\u30e9\u30f3\u30c9\u306e\u65b0\u306f\u3061\u307f\u3064\u306f\u3001\u6669\u590f\u304b\u3089\u521d\u79cb\u306b\u304b\u3051\u3001\u9650\u5b9a\u3067\u8ca9\u58f2\u3055\u308c\u307e\u3059\u3002\u5de3\u677f\u3092\u9060\u5fc3\u5206\u96e2\u6a5f\u306b\u304b\u3051\u305f\u7d5e\u308a\u305f\u3066\u3092\u305d\u306e\u307e\u307e [&hellip;]<\/p>\n","protected":false},"author":4,"featured_media":26910,"parent":8997,"menu_order":8,"comment_status":"closed","ping_status":"closed","template":"","meta":{"_acf_changed":false,"_improvement_type_select":"improve_an_existing","_thumb_yes_seoaic":false,"_frame_yes_seoaic":false,"seoaic_generate_description":"","seoaic_improve_instructions_prompt":"","seoaic_rollback_content_improvement":"","seoaic_idea_thumbnail_generator":"","thumbnail_generated":false,"thumbnail_generate_prompt":"","seoaic_article_description":"","site-sidebar-layout":"default","site-content-layout":"default","ast-site-content-layout":"default","site-content-style":"default","site-sidebar-style":"default","ast-global-header-display":"","ast-banner-title-visibility":"","ast-main-header-display":"","ast-hfb-above-header-display":"","ast-hfb-below-header-display":"","ast-hfb-mobile-header-display":"","site-post-title":"","ast-breadcrumbs-content":"enabled","ast-featured-img":"","footer-sml-layout":"","ast-disable-related-posts":"","theme-transparent-header-meta":"default","adv-header-id-meta":"","stick-header-meta":"default","header-above-stick-meta":"","header-main-stick-meta":"","header-below-stick-meta":"","astra-migrate-meta-layouts":"default","ast-page-background-enabled":"default","ast-page-background-meta":{"desktop":{"background-color":"","background-image":"","background-repeat":"repeat","background-position":"center center","background-size":"auto","background-attachment":"scroll","background-type":"","background-media":"","overlay-type":"","overlay-color":"","overlay-opacity":"","overlay-gradient":""},"tablet":{"background-color":"","background-image":"","background-repeat":"repeat","background-position":"center center","background-size":"auto","background-attachment":"scroll","background-type":"","background-media":"","overlay-type":"","overlay-color":"","overlay-opacity":"","overlay-gradient":""},"mobile":{"background-color":"","background-image":"","background-repeat":"repeat","background-position":"center center","background-size":"auto","background-attachment":"scroll","background-type":"","background-media":"","overlay-type":"","overlay-color":"","overlay-opacity":"","overlay-gradient":""}},"ast-content-background-meta":{"desktop":{"background-color":"var(--ast-global-color-5)","background-image":"","background-repeat":"repeat","background-position":"center center","background-size":"auto","background-attachment":"scroll","background-type":"","background-media":"","overlay-type":"","overlay-color":"","overlay-opacity":"","overlay-gradient":""},"tablet":{"background-color":"var(--ast-global-color-5)","background-image":"","background-repeat":"repeat","background-position":"center center","background-size":"auto","background-attachment":"scroll","background-type":"","background-media":"","overlay-type":"","overlay-color":"","overlay-opacity":"","overlay-gradient":""},"mobile":{"background-color":"var(--ast-global-color-5)","background-image":"","background-repeat":"repeat","background-position":"center center","background-size":"auto","background-attachment":"scroll","background-type":"","background-media":"","overlay-type":"","overlay-color":"","overlay-opacity":"","overlay-gradient":""}},"footnotes":""},"class_list":["post-9004","page","type-page","status-publish","has-post-thumbnail","hentry"],"acf":[],"yoast_head":"<!-- This site is optimized with the Yoast SEO plugin v26.7 - https:\/\/yoast.com\/wordpress\/plugins\/seo\/ -->\n<title>Uuden sadon hunaja 450 g | Hunaja ruokaan - teehen - ysk\u00e4\u00e4n<\/title>\n<meta name=\"description\" content=\"Suomalainen uuden sadon hunaja on tuoretta saman kes\u00e4n hunajaa, jossa on kes\u00e4kukkien aromit tallella. Saatavilla kaupoista elokuun alusta lokakuun loppuun.\" \/>\n<meta name=\"robots\" content=\"index, follow, max-snippet:-1, max-image-preview:large, max-video-preview:-1\" \/>\n<link rel=\"canonical\" href=\"https:\/\/hunaja.fi\/ja\/honey-products-jp\/shin-hachimitsu-450g\/\" \/>\n<meta property=\"og:locale\" content=\"ja_JP\" \/>\n<meta property=\"og:type\" content=\"article\" \/>\n<meta property=\"og:title\" content=\"Uuden sadon hunaja 450 g | Hunaja ruokaan - teehen - ysk\u00e4\u00e4n\" \/>\n<meta property=\"og:description\" content=\"Suomalainen uuden sadon hunaja on tuoretta saman kes\u00e4n hunajaa, jossa on kes\u00e4kukkien aromit tallella. Saatavilla kaupoista elokuun alusta lokakuun loppuun.\" \/>\n<meta property=\"og:url\" content=\"https:\/\/hunaja.fi\/ja\/honey-products-jp\/shin-hachimitsu-450g\/\" \/>\n<meta property=\"og:site_name\" content=\"Hunajayhtym\u00e4 Oy\" \/>\n<meta property=\"article:modified_time\" content=\"2022-10-26T12:17:36+00:00\" \/>\n<meta property=\"og:image\" content=\"https:\/\/hunaja.fi\/wp-content\/uploads\/2021\/05\/Uuden_sadon_hunaja.-1.jpg\" \/>\n\t<meta property=\"og:image:width\" content=\"1920\" \/>\n\t<meta property=\"og:image:height\" content=\"822\" \/>\n\t<meta property=\"og:image:type\" content=\"image\/jpeg\" \/>\n<meta name=\"twitter:card\" content=\"summary_large_image\" \/>\n<meta name=\"twitter:label1\" content=\"\u63a8\u5b9a\u8aad\u307f\u53d6\u308a\u6642\u9593\" \/>\n\t<meta name=\"twitter:data1\" content=\"1\u5206\" \/>\n<script type=\"application\/ld+json\" class=\"yoast-schema-graph\">{\"@context\":\"https:\/\/schema.org\",\"@graph\":[{\"@type\":\"WebPage\",\"@id\":\"https:\/\/hunaja.fi\/ja\/honey-products-jp\/shin-hachimitsu-450g\/\",\"url\":\"https:\/\/hunaja.fi\/ja\/honey-products-jp\/shin-hachimitsu-450g\/\",\"name\":\"Uuden sadon hunaja 450 g | Hunaja ruokaan - teehen - ysk\u00e4\u00e4n\",\"isPartOf\":{\"@id\":\"https:\/\/hunaja.fi\/#website\"},\"primaryImageOfPage\":{\"@id\":\"https:\/\/hunaja.fi\/ja\/honey-products-jp\/shin-hachimitsu-450g\/#primaryimage\"},\"image\":{\"@id\":\"https:\/\/hunaja.fi\/ja\/honey-products-jp\/shin-hachimitsu-450g\/#primaryimage\"},\"thumbnailUrl\":\"https:\/\/hunaja.fi\/wp-content\/uploads\/2021\/05\/Uuden_sadon_hunaja.-1.jpg\",\"datePublished\":\"2013-04-15T12:25:03+00:00\",\"dateModified\":\"2022-10-26T12:17:36+00:00\",\"description\":\"Suomalainen uuden sadon hunaja on tuoretta saman kes\u00e4n hunajaa, jossa on kes\u00e4kukkien aromit tallella. Saatavilla kaupoista elokuun alusta lokakuun loppuun.\",\"breadcrumb\":{\"@id\":\"https:\/\/hunaja.fi\/ja\/honey-products-jp\/shin-hachimitsu-450g\/#breadcrumb\"},\"inLanguage\":\"ja\",\"potentialAction\":[{\"@type\":\"ReadAction\",\"target\":[\"https:\/\/hunaja.fi\/ja\/honey-products-jp\/shin-hachimitsu-450g\/\"]}]},{\"@type\":\"ImageObject\",\"inLanguage\":\"ja\",\"@id\":\"https:\/\/hunaja.fi\/ja\/honey-products-jp\/shin-hachimitsu-450g\/#primaryimage\",\"url\":\"https:\/\/hunaja.fi\/wp-content\/uploads\/2021\/05\/Uuden_sadon_hunaja.-1.jpg\",\"contentUrl\":\"https:\/\/hunaja.fi\/wp-content\/uploads\/2021\/05\/Uuden_sadon_hunaja.-1.jpg\",\"width\":1920,\"height\":822,\"caption\":\"Uuden sadon hunaja\"},{\"@type\":\"BreadcrumbList\",\"@id\":\"https:\/\/hunaja.fi\/ja\/honey-products-jp\/shin-hachimitsu-450g\/#breadcrumb\",\"itemListElement\":[{\"@type\":\"ListItem\",\"position\":1,\"name\":\"Etusivu\",\"item\":\"https:\/\/hunaja.fi\/ja\/\"},{\"@type\":\"ListItem\",\"position\":2,\"name\":\"\u306f\u3061\u307f\u3064\u5546\u54c1\",\"item\":\"https:\/\/hunaja.fi\/ja\/honey-products-jp\/\"},{\"@type\":\"ListItem\",\"position\":3,\"name\":\"\u65b0\u306f\u3061\u307f\u3064 450g\"}]},{\"@type\":\"WebSite\",\"@id\":\"https:\/\/hunaja.fi\/#website\",\"url\":\"https:\/\/hunaja.fi\/\",\"name\":\"Hunajayhtym\u00e4 Oy\",\"description\":\"Nature Loves Finnish Floral Honey\",\"publisher\":{\"@id\":\"https:\/\/hunaja.fi\/#organization\"},\"potentialAction\":[{\"@type\":\"SearchAction\",\"target\":{\"@type\":\"EntryPoint\",\"urlTemplate\":\"https:\/\/hunaja.fi\/?s={search_term_string}\"},\"query-input\":{\"@type\":\"PropertyValueSpecification\",\"valueRequired\":true,\"valueName\":\"search_term_string\"}}],\"inLanguage\":\"ja\"},{\"@type\":\"Organization\",\"@id\":\"https:\/\/hunaja.fi\/#organization\",\"name\":\"Hunajayhtym\u00e4 Oy\",\"url\":\"https:\/\/hunaja.fi\/\",\"logo\":{\"@type\":\"ImageObject\",\"inLanguage\":\"ja\",\"@id\":\"https:\/\/hunaja.fi\/#\/schema\/logo\/image\/\",\"url\":\"https:\/\/hunaja.fi\/wp-content\/uploads\/2021\/07\/Hunajayhtyma_Logo_VAAKA_slogan_cmyk-01.png\",\"contentUrl\":\"https:\/\/hunaja.fi\/wp-content\/uploads\/2021\/07\/Hunajayhtyma_Logo_VAAKA_slogan_cmyk-01.png\",\"width\":656,\"height\":242,\"caption\":\"Hunajayhtym\u00e4 Oy\"},\"image\":{\"@id\":\"https:\/\/hunaja.fi\/#\/schema\/logo\/image\/\"}}]}<\/script>\n<!-- \/ Yoast SEO plugin. -->","yoast_head_json":{"title":"Uuden sadon hunaja 450 g | Hunaja ruokaan - teehen - ysk\u00e4\u00e4n","description":"Suomalainen uuden sadon hunaja on tuoretta saman kes\u00e4n hunajaa, jossa on kes\u00e4kukkien aromit tallella. Saatavilla kaupoista elokuun alusta lokakuun loppuun.","robots":{"index":"index","follow":"follow","max-snippet":"max-snippet:-1","max-image-preview":"max-image-preview:large","max-video-preview":"max-video-preview:-1"},"canonical":"https:\/\/hunaja.fi\/ja\/honey-products-jp\/shin-hachimitsu-450g\/","og_locale":"ja_JP","og_type":"article","og_title":"Uuden sadon hunaja 450 g | Hunaja ruokaan - teehen - ysk\u00e4\u00e4n","og_description":"Suomalainen uuden sadon hunaja on tuoretta saman kes\u00e4n hunajaa, jossa on kes\u00e4kukkien aromit tallella. Saatavilla kaupoista elokuun alusta lokakuun loppuun.","og_url":"https:\/\/hunaja.fi\/ja\/honey-products-jp\/shin-hachimitsu-450g\/","og_site_name":"Hunajayhtym\u00e4 Oy","article_modified_time":"2022-10-26T12:17:36+00:00","og_image":[{"width":1920,"height":822,"url":"https:\/\/hunaja.fi\/wp-content\/uploads\/2021\/05\/Uuden_sadon_hunaja.-1.jpg","type":"image\/jpeg"}],"twitter_card":"summary_large_image","twitter_misc":{"\u63a8\u5b9a\u8aad\u307f\u53d6\u308a\u6642\u9593":"1\u5206"},"schema":{"@context":"https:\/\/schema.org","@graph":[{"@type":"WebPage","@id":"https:\/\/hunaja.fi\/ja\/honey-products-jp\/shin-hachimitsu-450g\/","url":"https:\/\/hunaja.fi\/ja\/honey-products-jp\/shin-hachimitsu-450g\/","name":"Uuden sadon hunaja 450 g | Hunaja ruokaan - teehen - ysk\u00e4\u00e4n","isPartOf":{"@id":"https:\/\/hunaja.fi\/#website"},"primaryImageOfPage":{"@id":"https:\/\/hunaja.fi\/ja\/honey-products-jp\/shin-hachimitsu-450g\/#primaryimage"},"image":{"@id":"https:\/\/hunaja.fi\/ja\/honey-products-jp\/shin-hachimitsu-450g\/#primaryimage"},"thumbnailUrl":"https:\/\/hunaja.fi\/wp-content\/uploads\/2021\/05\/Uuden_sadon_hunaja.-1.jpg","datePublished":"2013-04-15T12:25:03+00:00","dateModified":"2022-10-26T12:17:36+00:00","description":"Suomalainen uuden sadon hunaja on tuoretta saman kes\u00e4n hunajaa, jossa on kes\u00e4kukkien aromit tallella. Saatavilla kaupoista elokuun alusta lokakuun loppuun.","breadcrumb":{"@id":"https:\/\/hunaja.fi\/ja\/honey-products-jp\/shin-hachimitsu-450g\/#breadcrumb"},"inLanguage":"ja","potentialAction":[{"@type":"ReadAction","target":["https:\/\/hunaja.fi\/ja\/honey-products-jp\/shin-hachimitsu-450g\/"]}]},{"@type":"ImageObject","inLanguage":"ja","@id":"https:\/\/hunaja.fi\/ja\/honey-products-jp\/shin-hachimitsu-450g\/#primaryimage","url":"https:\/\/hunaja.fi\/wp-content\/uploads\/2021\/05\/Uuden_sadon_hunaja.-1.jpg","contentUrl":"https:\/\/hunaja.fi\/wp-content\/uploads\/2021\/05\/Uuden_sadon_hunaja.-1.jpg","width":1920,"height":822,"caption":"Uuden sadon hunaja"},{"@type":"BreadcrumbList","@id":"https:\/\/hunaja.fi\/ja\/honey-products-jp\/shin-hachimitsu-450g\/#breadcrumb","itemListElement":[{"@type":"ListItem","position":1,"name":"Etusivu","item":"https:\/\/hunaja.fi\/ja\/"},{"@type":"ListItem","position":2,"name":"\u306f\u3061\u307f\u3064\u5546\u54c1","item":"https:\/\/hunaja.fi\/ja\/honey-products-jp\/"},{"@type":"ListItem","position":3,"name":"\u65b0\u306f\u3061\u307f\u3064 450g"}]},{"@type":"WebSite","@id":"https:\/\/hunaja.fi\/#website","url":"https:\/\/hunaja.fi\/","name":"Hunajayhtym\u00e4 Oy","description":"Nature Loves Finnish Floral Honey","publisher":{"@id":"https:\/\/hunaja.fi\/#organization"},"potentialAction":[{"@type":"SearchAction","target":{"@type":"EntryPoint","urlTemplate":"https:\/\/hunaja.fi\/?s={search_term_string}"},"query-input":{"@type":"PropertyValueSpecification","valueRequired":true,"valueName":"search_term_string"}}],"inLanguage":"ja"},{"@type":"Organization","@id":"https:\/\/hunaja.fi\/#organization","name":"Hunajayhtym\u00e4 Oy","url":"https:\/\/hunaja.fi\/","logo":{"@type":"ImageObject","inLanguage":"ja","@id":"https:\/\/hunaja.fi\/#\/schema\/logo\/image\/","url":"https:\/\/hunaja.fi\/wp-content\/uploads\/2021\/07\/Hunajayhtyma_Logo_VAAKA_slogan_cmyk-01.png","contentUrl":"https:\/\/hunaja.fi\/wp-content\/uploads\/2021\/07\/Hunajayhtyma_Logo_VAAKA_slogan_cmyk-01.png","width":656,"height":242,"caption":"Hunajayhtym\u00e4 Oy"},"image":{"@id":"https:\/\/hunaja.fi\/#\/schema\/logo\/image\/"}}]}},"_links":{"self":[{"href":"https:\/\/hunaja.fi\/ja\/wp-json\/wp\/v2\/pages\/9004","targetHints":{"allow":["GET"]}}],"collection":[{"href":"https:\/\/hunaja.fi\/ja\/wp-json\/wp\/v2\/pages"}],"about":[{"href":"https:\/\/hunaja.fi\/ja\/wp-json\/wp\/v2\/types\/page"}],"author":[{"embeddable":true,"href":"https:\/\/hunaja.fi\/ja\/wp-json\/wp\/v2\/users\/4"}],"replies":[{"embeddable":true,"href":"https:\/\/hunaja.fi\/ja\/wp-json\/wp\/v2\/comments?post=9004"}],"version-history":[{"count":10,"href":"https:\/\/hunaja.fi\/ja\/wp-json\/wp\/v2\/pages\/9004\/revisions"}],"predecessor-version":[{"id":32305,"href":"https:\/\/hunaja.fi\/ja\/wp-json\/wp\/v2\/pages\/9004\/revisions\/32305"}],"up":[{"embeddable":true,"href":"https:\/\/hunaja.fi\/ja\/wp-json\/wp\/v2\/pages\/8997"}],"wp:featuredmedia":[{"embeddable":true,"href":"https:\/\/hunaja.fi\/ja\/wp-json\/wp\/v2\/media\/26910"}],"wp:attachment":[{"href":"https:\/\/hunaja.fi\/ja\/wp-json\/wp\/v2\/media?parent=9004"}],"curies":[{"name":"wp","href":"https:\/\/api.w.org\/{rel}","templated":true}]}}