{"id":8997,"date":"2013-04-15T13:33:29","date_gmt":"2013-04-15T10:33:29","guid":{"rendered":"https:\/\/www.hunaja.fi\/ja\/?page_id=8997"},"modified":"2023-08-31T15:34:00","modified_gmt":"2023-08-31T12:34:00","slug":"honey-products-jp","status":"publish","type":"page","link":"https:\/\/hunaja.fi\/ja\/honey-products-jp\/","title":{"rendered":"\u306f\u3061\u307f\u3064\u5546\u54c1"},"content":{"rendered":"<p>\u30d5\u30ca\u30e4\u30a6\u30d5\u30c8\u30a5\u30de\u306f\u30d5\u30a3\u30f3\u30e9\u30f3\u30c9\u3067\u306f\u6700\u5927\u898f\u6a21\u306e\u56fd\u7523\u306f\u3061\u307f\u3064\u30d1\u30c3\u30b1\u30fc\u30b8\u30f3\u30b0\u4f1a\u793e\u30021\u5e74\u5e73\u5747\u306e\u56fd\u7523\u306f\u3061\u307f\u3064\u53d6\u6271\u91cf\u306f250\u2212300\u30c8\u30f3\u3002\u5546\u54c1\u3054\u3068\u306b\u30c6\u30af\u30b9\u30c1\u30e3\u30fc\u306e\u7570\u306a\u308b\u306f\u3061\u307f\u3064\u3092\u3001\u30ab\u30c3\u30d7\u5bb9\u5668\u3068\u30dc\u30c8\u30eb\u306b\u8a70\u3081\u3066\u3044\u307e\u3059\u3002\u307e\u305f\u3001\u306f\u3061\u307f\u3064\u3092\u4e3b\u539f\u6599\u3068\u3057\u305f\u30a4\u30ce\u30d9\u30fc\u30c6\u30a3\u30d6\u306a\u306f\u3061\u307f\u3064\u30d7\u30ed\u30c0\u30af\u30c8\u958b\u767a\u3082\u884c\u3063\u3066\u304a\u308a\u3001\u30a2\u30ec\u30eb\u30ae\u30fc\u306e\u3042\u308b\u65b9\u3001\u98df\u4e8b\u5236\u9650\u306e\u3042\u308b\u65b9\u3001\u30b9\u30dd\u30fc\u30c4\u6642\u306a\u3069\u306b\u666e\u901a\u306e\u306f\u3061\u307f\u3064\u3088\u308a\u6442\u53d6\u3057\u3084\u3059\u3044\u3088\u3046\u306a\u65b0\u5546\u54c1\u3092\u751f\u307f\u3060\u3057\u3066\u3044\u307e\u3059\u3002<\/p>\n<p>&nbsp;<\/p>\n<h2 style=\"text-align: center;\">\u30d5\u30ca\u30e4\u30a6\u30d5\u30c8\u30a5\u30de\u304c\u5bb9\u5668\u8a70\u3081\u3059\u308b\u306f\u3061\u307f\u3064<\/h2>\n<p>&nbsp;<br \/>\n\u30d5\u30ca\u30e4\u30a6\u30d5\u30c8\u30a5\u30de\u306e\u306f\u3061\u307f\u3064\u3092\u8cb7\u3063\u305f\u6d88\u8cbb\u8005\u304c\u305d\u306e\u7f8e\u5473\u3057\u3055\u3068\u54c1\u8cea\u306b\u6e80\u8db3\u3057\u3001\u79c1\u305f\u3061\u81ea\u8eab\u3082\u81ea\u5206\u305f\u3061\u304c\u58f2\u308b\u306f\u3061\u307f\u3064\u306e\u54c1\u8cea\u306b\u8a87\u308a\u3092\u6301\u3066\u308b\u3002 \u305d\u308c\u306f\u79c1\u305f\u3061\u306b\u3068\u3063\u3066\u4f55\u3088\u308a\u3082\u5927\u5207\u306a\u3053\u3068\u3067\u3059\u3002<\/p>\n<p>\u306f\u3061\u307f\u3064\u306e\u54c1\u8cea\u306b\u306f\u305f\u304f\u3055\u3093\u306e\u8981\u7d20\u304c\u5f71\u97ff\u3057\u307e\u3059\u3002\u4f8b\u3048\u3070\u30df\u30c4\u30d0\u30c1\u304c\u871c\u3092\u96c6\u3081\u3066\u304f\u308b\u82b1\u306e\u7a2e\u985e\u3001\u53ce\u7a6b\u6642\u306e\u306f\u3061\u307f\u3064\u306e\u6210\u719f\u5ea6\u3001\u5bb9\u5668\u8a70\u3081\u6642\u306e\u51e6\u7406\u3068\u305d\u306e\u5f8c\u306e\u4fdd\u5b58\u30b3\u30f3\u30c7\u30a3\u30b7\u30e7\u30f3\u3002<\/p>\n<p>\u306f\u3061\u307f\u3064\u306e\u51e6\u7406\u306f\u3001\u56fd\u571f\u68ee\u6797\u7d4c\u6e08\u7701\u306e<a href=\"http:\/\/www.finlex.fi\/fi\/laki\/alkup\/2015\/20150392\">\u306f\u3061\u307f\u3064\u306b\u95a2\u3059\u308b\u6cd5\u5f8b<\/a>\u304c\u5b9a\u3081\u308b\u57fa\u6e96\u306b\u5247\u3063\u3066\u884c\u306a\u3063\u3066\u3044\u308b\u4ed6\u3001\u306f\u3061\u307f\u3064\u306e\u54c1\u8cea\u306f\u5e38\u306b\u81ea\u793e\u306e\u54c1\u8cea\u8a55\u4fa1\u57fa\u6e96\u3068\u7167\u3089\u3057\u5408\u308f\u305b\u3001\u5168\u30aa\u30da\u30ec\u30fc\u30b7\u30e7\u30f3\u6bb5\u968e\u3067\u53b3\u91cd\u306b\u30c1\u30a7\u30c3\u30af\u3057\u3066\u3044\u307e\u3059\u3002\u3055\u3089\u306b2020\u5e744\u670830\u65e5\u306b\u306fBureau Veritas\u8a8d\u8a3c\u306e\u98df\u54c1\u5b89\u5168\u30de\u30cd\u30b8\u30e1\u30f3\u30c8\u30fbISO\u898f\u683c 22000:2018\u3092\u53d6\u5f97\u3057\u3001\u98df\u54c1\u885b\u751f\u3068\u5b89\u5168\u7ba1\u7406\u6a19\u6e96\u30b7\u30b9\u30c6\u30e0\u3092\u9075\u5b88\u3057\u3066\u3044\u307e\u3059\u3002<\/p>\n<p>\u30d5\u30ca\u30e4\u30a6\u30d5\u30c8\u30a5\u30de\u306e\u5bb9\u5668\u8a70\u3081\u3055\u308c\u305f\u30d5\u30a3\u30f3\u30e9\u30f3\u30c9\u7523\u306f\u3061\u307f\u3064\u306f\u3001\u30d5\u30a3\u30f3\u30e9\u30f3\u30c9\u4e2d\u306e\u30b9\u30fc\u30d1\u30fc\u30de\u30fc\u30b1\u30c3\u30c8\u306e\u5546\u54c1\u68da\u306b\u4e26\u3093\u3067\u3044\u307e\u3059\u3002\u770b\u677f\u5546\u54c1\u306f<strong><a href=\"https:\/\/hunaja.fi\/ja\/honey-products-jp\/hana-hachimitsu-450g\/\">\u30d5\u30a3\u30f3\u30e9\u30f3\u30c9\u82b1\u306f\u3061\u307f\u3064<\/a><\/strong> \u3068 <strong><a href=\"https:\/\/hunaja.fi\/ja\/honey-products-jp\/kessyou-hachimitsu-450g\/\">\u30d5\u30a3\u30f3\u30e9\u30f3\u30c9\u4f1d\u7d71\u7d50\u6676\u30cf\u30fc\u30c9\u306f\u3061\u307f\u3064<\/a><\/strong> \u2013\u3044\u305a\u308c\u306e\u5546\u54c1\u3082\u3001450g\u5165\u308a\u3068\u5c0f\u3055\u3081\u30b5\u30a4\u30ba\u306e200g\u5165\u308a\u3092\u3054\u7528\u610f\u3002 \u30dc\u30c8\u30eb\u5165\u308a\u5546\u54c1\u306f <a href=\"https:\/\/hunaja.fi\/ja\/honey-products-jp\/roka-hachimitsu-350g\/\">\u30d5\u30a3\u30f3\u30e9\u30f3\u30c9\u7523\u6ffe\u904e\u306f\u3061\u307f\u3064<\/a> (350 g) \u3068 \u30df\u30a8\u30ec\u30a4\u30cd\u30f3 (340 g) \u30b7\u30ea\u30fc\u30ba\u306e\u30d5\u30a3\u30f3\u30e9\u30f3\u30c9\u7523\u306f\u3061\u307f\u3064\u30d7\u30ed\u30c0\u30af\u30c8\u5404\u7a2e <a href=\"https:\/\/hunaja.fi\/ja\/honey-products-jp\/mieleinen-original-340g-jp\/\">\u30aa\u30ea\u30b8\u30ca\u30eb<\/a>, <a href=\"https:\/\/hunaja.fi\/ja\/honey-products-jp\/mieleinen-billberry-340g-jp\/\">\u30d6\u30eb\u30fc\u30d9\u30ea\u30fc\u5473<\/a> \u3068<a href=\"https:\/\/hunaja.fi\/ja\/honey-products-jp\/mieleinen-strawberry-340g-jp\/\">\u30b9\u30c8\u30ed\u30d9\u30ea\u30fc\u5473\u3002<\/a> \u305d\u306e\u4ed6\u306b<a href=\"https:\/\/hunaja.fi\/hunajatuotteet\/monikukkahunaja-450g\/\">\u30cf\u30f3\u30ac\u30ea\u30fc\u7523\u767e\u82b1\u306f\u3061\u307f\u3064<\/a> (450 g)\u3082\u30d5\u30ca\u30e4\u30a6\u30d5\u30c8\u30a5\u30de\u3067\u5bb9\u5668\u8a70\u3081\u3057\u3066\u3044\u307e\u3059\u3002<br \/>\n<span class=\"bee\">\u4e00\u822c\u306e\u5e97\u982d\u5546\u54c1\u306e\u4ed6\u306b\u3082<a href=\"https:\/\/hunaja.fi\/hunajatuotteet\/elintarviketeollisuus\/\">\u98df\u54c1\u7523\u696d<\/a>\u5411\u3051\u306e\u5546\u54c1\u3068\u3057\u3066\u3001\u30d5\u30a3\u30f3\u30e9\u30f3\u30c9\u7523\u306f\u3061\u307f\u3064\u3068\u56fd\u5916\u7523\u306f\u3061\u307f\u3064\u3092\u696d\u52d9\u7528\u30b5\u30a4\u30ba\u3067\u3054\u7528\u610f\u3057\u3066\u3044\u307e\u3059\u3002<\/span><\/p>\n","protected":false},"excerpt":{"rendered":"<p>\u30d5\u30ca\u30e4\u30a6\u30d5\u30c8\u30a5\u30de\u306f\u30d5\u30a3\u30f3\u30e9\u30f3\u30c9\u3067\u306f\u6700\u5927\u898f\u6a21\u306e\u56fd\u7523\u306f\u3061\u307f\u3064\u30d1\u30c3\u30b1\u30fc\u30b8\u30f3\u30b0\u4f1a\u793e\u30021\u5e74\u5e73\u5747\u306e\u56fd\u7523\u306f\u3061\u307f\u3064\u53d6\u6271\u91cf\u306f25 [&hellip;]<\/p>\n","protected":false},"author":4,"featured_media":29849,"parent":0,"menu_order":0,"comment_status":"closed","ping_status":"closed","template":"","meta":{"_acf_changed":false,"_improvement_type_select":"improve_an_existing","_thumb_yes_seoaic":false,"_frame_yes_seoaic":false,"seoaic_generate_description":"","seoaic_improve_instructions_prompt":"","seoaic_rollback_content_improvement":"","seoaic_idea_thumbnail_generator":"","thumbnail_generated":false,"thumbnail_generate_prompt":"","seoaic_article_description":"","site-sidebar-layout":"default","site-content-layout":"default","ast-site-content-layout":"default","site-content-style":"default","site-sidebar-style":"default","ast-global-header-display":"","ast-banner-title-visibility":"","ast-main-header-display":"","ast-hfb-above-header-display":"","ast-hfb-below-header-display":"","ast-hfb-mobile-header-display":"","site-post-title":"","ast-breadcrumbs-content":"","ast-featured-img":"","footer-sml-layout":"","ast-disable-related-posts":"","theme-transparent-header-meta":"default","adv-header-id-meta":"","stick-header-meta":"default","header-above-stick-meta":"","header-main-stick-meta":"","header-below-stick-meta":"","astra-migrate-meta-layouts":"default","ast-page-background-enabled":"default","ast-page-background-meta":{"desktop":{"background-color":"","background-image":"","background-repeat":"repeat","background-position":"center center","background-size":"auto","background-attachment":"scroll","background-type":"","background-media":"","overlay-type":"","overlay-color":"","overlay-opacity":"","overlay-gradient":""},"tablet":{"background-color":"","background-image":"","background-repeat":"repeat","background-position":"center center","background-size":"auto","background-attachment":"scroll","background-type":"","background-media":"","overlay-type":"","overlay-color":"","overlay-opacity":"","overlay-gradient":""},"mobile":{"background-color":"","background-image":"","background-repeat":"repeat","background-position":"center center","background-size":"auto","background-attachment":"scroll","background-type":"","background-media":"","overlay-type":"","overlay-color":"","overlay-opacity":"","overlay-gradient":""}},"ast-content-background-meta":{"desktop":{"background-color":"var(--ast-global-color-5)","background-image":"","background-repeat":"repeat","background-position":"center center","background-size":"auto","background-attachment":"scroll","background-type":"","background-media":"","overlay-type":"","overlay-color":"","overlay-opacity":"","overlay-gradient":""},"tablet":{"background-color":"var(--ast-global-color-5)","background-image":"","background-repeat":"repeat","background-position":"center center","background-size":"auto","background-attachment":"scroll","background-type":"","background-media":"","overlay-type":"","overlay-color":"","overlay-opacity":"","overlay-gradient":""},"mobile":{"background-color":"var(--ast-global-color-5)","background-image":"","background-repeat":"repeat","background-position":"center center","background-size":"auto","background-attachment":"scroll","background-type":"","background-media":"","overlay-type":"","overlay-color":"","overlay-opacity":"","overlay-gradient":""}},"footnotes":""},"class_list":["post-8997","page","type-page","status-publish","has-post-thumbnail","hentry"],"acf":[],"yoast_head":"<!-- This site is optimized with the Yoast SEO plugin v26.7 - https:\/\/yoast.com\/wordpress\/plugins\/seo\/ -->\n<title>Hunajatuotteet | Hunaja | Hunajatuote | Hunajayhtym\u00e4 Oy<\/title>\n<meta name=\"description\" content=\"Suomalaiset hunajatuotteet ovat herkullisia, luonnollisia ja lis\u00e4aineettomia. Tutustu hunajatuotteisiin Hunajayhtym\u00e4n verkkosivuilla.\" \/>\n<meta name=\"robots\" content=\"index, follow, max-snippet:-1, max-image-preview:large, max-video-preview:-1\" \/>\n<link rel=\"canonical\" href=\"https:\/\/hunaja.fi\/ja\/honey-products-jp\/\" \/>\n<meta property=\"og:locale\" content=\"ja_JP\" \/>\n<meta property=\"og:type\" content=\"article\" \/>\n<meta property=\"og:title\" content=\"Hunajatuotteet | Hunaja | Hunajatuote | Hunajayhtym\u00e4 Oy\" \/>\n<meta property=\"og:description\" content=\"Suomalaiset hunajatuotteet ovat herkullisia, luonnollisia ja lis\u00e4aineettomia. Tutustu hunajatuotteisiin Hunajayhtym\u00e4n verkkosivuilla.\" \/>\n<meta property=\"og:url\" content=\"https:\/\/hunaja.fi\/ja\/honey-products-jp\/\" \/>\n<meta property=\"og:site_name\" content=\"Hunajayhtym\u00e4 Oy\" \/>\n<meta property=\"article:modified_time\" content=\"2023-08-31T12:34:00+00:00\" \/>\n<meta property=\"og:image\" content=\"https:\/\/hunaja.fi\/wp-content\/uploads\/2021\/09\/Ylabanner_tuotteet_880pixkorkea_96dpi_UUDET_Pakkaukset_2021-2.jpg\" \/>\n\t<meta property=\"og:image:width\" content=\"2560\" \/>\n\t<meta property=\"og:image:height\" content=\"1173\" \/>\n\t<meta property=\"og:image:type\" content=\"image\/jpeg\" \/>\n<meta name=\"twitter:card\" content=\"summary_large_image\" \/>\n<meta name=\"twitter:label1\" content=\"\u63a8\u5b9a\u8aad\u307f\u53d6\u308a\u6642\u9593\" \/>\n\t<meta name=\"twitter:data1\" content=\"1\u5206\" \/>\n<script type=\"application\/ld+json\" class=\"yoast-schema-graph\">{\"@context\":\"https:\/\/schema.org\",\"@graph\":[{\"@type\":\"WebPage\",\"@id\":\"https:\/\/hunaja.fi\/ja\/honey-products-jp\/\",\"url\":\"https:\/\/hunaja.fi\/ja\/honey-products-jp\/\",\"name\":\"Hunajatuotteet | Hunaja | Hunajatuote | Hunajayhtym\u00e4 Oy\",\"isPartOf\":{\"@id\":\"https:\/\/hunaja.fi\/#website\"},\"primaryImageOfPage\":{\"@id\":\"https:\/\/hunaja.fi\/ja\/honey-products-jp\/#primaryimage\"},\"image\":{\"@id\":\"https:\/\/hunaja.fi\/ja\/honey-products-jp\/#primaryimage\"},\"thumbnailUrl\":\"https:\/\/hunaja.fi\/wp-content\/uploads\/2021\/09\/Ylabanner_tuotteet_880pixkorkea_96dpi_UUDET_Pakkaukset_2021-2.jpg\",\"datePublished\":\"2013-04-15T10:33:29+00:00\",\"dateModified\":\"2023-08-31T12:34:00+00:00\",\"description\":\"Suomalaiset hunajatuotteet ovat herkullisia, luonnollisia ja lis\u00e4aineettomia. Tutustu hunajatuotteisiin Hunajayhtym\u00e4n verkkosivuilla.\",\"breadcrumb\":{\"@id\":\"https:\/\/hunaja.fi\/ja\/honey-products-jp\/#breadcrumb\"},\"inLanguage\":\"ja\",\"potentialAction\":[{\"@type\":\"ReadAction\",\"target\":[\"https:\/\/hunaja.fi\/ja\/honey-products-jp\/\"]}]},{\"@type\":\"ImageObject\",\"inLanguage\":\"ja\",\"@id\":\"https:\/\/hunaja.fi\/ja\/honey-products-jp\/#primaryimage\",\"url\":\"https:\/\/hunaja.fi\/wp-content\/uploads\/2021\/09\/Ylabanner_tuotteet_880pixkorkea_96dpi_UUDET_Pakkaukset_2021-2.jpg\",\"contentUrl\":\"https:\/\/hunaja.fi\/wp-content\/uploads\/2021\/09\/Ylabanner_tuotteet_880pixkorkea_96dpi_UUDET_Pakkaukset_2021-2.jpg\",\"width\":2560,\"height\":1173,\"caption\":\"Suomalaiset hunajatuotteet\"},{\"@type\":\"BreadcrumbList\",\"@id\":\"https:\/\/hunaja.fi\/ja\/honey-products-jp\/#breadcrumb\",\"itemListElement\":[{\"@type\":\"ListItem\",\"position\":1,\"name\":\"Etusivu\",\"item\":\"https:\/\/hunaja.fi\/ja\/\"},{\"@type\":\"ListItem\",\"position\":2,\"name\":\"\u306f\u3061\u307f\u3064\u5546\u54c1\"}]},{\"@type\":\"WebSite\",\"@id\":\"https:\/\/hunaja.fi\/#website\",\"url\":\"https:\/\/hunaja.fi\/\",\"name\":\"Hunajayhtym\u00e4 Oy\",\"description\":\"Nature Loves Finnish Floral Honey\",\"publisher\":{\"@id\":\"https:\/\/hunaja.fi\/#organization\"},\"potentialAction\":[{\"@type\":\"SearchAction\",\"target\":{\"@type\":\"EntryPoint\",\"urlTemplate\":\"https:\/\/hunaja.fi\/?s={search_term_string}\"},\"query-input\":{\"@type\":\"PropertyValueSpecification\",\"valueRequired\":true,\"valueName\":\"search_term_string\"}}],\"inLanguage\":\"ja\"},{\"@type\":\"Organization\",\"@id\":\"https:\/\/hunaja.fi\/#organization\",\"name\":\"Hunajayhtym\u00e4 Oy\",\"url\":\"https:\/\/hunaja.fi\/\",\"logo\":{\"@type\":\"ImageObject\",\"inLanguage\":\"ja\",\"@id\":\"https:\/\/hunaja.fi\/#\/schema\/logo\/image\/\",\"url\":\"https:\/\/hunaja.fi\/wp-content\/uploads\/2021\/07\/Hunajayhtyma_Logo_VAAKA_slogan_cmyk-01.png\",\"contentUrl\":\"https:\/\/hunaja.fi\/wp-content\/uploads\/2021\/07\/Hunajayhtyma_Logo_VAAKA_slogan_cmyk-01.png\",\"width\":656,\"height\":242,\"caption\":\"Hunajayhtym\u00e4 Oy\"},\"image\":{\"@id\":\"https:\/\/hunaja.fi\/#\/schema\/logo\/image\/\"}}]}<\/script>\n<!-- \/ Yoast SEO plugin. -->","yoast_head_json":{"title":"Hunajatuotteet | Hunaja | Hunajatuote | Hunajayhtym\u00e4 Oy","description":"Suomalaiset hunajatuotteet ovat herkullisia, luonnollisia ja lis\u00e4aineettomia. Tutustu hunajatuotteisiin Hunajayhtym\u00e4n verkkosivuilla.","robots":{"index":"index","follow":"follow","max-snippet":"max-snippet:-1","max-image-preview":"max-image-preview:large","max-video-preview":"max-video-preview:-1"},"canonical":"https:\/\/hunaja.fi\/ja\/honey-products-jp\/","og_locale":"ja_JP","og_type":"article","og_title":"Hunajatuotteet | Hunaja | Hunajatuote | Hunajayhtym\u00e4 Oy","og_description":"Suomalaiset hunajatuotteet ovat herkullisia, luonnollisia ja lis\u00e4aineettomia. Tutustu hunajatuotteisiin Hunajayhtym\u00e4n verkkosivuilla.","og_url":"https:\/\/hunaja.fi\/ja\/honey-products-jp\/","og_site_name":"Hunajayhtym\u00e4 Oy","article_modified_time":"2023-08-31T12:34:00+00:00","og_image":[{"width":2560,"height":1173,"url":"https:\/\/hunaja.fi\/wp-content\/uploads\/2021\/09\/Ylabanner_tuotteet_880pixkorkea_96dpi_UUDET_Pakkaukset_2021-2.jpg","type":"image\/jpeg"}],"twitter_card":"summary_large_image","twitter_misc":{"\u63a8\u5b9a\u8aad\u307f\u53d6\u308a\u6642\u9593":"1\u5206"},"schema":{"@context":"https:\/\/schema.org","@graph":[{"@type":"WebPage","@id":"https:\/\/hunaja.fi\/ja\/honey-products-jp\/","url":"https:\/\/hunaja.fi\/ja\/honey-products-jp\/","name":"Hunajatuotteet | Hunaja | Hunajatuote | Hunajayhtym\u00e4 Oy","isPartOf":{"@id":"https:\/\/hunaja.fi\/#website"},"primaryImageOfPage":{"@id":"https:\/\/hunaja.fi\/ja\/honey-products-jp\/#primaryimage"},"image":{"@id":"https:\/\/hunaja.fi\/ja\/honey-products-jp\/#primaryimage"},"thumbnailUrl":"https:\/\/hunaja.fi\/wp-content\/uploads\/2021\/09\/Ylabanner_tuotteet_880pixkorkea_96dpi_UUDET_Pakkaukset_2021-2.jpg","datePublished":"2013-04-15T10:33:29+00:00","dateModified":"2023-08-31T12:34:00+00:00","description":"Suomalaiset hunajatuotteet ovat herkullisia, luonnollisia ja lis\u00e4aineettomia. Tutustu hunajatuotteisiin Hunajayhtym\u00e4n verkkosivuilla.","breadcrumb":{"@id":"https:\/\/hunaja.fi\/ja\/honey-products-jp\/#breadcrumb"},"inLanguage":"ja","potentialAction":[{"@type":"ReadAction","target":["https:\/\/hunaja.fi\/ja\/honey-products-jp\/"]}]},{"@type":"ImageObject","inLanguage":"ja","@id":"https:\/\/hunaja.fi\/ja\/honey-products-jp\/#primaryimage","url":"https:\/\/hunaja.fi\/wp-content\/uploads\/2021\/09\/Ylabanner_tuotteet_880pixkorkea_96dpi_UUDET_Pakkaukset_2021-2.jpg","contentUrl":"https:\/\/hunaja.fi\/wp-content\/uploads\/2021\/09\/Ylabanner_tuotteet_880pixkorkea_96dpi_UUDET_Pakkaukset_2021-2.jpg","width":2560,"height":1173,"caption":"Suomalaiset hunajatuotteet"},{"@type":"BreadcrumbList","@id":"https:\/\/hunaja.fi\/ja\/honey-products-jp\/#breadcrumb","itemListElement":[{"@type":"ListItem","position":1,"name":"Etusivu","item":"https:\/\/hunaja.fi\/ja\/"},{"@type":"ListItem","position":2,"name":"\u306f\u3061\u307f\u3064\u5546\u54c1"}]},{"@type":"WebSite","@id":"https:\/\/hunaja.fi\/#website","url":"https:\/\/hunaja.fi\/","name":"Hunajayhtym\u00e4 Oy","description":"Nature Loves Finnish Floral Honey","publisher":{"@id":"https:\/\/hunaja.fi\/#organization"},"potentialAction":[{"@type":"SearchAction","target":{"@type":"EntryPoint","urlTemplate":"https:\/\/hunaja.fi\/?s={search_term_string}"},"query-input":{"@type":"PropertyValueSpecification","valueRequired":true,"valueName":"search_term_string"}}],"inLanguage":"ja"},{"@type":"Organization","@id":"https:\/\/hunaja.fi\/#organization","name":"Hunajayhtym\u00e4 Oy","url":"https:\/\/hunaja.fi\/","logo":{"@type":"ImageObject","inLanguage":"ja","@id":"https:\/\/hunaja.fi\/#\/schema\/logo\/image\/","url":"https:\/\/hunaja.fi\/wp-content\/uploads\/2021\/07\/Hunajayhtyma_Logo_VAAKA_slogan_cmyk-01.png","contentUrl":"https:\/\/hunaja.fi\/wp-content\/uploads\/2021\/07\/Hunajayhtyma_Logo_VAAKA_slogan_cmyk-01.png","width":656,"height":242,"caption":"Hunajayhtym\u00e4 Oy"},"image":{"@id":"https:\/\/hunaja.fi\/#\/schema\/logo\/image\/"}}]}},"_links":{"self":[{"href":"https:\/\/hunaja.fi\/ja\/wp-json\/wp\/v2\/pages\/8997","targetHints":{"allow":["GET"]}}],"collection":[{"href":"https:\/\/hunaja.fi\/ja\/wp-json\/wp\/v2\/pages"}],"about":[{"href":"https:\/\/hunaja.fi\/ja\/wp-json\/wp\/v2\/types\/page"}],"author":[{"embeddable":true,"href":"https:\/\/hunaja.fi\/ja\/wp-json\/wp\/v2\/users\/4"}],"replies":[{"embeddable":true,"href":"https:\/\/hunaja.fi\/ja\/wp-json\/wp\/v2\/comments?post=8997"}],"version-history":[{"count":20,"href":"https:\/\/hunaja.fi\/ja\/wp-json\/wp\/v2\/pages\/8997\/revisions"}],"predecessor-version":[{"id":43234,"href":"https:\/\/hunaja.fi\/ja\/wp-json\/wp\/v2\/pages\/8997\/revisions\/43234"}],"wp:featuredmedia":[{"embeddable":true,"href":"https:\/\/hunaja.fi\/ja\/wp-json\/wp\/v2\/media\/29849"}],"wp:attachment":[{"href":"https:\/\/hunaja.fi\/ja\/wp-json\/wp\/v2\/media?parent=8997"}],"curies":[{"name":"wp","href":"https:\/\/api.w.org\/{rel}","templated":true}]}}