{"id":8872,"date":"2013-04-15T13:30:35","date_gmt":"2013-04-15T10:30:35","guid":{"rendered":"https:\/\/www.hunaja.fi\/?page_id=8872"},"modified":"2022-10-26T15:17:30","modified_gmt":"2022-10-26T12:17:30","slug":"etusivu","status":"publish","type":"page","link":"https:\/\/hunaja.fi\/ja\/","title":{"rendered":"\u30c8\u30c3\u30d7\u30da\u30fc\u30b8"},"content":{"rendered":"<h3>T\u00e4m\u00e4 kentt\u00e4 ei en\u00e4\u00e4 k\u00e4yt\u00f6ss\u00e4<\/h3>\n<h3>ALKUPER\u00c4LL\u00c4 ON V\u00c4LI\u00c4<\/h3>\n<p>Hunajayhtym\u00e4n pakkaama hunaja tulee suoraan kotimaisilta hunajantuottajilta ymp\u00e4ri Suomen. Noin 125 sopimustuottajaamme hoitavat mehil\u00e4isi\u00e4\u00e4n ja tuottavat hunajaa kotimaamme puhtaan luonnon keskell\u00e4. Sopimustuottajillemme on t\u00e4rke\u00e4\u00e4 mehil\u00e4isten hyvinvointi ja niiden asianmukainen hoitaminen. N\u00e4in syntyy laadukas, puhdas luonnontuote. Meill\u00e4 pakkaamossa hunajan laatua tarkkaillaan kaikissa ty\u00f6vaiheissa ja n\u00e4in varmistetaan tuotteemme laadukkuus. <a href=\"https:\/\/www.hunaja.fi\/alkuperalla-on-valia\/\">Lue lis\u00e4\u00e4<\/a><\/p>\n<h3>HUNAJA ON MONIPUOLINEN LUONNONTUOTE<\/h3>\n<p>Hunaja on todella monipuolinen luonnontuote! Sit\u00e4 voi k\u00e4ytt\u00e4\u00e4 makeuttajana esim. l\u00e4mpimiss\u00e4 juomissa, ruuanlaitossa, leivonnassa ja nopean energian antajana urheilun yhteydess\u00e4. Hunajan sokerit ovat pienimolekyylisi\u00e4 ja imeytyv\u00e4t nopeasti elimist\u00f6\u00f6n, joten hunaja on erinomainen v\u00e4lipala esimerkiksi urheilijalle suorituksen aikana tai sen j\u00e4lkeen. Antibakteerisuutensa takia hunaja on my\u00f6s tehokas ja luonnonmukainen tapa hoitaa vammoja ja sairauksia. Esimerkiksi haavojen ja palovammojen hoitoon hunaja sopii todella hyvin. Hunajaa voi k\u00e4ytt\u00e4\u00e4 my\u00f6s kauneudenhoitoon. Rakeinen hunaja kuorii ja hoitaa ihoa. Lue lis\u00e4\u00e4 <a href=\"https:\/\/www.hunaja.fi\/hunajasta\/kaytto\/\">hunajan k\u00e4yt\u00f6st\u00e4<\/a> ja t<a href=\"https:\/\/www.hunaja.fi\/reseptit\/\">utustu hunajaisin resepteihimme!<\/a><\/p>\n<h3>AJANKOHTAISTA<\/h3>\n<p>[display-posts posts_per_page=&#8221;5&#8243;]<\/p>\n<p><span style=\"border-radius: 2px; text-indent: 20px; width: auto; padding: 0px 4px 0px 0px; text-align: center; font: bold 11px\/20px 'Helvetica Neue',Helvetica,sans-serif; color: #ffffff; background: #bd081c no-repeat scroll 3px 50% \/ 14px 14px; cursor: pointer;\">Tallenna<\/span><\/p>\n<p><span style=\"border-radius: 2px; text-indent: 20px; width: auto; padding: 0px 4px 0px 0px; text-align: center; font: bold 11px\/20px 'Helvetica Neue',Helvetica,sans-serif; color: #ffffff; background: #bd081c no-repeat scroll 3px 50% \/ 14px 14px; cursor: pointer;\">Tallenna<\/span><\/p>\n<div id=\"fskey-tooltip\" class=\"fskey-tooltip\"><\/div>\n<div id=\"fskey-tooltip\" class=\"fskey-tooltip\"><\/div>\n<div id=\"fskey-tooltip\" class=\"fskey-tooltip\"><\/div>\n<div id=\"fskey-tooltip\" class=\"fskey-tooltip\"><\/div>\n<div id=\"fskey-tooltip\" class=\"fskey-tooltip\"><\/div>\n<div id=\"fskey-tooltip\" class=\"fskey-tooltip\"><\/div>\n<p><iframe id=\"fskey-iframe\" class=\"fskey-autofill-dlg\" style=\"display: none;\" sandbox=\"allow-same-origin\"><\/iframe><\/p>\n<div id=\"fskey-tooltip\" class=\"fskey-tooltip\"><\/div>\n<p><iframe id=\"fskey-iframe\" class=\"fskey-autofill-dlg\" style=\"display: none;\" sandbox=\"allow-same-origin\"><\/iframe><\/p>\n<div id=\"fskey-tooltip\" class=\"fskey-tooltip\"><\/div>\n","protected":false},"excerpt":{"rendered":"<p>T\u00e4m\u00e4 kentt\u00e4 ei en\u00e4\u00e4 k\u00e4yt\u00f6ss\u00e4 ALKUPER\u00c4LL\u00c4 ON V\u00c4LI\u00c4 Hunaj [&hellip;]<\/p>\n","protected":false},"author":4,"featured_media":29849,"parent":0,"menu_order":0,"comment_status":"closed","ping_status":"closed","template":"","meta":{"_acf_changed":false,"_improvement_type_select":"improve_an_existing","_thumb_yes_seoaic":false,"_frame_yes_seoaic":false,"seoaic_generate_description":"","seoaic_improve_instructions_prompt":"","seoaic_rollback_content_improvement":"","seoaic_idea_thumbnail_generator":"","thumbnail_generated":false,"thumbnail_generate_prompt":"","seoaic_article_description":"","site-sidebar-layout":"default","site-content-layout":"default","ast-site-content-layout":"default","site-content-style":"default","site-sidebar-style":"default","ast-global-header-display":"","ast-banner-title-visibility":"","ast-main-header-display":"","ast-hfb-above-header-display":"","ast-hfb-below-header-display":"","ast-hfb-mobile-header-display":"","site-post-title":"","ast-breadcrumbs-content":"","ast-featured-img":"","footer-sml-layout":"","ast-disable-related-posts":"","theme-transparent-header-meta":"default","adv-header-id-meta":"","stick-header-meta":"default","header-above-stick-meta":"","header-main-stick-meta":"","header-below-stick-meta":"","astra-migrate-meta-layouts":"default","ast-page-background-enabled":"default","ast-page-background-meta":{"desktop":{"background-color":"","background-image":"","background-repeat":"repeat","background-position":"center center","background-size":"auto","background-attachment":"scroll","background-type":"","background-media":"","overlay-type":"","overlay-color":"","overlay-opacity":"","overlay-gradient":""},"tablet":{"background-color":"","background-image":"","background-repeat":"repeat","background-position":"center center","background-size":"auto","background-attachment":"scroll","background-type":"","background-media":"","overlay-type":"","overlay-color":"","overlay-opacity":"","overlay-gradient":""},"mobile":{"background-color":"","background-image":"","background-repeat":"repeat","background-position":"center center","background-size":"auto","background-attachment":"scroll","background-type":"","background-media":"","overlay-type":"","overlay-color":"","overlay-opacity":"","overlay-gradient":""}},"ast-content-background-meta":{"desktop":{"background-color":"var(--ast-global-color-5)","background-image":"","background-repeat":"repeat","background-position":"center center","background-size":"auto","background-attachment":"scroll","background-type":"","background-media":"","overlay-type":"","overlay-color":"","overlay-opacity":"","overlay-gradient":""},"tablet":{"background-color":"var(--ast-global-color-5)","background-image":"","background-repeat":"repeat","background-position":"center center","background-size":"auto","background-attachment":"scroll","background-type":"","background-media":"","overlay-type":"","overlay-color":"","overlay-opacity":"","overlay-gradient":""},"mobile":{"background-color":"var(--ast-global-color-5)","background-image":"","background-repeat":"repeat","background-position":"center center","background-size":"auto","background-attachment":"scroll","background-type":"","background-media":"","overlay-type":"","overlay-color":"","overlay-opacity":"","overlay-gradient":""}},"footnotes":""},"class_list":["post-8872","page","type-page","status-publish","has-post-thumbnail","hentry"],"acf":[],"yoast_head":"<!-- This site is optimized with the Yoast SEO plugin v26.7 - https:\/\/yoast.com\/wordpress\/plugins\/seo\/ -->\n<title>Hunaja | Aidon hyv\u00e4n tekij\u00e4 | Hunajayhtym\u00e4 Oy<\/title>\n<meta name=\"description\" content=\"Suomalainen hunaja on puhdas ja lis\u00e4aineeton luonnontuote, joka sopii luonnolle. Tutustu hunajaan ja mehil\u00e4isiin Hunajayhtym\u00e4n matkassa.\" \/>\n<meta name=\"robots\" content=\"index, follow, max-snippet:-1, max-image-preview:large, max-video-preview:-1\" \/>\n<link rel=\"canonical\" href=\"https:\/\/hunaja.fi\/ja\/\" \/>\n<meta property=\"og:locale\" content=\"ja_JP\" \/>\n<meta property=\"og:type\" content=\"article\" \/>\n<meta property=\"og:title\" content=\"Hunaja | Aidon hyv\u00e4n tekij\u00e4 | Hunajayhtym\u00e4 Oy\" \/>\n<meta property=\"og:description\" content=\"Suomalainen hunaja on puhdas ja lis\u00e4aineeton luonnontuote, joka sopii luonnolle. Tutustu hunajaan ja mehil\u00e4isiin Hunajayhtym\u00e4n matkassa.\" \/>\n<meta property=\"og:url\" content=\"https:\/\/hunaja.fi\/ja\/\" \/>\n<meta property=\"og:site_name\" content=\"Hunajayhtym\u00e4 Oy\" \/>\n<meta property=\"article:modified_time\" content=\"2022-10-26T12:17:30+00:00\" \/>\n<meta property=\"og:image\" content=\"https:\/\/hunaja.fi\/wp-content\/uploads\/2021\/09\/Ylabanner_tuotteet_880pixkorkea_96dpi_UUDET_Pakkaukset_2021-2.jpg\" \/>\n\t<meta property=\"og:image:width\" content=\"2560\" \/>\n\t<meta property=\"og:image:height\" content=\"1173\" \/>\n\t<meta property=\"og:image:type\" content=\"image\/jpeg\" \/>\n<meta name=\"twitter:card\" content=\"summary_large_image\" \/>\n<meta name=\"twitter:label1\" content=\"\u63a8\u5b9a\u8aad\u307f\u53d6\u308a\u6642\u9593\" \/>\n\t<meta name=\"twitter:data1\" content=\"1\u5206\" \/>\n<script type=\"application\/ld+json\" class=\"yoast-schema-graph\">{\"@context\":\"https:\/\/schema.org\",\"@graph\":[{\"@type\":\"WebPage\",\"@id\":\"https:\/\/hunaja.fi\/ja\/\",\"url\":\"https:\/\/hunaja.fi\/ja\/\",\"name\":\"Hunaja | Aidon hyv\u00e4n tekij\u00e4 | Hunajayhtym\u00e4 Oy\",\"isPartOf\":{\"@id\":\"https:\/\/hunaja.fi\/#website\"},\"primaryImageOfPage\":{\"@id\":\"https:\/\/hunaja.fi\/ja\/#primaryimage\"},\"image\":{\"@id\":\"https:\/\/hunaja.fi\/ja\/#primaryimage\"},\"thumbnailUrl\":\"https:\/\/hunaja.fi\/wp-content\/uploads\/2021\/09\/Ylabanner_tuotteet_880pixkorkea_96dpi_UUDET_Pakkaukset_2021-2.jpg\",\"datePublished\":\"2013-04-15T10:30:35+00:00\",\"dateModified\":\"2022-10-26T12:17:30+00:00\",\"description\":\"Suomalainen hunaja on puhdas ja lis\u00e4aineeton luonnontuote, joka sopii luonnolle. Tutustu hunajaan ja mehil\u00e4isiin Hunajayhtym\u00e4n matkassa.\",\"breadcrumb\":{\"@id\":\"https:\/\/hunaja.fi\/ja\/#breadcrumb\"},\"inLanguage\":\"ja\",\"potentialAction\":[{\"@type\":\"ReadAction\",\"target\":[\"https:\/\/hunaja.fi\/ja\/\"]}]},{\"@type\":\"ImageObject\",\"inLanguage\":\"ja\",\"@id\":\"https:\/\/hunaja.fi\/ja\/#primaryimage\",\"url\":\"https:\/\/hunaja.fi\/wp-content\/uploads\/2021\/09\/Ylabanner_tuotteet_880pixkorkea_96dpi_UUDET_Pakkaukset_2021-2.jpg\",\"contentUrl\":\"https:\/\/hunaja.fi\/wp-content\/uploads\/2021\/09\/Ylabanner_tuotteet_880pixkorkea_96dpi_UUDET_Pakkaukset_2021-2.jpg\",\"width\":2560,\"height\":1173,\"caption\":\"Suomalaiset hunajatuotteet\"},{\"@type\":\"BreadcrumbList\",\"@id\":\"https:\/\/hunaja.fi\/ja\/#breadcrumb\",\"itemListElement\":[{\"@type\":\"ListItem\",\"position\":1,\"name\":\"Etusivu\",\"item\":\"https:\/\/hunaja.fi\/ja\/\"},{\"@type\":\"ListItem\",\"position\":2,\"name\":\"\u30c8\u30c3\u30d7\u30da\u30fc\u30b8\"}]},{\"@type\":\"WebSite\",\"@id\":\"https:\/\/hunaja.fi\/#website\",\"url\":\"https:\/\/hunaja.fi\/\",\"name\":\"Hunajayhtym\u00e4 Oy\",\"description\":\"Nature Loves Finnish Floral Honey\",\"publisher\":{\"@id\":\"https:\/\/hunaja.fi\/#organization\"},\"potentialAction\":[{\"@type\":\"SearchAction\",\"target\":{\"@type\":\"EntryPoint\",\"urlTemplate\":\"https:\/\/hunaja.fi\/?s={search_term_string}\"},\"query-input\":{\"@type\":\"PropertyValueSpecification\",\"valueRequired\":true,\"valueName\":\"search_term_string\"}}],\"inLanguage\":\"ja\"},{\"@type\":\"Organization\",\"@id\":\"https:\/\/hunaja.fi\/#organization\",\"name\":\"Hunajayhtym\u00e4 Oy\",\"url\":\"https:\/\/hunaja.fi\/\",\"logo\":{\"@type\":\"ImageObject\",\"inLanguage\":\"ja\",\"@id\":\"https:\/\/hunaja.fi\/#\/schema\/logo\/image\/\",\"url\":\"https:\/\/hunaja.fi\/wp-content\/uploads\/2021\/07\/Hunajayhtyma_Logo_VAAKA_slogan_cmyk-01.png\",\"contentUrl\":\"https:\/\/hunaja.fi\/wp-content\/uploads\/2021\/07\/Hunajayhtyma_Logo_VAAKA_slogan_cmyk-01.png\",\"width\":656,\"height\":242,\"caption\":\"Hunajayhtym\u00e4 Oy\"},\"image\":{\"@id\":\"https:\/\/hunaja.fi\/#\/schema\/logo\/image\/\"}}]}<\/script>\n<!-- \/ Yoast SEO plugin. -->","yoast_head_json":{"title":"Hunaja | Aidon hyv\u00e4n tekij\u00e4 | Hunajayhtym\u00e4 Oy","description":"Suomalainen hunaja on puhdas ja lis\u00e4aineeton luonnontuote, joka sopii luonnolle. Tutustu hunajaan ja mehil\u00e4isiin Hunajayhtym\u00e4n matkassa.","robots":{"index":"index","follow":"follow","max-snippet":"max-snippet:-1","max-image-preview":"max-image-preview:large","max-video-preview":"max-video-preview:-1"},"canonical":"https:\/\/hunaja.fi\/ja\/","og_locale":"ja_JP","og_type":"article","og_title":"Hunaja | Aidon hyv\u00e4n tekij\u00e4 | Hunajayhtym\u00e4 Oy","og_description":"Suomalainen hunaja on puhdas ja lis\u00e4aineeton luonnontuote, joka sopii luonnolle. Tutustu hunajaan ja mehil\u00e4isiin Hunajayhtym\u00e4n matkassa.","og_url":"https:\/\/hunaja.fi\/ja\/","og_site_name":"Hunajayhtym\u00e4 Oy","article_modified_time":"2022-10-26T12:17:30+00:00","og_image":[{"width":2560,"height":1173,"url":"https:\/\/hunaja.fi\/wp-content\/uploads\/2021\/09\/Ylabanner_tuotteet_880pixkorkea_96dpi_UUDET_Pakkaukset_2021-2.jpg","type":"image\/jpeg"}],"twitter_card":"summary_large_image","twitter_misc":{"\u63a8\u5b9a\u8aad\u307f\u53d6\u308a\u6642\u9593":"1\u5206"},"schema":{"@context":"https:\/\/schema.org","@graph":[{"@type":"WebPage","@id":"https:\/\/hunaja.fi\/ja\/","url":"https:\/\/hunaja.fi\/ja\/","name":"Hunaja | Aidon hyv\u00e4n tekij\u00e4 | Hunajayhtym\u00e4 Oy","isPartOf":{"@id":"https:\/\/hunaja.fi\/#website"},"primaryImageOfPage":{"@id":"https:\/\/hunaja.fi\/ja\/#primaryimage"},"image":{"@id":"https:\/\/hunaja.fi\/ja\/#primaryimage"},"thumbnailUrl":"https:\/\/hunaja.fi\/wp-content\/uploads\/2021\/09\/Ylabanner_tuotteet_880pixkorkea_96dpi_UUDET_Pakkaukset_2021-2.jpg","datePublished":"2013-04-15T10:30:35+00:00","dateModified":"2022-10-26T12:17:30+00:00","description":"Suomalainen hunaja on puhdas ja lis\u00e4aineeton luonnontuote, joka sopii luonnolle. Tutustu hunajaan ja mehil\u00e4isiin Hunajayhtym\u00e4n matkassa.","breadcrumb":{"@id":"https:\/\/hunaja.fi\/ja\/#breadcrumb"},"inLanguage":"ja","potentialAction":[{"@type":"ReadAction","target":["https:\/\/hunaja.fi\/ja\/"]}]},{"@type":"ImageObject","inLanguage":"ja","@id":"https:\/\/hunaja.fi\/ja\/#primaryimage","url":"https:\/\/hunaja.fi\/wp-content\/uploads\/2021\/09\/Ylabanner_tuotteet_880pixkorkea_96dpi_UUDET_Pakkaukset_2021-2.jpg","contentUrl":"https:\/\/hunaja.fi\/wp-content\/uploads\/2021\/09\/Ylabanner_tuotteet_880pixkorkea_96dpi_UUDET_Pakkaukset_2021-2.jpg","width":2560,"height":1173,"caption":"Suomalaiset hunajatuotteet"},{"@type":"BreadcrumbList","@id":"https:\/\/hunaja.fi\/ja\/#breadcrumb","itemListElement":[{"@type":"ListItem","position":1,"name":"Etusivu","item":"https:\/\/hunaja.fi\/ja\/"},{"@type":"ListItem","position":2,"name":"\u30c8\u30c3\u30d7\u30da\u30fc\u30b8"}]},{"@type":"WebSite","@id":"https:\/\/hunaja.fi\/#website","url":"https:\/\/hunaja.fi\/","name":"Hunajayhtym\u00e4 Oy","description":"Nature Loves Finnish Floral Honey","publisher":{"@id":"https:\/\/hunaja.fi\/#organization"},"potentialAction":[{"@type":"SearchAction","target":{"@type":"EntryPoint","urlTemplate":"https:\/\/hunaja.fi\/?s={search_term_string}"},"query-input":{"@type":"PropertyValueSpecification","valueRequired":true,"valueName":"search_term_string"}}],"inLanguage":"ja"},{"@type":"Organization","@id":"https:\/\/hunaja.fi\/#organization","name":"Hunajayhtym\u00e4 Oy","url":"https:\/\/hunaja.fi\/","logo":{"@type":"ImageObject","inLanguage":"ja","@id":"https:\/\/hunaja.fi\/#\/schema\/logo\/image\/","url":"https:\/\/hunaja.fi\/wp-content\/uploads\/2021\/07\/Hunajayhtyma_Logo_VAAKA_slogan_cmyk-01.png","contentUrl":"https:\/\/hunaja.fi\/wp-content\/uploads\/2021\/07\/Hunajayhtyma_Logo_VAAKA_slogan_cmyk-01.png","width":656,"height":242,"caption":"Hunajayhtym\u00e4 Oy"},"image":{"@id":"https:\/\/hunaja.fi\/#\/schema\/logo\/image\/"}}]}},"_links":{"self":[{"href":"https:\/\/hunaja.fi\/ja\/wp-json\/wp\/v2\/pages\/8872","targetHints":{"allow":["GET"]}}],"collection":[{"href":"https:\/\/hunaja.fi\/ja\/wp-json\/wp\/v2\/pages"}],"about":[{"href":"https:\/\/hunaja.fi\/ja\/wp-json\/wp\/v2\/types\/page"}],"author":[{"embeddable":true,"href":"https:\/\/hunaja.fi\/ja\/wp-json\/wp\/v2\/users\/4"}],"replies":[{"embeddable":true,"href":"https:\/\/hunaja.fi\/ja\/wp-json\/wp\/v2\/comments?post=8872"}],"version-history":[{"count":10,"href":"https:\/\/hunaja.fi\/ja\/wp-json\/wp\/v2\/pages\/8872\/revisions"}],"predecessor-version":[{"id":32279,"href":"https:\/\/hunaja.fi\/ja\/wp-json\/wp\/v2\/pages\/8872\/revisions\/32279"}],"wp:featuredmedia":[{"embeddable":true,"href":"https:\/\/hunaja.fi\/ja\/wp-json\/wp\/v2\/media\/29849"}],"wp:attachment":[{"href":"https:\/\/hunaja.fi\/ja\/wp-json\/wp\/v2\/media?parent=8872"}],"curies":[{"name":"wp","href":"https:\/\/api.w.org\/{rel}","templated":true}]}}