{"id":32021,"date":"2019-11-19T23:13:42","date_gmt":"2019-11-19T21:13:42","guid":{"rendered":"https:\/\/hunaja.fi\/honey-products\/honeysty-energiageelit\/"},"modified":"2022-10-26T15:17:36","modified_gmt":"2022-10-26T12:17:36","slug":"honesty-energygel-jp","status":"publish","type":"page","link":"https:\/\/hunaja.fi\/ja\/honey-products-jp\/honesty-energygel-jp\/","title":{"rendered":"\u30cf\u30cb\u30b9\u30c6\u30a3\u30fc\u3000\u30a8\u30ca\u30b8\u30fc\u30b8\u30a7\u30eb"},"content":{"rendered":"<p>\u30cf\u30cb\u30b9\u30c6\u30a3\u30fc\u30fb\u30a8\u30ca\u30b8\u30fc\u30b8\u30a7\u30eb\u306f\u3001\u5929\u7136\u7d20\u6750\u306e\u307f\u3092\u4f7f\u7528\u3057\u305f\u306f\u3061\u307f\u3064\u30d9\u30fc\u30b9\u306e\u30b9\u30dd\u30fc\u30c4\u30b8\u30a7\u30eb\u3002\u6301\u4e45\u6027\u3092\u8981\u3059\u308b\u904b\u52d5\u4e2d\u3001\u904b\u52d5\u5f8c\u306e\u8840\u7cd6\u5024\u3092\u3057\u3063\u304b\u308a\u3068\u4fdd\u3061\u307e\u3059\u3002\u5546\u54c1\u306e\u4f7f\u7528\u5b9f\u9a13\u30c7\u30fc\u30bf\u3068\u30e6\u30fc\u30b6\u30fc\u4f53\u9a13\u8ac7\u4ed6\u3001\u8a73\u7d30\u306f\u3053\u3061\u3089\u306e\u30da\u30fc\u30b8\u3067\u3002 <strong><a href=\"https:\/\/honeysty.fi\" target=\"_blank\" rel=\"noopener noreferrer\">honeysty.fi<\/a>.<\/strong><\/p>\n<p>\u30cf\u30cb\u30b9\u30c6\u30a3\u30fc\u30fb\u30a8\u30ca\u30b8\u30fc\u30b8\u30a7\u30eb\u306f\u4eba\u5de5\u7684\u306a\u3082\u306e\u3092\u4e00\u5207\u542b\u307e\u306a\u3044\u30d5\u30a3\u30f3\u30e9\u30f3\u30c9\u7523\u306f\u3061\u307f\u3064\u3067\u4f5c\u3063\u305f\u30a8\u30ca\u30b8\u30fc\u30d6\u30fc\u30b9\u30bf\u30fc\u3002\u306f\u3061\u307f\u3064\u3068\u3001\u30d5\u30ec\u30fc\u30d0\u30fc\u7d20\u6750\u305d\u306e\u3082\u306e\u306e\u5473\u304c\u3059\u308b\u30cf\u30cb\u30b9\u30c6\u30a3\u30fc\u306f\u3001\u4eba\u5de5\u7684\u306a\u30b9\u30dd\u30fc\u30c4\u30b8\u30a7\u30eb\u306e\u5473\u306b\u6163\u308c\u3066\u3044\u308b\u30e6\u30fc\u30b6\u30fc\u306b\u306f\u300c\u7d14\u7c8b\u306b\u7f8e\u5473\u3057\u3044\u3002\u300d\u300c\u30d1\u30c3\u30b1\u30fc\u30b8\u304c\u4f7f\u3044\u3084\u3059\u3044\u300d\u3068\u8a55\u5224\u3067\u3059\u3002\u5929\u7136\u7d20\u6750\u3067\u3042\u308b\u306f\u3061\u307f\u3064\u306f\u3001\u75b2\u52b4\u6642\u306b\u611f\u3058\u3089\u308c\u308b\u5f8c\u5473\u304c\u820c\u306b\u597d\u307e\u3057\u3044\u50be\u5411\u304c\u3042\u308b\u4e0a\u3001\u304a\u8179\u306b\u512a\u3057\u3044\u306e\u3082\u5b09\u3057\u3044\u3002<\/p>\n<figure id=\"attachment_30991\" aria-describedby=\"caption-attachment-30991\" style=\"width: 1280px\" class=\"wp-caption aligncenter\"><img decoding=\"async\" class=\"wp-image-30991 size-medium\" src=\"https:\/\/hunaja.fi\/wp-content\/uploads\/2021\/11\/HunajayhtymaOtherProducts-2-1280x720.jpg\" alt=\"\" width=\"1280\" height=\"720\" srcset=\"https:\/\/hunaja.fi\/wp-content\/uploads\/2021\/11\/HunajayhtymaOtherProducts-2-1280x720.jpg 1280w, https:\/\/hunaja.fi\/wp-content\/uploads\/2021\/11\/HunajayhtymaOtherProducts-2-480x270.jpg 480w\" sizes=\"(max-width: 1280px) 100vw, 1280px\" \/><figcaption id=\"caption-attachment-30991\" class=\"wp-caption-text\">\u30cf\u30cb\u30b9\u30c6\u30a3\u30fc\u306f\u6563\u6b69\u3084\u30cf\u30a4\u30ad\u30f3\u30b0\u6642\u306e\u304a\u4f9b\u3068\u3057\u3066\u3082\u6700\u9069\u3002\u30cf\u30fc\u30c9\u306a\u30c8\u30ec\u30fc\u30cb\u30f3\u30b0\u3084\u7af6\u6280\u6642\u306b\u306f\u3082\u3061\u308d\u3093\u3001\u3042\u3089\u3086\u308b\u5e74\u9f62\u306e\u65b9\u306e\u30a8\u30ca\u30b8\u30fc\u30fb\u8840\u7cd6\u5024\u30d6\u30fc\u30b9\u30bf\u30fc\u306b\u3082\u3002<\/figcaption><\/figure>\n<p style=\"text-align: center;\"><strong>\u3053\u306e\u5546\u54c1\u306f\u3001\u73fe\u5728\u306e\u3068\u3053\u308d\u6d77\u5916\u8ca9\u58f2\u306f\u3057\u3066\u304a\u308a\u307e\u305b\u3093\u3002 <\/strong><\/p>\n<p style=\"text-align: center;\"><strong>\u8cfc\u5165\u3092\u3054\u5e0c\u671b\u306e\u65b9\u306f\u30d5\u30ca\u30e4\u30a6\u30d5\u30c8\u30a5\u30de\u307e\u3067\u76f4\u63a5\u304a\u554f\u3044\u5408\u308f\u305b\u304f\u3060\u3055\u3044\u3002<\/strong><\/p>\n<p>&nbsp;<\/p>\n<div class=\"ast-oembed-container \" style=\"height: 100%;\"><iframe title=\"Honeysty - Huipulle Hunajalla\" width=\"500\" height=\"281\" src=\"https:\/\/www.youtube.com\/embed\/MYfEoGyJxig?feature=oembed\" frameborder=\"0\" allow=\"accelerometer; autoplay; clipboard-write; encrypted-media; gyroscope; picture-in-picture; web-share\" referrerpolicy=\"strict-origin-when-cross-origin\" allowfullscreen><\/iframe><\/div>\n<p>&nbsp;<\/p>\n<p>&nbsp;<\/p>\n<p>&nbsp;<\/p>\n","protected":false},"excerpt":{"rendered":"<p>\u30cf\u30cb\u30b9\u30c6\u30a3\u30fc\u30fb\u30a8\u30ca\u30b8\u30fc\u30b8\u30a7\u30eb\u306f\u3001\u5929\u7136\u7d20\u6750\u306e\u307f\u3092\u4f7f\u7528\u3057\u305f\u306f\u3061\u307f\u3064\u30d9\u30fc\u30b9\u306e\u30b9\u30dd\u30fc\u30c4\u30b8\u30a7\u30eb\u3002\u6301\u4e45\u6027\u3092\u8981\u3059\u308b\u904b\u52d5\u4e2d\u3001\u904b [&hellip;]<\/p>\n","protected":false},"author":5,"featured_media":31118,"parent":8997,"menu_order":10,"comment_status":"closed","ping_status":"closed","template":"","meta":{"_acf_changed":false,"_improvement_type_select":"improve_an_existing","_thumb_yes_seoaic":false,"_frame_yes_seoaic":false,"seoaic_generate_description":"","seoaic_improve_instructions_prompt":"","seoaic_rollback_content_improvement":"","seoaic_idea_thumbnail_generator":"","thumbnail_generated":false,"thumbnail_generate_prompt":"","seoaic_article_description":"","site-sidebar-layout":"default","site-content-layout":"default","ast-site-content-layout":"default","site-content-style":"default","site-sidebar-style":"default","ast-global-header-display":"","ast-banner-title-visibility":"","ast-main-header-display":"","ast-hfb-above-header-display":"","ast-hfb-below-header-display":"","ast-hfb-mobile-header-display":"","site-post-title":"","ast-breadcrumbs-content":"","ast-featured-img":"","footer-sml-layout":"","ast-disable-related-posts":"","theme-transparent-header-meta":"default","adv-header-id-meta":"","stick-header-meta":"default","header-above-stick-meta":"","header-main-stick-meta":"","header-below-stick-meta":"","astra-migrate-meta-layouts":"default","ast-page-background-enabled":"default","ast-page-background-meta":{"desktop":{"background-color":"","background-image":"","background-repeat":"repeat","background-position":"center center","background-size":"auto","background-attachment":"scroll","background-type":"","background-media":"","overlay-type":"","overlay-color":"","overlay-opacity":"","overlay-gradient":""},"tablet":{"background-color":"","background-image":"","background-repeat":"repeat","background-position":"center center","background-size":"auto","background-attachment":"scroll","background-type":"","background-media":"","overlay-type":"","overlay-color":"","overlay-opacity":"","overlay-gradient":""},"mobile":{"background-color":"","background-image":"","background-repeat":"repeat","background-position":"center center","background-size":"auto","background-attachment":"scroll","background-type":"","background-media":"","overlay-type":"","overlay-color":"","overlay-opacity":"","overlay-gradient":""}},"ast-content-background-meta":{"desktop":{"background-color":"var(--ast-global-color-5)","background-image":"","background-repeat":"repeat","background-position":"center center","background-size":"auto","background-attachment":"scroll","background-type":"","background-media":"","overlay-type":"","overlay-color":"","overlay-opacity":"","overlay-gradient":""},"tablet":{"background-color":"var(--ast-global-color-5)","background-image":"","background-repeat":"repeat","background-position":"center center","background-size":"auto","background-attachment":"scroll","background-type":"","background-media":"","overlay-type":"","overlay-color":"","overlay-opacity":"","overlay-gradient":""},"mobile":{"background-color":"var(--ast-global-color-5)","background-image":"","background-repeat":"repeat","background-position":"center center","background-size":"auto","background-attachment":"scroll","background-type":"","background-media":"","overlay-type":"","overlay-color":"","overlay-opacity":"","overlay-gradient":""}},"footnotes":""},"class_list":["post-32021","page","type-page","status-publish","has-post-thumbnail","hentry"],"acf":[],"yoast_head":"<!-- This site is optimized with the Yoast SEO plugin v26.7 - https:\/\/yoast.com\/wordpress\/plugins\/seo\/ -->\n<title>\u30cf\u30cb\u30b9\u30c6\u30a3\u30fc\u3000\u30a8\u30ca\u30b8\u30fc\u30b8\u30a7\u30eb hunajasta - Hunajayhtym\u00e4 Oy<\/title>\n<meta name=\"description\" content=\"Honeysty energiageeli on luonnonmukainen urheilugeeli, joka auttaa pit\u00e4m\u00e4\u00e4n veren glukoosipitoisuuden korkealla kest\u00e4vyyssuorituksen.\" \/>\n<meta name=\"robots\" content=\"index, follow, max-snippet:-1, max-image-preview:large, max-video-preview:-1\" \/>\n<link rel=\"canonical\" href=\"https:\/\/hunaja.fi\/ja\/honey-products-jp\/honesty-energygel-jp\/\" \/>\n<meta property=\"og:locale\" content=\"ja_JP\" \/>\n<meta property=\"og:type\" content=\"article\" \/>\n<meta property=\"og:title\" content=\"\u30cf\u30cb\u30b9\u30c6\u30a3\u30fc\u3000\u30a8\u30ca\u30b8\u30fc\u30b8\u30a7\u30eb hunajasta - Hunajayhtym\u00e4 Oy\" \/>\n<meta property=\"og:description\" content=\"Honeysty energiageeli on luonnonmukainen urheilugeeli, joka auttaa pit\u00e4m\u00e4\u00e4n veren glukoosipitoisuuden korkealla kest\u00e4vyyssuorituksen.\" \/>\n<meta property=\"og:url\" content=\"https:\/\/hunaja.fi\/ja\/honey-products-jp\/honesty-energygel-jp\/\" \/>\n<meta property=\"og:site_name\" content=\"Hunajayhtym\u00e4 Oy\" \/>\n<meta property=\"article:modified_time\" content=\"2022-10-26T12:17:36+00:00\" \/>\n<meta property=\"og:image\" content=\"https:\/\/hunaja.fi\/wp-content\/uploads\/2021\/11\/HunajayhtymaOtherProducts-1-1-scaled.jpg\" \/>\n\t<meta property=\"og:image:width\" content=\"2560\" \/>\n\t<meta property=\"og:image:height\" content=\"1096\" \/>\n\t<meta property=\"og:image:type\" content=\"image\/jpeg\" \/>\n<meta name=\"twitter:card\" content=\"summary_large_image\" \/>\n<meta name=\"twitter:label1\" content=\"\u63a8\u5b9a\u8aad\u307f\u53d6\u308a\u6642\u9593\" \/>\n\t<meta name=\"twitter:data1\" content=\"1\u5206\" \/>\n<script type=\"application\/ld+json\" class=\"yoast-schema-graph\">{\"@context\":\"https:\/\/schema.org\",\"@graph\":[{\"@type\":\"WebPage\",\"@id\":\"https:\/\/hunaja.fi\/ja\/honey-products-jp\/honesty-energygel-jp\/\",\"url\":\"https:\/\/hunaja.fi\/ja\/honey-products-jp\/honesty-energygel-jp\/\",\"name\":\"\u30cf\u30cb\u30b9\u30c6\u30a3\u30fc\u3000\u30a8\u30ca\u30b8\u30fc\u30b8\u30a7\u30eb hunajasta - Hunajayhtym\u00e4 Oy\",\"isPartOf\":{\"@id\":\"https:\/\/hunaja.fi\/#website\"},\"primaryImageOfPage\":{\"@id\":\"https:\/\/hunaja.fi\/ja\/honey-products-jp\/honesty-energygel-jp\/#primaryimage\"},\"image\":{\"@id\":\"https:\/\/hunaja.fi\/ja\/honey-products-jp\/honesty-energygel-jp\/#primaryimage\"},\"thumbnailUrl\":\"https:\/\/hunaja.fi\/wp-content\/uploads\/2021\/11\/HunajayhtymaOtherProducts-1-1-scaled.jpg\",\"datePublished\":\"2019-11-19T21:13:42+00:00\",\"dateModified\":\"2022-10-26T12:17:36+00:00\",\"description\":\"Honeysty energiageeli on luonnonmukainen urheilugeeli, joka auttaa pit\u00e4m\u00e4\u00e4n veren glukoosipitoisuuden korkealla kest\u00e4vyyssuorituksen.\",\"breadcrumb\":{\"@id\":\"https:\/\/hunaja.fi\/ja\/honey-products-jp\/honesty-energygel-jp\/#breadcrumb\"},\"inLanguage\":\"ja\",\"potentialAction\":[{\"@type\":\"ReadAction\",\"target\":[\"https:\/\/hunaja.fi\/ja\/honey-products-jp\/honesty-energygel-jp\/\"]}]},{\"@type\":\"ImageObject\",\"inLanguage\":\"ja\",\"@id\":\"https:\/\/hunaja.fi\/ja\/honey-products-jp\/honesty-energygel-jp\/#primaryimage\",\"url\":\"https:\/\/hunaja.fi\/wp-content\/uploads\/2021\/11\/HunajayhtymaOtherProducts-1-1-scaled.jpg\",\"contentUrl\":\"https:\/\/hunaja.fi\/wp-content\/uploads\/2021\/11\/HunajayhtymaOtherProducts-1-1-scaled.jpg\",\"width\":2560,\"height\":1096},{\"@type\":\"BreadcrumbList\",\"@id\":\"https:\/\/hunaja.fi\/ja\/honey-products-jp\/honesty-energygel-jp\/#breadcrumb\",\"itemListElement\":[{\"@type\":\"ListItem\",\"position\":1,\"name\":\"Etusivu\",\"item\":\"https:\/\/hunaja.fi\/ja\/\"},{\"@type\":\"ListItem\",\"position\":2,\"name\":\"\u306f\u3061\u307f\u3064\u5546\u54c1\",\"item\":\"https:\/\/hunaja.fi\/ja\/honey-products-jp\/\"},{\"@type\":\"ListItem\",\"position\":3,\"name\":\"\u30cf\u30cb\u30b9\u30c6\u30a3\u30fc\u3000\u30a8\u30ca\u30b8\u30fc\u30b8\u30a7\u30eb\"}]},{\"@type\":\"WebSite\",\"@id\":\"https:\/\/hunaja.fi\/#website\",\"url\":\"https:\/\/hunaja.fi\/\",\"name\":\"Hunajayhtym\u00e4 Oy\",\"description\":\"Nature Loves Finnish Floral Honey\",\"publisher\":{\"@id\":\"https:\/\/hunaja.fi\/#organization\"},\"potentialAction\":[{\"@type\":\"SearchAction\",\"target\":{\"@type\":\"EntryPoint\",\"urlTemplate\":\"https:\/\/hunaja.fi\/?s={search_term_string}\"},\"query-input\":{\"@type\":\"PropertyValueSpecification\",\"valueRequired\":true,\"valueName\":\"search_term_string\"}}],\"inLanguage\":\"ja\"},{\"@type\":\"Organization\",\"@id\":\"https:\/\/hunaja.fi\/#organization\",\"name\":\"Hunajayhtym\u00e4 Oy\",\"url\":\"https:\/\/hunaja.fi\/\",\"logo\":{\"@type\":\"ImageObject\",\"inLanguage\":\"ja\",\"@id\":\"https:\/\/hunaja.fi\/#\/schema\/logo\/image\/\",\"url\":\"https:\/\/hunaja.fi\/wp-content\/uploads\/2021\/07\/Hunajayhtyma_Logo_VAAKA_slogan_cmyk-01.png\",\"contentUrl\":\"https:\/\/hunaja.fi\/wp-content\/uploads\/2021\/07\/Hunajayhtyma_Logo_VAAKA_slogan_cmyk-01.png\",\"width\":656,\"height\":242,\"caption\":\"Hunajayhtym\u00e4 Oy\"},\"image\":{\"@id\":\"https:\/\/hunaja.fi\/#\/schema\/logo\/image\/\"}}]}<\/script>\n<!-- \/ Yoast SEO plugin. -->","yoast_head_json":{"title":"\u30cf\u30cb\u30b9\u30c6\u30a3\u30fc\u3000\u30a8\u30ca\u30b8\u30fc\u30b8\u30a7\u30eb hunajasta - Hunajayhtym\u00e4 Oy","description":"Honeysty energiageeli on luonnonmukainen urheilugeeli, joka auttaa pit\u00e4m\u00e4\u00e4n veren glukoosipitoisuuden korkealla kest\u00e4vyyssuorituksen.","robots":{"index":"index","follow":"follow","max-snippet":"max-snippet:-1","max-image-preview":"max-image-preview:large","max-video-preview":"max-video-preview:-1"},"canonical":"https:\/\/hunaja.fi\/ja\/honey-products-jp\/honesty-energygel-jp\/","og_locale":"ja_JP","og_type":"article","og_title":"\u30cf\u30cb\u30b9\u30c6\u30a3\u30fc\u3000\u30a8\u30ca\u30b8\u30fc\u30b8\u30a7\u30eb hunajasta - Hunajayhtym\u00e4 Oy","og_description":"Honeysty energiageeli on luonnonmukainen urheilugeeli, joka auttaa pit\u00e4m\u00e4\u00e4n veren glukoosipitoisuuden korkealla kest\u00e4vyyssuorituksen.","og_url":"https:\/\/hunaja.fi\/ja\/honey-products-jp\/honesty-energygel-jp\/","og_site_name":"Hunajayhtym\u00e4 Oy","article_modified_time":"2022-10-26T12:17:36+00:00","og_image":[{"width":2560,"height":1096,"url":"https:\/\/hunaja.fi\/wp-content\/uploads\/2021\/11\/HunajayhtymaOtherProducts-1-1-scaled.jpg","type":"image\/jpeg"}],"twitter_card":"summary_large_image","twitter_misc":{"\u63a8\u5b9a\u8aad\u307f\u53d6\u308a\u6642\u9593":"1\u5206"},"schema":{"@context":"https:\/\/schema.org","@graph":[{"@type":"WebPage","@id":"https:\/\/hunaja.fi\/ja\/honey-products-jp\/honesty-energygel-jp\/","url":"https:\/\/hunaja.fi\/ja\/honey-products-jp\/honesty-energygel-jp\/","name":"\u30cf\u30cb\u30b9\u30c6\u30a3\u30fc\u3000\u30a8\u30ca\u30b8\u30fc\u30b8\u30a7\u30eb hunajasta - Hunajayhtym\u00e4 Oy","isPartOf":{"@id":"https:\/\/hunaja.fi\/#website"},"primaryImageOfPage":{"@id":"https:\/\/hunaja.fi\/ja\/honey-products-jp\/honesty-energygel-jp\/#primaryimage"},"image":{"@id":"https:\/\/hunaja.fi\/ja\/honey-products-jp\/honesty-energygel-jp\/#primaryimage"},"thumbnailUrl":"https:\/\/hunaja.fi\/wp-content\/uploads\/2021\/11\/HunajayhtymaOtherProducts-1-1-scaled.jpg","datePublished":"2019-11-19T21:13:42+00:00","dateModified":"2022-10-26T12:17:36+00:00","description":"Honeysty energiageeli on luonnonmukainen urheilugeeli, joka auttaa pit\u00e4m\u00e4\u00e4n veren glukoosipitoisuuden korkealla kest\u00e4vyyssuorituksen.","breadcrumb":{"@id":"https:\/\/hunaja.fi\/ja\/honey-products-jp\/honesty-energygel-jp\/#breadcrumb"},"inLanguage":"ja","potentialAction":[{"@type":"ReadAction","target":["https:\/\/hunaja.fi\/ja\/honey-products-jp\/honesty-energygel-jp\/"]}]},{"@type":"ImageObject","inLanguage":"ja","@id":"https:\/\/hunaja.fi\/ja\/honey-products-jp\/honesty-energygel-jp\/#primaryimage","url":"https:\/\/hunaja.fi\/wp-content\/uploads\/2021\/11\/HunajayhtymaOtherProducts-1-1-scaled.jpg","contentUrl":"https:\/\/hunaja.fi\/wp-content\/uploads\/2021\/11\/HunajayhtymaOtherProducts-1-1-scaled.jpg","width":2560,"height":1096},{"@type":"BreadcrumbList","@id":"https:\/\/hunaja.fi\/ja\/honey-products-jp\/honesty-energygel-jp\/#breadcrumb","itemListElement":[{"@type":"ListItem","position":1,"name":"Etusivu","item":"https:\/\/hunaja.fi\/ja\/"},{"@type":"ListItem","position":2,"name":"\u306f\u3061\u307f\u3064\u5546\u54c1","item":"https:\/\/hunaja.fi\/ja\/honey-products-jp\/"},{"@type":"ListItem","position":3,"name":"\u30cf\u30cb\u30b9\u30c6\u30a3\u30fc\u3000\u30a8\u30ca\u30b8\u30fc\u30b8\u30a7\u30eb"}]},{"@type":"WebSite","@id":"https:\/\/hunaja.fi\/#website","url":"https:\/\/hunaja.fi\/","name":"Hunajayhtym\u00e4 Oy","description":"Nature Loves Finnish Floral Honey","publisher":{"@id":"https:\/\/hunaja.fi\/#organization"},"potentialAction":[{"@type":"SearchAction","target":{"@type":"EntryPoint","urlTemplate":"https:\/\/hunaja.fi\/?s={search_term_string}"},"query-input":{"@type":"PropertyValueSpecification","valueRequired":true,"valueName":"search_term_string"}}],"inLanguage":"ja"},{"@type":"Organization","@id":"https:\/\/hunaja.fi\/#organization","name":"Hunajayhtym\u00e4 Oy","url":"https:\/\/hunaja.fi\/","logo":{"@type":"ImageObject","inLanguage":"ja","@id":"https:\/\/hunaja.fi\/#\/schema\/logo\/image\/","url":"https:\/\/hunaja.fi\/wp-content\/uploads\/2021\/07\/Hunajayhtyma_Logo_VAAKA_slogan_cmyk-01.png","contentUrl":"https:\/\/hunaja.fi\/wp-content\/uploads\/2021\/07\/Hunajayhtyma_Logo_VAAKA_slogan_cmyk-01.png","width":656,"height":242,"caption":"Hunajayhtym\u00e4 Oy"},"image":{"@id":"https:\/\/hunaja.fi\/#\/schema\/logo\/image\/"}}]}},"_links":{"self":[{"href":"https:\/\/hunaja.fi\/ja\/wp-json\/wp\/v2\/pages\/32021","targetHints":{"allow":["GET"]}}],"collection":[{"href":"https:\/\/hunaja.fi\/ja\/wp-json\/wp\/v2\/pages"}],"about":[{"href":"https:\/\/hunaja.fi\/ja\/wp-json\/wp\/v2\/types\/page"}],"author":[{"embeddable":true,"href":"https:\/\/hunaja.fi\/ja\/wp-json\/wp\/v2\/users\/5"}],"replies":[{"embeddable":true,"href":"https:\/\/hunaja.fi\/ja\/wp-json\/wp\/v2\/comments?post=32021"}],"version-history":[{"count":6,"href":"https:\/\/hunaja.fi\/ja\/wp-json\/wp\/v2\/pages\/32021\/revisions"}],"predecessor-version":[{"id":32320,"href":"https:\/\/hunaja.fi\/ja\/wp-json\/wp\/v2\/pages\/32021\/revisions\/32320"}],"up":[{"embeddable":true,"href":"https:\/\/hunaja.fi\/ja\/wp-json\/wp\/v2\/pages\/8997"}],"wp:featuredmedia":[{"embeddable":true,"href":"https:\/\/hunaja.fi\/ja\/wp-json\/wp\/v2\/media\/31118"}],"wp:attachment":[{"href":"https:\/\/hunaja.fi\/ja\/wp-json\/wp\/v2\/media?parent=32021"}],"curies":[{"name":"wp","href":"https:\/\/api.w.org\/{rel}","templated":true}]}}