{"id":31061,"date":"2019-06-05T13:05:14","date_gmt":"2019-06-05T10:05:14","guid":{"rendered":"https:\/\/hunaja.fi\/honey-products\/mieleinen-mansikka-340-g\/"},"modified":"2022-10-26T15:17:36","modified_gmt":"2022-10-26T12:17:36","slug":"mieleinen-strawberry-340g-jp","status":"publish","type":"page","link":"https:\/\/hunaja.fi\/ja\/honey-products-jp\/mieleinen-strawberry-340g-jp\/","title":{"rendered":"\u30df\u30a8\u30ec\u30a4\u30cd\u30f3\u30fb\u30b9\u30c8\u30ed\u30d9\u30ea\u30fc 340g"},"content":{"rendered":"<div><span lang=\"JA\">\u30df\u30a8\u30ec\u30a4\u30cd\u30f3\u30fb\u30b9\u30c8\u30ed\u30d9\u30ea\u30fc\u306f\u30d5\u30ca\u30e4\u30a6\u30d5\u30a5\u30de\u3067\u4e00\u756a\u65b0\u3057\u3044\u30d7\u30ed\u30c0\u30af\u30c8\u3002\u30d5\u30a3\u30f3\u30e9\u30f3\u30c9\u7523\u306f\u3061\u307f\u3064\u306e\u81ea\u7136\u306a\u7518\u307f\u3001\u30d5\u30a3\u30f3\u30e9\u30f3\u30c9\u306e\u30a4\u30c1\u30b4\u306e\u30d5\u30ec\u30c3\u30b7\u30e5\u306a\u590f\u306e\u5473\u308f\u3044\u3068\u304a\u8179\u306b\u512a\u3057\u3044\u98df\u7269\u7e4a\u7dad\u3092\u30dc\u30c8\u30eb\u306b\u30ae\u30e5\u3063\u3068\u8a70\u3081\u307e\u3057\u305f\u3002\u30c7\u30b6\u30fc\u30c8\u306e\u30bd\u30fc\u30b9\u3068\u3057\u3066\u3001\u30b9\u30e0\u30fc\u30b8\u30fc\u3084\u30c9\u30ea\u30f3\u30af\u306e\u7518\u307f\u3068\u30d5\u30ec\u30fc\u30d0\u30fc\u3065\u3051\u306b\u3002\u98df\u5353\u3092\u624b\u8efd\u306b\u697d\u3057\u304f\u3057\u3066\u304f\u308c\u308b\u3001\u7f8e\u5473\u3057\u53ef\u611b\u3044\u30ec\u30c3\u30c9\u306a\u4e00\u672c\u3067\u3059\u3002<\/span><\/div>\n<figure id=\"attachment_30828\" aria-describedby=\"caption-attachment-30828\" style=\"width: 480px\" class=\"wp-caption aligncenter\"><img decoding=\"async\" class=\"wp-image-30828 size-thumbnail\" src=\"https:\/\/hunaja.fi\/wp-content\/uploads\/2021\/10\/Mieleinen-mansikka-croissant-pienempi-480x320.jpg\" alt=\"\" width=\"480\" height=\"320\" \/><figcaption id=\"caption-attachment-30828\" class=\"wp-caption-text\">\u30d5\u30a3\u30f3\u30e9\u30f3\u30c9\u7523\u306e\u30a4\u30c1\u30b4\u3068\u306f\u3061\u307f\u3064\u3067\u51fa\u6765\u305f\u30df\u30a8\u30ec\u30a4\u30cd\u30f3\u3002\u671d\u98df\u3084\u30d6\u30e9\u30f3\u30c1\u306e\u30d1\u30f3\u3084\u30e8\u30fc\u30b0\u30eb\u30c8\u3001\u30c9\u30ea\u30f3\u30af\u3068\u3082\u76f8\u6027\u3088\u3057\u3002<\/figcaption><\/figure>\n<p>\u30d5\u30a3\u30f3\u30e9\u30f3\u30c9\u7523\u306f\u3061\u307f\u3064\u3001\u6574\u8178\u52b9\u679c\u306e\u3042\u308b\u98df\u7269\u7e4a\u7dad33\uff05\u3001\u305d\u3057\u3066\u30d5\u30a3\u30f3\u30e9\u30f3\u30c9\u7523\u306e\u30d5\u30ea\u30fc\u30ba\u30c9\u30e9\u30a4\u3044\u3061\u3054\u3067\u4f5c\u3063\u305f\u3053\u306e\u5546\u54c1\u3002\u30d5\u30a3\u30f3\u30e9\u30f3\u30c9\u7523\u306f\u3061\u307f\u3064\u306e\u512a\u3057\u3044\u7518\u307f\u3001\u30d5\u30a3\u30f3\u30e9\u30f3\u30c9\u7523\u3044\u3061\u3054\u306e\u30a2\u30ed\u30de\u3068\u9178\u5473\u3092\u98df\u7269\u7e4a\u7dad\u3068\u3044\u3063\u3057\u3087\u306b\u3002\u5546\u54c1\u306f\u30b0\u30eb\u30c6\u30f3\u30d5\u30ea\u30fc\u3067\u3059\u3002<\/p>\n<figure id=\"attachment_30803\" aria-describedby=\"caption-attachment-30803\" style=\"width: 480px\" class=\"wp-caption aligncenter\"><img decoding=\"async\" class=\"wp-image-30803 size-thumbnail\" src=\"https:\/\/hunaja.fi\/wp-content\/uploads\/2021\/10\/Fiiliskuva-mansikka-2021-pienempi-480x320.jpg\" alt=\"Mansikka Mieleinen\" width=\"480\" height=\"320\" \/><figcaption id=\"caption-attachment-30803\" class=\"wp-caption-text\">\u30df\u30a8\u30ec\u30a4\u30cd\u30f3\u30fb\u30b9\u30c8\u30ed\u30d9\u30ea\u30fc\u306f\u3001\u304a\u3084\u3064\u3068\u306e\u76f8\u6027\u3070\u3064\u3050\u3093\u3002\u30b8\u30e3\u30e0\u306e\u304b\u308f\u308a\u306b\u30d1\u30f3\u306b\u304b\u3051\u3066\u3001\u30a2\u30a4\u30b9\u30af\u30ea\u30fc\u30e0\u3084\u30e8\u30fc\u30b0\u30eb\u30c8\u306e\u30bd\u30fc\u30b9\u3068\u3057\u3066\u3002\u30d9\u30a4\u30ad\u30f3\u30b0\u3084\u30b5\u30e9\u30c0\u30c9\u30ec\u30c3\u30b7\u30f3\u30b0\u306e\u98a8\u5473\u4ed8\u3051\u306b\u3082\uff01<\/figcaption><\/figure>\n<p>&nbsp;<\/p>\n<h2 style=\"text-align: center;\">\u624b\u8efd\u3067\u4fbf\u5229\u306a\u3001\u30b7\u30ea\u30b3\u30f3\u30ad\u30e3\u30c3\u30d7\u30dc\u30c8\u30eb\u5165\u308a<\/h2>\n<p>&nbsp;<\/p>\n<div><span lang=\"JA\">\u7d5e\u308a\u51fa\u3057\u5f0f\u3067\u4f7f\u3044\u52dd\u624b\u306e\u826f\u3044\u30dc\u30c8\u30eb\u5165\u308a\u3002\u7d5e\u308a\u5177\u5408\u306b\u3088\u3063\u3066\u958b\u9589\u3059\u308b\u30b7\u30ea\u30b3\u30f3\u53e3\u306e\u30e1\u30ab\u30cb\u30ba\u30e0\u3067\u3001\u6b32\u3057\u3044\u6642\u306b\u6b32\u3057\u3044\u5206\u91cf\u3060\u3051\u3001\u3055\u3055\u3063\u3068\u4f7f\u3048\u307e\u3059\u3002\u30dc\u30c8\u30eb\u304c\u30d9\u30bf\u3064\u304f\u3053\u3068\u306a\u304f\u3001\u30a2\u30a6\u30c8\u30c9\u30a2\u3084\u304a\u571f\u7523\u306b\u3001\u6301\u3061\u904b\u3076\u306e\u306b\u3082\u4fbf\u5229\u3002\u5e38\u306b\u6d41\u308c\u308b\u3088\u3046\u306b\u6ed1\u3089\u304b\u306a\u30c6\u30af\u30b9\u30c1\u30e3\u30fc\u306e\u30df\u30a8\u30ec\u30a4\u30cd\u30f3\u306f\u3001\u65e5\u5e38\u4f7f\u3044\u306b\u4fbf\u5229\u306a\u4e00\u672c\u3067\u3059\u3002<\/span><\/div>\n<div><\/div>\n<p><span class=\"bee\">\u30df\u30a8\u30ec\u30a4\u30cd\u30f3\u306e\u70ad\u6c34\u5316\u7269\u91cf\u306f\u306f\u3061\u307f\u3064\u306e\u307b\u307c\u534a\u91cf\u306a\u306e\u3067\u3001\u30c0\u30a4\u30a8\u30c3\u30c8\u4e2d\u306e\u65b9\u3084\u904e\u654f\u6027\u8178\u75c7\u5019\u7fa4\u3067\u4f4eFODMAP\u306e\u98df\u4e8b\u3092\u3055\u308c\u3066\u3044\u308b\u65b9\u306b\u3082\u304a\u3059\u3059\u3081\u3067\u3059\u3002<\/span><\/p>\n<p>\u3053\u306e\u5546\u54c1\u306b\u3064\u3044\u3066\u8a73\u3057\u304f\u306f\u3053\u3061\u3089\u306e\u30da\u30fc\u30b8\u3067<strong> <a title=\"Mieleinen\" href=\"http:\/\/www.mieleinen.fi\" target=\"_blank\" rel=\"noopener noreferrer\">www.mieleinen.fi<\/a>.<\/strong><\/p>\n<p><img decoding=\"async\" class=\"wp-image-29723 aligncenter\" src=\"https:\/\/hunaja.fi\/wp-content\/uploads\/2021\/08\/mieleinen-pieni.jpg\" alt=\"Mieleinen mansikkahunaja\" width=\"254\" height=\"350\" srcset=\"https:\/\/hunaja.fi\/wp-content\/uploads\/2021\/08\/mieleinen-pieni.jpg 626w, https:\/\/hunaja.fi\/wp-content\/uploads\/2021\/08\/mieleinen-pieni-49x68.jpg 49w, https:\/\/hunaja.fi\/wp-content\/uploads\/2021\/08\/mieleinen-pieni-64x88.jpg 64w, https:\/\/hunaja.fi\/wp-content\/uploads\/2021\/08\/mieleinen-pieni-232x320.jpg 232w, https:\/\/hunaja.fi\/wp-content\/uploads\/2021\/08\/mieleinen-pieni-523x720.jpg 523w, https:\/\/hunaja.fi\/wp-content\/uploads\/2021\/08\/mieleinen-pieni-500x688.jpg 500w\" sizes=\"(max-width: 254px) 100vw, 254px\" \/><\/p>\n<p>&nbsp;<\/p>\n<div class=\"ast-oembed-container \" style=\"height: 100%;\"><iframe title=\"Hunajayhtym\u00e4 Mieleinen mansikka HD\" width=\"500\" height=\"281\" src=\"https:\/\/www.youtube.com\/embed\/KgqKbRB22ao?feature=oembed\" frameborder=\"0\" allow=\"accelerometer; autoplay; clipboard-write; encrypted-media; gyroscope; picture-in-picture; web-share\" referrerpolicy=\"strict-origin-when-cross-origin\" allowfullscreen><\/iframe><\/div>\n","protected":false},"excerpt":{"rendered":"<p>\u30df\u30a8\u30ec\u30a4\u30cd\u30f3\u30fb\u30b9\u30c8\u30ed\u30d9\u30ea\u30fc\u306f\u30d5\u30ca\u30e4\u30a6\u30d5\u30a5\u30de\u3067\u4e00\u756a\u65b0\u3057\u3044\u30d7\u30ed\u30c0\u30af\u30c8\u3002\u30d5\u30a3\u30f3\u30e9\u30f3\u30c9\u7523\u306f\u3061\u307f\u3064\u306e\u81ea\u7136\u306a\u7518\u307f\u3001\u30d5\u30a3\u30f3\u30e9 [&hellip;]<\/p>\n","protected":false},"author":5,"featured_media":31016,"parent":8997,"menu_order":7,"comment_status":"closed","ping_status":"closed","template":"","meta":{"_acf_changed":false,"_improvement_type_select":"improve_an_existing","_thumb_yes_seoaic":false,"_frame_yes_seoaic":false,"seoaic_generate_description":"","seoaic_improve_instructions_prompt":"","seoaic_rollback_content_improvement":"","seoaic_idea_thumbnail_generator":"","thumbnail_generated":false,"thumbnail_generate_prompt":"","seoaic_article_description":"","site-sidebar-layout":"default","site-content-layout":"default","ast-site-content-layout":"default","site-content-style":"default","site-sidebar-style":"default","ast-global-header-display":"","ast-banner-title-visibility":"","ast-main-header-display":"","ast-hfb-above-header-display":"","ast-hfb-below-header-display":"","ast-hfb-mobile-header-display":"","site-post-title":"","ast-breadcrumbs-content":"","ast-featured-img":"","footer-sml-layout":"","ast-disable-related-posts":"","theme-transparent-header-meta":"default","adv-header-id-meta":"","stick-header-meta":"default","header-above-stick-meta":"","header-main-stick-meta":"","header-below-stick-meta":"","astra-migrate-meta-layouts":"default","ast-page-background-enabled":"default","ast-page-background-meta":{"desktop":{"background-color":"","background-image":"","background-repeat":"repeat","background-position":"center center","background-size":"auto","background-attachment":"scroll","background-type":"","background-media":"","overlay-type":"","overlay-color":"","overlay-opacity":"","overlay-gradient":""},"tablet":{"background-color":"","background-image":"","background-repeat":"repeat","background-position":"center center","background-size":"auto","background-attachment":"scroll","background-type":"","background-media":"","overlay-type":"","overlay-color":"","overlay-opacity":"","overlay-gradient":""},"mobile":{"background-color":"","background-image":"","background-repeat":"repeat","background-position":"center center","background-size":"auto","background-attachment":"scroll","background-type":"","background-media":"","overlay-type":"","overlay-color":"","overlay-opacity":"","overlay-gradient":""}},"ast-content-background-meta":{"desktop":{"background-color":"var(--ast-global-color-5)","background-image":"","background-repeat":"repeat","background-position":"center center","background-size":"auto","background-attachment":"scroll","background-type":"","background-media":"","overlay-type":"","overlay-color":"","overlay-opacity":"","overlay-gradient":""},"tablet":{"background-color":"var(--ast-global-color-5)","background-image":"","background-repeat":"repeat","background-position":"center center","background-size":"auto","background-attachment":"scroll","background-type":"","background-media":"","overlay-type":"","overlay-color":"","overlay-opacity":"","overlay-gradient":""},"mobile":{"background-color":"var(--ast-global-color-5)","background-image":"","background-repeat":"repeat","background-position":"center center","background-size":"auto","background-attachment":"scroll","background-type":"","background-media":"","overlay-type":"","overlay-color":"","overlay-opacity":"","overlay-gradient":""}},"footnotes":""},"class_list":["post-31061","page","type-page","status-publish","has-post-thumbnail","hentry"],"acf":[],"yoast_head":"<!-- This site is optimized with the Yoast SEO plugin v26.7 - https:\/\/yoast.com\/wordpress\/plugins\/seo\/ -->\n<title>\u30df\u30a8\u30ec\u30a4\u30cd\u30f3\u30fb\u30b9\u30c8\u30ed\u30d9\u30ea\u30fc 340g - Suomalaista hunajaa- Hunajayhtym\u00e4 Oy<\/title>\n<meta name=\"description\" content=\"Mieleinen - Mansikka on tuotevalikoimamme uusin tulokas. Se on herkku, joka sis\u00e4lt\u00e4\u00e4 suomalaista hunajaa, ravintokuitua ja suomalaista mansikkaa.\" \/>\n<meta name=\"robots\" content=\"index, follow, max-snippet:-1, max-image-preview:large, max-video-preview:-1\" \/>\n<link rel=\"canonical\" href=\"https:\/\/hunaja.fi\/ja\/honey-products-jp\/mieleinen-strawberry-340g-jp\/\" \/>\n<meta property=\"og:locale\" content=\"ja_JP\" \/>\n<meta property=\"og:type\" content=\"article\" \/>\n<meta property=\"og:title\" content=\"\u30df\u30a8\u30ec\u30a4\u30cd\u30f3\u30fb\u30b9\u30c8\u30ed\u30d9\u30ea\u30fc 340g - Suomalaista hunajaa- Hunajayhtym\u00e4 Oy\" \/>\n<meta property=\"og:description\" content=\"Mieleinen - Mansikka on tuotevalikoimamme uusin tulokas. Se on herkku, joka sis\u00e4lt\u00e4\u00e4 suomalaista hunajaa, ravintokuitua ja suomalaista mansikkaa.\" \/>\n<meta property=\"og:url\" content=\"https:\/\/hunaja.fi\/ja\/honey-products-jp\/mieleinen-strawberry-340g-jp\/\" \/>\n<meta property=\"og:site_name\" content=\"Hunajayhtym\u00e4 Oy\" \/>\n<meta property=\"article:modified_time\" content=\"2022-10-26T12:17:36+00:00\" \/>\n<meta property=\"og:image\" content=\"https:\/\/hunaja.fi\/wp-content\/uploads\/2021\/11\/HunajayhtymaMieleinenProducts-2-scaled.jpg\" \/>\n\t<meta property=\"og:image:width\" content=\"2560\" \/>\n\t<meta property=\"og:image:height\" content=\"1096\" \/>\n\t<meta property=\"og:image:type\" content=\"image\/jpeg\" \/>\n<meta name=\"twitter:card\" content=\"summary_large_image\" \/>\n<meta name=\"twitter:label1\" content=\"\u63a8\u5b9a\u8aad\u307f\u53d6\u308a\u6642\u9593\" \/>\n\t<meta name=\"twitter:data1\" content=\"1\u5206\" \/>\n<script type=\"application\/ld+json\" class=\"yoast-schema-graph\">{\"@context\":\"https:\/\/schema.org\",\"@graph\":[{\"@type\":\"WebPage\",\"@id\":\"https:\/\/hunaja.fi\/ja\/honey-products-jp\/mieleinen-strawberry-340g-jp\/\",\"url\":\"https:\/\/hunaja.fi\/ja\/honey-products-jp\/mieleinen-strawberry-340g-jp\/\",\"name\":\"\u30df\u30a8\u30ec\u30a4\u30cd\u30f3\u30fb\u30b9\u30c8\u30ed\u30d9\u30ea\u30fc 340g - Suomalaista hunajaa- Hunajayhtym\u00e4 Oy\",\"isPartOf\":{\"@id\":\"https:\/\/hunaja.fi\/#website\"},\"primaryImageOfPage\":{\"@id\":\"https:\/\/hunaja.fi\/ja\/honey-products-jp\/mieleinen-strawberry-340g-jp\/#primaryimage\"},\"image\":{\"@id\":\"https:\/\/hunaja.fi\/ja\/honey-products-jp\/mieleinen-strawberry-340g-jp\/#primaryimage\"},\"thumbnailUrl\":\"https:\/\/hunaja.fi\/wp-content\/uploads\/2021\/11\/HunajayhtymaMieleinenProducts-2-scaled.jpg\",\"datePublished\":\"2019-06-05T10:05:14+00:00\",\"dateModified\":\"2022-10-26T12:17:36+00:00\",\"description\":\"Mieleinen - Mansikka on tuotevalikoimamme uusin tulokas. Se on herkku, joka sis\u00e4lt\u00e4\u00e4 suomalaista hunajaa, ravintokuitua ja suomalaista mansikkaa.\",\"breadcrumb\":{\"@id\":\"https:\/\/hunaja.fi\/ja\/honey-products-jp\/mieleinen-strawberry-340g-jp\/#breadcrumb\"},\"inLanguage\":\"ja\",\"potentialAction\":[{\"@type\":\"ReadAction\",\"target\":[\"https:\/\/hunaja.fi\/ja\/honey-products-jp\/mieleinen-strawberry-340g-jp\/\"]}]},{\"@type\":\"ImageObject\",\"inLanguage\":\"ja\",\"@id\":\"https:\/\/hunaja.fi\/ja\/honey-products-jp\/mieleinen-strawberry-340g-jp\/#primaryimage\",\"url\":\"https:\/\/hunaja.fi\/wp-content\/uploads\/2021\/11\/HunajayhtymaMieleinenProducts-2-scaled.jpg\",\"contentUrl\":\"https:\/\/hunaja.fi\/wp-content\/uploads\/2021\/11\/HunajayhtymaMieleinenProducts-2-scaled.jpg\",\"width\":2560,\"height\":1096},{\"@type\":\"BreadcrumbList\",\"@id\":\"https:\/\/hunaja.fi\/ja\/honey-products-jp\/mieleinen-strawberry-340g-jp\/#breadcrumb\",\"itemListElement\":[{\"@type\":\"ListItem\",\"position\":1,\"name\":\"Etusivu\",\"item\":\"https:\/\/hunaja.fi\/ja\/\"},{\"@type\":\"ListItem\",\"position\":2,\"name\":\"\u306f\u3061\u307f\u3064\u5546\u54c1\",\"item\":\"https:\/\/hunaja.fi\/ja\/honey-products-jp\/\"},{\"@type\":\"ListItem\",\"position\":3,\"name\":\"\u30df\u30a8\u30ec\u30a4\u30cd\u30f3\u30fb\u30b9\u30c8\u30ed\u30d9\u30ea\u30fc 340g\"}]},{\"@type\":\"WebSite\",\"@id\":\"https:\/\/hunaja.fi\/#website\",\"url\":\"https:\/\/hunaja.fi\/\",\"name\":\"Hunajayhtym\u00e4 Oy\",\"description\":\"Nature Loves Finnish Floral Honey\",\"publisher\":{\"@id\":\"https:\/\/hunaja.fi\/#organization\"},\"potentialAction\":[{\"@type\":\"SearchAction\",\"target\":{\"@type\":\"EntryPoint\",\"urlTemplate\":\"https:\/\/hunaja.fi\/?s={search_term_string}\"},\"query-input\":{\"@type\":\"PropertyValueSpecification\",\"valueRequired\":true,\"valueName\":\"search_term_string\"}}],\"inLanguage\":\"ja\"},{\"@type\":\"Organization\",\"@id\":\"https:\/\/hunaja.fi\/#organization\",\"name\":\"Hunajayhtym\u00e4 Oy\",\"url\":\"https:\/\/hunaja.fi\/\",\"logo\":{\"@type\":\"ImageObject\",\"inLanguage\":\"ja\",\"@id\":\"https:\/\/hunaja.fi\/#\/schema\/logo\/image\/\",\"url\":\"https:\/\/hunaja.fi\/wp-content\/uploads\/2021\/07\/Hunajayhtyma_Logo_VAAKA_slogan_cmyk-01.png\",\"contentUrl\":\"https:\/\/hunaja.fi\/wp-content\/uploads\/2021\/07\/Hunajayhtyma_Logo_VAAKA_slogan_cmyk-01.png\",\"width\":656,\"height\":242,\"caption\":\"Hunajayhtym\u00e4 Oy\"},\"image\":{\"@id\":\"https:\/\/hunaja.fi\/#\/schema\/logo\/image\/\"}}]}<\/script>\n<!-- \/ Yoast SEO plugin. -->","yoast_head_json":{"title":"\u30df\u30a8\u30ec\u30a4\u30cd\u30f3\u30fb\u30b9\u30c8\u30ed\u30d9\u30ea\u30fc 340g - Suomalaista hunajaa- Hunajayhtym\u00e4 Oy","description":"Mieleinen - Mansikka on tuotevalikoimamme uusin tulokas. Se on herkku, joka sis\u00e4lt\u00e4\u00e4 suomalaista hunajaa, ravintokuitua ja suomalaista mansikkaa.","robots":{"index":"index","follow":"follow","max-snippet":"max-snippet:-1","max-image-preview":"max-image-preview:large","max-video-preview":"max-video-preview:-1"},"canonical":"https:\/\/hunaja.fi\/ja\/honey-products-jp\/mieleinen-strawberry-340g-jp\/","og_locale":"ja_JP","og_type":"article","og_title":"\u30df\u30a8\u30ec\u30a4\u30cd\u30f3\u30fb\u30b9\u30c8\u30ed\u30d9\u30ea\u30fc 340g - Suomalaista hunajaa- Hunajayhtym\u00e4 Oy","og_description":"Mieleinen - Mansikka on tuotevalikoimamme uusin tulokas. Se on herkku, joka sis\u00e4lt\u00e4\u00e4 suomalaista hunajaa, ravintokuitua ja suomalaista mansikkaa.","og_url":"https:\/\/hunaja.fi\/ja\/honey-products-jp\/mieleinen-strawberry-340g-jp\/","og_site_name":"Hunajayhtym\u00e4 Oy","article_modified_time":"2022-10-26T12:17:36+00:00","og_image":[{"width":2560,"height":1096,"url":"https:\/\/hunaja.fi\/wp-content\/uploads\/2021\/11\/HunajayhtymaMieleinenProducts-2-scaled.jpg","type":"image\/jpeg"}],"twitter_card":"summary_large_image","twitter_misc":{"\u63a8\u5b9a\u8aad\u307f\u53d6\u308a\u6642\u9593":"1\u5206"},"schema":{"@context":"https:\/\/schema.org","@graph":[{"@type":"WebPage","@id":"https:\/\/hunaja.fi\/ja\/honey-products-jp\/mieleinen-strawberry-340g-jp\/","url":"https:\/\/hunaja.fi\/ja\/honey-products-jp\/mieleinen-strawberry-340g-jp\/","name":"\u30df\u30a8\u30ec\u30a4\u30cd\u30f3\u30fb\u30b9\u30c8\u30ed\u30d9\u30ea\u30fc 340g - Suomalaista hunajaa- Hunajayhtym\u00e4 Oy","isPartOf":{"@id":"https:\/\/hunaja.fi\/#website"},"primaryImageOfPage":{"@id":"https:\/\/hunaja.fi\/ja\/honey-products-jp\/mieleinen-strawberry-340g-jp\/#primaryimage"},"image":{"@id":"https:\/\/hunaja.fi\/ja\/honey-products-jp\/mieleinen-strawberry-340g-jp\/#primaryimage"},"thumbnailUrl":"https:\/\/hunaja.fi\/wp-content\/uploads\/2021\/11\/HunajayhtymaMieleinenProducts-2-scaled.jpg","datePublished":"2019-06-05T10:05:14+00:00","dateModified":"2022-10-26T12:17:36+00:00","description":"Mieleinen - Mansikka on tuotevalikoimamme uusin tulokas. Se on herkku, joka sis\u00e4lt\u00e4\u00e4 suomalaista hunajaa, ravintokuitua ja suomalaista mansikkaa.","breadcrumb":{"@id":"https:\/\/hunaja.fi\/ja\/honey-products-jp\/mieleinen-strawberry-340g-jp\/#breadcrumb"},"inLanguage":"ja","potentialAction":[{"@type":"ReadAction","target":["https:\/\/hunaja.fi\/ja\/honey-products-jp\/mieleinen-strawberry-340g-jp\/"]}]},{"@type":"ImageObject","inLanguage":"ja","@id":"https:\/\/hunaja.fi\/ja\/honey-products-jp\/mieleinen-strawberry-340g-jp\/#primaryimage","url":"https:\/\/hunaja.fi\/wp-content\/uploads\/2021\/11\/HunajayhtymaMieleinenProducts-2-scaled.jpg","contentUrl":"https:\/\/hunaja.fi\/wp-content\/uploads\/2021\/11\/HunajayhtymaMieleinenProducts-2-scaled.jpg","width":2560,"height":1096},{"@type":"BreadcrumbList","@id":"https:\/\/hunaja.fi\/ja\/honey-products-jp\/mieleinen-strawberry-340g-jp\/#breadcrumb","itemListElement":[{"@type":"ListItem","position":1,"name":"Etusivu","item":"https:\/\/hunaja.fi\/ja\/"},{"@type":"ListItem","position":2,"name":"\u306f\u3061\u307f\u3064\u5546\u54c1","item":"https:\/\/hunaja.fi\/ja\/honey-products-jp\/"},{"@type":"ListItem","position":3,"name":"\u30df\u30a8\u30ec\u30a4\u30cd\u30f3\u30fb\u30b9\u30c8\u30ed\u30d9\u30ea\u30fc 340g"}]},{"@type":"WebSite","@id":"https:\/\/hunaja.fi\/#website","url":"https:\/\/hunaja.fi\/","name":"Hunajayhtym\u00e4 Oy","description":"Nature Loves Finnish Floral Honey","publisher":{"@id":"https:\/\/hunaja.fi\/#organization"},"potentialAction":[{"@type":"SearchAction","target":{"@type":"EntryPoint","urlTemplate":"https:\/\/hunaja.fi\/?s={search_term_string}"},"query-input":{"@type":"PropertyValueSpecification","valueRequired":true,"valueName":"search_term_string"}}],"inLanguage":"ja"},{"@type":"Organization","@id":"https:\/\/hunaja.fi\/#organization","name":"Hunajayhtym\u00e4 Oy","url":"https:\/\/hunaja.fi\/","logo":{"@type":"ImageObject","inLanguage":"ja","@id":"https:\/\/hunaja.fi\/#\/schema\/logo\/image\/","url":"https:\/\/hunaja.fi\/wp-content\/uploads\/2021\/07\/Hunajayhtyma_Logo_VAAKA_slogan_cmyk-01.png","contentUrl":"https:\/\/hunaja.fi\/wp-content\/uploads\/2021\/07\/Hunajayhtyma_Logo_VAAKA_slogan_cmyk-01.png","width":656,"height":242,"caption":"Hunajayhtym\u00e4 Oy"},"image":{"@id":"https:\/\/hunaja.fi\/#\/schema\/logo\/image\/"}}]}},"_links":{"self":[{"href":"https:\/\/hunaja.fi\/ja\/wp-json\/wp\/v2\/pages\/31061","targetHints":{"allow":["GET"]}}],"collection":[{"href":"https:\/\/hunaja.fi\/ja\/wp-json\/wp\/v2\/pages"}],"about":[{"href":"https:\/\/hunaja.fi\/ja\/wp-json\/wp\/v2\/types\/page"}],"author":[{"embeddable":true,"href":"https:\/\/hunaja.fi\/ja\/wp-json\/wp\/v2\/users\/5"}],"replies":[{"embeddable":true,"href":"https:\/\/hunaja.fi\/ja\/wp-json\/wp\/v2\/comments?post=31061"}],"version-history":[{"count":12,"href":"https:\/\/hunaja.fi\/ja\/wp-json\/wp\/v2\/pages\/31061\/revisions"}],"predecessor-version":[{"id":32394,"href":"https:\/\/hunaja.fi\/ja\/wp-json\/wp\/v2\/pages\/31061\/revisions\/32394"}],"up":[{"embeddable":true,"href":"https:\/\/hunaja.fi\/ja\/wp-json\/wp\/v2\/pages\/8997"}],"wp:featuredmedia":[{"embeddable":true,"href":"https:\/\/hunaja.fi\/ja\/wp-json\/wp\/v2\/media\/31016"}],"wp:attachment":[{"href":"https:\/\/hunaja.fi\/ja\/wp-json\/wp\/v2\/media?parent=31061"}],"curies":[{"name":"wp","href":"https:\/\/api.w.org\/{rel}","templated":true}]}}