{"id":16224,"date":"2017-12-20T23:12:09","date_gmt":"2017-12-20T21:12:09","guid":{"rendered":"https:\/\/www.hunaja.fi\/?page_id=16224"},"modified":"2022-10-26T15:17:35","modified_gmt":"2022-10-26T12:17:35","slug":"mieleinen-billberry-340g-jp","status":"publish","type":"page","link":"https:\/\/hunaja.fi\/ja\/honey-products-jp\/mieleinen-billberry-340g-jp\/","title":{"rendered":"\u30df\u30a8\u30ec\u30a4\u30cd\u30f3\u30fb\u30d6\u30eb\u30fc\u30d9\u30ea\u30fc\u3000340g"},"content":{"rendered":"<p>\u30df\u30a8\u30ec\u30a4\u30cd\u30f3\u30fb\u30d6\u30eb\u30fc\u30d9\u30ea\u30fc\u306f\u3001\u30d5\u30a3\u30f3\u30e9\u30f3\u30c9\u7523\u306e\u306f\u3061\u307f\u3064\u306b\u30d5\u30a3\u30f3\u30e9\u30f3\u30c9\u7523\u306e\u91ce\u751f\u7a2e\u30d6\u30eb\u30fc\u30d9\u30ea\u30fc\uff08\u82f1\u540d\u30d3\u30eb\u30d9\u30ea\u30fc\uff09\u3092\u6df7\u305c\u5408\u308f\u305b\u3001\u3055\u3089\u306b\u98df\u7269\u7e4a\u7dad\u3092\u30d7\u30e9\u30b9\u3057\u305f\u306f\u3061\u307f\u3064\u30d7\u30ed\u30c0\u30af\u30c8\u3002\u624b\u4f5c\u308a\u30c9\u30ea\u30f3\u30af\u3084\u30b9\u30e0\u30fc\u30b8\u30fc\u306e\u30d5\u30ec\u30fc\u30d0\u30fc\u4ed8\u3051\u306b\u3001\u307e\u305f\u30a2\u30a4\u30b9\u30af\u30ea\u30fc\u30e0\u3084\u30e8\u30fc\u30b0\u30eb\u30c8\u306e\u30bd\u30fc\u30b9\u306b\u3082\u3074\u3063\u305f\u308a\u3002<\/p>\n<figure id=\"attachment_30790\" aria-describedby=\"caption-attachment-30790\" style=\"width: 500px\" class=\"wp-caption aligncenter\"><img decoding=\"async\" class=\"wp-image-30790 size-medium\" src=\"https:\/\/hunaja.fi\/wp-content\/uploads\/2021\/10\/Fiiliskuva-mustikka-2021-1280x720.jpg\" alt=\"Mieleinen ja mustikat\" width=\"500\" height=\"281\" srcset=\"https:\/\/hunaja.fi\/wp-content\/uploads\/2021\/10\/Fiiliskuva-mustikka-2021-1280x720.jpg 1280w, https:\/\/hunaja.fi\/wp-content\/uploads\/2021\/10\/Fiiliskuva-mustikka-2021-480x270.jpg 480w\" sizes=\"(max-width: 500px) 100vw, 500px\" \/><figcaption id=\"caption-attachment-30790\" class=\"wp-caption-text\">\u4e16\u754c\u6709\u6570\u306e\u30af\u30ea\u30fc\u30f3\u306a\u30d5\u30a3\u30f3\u30e9\u30f3\u30c9\u306e\u68ee\u306b\u80b2\u3064\u30d9\u30ea\u30fc\u306f\u3001\u5168\u3066\u5929\u7136\u306e\u30aa\u30fc\u30ac\u30cb\u30c3\u30af\u3002\u68ee\u3067\u6458\u307f\u305f\u3066\u3092\u305d\u306e\u307e\u307e\u53e3\u306b\u3059\u308b\u3053\u3068\u304c\u3067\u304d\u307e\u3059\u3002\u30df\u30c4\u30d0\u30c1\u305f\u3061\u304c\u53d7\u7c89\u3092\u3057\u3066\u304f\u308c\u308b\u304a\u304b\u3052\u3067\u990a\u8702\u5834\u5468\u8fba\u306e\u68ee\u3067\u306f\u30d9\u30ea\u30fc\u304c\u3068\u308a\u308f\u3051\u3088\u304f\u80b2\u3061\u307e\u3059\u3002<\/figcaption><\/figure>\n<p>\u3053\u306e\u5546\u54c1\u306f\u6574\u8178\u52b9\u679c\u306e\u3042\u308b\u98df\u7269\u7e4a\u7dad\u309235\uff05\u3001\u30d5\u30ea\u30fc\u30ba\u30c9\u30e9\u30a4\u3057\u305f\u30d5\u30a3\u30f3\u30e9\u30f3\u30c9\u7523\u306e\u91ce\u751f\u7a2e\u30d6\u30eb\u30fc\u30d9\u30ea\u30fc\uff08\u30d3\u30eb\u30d9\u30ea\u30fc\uff09\u3092\u542b\u3093\u3067\u3044\u307e\u3059\u3002\u4e00\u672c\u306e\u30df\u30a8\u30ec\u30a4\u30cd\u30f3\u306b\u4f7f\u7528\u3055\u308c\u3066\u3044\u308b\u30d5\u30ea\u30fc\u30ba\u30c9\u30e9\u30a4\u30d6\u30eb\u30fc\u30d9\u30ea\u30fc\u306f\u3001\u68ee\u3067\u6458\u3093\u3060\u3070\u304b\u308a\u306e\u751f\u306e\u30d6\u30eb\u30fc\u30d9\u30ea\u30fc\u7d04\uff11\u30c7\u30b7\u30ea\u30c3\u30c8\u30eb\u5206\u306b\u76f8\u5f53\u3002\u30de\u30a4\u30eb\u30c9\u306a\u30b3\u30af\u3068\u98a8\u5473\u3092\u6301\u3064\u30d5\u30a3\u30f3\u30e9\u30f3\u30c9\u306f\u3061\u307f\u3064\u3001\u5065\u5eb7\u4fc3\u9032\u6210\u5206\u3067\u3042\u308b\u30d5\u30e9\u30dc\u30ce\u30a4\u30c9\u3084\u30d3\u30bf\u30df\u30f3\u3092\u8c4a\u5bcc\u306b\u542b\u3080\u68ee\u306e\u30d6\u30eb\u30fc\u30d9\u30ea\u30fc\u3001\u305d\u3057\u3066\u98df\u7269\u7e4a\u7dad\u304c\u4e00\u672c\u306b\u30ae\u30e5\u3063\u3068\u8a70\u307e\u3063\u305f\u7f8e\u5473\u3057\u3044\u4e00\u672c\u3001\u305d\u308c\u304c\u30df\u30a8\u30ec\u30a4\u30cd\u30f3\u30fb\u30d6\u30eb\u30fc\u30d9\u30ea\u30fc\u3002\u3053\u306e\u5546\u54c1\u306f\u30b0\u30eb\u30c6\u30f3\u30d5\u30ea\u30fc\u3067\u3059\u3002<\/p>\n<figure id=\"attachment_30813\" aria-describedby=\"caption-attachment-30813\" style=\"width: 480px\" class=\"wp-caption aligncenter\"><img decoding=\"async\" class=\"wp-image-30813 size-thumbnail\" src=\"https:\/\/hunaja.fi\/wp-content\/uploads\/2021\/10\/Mieleinen-mustikka-mannapuuro-480x320.jpg\" alt=\"\" width=\"480\" height=\"320\" \/><figcaption id=\"caption-attachment-30813\" class=\"wp-caption-text\">\u30df\u30a8\u30ec\u30a4\u30cd\u30f3\u30fb\u30d6\u30eb\u30fc\u30d9\u30ea\u30fc\u306f<br \/>\u30c7\u30b6\u30fc\u30c8\u3084\u304a\u3084\u3064\u306e\u30c8\u30c3\u30d4\u30f3\u30b0\u30bd\u30fc\u30b9\u306b\u3074\u3063\u305f\u308a\u3002<\/figcaption><\/figure>\n<h2><\/h2>\n<h2><\/h2>\n<h2 style=\"text-align: center;\">\u30d6\u30eb\u30fc\u30d9\u30ea\u30fc\u5473\u306e\u30df\u30a8\u30ec\u30a4\u30cd\u30f3\u3092\u6b32\u3057\u3044\u6642\u3001\u6b32\u3057\u3044\u5206\u3060\u3051<\/h2>\n<p>&nbsp;<\/p>\n<p>\u30df\u30a8\u30ec\u30a4\u30cd\u30f3\u30fb\u30d6\u30eb\u30fc\u30d9\u30ea\u30fc340g\u306f\u3001\u6b32\u3057\u3044\u5206\u91cf\u3060\u3051\u7c21\u5358\u306b\u7d5e\u308a\u51fa\u305b\u308b\u3001\u4fbf\u5229\u306a\u30dc\u30c8\u30eb\u5165\u308a\u3002\u30dc\u30c8\u30eb\u3092\u63e1\u3063\u3066\u7d5e\u308c\u3070\u958b\u304d\u3001\u96e2\u305b\u3070\u9589\u307e\u308b\u30b7\u30ea\u30b3\u30f3\u53e3\u3002\u6642\u9593\u304c\u7d4c\u3063\u3066\u3082\u7d50\u6676\u5316\u3059\u308b\u3053\u3068\u304c\u306a\u304f\u3001\u5e38\u306b\u6d41\u308c\u308b\u3088\u3046\u306b\u6ed1\u3089\u304b\u306a\u30c6\u30af\u30b9\u30c1\u30e3\u30fc\u306e\u30df\u30a8\u30ec\u30a4\u30cd\u30f3\u306f\u3001\u65e5\u5e38\u7684\u306b\u3055\u3055\u3063\u3068\u4f7f\u3048\u308b\u3001\u3068\u3063\u3066\u3082\u624b\u8efd\u306a\u30d5\u30ec\u30fc\u30d0\u30fc\u306f\u3061\u307f\u3064\u30d7\u30ed\u30c0\u30af\u30c8\u3067\u3059\u3002<br \/>\n\u3053\u306e\u5546\u54c1\u306b\u3064\u3044\u3066\u8a73\u3057\u304f\u306f\u3001\u3053\u3061\u3089\u306e\u30da\u30fc\u30b8\u3067<strong> <a title=\"Mieleinen\" href=\"http:\/\/www.mieleinen.fi\" target=\"_blank\" rel=\"noopener noreferrer\">www.mieleinen.fi<\/a>.<\/strong><\/p>\n<p><img decoding=\"async\" class=\"aligncenter wp-image-30123\" src=\"https:\/\/hunaja.fi\/wp-content\/uploads\/2021\/09\/Hunajayhtyma_Mieleinen_340g_Mustikka_6412324443427-scaled.jpg\" alt=\"Mieleinen Mustikka 340g\" width=\"215\" height=\"350\" srcset=\"https:\/\/hunaja.fi\/wp-content\/uploads\/2021\/09\/Hunajayhtyma_Mieleinen_340g_Mustikka_6412324443427-scaled.jpg 1569w, https:\/\/hunaja.fi\/wp-content\/uploads\/2021\/09\/Hunajayhtyma_Mieleinen_340g_Mustikka_6412324443427-941x1536.jpg 941w, https:\/\/hunaja.fi\/wp-content\/uploads\/2021\/09\/Hunajayhtyma_Mieleinen_340g_Mustikka_6412324443427-1255x2048.jpg 1255w, https:\/\/hunaja.fi\/wp-content\/uploads\/2021\/09\/Hunajayhtyma_Mieleinen_340g_Mustikka_6412324443427-42x68.jpg 42w, https:\/\/hunaja.fi\/wp-content\/uploads\/2021\/09\/Hunajayhtyma_Mieleinen_340g_Mustikka_6412324443427-54x88.jpg 54w, https:\/\/hunaja.fi\/wp-content\/uploads\/2021\/09\/Hunajayhtyma_Mieleinen_340g_Mustikka_6412324443427-196x320.jpg 196w, https:\/\/hunaja.fi\/wp-content\/uploads\/2021\/09\/Hunajayhtyma_Mieleinen_340g_Mustikka_6412324443427-441x720.jpg 441w, https:\/\/hunaja.fi\/wp-content\/uploads\/2021\/09\/Hunajayhtyma_Mieleinen_340g_Mustikka_6412324443427-500x816.jpg 500w\" sizes=\"(max-width: 215px) 100vw, 215px\" \/><\/p>\n<p>&nbsp;<\/p>\n<div class=\"ast-oembed-container \" style=\"height: 100%;\"><iframe title=\"Hunajayhtym\u00e4 Mieleinen mustikka HD\" width=\"500\" height=\"281\" src=\"https:\/\/www.youtube.com\/embed\/INqzfWc136A?feature=oembed\" frameborder=\"0\" allow=\"accelerometer; autoplay; clipboard-write; encrypted-media; gyroscope; picture-in-picture; web-share\" referrerpolicy=\"strict-origin-when-cross-origin\" allowfullscreen><\/iframe><\/div>\n<p>&nbsp;<\/p>\n","protected":false},"excerpt":{"rendered":"<p>\u30df\u30a8\u30ec\u30a4\u30cd\u30f3\u30fb\u30d6\u30eb\u30fc\u30d9\u30ea\u30fc\u306f\u3001\u30d5\u30a3\u30f3\u30e9\u30f3\u30c9\u7523\u306e\u306f\u3061\u307f\u3064\u306b\u30d5\u30a3\u30f3\u30e9\u30f3\u30c9\u7523\u306e\u91ce\u751f\u7a2e\u30d6\u30eb\u30fc\u30d9\u30ea\u30fc\uff08\u82f1\u540d\u30d3\u30eb\u30d9\u30ea\u30fc\uff09\u3092 [&hellip;]<\/p>\n","protected":false},"author":5,"featured_media":31127,"parent":8997,"menu_order":6,"comment_status":"closed","ping_status":"closed","template":"","meta":{"_acf_changed":false,"_improvement_type_select":"improve_an_existing","_thumb_yes_seoaic":false,"_frame_yes_seoaic":false,"seoaic_generate_description":"","seoaic_improve_instructions_prompt":"","seoaic_rollback_content_improvement":"","seoaic_idea_thumbnail_generator":"","thumbnail_generated":false,"thumbnail_generate_prompt":"","seoaic_article_description":"","site-sidebar-layout":"default","site-content-layout":"default","ast-site-content-layout":"default","site-content-style":"default","site-sidebar-style":"default","ast-global-header-display":"","ast-banner-title-visibility":"","ast-main-header-display":"","ast-hfb-above-header-display":"","ast-hfb-below-header-display":"","ast-hfb-mobile-header-display":"","site-post-title":"","ast-breadcrumbs-content":"","ast-featured-img":"","footer-sml-layout":"","ast-disable-related-posts":"","theme-transparent-header-meta":"default","adv-header-id-meta":"","stick-header-meta":"default","header-above-stick-meta":"","header-main-stick-meta":"","header-below-stick-meta":"","astra-migrate-meta-layouts":"default","ast-page-background-enabled":"default","ast-page-background-meta":{"desktop":{"background-color":"","background-image":"","background-repeat":"repeat","background-position":"center center","background-size":"auto","background-attachment":"scroll","background-type":"","background-media":"","overlay-type":"","overlay-color":"","overlay-opacity":"","overlay-gradient":""},"tablet":{"background-color":"","background-image":"","background-repeat":"repeat","background-position":"center center","background-size":"auto","background-attachment":"scroll","background-type":"","background-media":"","overlay-type":"","overlay-color":"","overlay-opacity":"","overlay-gradient":""},"mobile":{"background-color":"","background-image":"","background-repeat":"repeat","background-position":"center center","background-size":"auto","background-attachment":"scroll","background-type":"","background-media":"","overlay-type":"","overlay-color":"","overlay-opacity":"","overlay-gradient":""}},"ast-content-background-meta":{"desktop":{"background-color":"var(--ast-global-color-5)","background-image":"","background-repeat":"repeat","background-position":"center center","background-size":"auto","background-attachment":"scroll","background-type":"","background-media":"","overlay-type":"","overlay-color":"","overlay-opacity":"","overlay-gradient":""},"tablet":{"background-color":"var(--ast-global-color-5)","background-image":"","background-repeat":"repeat","background-position":"center center","background-size":"auto","background-attachment":"scroll","background-type":"","background-media":"","overlay-type":"","overlay-color":"","overlay-opacity":"","overlay-gradient":""},"mobile":{"background-color":"var(--ast-global-color-5)","background-image":"","background-repeat":"repeat","background-position":"center center","background-size":"auto","background-attachment":"scroll","background-type":"","background-media":"","overlay-type":"","overlay-color":"","overlay-opacity":"","overlay-gradient":""}},"footnotes":""},"class_list":["post-16224","page","type-page","status-publish","has-post-thumbnail","hentry"],"acf":[],"yoast_head":"<!-- This site is optimized with the Yoast SEO plugin v26.7 - https:\/\/yoast.com\/wordpress\/plugins\/seo\/ -->\n<title>\u30df\u30a8\u30ec\u30a4\u30cd\u30f3\u30fb\u30d6\u30eb\u30fc\u30d9\u30ea\u30fc\u3000340g - Hunajayhtym\u00e4 Oy - Katso lis\u00e4\u00e4 t\u00e4st\u00e4!<\/title>\n<meta name=\"description\" content=\"Mustikka-Mieleinen myyd\u00e4\u00e4n 340 g:n helppossssa puristepulloissa. Ainutlaatuinen koostumuksen vuoksi, se ei kiinteydy eik\u00e4 j\u00e4hmety pitk\u00e4nk\u00e4 \u00e4najan kuluessa.\" \/>\n<meta name=\"robots\" content=\"index, follow, max-snippet:-1, max-image-preview:large, max-video-preview:-1\" \/>\n<link rel=\"canonical\" href=\"https:\/\/hunaja.fi\/ja\/honey-products-jp\/mieleinen-billberry-340g-jp\/\" \/>\n<meta property=\"og:locale\" content=\"ja_JP\" \/>\n<meta property=\"og:type\" content=\"article\" \/>\n<meta property=\"og:title\" content=\"\u30df\u30a8\u30ec\u30a4\u30cd\u30f3\u30fb\u30d6\u30eb\u30fc\u30d9\u30ea\u30fc\u3000340g - Hunajayhtym\u00e4 Oy - Katso lis\u00e4\u00e4 t\u00e4st\u00e4!\" \/>\n<meta property=\"og:description\" content=\"Mustikka-Mieleinen myyd\u00e4\u00e4n 340 g:n helppossssa puristepulloissa. Ainutlaatuinen koostumuksen vuoksi, se ei kiinteydy eik\u00e4 j\u00e4hmety pitk\u00e4nk\u00e4 \u00e4najan kuluessa.\" \/>\n<meta property=\"og:url\" content=\"https:\/\/hunaja.fi\/ja\/honey-products-jp\/mieleinen-billberry-340g-jp\/\" \/>\n<meta property=\"og:site_name\" content=\"Hunajayhtym\u00e4 Oy\" \/>\n<meta property=\"article:modified_time\" content=\"2022-10-26T12:17:35+00:00\" \/>\n<meta property=\"og:image\" content=\"https:\/\/hunaja.fi\/wp-content\/uploads\/2021\/11\/tonin_testi-1920x822-7.jpg\" \/>\n\t<meta property=\"og:image:width\" content=\"1920\" \/>\n\t<meta property=\"og:image:height\" content=\"822\" \/>\n\t<meta property=\"og:image:type\" content=\"image\/jpeg\" \/>\n<meta name=\"twitter:card\" content=\"summary_large_image\" \/>\n<meta name=\"twitter:label1\" content=\"\u63a8\u5b9a\u8aad\u307f\u53d6\u308a\u6642\u9593\" \/>\n\t<meta name=\"twitter:data1\" content=\"1\u5206\" \/>\n<script type=\"application\/ld+json\" class=\"yoast-schema-graph\">{\"@context\":\"https:\/\/schema.org\",\"@graph\":[{\"@type\":\"WebPage\",\"@id\":\"https:\/\/hunaja.fi\/ja\/honey-products-jp\/mieleinen-billberry-340g-jp\/\",\"url\":\"https:\/\/hunaja.fi\/ja\/honey-products-jp\/mieleinen-billberry-340g-jp\/\",\"name\":\"\u30df\u30a8\u30ec\u30a4\u30cd\u30f3\u30fb\u30d6\u30eb\u30fc\u30d9\u30ea\u30fc\u3000340g - Hunajayhtym\u00e4 Oy - Katso lis\u00e4\u00e4 t\u00e4st\u00e4!\",\"isPartOf\":{\"@id\":\"https:\/\/hunaja.fi\/#website\"},\"primaryImageOfPage\":{\"@id\":\"https:\/\/hunaja.fi\/ja\/honey-products-jp\/mieleinen-billberry-340g-jp\/#primaryimage\"},\"image\":{\"@id\":\"https:\/\/hunaja.fi\/ja\/honey-products-jp\/mieleinen-billberry-340g-jp\/#primaryimage\"},\"thumbnailUrl\":\"https:\/\/hunaja.fi\/wp-content\/uploads\/2021\/11\/tonin_testi-1920x822-7.jpg\",\"datePublished\":\"2017-12-20T21:12:09+00:00\",\"dateModified\":\"2022-10-26T12:17:35+00:00\",\"description\":\"Mustikka-Mieleinen myyd\u00e4\u00e4n 340 g:n helppossssa puristepulloissa. Ainutlaatuinen koostumuksen vuoksi, se ei kiinteydy eik\u00e4 j\u00e4hmety pitk\u00e4nk\u00e4 \u00e4najan kuluessa.\",\"breadcrumb\":{\"@id\":\"https:\/\/hunaja.fi\/ja\/honey-products-jp\/mieleinen-billberry-340g-jp\/#breadcrumb\"},\"inLanguage\":\"ja\",\"potentialAction\":[{\"@type\":\"ReadAction\",\"target\":[\"https:\/\/hunaja.fi\/ja\/honey-products-jp\/mieleinen-billberry-340g-jp\/\"]}]},{\"@type\":\"ImageObject\",\"inLanguage\":\"ja\",\"@id\":\"https:\/\/hunaja.fi\/ja\/honey-products-jp\/mieleinen-billberry-340g-jp\/#primaryimage\",\"url\":\"https:\/\/hunaja.fi\/wp-content\/uploads\/2021\/11\/tonin_testi-1920x822-7.jpg\",\"contentUrl\":\"https:\/\/hunaja.fi\/wp-content\/uploads\/2021\/11\/tonin_testi-1920x822-7.jpg\",\"width\":1920,\"height\":822},{\"@type\":\"BreadcrumbList\",\"@id\":\"https:\/\/hunaja.fi\/ja\/honey-products-jp\/mieleinen-billberry-340g-jp\/#breadcrumb\",\"itemListElement\":[{\"@type\":\"ListItem\",\"position\":1,\"name\":\"Etusivu\",\"item\":\"https:\/\/hunaja.fi\/ja\/\"},{\"@type\":\"ListItem\",\"position\":2,\"name\":\"\u306f\u3061\u307f\u3064\u5546\u54c1\",\"item\":\"https:\/\/hunaja.fi\/ja\/honey-products-jp\/\"},{\"@type\":\"ListItem\",\"position\":3,\"name\":\"\u30df\u30a8\u30ec\u30a4\u30cd\u30f3\u30fb\u30d6\u30eb\u30fc\u30d9\u30ea\u30fc\u3000340g\"}]},{\"@type\":\"WebSite\",\"@id\":\"https:\/\/hunaja.fi\/#website\",\"url\":\"https:\/\/hunaja.fi\/\",\"name\":\"Hunajayhtym\u00e4 Oy\",\"description\":\"Nature Loves Finnish Floral Honey\",\"publisher\":{\"@id\":\"https:\/\/hunaja.fi\/#organization\"},\"potentialAction\":[{\"@type\":\"SearchAction\",\"target\":{\"@type\":\"EntryPoint\",\"urlTemplate\":\"https:\/\/hunaja.fi\/?s={search_term_string}\"},\"query-input\":{\"@type\":\"PropertyValueSpecification\",\"valueRequired\":true,\"valueName\":\"search_term_string\"}}],\"inLanguage\":\"ja\"},{\"@type\":\"Organization\",\"@id\":\"https:\/\/hunaja.fi\/#organization\",\"name\":\"Hunajayhtym\u00e4 Oy\",\"url\":\"https:\/\/hunaja.fi\/\",\"logo\":{\"@type\":\"ImageObject\",\"inLanguage\":\"ja\",\"@id\":\"https:\/\/hunaja.fi\/#\/schema\/logo\/image\/\",\"url\":\"https:\/\/hunaja.fi\/wp-content\/uploads\/2021\/07\/Hunajayhtyma_Logo_VAAKA_slogan_cmyk-01.png\",\"contentUrl\":\"https:\/\/hunaja.fi\/wp-content\/uploads\/2021\/07\/Hunajayhtyma_Logo_VAAKA_slogan_cmyk-01.png\",\"width\":656,\"height\":242,\"caption\":\"Hunajayhtym\u00e4 Oy\"},\"image\":{\"@id\":\"https:\/\/hunaja.fi\/#\/schema\/logo\/image\/\"}}]}<\/script>\n<!-- \/ Yoast SEO plugin. -->","yoast_head_json":{"title":"\u30df\u30a8\u30ec\u30a4\u30cd\u30f3\u30fb\u30d6\u30eb\u30fc\u30d9\u30ea\u30fc\u3000340g - Hunajayhtym\u00e4 Oy - Katso lis\u00e4\u00e4 t\u00e4st\u00e4!","description":"Mustikka-Mieleinen myyd\u00e4\u00e4n 340 g:n helppossssa puristepulloissa. Ainutlaatuinen koostumuksen vuoksi, se ei kiinteydy eik\u00e4 j\u00e4hmety pitk\u00e4nk\u00e4 \u00e4najan kuluessa.","robots":{"index":"index","follow":"follow","max-snippet":"max-snippet:-1","max-image-preview":"max-image-preview:large","max-video-preview":"max-video-preview:-1"},"canonical":"https:\/\/hunaja.fi\/ja\/honey-products-jp\/mieleinen-billberry-340g-jp\/","og_locale":"ja_JP","og_type":"article","og_title":"\u30df\u30a8\u30ec\u30a4\u30cd\u30f3\u30fb\u30d6\u30eb\u30fc\u30d9\u30ea\u30fc\u3000340g - Hunajayhtym\u00e4 Oy - Katso lis\u00e4\u00e4 t\u00e4st\u00e4!","og_description":"Mustikka-Mieleinen myyd\u00e4\u00e4n 340 g:n helppossssa puristepulloissa. Ainutlaatuinen koostumuksen vuoksi, se ei kiinteydy eik\u00e4 j\u00e4hmety pitk\u00e4nk\u00e4 \u00e4najan kuluessa.","og_url":"https:\/\/hunaja.fi\/ja\/honey-products-jp\/mieleinen-billberry-340g-jp\/","og_site_name":"Hunajayhtym\u00e4 Oy","article_modified_time":"2022-10-26T12:17:35+00:00","og_image":[{"width":1920,"height":822,"url":"https:\/\/hunaja.fi\/wp-content\/uploads\/2021\/11\/tonin_testi-1920x822-7.jpg","type":"image\/jpeg"}],"twitter_card":"summary_large_image","twitter_misc":{"\u63a8\u5b9a\u8aad\u307f\u53d6\u308a\u6642\u9593":"1\u5206"},"schema":{"@context":"https:\/\/schema.org","@graph":[{"@type":"WebPage","@id":"https:\/\/hunaja.fi\/ja\/honey-products-jp\/mieleinen-billberry-340g-jp\/","url":"https:\/\/hunaja.fi\/ja\/honey-products-jp\/mieleinen-billberry-340g-jp\/","name":"\u30df\u30a8\u30ec\u30a4\u30cd\u30f3\u30fb\u30d6\u30eb\u30fc\u30d9\u30ea\u30fc\u3000340g - Hunajayhtym\u00e4 Oy - Katso lis\u00e4\u00e4 t\u00e4st\u00e4!","isPartOf":{"@id":"https:\/\/hunaja.fi\/#website"},"primaryImageOfPage":{"@id":"https:\/\/hunaja.fi\/ja\/honey-products-jp\/mieleinen-billberry-340g-jp\/#primaryimage"},"image":{"@id":"https:\/\/hunaja.fi\/ja\/honey-products-jp\/mieleinen-billberry-340g-jp\/#primaryimage"},"thumbnailUrl":"https:\/\/hunaja.fi\/wp-content\/uploads\/2021\/11\/tonin_testi-1920x822-7.jpg","datePublished":"2017-12-20T21:12:09+00:00","dateModified":"2022-10-26T12:17:35+00:00","description":"Mustikka-Mieleinen myyd\u00e4\u00e4n 340 g:n helppossssa puristepulloissa. Ainutlaatuinen koostumuksen vuoksi, se ei kiinteydy eik\u00e4 j\u00e4hmety pitk\u00e4nk\u00e4 \u00e4najan kuluessa.","breadcrumb":{"@id":"https:\/\/hunaja.fi\/ja\/honey-products-jp\/mieleinen-billberry-340g-jp\/#breadcrumb"},"inLanguage":"ja","potentialAction":[{"@type":"ReadAction","target":["https:\/\/hunaja.fi\/ja\/honey-products-jp\/mieleinen-billberry-340g-jp\/"]}]},{"@type":"ImageObject","inLanguage":"ja","@id":"https:\/\/hunaja.fi\/ja\/honey-products-jp\/mieleinen-billberry-340g-jp\/#primaryimage","url":"https:\/\/hunaja.fi\/wp-content\/uploads\/2021\/11\/tonin_testi-1920x822-7.jpg","contentUrl":"https:\/\/hunaja.fi\/wp-content\/uploads\/2021\/11\/tonin_testi-1920x822-7.jpg","width":1920,"height":822},{"@type":"BreadcrumbList","@id":"https:\/\/hunaja.fi\/ja\/honey-products-jp\/mieleinen-billberry-340g-jp\/#breadcrumb","itemListElement":[{"@type":"ListItem","position":1,"name":"Etusivu","item":"https:\/\/hunaja.fi\/ja\/"},{"@type":"ListItem","position":2,"name":"\u306f\u3061\u307f\u3064\u5546\u54c1","item":"https:\/\/hunaja.fi\/ja\/honey-products-jp\/"},{"@type":"ListItem","position":3,"name":"\u30df\u30a8\u30ec\u30a4\u30cd\u30f3\u30fb\u30d6\u30eb\u30fc\u30d9\u30ea\u30fc\u3000340g"}]},{"@type":"WebSite","@id":"https:\/\/hunaja.fi\/#website","url":"https:\/\/hunaja.fi\/","name":"Hunajayhtym\u00e4 Oy","description":"Nature Loves Finnish Floral Honey","publisher":{"@id":"https:\/\/hunaja.fi\/#organization"},"potentialAction":[{"@type":"SearchAction","target":{"@type":"EntryPoint","urlTemplate":"https:\/\/hunaja.fi\/?s={search_term_string}"},"query-input":{"@type":"PropertyValueSpecification","valueRequired":true,"valueName":"search_term_string"}}],"inLanguage":"ja"},{"@type":"Organization","@id":"https:\/\/hunaja.fi\/#organization","name":"Hunajayhtym\u00e4 Oy","url":"https:\/\/hunaja.fi\/","logo":{"@type":"ImageObject","inLanguage":"ja","@id":"https:\/\/hunaja.fi\/#\/schema\/logo\/image\/","url":"https:\/\/hunaja.fi\/wp-content\/uploads\/2021\/07\/Hunajayhtyma_Logo_VAAKA_slogan_cmyk-01.png","contentUrl":"https:\/\/hunaja.fi\/wp-content\/uploads\/2021\/07\/Hunajayhtyma_Logo_VAAKA_slogan_cmyk-01.png","width":656,"height":242,"caption":"Hunajayhtym\u00e4 Oy"},"image":{"@id":"https:\/\/hunaja.fi\/#\/schema\/logo\/image\/"}}]}},"_links":{"self":[{"href":"https:\/\/hunaja.fi\/ja\/wp-json\/wp\/v2\/pages\/16224","targetHints":{"allow":["GET"]}}],"collection":[{"href":"https:\/\/hunaja.fi\/ja\/wp-json\/wp\/v2\/pages"}],"about":[{"href":"https:\/\/hunaja.fi\/ja\/wp-json\/wp\/v2\/types\/page"}],"author":[{"embeddable":true,"href":"https:\/\/hunaja.fi\/ja\/wp-json\/wp\/v2\/users\/5"}],"replies":[{"embeddable":true,"href":"https:\/\/hunaja.fi\/ja\/wp-json\/wp\/v2\/comments?post=16224"}],"version-history":[{"count":13,"href":"https:\/\/hunaja.fi\/ja\/wp-json\/wp\/v2\/pages\/16224\/revisions"}],"predecessor-version":[{"id":32312,"href":"https:\/\/hunaja.fi\/ja\/wp-json\/wp\/v2\/pages\/16224\/revisions\/32312"}],"up":[{"embeddable":true,"href":"https:\/\/hunaja.fi\/ja\/wp-json\/wp\/v2\/pages\/8997"}],"wp:featuredmedia":[{"embeddable":true,"href":"https:\/\/hunaja.fi\/ja\/wp-json\/wp\/v2\/media\/31127"}],"wp:attachment":[{"href":"https:\/\/hunaja.fi\/ja\/wp-json\/wp\/v2\/media?parent=16224"}],"curies":[{"name":"wp","href":"https:\/\/api.w.org\/{rel}","templated":true}]}}