{"id":8686,"date":"2015-09-30T00:00:00","date_gmt":"2015-09-29T21:00:00","guid":{"rendered":"https:\/\/www.hunaja.fi\/?post_type=product&#038;p=8686"},"modified":"2026-03-10T02:53:32","modified_gmt":"2026-03-10T00:53:32","slug":"kynttilan-sydanlanka-littea-m","status":"publish","type":"product","link":"https:\/\/hunaja.fi\/en\/tuote\/kynttilan-sydanlanka-littea-m\/","title":{"rendered":"Kynttil\u00e4n syd\u00e4nlanka, litte\u00e4 \/ m"},"content":{"rendered":"<p>Mehil\u00e4isvahakynttil\u00f6iden tekoon k\u00e4ytett\u00e4v\u00e4 3-s\u00e4ikeinen litte\u00e4 syd\u00e4nlanka. Valitse kokovalikosta sopiva langan paksuus ja tilaa metreitt\u00e4in.<\/p>\n<p>Kynttil\u00e4n syd\u00e4nlangan paksuus valitaan kynttil\u00e4n halkaisijan mukaan. Perusperiaate on, ett\u00e4 mit\u00e4 paksumpi kynttil\u00e4, sit\u00e4 paksumpi syd\u00e4nlanka. Sopivan kokoinen syd\u00e4nlanka polttaa kynttil\u00e4vahaa tasaisesti ja valuttamatta. Alla oleva taulukko antaa suuntaa syd\u00e4nlangan valintaan. Ennen suurempien erien valmistusta kannattaa kuitenkin testata syd\u00e4nlangan sopivuus.<\/p>\n<table width=\"403\">\n<tbody>\n<tr>\n<td width=\"148\">Kynttil\u00e4n paksuus<\/td>\n<td width=\"255\">Syd\u00e4nlanka litte\u00e4\/py\u00f6re\u00e4<\/td>\n<\/tr>\n<tr>\n<td><\/td>\n<td>6<\/td>\n<\/tr>\n<tr>\n<td>\u00f8 7 \u2013 20 mm<\/td>\n<td>7<\/td>\n<\/tr>\n<tr>\n<td>\u00f8 8 \u2013 30 mm<\/td>\n<td>8<\/td>\n<\/tr>\n<tr>\n<td width=\"148\">\u00f8 10 \u2013 35 mm<\/td>\n<td>9<\/td>\n<\/tr>\n<tr>\n<td>\u00f8 10 \u2013 40 mm<\/td>\n<td>10<\/td>\n<\/tr>\n<tr>\n<td>\u00f8 15 \u2013 45 mm<\/td>\n<td>12\/Py\u00f6re\u00e4 5<\/td>\n<\/tr>\n<tr>\n<td><\/td>\n<td>13<\/td>\n<\/tr>\n<tr>\n<td>\u00f8 15 \u2013 50 mm<\/td>\n<td>14<\/td>\n<\/tr>\n<tr>\n<td><\/td>\n<td>15<\/td>\n<\/tr>\n<tr>\n<td>\u00f8 20 \u2013 60 mm<\/td>\n<td>16\/Py\u00f6re\u00e4 7<\/td>\n<\/tr>\n<tr>\n<td>\u00f8 25 \u2013 70 mm<\/td>\n<td>18<\/td>\n<\/tr>\n<tr>\n<td><\/td>\n<td><\/td>\n<\/tr>\n<tr>\n<td>\u00f8 30 \u2013 80 mm<\/td>\n<td>22<\/td>\n<\/tr>\n<tr>\n<td><\/td>\n<td>24<\/td>\n<\/tr>\n<tr>\n<td>\u00f8 45 \u2013 110 mm<\/td>\n<td>26<\/td>\n<\/tr>\n<tr>\n<td><\/td>\n<td>28<\/td>\n<\/tr>\n<tr>\n<td><\/td>\n<td>30<\/td>\n<\/tr>\n<tr>\n<td><\/td>\n<td>32<\/td>\n<\/tr>\n<\/tbody>\n<\/table>\n","protected":false},"excerpt":{"rendered":"<p>Mehil\u00e4isvahakynttil\u00f6iden tekoon k\u00e4ytett\u00e4v\u00e4 3-s\u00e4ikeinen litte\u00e4 syd\u00e4nlanka. Valitse kokovalikosta sopiva langan paksuus ja tilaa metreitt\u00e4in. Kynttil\u00e4n syd\u00e4nlangan paksuus valitaan kynttil\u00e4n halkaisijan mukaan. Perusperiaate on, ett\u00e4 mit\u00e4 paksumpi kynttil\u00e4, sit\u00e4 paksumpi syd\u00e4nlanka. Sopivan kokoinen syd\u00e4nlanka polttaa kynttil\u00e4vahaa tasaisesti ja valuttamatta. Alla oleva taulukko antaa suuntaa syd\u00e4nlangan valintaan. Ennen suurempien erien valmistusta kannattaa kuitenkin testata syd\u00e4nlangan sopivuus. Kynttil\u00e4n [&hellip;]<\/p>\n","protected":false},"featured_media":8687,"template":"","meta":{"_acf_changed":false,"_improvement_type_select":"improve_an_existing","_thumb_yes_seoaic":false,"_frame_yes_seoaic":false,"seoaic_generate_description":"","seoaic_improve_instructions_prompt":"","seoaic_rollback_content_improvement":"","seoaic_idea_thumbnail_generator":"","thumbnail_generated":false,"thumbnail_generate_prompt":"","seoaic_article_description":"","site-sidebar-layout":"default","site-content-layout":"default","ast-site-content-layout":"default","site-content-style":"default","site-sidebar-style":"default","ast-global-header-display":"","ast-banner-title-visibility":"","ast-main-header-display":"","ast-hfb-above-header-display":"","ast-hfb-below-header-display":"","ast-hfb-mobile-header-display":"","site-post-title":"","ast-breadcrumbs-content":"","ast-featured-img":"","footer-sml-layout":"","ast-disable-related-posts":"","theme-transparent-header-meta":"default","adv-header-id-meta":"","stick-header-meta":"default","header-above-stick-meta":"","header-main-stick-meta":"","header-below-stick-meta":"","astra-migrate-meta-layouts":"set","ast-page-background-enabled":"default","ast-page-background-meta":{"desktop":{"background-color":"","background-image":"","background-repeat":"repeat","background-position":"center center","background-size":"auto","background-attachment":"scroll","background-type":"","background-media":"","overlay-type":"","overlay-color":"","overlay-opacity":"","overlay-gradient":""},"tablet":{"background-color":"","background-image":"","background-repeat":"repeat","background-position":"center center","background-size":"auto","background-attachment":"scroll","background-type":"","background-media":"","overlay-type":"","overlay-color":"","overlay-opacity":"","overlay-gradient":""},"mobile":{"background-color":"","background-image":"","background-repeat":"repeat","background-position":"center center","background-size":"auto","background-attachment":"scroll","background-type":"","background-media":"","overlay-type":"","overlay-color":"","overlay-opacity":"","overlay-gradient":""}},"ast-content-background-meta":{"desktop":{"background-color":"var(--ast-global-color-5)","background-image":"","background-repeat":"repeat","background-position":"center center","background-size":"auto","background-attachment":"scroll","background-type":"","background-media":"","overlay-type":"","overlay-color":"","overlay-opacity":"","overlay-gradient":""},"tablet":{"background-color":"var(--ast-global-color-5)","background-image":"","background-repeat":"repeat","background-position":"center center","background-size":"auto","background-attachment":"scroll","background-type":"","background-media":"","overlay-type":"","overlay-color":"","overlay-opacity":"","overlay-gradient":""},"mobile":{"background-color":"var(--ast-global-color-5)","background-image":"","background-repeat":"repeat","background-position":"center center","background-size":"auto","background-attachment":"scroll","background-type":"","background-media":"","overlay-type":"","overlay-color":"","overlay-opacity":"","overlay-gradient":""}}},"product_brand":[],"product_cat":[2243,2244,574],"product_tag":[],"class_list":{"0":"post-8686","1":"product","2":"type-product","3":"status-publish","4":"has-post-thumbnail","6":"product_cat-kynttilavahat","7":"product_cat-tarvikkeet-2","8":"product_cat-kynttilatarvikkeet","9":"pa_koko-3-x-10","10":"pa_koko-3-x-12","11":"pa_koko-3-x-13","12":"pa_koko-3-x-14","13":"pa_koko-3-x-15","14":"pa_koko-3-x-16","15":"pa_koko-3-x-18","16":"pa_koko-3-x-20","17":"pa_koko-3-x-22","18":"pa_koko-3-x-24","19":"pa_koko-3-x-26","20":"pa_koko-3-x-28","21":"pa_koko-3-x-30","22":"pa_koko-3-x-32","23":"pa_koko-3-x-6","24":"pa_koko-3-x-7","25":"pa_koko-3-x-8","26":"pa_koko-3-x-9","27":"desktop-align-center","28":"tablet-align-center","29":"mobile-align-center","30":"ast-product-gallery-layout-horizontal","31":"ast-product-gallery-with-no-image","32":"ast-magnify-disabled","33":"ast-product-single-variable","34":"ast-product-tabs-layout-horizontal","36":"first","37":"instock","38":"shipping-taxable","39":"purchasable","40":"product-type-variable"},"acf":[],"yoast_head":"<!-- This site is optimized with the Yoast SEO plugin v26.7 - https:\/\/yoast.com\/wordpress\/plugins\/seo\/ -->\n<title>Kynttil\u00e4n syd\u00e4nlanka, litte\u00e4 \/ m - Hunajayhtym\u00e4 Oy<\/title>\n<meta name=\"description\" content=\"Mehil\u00e4isvahakynttil\u00f6iden tekoon k\u00e4ytett\u00e4v\u00e4 3-s\u00e4ikeinen litte\u00e4 syd\u00e4nlanka. Valitse kokovalikosta sopiva langan paksuus ja tilaa metreitt\u00e4in. Kynttil\u00e4n\" \/>\n<meta name=\"robots\" content=\"index, follow, max-snippet:-1, max-image-preview:large, max-video-preview:-1\" \/>\n<link rel=\"canonical\" href=\"https:\/\/hunaja.fi\/tuote\/kynttilan-sydanlanka-littea-m\/\" \/>\n<meta property=\"og:locale\" content=\"en_US\" \/>\n<meta property=\"og:type\" content=\"article\" \/>\n<meta property=\"og:title\" content=\"Kynttil\u00e4n syd\u00e4nlanka, litte\u00e4 \/ m - Hunajayhtym\u00e4 Oy\" \/>\n<meta property=\"og:description\" content=\"Mehil\u00e4isvahakynttil\u00f6iden tekoon k\u00e4ytett\u00e4v\u00e4 3-s\u00e4ikeinen litte\u00e4 syd\u00e4nlanka. Valitse kokovalikosta sopiva langan paksuus ja tilaa metreitt\u00e4in. Kynttil\u00e4n\" \/>\n<meta property=\"og:url\" content=\"https:\/\/hunaja.fi\/tuote\/kynttilan-sydanlanka-littea-m\/\" \/>\n<meta property=\"og:site_name\" content=\"Hunajayhtym\u00e4 Oy\" \/>\n<meta property=\"article:modified_time\" content=\"2026-03-10T00:53:32+00:00\" \/>\n<meta property=\"og:image\" content=\"https:\/\/hunaja.fi\/wp-content\/uploads\/2015\/09\/kynttilalanka.jpg\" \/>\n\t<meta property=\"og:image:width\" content=\"500\" \/>\n\t<meta property=\"og:image:height\" content=\"500\" \/>\n\t<meta property=\"og:image:type\" content=\"image\/jpeg\" \/>\n<meta name=\"twitter:card\" content=\"summary_large_image\" \/>\n<meta name=\"twitter:label1\" content=\"Est. reading time\" \/>\n\t<meta name=\"twitter:data1\" content=\"1 minute\" \/>\n<script type=\"application\/ld+json\" class=\"yoast-schema-graph\">{\"@context\":\"https:\/\/schema.org\",\"@graph\":[{\"@type\":\"WebPage\",\"@id\":\"https:\/\/hunaja.fi\/tuote\/kynttilan-sydanlanka-littea-m\/\",\"url\":\"https:\/\/hunaja.fi\/tuote\/kynttilan-sydanlanka-littea-m\/\",\"name\":\"Kynttil\u00e4n syd\u00e4nlanka, litte\u00e4 \/ m - Hunajayhtym\u00e4 Oy\",\"isPartOf\":{\"@id\":\"https:\/\/hunaja.fi\/#website\"},\"primaryImageOfPage\":{\"@id\":\"https:\/\/hunaja.fi\/tuote\/kynttilan-sydanlanka-littea-m\/#primaryimage\"},\"image\":{\"@id\":\"https:\/\/hunaja.fi\/tuote\/kynttilan-sydanlanka-littea-m\/#primaryimage\"},\"thumbnailUrl\":\"https:\/\/hunaja.fi\/wp-content\/uploads\/2015\/09\/kynttilalanka.jpg\",\"datePublished\":\"2015-09-29T21:00:00+00:00\",\"dateModified\":\"2026-03-10T00:53:32+00:00\",\"description\":\"Mehil\u00e4isvahakynttil\u00f6iden tekoon k\u00e4ytett\u00e4v\u00e4 3-s\u00e4ikeinen litte\u00e4 syd\u00e4nlanka. Valitse kokovalikosta sopiva langan paksuus ja tilaa metreitt\u00e4in. Kynttil\u00e4n\",\"breadcrumb\":{\"@id\":\"https:\/\/hunaja.fi\/tuote\/kynttilan-sydanlanka-littea-m\/#breadcrumb\"},\"inLanguage\":\"en-US\",\"potentialAction\":[{\"@type\":\"ReadAction\",\"target\":[\"https:\/\/hunaja.fi\/tuote\/kynttilan-sydanlanka-littea-m\/\"]}]},{\"@type\":\"ImageObject\",\"inLanguage\":\"en-US\",\"@id\":\"https:\/\/hunaja.fi\/tuote\/kynttilan-sydanlanka-littea-m\/#primaryimage\",\"url\":\"https:\/\/hunaja.fi\/wp-content\/uploads\/2015\/09\/kynttilalanka.jpg\",\"contentUrl\":\"https:\/\/hunaja.fi\/wp-content\/uploads\/2015\/09\/kynttilalanka.jpg\",\"width\":500,\"height\":500},{\"@type\":\"BreadcrumbList\",\"@id\":\"https:\/\/hunaja.fi\/tuote\/kynttilan-sydanlanka-littea-m\/#breadcrumb\",\"itemListElement\":[{\"@type\":\"ListItem\",\"position\":1,\"name\":\"Etusivu\",\"item\":\"https:\/\/hunaja.fi\/en\/\"},{\"@type\":\"ListItem\",\"position\":2,\"name\":\"Tuotteet\",\"item\":\"https:\/\/hunaja.fi\/kauppapaikka\/tuotteet\/\"},{\"@type\":\"ListItem\",\"position\":3,\"name\":\"Kynttil\u00e4tarvikkeet\",\"item\":\"https:\/\/hunaja.fi\/tuote-osasto\/kynttilatarvikkeet\/\"},{\"@type\":\"ListItem\",\"position\":4,\"name\":\"Kynttil\u00e4n syd\u00e4nlanka, litte\u00e4 \/ m\"}]},{\"@type\":\"WebSite\",\"@id\":\"https:\/\/hunaja.fi\/#website\",\"url\":\"https:\/\/hunaja.fi\/\",\"name\":\"Hunajayhtym\u00e4 Oy\",\"description\":\"Nature Loves Finnish Floral Honey\",\"publisher\":{\"@id\":\"https:\/\/hunaja.fi\/#organization\"},\"potentialAction\":[{\"@type\":\"SearchAction\",\"target\":{\"@type\":\"EntryPoint\",\"urlTemplate\":\"https:\/\/hunaja.fi\/?s={search_term_string}\"},\"query-input\":{\"@type\":\"PropertyValueSpecification\",\"valueRequired\":true,\"valueName\":\"search_term_string\"}}],\"inLanguage\":\"en-US\"},{\"@type\":\"Organization\",\"@id\":\"https:\/\/hunaja.fi\/#organization\",\"name\":\"Hunajayhtym\u00e4 Oy\",\"url\":\"https:\/\/hunaja.fi\/\",\"logo\":{\"@type\":\"ImageObject\",\"inLanguage\":\"en-US\",\"@id\":\"https:\/\/hunaja.fi\/#\/schema\/logo\/image\/\",\"url\":\"https:\/\/hunaja.fi\/wp-content\/uploads\/2021\/07\/Hunajayhtyma_Logo_VAAKA_slogan_cmyk-01.png\",\"contentUrl\":\"https:\/\/hunaja.fi\/wp-content\/uploads\/2021\/07\/Hunajayhtyma_Logo_VAAKA_slogan_cmyk-01.png\",\"width\":656,\"height\":242,\"caption\":\"Hunajayhtym\u00e4 Oy\"},\"image\":{\"@id\":\"https:\/\/hunaja.fi\/#\/schema\/logo\/image\/\"}}]}<\/script>\n<!-- \/ Yoast SEO plugin. -->","yoast_head_json":{"title":"Kynttil\u00e4n syd\u00e4nlanka, litte\u00e4 \/ m - Hunajayhtym\u00e4 Oy","description":"Mehil\u00e4isvahakynttil\u00f6iden tekoon k\u00e4ytett\u00e4v\u00e4 3-s\u00e4ikeinen litte\u00e4 syd\u00e4nlanka. Valitse kokovalikosta sopiva langan paksuus ja tilaa metreitt\u00e4in. Kynttil\u00e4n","robots":{"index":"index","follow":"follow","max-snippet":"max-snippet:-1","max-image-preview":"max-image-preview:large","max-video-preview":"max-video-preview:-1"},"canonical":"https:\/\/hunaja.fi\/tuote\/kynttilan-sydanlanka-littea-m\/","og_locale":"en_US","og_type":"article","og_title":"Kynttil\u00e4n syd\u00e4nlanka, litte\u00e4 \/ m - Hunajayhtym\u00e4 Oy","og_description":"Mehil\u00e4isvahakynttil\u00f6iden tekoon k\u00e4ytett\u00e4v\u00e4 3-s\u00e4ikeinen litte\u00e4 syd\u00e4nlanka. Valitse kokovalikosta sopiva langan paksuus ja tilaa metreitt\u00e4in. Kynttil\u00e4n","og_url":"https:\/\/hunaja.fi\/tuote\/kynttilan-sydanlanka-littea-m\/","og_site_name":"Hunajayhtym\u00e4 Oy","article_modified_time":"2026-03-10T00:53:32+00:00","og_image":[{"width":500,"height":500,"url":"https:\/\/hunaja.fi\/wp-content\/uploads\/2015\/09\/kynttilalanka.jpg","type":"image\/jpeg"}],"twitter_card":"summary_large_image","twitter_misc":{"Est. reading time":"1 minute"},"schema":{"@context":"https:\/\/schema.org","@graph":[{"@type":"WebPage","@id":"https:\/\/hunaja.fi\/tuote\/kynttilan-sydanlanka-littea-m\/","url":"https:\/\/hunaja.fi\/tuote\/kynttilan-sydanlanka-littea-m\/","name":"Kynttil\u00e4n syd\u00e4nlanka, litte\u00e4 \/ m - Hunajayhtym\u00e4 Oy","isPartOf":{"@id":"https:\/\/hunaja.fi\/#website"},"primaryImageOfPage":{"@id":"https:\/\/hunaja.fi\/tuote\/kynttilan-sydanlanka-littea-m\/#primaryimage"},"image":{"@id":"https:\/\/hunaja.fi\/tuote\/kynttilan-sydanlanka-littea-m\/#primaryimage"},"thumbnailUrl":"https:\/\/hunaja.fi\/wp-content\/uploads\/2015\/09\/kynttilalanka.jpg","datePublished":"2015-09-29T21:00:00+00:00","dateModified":"2026-03-10T00:53:32+00:00","description":"Mehil\u00e4isvahakynttil\u00f6iden tekoon k\u00e4ytett\u00e4v\u00e4 3-s\u00e4ikeinen litte\u00e4 syd\u00e4nlanka. Valitse kokovalikosta sopiva langan paksuus ja tilaa metreitt\u00e4in. Kynttil\u00e4n","breadcrumb":{"@id":"https:\/\/hunaja.fi\/tuote\/kynttilan-sydanlanka-littea-m\/#breadcrumb"},"inLanguage":"en-US","potentialAction":[{"@type":"ReadAction","target":["https:\/\/hunaja.fi\/tuote\/kynttilan-sydanlanka-littea-m\/"]}]},{"@type":"ImageObject","inLanguage":"en-US","@id":"https:\/\/hunaja.fi\/tuote\/kynttilan-sydanlanka-littea-m\/#primaryimage","url":"https:\/\/hunaja.fi\/wp-content\/uploads\/2015\/09\/kynttilalanka.jpg","contentUrl":"https:\/\/hunaja.fi\/wp-content\/uploads\/2015\/09\/kynttilalanka.jpg","width":500,"height":500},{"@type":"BreadcrumbList","@id":"https:\/\/hunaja.fi\/tuote\/kynttilan-sydanlanka-littea-m\/#breadcrumb","itemListElement":[{"@type":"ListItem","position":1,"name":"Etusivu","item":"https:\/\/hunaja.fi\/en\/"},{"@type":"ListItem","position":2,"name":"Tuotteet","item":"https:\/\/hunaja.fi\/kauppapaikka\/tuotteet\/"},{"@type":"ListItem","position":3,"name":"Kynttil\u00e4tarvikkeet","item":"https:\/\/hunaja.fi\/tuote-osasto\/kynttilatarvikkeet\/"},{"@type":"ListItem","position":4,"name":"Kynttil\u00e4n syd\u00e4nlanka, litte\u00e4 \/ m"}]},{"@type":"WebSite","@id":"https:\/\/hunaja.fi\/#website","url":"https:\/\/hunaja.fi\/","name":"Hunajayhtym\u00e4 Oy","description":"Nature Loves Finnish Floral Honey","publisher":{"@id":"https:\/\/hunaja.fi\/#organization"},"potentialAction":[{"@type":"SearchAction","target":{"@type":"EntryPoint","urlTemplate":"https:\/\/hunaja.fi\/?s={search_term_string}"},"query-input":{"@type":"PropertyValueSpecification","valueRequired":true,"valueName":"search_term_string"}}],"inLanguage":"en-US"},{"@type":"Organization","@id":"https:\/\/hunaja.fi\/#organization","name":"Hunajayhtym\u00e4 Oy","url":"https:\/\/hunaja.fi\/","logo":{"@type":"ImageObject","inLanguage":"en-US","@id":"https:\/\/hunaja.fi\/#\/schema\/logo\/image\/","url":"https:\/\/hunaja.fi\/wp-content\/uploads\/2021\/07\/Hunajayhtyma_Logo_VAAKA_slogan_cmyk-01.png","contentUrl":"https:\/\/hunaja.fi\/wp-content\/uploads\/2021\/07\/Hunajayhtyma_Logo_VAAKA_slogan_cmyk-01.png","width":656,"height":242,"caption":"Hunajayhtym\u00e4 Oy"},"image":{"@id":"https:\/\/hunaja.fi\/#\/schema\/logo\/image\/"}}]}},"_links":{"self":[{"href":"https:\/\/hunaja.fi\/en\/wp-json\/wp\/v2\/product\/8686","targetHints":{"allow":["GET"]}}],"collection":[{"href":"https:\/\/hunaja.fi\/en\/wp-json\/wp\/v2\/product"}],"about":[{"href":"https:\/\/hunaja.fi\/en\/wp-json\/wp\/v2\/types\/product"}],"wp:featuredmedia":[{"embeddable":true,"href":"https:\/\/hunaja.fi\/en\/wp-json\/wp\/v2\/media\/8687"}],"wp:attachment":[{"href":"https:\/\/hunaja.fi\/en\/wp-json\/wp\/v2\/media?parent=8686"}],"wp:term":[{"taxonomy":"product_brand","embeddable":true,"href":"https:\/\/hunaja.fi\/en\/wp-json\/wp\/v2\/product_brand?post=8686"},{"taxonomy":"product_cat","embeddable":true,"href":"https:\/\/hunaja.fi\/en\/wp-json\/wp\/v2\/product_cat?post=8686"},{"taxonomy":"product_tag","embeddable":true,"href":"https:\/\/hunaja.fi\/en\/wp-json\/wp\/v2\/product_tag?post=8686"}],"curies":[{"name":"wp","href":"https:\/\/api.w.org\/{rel}","templated":true}]}}