{"id":8571,"date":"2015-09-08T00:00:00","date_gmt":"2015-09-07T21:00:00","guid":{"rendered":"https:\/\/www.hunaja.fi\/?post_type=product&#038;p=8571"},"modified":"2022-04-12T10:10:11","modified_gmt":"2022-04-12T07:10:11","slug":"hunaja-luonnon-oma-makeuttaja","status":"publish","type":"product","link":"https:\/\/hunaja.fi\/en\/tuote\/hunaja-luonnon-oma-makeuttaja\/","title":{"rendered":"Hunaja &#8211; luonnon oma makeuttaja"},"content":{"rendered":"<p>Hunaja, luonnon oma makeuttaja (2015) on Mari Koistisen teos. Kirja kertoo hunajan matkan mehil\u00e4ispes\u00e4st\u00e4 purkkiin ja sen monipuolisista ominaisuuksista selke\u00e4sti ja innoittavasti. Teos on hyv\u00e4 tietopaketti sek\u00e4 jo mehil\u00e4isi\u00e4 tunteville ett\u00e4 hunajan yst\u00e4ville. Kirja sis\u00e4lt\u00e4\u00e4 my\u00f6s toinen toistaan herkullisempia reseptej\u00e4, jotka avaavat ideoita hunajan monipuoliseen k\u00e4ytt\u00f6\u00f6n keitti\u00f6ss\u00e4. Kannattaa tutustua!<\/p>\n","protected":false},"excerpt":{"rendered":"<p>Hunaja, luonnon oma makeuttaja (2015) on Mari Koistisen teos. Kirja kertoo hunajan matkan mehil\u00e4ispes\u00e4st\u00e4 purkkiin ja sen monipuolisista ominaisuuksista selke\u00e4sti ja innoittavasti. Teos on hyv\u00e4 tietopaketti sek\u00e4 jo mehil\u00e4isi\u00e4 tunteville ett\u00e4 hunajan yst\u00e4ville. Kirja sis\u00e4lt\u00e4\u00e4 my\u00f6s toinen toistaan herkullisempia reseptej\u00e4, jotka avaavat ideoita hunajan monipuoliseen k\u00e4ytt\u00f6\u00f6n keitti\u00f6ss\u00e4. Kannattaa tutustua!<\/p>\n","protected":false},"featured_media":8573,"template":"","meta":{"_acf_changed":false,"_improvement_type_select":"improve_an_existing","_thumb_yes_seoaic":false,"_frame_yes_seoaic":false,"seoaic_generate_description":"","seoaic_improve_instructions_prompt":"","seoaic_rollback_content_improvement":"","seoaic_idea_thumbnail_generator":"","thumbnail_generated":false,"thumbnail_generate_prompt":"","seoaic_article_description":"","site-sidebar-layout":"default","site-content-layout":"","ast-site-content-layout":"default","site-content-style":"default","site-sidebar-style":"default","ast-global-header-display":"","ast-banner-title-visibility":"","ast-main-header-display":"","ast-hfb-above-header-display":"","ast-hfb-below-header-display":"","ast-hfb-mobile-header-display":"","site-post-title":"","ast-breadcrumbs-content":"","ast-featured-img":"","footer-sml-layout":"","ast-disable-related-posts":"","theme-transparent-header-meta":"","adv-header-id-meta":"","stick-header-meta":"","header-above-stick-meta":"","header-main-stick-meta":"","header-below-stick-meta":"","astra-migrate-meta-layouts":"default","ast-page-background-enabled":"default","ast-page-background-meta":{"desktop":{"background-color":"","background-image":"","background-repeat":"repeat","background-position":"center center","background-size":"auto","background-attachment":"scroll","background-type":"","background-media":"","overlay-type":"","overlay-color":"","overlay-opacity":"","overlay-gradient":""},"tablet":{"background-color":"","background-image":"","background-repeat":"repeat","background-position":"center center","background-size":"auto","background-attachment":"scroll","background-type":"","background-media":"","overlay-type":"","overlay-color":"","overlay-opacity":"","overlay-gradient":""},"mobile":{"background-color":"","background-image":"","background-repeat":"repeat","background-position":"center center","background-size":"auto","background-attachment":"scroll","background-type":"","background-media":"","overlay-type":"","overlay-color":"","overlay-opacity":"","overlay-gradient":""}},"ast-content-background-meta":{"desktop":{"background-color":"var(--ast-global-color-5)","background-image":"","background-repeat":"repeat","background-position":"center center","background-size":"auto","background-attachment":"scroll","background-type":"","background-media":"","overlay-type":"","overlay-color":"","overlay-opacity":"","overlay-gradient":""},"tablet":{"background-color":"var(--ast-global-color-5)","background-image":"","background-repeat":"repeat","background-position":"center center","background-size":"auto","background-attachment":"scroll","background-type":"","background-media":"","overlay-type":"","overlay-color":"","overlay-opacity":"","overlay-gradient":""},"mobile":{"background-color":"var(--ast-global-color-5)","background-image":"","background-repeat":"repeat","background-position":"center center","background-size":"auto","background-attachment":"scroll","background-type":"","background-media":"","overlay-type":"","overlay-color":"","overlay-opacity":"","overlay-gradient":""}}},"product_brand":[],"product_cat":[562],"product_tag":[],"class_list":{"0":"post-8571","1":"product","2":"type-product","3":"status-publish","4":"has-post-thumbnail","6":"product_cat-kirjallisuus","7":"desktop-align-center","8":"tablet-align-center","9":"mobile-align-center","10":"ast-product-gallery-layout-horizontal","11":"ast-product-gallery-with-no-image","12":"ast-magnify-disabled","13":"ast-product-tabs-layout-horizontal","15":"first","16":"instock","17":"shipping-taxable","18":"purchasable","19":"product-type-simple"},"acf":[],"yoast_head":"<!-- This site is optimized with the Yoast SEO plugin v26.7 - https:\/\/yoast.com\/wordpress\/plugins\/seo\/ -->\n<title>Hunaja - luonnon oma makeuttaja - Hunajayhtym\u00e4 Oy<\/title>\n<meta name=\"description\" content=\"Hunaja, luonnon oma makeuttaja (2015) on Mari Koistisen teos. Kirja kertoo hunajan matkan mehil\u00e4ispes\u00e4st\u00e4 purkkiin ja sen monipuolisista ominaisuuksista\" \/>\n<meta name=\"robots\" content=\"index, follow, max-snippet:-1, max-image-preview:large, max-video-preview:-1\" \/>\n<link rel=\"canonical\" href=\"https:\/\/hunaja.fi\/en\/tuote\/hunaja-luonnon-oma-makeuttaja\/\" \/>\n<meta property=\"og:locale\" content=\"en_US\" \/>\n<meta property=\"og:type\" content=\"article\" \/>\n<meta property=\"og:title\" content=\"Hunaja - luonnon oma makeuttaja - Hunajayhtym\u00e4 Oy\" \/>\n<meta property=\"og:description\" content=\"Hunaja, luonnon oma makeuttaja (2015) on Mari Koistisen teos. Kirja kertoo hunajan matkan mehil\u00e4ispes\u00e4st\u00e4 purkkiin ja sen monipuolisista ominaisuuksista\" \/>\n<meta property=\"og:url\" content=\"https:\/\/hunaja.fi\/en\/tuote\/hunaja-luonnon-oma-makeuttaja\/\" \/>\n<meta property=\"og:site_name\" content=\"Hunajayhtym\u00e4 Oy\" \/>\n<meta property=\"article:modified_time\" content=\"2022-04-12T07:10:11+00:00\" \/>\n<meta property=\"og:image\" content=\"https:\/\/hunaja.fi\/wp-content\/uploads\/2015\/09\/luonnon_oma_makeuttaja.jpg\" \/>\n\t<meta property=\"og:image:width\" content=\"500\" \/>\n\t<meta property=\"og:image:height\" content=\"500\" \/>\n\t<meta property=\"og:image:type\" content=\"image\/jpeg\" \/>\n<meta name=\"twitter:card\" content=\"summary_large_image\" \/>\n<script type=\"application\/ld+json\" class=\"yoast-schema-graph\">{\"@context\":\"https:\/\/schema.org\",\"@graph\":[{\"@type\":\"WebPage\",\"@id\":\"https:\/\/hunaja.fi\/en\/tuote\/hunaja-luonnon-oma-makeuttaja\/\",\"url\":\"https:\/\/hunaja.fi\/en\/tuote\/hunaja-luonnon-oma-makeuttaja\/\",\"name\":\"Hunaja - luonnon oma makeuttaja - Hunajayhtym\u00e4 Oy\",\"isPartOf\":{\"@id\":\"https:\/\/hunaja.fi\/#website\"},\"primaryImageOfPage\":{\"@id\":\"https:\/\/hunaja.fi\/en\/tuote\/hunaja-luonnon-oma-makeuttaja\/#primaryimage\"},\"image\":{\"@id\":\"https:\/\/hunaja.fi\/en\/tuote\/hunaja-luonnon-oma-makeuttaja\/#primaryimage\"},\"thumbnailUrl\":\"https:\/\/hunaja.fi\/wp-content\/uploads\/2015\/09\/luonnon_oma_makeuttaja.jpg\",\"datePublished\":\"2015-09-07T21:00:00+00:00\",\"dateModified\":\"2022-04-12T07:10:11+00:00\",\"description\":\"Hunaja, luonnon oma makeuttaja (2015) on Mari Koistisen teos. Kirja kertoo hunajan matkan mehil\u00e4ispes\u00e4st\u00e4 purkkiin ja sen monipuolisista ominaisuuksista\",\"breadcrumb\":{\"@id\":\"https:\/\/hunaja.fi\/en\/tuote\/hunaja-luonnon-oma-makeuttaja\/#breadcrumb\"},\"inLanguage\":\"en-US\",\"potentialAction\":[{\"@type\":\"ReadAction\",\"target\":[\"https:\/\/hunaja.fi\/en\/tuote\/hunaja-luonnon-oma-makeuttaja\/\"]}]},{\"@type\":\"ImageObject\",\"inLanguage\":\"en-US\",\"@id\":\"https:\/\/hunaja.fi\/en\/tuote\/hunaja-luonnon-oma-makeuttaja\/#primaryimage\",\"url\":\"https:\/\/hunaja.fi\/wp-content\/uploads\/2015\/09\/luonnon_oma_makeuttaja.jpg\",\"contentUrl\":\"https:\/\/hunaja.fi\/wp-content\/uploads\/2015\/09\/luonnon_oma_makeuttaja.jpg\",\"width\":500,\"height\":500},{\"@type\":\"BreadcrumbList\",\"@id\":\"https:\/\/hunaja.fi\/en\/tuote\/hunaja-luonnon-oma-makeuttaja\/#breadcrumb\",\"itemListElement\":[{\"@type\":\"ListItem\",\"position\":1,\"name\":\"Etusivu\",\"item\":\"https:\/\/hunaja.fi\/en\/\"},{\"@type\":\"ListItem\",\"position\":2,\"name\":\"Tuotteet\",\"item\":\"https:\/\/hunaja.fi\/kauppapaikka\/tuotteet\/\"},{\"@type\":\"ListItem\",\"position\":3,\"name\":\"Kirjallisuus\",\"item\":\"https:\/\/hunaja.fi\/en\/tuote-osasto\/kirjallisuus\/\"},{\"@type\":\"ListItem\",\"position\":4,\"name\":\"Hunaja &#8211; luonnon oma makeuttaja\"}]},{\"@type\":\"WebSite\",\"@id\":\"https:\/\/hunaja.fi\/#website\",\"url\":\"https:\/\/hunaja.fi\/\",\"name\":\"Hunajayhtym\u00e4 Oy\",\"description\":\"Nature Loves Finnish Floral Honey\",\"publisher\":{\"@id\":\"https:\/\/hunaja.fi\/#organization\"},\"potentialAction\":[{\"@type\":\"SearchAction\",\"target\":{\"@type\":\"EntryPoint\",\"urlTemplate\":\"https:\/\/hunaja.fi\/?s={search_term_string}\"},\"query-input\":{\"@type\":\"PropertyValueSpecification\",\"valueRequired\":true,\"valueName\":\"search_term_string\"}}],\"inLanguage\":\"en-US\"},{\"@type\":\"Organization\",\"@id\":\"https:\/\/hunaja.fi\/#organization\",\"name\":\"Hunajayhtym\u00e4 Oy\",\"url\":\"https:\/\/hunaja.fi\/\",\"logo\":{\"@type\":\"ImageObject\",\"inLanguage\":\"en-US\",\"@id\":\"https:\/\/hunaja.fi\/#\/schema\/logo\/image\/\",\"url\":\"https:\/\/hunaja.fi\/wp-content\/uploads\/2021\/07\/Hunajayhtyma_Logo_VAAKA_slogan_cmyk-01.png\",\"contentUrl\":\"https:\/\/hunaja.fi\/wp-content\/uploads\/2021\/07\/Hunajayhtyma_Logo_VAAKA_slogan_cmyk-01.png\",\"width\":656,\"height\":242,\"caption\":\"Hunajayhtym\u00e4 Oy\"},\"image\":{\"@id\":\"https:\/\/hunaja.fi\/#\/schema\/logo\/image\/\"}}]}<\/script>\n<!-- \/ Yoast SEO plugin. -->","yoast_head_json":{"title":"Hunaja - luonnon oma makeuttaja - Hunajayhtym\u00e4 Oy","description":"Hunaja, luonnon oma makeuttaja (2015) on Mari Koistisen teos. Kirja kertoo hunajan matkan mehil\u00e4ispes\u00e4st\u00e4 purkkiin ja sen monipuolisista ominaisuuksista","robots":{"index":"index","follow":"follow","max-snippet":"max-snippet:-1","max-image-preview":"max-image-preview:large","max-video-preview":"max-video-preview:-1"},"canonical":"https:\/\/hunaja.fi\/en\/tuote\/hunaja-luonnon-oma-makeuttaja\/","og_locale":"en_US","og_type":"article","og_title":"Hunaja - luonnon oma makeuttaja - Hunajayhtym\u00e4 Oy","og_description":"Hunaja, luonnon oma makeuttaja (2015) on Mari Koistisen teos. Kirja kertoo hunajan matkan mehil\u00e4ispes\u00e4st\u00e4 purkkiin ja sen monipuolisista ominaisuuksista","og_url":"https:\/\/hunaja.fi\/en\/tuote\/hunaja-luonnon-oma-makeuttaja\/","og_site_name":"Hunajayhtym\u00e4 Oy","article_modified_time":"2022-04-12T07:10:11+00:00","og_image":[{"width":500,"height":500,"url":"https:\/\/hunaja.fi\/wp-content\/uploads\/2015\/09\/luonnon_oma_makeuttaja.jpg","type":"image\/jpeg"}],"twitter_card":"summary_large_image","schema":{"@context":"https:\/\/schema.org","@graph":[{"@type":"WebPage","@id":"https:\/\/hunaja.fi\/en\/tuote\/hunaja-luonnon-oma-makeuttaja\/","url":"https:\/\/hunaja.fi\/en\/tuote\/hunaja-luonnon-oma-makeuttaja\/","name":"Hunaja - luonnon oma makeuttaja - Hunajayhtym\u00e4 Oy","isPartOf":{"@id":"https:\/\/hunaja.fi\/#website"},"primaryImageOfPage":{"@id":"https:\/\/hunaja.fi\/en\/tuote\/hunaja-luonnon-oma-makeuttaja\/#primaryimage"},"image":{"@id":"https:\/\/hunaja.fi\/en\/tuote\/hunaja-luonnon-oma-makeuttaja\/#primaryimage"},"thumbnailUrl":"https:\/\/hunaja.fi\/wp-content\/uploads\/2015\/09\/luonnon_oma_makeuttaja.jpg","datePublished":"2015-09-07T21:00:00+00:00","dateModified":"2022-04-12T07:10:11+00:00","description":"Hunaja, luonnon oma makeuttaja (2015) on Mari Koistisen teos. Kirja kertoo hunajan matkan mehil\u00e4ispes\u00e4st\u00e4 purkkiin ja sen monipuolisista ominaisuuksista","breadcrumb":{"@id":"https:\/\/hunaja.fi\/en\/tuote\/hunaja-luonnon-oma-makeuttaja\/#breadcrumb"},"inLanguage":"en-US","potentialAction":[{"@type":"ReadAction","target":["https:\/\/hunaja.fi\/en\/tuote\/hunaja-luonnon-oma-makeuttaja\/"]}]},{"@type":"ImageObject","inLanguage":"en-US","@id":"https:\/\/hunaja.fi\/en\/tuote\/hunaja-luonnon-oma-makeuttaja\/#primaryimage","url":"https:\/\/hunaja.fi\/wp-content\/uploads\/2015\/09\/luonnon_oma_makeuttaja.jpg","contentUrl":"https:\/\/hunaja.fi\/wp-content\/uploads\/2015\/09\/luonnon_oma_makeuttaja.jpg","width":500,"height":500},{"@type":"BreadcrumbList","@id":"https:\/\/hunaja.fi\/en\/tuote\/hunaja-luonnon-oma-makeuttaja\/#breadcrumb","itemListElement":[{"@type":"ListItem","position":1,"name":"Etusivu","item":"https:\/\/hunaja.fi\/en\/"},{"@type":"ListItem","position":2,"name":"Tuotteet","item":"https:\/\/hunaja.fi\/kauppapaikka\/tuotteet\/"},{"@type":"ListItem","position":3,"name":"Kirjallisuus","item":"https:\/\/hunaja.fi\/en\/tuote-osasto\/kirjallisuus\/"},{"@type":"ListItem","position":4,"name":"Hunaja &#8211; luonnon oma makeuttaja"}]},{"@type":"WebSite","@id":"https:\/\/hunaja.fi\/#website","url":"https:\/\/hunaja.fi\/","name":"Hunajayhtym\u00e4 Oy","description":"Nature Loves Finnish Floral Honey","publisher":{"@id":"https:\/\/hunaja.fi\/#organization"},"potentialAction":[{"@type":"SearchAction","target":{"@type":"EntryPoint","urlTemplate":"https:\/\/hunaja.fi\/?s={search_term_string}"},"query-input":{"@type":"PropertyValueSpecification","valueRequired":true,"valueName":"search_term_string"}}],"inLanguage":"en-US"},{"@type":"Organization","@id":"https:\/\/hunaja.fi\/#organization","name":"Hunajayhtym\u00e4 Oy","url":"https:\/\/hunaja.fi\/","logo":{"@type":"ImageObject","inLanguage":"en-US","@id":"https:\/\/hunaja.fi\/#\/schema\/logo\/image\/","url":"https:\/\/hunaja.fi\/wp-content\/uploads\/2021\/07\/Hunajayhtyma_Logo_VAAKA_slogan_cmyk-01.png","contentUrl":"https:\/\/hunaja.fi\/wp-content\/uploads\/2021\/07\/Hunajayhtyma_Logo_VAAKA_slogan_cmyk-01.png","width":656,"height":242,"caption":"Hunajayhtym\u00e4 Oy"},"image":{"@id":"https:\/\/hunaja.fi\/#\/schema\/logo\/image\/"}}]}},"_links":{"self":[{"href":"https:\/\/hunaja.fi\/en\/wp-json\/wp\/v2\/product\/8571","targetHints":{"allow":["GET"]}}],"collection":[{"href":"https:\/\/hunaja.fi\/en\/wp-json\/wp\/v2\/product"}],"about":[{"href":"https:\/\/hunaja.fi\/en\/wp-json\/wp\/v2\/types\/product"}],"wp:featuredmedia":[{"embeddable":true,"href":"https:\/\/hunaja.fi\/en\/wp-json\/wp\/v2\/media\/8573"}],"wp:attachment":[{"href":"https:\/\/hunaja.fi\/en\/wp-json\/wp\/v2\/media?parent=8571"}],"wp:term":[{"taxonomy":"product_brand","embeddable":true,"href":"https:\/\/hunaja.fi\/en\/wp-json\/wp\/v2\/product_brand?post=8571"},{"taxonomy":"product_cat","embeddable":true,"href":"https:\/\/hunaja.fi\/en\/wp-json\/wp\/v2\/product_cat?post=8571"},{"taxonomy":"product_tag","embeddable":true,"href":"https:\/\/hunaja.fi\/en\/wp-json\/wp\/v2\/product_tag?post=8571"}],"curies":[{"name":"wp","href":"https:\/\/api.w.org\/{rel}","templated":true}]}}