{"id":7879,"date":"2015-06-10T00:00:00","date_gmt":"2015-06-09T21:00:00","guid":{"rendered":"https:\/\/www.hunaja.fi\/?post_type=product&#038;p=7879"},"modified":"2023-02-15T13:02:13","modified_gmt":"2023-02-15T11:02:13","slug":"emonlahetyshakki-imgut","status":"publish","type":"product","link":"https:\/\/hunaja.fi\/en\/tuote\/emonlahetyshakki-imgut\/","title":{"rendered":"Emonl\u00e4hetysh\u00e4kki, Imgut"},"content":{"rendered":"<p>Uudenlainen emonl\u00e4hetysh\u00e4kki, jossa on ruokataikinapaikka jaettu kahteen osastoon. Pienemm\u00e4n osaston tyhj\u00e4ksi sy\u00f6ty\u00e4\u00e4n pes\u00e4n ja l\u00e4hetysh\u00e4kin mehil\u00e4iset p\u00e4\u00e4sev\u00e4t kulkemaan h\u00e4kin ja pes\u00e4n v\u00e4li\u00e4, mutta vasta isomman ruokataikinapaikan tyhjennytty\u00e4 emo p\u00e4\u00e4see pes\u00e4\u00e4n.<\/p>\n","protected":false},"excerpt":{"rendered":"<p>Uudenlainen emonl\u00e4hetysh\u00e4kki, jossa on ruokataikinapaikka jaettu kahteen osastoon. Pienemm\u00e4n osaston tyhj\u00e4ksi sy\u00f6ty\u00e4\u00e4n pes\u00e4n ja l\u00e4hetysh\u00e4kin mehil\u00e4iset p\u00e4\u00e4sev\u00e4t kulkemaan h\u00e4kin ja pes\u00e4n v\u00e4li\u00e4, mutta vasta isomman ruokataikinapaikan tyhjennytty\u00e4 emo p\u00e4\u00e4see pes\u00e4\u00e4n.<\/p>\n","protected":false},"featured_media":7880,"template":"","meta":{"_acf_changed":false,"_improvement_type_select":"improve_an_existing","_thumb_yes_seoaic":false,"_frame_yes_seoaic":false,"seoaic_generate_description":"","seoaic_improve_instructions_prompt":"","seoaic_rollback_content_improvement":"","seoaic_idea_thumbnail_generator":"","thumbnail_generated":false,"thumbnail_generate_prompt":"","seoaic_article_description":"","site-sidebar-layout":"default","site-content-layout":"default","ast-site-content-layout":"default","site-content-style":"default","site-sidebar-style":"default","ast-global-header-display":"","ast-banner-title-visibility":"","ast-main-header-display":"","ast-hfb-above-header-display":"","ast-hfb-below-header-display":"","ast-hfb-mobile-header-display":"","site-post-title":"","ast-breadcrumbs-content":"","ast-featured-img":"","footer-sml-layout":"","ast-disable-related-posts":"","theme-transparent-header-meta":"default","adv-header-id-meta":"","stick-header-meta":"default","header-above-stick-meta":"","header-main-stick-meta":"","header-below-stick-meta":"","astra-migrate-meta-layouts":"default","ast-page-background-enabled":"default","ast-page-background-meta":{"desktop":{"background-color":"","background-image":"","background-repeat":"repeat","background-position":"center center","background-size":"auto","background-attachment":"scroll","background-type":"","background-media":"","overlay-type":"","overlay-color":"","overlay-opacity":"","overlay-gradient":""},"tablet":{"background-color":"","background-image":"","background-repeat":"repeat","background-position":"center center","background-size":"auto","background-attachment":"scroll","background-type":"","background-media":"","overlay-type":"","overlay-color":"","overlay-opacity":"","overlay-gradient":""},"mobile":{"background-color":"","background-image":"","background-repeat":"repeat","background-position":"center center","background-size":"auto","background-attachment":"scroll","background-type":"","background-media":"","overlay-type":"","overlay-color":"","overlay-opacity":"","overlay-gradient":""}},"ast-content-background-meta":{"desktop":{"background-color":"var(--ast-global-color-5)","background-image":"","background-repeat":"repeat","background-position":"center center","background-size":"auto","background-attachment":"scroll","background-type":"","background-media":"","overlay-type":"","overlay-color":"","overlay-opacity":"","overlay-gradient":""},"tablet":{"background-color":"var(--ast-global-color-5)","background-image":"","background-repeat":"repeat","background-position":"center center","background-size":"auto","background-attachment":"scroll","background-type":"","background-media":"","overlay-type":"","overlay-color":"","overlay-opacity":"","overlay-gradient":""},"mobile":{"background-color":"var(--ast-global-color-5)","background-image":"","background-repeat":"repeat","background-position":"center center","background-size":"auto","background-attachment":"scroll","background-type":"","background-media":"","overlay-type":"","overlay-color":"","overlay-opacity":"","overlay-gradient":""}}},"product_brand":[],"product_cat":[2020,2022],"product_tag":[],"class_list":{"0":"post-7879","1":"product","2":"type-product","3":"status-publish","4":"has-post-thumbnail","6":"product_cat-emonkasvatus","7":"product_cat-emonsiirto","8":"desktop-align-center","9":"tablet-align-center","10":"mobile-align-center","11":"ast-product-gallery-layout-horizontal","12":"ast-product-gallery-with-no-image","13":"ast-magnify-disabled","14":"ast-product-tabs-layout-horizontal","16":"first","17":"instock","18":"shipping-taxable","19":"purchasable","20":"product-type-simple"},"acf":[],"yoast_head":"<!-- This site is optimized with the Yoast SEO plugin v26.7 - https:\/\/yoast.com\/wordpress\/plugins\/seo\/ -->\n<title>Emonl\u00e4hetysh\u00e4kki, Imgut - Hunajayhtym\u00e4 Oy<\/title>\n<meta name=\"description\" content=\"Uudenlainen emonl\u00e4hetysh\u00e4kki, jossa on ruokataikinapaikka jaettu kahteen osastoon. Pienemm\u00e4n osaston tyhj\u00e4ksi sy\u00f6ty\u00e4\u00e4n pes\u00e4n ja l\u00e4hetysh\u00e4kin mehil\u00e4iset\" \/>\n<meta name=\"robots\" content=\"index, follow, max-snippet:-1, max-image-preview:large, max-video-preview:-1\" \/>\n<link rel=\"canonical\" href=\"https:\/\/hunaja.fi\/tuote\/emonlahetyshakki-imgut\/\" \/>\n<meta property=\"og:locale\" content=\"en_US\" \/>\n<meta property=\"og:type\" content=\"article\" \/>\n<meta property=\"og:title\" content=\"Emonl\u00e4hetysh\u00e4kki, Imgut - Hunajayhtym\u00e4 Oy\" \/>\n<meta property=\"og:description\" content=\"Uudenlainen emonl\u00e4hetysh\u00e4kki, jossa on ruokataikinapaikka jaettu kahteen osastoon. Pienemm\u00e4n osaston tyhj\u00e4ksi sy\u00f6ty\u00e4\u00e4n pes\u00e4n ja l\u00e4hetysh\u00e4kin mehil\u00e4iset\" \/>\n<meta property=\"og:url\" content=\"https:\/\/hunaja.fi\/tuote\/emonlahetyshakki-imgut\/\" \/>\n<meta property=\"og:site_name\" content=\"Hunajayhtym\u00e4 Oy\" \/>\n<meta property=\"article:modified_time\" content=\"2023-02-15T11:02:13+00:00\" \/>\n<meta property=\"og:image\" content=\"https:\/\/hunaja.fi\/wp-content\/uploads\/2015\/06\/emonlahetyshakki_imgut.jpg\" \/>\n\t<meta property=\"og:image:width\" content=\"300\" \/>\n\t<meta property=\"og:image:height\" content=\"300\" \/>\n\t<meta property=\"og:image:type\" content=\"image\/jpeg\" \/>\n<meta name=\"twitter:card\" content=\"summary_large_image\" \/>\n<meta name=\"twitter:label1\" content=\"Est. reading time\" \/>\n\t<meta name=\"twitter:data1\" content=\"1 minute\" \/>\n<script type=\"application\/ld+json\" class=\"yoast-schema-graph\">{\"@context\":\"https:\/\/schema.org\",\"@graph\":[{\"@type\":\"WebPage\",\"@id\":\"https:\/\/hunaja.fi\/tuote\/emonlahetyshakki-imgut\/\",\"url\":\"https:\/\/hunaja.fi\/tuote\/emonlahetyshakki-imgut\/\",\"name\":\"Emonl\u00e4hetysh\u00e4kki, Imgut - Hunajayhtym\u00e4 Oy\",\"isPartOf\":{\"@id\":\"https:\/\/hunaja.fi\/#website\"},\"primaryImageOfPage\":{\"@id\":\"https:\/\/hunaja.fi\/tuote\/emonlahetyshakki-imgut\/#primaryimage\"},\"image\":{\"@id\":\"https:\/\/hunaja.fi\/tuote\/emonlahetyshakki-imgut\/#primaryimage\"},\"thumbnailUrl\":\"https:\/\/hunaja.fi\/wp-content\/uploads\/2015\/06\/emonlahetyshakki_imgut.jpg\",\"datePublished\":\"2015-06-09T21:00:00+00:00\",\"dateModified\":\"2023-02-15T11:02:13+00:00\",\"description\":\"Uudenlainen emonl\u00e4hetysh\u00e4kki, jossa on ruokataikinapaikka jaettu kahteen osastoon. Pienemm\u00e4n osaston tyhj\u00e4ksi sy\u00f6ty\u00e4\u00e4n pes\u00e4n ja l\u00e4hetysh\u00e4kin mehil\u00e4iset\",\"breadcrumb\":{\"@id\":\"https:\/\/hunaja.fi\/tuote\/emonlahetyshakki-imgut\/#breadcrumb\"},\"inLanguage\":\"en-US\",\"potentialAction\":[{\"@type\":\"ReadAction\",\"target\":[\"https:\/\/hunaja.fi\/tuote\/emonlahetyshakki-imgut\/\"]}]},{\"@type\":\"ImageObject\",\"inLanguage\":\"en-US\",\"@id\":\"https:\/\/hunaja.fi\/tuote\/emonlahetyshakki-imgut\/#primaryimage\",\"url\":\"https:\/\/hunaja.fi\/wp-content\/uploads\/2015\/06\/emonlahetyshakki_imgut.jpg\",\"contentUrl\":\"https:\/\/hunaja.fi\/wp-content\/uploads\/2015\/06\/emonlahetyshakki_imgut.jpg\",\"width\":300,\"height\":300},{\"@type\":\"BreadcrumbList\",\"@id\":\"https:\/\/hunaja.fi\/tuote\/emonlahetyshakki-imgut\/#breadcrumb\",\"itemListElement\":[{\"@type\":\"ListItem\",\"position\":1,\"name\":\"Etusivu\",\"item\":\"https:\/\/hunaja.fi\/en\/\"},{\"@type\":\"ListItem\",\"position\":2,\"name\":\"Tuotteet\",\"item\":\"https:\/\/hunaja.fi\/kauppapaikka\/tuotteet\/\"},{\"@type\":\"ListItem\",\"position\":3,\"name\":\"Emotarvikkeet\",\"item\":\"https:\/\/hunaja.fi\/tuote-osasto\/emotarvikkeet\/\"},{\"@type\":\"ListItem\",\"position\":4,\"name\":\"Emon kasvatus\",\"item\":\"https:\/\/hunaja.fi\/tuote-osasto\/emotarvikkeet\/emonkasvatus\/\"},{\"@type\":\"ListItem\",\"position\":5,\"name\":\"Emonl\u00e4hetysh\u00e4kki, Imgut\"}]},{\"@type\":\"WebSite\",\"@id\":\"https:\/\/hunaja.fi\/#website\",\"url\":\"https:\/\/hunaja.fi\/\",\"name\":\"Hunajayhtym\u00e4 Oy\",\"description\":\"Nature Loves Finnish Floral Honey\",\"publisher\":{\"@id\":\"https:\/\/hunaja.fi\/#organization\"},\"potentialAction\":[{\"@type\":\"SearchAction\",\"target\":{\"@type\":\"EntryPoint\",\"urlTemplate\":\"https:\/\/hunaja.fi\/?s={search_term_string}\"},\"query-input\":{\"@type\":\"PropertyValueSpecification\",\"valueRequired\":true,\"valueName\":\"search_term_string\"}}],\"inLanguage\":\"en-US\"},{\"@type\":\"Organization\",\"@id\":\"https:\/\/hunaja.fi\/#organization\",\"name\":\"Hunajayhtym\u00e4 Oy\",\"url\":\"https:\/\/hunaja.fi\/\",\"logo\":{\"@type\":\"ImageObject\",\"inLanguage\":\"en-US\",\"@id\":\"https:\/\/hunaja.fi\/#\/schema\/logo\/image\/\",\"url\":\"https:\/\/hunaja.fi\/wp-content\/uploads\/2021\/07\/Hunajayhtyma_Logo_VAAKA_slogan_cmyk-01.png\",\"contentUrl\":\"https:\/\/hunaja.fi\/wp-content\/uploads\/2021\/07\/Hunajayhtyma_Logo_VAAKA_slogan_cmyk-01.png\",\"width\":656,\"height\":242,\"caption\":\"Hunajayhtym\u00e4 Oy\"},\"image\":{\"@id\":\"https:\/\/hunaja.fi\/#\/schema\/logo\/image\/\"}}]}<\/script>\n<!-- \/ Yoast SEO plugin. -->","yoast_head_json":{"title":"Emonl\u00e4hetysh\u00e4kki, Imgut - Hunajayhtym\u00e4 Oy","description":"Uudenlainen emonl\u00e4hetysh\u00e4kki, jossa on ruokataikinapaikka jaettu kahteen osastoon. Pienemm\u00e4n osaston tyhj\u00e4ksi sy\u00f6ty\u00e4\u00e4n pes\u00e4n ja l\u00e4hetysh\u00e4kin mehil\u00e4iset","robots":{"index":"index","follow":"follow","max-snippet":"max-snippet:-1","max-image-preview":"max-image-preview:large","max-video-preview":"max-video-preview:-1"},"canonical":"https:\/\/hunaja.fi\/tuote\/emonlahetyshakki-imgut\/","og_locale":"en_US","og_type":"article","og_title":"Emonl\u00e4hetysh\u00e4kki, Imgut - Hunajayhtym\u00e4 Oy","og_description":"Uudenlainen emonl\u00e4hetysh\u00e4kki, jossa on ruokataikinapaikka jaettu kahteen osastoon. Pienemm\u00e4n osaston tyhj\u00e4ksi sy\u00f6ty\u00e4\u00e4n pes\u00e4n ja l\u00e4hetysh\u00e4kin mehil\u00e4iset","og_url":"https:\/\/hunaja.fi\/tuote\/emonlahetyshakki-imgut\/","og_site_name":"Hunajayhtym\u00e4 Oy","article_modified_time":"2023-02-15T11:02:13+00:00","og_image":[{"width":300,"height":300,"url":"https:\/\/hunaja.fi\/wp-content\/uploads\/2015\/06\/emonlahetyshakki_imgut.jpg","type":"image\/jpeg"}],"twitter_card":"summary_large_image","twitter_misc":{"Est. reading time":"1 minute"},"schema":{"@context":"https:\/\/schema.org","@graph":[{"@type":"WebPage","@id":"https:\/\/hunaja.fi\/tuote\/emonlahetyshakki-imgut\/","url":"https:\/\/hunaja.fi\/tuote\/emonlahetyshakki-imgut\/","name":"Emonl\u00e4hetysh\u00e4kki, Imgut - Hunajayhtym\u00e4 Oy","isPartOf":{"@id":"https:\/\/hunaja.fi\/#website"},"primaryImageOfPage":{"@id":"https:\/\/hunaja.fi\/tuote\/emonlahetyshakki-imgut\/#primaryimage"},"image":{"@id":"https:\/\/hunaja.fi\/tuote\/emonlahetyshakki-imgut\/#primaryimage"},"thumbnailUrl":"https:\/\/hunaja.fi\/wp-content\/uploads\/2015\/06\/emonlahetyshakki_imgut.jpg","datePublished":"2015-06-09T21:00:00+00:00","dateModified":"2023-02-15T11:02:13+00:00","description":"Uudenlainen emonl\u00e4hetysh\u00e4kki, jossa on ruokataikinapaikka jaettu kahteen osastoon. Pienemm\u00e4n osaston tyhj\u00e4ksi sy\u00f6ty\u00e4\u00e4n pes\u00e4n ja l\u00e4hetysh\u00e4kin mehil\u00e4iset","breadcrumb":{"@id":"https:\/\/hunaja.fi\/tuote\/emonlahetyshakki-imgut\/#breadcrumb"},"inLanguage":"en-US","potentialAction":[{"@type":"ReadAction","target":["https:\/\/hunaja.fi\/tuote\/emonlahetyshakki-imgut\/"]}]},{"@type":"ImageObject","inLanguage":"en-US","@id":"https:\/\/hunaja.fi\/tuote\/emonlahetyshakki-imgut\/#primaryimage","url":"https:\/\/hunaja.fi\/wp-content\/uploads\/2015\/06\/emonlahetyshakki_imgut.jpg","contentUrl":"https:\/\/hunaja.fi\/wp-content\/uploads\/2015\/06\/emonlahetyshakki_imgut.jpg","width":300,"height":300},{"@type":"BreadcrumbList","@id":"https:\/\/hunaja.fi\/tuote\/emonlahetyshakki-imgut\/#breadcrumb","itemListElement":[{"@type":"ListItem","position":1,"name":"Etusivu","item":"https:\/\/hunaja.fi\/en\/"},{"@type":"ListItem","position":2,"name":"Tuotteet","item":"https:\/\/hunaja.fi\/kauppapaikka\/tuotteet\/"},{"@type":"ListItem","position":3,"name":"Emotarvikkeet","item":"https:\/\/hunaja.fi\/tuote-osasto\/emotarvikkeet\/"},{"@type":"ListItem","position":4,"name":"Emon kasvatus","item":"https:\/\/hunaja.fi\/tuote-osasto\/emotarvikkeet\/emonkasvatus\/"},{"@type":"ListItem","position":5,"name":"Emonl\u00e4hetysh\u00e4kki, Imgut"}]},{"@type":"WebSite","@id":"https:\/\/hunaja.fi\/#website","url":"https:\/\/hunaja.fi\/","name":"Hunajayhtym\u00e4 Oy","description":"Nature Loves Finnish Floral Honey","publisher":{"@id":"https:\/\/hunaja.fi\/#organization"},"potentialAction":[{"@type":"SearchAction","target":{"@type":"EntryPoint","urlTemplate":"https:\/\/hunaja.fi\/?s={search_term_string}"},"query-input":{"@type":"PropertyValueSpecification","valueRequired":true,"valueName":"search_term_string"}}],"inLanguage":"en-US"},{"@type":"Organization","@id":"https:\/\/hunaja.fi\/#organization","name":"Hunajayhtym\u00e4 Oy","url":"https:\/\/hunaja.fi\/","logo":{"@type":"ImageObject","inLanguage":"en-US","@id":"https:\/\/hunaja.fi\/#\/schema\/logo\/image\/","url":"https:\/\/hunaja.fi\/wp-content\/uploads\/2021\/07\/Hunajayhtyma_Logo_VAAKA_slogan_cmyk-01.png","contentUrl":"https:\/\/hunaja.fi\/wp-content\/uploads\/2021\/07\/Hunajayhtyma_Logo_VAAKA_slogan_cmyk-01.png","width":656,"height":242,"caption":"Hunajayhtym\u00e4 Oy"},"image":{"@id":"https:\/\/hunaja.fi\/#\/schema\/logo\/image\/"}}]}},"_links":{"self":[{"href":"https:\/\/hunaja.fi\/en\/wp-json\/wp\/v2\/product\/7879","targetHints":{"allow":["GET"]}}],"collection":[{"href":"https:\/\/hunaja.fi\/en\/wp-json\/wp\/v2\/product"}],"about":[{"href":"https:\/\/hunaja.fi\/en\/wp-json\/wp\/v2\/types\/product"}],"wp:featuredmedia":[{"embeddable":true,"href":"https:\/\/hunaja.fi\/en\/wp-json\/wp\/v2\/media\/7880"}],"wp:attachment":[{"href":"https:\/\/hunaja.fi\/en\/wp-json\/wp\/v2\/media?parent=7879"}],"wp:term":[{"taxonomy":"product_brand","embeddable":true,"href":"https:\/\/hunaja.fi\/en\/wp-json\/wp\/v2\/product_brand?post=7879"},{"taxonomy":"product_cat","embeddable":true,"href":"https:\/\/hunaja.fi\/en\/wp-json\/wp\/v2\/product_cat?post=7879"},{"taxonomy":"product_tag","embeddable":true,"href":"https:\/\/hunaja.fi\/en\/wp-json\/wp\/v2\/product_tag?post=7879"}],"curies":[{"name":"wp","href":"https:\/\/api.w.org\/{rel}","templated":true}]}}