{"id":4612,"date":"2014-05-23T00:00:00","date_gmt":"2014-05-22T21:00:00","guid":{"rendered":"https:\/\/www.hunaja.fi\/?post_type=product&#038;p=4612"},"modified":"2023-01-10T13:31:58","modified_gmt":"2023-01-10T11:31:58","slug":"siitepolynkuivuri","status":"publish","type":"product","link":"https:\/\/hunaja.fi\/en\/tuote\/siitepolynkuivuri\/","title":{"rendered":"Siitep\u00f6lynkuivuri"},"content":{"rendered":"<div>K\u00e4yt\u00e4nn\u00f6llinen, s\u00e4hk\u00f6k\u00e4ytt\u00f6inen kuivuri siitep\u00f6lyn kuivaamiseen. L\u00e4mp\u00f6 nousee alhaalla olevasta l\u00e4mp\u00f6vastuksesta tasaisesti yl\u00f6sp\u00e4in. Kuivuriin on mahdollista laittaa kaikkiaan 10 siivil\u00e4\u00e4. Voidaan k\u00e4ytt\u00e4\u00e4 my\u00f6s kukkien, yrttien, sienten ja hedelmien kuivaamiseen. Halkaisija 30 cm, 220 V. Hinta sis\u00e4lt\u00e4\u00e4 3 siivil\u00e4\u00e4. Lis\u00e4\u00e4 siivil\u00f6it\u00e4 on mahdollista saada tilaustuotteena (kysy lis\u00e4\u00e4 puhelimitse).<\/div>\n","protected":false},"excerpt":{"rendered":"<p>K\u00e4yt\u00e4nn\u00f6llinen, s\u00e4hk\u00f6k\u00e4ytt\u00f6inen kuivuri siitep\u00f6lyn kuivaamiseen. L\u00e4mp\u00f6 nousee alhaalla olevasta l\u00e4mp\u00f6vastuksesta tasaisesti yl\u00f6sp\u00e4in. Kuivuriin on mahdollista laittaa kaikkiaan 10 siivil\u00e4\u00e4. Voidaan k\u00e4ytt\u00e4\u00e4 my\u00f6s kukkien, yrttien, sienten ja hedelmien kuivaamiseen. Halkaisija 30 cm, 220 V. Hinta sis\u00e4lt\u00e4\u00e4 3 siivil\u00e4\u00e4. Lis\u00e4\u00e4 siivil\u00f6it\u00e4 on mahdollista saada tilaustuotteena (kysy lis\u00e4\u00e4 puhelimitse).<\/p>\n","protected":false},"featured_media":9913,"template":"","meta":{"_acf_changed":false,"_improvement_type_select":"improve_an_existing","_thumb_yes_seoaic":false,"_frame_yes_seoaic":false,"seoaic_generate_description":"","seoaic_improve_instructions_prompt":"","seoaic_rollback_content_improvement":"","seoaic_idea_thumbnail_generator":"","thumbnail_generated":false,"thumbnail_generate_prompt":"","seoaic_article_description":"","site-sidebar-layout":"default","site-content-layout":"default","ast-site-content-layout":"default","site-content-style":"default","site-sidebar-style":"default","ast-global-header-display":"","ast-banner-title-visibility":"","ast-main-header-display":"","ast-hfb-above-header-display":"","ast-hfb-below-header-display":"","ast-hfb-mobile-header-display":"","site-post-title":"","ast-breadcrumbs-content":"","ast-featured-img":"","footer-sml-layout":"","ast-disable-related-posts":"","theme-transparent-header-meta":"default","adv-header-id-meta":"","stick-header-meta":"default","header-above-stick-meta":"","header-main-stick-meta":"","header-below-stick-meta":"","astra-migrate-meta-layouts":"default","ast-page-background-enabled":"default","ast-page-background-meta":{"desktop":{"background-color":"","background-image":"","background-repeat":"repeat","background-position":"center center","background-size":"auto","background-attachment":"scroll","background-type":"","background-media":"","overlay-type":"","overlay-color":"","overlay-opacity":"","overlay-gradient":""},"tablet":{"background-color":"","background-image":"","background-repeat":"repeat","background-position":"center center","background-size":"auto","background-attachment":"scroll","background-type":"","background-media":"","overlay-type":"","overlay-color":"","overlay-opacity":"","overlay-gradient":""},"mobile":{"background-color":"","background-image":"","background-repeat":"repeat","background-position":"center center","background-size":"auto","background-attachment":"scroll","background-type":"","background-media":"","overlay-type":"","overlay-color":"","overlay-opacity":"","overlay-gradient":""}},"ast-content-background-meta":{"desktop":{"background-color":"var(--ast-global-color-5)","background-image":"","background-repeat":"repeat","background-position":"center center","background-size":"auto","background-attachment":"scroll","background-type":"","background-media":"","overlay-type":"","overlay-color":"","overlay-opacity":"","overlay-gradient":""},"tablet":{"background-color":"var(--ast-global-color-5)","background-image":"","background-repeat":"repeat","background-position":"center center","background-size":"auto","background-attachment":"scroll","background-type":"","background-media":"","overlay-type":"","overlay-color":"","overlay-opacity":"","overlay-gradient":""},"mobile":{"background-color":"var(--ast-global-color-5)","background-image":"","background-repeat":"repeat","background-position":"center center","background-size":"auto","background-attachment":"scroll","background-type":"","background-media":"","overlay-type":"","overlay-color":"","overlay-opacity":"","overlay-gradient":""}}},"product_brand":[],"product_cat":[2041],"product_tag":[],"class_list":{"0":"post-4612","1":"product","2":"type-product","3":"status-publish","4":"has-post-thumbnail","6":"product_cat-laitteet","7":"desktop-align-center","8":"tablet-align-center","9":"mobile-align-center","10":"ast-product-gallery-layout-horizontal","11":"ast-product-gallery-with-no-image","12":"ast-magnify-disabled","13":"ast-product-tabs-layout-horizontal","15":"first","16":"instock","17":"shipping-taxable","18":"purchasable","19":"product-type-simple"},"acf":[],"yoast_head":"<!-- This site is optimized with the Yoast SEO plugin v26.7 - https:\/\/yoast.com\/wordpress\/plugins\/seo\/ -->\n<title>Siitep\u00f6lynkuivuri - Hunajayhtym\u00e4 Oy<\/title>\n<meta name=\"description\" content=\"K\u00e4yt\u00e4nn\u00f6llinen, s\u00e4hk\u00f6k\u00e4ytt\u00f6inen kuivuri siitep\u00f6lyn kuivaamiseen. L\u00e4mp\u00f6 nousee alhaalla olevasta l\u00e4mp\u00f6vastuksesta tasaisesti yl\u00f6sp\u00e4in. Kuivuriin on\" \/>\n<meta name=\"robots\" content=\"index, follow, max-snippet:-1, max-image-preview:large, max-video-preview:-1\" \/>\n<link rel=\"canonical\" href=\"https:\/\/hunaja.fi\/tuote\/siitepolynkuivuri\/\" \/>\n<meta property=\"og:locale\" content=\"en_US\" \/>\n<meta property=\"og:type\" content=\"article\" \/>\n<meta property=\"og:title\" content=\"Siitep\u00f6lynkuivuri - Hunajayhtym\u00e4 Oy\" \/>\n<meta property=\"og:description\" content=\"K\u00e4yt\u00e4nn\u00f6llinen, s\u00e4hk\u00f6k\u00e4ytt\u00f6inen kuivuri siitep\u00f6lyn kuivaamiseen. L\u00e4mp\u00f6 nousee alhaalla olevasta l\u00e4mp\u00f6vastuksesta tasaisesti yl\u00f6sp\u00e4in. Kuivuriin on\" \/>\n<meta property=\"og:url\" content=\"https:\/\/hunaja.fi\/tuote\/siitepolynkuivuri\/\" \/>\n<meta property=\"og:site_name\" content=\"Hunajayhtym\u00e4 Oy\" \/>\n<meta property=\"article:modified_time\" content=\"2023-01-10T11:31:58+00:00\" \/>\n<meta property=\"og:image\" content=\"https:\/\/hunaja.fi\/wp-content\/uploads\/2014\/05\/siitepolykuivuri.jpg\" \/>\n\t<meta property=\"og:image:width\" content=\"500\" \/>\n\t<meta property=\"og:image:height\" content=\"500\" \/>\n\t<meta property=\"og:image:type\" content=\"image\/jpeg\" \/>\n<meta name=\"twitter:card\" content=\"summary_large_image\" \/>\n<meta name=\"twitter:label1\" content=\"Est. reading time\" \/>\n\t<meta name=\"twitter:data1\" content=\"1 minute\" \/>\n<script type=\"application\/ld+json\" class=\"yoast-schema-graph\">{\"@context\":\"https:\/\/schema.org\",\"@graph\":[{\"@type\":\"WebPage\",\"@id\":\"https:\/\/hunaja.fi\/tuote\/siitepolynkuivuri\/\",\"url\":\"https:\/\/hunaja.fi\/tuote\/siitepolynkuivuri\/\",\"name\":\"Siitep\u00f6lynkuivuri - Hunajayhtym\u00e4 Oy\",\"isPartOf\":{\"@id\":\"https:\/\/hunaja.fi\/#website\"},\"primaryImageOfPage\":{\"@id\":\"https:\/\/hunaja.fi\/tuote\/siitepolynkuivuri\/#primaryimage\"},\"image\":{\"@id\":\"https:\/\/hunaja.fi\/tuote\/siitepolynkuivuri\/#primaryimage\"},\"thumbnailUrl\":\"https:\/\/hunaja.fi\/wp-content\/uploads\/2014\/05\/siitepolykuivuri.jpg\",\"datePublished\":\"2014-05-22T21:00:00+00:00\",\"dateModified\":\"2023-01-10T11:31:58+00:00\",\"description\":\"K\u00e4yt\u00e4nn\u00f6llinen, s\u00e4hk\u00f6k\u00e4ytt\u00f6inen kuivuri siitep\u00f6lyn kuivaamiseen. L\u00e4mp\u00f6 nousee alhaalla olevasta l\u00e4mp\u00f6vastuksesta tasaisesti yl\u00f6sp\u00e4in. Kuivuriin on\",\"breadcrumb\":{\"@id\":\"https:\/\/hunaja.fi\/tuote\/siitepolynkuivuri\/#breadcrumb\"},\"inLanguage\":\"en-US\",\"potentialAction\":[{\"@type\":\"ReadAction\",\"target\":[\"https:\/\/hunaja.fi\/tuote\/siitepolynkuivuri\/\"]}]},{\"@type\":\"ImageObject\",\"inLanguage\":\"en-US\",\"@id\":\"https:\/\/hunaja.fi\/tuote\/siitepolynkuivuri\/#primaryimage\",\"url\":\"https:\/\/hunaja.fi\/wp-content\/uploads\/2014\/05\/siitepolykuivuri.jpg\",\"contentUrl\":\"https:\/\/hunaja.fi\/wp-content\/uploads\/2014\/05\/siitepolykuivuri.jpg\",\"width\":500,\"height\":500},{\"@type\":\"BreadcrumbList\",\"@id\":\"https:\/\/hunaja.fi\/tuote\/siitepolynkuivuri\/#breadcrumb\",\"itemListElement\":[{\"@type\":\"ListItem\",\"position\":1,\"name\":\"Etusivu\",\"item\":\"https:\/\/hunaja.fi\/en\/\"},{\"@type\":\"ListItem\",\"position\":2,\"name\":\"Tuotteet\",\"item\":\"https:\/\/hunaja.fi\/kauppapaikka\/tuotteet\/\"},{\"@type\":\"ListItem\",\"position\":3,\"name\":\"Hoitotarvikkeet\",\"item\":\"https:\/\/hunaja.fi\/tuote-osasto\/hoitotarvikkeet\/\"},{\"@type\":\"ListItem\",\"position\":4,\"name\":\"Laitteet\",\"item\":\"https:\/\/hunaja.fi\/tuote-osasto\/hoitotarvikkeet\/laitteet\/\"},{\"@type\":\"ListItem\",\"position\":5,\"name\":\"Siitep\u00f6lynkuivuri\"}]},{\"@type\":\"WebSite\",\"@id\":\"https:\/\/hunaja.fi\/#website\",\"url\":\"https:\/\/hunaja.fi\/\",\"name\":\"Hunajayhtym\u00e4 Oy\",\"description\":\"Nature Loves Finnish Floral Honey\",\"publisher\":{\"@id\":\"https:\/\/hunaja.fi\/#organization\"},\"potentialAction\":[{\"@type\":\"SearchAction\",\"target\":{\"@type\":\"EntryPoint\",\"urlTemplate\":\"https:\/\/hunaja.fi\/?s={search_term_string}\"},\"query-input\":{\"@type\":\"PropertyValueSpecification\",\"valueRequired\":true,\"valueName\":\"search_term_string\"}}],\"inLanguage\":\"en-US\"},{\"@type\":\"Organization\",\"@id\":\"https:\/\/hunaja.fi\/#organization\",\"name\":\"Hunajayhtym\u00e4 Oy\",\"url\":\"https:\/\/hunaja.fi\/\",\"logo\":{\"@type\":\"ImageObject\",\"inLanguage\":\"en-US\",\"@id\":\"https:\/\/hunaja.fi\/#\/schema\/logo\/image\/\",\"url\":\"https:\/\/hunaja.fi\/wp-content\/uploads\/2021\/07\/Hunajayhtyma_Logo_VAAKA_slogan_cmyk-01.png\",\"contentUrl\":\"https:\/\/hunaja.fi\/wp-content\/uploads\/2021\/07\/Hunajayhtyma_Logo_VAAKA_slogan_cmyk-01.png\",\"width\":656,\"height\":242,\"caption\":\"Hunajayhtym\u00e4 Oy\"},\"image\":{\"@id\":\"https:\/\/hunaja.fi\/#\/schema\/logo\/image\/\"}}]}<\/script>\n<!-- \/ Yoast SEO plugin. -->","yoast_head_json":{"title":"Siitep\u00f6lynkuivuri - Hunajayhtym\u00e4 Oy","description":"K\u00e4yt\u00e4nn\u00f6llinen, s\u00e4hk\u00f6k\u00e4ytt\u00f6inen kuivuri siitep\u00f6lyn kuivaamiseen. L\u00e4mp\u00f6 nousee alhaalla olevasta l\u00e4mp\u00f6vastuksesta tasaisesti yl\u00f6sp\u00e4in. Kuivuriin on","robots":{"index":"index","follow":"follow","max-snippet":"max-snippet:-1","max-image-preview":"max-image-preview:large","max-video-preview":"max-video-preview:-1"},"canonical":"https:\/\/hunaja.fi\/tuote\/siitepolynkuivuri\/","og_locale":"en_US","og_type":"article","og_title":"Siitep\u00f6lynkuivuri - Hunajayhtym\u00e4 Oy","og_description":"K\u00e4yt\u00e4nn\u00f6llinen, s\u00e4hk\u00f6k\u00e4ytt\u00f6inen kuivuri siitep\u00f6lyn kuivaamiseen. L\u00e4mp\u00f6 nousee alhaalla olevasta l\u00e4mp\u00f6vastuksesta tasaisesti yl\u00f6sp\u00e4in. Kuivuriin on","og_url":"https:\/\/hunaja.fi\/tuote\/siitepolynkuivuri\/","og_site_name":"Hunajayhtym\u00e4 Oy","article_modified_time":"2023-01-10T11:31:58+00:00","og_image":[{"width":500,"height":500,"url":"https:\/\/hunaja.fi\/wp-content\/uploads\/2014\/05\/siitepolykuivuri.jpg","type":"image\/jpeg"}],"twitter_card":"summary_large_image","twitter_misc":{"Est. reading time":"1 minute"},"schema":{"@context":"https:\/\/schema.org","@graph":[{"@type":"WebPage","@id":"https:\/\/hunaja.fi\/tuote\/siitepolynkuivuri\/","url":"https:\/\/hunaja.fi\/tuote\/siitepolynkuivuri\/","name":"Siitep\u00f6lynkuivuri - Hunajayhtym\u00e4 Oy","isPartOf":{"@id":"https:\/\/hunaja.fi\/#website"},"primaryImageOfPage":{"@id":"https:\/\/hunaja.fi\/tuote\/siitepolynkuivuri\/#primaryimage"},"image":{"@id":"https:\/\/hunaja.fi\/tuote\/siitepolynkuivuri\/#primaryimage"},"thumbnailUrl":"https:\/\/hunaja.fi\/wp-content\/uploads\/2014\/05\/siitepolykuivuri.jpg","datePublished":"2014-05-22T21:00:00+00:00","dateModified":"2023-01-10T11:31:58+00:00","description":"K\u00e4yt\u00e4nn\u00f6llinen, s\u00e4hk\u00f6k\u00e4ytt\u00f6inen kuivuri siitep\u00f6lyn kuivaamiseen. L\u00e4mp\u00f6 nousee alhaalla olevasta l\u00e4mp\u00f6vastuksesta tasaisesti yl\u00f6sp\u00e4in. Kuivuriin on","breadcrumb":{"@id":"https:\/\/hunaja.fi\/tuote\/siitepolynkuivuri\/#breadcrumb"},"inLanguage":"en-US","potentialAction":[{"@type":"ReadAction","target":["https:\/\/hunaja.fi\/tuote\/siitepolynkuivuri\/"]}]},{"@type":"ImageObject","inLanguage":"en-US","@id":"https:\/\/hunaja.fi\/tuote\/siitepolynkuivuri\/#primaryimage","url":"https:\/\/hunaja.fi\/wp-content\/uploads\/2014\/05\/siitepolykuivuri.jpg","contentUrl":"https:\/\/hunaja.fi\/wp-content\/uploads\/2014\/05\/siitepolykuivuri.jpg","width":500,"height":500},{"@type":"BreadcrumbList","@id":"https:\/\/hunaja.fi\/tuote\/siitepolynkuivuri\/#breadcrumb","itemListElement":[{"@type":"ListItem","position":1,"name":"Etusivu","item":"https:\/\/hunaja.fi\/en\/"},{"@type":"ListItem","position":2,"name":"Tuotteet","item":"https:\/\/hunaja.fi\/kauppapaikka\/tuotteet\/"},{"@type":"ListItem","position":3,"name":"Hoitotarvikkeet","item":"https:\/\/hunaja.fi\/tuote-osasto\/hoitotarvikkeet\/"},{"@type":"ListItem","position":4,"name":"Laitteet","item":"https:\/\/hunaja.fi\/tuote-osasto\/hoitotarvikkeet\/laitteet\/"},{"@type":"ListItem","position":5,"name":"Siitep\u00f6lynkuivuri"}]},{"@type":"WebSite","@id":"https:\/\/hunaja.fi\/#website","url":"https:\/\/hunaja.fi\/","name":"Hunajayhtym\u00e4 Oy","description":"Nature Loves Finnish Floral Honey","publisher":{"@id":"https:\/\/hunaja.fi\/#organization"},"potentialAction":[{"@type":"SearchAction","target":{"@type":"EntryPoint","urlTemplate":"https:\/\/hunaja.fi\/?s={search_term_string}"},"query-input":{"@type":"PropertyValueSpecification","valueRequired":true,"valueName":"search_term_string"}}],"inLanguage":"en-US"},{"@type":"Organization","@id":"https:\/\/hunaja.fi\/#organization","name":"Hunajayhtym\u00e4 Oy","url":"https:\/\/hunaja.fi\/","logo":{"@type":"ImageObject","inLanguage":"en-US","@id":"https:\/\/hunaja.fi\/#\/schema\/logo\/image\/","url":"https:\/\/hunaja.fi\/wp-content\/uploads\/2021\/07\/Hunajayhtyma_Logo_VAAKA_slogan_cmyk-01.png","contentUrl":"https:\/\/hunaja.fi\/wp-content\/uploads\/2021\/07\/Hunajayhtyma_Logo_VAAKA_slogan_cmyk-01.png","width":656,"height":242,"caption":"Hunajayhtym\u00e4 Oy"},"image":{"@id":"https:\/\/hunaja.fi\/#\/schema\/logo\/image\/"}}]}},"_links":{"self":[{"href":"https:\/\/hunaja.fi\/en\/wp-json\/wp\/v2\/product\/4612","targetHints":{"allow":["GET"]}}],"collection":[{"href":"https:\/\/hunaja.fi\/en\/wp-json\/wp\/v2\/product"}],"about":[{"href":"https:\/\/hunaja.fi\/en\/wp-json\/wp\/v2\/types\/product"}],"wp:featuredmedia":[{"embeddable":true,"href":"https:\/\/hunaja.fi\/en\/wp-json\/wp\/v2\/media\/9913"}],"wp:attachment":[{"href":"https:\/\/hunaja.fi\/en\/wp-json\/wp\/v2\/media?parent=4612"}],"wp:term":[{"taxonomy":"product_brand","embeddable":true,"href":"https:\/\/hunaja.fi\/en\/wp-json\/wp\/v2\/product_brand?post=4612"},{"taxonomy":"product_cat","embeddable":true,"href":"https:\/\/hunaja.fi\/en\/wp-json\/wp\/v2\/product_cat?post=4612"},{"taxonomy":"product_tag","embeddable":true,"href":"https:\/\/hunaja.fi\/en\/wp-json\/wp\/v2\/product_tag?post=4612"}],"curies":[{"name":"wp","href":"https:\/\/api.w.org\/{rel}","templated":true}]}}