{"id":46103,"date":"2024-07-01T13:49:26","date_gmt":"2024-07-01T10:49:26","guid":{"rendered":"https:\/\/hunaja.fi\/?post_type=product&#038;p=46103"},"modified":"2026-02-26T11:51:01","modified_gmt":"2026-02-26T09:51:01","slug":"hunajankasittelypaketti","status":"publish","type":"product","link":"https:\/\/hunaja.fi\/en\/tuote\/hunajankasittelypaketti\/","title":{"rendered":"Hunajank\u00e4sittelypaketti"},"content":{"rendered":"<p data-pm-slice=\"1 3 []\">Kaikki, mit\u00e4 tarvitset kuorintaan!<\/p>\n<p>Setti sis\u00e4lt\u00e4\u00e4:<\/p>\n<ul>\n<li>kuorimalaatikko telineeksi muuntuvalla kannella<\/li>\n<li>pakkausastia 40 kg hanalla<\/li>\n<li>tuplasiivil\u00e4<\/li>\n<li>kuorimahaarukka<\/li>\n<\/ul>\n","protected":false},"excerpt":{"rendered":"<p>Kaikki, mit\u00e4 tarvitset kuorintaan! Setti sis\u00e4lt\u00e4\u00e4: kuorimalaatikko telineeksi muuntuvalla kannella pakkausastia 40 kg hanalla tuplasiivil\u00e4 kuorimahaarukka<\/p>\n","protected":false},"featured_media":46104,"template":"","meta":{"_acf_changed":false,"_improvement_type_select":"improve_an_existing","_thumb_yes_seoaic":false,"_frame_yes_seoaic":false,"seoaic_generate_description":"","seoaic_improve_instructions_prompt":"","seoaic_rollback_content_improvement":"","seoaic_idea_thumbnail_generator":"","thumbnail_generated":false,"thumbnail_generate_prompt":"","seoaic_article_description":"","site-sidebar-layout":"default","site-content-layout":"","ast-site-content-layout":"default","site-content-style":"default","site-sidebar-style":"default","ast-global-header-display":"","ast-banner-title-visibility":"","ast-main-header-display":"","ast-hfb-above-header-display":"","ast-hfb-below-header-display":"","ast-hfb-mobile-header-display":"","site-post-title":"","ast-breadcrumbs-content":"","ast-featured-img":"","footer-sml-layout":"","ast-disable-related-posts":"","theme-transparent-header-meta":"default","adv-header-id-meta":"","stick-header-meta":"default","header-above-stick-meta":"","header-main-stick-meta":"","header-below-stick-meta":"","astra-migrate-meta-layouts":"set","ast-page-background-enabled":"default","ast-page-background-meta":{"desktop":{"background-color":"","background-image":"","background-repeat":"repeat","background-position":"center center","background-size":"auto","background-attachment":"scroll","background-type":"","background-media":"","overlay-type":"","overlay-color":"","overlay-opacity":"","overlay-gradient":""},"tablet":{"background-color":"","background-image":"","background-repeat":"repeat","background-position":"center center","background-size":"auto","background-attachment":"scroll","background-type":"","background-media":"","overlay-type":"","overlay-color":"","overlay-opacity":"","overlay-gradient":""},"mobile":{"background-color":"","background-image":"","background-repeat":"repeat","background-position":"center center","background-size":"auto","background-attachment":"scroll","background-type":"","background-media":"","overlay-type":"","overlay-color":"","overlay-opacity":"","overlay-gradient":""}},"ast-content-background-meta":{"desktop":{"background-color":"var(--ast-global-color-5)","background-image":"","background-repeat":"repeat","background-position":"center center","background-size":"auto","background-attachment":"scroll","background-type":"","background-media":"","overlay-type":"","overlay-color":"","overlay-opacity":"","overlay-gradient":""},"tablet":{"background-color":"var(--ast-global-color-5)","background-image":"","background-repeat":"repeat","background-position":"center center","background-size":"auto","background-attachment":"scroll","background-type":"","background-media":"","overlay-type":"","overlay-color":"","overlay-opacity":"","overlay-gradient":""},"mobile":{"background-color":"var(--ast-global-color-5)","background-image":"","background-repeat":"repeat","background-position":"center center","background-size":"auto","background-attachment":"scroll","background-type":"","background-media":"","overlay-type":"","overlay-color":"","overlay-opacity":"","overlay-gradient":""}}},"product_brand":[],"product_cat":[2049,2048,2060,1894,199],"product_tag":[],"class_list":{"0":"post-46103","1":"product","2":"type-product","3":"status-publish","4":"has-post-thumbnail","6":"product_cat-kuorinta-altaat_ja_laatikot","7":"product_cat-kuorintatyokalut","8":"product_cat-laitteet-3","9":"product_cat-pakkausmuut2","10":"product_cat-tarjoukset","11":"desktop-align-center","12":"tablet-align-center","13":"mobile-align-center","14":"ast-product-gallery-layout-horizontal","15":"ast-product-gallery-with-no-image","16":"ast-magnify-disabled","17":"ast-product-tabs-layout-horizontal","19":"first","20":"instock","21":"shipping-taxable","22":"purchasable","23":"product-type-simple"},"acf":[],"yoast_head":"<!-- This site is optimized with the Yoast SEO plugin v26.7 - https:\/\/yoast.com\/wordpress\/plugins\/seo\/ -->\n<title>Hunajank\u00e4sittelypaketti - Hunajayhtym\u00e4 Oy<\/title>\n<meta name=\"description\" content=\"Kaikki, mit\u00e4 tarvitset kuorintaan! Setti sis\u00e4lt\u00e4\u00e4: kuorimalaatikko telineeksi muuntuvalla kannella pakkausastia 40 kg hanalla tuplasiivil\u00e4\" \/>\n<meta name=\"robots\" content=\"index, follow, max-snippet:-1, max-image-preview:large, max-video-preview:-1\" \/>\n<link rel=\"canonical\" href=\"https:\/\/hunaja.fi\/tuote\/hunajankasittelypaketti\/\" \/>\n<meta property=\"og:locale\" content=\"en_US\" \/>\n<meta property=\"og:type\" content=\"article\" \/>\n<meta property=\"og:title\" content=\"Hunajank\u00e4sittelypaketti - Hunajayhtym\u00e4 Oy\" \/>\n<meta property=\"og:description\" content=\"Kaikki, mit\u00e4 tarvitset kuorintaan! Setti sis\u00e4lt\u00e4\u00e4: kuorimalaatikko telineeksi muuntuvalla kannella pakkausastia 40 kg hanalla tuplasiivil\u00e4\" \/>\n<meta property=\"og:url\" content=\"https:\/\/hunaja.fi\/tuote\/hunajankasittelypaketti\/\" \/>\n<meta property=\"og:site_name\" content=\"Hunajayhtym\u00e4 Oy\" \/>\n<meta property=\"article:modified_time\" content=\"2026-02-26T09:51:01+00:00\" \/>\n<meta property=\"og:image\" content=\"https:\/\/hunaja.fi\/wp-content\/uploads\/2024\/07\/kuorintasetti_2024.png\" \/>\n\t<meta property=\"og:image:width\" content=\"1000\" \/>\n\t<meta property=\"og:image:height\" content=\"1000\" \/>\n\t<meta property=\"og:image:type\" content=\"image\/png\" \/>\n<meta name=\"twitter:card\" content=\"summary_large_image\" \/>\n<meta name=\"twitter:label1\" content=\"Est. reading time\" \/>\n\t<meta name=\"twitter:data1\" content=\"1 minute\" \/>\n<script type=\"application\/ld+json\" class=\"yoast-schema-graph\">{\"@context\":\"https:\/\/schema.org\",\"@graph\":[{\"@type\":\"WebPage\",\"@id\":\"https:\/\/hunaja.fi\/tuote\/hunajankasittelypaketti\/\",\"url\":\"https:\/\/hunaja.fi\/tuote\/hunajankasittelypaketti\/\",\"name\":\"Hunajank\u00e4sittelypaketti - Hunajayhtym\u00e4 Oy\",\"isPartOf\":{\"@id\":\"https:\/\/hunaja.fi\/#website\"},\"primaryImageOfPage\":{\"@id\":\"https:\/\/hunaja.fi\/tuote\/hunajankasittelypaketti\/#primaryimage\"},\"image\":{\"@id\":\"https:\/\/hunaja.fi\/tuote\/hunajankasittelypaketti\/#primaryimage\"},\"thumbnailUrl\":\"https:\/\/hunaja.fi\/wp-content\/uploads\/2024\/07\/kuorintasetti_2024.png\",\"datePublished\":\"2024-07-01T10:49:26+00:00\",\"dateModified\":\"2026-02-26T09:51:01+00:00\",\"description\":\"Kaikki, mit\u00e4 tarvitset kuorintaan! Setti sis\u00e4lt\u00e4\u00e4: kuorimalaatikko telineeksi muuntuvalla kannella pakkausastia 40 kg hanalla tuplasiivil\u00e4\",\"breadcrumb\":{\"@id\":\"https:\/\/hunaja.fi\/tuote\/hunajankasittelypaketti\/#breadcrumb\"},\"inLanguage\":\"en-US\",\"potentialAction\":[{\"@type\":\"ReadAction\",\"target\":[\"https:\/\/hunaja.fi\/tuote\/hunajankasittelypaketti\/\"]}]},{\"@type\":\"ImageObject\",\"inLanguage\":\"en-US\",\"@id\":\"https:\/\/hunaja.fi\/tuote\/hunajankasittelypaketti\/#primaryimage\",\"url\":\"https:\/\/hunaja.fi\/wp-content\/uploads\/2024\/07\/kuorintasetti_2024.png\",\"contentUrl\":\"https:\/\/hunaja.fi\/wp-content\/uploads\/2024\/07\/kuorintasetti_2024.png\",\"width\":1000,\"height\":1000},{\"@type\":\"BreadcrumbList\",\"@id\":\"https:\/\/hunaja.fi\/tuote\/hunajankasittelypaketti\/#breadcrumb\",\"itemListElement\":[{\"@type\":\"ListItem\",\"position\":1,\"name\":\"Etusivu\",\"item\":\"https:\/\/hunaja.fi\/en\/\"},{\"@type\":\"ListItem\",\"position\":2,\"name\":\"Tuotteet\",\"item\":\"https:\/\/hunaja.fi\/kauppapaikka\/tuotteet\/\"},{\"@type\":\"ListItem\",\"position\":3,\"name\":\"Sesonkituotteet\",\"item\":\"https:\/\/hunaja.fi\/tuote-osasto\/sesonkituotteet\/\"},{\"@type\":\"ListItem\",\"position\":4,\"name\":\"Pakkaustarvikkeet\",\"item\":\"https:\/\/hunaja.fi\/tuote-osasto\/sesonkituotteet\/pakkaustarvikkeet2\/\"},{\"@type\":\"ListItem\",\"position\":5,\"name\":\"Muut\",\"item\":\"https:\/\/hunaja.fi\/tuote-osasto\/sesonkituotteet\/pakkaustarvikkeet2\/pakkausmuut2\/\"},{\"@type\":\"ListItem\",\"position\":6,\"name\":\"Hunajank\u00e4sittelypaketti\"}]},{\"@type\":\"WebSite\",\"@id\":\"https:\/\/hunaja.fi\/#website\",\"url\":\"https:\/\/hunaja.fi\/\",\"name\":\"Hunajayhtym\u00e4 Oy\",\"description\":\"Nature Loves Finnish Floral Honey\",\"publisher\":{\"@id\":\"https:\/\/hunaja.fi\/#organization\"},\"potentialAction\":[{\"@type\":\"SearchAction\",\"target\":{\"@type\":\"EntryPoint\",\"urlTemplate\":\"https:\/\/hunaja.fi\/?s={search_term_string}\"},\"query-input\":{\"@type\":\"PropertyValueSpecification\",\"valueRequired\":true,\"valueName\":\"search_term_string\"}}],\"inLanguage\":\"en-US\"},{\"@type\":\"Organization\",\"@id\":\"https:\/\/hunaja.fi\/#organization\",\"name\":\"Hunajayhtym\u00e4 Oy\",\"url\":\"https:\/\/hunaja.fi\/\",\"logo\":{\"@type\":\"ImageObject\",\"inLanguage\":\"en-US\",\"@id\":\"https:\/\/hunaja.fi\/#\/schema\/logo\/image\/\",\"url\":\"https:\/\/hunaja.fi\/wp-content\/uploads\/2021\/07\/Hunajayhtyma_Logo_VAAKA_slogan_cmyk-01.png\",\"contentUrl\":\"https:\/\/hunaja.fi\/wp-content\/uploads\/2021\/07\/Hunajayhtyma_Logo_VAAKA_slogan_cmyk-01.png\",\"width\":656,\"height\":242,\"caption\":\"Hunajayhtym\u00e4 Oy\"},\"image\":{\"@id\":\"https:\/\/hunaja.fi\/#\/schema\/logo\/image\/\"}}]}<\/script>\n<!-- \/ Yoast SEO plugin. -->","yoast_head_json":{"title":"Hunajank\u00e4sittelypaketti - Hunajayhtym\u00e4 Oy","description":"Kaikki, mit\u00e4 tarvitset kuorintaan! Setti sis\u00e4lt\u00e4\u00e4: kuorimalaatikko telineeksi muuntuvalla kannella pakkausastia 40 kg hanalla tuplasiivil\u00e4","robots":{"index":"index","follow":"follow","max-snippet":"max-snippet:-1","max-image-preview":"max-image-preview:large","max-video-preview":"max-video-preview:-1"},"canonical":"https:\/\/hunaja.fi\/tuote\/hunajankasittelypaketti\/","og_locale":"en_US","og_type":"article","og_title":"Hunajank\u00e4sittelypaketti - Hunajayhtym\u00e4 Oy","og_description":"Kaikki, mit\u00e4 tarvitset kuorintaan! Setti sis\u00e4lt\u00e4\u00e4: kuorimalaatikko telineeksi muuntuvalla kannella pakkausastia 40 kg hanalla tuplasiivil\u00e4","og_url":"https:\/\/hunaja.fi\/tuote\/hunajankasittelypaketti\/","og_site_name":"Hunajayhtym\u00e4 Oy","article_modified_time":"2026-02-26T09:51:01+00:00","og_image":[{"width":1000,"height":1000,"url":"https:\/\/hunaja.fi\/wp-content\/uploads\/2024\/07\/kuorintasetti_2024.png","type":"image\/png"}],"twitter_card":"summary_large_image","twitter_misc":{"Est. reading time":"1 minute"},"schema":{"@context":"https:\/\/schema.org","@graph":[{"@type":"WebPage","@id":"https:\/\/hunaja.fi\/tuote\/hunajankasittelypaketti\/","url":"https:\/\/hunaja.fi\/tuote\/hunajankasittelypaketti\/","name":"Hunajank\u00e4sittelypaketti - Hunajayhtym\u00e4 Oy","isPartOf":{"@id":"https:\/\/hunaja.fi\/#website"},"primaryImageOfPage":{"@id":"https:\/\/hunaja.fi\/tuote\/hunajankasittelypaketti\/#primaryimage"},"image":{"@id":"https:\/\/hunaja.fi\/tuote\/hunajankasittelypaketti\/#primaryimage"},"thumbnailUrl":"https:\/\/hunaja.fi\/wp-content\/uploads\/2024\/07\/kuorintasetti_2024.png","datePublished":"2024-07-01T10:49:26+00:00","dateModified":"2026-02-26T09:51:01+00:00","description":"Kaikki, mit\u00e4 tarvitset kuorintaan! Setti sis\u00e4lt\u00e4\u00e4: kuorimalaatikko telineeksi muuntuvalla kannella pakkausastia 40 kg hanalla tuplasiivil\u00e4","breadcrumb":{"@id":"https:\/\/hunaja.fi\/tuote\/hunajankasittelypaketti\/#breadcrumb"},"inLanguage":"en-US","potentialAction":[{"@type":"ReadAction","target":["https:\/\/hunaja.fi\/tuote\/hunajankasittelypaketti\/"]}]},{"@type":"ImageObject","inLanguage":"en-US","@id":"https:\/\/hunaja.fi\/tuote\/hunajankasittelypaketti\/#primaryimage","url":"https:\/\/hunaja.fi\/wp-content\/uploads\/2024\/07\/kuorintasetti_2024.png","contentUrl":"https:\/\/hunaja.fi\/wp-content\/uploads\/2024\/07\/kuorintasetti_2024.png","width":1000,"height":1000},{"@type":"BreadcrumbList","@id":"https:\/\/hunaja.fi\/tuote\/hunajankasittelypaketti\/#breadcrumb","itemListElement":[{"@type":"ListItem","position":1,"name":"Etusivu","item":"https:\/\/hunaja.fi\/en\/"},{"@type":"ListItem","position":2,"name":"Tuotteet","item":"https:\/\/hunaja.fi\/kauppapaikka\/tuotteet\/"},{"@type":"ListItem","position":3,"name":"Sesonkituotteet","item":"https:\/\/hunaja.fi\/tuote-osasto\/sesonkituotteet\/"},{"@type":"ListItem","position":4,"name":"Pakkaustarvikkeet","item":"https:\/\/hunaja.fi\/tuote-osasto\/sesonkituotteet\/pakkaustarvikkeet2\/"},{"@type":"ListItem","position":5,"name":"Muut","item":"https:\/\/hunaja.fi\/tuote-osasto\/sesonkituotteet\/pakkaustarvikkeet2\/pakkausmuut2\/"},{"@type":"ListItem","position":6,"name":"Hunajank\u00e4sittelypaketti"}]},{"@type":"WebSite","@id":"https:\/\/hunaja.fi\/#website","url":"https:\/\/hunaja.fi\/","name":"Hunajayhtym\u00e4 Oy","description":"Nature Loves Finnish Floral Honey","publisher":{"@id":"https:\/\/hunaja.fi\/#organization"},"potentialAction":[{"@type":"SearchAction","target":{"@type":"EntryPoint","urlTemplate":"https:\/\/hunaja.fi\/?s={search_term_string}"},"query-input":{"@type":"PropertyValueSpecification","valueRequired":true,"valueName":"search_term_string"}}],"inLanguage":"en-US"},{"@type":"Organization","@id":"https:\/\/hunaja.fi\/#organization","name":"Hunajayhtym\u00e4 Oy","url":"https:\/\/hunaja.fi\/","logo":{"@type":"ImageObject","inLanguage":"en-US","@id":"https:\/\/hunaja.fi\/#\/schema\/logo\/image\/","url":"https:\/\/hunaja.fi\/wp-content\/uploads\/2021\/07\/Hunajayhtyma_Logo_VAAKA_slogan_cmyk-01.png","contentUrl":"https:\/\/hunaja.fi\/wp-content\/uploads\/2021\/07\/Hunajayhtyma_Logo_VAAKA_slogan_cmyk-01.png","width":656,"height":242,"caption":"Hunajayhtym\u00e4 Oy"},"image":{"@id":"https:\/\/hunaja.fi\/#\/schema\/logo\/image\/"}}]}},"_links":{"self":[{"href":"https:\/\/hunaja.fi\/en\/wp-json\/wp\/v2\/product\/46103","targetHints":{"allow":["GET"]}}],"collection":[{"href":"https:\/\/hunaja.fi\/en\/wp-json\/wp\/v2\/product"}],"about":[{"href":"https:\/\/hunaja.fi\/en\/wp-json\/wp\/v2\/types\/product"}],"wp:featuredmedia":[{"embeddable":true,"href":"https:\/\/hunaja.fi\/en\/wp-json\/wp\/v2\/media\/46104"}],"wp:attachment":[{"href":"https:\/\/hunaja.fi\/en\/wp-json\/wp\/v2\/media?parent=46103"}],"wp:term":[{"taxonomy":"product_brand","embeddable":true,"href":"https:\/\/hunaja.fi\/en\/wp-json\/wp\/v2\/product_brand?post=46103"},{"taxonomy":"product_cat","embeddable":true,"href":"https:\/\/hunaja.fi\/en\/wp-json\/wp\/v2\/product_cat?post=46103"},{"taxonomy":"product_tag","embeddable":true,"href":"https:\/\/hunaja.fi\/en\/wp-json\/wp\/v2\/product_tag?post=46103"}],"curies":[{"name":"wp","href":"https:\/\/api.w.org\/{rel}","templated":true}]}}