{"id":4597,"date":"2014-05-22T00:00:00","date_gmt":"2014-05-21T21:00:00","guid":{"rendered":"https:\/\/www.hunaja.fi\/?post_type=product&#038;p=4597"},"modified":"2024-04-10T08:28:32","modified_gmt":"2024-04-10T05:28:32","slug":"kennohunajakeha-langstroth","status":"publish","type":"product","link":"https:\/\/hunaja.fi\/en\/tuote\/kennohunajakeha-langstroth\/","title":{"rendered":"Kennohunajakeh\u00e4 Langstroth"},"content":{"rendered":"<div>Kennohunajan ker\u00e4\u00e4miseen tarkoitettu keh\u00e4, kokoa Langstroth.<\/div>\n<div>Jokaiseen puukeh\u00e4\u00e4n kiinnitet\u00e4\u00e4n 12 kennohunajapohjaa keh\u00e4n kummallekin puolelle ja pohjalle sivell\u00e4\u00e4n vahaa.<\/div>\n<div>Yhdest\u00e4 keh\u00e4st\u00e4 saa siis 24 valmista kennohunajakakkua. Kun kennohunaja on valmistunut ja keh\u00e4 otettu pes\u00e4st\u00e4, irroitetaan kaikki 24 pohjaa toisistaan ja kansitetaan.<\/div>\n<div>Kennohunaja on nyt valmiissa myyntipakkauksessaan.<\/div>\n<div>Puukeh\u00e4t voidaan k\u00e4ytt\u00e4\u00e4 uudelleen kiinnitt\u00e4m\u00e4ll\u00e4 niihin uudet kennohunajapohjat (tuote nro 120117). Puukeh\u00e4n yl\u00e4listan leveys on 45 mm, joten yhteen 10-keh\u00e4iseen pes\u00e4laatikkoon mahtuu 8 kennohunajakeh\u00e4\u00e4.<\/div>\n<div>Huom: koko pes\u00e4laatikkon tulee t\u00e4ytt\u00e4\u00e4 kennohunajakehill\u00e4, jotta mehil\u00e4iset rakentavat niihin. Lankasulkuristikon k\u00e4ytt\u00f6 kennohunajan tuotannossa on suositeltavaa. Saatavilla my\u00f6s Farrar -koossa (tuotenro 120116). Pakkaus sis\u00e4lt\u00e4\u00e4 puukeh\u00e4n, 24 kennohunajapohjaa ja 24 kantta.<\/div>\n","protected":false},"excerpt":{"rendered":"<p>Kennohunajan ker\u00e4\u00e4miseen tarkoitettu keh\u00e4, kokoa Langstroth. Jokaiseen puukeh\u00e4\u00e4n kiinnitet\u00e4\u00e4n 12 kennohunajapohjaa keh\u00e4n kummallekin puolelle ja pohjalle sivell\u00e4\u00e4n vahaa. Yhdest\u00e4 keh\u00e4st\u00e4 saa siis 24 valmista kennohunajakakkua. Kun kennohunaja on valmistunut ja keh\u00e4 otettu pes\u00e4st\u00e4, irroitetaan kaikki 24 pohjaa toisistaan ja kansitetaan. Kennohunaja on nyt valmiissa myyntipakkauksessaan. Puukeh\u00e4t voidaan k\u00e4ytt\u00e4\u00e4 uudelleen kiinnitt\u00e4m\u00e4ll\u00e4 niihin uudet kennohunajapohjat (tuote nro [&hellip;]<\/p>\n","protected":false},"featured_media":11233,"template":"","meta":{"_acf_changed":false,"_improvement_type_select":"improve_an_existing","_thumb_yes_seoaic":false,"_frame_yes_seoaic":false,"seoaic_generate_description":"","seoaic_improve_instructions_prompt":"","seoaic_rollback_content_improvement":"","seoaic_idea_thumbnail_generator":"","thumbnail_generated":false,"thumbnail_generate_prompt":"","seoaic_article_description":"","site-sidebar-layout":"default","site-content-layout":"default","ast-site-content-layout":"default","site-content-style":"default","site-sidebar-style":"default","ast-global-header-display":"","ast-banner-title-visibility":"","ast-main-header-display":"","ast-hfb-above-header-display":"","ast-hfb-below-header-display":"","ast-hfb-mobile-header-display":"","site-post-title":"","ast-breadcrumbs-content":"","ast-featured-img":"","footer-sml-layout":"","ast-disable-related-posts":"","theme-transparent-header-meta":"default","adv-header-id-meta":"","stick-header-meta":"default","header-above-stick-meta":"","header-main-stick-meta":"","header-below-stick-meta":"","astra-migrate-meta-layouts":"set","ast-page-background-enabled":"default","ast-page-background-meta":{"desktop":{"background-color":"","background-image":"","background-repeat":"repeat","background-position":"center center","background-size":"auto","background-attachment":"scroll","background-type":"","background-media":"","overlay-type":"","overlay-color":"","overlay-opacity":"","overlay-gradient":""},"tablet":{"background-color":"","background-image":"","background-repeat":"repeat","background-position":"center center","background-size":"auto","background-attachment":"scroll","background-type":"","background-media":"","overlay-type":"","overlay-color":"","overlay-opacity":"","overlay-gradient":""},"mobile":{"background-color":"","background-image":"","background-repeat":"repeat","background-position":"center center","background-size":"auto","background-attachment":"scroll","background-type":"","background-media":"","overlay-type":"","overlay-color":"","overlay-opacity":"","overlay-gradient":""}},"ast-content-background-meta":{"desktop":{"background-color":"var(--ast-global-color-5)","background-image":"","background-repeat":"repeat","background-position":"center center","background-size":"auto","background-attachment":"scroll","background-type":"","background-media":"","overlay-type":"","overlay-color":"","overlay-opacity":"","overlay-gradient":""},"tablet":{"background-color":"var(--ast-global-color-5)","background-image":"","background-repeat":"repeat","background-position":"center center","background-size":"auto","background-attachment":"scroll","background-type":"","background-media":"","overlay-type":"","overlay-color":"","overlay-opacity":"","overlay-gradient":""},"mobile":{"background-color":"var(--ast-global-color-5)","background-image":"","background-repeat":"repeat","background-position":"center center","background-size":"auto","background-attachment":"scroll","background-type":"","background-media":"","overlay-type":"","overlay-color":"","overlay-opacity":"","overlay-gradient":""}}},"product_brand":[],"product_cat":[2042,2076,1778,950],"product_tag":[],"class_list":{"0":"post-4597","1":"product","2":"type-product","3":"status-publish","4":"has-post-thumbnail","6":"product_cat-kehalistat-2","7":"product_cat-kehalistat_sesonki","8":"product_cat-sesonkituotteet","9":"product_cat-kehalistat","10":"desktop-align-center","11":"tablet-align-center","12":"mobile-align-center","13":"ast-product-gallery-layout-horizontal","14":"ast-product-gallery-with-no-image","15":"ast-magnify-disabled","16":"ast-product-tabs-layout-horizontal","18":"first","19":"instock","20":"shipping-taxable","21":"purchasable","22":"product-type-simple"},"acf":[],"yoast_head":"<!-- This site is optimized with the Yoast SEO plugin v26.7 - https:\/\/yoast.com\/wordpress\/plugins\/seo\/ -->\n<title>Kennohunajakeh\u00e4 Langstroth - Hunajayhtym\u00e4 Oy<\/title>\n<meta name=\"description\" content=\"Kennohunajan ker\u00e4\u00e4miseen tarkoitettu keh\u00e4, kokoa Langstroth. Jokaiseen puukeh\u00e4\u00e4n kiinnitet\u00e4\u00e4n 12 kennohunajapohjaa keh\u00e4n kummallekin puolelle ja pohjalle\" \/>\n<meta name=\"robots\" content=\"index, follow, max-snippet:-1, max-image-preview:large, max-video-preview:-1\" \/>\n<link rel=\"canonical\" href=\"https:\/\/hunaja.fi\/tuote\/kennohunajakeha-langstroth\/\" \/>\n<meta property=\"og:locale\" content=\"en_US\" \/>\n<meta property=\"og:type\" content=\"article\" \/>\n<meta property=\"og:title\" content=\"Kennohunajakeh\u00e4 Langstroth - Hunajayhtym\u00e4 Oy\" \/>\n<meta property=\"og:description\" content=\"Kennohunajan ker\u00e4\u00e4miseen tarkoitettu keh\u00e4, kokoa Langstroth. Jokaiseen puukeh\u00e4\u00e4n kiinnitet\u00e4\u00e4n 12 kennohunajapohjaa keh\u00e4n kummallekin puolelle ja pohjalle\" \/>\n<meta property=\"og:url\" content=\"https:\/\/hunaja.fi\/tuote\/kennohunajakeha-langstroth\/\" \/>\n<meta property=\"og:site_name\" content=\"Hunajayhtym\u00e4 Oy\" \/>\n<meta property=\"article:modified_time\" content=\"2024-04-10T05:28:32+00:00\" \/>\n<meta property=\"og:image\" content=\"https:\/\/hunaja.fi\/wp-content\/uploads\/2016\/05\/kenohunajakehat-1.jpg\" \/>\n\t<meta property=\"og:image:width\" content=\"500\" \/>\n\t<meta property=\"og:image:height\" content=\"500\" \/>\n\t<meta property=\"og:image:type\" content=\"image\/jpeg\" \/>\n<meta name=\"twitter:card\" content=\"summary_large_image\" \/>\n<meta name=\"twitter:label1\" content=\"Est. reading time\" \/>\n\t<meta name=\"twitter:data1\" content=\"1 minute\" \/>\n<script type=\"application\/ld+json\" class=\"yoast-schema-graph\">{\"@context\":\"https:\/\/schema.org\",\"@graph\":[{\"@type\":\"WebPage\",\"@id\":\"https:\/\/hunaja.fi\/tuote\/kennohunajakeha-langstroth\/\",\"url\":\"https:\/\/hunaja.fi\/tuote\/kennohunajakeha-langstroth\/\",\"name\":\"Kennohunajakeh\u00e4 Langstroth - Hunajayhtym\u00e4 Oy\",\"isPartOf\":{\"@id\":\"https:\/\/hunaja.fi\/#website\"},\"primaryImageOfPage\":{\"@id\":\"https:\/\/hunaja.fi\/tuote\/kennohunajakeha-langstroth\/#primaryimage\"},\"image\":{\"@id\":\"https:\/\/hunaja.fi\/tuote\/kennohunajakeha-langstroth\/#primaryimage\"},\"thumbnailUrl\":\"https:\/\/hunaja.fi\/wp-content\/uploads\/2016\/05\/kenohunajakehat-1.jpg\",\"datePublished\":\"2014-05-21T21:00:00+00:00\",\"dateModified\":\"2024-04-10T05:28:32+00:00\",\"description\":\"Kennohunajan ker\u00e4\u00e4miseen tarkoitettu keh\u00e4, kokoa Langstroth. Jokaiseen puukeh\u00e4\u00e4n kiinnitet\u00e4\u00e4n 12 kennohunajapohjaa keh\u00e4n kummallekin puolelle ja pohjalle\",\"breadcrumb\":{\"@id\":\"https:\/\/hunaja.fi\/tuote\/kennohunajakeha-langstroth\/#breadcrumb\"},\"inLanguage\":\"en-US\",\"potentialAction\":[{\"@type\":\"ReadAction\",\"target\":[\"https:\/\/hunaja.fi\/tuote\/kennohunajakeha-langstroth\/\"]}]},{\"@type\":\"ImageObject\",\"inLanguage\":\"en-US\",\"@id\":\"https:\/\/hunaja.fi\/tuote\/kennohunajakeha-langstroth\/#primaryimage\",\"url\":\"https:\/\/hunaja.fi\/wp-content\/uploads\/2016\/05\/kenohunajakehat-1.jpg\",\"contentUrl\":\"https:\/\/hunaja.fi\/wp-content\/uploads\/2016\/05\/kenohunajakehat-1.jpg\",\"width\":500,\"height\":500},{\"@type\":\"BreadcrumbList\",\"@id\":\"https:\/\/hunaja.fi\/tuote\/kennohunajakeha-langstroth\/#breadcrumb\",\"itemListElement\":[{\"@type\":\"ListItem\",\"position\":1,\"name\":\"Etusivu\",\"item\":\"https:\/\/hunaja.fi\/en\/\"},{\"@type\":\"ListItem\",\"position\":2,\"name\":\"Tuotteet\",\"item\":\"https:\/\/hunaja.fi\/kauppapaikka\/tuotteet\/\"},{\"@type\":\"ListItem\",\"position\":3,\"name\":\"Keh\u00e4listat ja vahoitus\",\"item\":\"https:\/\/hunaja.fi\/tuote-osasto\/kehalistat\/\"},{\"@type\":\"ListItem\",\"position\":4,\"name\":\"Kennohunajakeh\u00e4 Langstroth\"}]},{\"@type\":\"WebSite\",\"@id\":\"https:\/\/hunaja.fi\/#website\",\"url\":\"https:\/\/hunaja.fi\/\",\"name\":\"Hunajayhtym\u00e4 Oy\",\"description\":\"Nature Loves Finnish Floral Honey\",\"publisher\":{\"@id\":\"https:\/\/hunaja.fi\/#organization\"},\"potentialAction\":[{\"@type\":\"SearchAction\",\"target\":{\"@type\":\"EntryPoint\",\"urlTemplate\":\"https:\/\/hunaja.fi\/?s={search_term_string}\"},\"query-input\":{\"@type\":\"PropertyValueSpecification\",\"valueRequired\":true,\"valueName\":\"search_term_string\"}}],\"inLanguage\":\"en-US\"},{\"@type\":\"Organization\",\"@id\":\"https:\/\/hunaja.fi\/#organization\",\"name\":\"Hunajayhtym\u00e4 Oy\",\"url\":\"https:\/\/hunaja.fi\/\",\"logo\":{\"@type\":\"ImageObject\",\"inLanguage\":\"en-US\",\"@id\":\"https:\/\/hunaja.fi\/#\/schema\/logo\/image\/\",\"url\":\"https:\/\/hunaja.fi\/wp-content\/uploads\/2021\/07\/Hunajayhtyma_Logo_VAAKA_slogan_cmyk-01.png\",\"contentUrl\":\"https:\/\/hunaja.fi\/wp-content\/uploads\/2021\/07\/Hunajayhtyma_Logo_VAAKA_slogan_cmyk-01.png\",\"width\":656,\"height\":242,\"caption\":\"Hunajayhtym\u00e4 Oy\"},\"image\":{\"@id\":\"https:\/\/hunaja.fi\/#\/schema\/logo\/image\/\"}}]}<\/script>\n<!-- \/ Yoast SEO plugin. -->","yoast_head_json":{"title":"Kennohunajakeh\u00e4 Langstroth - Hunajayhtym\u00e4 Oy","description":"Kennohunajan ker\u00e4\u00e4miseen tarkoitettu keh\u00e4, kokoa Langstroth. Jokaiseen puukeh\u00e4\u00e4n kiinnitet\u00e4\u00e4n 12 kennohunajapohjaa keh\u00e4n kummallekin puolelle ja pohjalle","robots":{"index":"index","follow":"follow","max-snippet":"max-snippet:-1","max-image-preview":"max-image-preview:large","max-video-preview":"max-video-preview:-1"},"canonical":"https:\/\/hunaja.fi\/tuote\/kennohunajakeha-langstroth\/","og_locale":"en_US","og_type":"article","og_title":"Kennohunajakeh\u00e4 Langstroth - Hunajayhtym\u00e4 Oy","og_description":"Kennohunajan ker\u00e4\u00e4miseen tarkoitettu keh\u00e4, kokoa Langstroth. Jokaiseen puukeh\u00e4\u00e4n kiinnitet\u00e4\u00e4n 12 kennohunajapohjaa keh\u00e4n kummallekin puolelle ja pohjalle","og_url":"https:\/\/hunaja.fi\/tuote\/kennohunajakeha-langstroth\/","og_site_name":"Hunajayhtym\u00e4 Oy","article_modified_time":"2024-04-10T05:28:32+00:00","og_image":[{"width":500,"height":500,"url":"https:\/\/hunaja.fi\/wp-content\/uploads\/2016\/05\/kenohunajakehat-1.jpg","type":"image\/jpeg"}],"twitter_card":"summary_large_image","twitter_misc":{"Est. reading time":"1 minute"},"schema":{"@context":"https:\/\/schema.org","@graph":[{"@type":"WebPage","@id":"https:\/\/hunaja.fi\/tuote\/kennohunajakeha-langstroth\/","url":"https:\/\/hunaja.fi\/tuote\/kennohunajakeha-langstroth\/","name":"Kennohunajakeh\u00e4 Langstroth - Hunajayhtym\u00e4 Oy","isPartOf":{"@id":"https:\/\/hunaja.fi\/#website"},"primaryImageOfPage":{"@id":"https:\/\/hunaja.fi\/tuote\/kennohunajakeha-langstroth\/#primaryimage"},"image":{"@id":"https:\/\/hunaja.fi\/tuote\/kennohunajakeha-langstroth\/#primaryimage"},"thumbnailUrl":"https:\/\/hunaja.fi\/wp-content\/uploads\/2016\/05\/kenohunajakehat-1.jpg","datePublished":"2014-05-21T21:00:00+00:00","dateModified":"2024-04-10T05:28:32+00:00","description":"Kennohunajan ker\u00e4\u00e4miseen tarkoitettu keh\u00e4, kokoa Langstroth. Jokaiseen puukeh\u00e4\u00e4n kiinnitet\u00e4\u00e4n 12 kennohunajapohjaa keh\u00e4n kummallekin puolelle ja pohjalle","breadcrumb":{"@id":"https:\/\/hunaja.fi\/tuote\/kennohunajakeha-langstroth\/#breadcrumb"},"inLanguage":"en-US","potentialAction":[{"@type":"ReadAction","target":["https:\/\/hunaja.fi\/tuote\/kennohunajakeha-langstroth\/"]}]},{"@type":"ImageObject","inLanguage":"en-US","@id":"https:\/\/hunaja.fi\/tuote\/kennohunajakeha-langstroth\/#primaryimage","url":"https:\/\/hunaja.fi\/wp-content\/uploads\/2016\/05\/kenohunajakehat-1.jpg","contentUrl":"https:\/\/hunaja.fi\/wp-content\/uploads\/2016\/05\/kenohunajakehat-1.jpg","width":500,"height":500},{"@type":"BreadcrumbList","@id":"https:\/\/hunaja.fi\/tuote\/kennohunajakeha-langstroth\/#breadcrumb","itemListElement":[{"@type":"ListItem","position":1,"name":"Etusivu","item":"https:\/\/hunaja.fi\/en\/"},{"@type":"ListItem","position":2,"name":"Tuotteet","item":"https:\/\/hunaja.fi\/kauppapaikka\/tuotteet\/"},{"@type":"ListItem","position":3,"name":"Keh\u00e4listat ja vahoitus","item":"https:\/\/hunaja.fi\/tuote-osasto\/kehalistat\/"},{"@type":"ListItem","position":4,"name":"Kennohunajakeh\u00e4 Langstroth"}]},{"@type":"WebSite","@id":"https:\/\/hunaja.fi\/#website","url":"https:\/\/hunaja.fi\/","name":"Hunajayhtym\u00e4 Oy","description":"Nature Loves Finnish Floral Honey","publisher":{"@id":"https:\/\/hunaja.fi\/#organization"},"potentialAction":[{"@type":"SearchAction","target":{"@type":"EntryPoint","urlTemplate":"https:\/\/hunaja.fi\/?s={search_term_string}"},"query-input":{"@type":"PropertyValueSpecification","valueRequired":true,"valueName":"search_term_string"}}],"inLanguage":"en-US"},{"@type":"Organization","@id":"https:\/\/hunaja.fi\/#organization","name":"Hunajayhtym\u00e4 Oy","url":"https:\/\/hunaja.fi\/","logo":{"@type":"ImageObject","inLanguage":"en-US","@id":"https:\/\/hunaja.fi\/#\/schema\/logo\/image\/","url":"https:\/\/hunaja.fi\/wp-content\/uploads\/2021\/07\/Hunajayhtyma_Logo_VAAKA_slogan_cmyk-01.png","contentUrl":"https:\/\/hunaja.fi\/wp-content\/uploads\/2021\/07\/Hunajayhtyma_Logo_VAAKA_slogan_cmyk-01.png","width":656,"height":242,"caption":"Hunajayhtym\u00e4 Oy"},"image":{"@id":"https:\/\/hunaja.fi\/#\/schema\/logo\/image\/"}}]}},"_links":{"self":[{"href":"https:\/\/hunaja.fi\/en\/wp-json\/wp\/v2\/product\/4597","targetHints":{"allow":["GET"]}}],"collection":[{"href":"https:\/\/hunaja.fi\/en\/wp-json\/wp\/v2\/product"}],"about":[{"href":"https:\/\/hunaja.fi\/en\/wp-json\/wp\/v2\/types\/product"}],"wp:featuredmedia":[{"embeddable":true,"href":"https:\/\/hunaja.fi\/en\/wp-json\/wp\/v2\/media\/11233"}],"wp:attachment":[{"href":"https:\/\/hunaja.fi\/en\/wp-json\/wp\/v2\/media?parent=4597"}],"wp:term":[{"taxonomy":"product_brand","embeddable":true,"href":"https:\/\/hunaja.fi\/en\/wp-json\/wp\/v2\/product_brand?post=4597"},{"taxonomy":"product_cat","embeddable":true,"href":"https:\/\/hunaja.fi\/en\/wp-json\/wp\/v2\/product_cat?post=4597"},{"taxonomy":"product_tag","embeddable":true,"href":"https:\/\/hunaja.fi\/en\/wp-json\/wp\/v2\/product_tag?post=4597"}],"curies":[{"name":"wp","href":"https:\/\/api.w.org\/{rel}","templated":true}]}}