{"id":43605,"date":"2023-10-13T11:45:47","date_gmt":"2023-10-13T08:45:47","guid":{"rendered":"https:\/\/hunaja.fi\/?post_type=product&#038;p=43605"},"modified":"2023-10-13T12:53:50","modified_gmt":"2023-10-13T09:53:50","slug":"makea-haalarimerkki","status":"publish","type":"product","link":"https:\/\/hunaja.fi\/en\/tuote\/makea-haalarimerkki\/","title":{"rendered":"Makea haalarimerkki"},"content":{"rendered":"<p>Hunajayhtym\u00e4 tarjoaa kukkia ja mehil\u00e4isi\u00e4 kaikkeen opiskeluun ja mehil\u00e4ishoidon teht\u00e4viin.<br \/>\nPirte\u00e4 haalarimerkki somistaa jokaisen opiskelijan haalarit.<br \/>\nKangasmerkin voi silitt\u00e4\u00e4 ja ommella my\u00f6s muihin vaatteisiin, varusteisiin tai vaikka reppuun.<br \/>\nT\u00e4m\u00e4n haalarimerkin voit halutessasi ommella my\u00f6s mehil\u00e4ishoitajan haalariin tai antaa lahjaksi opintoja suorittavalle l\u00e4heiselle.<br \/>\nHaalarimerkki on halkaisijaltaan 10 cm.<\/p>\n","protected":false},"excerpt":{"rendered":"<p>Hunajayhtym\u00e4 tarjoaa kukkia ja mehil\u00e4isi\u00e4 kaikkeen opiskeluun ja mehil\u00e4ishoidon teht\u00e4viin. Pirte\u00e4 haalarimerkki somistaa jokaisen opiskelijan haalarit. Kangasmerkin voi silitt\u00e4\u00e4 ja ommella my\u00f6s muihin vaatteisiin, varusteisiin tai vaikka reppuun. T\u00e4m\u00e4n haalarimerkin voit halutessasi ommella my\u00f6s mehil\u00e4ishoitajan haalariin tai antaa lahjaksi opintoja suorittavalle l\u00e4heiselle. Haalarimerkki on halkaisijaltaan 10 cm.<\/p>\n","protected":false},"featured_media":43606,"template":"","meta":{"_acf_changed":false,"_improvement_type_select":"improve_an_existing","_thumb_yes_seoaic":false,"_frame_yes_seoaic":false,"seoaic_generate_description":"","seoaic_improve_instructions_prompt":"","seoaic_rollback_content_improvement":"","seoaic_idea_thumbnail_generator":"","thumbnail_generated":false,"thumbnail_generate_prompt":"","seoaic_article_description":"","site-sidebar-layout":"default","site-content-layout":"","ast-site-content-layout":"default","site-content-style":"default","site-sidebar-style":"default","ast-global-header-display":"","ast-banner-title-visibility":"","ast-main-header-display":"","ast-hfb-above-header-display":"","ast-hfb-below-header-display":"","ast-hfb-mobile-header-display":"","site-post-title":"","ast-breadcrumbs-content":"","ast-featured-img":"","footer-sml-layout":"","ast-disable-related-posts":"","theme-transparent-header-meta":"default","adv-header-id-meta":"","stick-header-meta":"default","header-above-stick-meta":"","header-main-stick-meta":"","header-below-stick-meta":"","astra-migrate-meta-layouts":"set","ast-page-background-enabled":"default","ast-page-background-meta":{"desktop":{"background-color":"","background-image":"","background-repeat":"repeat","background-position":"center center","background-size":"auto","background-attachment":"scroll","background-type":"","background-media":"","overlay-type":"","overlay-color":"","overlay-opacity":"","overlay-gradient":""},"tablet":{"background-color":"","background-image":"","background-repeat":"repeat","background-position":"center center","background-size":"auto","background-attachment":"scroll","background-type":"","background-media":"","overlay-type":"","overlay-color":"","overlay-opacity":"","overlay-gradient":""},"mobile":{"background-color":"","background-image":"","background-repeat":"repeat","background-position":"center center","background-size":"auto","background-attachment":"scroll","background-type":"","background-media":"","overlay-type":"","overlay-color":"","overlay-opacity":"","overlay-gradient":""}},"ast-content-background-meta":{"desktop":{"background-color":"var(--ast-global-color-5)","background-image":"","background-repeat":"repeat","background-position":"center center","background-size":"auto","background-attachment":"scroll","background-type":"","background-media":"","overlay-type":"","overlay-color":"","overlay-opacity":"","overlay-gradient":""},"tablet":{"background-color":"var(--ast-global-color-5)","background-image":"","background-repeat":"repeat","background-position":"center center","background-size":"auto","background-attachment":"scroll","background-type":"","background-media":"","overlay-type":"","overlay-color":"","overlay-opacity":"","overlay-gradient":""},"mobile":{"background-color":"var(--ast-global-color-5)","background-image":"","background-repeat":"repeat","background-position":"center center","background-size":"auto","background-attachment":"scroll","background-type":"","background-media":"","overlay-type":"","overlay-color":"","overlay-opacity":"","overlay-gradient":""}}},"product_brand":[],"product_cat":[2052],"product_tag":[],"class_list":{"0":"post-43605","1":"product","2":"type-product","3":"status-publish","4":"has-post-thumbnail","6":"product_cat-aidon_hyvan_tekija","7":"desktop-align-center","8":"tablet-align-center","9":"mobile-align-center","10":"ast-product-gallery-layout-horizontal","11":"ast-magnify-disabled","12":"ast-product-tabs-layout-horizontal","14":"first","15":"instock","16":"shipping-taxable","17":"purchasable","18":"product-type-simple"},"acf":[],"yoast_head":"<!-- This site is optimized with the Yoast SEO plugin v26.7 - https:\/\/yoast.com\/wordpress\/plugins\/seo\/ -->\n<title>Makea haalarimerkki - Hunajayhtym\u00e4 Oy<\/title>\n<meta name=\"description\" content=\"Hunajayhtym\u00e4 tarjoaa kukkia ja mehil\u00e4isi\u00e4 kaikkeen opiskeluun ja mehil\u00e4ishoidon teht\u00e4viin. Pirte\u00e4 haalarimerkki somistaa jokaisen opiskelijan haalarit.\" \/>\n<meta name=\"robots\" content=\"index, follow, max-snippet:-1, max-image-preview:large, max-video-preview:-1\" \/>\n<link rel=\"canonical\" href=\"https:\/\/hunaja.fi\/tuote\/makea-haalarimerkki\/\" \/>\n<meta property=\"og:locale\" content=\"en_US\" \/>\n<meta property=\"og:type\" content=\"article\" \/>\n<meta property=\"og:title\" content=\"Makea haalarimerkki - Hunajayhtym\u00e4 Oy\" \/>\n<meta property=\"og:description\" content=\"Hunajayhtym\u00e4 tarjoaa kukkia ja mehil\u00e4isi\u00e4 kaikkeen opiskeluun ja mehil\u00e4ishoidon teht\u00e4viin. Pirte\u00e4 haalarimerkki somistaa jokaisen opiskelijan haalarit.\" \/>\n<meta property=\"og:url\" content=\"https:\/\/hunaja.fi\/tuote\/makea-haalarimerkki\/\" \/>\n<meta property=\"og:site_name\" content=\"Hunajayhtym\u00e4 Oy\" \/>\n<meta property=\"article:modified_time\" content=\"2023-10-13T09:53:50+00:00\" \/>\n<meta property=\"og:image\" content=\"https:\/\/hunaja.fi\/wp-content\/uploads\/2023\/10\/hihamerkki.jpg\" \/>\n\t<meta property=\"og:image:width\" content=\"1264\" \/>\n\t<meta property=\"og:image:height\" content=\"1216\" \/>\n\t<meta property=\"og:image:type\" content=\"image\/jpeg\" \/>\n<meta name=\"twitter:card\" content=\"summary_large_image\" \/>\n<meta name=\"twitter:label1\" content=\"Est. reading time\" \/>\n\t<meta name=\"twitter:data1\" content=\"1 minute\" \/>\n<script type=\"application\/ld+json\" class=\"yoast-schema-graph\">{\"@context\":\"https:\/\/schema.org\",\"@graph\":[{\"@type\":\"WebPage\",\"@id\":\"https:\/\/hunaja.fi\/tuote\/makea-haalarimerkki\/\",\"url\":\"https:\/\/hunaja.fi\/tuote\/makea-haalarimerkki\/\",\"name\":\"Makea haalarimerkki - Hunajayhtym\u00e4 Oy\",\"isPartOf\":{\"@id\":\"https:\/\/hunaja.fi\/#website\"},\"primaryImageOfPage\":{\"@id\":\"https:\/\/hunaja.fi\/tuote\/makea-haalarimerkki\/#primaryimage\"},\"image\":{\"@id\":\"https:\/\/hunaja.fi\/tuote\/makea-haalarimerkki\/#primaryimage\"},\"thumbnailUrl\":\"https:\/\/hunaja.fi\/wp-content\/uploads\/2023\/10\/hihamerkki.jpg\",\"datePublished\":\"2023-10-13T08:45:47+00:00\",\"dateModified\":\"2023-10-13T09:53:50+00:00\",\"description\":\"Hunajayhtym\u00e4 tarjoaa kukkia ja mehil\u00e4isi\u00e4 kaikkeen opiskeluun ja mehil\u00e4ishoidon teht\u00e4viin. Pirte\u00e4 haalarimerkki somistaa jokaisen opiskelijan haalarit.\",\"breadcrumb\":{\"@id\":\"https:\/\/hunaja.fi\/tuote\/makea-haalarimerkki\/#breadcrumb\"},\"inLanguage\":\"en-US\",\"potentialAction\":[{\"@type\":\"ReadAction\",\"target\":[\"https:\/\/hunaja.fi\/tuote\/makea-haalarimerkki\/\"]}]},{\"@type\":\"ImageObject\",\"inLanguage\":\"en-US\",\"@id\":\"https:\/\/hunaja.fi\/tuote\/makea-haalarimerkki\/#primaryimage\",\"url\":\"https:\/\/hunaja.fi\/wp-content\/uploads\/2023\/10\/hihamerkki.jpg\",\"contentUrl\":\"https:\/\/hunaja.fi\/wp-content\/uploads\/2023\/10\/hihamerkki.jpg\",\"width\":1264,\"height\":1216},{\"@type\":\"BreadcrumbList\",\"@id\":\"https:\/\/hunaja.fi\/tuote\/makea-haalarimerkki\/#breadcrumb\",\"itemListElement\":[{\"@type\":\"ListItem\",\"position\":1,\"name\":\"Etusivu\",\"item\":\"https:\/\/hunaja.fi\/en\/\"},{\"@type\":\"ListItem\",\"position\":2,\"name\":\"Tuotteet\",\"item\":\"https:\/\/hunaja.fi\/kauppapaikka\/tuotteet\/\"},{\"@type\":\"ListItem\",\"position\":3,\"name\":\"Mainosmateriaali\",\"item\":\"https:\/\/hunaja.fi\/tuote-osasto\/mainosmateriaali\/\"},{\"@type\":\"ListItem\",\"position\":4,\"name\":\"Aidon hyv\u00e4n tekij\u00e4\",\"item\":\"https:\/\/hunaja.fi\/tuote-osasto\/mainosmateriaali\/aidon_hyvan_tekija\/\"},{\"@type\":\"ListItem\",\"position\":5,\"name\":\"Makea haalarimerkki\"}]},{\"@type\":\"WebSite\",\"@id\":\"https:\/\/hunaja.fi\/#website\",\"url\":\"https:\/\/hunaja.fi\/\",\"name\":\"Hunajayhtym\u00e4 Oy\",\"description\":\"Nature Loves Finnish Floral Honey\",\"publisher\":{\"@id\":\"https:\/\/hunaja.fi\/#organization\"},\"potentialAction\":[{\"@type\":\"SearchAction\",\"target\":{\"@type\":\"EntryPoint\",\"urlTemplate\":\"https:\/\/hunaja.fi\/?s={search_term_string}\"},\"query-input\":{\"@type\":\"PropertyValueSpecification\",\"valueRequired\":true,\"valueName\":\"search_term_string\"}}],\"inLanguage\":\"en-US\"},{\"@type\":\"Organization\",\"@id\":\"https:\/\/hunaja.fi\/#organization\",\"name\":\"Hunajayhtym\u00e4 Oy\",\"url\":\"https:\/\/hunaja.fi\/\",\"logo\":{\"@type\":\"ImageObject\",\"inLanguage\":\"en-US\",\"@id\":\"https:\/\/hunaja.fi\/#\/schema\/logo\/image\/\",\"url\":\"https:\/\/hunaja.fi\/wp-content\/uploads\/2021\/07\/Hunajayhtyma_Logo_VAAKA_slogan_cmyk-01.png\",\"contentUrl\":\"https:\/\/hunaja.fi\/wp-content\/uploads\/2021\/07\/Hunajayhtyma_Logo_VAAKA_slogan_cmyk-01.png\",\"width\":656,\"height\":242,\"caption\":\"Hunajayhtym\u00e4 Oy\"},\"image\":{\"@id\":\"https:\/\/hunaja.fi\/#\/schema\/logo\/image\/\"}}]}<\/script>\n<!-- \/ Yoast SEO plugin. -->","yoast_head_json":{"title":"Makea haalarimerkki - Hunajayhtym\u00e4 Oy","description":"Hunajayhtym\u00e4 tarjoaa kukkia ja mehil\u00e4isi\u00e4 kaikkeen opiskeluun ja mehil\u00e4ishoidon teht\u00e4viin. Pirte\u00e4 haalarimerkki somistaa jokaisen opiskelijan haalarit.","robots":{"index":"index","follow":"follow","max-snippet":"max-snippet:-1","max-image-preview":"max-image-preview:large","max-video-preview":"max-video-preview:-1"},"canonical":"https:\/\/hunaja.fi\/tuote\/makea-haalarimerkki\/","og_locale":"en_US","og_type":"article","og_title":"Makea haalarimerkki - Hunajayhtym\u00e4 Oy","og_description":"Hunajayhtym\u00e4 tarjoaa kukkia ja mehil\u00e4isi\u00e4 kaikkeen opiskeluun ja mehil\u00e4ishoidon teht\u00e4viin. Pirte\u00e4 haalarimerkki somistaa jokaisen opiskelijan haalarit.","og_url":"https:\/\/hunaja.fi\/tuote\/makea-haalarimerkki\/","og_site_name":"Hunajayhtym\u00e4 Oy","article_modified_time":"2023-10-13T09:53:50+00:00","og_image":[{"width":1264,"height":1216,"url":"https:\/\/hunaja.fi\/wp-content\/uploads\/2023\/10\/hihamerkki.jpg","type":"image\/jpeg"}],"twitter_card":"summary_large_image","twitter_misc":{"Est. reading time":"1 minute"},"schema":{"@context":"https:\/\/schema.org","@graph":[{"@type":"WebPage","@id":"https:\/\/hunaja.fi\/tuote\/makea-haalarimerkki\/","url":"https:\/\/hunaja.fi\/tuote\/makea-haalarimerkki\/","name":"Makea haalarimerkki - Hunajayhtym\u00e4 Oy","isPartOf":{"@id":"https:\/\/hunaja.fi\/#website"},"primaryImageOfPage":{"@id":"https:\/\/hunaja.fi\/tuote\/makea-haalarimerkki\/#primaryimage"},"image":{"@id":"https:\/\/hunaja.fi\/tuote\/makea-haalarimerkki\/#primaryimage"},"thumbnailUrl":"https:\/\/hunaja.fi\/wp-content\/uploads\/2023\/10\/hihamerkki.jpg","datePublished":"2023-10-13T08:45:47+00:00","dateModified":"2023-10-13T09:53:50+00:00","description":"Hunajayhtym\u00e4 tarjoaa kukkia ja mehil\u00e4isi\u00e4 kaikkeen opiskeluun ja mehil\u00e4ishoidon teht\u00e4viin. Pirte\u00e4 haalarimerkki somistaa jokaisen opiskelijan haalarit.","breadcrumb":{"@id":"https:\/\/hunaja.fi\/tuote\/makea-haalarimerkki\/#breadcrumb"},"inLanguage":"en-US","potentialAction":[{"@type":"ReadAction","target":["https:\/\/hunaja.fi\/tuote\/makea-haalarimerkki\/"]}]},{"@type":"ImageObject","inLanguage":"en-US","@id":"https:\/\/hunaja.fi\/tuote\/makea-haalarimerkki\/#primaryimage","url":"https:\/\/hunaja.fi\/wp-content\/uploads\/2023\/10\/hihamerkki.jpg","contentUrl":"https:\/\/hunaja.fi\/wp-content\/uploads\/2023\/10\/hihamerkki.jpg","width":1264,"height":1216},{"@type":"BreadcrumbList","@id":"https:\/\/hunaja.fi\/tuote\/makea-haalarimerkki\/#breadcrumb","itemListElement":[{"@type":"ListItem","position":1,"name":"Etusivu","item":"https:\/\/hunaja.fi\/en\/"},{"@type":"ListItem","position":2,"name":"Tuotteet","item":"https:\/\/hunaja.fi\/kauppapaikka\/tuotteet\/"},{"@type":"ListItem","position":3,"name":"Mainosmateriaali","item":"https:\/\/hunaja.fi\/tuote-osasto\/mainosmateriaali\/"},{"@type":"ListItem","position":4,"name":"Aidon hyv\u00e4n tekij\u00e4","item":"https:\/\/hunaja.fi\/tuote-osasto\/mainosmateriaali\/aidon_hyvan_tekija\/"},{"@type":"ListItem","position":5,"name":"Makea haalarimerkki"}]},{"@type":"WebSite","@id":"https:\/\/hunaja.fi\/#website","url":"https:\/\/hunaja.fi\/","name":"Hunajayhtym\u00e4 Oy","description":"Nature Loves Finnish Floral Honey","publisher":{"@id":"https:\/\/hunaja.fi\/#organization"},"potentialAction":[{"@type":"SearchAction","target":{"@type":"EntryPoint","urlTemplate":"https:\/\/hunaja.fi\/?s={search_term_string}"},"query-input":{"@type":"PropertyValueSpecification","valueRequired":true,"valueName":"search_term_string"}}],"inLanguage":"en-US"},{"@type":"Organization","@id":"https:\/\/hunaja.fi\/#organization","name":"Hunajayhtym\u00e4 Oy","url":"https:\/\/hunaja.fi\/","logo":{"@type":"ImageObject","inLanguage":"en-US","@id":"https:\/\/hunaja.fi\/#\/schema\/logo\/image\/","url":"https:\/\/hunaja.fi\/wp-content\/uploads\/2021\/07\/Hunajayhtyma_Logo_VAAKA_slogan_cmyk-01.png","contentUrl":"https:\/\/hunaja.fi\/wp-content\/uploads\/2021\/07\/Hunajayhtyma_Logo_VAAKA_slogan_cmyk-01.png","width":656,"height":242,"caption":"Hunajayhtym\u00e4 Oy"},"image":{"@id":"https:\/\/hunaja.fi\/#\/schema\/logo\/image\/"}}]}},"_links":{"self":[{"href":"https:\/\/hunaja.fi\/en\/wp-json\/wp\/v2\/product\/43605","targetHints":{"allow":["GET"]}}],"collection":[{"href":"https:\/\/hunaja.fi\/en\/wp-json\/wp\/v2\/product"}],"about":[{"href":"https:\/\/hunaja.fi\/en\/wp-json\/wp\/v2\/types\/product"}],"wp:featuredmedia":[{"embeddable":true,"href":"https:\/\/hunaja.fi\/en\/wp-json\/wp\/v2\/media\/43606"}],"wp:attachment":[{"href":"https:\/\/hunaja.fi\/en\/wp-json\/wp\/v2\/media?parent=43605"}],"wp:term":[{"taxonomy":"product_brand","embeddable":true,"href":"https:\/\/hunaja.fi\/en\/wp-json\/wp\/v2\/product_brand?post=43605"},{"taxonomy":"product_cat","embeddable":true,"href":"https:\/\/hunaja.fi\/en\/wp-json\/wp\/v2\/product_cat?post=43605"},{"taxonomy":"product_tag","embeddable":true,"href":"https:\/\/hunaja.fi\/en\/wp-json\/wp\/v2\/product_tag?post=43605"}],"curies":[{"name":"wp","href":"https:\/\/api.w.org\/{rel}","templated":true}]}}