{"id":36136,"date":"2022-06-14T14:51:46","date_gmt":"2022-06-14T11:51:46","guid":{"rendered":"https:\/\/hunaja.fi\/?post_type=product&#038;p=36136"},"modified":"2026-04-14T08:24:32","modified_gmt":"2026-04-14T05:24:32","slug":"bieno-air-hengittavat-suojakasineet","status":"publish","type":"product","link":"https:\/\/hunaja.fi\/en\/tuote\/bieno-air-hengittavat-suojakasineet\/","title":{"rendered":"Bieno Air hengitt\u00e4v\u00e4t suojak\u00e4sineet"},"content":{"rendered":"<p>Hengitt\u00e4v\u00e4t ja pistosuojatut Bieno Air suojak\u00e4sineet.<br \/>\nK\u00e4siosa nahkaa. Varsi hengitt\u00e4v\u00e4\u00e4 ja pistosuojattua coatec-materiaalia.<\/p>\n<p>Puhdistusohje<br \/>\nLikaisten k\u00e4sineiden puhdistus tulee suorittaa ilman kemikaaleja l\u00e4mpim\u00e4ss\u00e4 saippuavedess\u00e4,kuivaa huoneenl\u00e4mm\u00f6ss\u00e4 (max 40 0C).<\/p>\n<p><strong>Hanskojen numerokokomerkint\u00e4 vastaa yleens\u00e4 k\u00e4mmenen ymp\u00e4rysmittaa leveimm\u00e4st\u00e4 kohtaa tuumina. Hanskojen kokomerkinn\u00e4t saattavat vaihdella jonkin verran eri valmistajien v\u00e4lill\u00e4.<\/strong><\/p>\n","protected":false},"excerpt":{"rendered":"<p>Hengitt\u00e4v\u00e4t ja pistosuojatut Bieno Air suojak\u00e4sineet. K\u00e4siosa nahkaa. Varsi hengitt\u00e4v\u00e4\u00e4 ja pistosuojattua coatec-materiaalia. Puhdistusohje Likaisten k\u00e4sineiden puhdistus tulee suorittaa ilman kemikaaleja l\u00e4mpim\u00e4ss\u00e4 saippuavedess\u00e4,kuivaa huoneenl\u00e4mm\u00f6ss\u00e4 (max 40 0C). Hanskojen numerokokomerkint\u00e4 vastaa yleens\u00e4 k\u00e4mmenen ymp\u00e4rysmittaa leveimm\u00e4st\u00e4 kohtaa tuumina. Hanskojen kokomerkinn\u00e4t saattavat vaihdella jonkin verran eri valmistajien v\u00e4lill\u00e4.<\/p>\n","protected":false},"featured_media":36137,"template":"","meta":{"_acf_changed":false,"_improvement_type_select":"improve_an_existing","_thumb_yes_seoaic":false,"_frame_yes_seoaic":false,"seoaic_generate_description":"","seoaic_improve_instructions_prompt":"","seoaic_rollback_content_improvement":"","seoaic_idea_thumbnail_generator":"","thumbnail_generated":false,"thumbnail_generate_prompt":"","seoaic_article_description":"","site-sidebar-layout":"default","site-content-layout":"default","ast-site-content-layout":"default","site-content-style":"default","site-sidebar-style":"default","ast-global-header-display":"","ast-banner-title-visibility":"","ast-main-header-display":"","ast-hfb-above-header-display":"","ast-hfb-below-header-display":"","ast-hfb-mobile-header-display":"","site-post-title":"","ast-breadcrumbs-content":"","ast-featured-img":"","footer-sml-layout":"","ast-disable-related-posts":"","theme-transparent-header-meta":"default","adv-header-id-meta":"","stick-header-meta":"default","header-above-stick-meta":"","header-main-stick-meta":"","header-below-stick-meta":"","astra-migrate-meta-layouts":"set","ast-page-background-enabled":"default","ast-page-background-meta":{"desktop":{"background-color":"","background-image":"","background-repeat":"repeat","background-position":"center center","background-size":"auto","background-attachment":"scroll","background-type":"","background-media":"","overlay-type":"","overlay-color":"","overlay-opacity":"","overlay-gradient":""},"tablet":{"background-color":"","background-image":"","background-repeat":"repeat","background-position":"center center","background-size":"auto","background-attachment":"scroll","background-type":"","background-media":"","overlay-type":"","overlay-color":"","overlay-opacity":"","overlay-gradient":""},"mobile":{"background-color":"","background-image":"","background-repeat":"repeat","background-position":"center center","background-size":"auto","background-attachment":"scroll","background-type":"","background-media":"","overlay-type":"","overlay-color":"","overlay-opacity":"","overlay-gradient":""}},"ast-content-background-meta":{"desktop":{"background-color":"var(--ast-global-color-5)","background-image":"","background-repeat":"repeat","background-position":"center center","background-size":"auto","background-attachment":"scroll","background-type":"","background-media":"","overlay-type":"","overlay-color":"","overlay-opacity":"","overlay-gradient":""},"tablet":{"background-color":"var(--ast-global-color-5)","background-image":"","background-repeat":"repeat","background-position":"center center","background-size":"auto","background-attachment":"scroll","background-type":"","background-media":"","overlay-type":"","overlay-color":"","overlay-opacity":"","overlay-gradient":""},"mobile":{"background-color":"var(--ast-global-color-5)","background-image":"","background-repeat":"repeat","background-position":"center center","background-size":"auto","background-attachment":"scroll","background-type":"","background-media":"","overlay-type":"","overlay-color":"","overlay-opacity":"","overlay-gradient":""}}},"product_brand":[],"product_cat":[2035,15],"product_tag":[],"class_list":{"0":"post-36136","1":"product","2":"type-product","3":"status-publish","4":"has-post-thumbnail","6":"product_cat-suojakasineet","7":"product_cat-suojaasut","8":"pa_koko-548","9":"pa_koko-549","10":"pa_koko-550","11":"pa_koko-1137","12":"pa_koko-543","13":"pa_koko-544","14":"pa_koko-547","15":"desktop-align-center","16":"tablet-align-center","17":"mobile-align-center","18":"ast-product-gallery-layout-horizontal","19":"ast-product-gallery-with-no-image","20":"ast-magnify-disabled","21":"ast-product-single-variable","22":"ast-product-tabs-layout-horizontal","24":"first","25":"instock","26":"shipping-taxable","27":"purchasable","28":"product-type-variable"},"acf":[],"yoast_head":"<!-- This site is optimized with the Yoast SEO plugin v26.7 - https:\/\/yoast.com\/wordpress\/plugins\/seo\/ -->\n<title>Bieno Air hengitt\u00e4v\u00e4t suojak\u00e4sineet<\/title>\n<meta name=\"description\" content=\"Hengitt\u00e4v\u00e4t ja pistosuojatut Bieno Air suojak\u00e4sineet\" \/>\n<meta name=\"robots\" content=\"index, follow, max-snippet:-1, max-image-preview:large, max-video-preview:-1\" \/>\n<link rel=\"canonical\" href=\"https:\/\/hunaja.fi\/tuote\/bieno-air-hengittavat-suojakasineet\/\" \/>\n<meta property=\"og:locale\" content=\"en_US\" \/>\n<meta property=\"og:type\" content=\"article\" \/>\n<meta property=\"og:title\" content=\"Bieno Air hengitt\u00e4v\u00e4t suojak\u00e4sineet\" \/>\n<meta property=\"og:description\" content=\"Hengitt\u00e4v\u00e4t ja pistosuojatut Bieno Air suojak\u00e4sineet\" \/>\n<meta property=\"og:url\" content=\"https:\/\/hunaja.fi\/tuote\/bieno-air-hengittavat-suojakasineet\/\" \/>\n<meta property=\"og:site_name\" content=\"Hunajayhtym\u00e4 Oy\" \/>\n<meta property=\"article:modified_time\" content=\"2026-04-14T05:24:32+00:00\" \/>\n<meta property=\"og:image\" content=\"https:\/\/hunaja.fi\/wp-content\/uploads\/2022\/06\/bieno_air_kasineet.png\" \/>\n\t<meta property=\"og:image:width\" content=\"3480\" \/>\n\t<meta property=\"og:image:height\" content=\"2256\" \/>\n\t<meta property=\"og:image:type\" content=\"image\/png\" \/>\n<meta name=\"twitter:card\" content=\"summary_large_image\" \/>\n<meta name=\"twitter:label1\" content=\"Est. reading time\" \/>\n\t<meta name=\"twitter:data1\" content=\"1 minute\" \/>\n<script type=\"application\/ld+json\" class=\"yoast-schema-graph\">{\"@context\":\"https:\/\/schema.org\",\"@graph\":[{\"@type\":\"WebPage\",\"@id\":\"https:\/\/hunaja.fi\/tuote\/bieno-air-hengittavat-suojakasineet\/\",\"url\":\"https:\/\/hunaja.fi\/tuote\/bieno-air-hengittavat-suojakasineet\/\",\"name\":\"Bieno Air hengitt\u00e4v\u00e4t suojak\u00e4sineet\",\"isPartOf\":{\"@id\":\"https:\/\/hunaja.fi\/#website\"},\"primaryImageOfPage\":{\"@id\":\"https:\/\/hunaja.fi\/tuote\/bieno-air-hengittavat-suojakasineet\/#primaryimage\"},\"image\":{\"@id\":\"https:\/\/hunaja.fi\/tuote\/bieno-air-hengittavat-suojakasineet\/#primaryimage\"},\"thumbnailUrl\":\"https:\/\/hunaja.fi\/wp-content\/uploads\/2022\/06\/bieno_air_kasineet.png\",\"datePublished\":\"2022-06-14T11:51:46+00:00\",\"dateModified\":\"2026-04-14T05:24:32+00:00\",\"description\":\"Hengitt\u00e4v\u00e4t ja pistosuojatut Bieno Air suojak\u00e4sineet\",\"breadcrumb\":{\"@id\":\"https:\/\/hunaja.fi\/tuote\/bieno-air-hengittavat-suojakasineet\/#breadcrumb\"},\"inLanguage\":\"en-US\",\"potentialAction\":[{\"@type\":\"ReadAction\",\"target\":[\"https:\/\/hunaja.fi\/tuote\/bieno-air-hengittavat-suojakasineet\/\"]}]},{\"@type\":\"ImageObject\",\"inLanguage\":\"en-US\",\"@id\":\"https:\/\/hunaja.fi\/tuote\/bieno-air-hengittavat-suojakasineet\/#primaryimage\",\"url\":\"https:\/\/hunaja.fi\/wp-content\/uploads\/2022\/06\/bieno_air_kasineet.png\",\"contentUrl\":\"https:\/\/hunaja.fi\/wp-content\/uploads\/2022\/06\/bieno_air_kasineet.png\",\"width\":3480,\"height\":2256,\"caption\":\"Bieno air suojak\u00e4sineet\"},{\"@type\":\"BreadcrumbList\",\"@id\":\"https:\/\/hunaja.fi\/tuote\/bieno-air-hengittavat-suojakasineet\/#breadcrumb\",\"itemListElement\":[{\"@type\":\"ListItem\",\"position\":1,\"name\":\"Etusivu\",\"item\":\"https:\/\/hunaja.fi\/en\/\"},{\"@type\":\"ListItem\",\"position\":2,\"name\":\"Tuotteet\",\"item\":\"https:\/\/hunaja.fi\/kauppapaikka\/tuotteet\/\"},{\"@type\":\"ListItem\",\"position\":3,\"name\":\"Suoja-asut\",\"item\":\"https:\/\/hunaja.fi\/tuote-osasto\/suojaasut\/\"},{\"@type\":\"ListItem\",\"position\":4,\"name\":\"Bieno Air hengitt\u00e4v\u00e4t suojak\u00e4sineet\"}]},{\"@type\":\"WebSite\",\"@id\":\"https:\/\/hunaja.fi\/#website\",\"url\":\"https:\/\/hunaja.fi\/\",\"name\":\"Hunajayhtym\u00e4 Oy\",\"description\":\"Nature Loves Finnish Floral Honey\",\"publisher\":{\"@id\":\"https:\/\/hunaja.fi\/#organization\"},\"potentialAction\":[{\"@type\":\"SearchAction\",\"target\":{\"@type\":\"EntryPoint\",\"urlTemplate\":\"https:\/\/hunaja.fi\/?s={search_term_string}\"},\"query-input\":{\"@type\":\"PropertyValueSpecification\",\"valueRequired\":true,\"valueName\":\"search_term_string\"}}],\"inLanguage\":\"en-US\"},{\"@type\":\"Organization\",\"@id\":\"https:\/\/hunaja.fi\/#organization\",\"name\":\"Hunajayhtym\u00e4 Oy\",\"url\":\"https:\/\/hunaja.fi\/\",\"logo\":{\"@type\":\"ImageObject\",\"inLanguage\":\"en-US\",\"@id\":\"https:\/\/hunaja.fi\/#\/schema\/logo\/image\/\",\"url\":\"https:\/\/hunaja.fi\/wp-content\/uploads\/2021\/07\/Hunajayhtyma_Logo_VAAKA_slogan_cmyk-01.png\",\"contentUrl\":\"https:\/\/hunaja.fi\/wp-content\/uploads\/2021\/07\/Hunajayhtyma_Logo_VAAKA_slogan_cmyk-01.png\",\"width\":656,\"height\":242,\"caption\":\"Hunajayhtym\u00e4 Oy\"},\"image\":{\"@id\":\"https:\/\/hunaja.fi\/#\/schema\/logo\/image\/\"}}]}<\/script>\n<!-- \/ Yoast SEO plugin. -->","yoast_head_json":{"title":"Bieno Air hengitt\u00e4v\u00e4t suojak\u00e4sineet","description":"Hengitt\u00e4v\u00e4t ja pistosuojatut Bieno Air suojak\u00e4sineet","robots":{"index":"index","follow":"follow","max-snippet":"max-snippet:-1","max-image-preview":"max-image-preview:large","max-video-preview":"max-video-preview:-1"},"canonical":"https:\/\/hunaja.fi\/tuote\/bieno-air-hengittavat-suojakasineet\/","og_locale":"en_US","og_type":"article","og_title":"Bieno Air hengitt\u00e4v\u00e4t suojak\u00e4sineet","og_description":"Hengitt\u00e4v\u00e4t ja pistosuojatut Bieno Air suojak\u00e4sineet","og_url":"https:\/\/hunaja.fi\/tuote\/bieno-air-hengittavat-suojakasineet\/","og_site_name":"Hunajayhtym\u00e4 Oy","article_modified_time":"2026-04-14T05:24:32+00:00","og_image":[{"url":"https:\/\/hunaja.fi\/wp-content\/uploads\/2022\/06\/bieno_air_kasineet.png","width":3480,"height":2256,"type":"image\/png"}],"twitter_card":"summary_large_image","twitter_misc":{"Est. reading time":"1 minute"},"schema":{"@context":"https:\/\/schema.org","@graph":[{"@type":"WebPage","@id":"https:\/\/hunaja.fi\/tuote\/bieno-air-hengittavat-suojakasineet\/","url":"https:\/\/hunaja.fi\/tuote\/bieno-air-hengittavat-suojakasineet\/","name":"Bieno Air hengitt\u00e4v\u00e4t suojak\u00e4sineet","isPartOf":{"@id":"https:\/\/hunaja.fi\/#website"},"primaryImageOfPage":{"@id":"https:\/\/hunaja.fi\/tuote\/bieno-air-hengittavat-suojakasineet\/#primaryimage"},"image":{"@id":"https:\/\/hunaja.fi\/tuote\/bieno-air-hengittavat-suojakasineet\/#primaryimage"},"thumbnailUrl":"https:\/\/hunaja.fi\/wp-content\/uploads\/2022\/06\/bieno_air_kasineet.png","datePublished":"2022-06-14T11:51:46+00:00","dateModified":"2026-04-14T05:24:32+00:00","description":"Hengitt\u00e4v\u00e4t ja pistosuojatut Bieno Air suojak\u00e4sineet","breadcrumb":{"@id":"https:\/\/hunaja.fi\/tuote\/bieno-air-hengittavat-suojakasineet\/#breadcrumb"},"inLanguage":"en-US","potentialAction":[{"@type":"ReadAction","target":["https:\/\/hunaja.fi\/tuote\/bieno-air-hengittavat-suojakasineet\/"]}]},{"@type":"ImageObject","inLanguage":"en-US","@id":"https:\/\/hunaja.fi\/tuote\/bieno-air-hengittavat-suojakasineet\/#primaryimage","url":"https:\/\/hunaja.fi\/wp-content\/uploads\/2022\/06\/bieno_air_kasineet.png","contentUrl":"https:\/\/hunaja.fi\/wp-content\/uploads\/2022\/06\/bieno_air_kasineet.png","width":3480,"height":2256,"caption":"Bieno air suojak\u00e4sineet"},{"@type":"BreadcrumbList","@id":"https:\/\/hunaja.fi\/tuote\/bieno-air-hengittavat-suojakasineet\/#breadcrumb","itemListElement":[{"@type":"ListItem","position":1,"name":"Etusivu","item":"https:\/\/hunaja.fi\/en\/"},{"@type":"ListItem","position":2,"name":"Tuotteet","item":"https:\/\/hunaja.fi\/kauppapaikka\/tuotteet\/"},{"@type":"ListItem","position":3,"name":"Suoja-asut","item":"https:\/\/hunaja.fi\/tuote-osasto\/suojaasut\/"},{"@type":"ListItem","position":4,"name":"Bieno Air hengitt\u00e4v\u00e4t suojak\u00e4sineet"}]},{"@type":"WebSite","@id":"https:\/\/hunaja.fi\/#website","url":"https:\/\/hunaja.fi\/","name":"Hunajayhtym\u00e4 Oy","description":"Nature Loves Finnish Floral Honey","publisher":{"@id":"https:\/\/hunaja.fi\/#organization"},"potentialAction":[{"@type":"SearchAction","target":{"@type":"EntryPoint","urlTemplate":"https:\/\/hunaja.fi\/?s={search_term_string}"},"query-input":{"@type":"PropertyValueSpecification","valueRequired":true,"valueName":"search_term_string"}}],"inLanguage":"en-US"},{"@type":"Organization","@id":"https:\/\/hunaja.fi\/#organization","name":"Hunajayhtym\u00e4 Oy","url":"https:\/\/hunaja.fi\/","logo":{"@type":"ImageObject","inLanguage":"en-US","@id":"https:\/\/hunaja.fi\/#\/schema\/logo\/image\/","url":"https:\/\/hunaja.fi\/wp-content\/uploads\/2021\/07\/Hunajayhtyma_Logo_VAAKA_slogan_cmyk-01.png","contentUrl":"https:\/\/hunaja.fi\/wp-content\/uploads\/2021\/07\/Hunajayhtyma_Logo_VAAKA_slogan_cmyk-01.png","width":656,"height":242,"caption":"Hunajayhtym\u00e4 Oy"},"image":{"@id":"https:\/\/hunaja.fi\/#\/schema\/logo\/image\/"}}]}},"_links":{"self":[{"href":"https:\/\/hunaja.fi\/en\/wp-json\/wp\/v2\/product\/36136","targetHints":{"allow":["GET"]}}],"collection":[{"href":"https:\/\/hunaja.fi\/en\/wp-json\/wp\/v2\/product"}],"about":[{"href":"https:\/\/hunaja.fi\/en\/wp-json\/wp\/v2\/types\/product"}],"wp:featuredmedia":[{"embeddable":true,"href":"https:\/\/hunaja.fi\/en\/wp-json\/wp\/v2\/media\/36137"}],"wp:attachment":[{"href":"https:\/\/hunaja.fi\/en\/wp-json\/wp\/v2\/media?parent=36136"}],"wp:term":[{"taxonomy":"product_brand","embeddable":true,"href":"https:\/\/hunaja.fi\/en\/wp-json\/wp\/v2\/product_brand?post=36136"},{"taxonomy":"product_cat","embeddable":true,"href":"https:\/\/hunaja.fi\/en\/wp-json\/wp\/v2\/product_cat?post=36136"},{"taxonomy":"product_tag","embeddable":true,"href":"https:\/\/hunaja.fi\/en\/wp-json\/wp\/v2\/product_tag?post=36136"}],"curies":[{"name":"wp","href":"https:\/\/api.w.org\/{rel}","templated":true}]}}