{"id":35791,"date":"2022-05-23T12:31:27","date_gmt":"2022-05-23T09:31:27","guid":{"rendered":"https:\/\/hunaja.fi\/?post_type=product&#038;p=35791"},"modified":"2025-03-26T08:51:52","modified_gmt":"2025-03-26T06:51:52","slug":"suojakasineet-haponkestavaa-kumia-2","status":"publish","type":"product","link":"https:\/\/hunaja.fi\/en\/tuote\/suojakasineet-haponkestavaa-kumia-2\/","title":{"rendered":"Suojak\u00e4sineet haponkest\u00e4v\u00e4\u00e4 kumia"},"content":{"rendered":"<p>Suojak\u00e4sineet haponkest\u00e4v\u00e4ll\u00e4 kumilla ja kuminauhalla.<br \/>\nValmistettu PVC:st\u00e4, vuorattu ja joustava.<br \/>\nPituus n. 65 cm, miesten koko nro 10-12.<\/p>\n","protected":false},"excerpt":{"rendered":"<p>Suojak\u00e4sineet haponkest\u00e4v\u00e4ll\u00e4 kumilla ja kuminauhalla. Valmistettu PVC:st\u00e4, vuorattu ja joustava. Pituus n. 65 cm, miesten koko nro 10-12.<\/p>\n","protected":false},"featured_media":35792,"template":"","meta":{"_acf_changed":false,"_improvement_type_select":"improve_an_existing","_thumb_yes_seoaic":false,"_frame_yes_seoaic":false,"seoaic_generate_description":"","seoaic_improve_instructions_prompt":"","seoaic_rollback_content_improvement":"","seoaic_idea_thumbnail_generator":"","thumbnail_generated":false,"thumbnail_generate_prompt":"","seoaic_article_description":"","site-sidebar-layout":"default","site-content-layout":"default","ast-site-content-layout":"default","site-content-style":"default","site-sidebar-style":"default","ast-global-header-display":"","ast-banner-title-visibility":"","ast-main-header-display":"","ast-hfb-above-header-display":"","ast-hfb-below-header-display":"","ast-hfb-mobile-header-display":"","site-post-title":"","ast-breadcrumbs-content":"","ast-featured-img":"","footer-sml-layout":"","ast-disable-related-posts":"","theme-transparent-header-meta":"default","adv-header-id-meta":"","stick-header-meta":"default","header-above-stick-meta":"","header-main-stick-meta":"","header-below-stick-meta":"","astra-migrate-meta-layouts":"set","ast-page-background-enabled":"default","ast-page-background-meta":{"desktop":{"background-color":"","background-image":"","background-repeat":"repeat","background-position":"center center","background-size":"auto","background-attachment":"scroll","background-type":"","background-media":"","overlay-type":"","overlay-color":"","overlay-opacity":"","overlay-gradient":""},"tablet":{"background-color":"","background-image":"","background-repeat":"repeat","background-position":"center center","background-size":"auto","background-attachment":"scroll","background-type":"","background-media":"","overlay-type":"","overlay-color":"","overlay-opacity":"","overlay-gradient":""},"mobile":{"background-color":"","background-image":"","background-repeat":"repeat","background-position":"center center","background-size":"auto","background-attachment":"scroll","background-type":"","background-media":"","overlay-type":"","overlay-color":"","overlay-opacity":"","overlay-gradient":""}},"ast-content-background-meta":{"desktop":{"background-color":"var(--ast-global-color-5)","background-image":"","background-repeat":"repeat","background-position":"center center","background-size":"auto","background-attachment":"scroll","background-type":"","background-media":"","overlay-type":"","overlay-color":"","overlay-opacity":"","overlay-gradient":""},"tablet":{"background-color":"var(--ast-global-color-5)","background-image":"","background-repeat":"repeat","background-position":"center center","background-size":"auto","background-attachment":"scroll","background-type":"","background-media":"","overlay-type":"","overlay-color":"","overlay-opacity":"","overlay-gradient":""},"mobile":{"background-color":"var(--ast-global-color-5)","background-image":"","background-repeat":"repeat","background-position":"center center","background-size":"auto","background-attachment":"scroll","background-type":"","background-media":"","overlay-type":"","overlay-color":"","overlay-opacity":"","overlay-gradient":""}}},"product_brand":[],"product_cat":[2035,15],"product_tag":[1873,1874,1872],"class_list":{"0":"post-35791","1":"product","2":"type-product","3":"status-publish","4":"has-post-thumbnail","6":"product_cat-suojakasineet","7":"product_cat-suojaasut","8":"product_tag-hanskat","9":"product_tag-haponkestavat","10":"product_tag-kasineet","11":"desktop-align-center","12":"tablet-align-center","13":"mobile-align-center","14":"ast-product-gallery-layout-horizontal","15":"ast-product-gallery-with-no-image","16":"ast-magnify-disabled","17":"ast-product-tabs-layout-horizontal","19":"first","20":"instock","21":"shipping-taxable","22":"purchasable","23":"product-type-simple"},"acf":[],"yoast_head":"<!-- This site is optimized with the Yoast SEO plugin v26.7 - https:\/\/yoast.com\/wordpress\/plugins\/seo\/ -->\n<title>Suojak\u00e4sineet haponkest\u00e4v\u00e4\u00e4 kumia - Hunajayhtym\u00e4 Oy<\/title>\n<meta name=\"description\" content=\"Suojak\u00e4sineet haponkest\u00e4v\u00e4ll\u00e4 kumilla ja kuminauhalla. Valmistettu PVC:st\u00e4, vuorattu ja joustava. Pituus n. 65 cm, miesten koko nro 10-12.\" \/>\n<meta name=\"robots\" content=\"index, follow, max-snippet:-1, max-image-preview:large, max-video-preview:-1\" \/>\n<link rel=\"canonical\" href=\"https:\/\/hunaja.fi\/tuote\/suojakasineet-haponkestavaa-kumia-2\/\" \/>\n<meta property=\"og:locale\" content=\"en_US\" \/>\n<meta property=\"og:type\" content=\"article\" \/>\n<meta property=\"og:title\" content=\"Suojak\u00e4sineet haponkest\u00e4v\u00e4\u00e4 kumia - Hunajayhtym\u00e4 Oy\" \/>\n<meta property=\"og:description\" content=\"Suojak\u00e4sineet haponkest\u00e4v\u00e4ll\u00e4 kumilla ja kuminauhalla. Valmistettu PVC:st\u00e4, vuorattu ja joustava. Pituus n. 65 cm, miesten koko nro 10-12.\" \/>\n<meta property=\"og:url\" content=\"https:\/\/hunaja.fi\/tuote\/suojakasineet-haponkestavaa-kumia-2\/\" \/>\n<meta property=\"og:site_name\" content=\"Hunajayhtym\u00e4 Oy\" \/>\n<meta property=\"article:modified_time\" content=\"2025-03-26T06:51:52+00:00\" \/>\n<meta property=\"og:image\" content=\"https:\/\/hunaja.fi\/wp-content\/uploads\/2022\/05\/kintaat.png\" \/>\n\t<meta property=\"og:image:width\" content=\"3450\" \/>\n\t<meta property=\"og:image:height\" content=\"2688\" \/>\n\t<meta property=\"og:image:type\" content=\"image\/png\" \/>\n<meta name=\"twitter:card\" content=\"summary_large_image\" \/>\n<meta name=\"twitter:label1\" content=\"Est. reading time\" \/>\n\t<meta name=\"twitter:data1\" content=\"1 minute\" \/>\n<script type=\"application\/ld+json\" class=\"yoast-schema-graph\">{\"@context\":\"https:\/\/schema.org\",\"@graph\":[{\"@type\":\"WebPage\",\"@id\":\"https:\/\/hunaja.fi\/tuote\/suojakasineet-haponkestavaa-kumia-2\/\",\"url\":\"https:\/\/hunaja.fi\/tuote\/suojakasineet-haponkestavaa-kumia-2\/\",\"name\":\"Suojak\u00e4sineet haponkest\u00e4v\u00e4\u00e4 kumia - Hunajayhtym\u00e4 Oy\",\"isPartOf\":{\"@id\":\"https:\/\/hunaja.fi\/#website\"},\"primaryImageOfPage\":{\"@id\":\"https:\/\/hunaja.fi\/tuote\/suojakasineet-haponkestavaa-kumia-2\/#primaryimage\"},\"image\":{\"@id\":\"https:\/\/hunaja.fi\/tuote\/suojakasineet-haponkestavaa-kumia-2\/#primaryimage\"},\"thumbnailUrl\":\"https:\/\/hunaja.fi\/wp-content\/uploads\/2022\/05\/kintaat.png\",\"datePublished\":\"2022-05-23T09:31:27+00:00\",\"dateModified\":\"2025-03-26T06:51:52+00:00\",\"description\":\"Suojak\u00e4sineet haponkest\u00e4v\u00e4ll\u00e4 kumilla ja kuminauhalla. Valmistettu PVC:st\u00e4, vuorattu ja joustava. Pituus n. 65 cm, miesten koko nro 10-12.\",\"breadcrumb\":{\"@id\":\"https:\/\/hunaja.fi\/tuote\/suojakasineet-haponkestavaa-kumia-2\/#breadcrumb\"},\"inLanguage\":\"en-US\",\"potentialAction\":[{\"@type\":\"ReadAction\",\"target\":[\"https:\/\/hunaja.fi\/tuote\/suojakasineet-haponkestavaa-kumia-2\/\"]}]},{\"@type\":\"ImageObject\",\"inLanguage\":\"en-US\",\"@id\":\"https:\/\/hunaja.fi\/tuote\/suojakasineet-haponkestavaa-kumia-2\/#primaryimage\",\"url\":\"https:\/\/hunaja.fi\/wp-content\/uploads\/2022\/05\/kintaat.png\",\"contentUrl\":\"https:\/\/hunaja.fi\/wp-content\/uploads\/2022\/05\/kintaat.png\",\"width\":3450,\"height\":2688},{\"@type\":\"BreadcrumbList\",\"@id\":\"https:\/\/hunaja.fi\/tuote\/suojakasineet-haponkestavaa-kumia-2\/#breadcrumb\",\"itemListElement\":[{\"@type\":\"ListItem\",\"position\":1,\"name\":\"Etusivu\",\"item\":\"https:\/\/hunaja.fi\/en\/\"},{\"@type\":\"ListItem\",\"position\":2,\"name\":\"Tuotteet\",\"item\":\"https:\/\/hunaja.fi\/kauppapaikka\/tuotteet\/\"},{\"@type\":\"ListItem\",\"position\":3,\"name\":\"Suoja-asut\",\"item\":\"https:\/\/hunaja.fi\/tuote-osasto\/suojaasut\/\"},{\"@type\":\"ListItem\",\"position\":4,\"name\":\"Suojak\u00e4sineet haponkest\u00e4v\u00e4\u00e4 kumia\"}]},{\"@type\":\"WebSite\",\"@id\":\"https:\/\/hunaja.fi\/#website\",\"url\":\"https:\/\/hunaja.fi\/\",\"name\":\"Hunajayhtym\u00e4 Oy\",\"description\":\"Nature Loves Finnish Floral Honey\",\"publisher\":{\"@id\":\"https:\/\/hunaja.fi\/#organization\"},\"potentialAction\":[{\"@type\":\"SearchAction\",\"target\":{\"@type\":\"EntryPoint\",\"urlTemplate\":\"https:\/\/hunaja.fi\/?s={search_term_string}\"},\"query-input\":{\"@type\":\"PropertyValueSpecification\",\"valueRequired\":true,\"valueName\":\"search_term_string\"}}],\"inLanguage\":\"en-US\"},{\"@type\":\"Organization\",\"@id\":\"https:\/\/hunaja.fi\/#organization\",\"name\":\"Hunajayhtym\u00e4 Oy\",\"url\":\"https:\/\/hunaja.fi\/\",\"logo\":{\"@type\":\"ImageObject\",\"inLanguage\":\"en-US\",\"@id\":\"https:\/\/hunaja.fi\/#\/schema\/logo\/image\/\",\"url\":\"https:\/\/hunaja.fi\/wp-content\/uploads\/2021\/07\/Hunajayhtyma_Logo_VAAKA_slogan_cmyk-01.png\",\"contentUrl\":\"https:\/\/hunaja.fi\/wp-content\/uploads\/2021\/07\/Hunajayhtyma_Logo_VAAKA_slogan_cmyk-01.png\",\"width\":656,\"height\":242,\"caption\":\"Hunajayhtym\u00e4 Oy\"},\"image\":{\"@id\":\"https:\/\/hunaja.fi\/#\/schema\/logo\/image\/\"}}]}<\/script>\n<!-- \/ Yoast SEO plugin. -->","yoast_head_json":{"title":"Suojak\u00e4sineet haponkest\u00e4v\u00e4\u00e4 kumia - Hunajayhtym\u00e4 Oy","description":"Suojak\u00e4sineet haponkest\u00e4v\u00e4ll\u00e4 kumilla ja kuminauhalla. Valmistettu PVC:st\u00e4, vuorattu ja joustava. Pituus n. 65 cm, miesten koko nro 10-12.","robots":{"index":"index","follow":"follow","max-snippet":"max-snippet:-1","max-image-preview":"max-image-preview:large","max-video-preview":"max-video-preview:-1"},"canonical":"https:\/\/hunaja.fi\/tuote\/suojakasineet-haponkestavaa-kumia-2\/","og_locale":"en_US","og_type":"article","og_title":"Suojak\u00e4sineet haponkest\u00e4v\u00e4\u00e4 kumia - Hunajayhtym\u00e4 Oy","og_description":"Suojak\u00e4sineet haponkest\u00e4v\u00e4ll\u00e4 kumilla ja kuminauhalla. Valmistettu PVC:st\u00e4, vuorattu ja joustava. Pituus n. 65 cm, miesten koko nro 10-12.","og_url":"https:\/\/hunaja.fi\/tuote\/suojakasineet-haponkestavaa-kumia-2\/","og_site_name":"Hunajayhtym\u00e4 Oy","article_modified_time":"2025-03-26T06:51:52+00:00","og_image":[{"url":"https:\/\/hunaja.fi\/wp-content\/uploads\/2022\/05\/kintaat.png","width":3450,"height":2688,"type":"image\/png"}],"twitter_card":"summary_large_image","twitter_misc":{"Est. reading time":"1 minute"},"schema":{"@context":"https:\/\/schema.org","@graph":[{"@type":"WebPage","@id":"https:\/\/hunaja.fi\/tuote\/suojakasineet-haponkestavaa-kumia-2\/","url":"https:\/\/hunaja.fi\/tuote\/suojakasineet-haponkestavaa-kumia-2\/","name":"Suojak\u00e4sineet haponkest\u00e4v\u00e4\u00e4 kumia - Hunajayhtym\u00e4 Oy","isPartOf":{"@id":"https:\/\/hunaja.fi\/#website"},"primaryImageOfPage":{"@id":"https:\/\/hunaja.fi\/tuote\/suojakasineet-haponkestavaa-kumia-2\/#primaryimage"},"image":{"@id":"https:\/\/hunaja.fi\/tuote\/suojakasineet-haponkestavaa-kumia-2\/#primaryimage"},"thumbnailUrl":"https:\/\/hunaja.fi\/wp-content\/uploads\/2022\/05\/kintaat.png","datePublished":"2022-05-23T09:31:27+00:00","dateModified":"2025-03-26T06:51:52+00:00","description":"Suojak\u00e4sineet haponkest\u00e4v\u00e4ll\u00e4 kumilla ja kuminauhalla. Valmistettu PVC:st\u00e4, vuorattu ja joustava. Pituus n. 65 cm, miesten koko nro 10-12.","breadcrumb":{"@id":"https:\/\/hunaja.fi\/tuote\/suojakasineet-haponkestavaa-kumia-2\/#breadcrumb"},"inLanguage":"en-US","potentialAction":[{"@type":"ReadAction","target":["https:\/\/hunaja.fi\/tuote\/suojakasineet-haponkestavaa-kumia-2\/"]}]},{"@type":"ImageObject","inLanguage":"en-US","@id":"https:\/\/hunaja.fi\/tuote\/suojakasineet-haponkestavaa-kumia-2\/#primaryimage","url":"https:\/\/hunaja.fi\/wp-content\/uploads\/2022\/05\/kintaat.png","contentUrl":"https:\/\/hunaja.fi\/wp-content\/uploads\/2022\/05\/kintaat.png","width":3450,"height":2688},{"@type":"BreadcrumbList","@id":"https:\/\/hunaja.fi\/tuote\/suojakasineet-haponkestavaa-kumia-2\/#breadcrumb","itemListElement":[{"@type":"ListItem","position":1,"name":"Etusivu","item":"https:\/\/hunaja.fi\/en\/"},{"@type":"ListItem","position":2,"name":"Tuotteet","item":"https:\/\/hunaja.fi\/kauppapaikka\/tuotteet\/"},{"@type":"ListItem","position":3,"name":"Suoja-asut","item":"https:\/\/hunaja.fi\/tuote-osasto\/suojaasut\/"},{"@type":"ListItem","position":4,"name":"Suojak\u00e4sineet haponkest\u00e4v\u00e4\u00e4 kumia"}]},{"@type":"WebSite","@id":"https:\/\/hunaja.fi\/#website","url":"https:\/\/hunaja.fi\/","name":"Hunajayhtym\u00e4 Oy","description":"Nature Loves Finnish Floral Honey","publisher":{"@id":"https:\/\/hunaja.fi\/#organization"},"potentialAction":[{"@type":"SearchAction","target":{"@type":"EntryPoint","urlTemplate":"https:\/\/hunaja.fi\/?s={search_term_string}"},"query-input":{"@type":"PropertyValueSpecification","valueRequired":true,"valueName":"search_term_string"}}],"inLanguage":"en-US"},{"@type":"Organization","@id":"https:\/\/hunaja.fi\/#organization","name":"Hunajayhtym\u00e4 Oy","url":"https:\/\/hunaja.fi\/","logo":{"@type":"ImageObject","inLanguage":"en-US","@id":"https:\/\/hunaja.fi\/#\/schema\/logo\/image\/","url":"https:\/\/hunaja.fi\/wp-content\/uploads\/2021\/07\/Hunajayhtyma_Logo_VAAKA_slogan_cmyk-01.png","contentUrl":"https:\/\/hunaja.fi\/wp-content\/uploads\/2021\/07\/Hunajayhtyma_Logo_VAAKA_slogan_cmyk-01.png","width":656,"height":242,"caption":"Hunajayhtym\u00e4 Oy"},"image":{"@id":"https:\/\/hunaja.fi\/#\/schema\/logo\/image\/"}}]}},"_links":{"self":[{"href":"https:\/\/hunaja.fi\/en\/wp-json\/wp\/v2\/product\/35791","targetHints":{"allow":["GET"]}}],"collection":[{"href":"https:\/\/hunaja.fi\/en\/wp-json\/wp\/v2\/product"}],"about":[{"href":"https:\/\/hunaja.fi\/en\/wp-json\/wp\/v2\/types\/product"}],"wp:featuredmedia":[{"embeddable":true,"href":"https:\/\/hunaja.fi\/en\/wp-json\/wp\/v2\/media\/35792"}],"wp:attachment":[{"href":"https:\/\/hunaja.fi\/en\/wp-json\/wp\/v2\/media?parent=35791"}],"wp:term":[{"taxonomy":"product_brand","embeddable":true,"href":"https:\/\/hunaja.fi\/en\/wp-json\/wp\/v2\/product_brand?post=35791"},{"taxonomy":"product_cat","embeddable":true,"href":"https:\/\/hunaja.fi\/en\/wp-json\/wp\/v2\/product_cat?post=35791"},{"taxonomy":"product_tag","embeddable":true,"href":"https:\/\/hunaja.fi\/en\/wp-json\/wp\/v2\/product_tag?post=35791"}],"curies":[{"name":"wp","href":"https:\/\/api.w.org\/{rel}","templated":true}]}}