{"id":28576,"date":"2021-08-18T11:50:10","date_gmt":"2021-08-18T08:50:10","guid":{"rendered":"https:\/\/hunaja.fi\/?post_type=product&#038;p=28576"},"modified":"2023-06-05T15:09:59","modified_gmt":"2023-06-05T12:09:59","slug":"syottolaatikko-mallia-best","status":"publish","type":"product","link":"https:\/\/hunaja.fi\/en\/tuote\/syottolaatikko-mallia-best\/","title":{"rendered":"Sy\u00f6tt\u00f6laatikko mallia BEST"},"content":{"rendered":"<p>Sy\u00f6tt\u00f6laatikko vesivaneria. Tilavuus 15L.<\/p>\n<p>Ulkomitat: 540*450*125 mm<\/p>\n","protected":false},"excerpt":{"rendered":"<p><img decoding=\"async\" class=\"alignnone size-full wp-image-28580\" src=\"https:\/\/hunaja.fi\/wp-content\/uploads\/2021\/08\/valmis2.jpg\" alt=\"\" width=\"500\" height=\"500\" srcset=\"https:\/\/hunaja.fi\/wp-content\/uploads\/2021\/08\/valmis2.jpg 500w, https:\/\/hunaja.fi\/wp-content\/uploads\/2021\/08\/valmis2-68x68.jpg 68w, https:\/\/hunaja.fi\/wp-content\/uploads\/2021\/08\/valmis2-88x88.jpg 88w, https:\/\/hunaja.fi\/wp-content\/uploads\/2021\/08\/valmis2-320x320.jpg 320w, https:\/\/hunaja.fi\/wp-content\/uploads\/2021\/08\/valmis2-150x150.jpg 150w, https:\/\/hunaja.fi\/wp-content\/uploads\/2021\/08\/valmis2-100x100.jpg 100w\" sizes=\"(max-width: 500px) 100vw, 500px\" \/><\/p>\n","protected":false},"featured_media":28577,"template":"","meta":{"_acf_changed":false,"_improvement_type_select":"improve_an_existing","_thumb_yes_seoaic":false,"_frame_yes_seoaic":false,"seoaic_generate_description":"","seoaic_improve_instructions_prompt":"","seoaic_rollback_content_improvement":"","seoaic_idea_thumbnail_generator":"","thumbnail_generated":false,"thumbnail_generate_prompt":"","seoaic_article_description":"","site-sidebar-layout":"default","site-content-layout":"default","ast-site-content-layout":"default","site-content-style":"default","site-sidebar-style":"default","ast-global-header-display":"","ast-banner-title-visibility":"","ast-main-header-display":"","ast-hfb-above-header-display":"","ast-hfb-below-header-display":"","ast-hfb-mobile-header-display":"","site-post-title":"","ast-breadcrumbs-content":"","ast-featured-img":"","footer-sml-layout":"","ast-disable-related-posts":"","theme-transparent-header-meta":"default","adv-header-id-meta":"","stick-header-meta":"default","header-above-stick-meta":"","header-main-stick-meta":"","header-below-stick-meta":"","astra-migrate-meta-layouts":"default","ast-page-background-enabled":"default","ast-page-background-meta":{"desktop":{"background-color":"","background-image":"","background-repeat":"repeat","background-position":"center center","background-size":"auto","background-attachment":"scroll","background-type":"","background-media":"","overlay-type":"","overlay-color":"","overlay-opacity":"","overlay-gradient":""},"tablet":{"background-color":"","background-image":"","background-repeat":"repeat","background-position":"center center","background-size":"auto","background-attachment":"scroll","background-type":"","background-media":"","overlay-type":"","overlay-color":"","overlay-opacity":"","overlay-gradient":""},"mobile":{"background-color":"","background-image":"","background-repeat":"repeat","background-position":"center center","background-size":"auto","background-attachment":"scroll","background-type":"","background-media":"","overlay-type":"","overlay-color":"","overlay-opacity":"","overlay-gradient":""}},"ast-content-background-meta":{"desktop":{"background-color":"var(--ast-global-color-5)","background-image":"","background-repeat":"repeat","background-position":"center center","background-size":"auto","background-attachment":"scroll","background-type":"","background-media":"","overlay-type":"","overlay-color":"","overlay-opacity":"","overlay-gradient":""},"tablet":{"background-color":"var(--ast-global-color-5)","background-image":"","background-repeat":"repeat","background-position":"center center","background-size":"auto","background-attachment":"scroll","background-type":"","background-media":"","overlay-type":"","overlay-color":"","overlay-opacity":"","overlay-gradient":""},"mobile":{"background-color":"var(--ast-global-color-5)","background-image":"","background-repeat":"repeat","background-position":"center center","background-size":"auto","background-attachment":"scroll","background-type":"","background-media":"","overlay-type":"","overlay-color":"","overlay-opacity":"","overlay-gradient":""}}},"product_brand":[],"product_cat":[528,1885,1887],"product_tag":[],"class_list":{"0":"post-28576","1":"product","2":"type-product","3":"status-publish","4":"has-post-thumbnail","6":"product_cat-pesakalusto","7":"product_cat-puukalusto","8":"product_cat-syottolaatikot","9":"desktop-align-center","10":"tablet-align-center","11":"mobile-align-center","12":"ast-product-gallery-layout-horizontal","13":"ast-product-gallery-with-no-image","14":"ast-magnify-disabled","15":"ast-product-tabs-layout-horizontal","17":"first","18":"instock","19":"shipping-taxable","20":"purchasable","21":"product-type-simple"},"acf":[],"yoast_head":"<!-- This site is optimized with the Yoast SEO plugin v26.7 - https:\/\/yoast.com\/wordpress\/plugins\/seo\/ -->\n<title>Sy\u00f6tt\u00f6laatikko mallia BEST - Hunajayhtym\u00e4 Oy<\/title>\n<meta name=\"robots\" content=\"index, follow, max-snippet:-1, max-image-preview:large, max-video-preview:-1\" \/>\n<link rel=\"canonical\" href=\"https:\/\/hunaja.fi\/tuote\/syottolaatikko-mallia-best\/\" \/>\n<meta property=\"og:locale\" content=\"en_US\" \/>\n<meta property=\"og:type\" content=\"article\" \/>\n<meta property=\"og:title\" content=\"Sy\u00f6tt\u00f6laatikko mallia BEST - Hunajayhtym\u00e4 Oy\" \/>\n<meta property=\"og:url\" content=\"https:\/\/hunaja.fi\/tuote\/syottolaatikko-mallia-best\/\" \/>\n<meta property=\"og:site_name\" content=\"Hunajayhtym\u00e4 Oy\" \/>\n<meta property=\"article:modified_time\" content=\"2023-06-05T12:09:59+00:00\" \/>\n<meta property=\"og:image\" content=\"https:\/\/hunaja.fi\/wp-content\/uploads\/2021\/08\/valmis1.jpg\" \/>\n\t<meta property=\"og:image:width\" content=\"500\" \/>\n\t<meta property=\"og:image:height\" content=\"500\" \/>\n\t<meta property=\"og:image:type\" content=\"image\/jpeg\" \/>\n<meta name=\"twitter:card\" content=\"summary_large_image\" \/>\n<meta name=\"twitter:label1\" content=\"Est. reading time\" \/>\n\t<meta name=\"twitter:data1\" content=\"1 minute\" \/>\n<script type=\"application\/ld+json\" class=\"yoast-schema-graph\">{\"@context\":\"https:\/\/schema.org\",\"@graph\":[{\"@type\":\"WebPage\",\"@id\":\"https:\/\/hunaja.fi\/tuote\/syottolaatikko-mallia-best\/\",\"url\":\"https:\/\/hunaja.fi\/tuote\/syottolaatikko-mallia-best\/\",\"name\":\"Sy\u00f6tt\u00f6laatikko mallia BEST - Hunajayhtym\u00e4 Oy\",\"isPartOf\":{\"@id\":\"https:\/\/hunaja.fi\/#website\"},\"primaryImageOfPage\":{\"@id\":\"https:\/\/hunaja.fi\/tuote\/syottolaatikko-mallia-best\/#primaryimage\"},\"image\":{\"@id\":\"https:\/\/hunaja.fi\/tuote\/syottolaatikko-mallia-best\/#primaryimage\"},\"thumbnailUrl\":\"https:\/\/hunaja.fi\/wp-content\/uploads\/2021\/08\/valmis1.jpg\",\"datePublished\":\"2021-08-18T08:50:10+00:00\",\"dateModified\":\"2023-06-05T12:09:59+00:00\",\"breadcrumb\":{\"@id\":\"https:\/\/hunaja.fi\/tuote\/syottolaatikko-mallia-best\/#breadcrumb\"},\"inLanguage\":\"en-US\",\"potentialAction\":[{\"@type\":\"ReadAction\",\"target\":[\"https:\/\/hunaja.fi\/tuote\/syottolaatikko-mallia-best\/\"]}]},{\"@type\":\"ImageObject\",\"inLanguage\":\"en-US\",\"@id\":\"https:\/\/hunaja.fi\/tuote\/syottolaatikko-mallia-best\/#primaryimage\",\"url\":\"https:\/\/hunaja.fi\/wp-content\/uploads\/2021\/08\/valmis1.jpg\",\"contentUrl\":\"https:\/\/hunaja.fi\/wp-content\/uploads\/2021\/08\/valmis1.jpg\",\"width\":500,\"height\":500},{\"@type\":\"BreadcrumbList\",\"@id\":\"https:\/\/hunaja.fi\/tuote\/syottolaatikko-mallia-best\/#breadcrumb\",\"itemListElement\":[{\"@type\":\"ListItem\",\"position\":1,\"name\":\"Etusivu\",\"item\":\"https:\/\/hunaja.fi\/en\/\"},{\"@type\":\"ListItem\",\"position\":2,\"name\":\"Tuotteet\",\"item\":\"https:\/\/hunaja.fi\/kauppapaikka\/tuotteet\/\"},{\"@type\":\"ListItem\",\"position\":3,\"name\":\"Pes\u00e4kalusto\",\"item\":\"https:\/\/hunaja.fi\/tuote-osasto\/pesakalusto\/\"},{\"@type\":\"ListItem\",\"position\":4,\"name\":\"Sy\u00f6tt\u00f6laatikko mallia BEST\"}]},{\"@type\":\"WebSite\",\"@id\":\"https:\/\/hunaja.fi\/#website\",\"url\":\"https:\/\/hunaja.fi\/\",\"name\":\"Hunajayhtym\u00e4 Oy\",\"description\":\"Nature Loves Finnish Floral Honey\",\"publisher\":{\"@id\":\"https:\/\/hunaja.fi\/#organization\"},\"potentialAction\":[{\"@type\":\"SearchAction\",\"target\":{\"@type\":\"EntryPoint\",\"urlTemplate\":\"https:\/\/hunaja.fi\/?s={search_term_string}\"},\"query-input\":{\"@type\":\"PropertyValueSpecification\",\"valueRequired\":true,\"valueName\":\"search_term_string\"}}],\"inLanguage\":\"en-US\"},{\"@type\":\"Organization\",\"@id\":\"https:\/\/hunaja.fi\/#organization\",\"name\":\"Hunajayhtym\u00e4 Oy\",\"url\":\"https:\/\/hunaja.fi\/\",\"logo\":{\"@type\":\"ImageObject\",\"inLanguage\":\"en-US\",\"@id\":\"https:\/\/hunaja.fi\/#\/schema\/logo\/image\/\",\"url\":\"https:\/\/hunaja.fi\/wp-content\/uploads\/2021\/07\/Hunajayhtyma_Logo_VAAKA_slogan_cmyk-01.png\",\"contentUrl\":\"https:\/\/hunaja.fi\/wp-content\/uploads\/2021\/07\/Hunajayhtyma_Logo_VAAKA_slogan_cmyk-01.png\",\"width\":656,\"height\":242,\"caption\":\"Hunajayhtym\u00e4 Oy\"},\"image\":{\"@id\":\"https:\/\/hunaja.fi\/#\/schema\/logo\/image\/\"}}]}<\/script>\n<!-- \/ Yoast SEO plugin. -->","yoast_head_json":{"title":"Sy\u00f6tt\u00f6laatikko mallia BEST - Hunajayhtym\u00e4 Oy","robots":{"index":"index","follow":"follow","max-snippet":"max-snippet:-1","max-image-preview":"max-image-preview:large","max-video-preview":"max-video-preview:-1"},"canonical":"https:\/\/hunaja.fi\/tuote\/syottolaatikko-mallia-best\/","og_locale":"en_US","og_type":"article","og_title":"Sy\u00f6tt\u00f6laatikko mallia BEST - Hunajayhtym\u00e4 Oy","og_url":"https:\/\/hunaja.fi\/tuote\/syottolaatikko-mallia-best\/","og_site_name":"Hunajayhtym\u00e4 Oy","article_modified_time":"2023-06-05T12:09:59+00:00","og_image":[{"width":500,"height":500,"url":"https:\/\/hunaja.fi\/wp-content\/uploads\/2021\/08\/valmis1.jpg","type":"image\/jpeg"}],"twitter_card":"summary_large_image","twitter_misc":{"Est. reading time":"1 minute"},"schema":{"@context":"https:\/\/schema.org","@graph":[{"@type":"WebPage","@id":"https:\/\/hunaja.fi\/tuote\/syottolaatikko-mallia-best\/","url":"https:\/\/hunaja.fi\/tuote\/syottolaatikko-mallia-best\/","name":"Sy\u00f6tt\u00f6laatikko mallia BEST - Hunajayhtym\u00e4 Oy","isPartOf":{"@id":"https:\/\/hunaja.fi\/#website"},"primaryImageOfPage":{"@id":"https:\/\/hunaja.fi\/tuote\/syottolaatikko-mallia-best\/#primaryimage"},"image":{"@id":"https:\/\/hunaja.fi\/tuote\/syottolaatikko-mallia-best\/#primaryimage"},"thumbnailUrl":"https:\/\/hunaja.fi\/wp-content\/uploads\/2021\/08\/valmis1.jpg","datePublished":"2021-08-18T08:50:10+00:00","dateModified":"2023-06-05T12:09:59+00:00","breadcrumb":{"@id":"https:\/\/hunaja.fi\/tuote\/syottolaatikko-mallia-best\/#breadcrumb"},"inLanguage":"en-US","potentialAction":[{"@type":"ReadAction","target":["https:\/\/hunaja.fi\/tuote\/syottolaatikko-mallia-best\/"]}]},{"@type":"ImageObject","inLanguage":"en-US","@id":"https:\/\/hunaja.fi\/tuote\/syottolaatikko-mallia-best\/#primaryimage","url":"https:\/\/hunaja.fi\/wp-content\/uploads\/2021\/08\/valmis1.jpg","contentUrl":"https:\/\/hunaja.fi\/wp-content\/uploads\/2021\/08\/valmis1.jpg","width":500,"height":500},{"@type":"BreadcrumbList","@id":"https:\/\/hunaja.fi\/tuote\/syottolaatikko-mallia-best\/#breadcrumb","itemListElement":[{"@type":"ListItem","position":1,"name":"Etusivu","item":"https:\/\/hunaja.fi\/en\/"},{"@type":"ListItem","position":2,"name":"Tuotteet","item":"https:\/\/hunaja.fi\/kauppapaikka\/tuotteet\/"},{"@type":"ListItem","position":3,"name":"Pes\u00e4kalusto","item":"https:\/\/hunaja.fi\/tuote-osasto\/pesakalusto\/"},{"@type":"ListItem","position":4,"name":"Sy\u00f6tt\u00f6laatikko mallia BEST"}]},{"@type":"WebSite","@id":"https:\/\/hunaja.fi\/#website","url":"https:\/\/hunaja.fi\/","name":"Hunajayhtym\u00e4 Oy","description":"Nature Loves Finnish Floral Honey","publisher":{"@id":"https:\/\/hunaja.fi\/#organization"},"potentialAction":[{"@type":"SearchAction","target":{"@type":"EntryPoint","urlTemplate":"https:\/\/hunaja.fi\/?s={search_term_string}"},"query-input":{"@type":"PropertyValueSpecification","valueRequired":true,"valueName":"search_term_string"}}],"inLanguage":"en-US"},{"@type":"Organization","@id":"https:\/\/hunaja.fi\/#organization","name":"Hunajayhtym\u00e4 Oy","url":"https:\/\/hunaja.fi\/","logo":{"@type":"ImageObject","inLanguage":"en-US","@id":"https:\/\/hunaja.fi\/#\/schema\/logo\/image\/","url":"https:\/\/hunaja.fi\/wp-content\/uploads\/2021\/07\/Hunajayhtyma_Logo_VAAKA_slogan_cmyk-01.png","contentUrl":"https:\/\/hunaja.fi\/wp-content\/uploads\/2021\/07\/Hunajayhtyma_Logo_VAAKA_slogan_cmyk-01.png","width":656,"height":242,"caption":"Hunajayhtym\u00e4 Oy"},"image":{"@id":"https:\/\/hunaja.fi\/#\/schema\/logo\/image\/"}}]}},"_links":{"self":[{"href":"https:\/\/hunaja.fi\/en\/wp-json\/wp\/v2\/product\/28576","targetHints":{"allow":["GET"]}}],"collection":[{"href":"https:\/\/hunaja.fi\/en\/wp-json\/wp\/v2\/product"}],"about":[{"href":"https:\/\/hunaja.fi\/en\/wp-json\/wp\/v2\/types\/product"}],"wp:featuredmedia":[{"embeddable":true,"href":"https:\/\/hunaja.fi\/en\/wp-json\/wp\/v2\/media\/28577"}],"wp:attachment":[{"href":"https:\/\/hunaja.fi\/en\/wp-json\/wp\/v2\/media?parent=28576"}],"wp:term":[{"taxonomy":"product_brand","embeddable":true,"href":"https:\/\/hunaja.fi\/en\/wp-json\/wp\/v2\/product_brand?post=28576"},{"taxonomy":"product_cat","embeddable":true,"href":"https:\/\/hunaja.fi\/en\/wp-json\/wp\/v2\/product_cat?post=28576"},{"taxonomy":"product_tag","embeddable":true,"href":"https:\/\/hunaja.fi\/en\/wp-json\/wp\/v2\/product_tag?post=28576"}],"curies":[{"name":"wp","href":"https:\/\/api.w.org\/{rel}","templated":true}]}}