{"id":28314,"date":"2021-08-05T13:35:01","date_gmt":"2021-08-05T10:35:01","guid":{"rendered":"https:\/\/hunaja.fi\/?post_type=product&#038;p=28314"},"modified":"2025-03-17T08:51:41","modified_gmt":"2025-03-17T06:51:41","slug":"muurahaishappoliina","status":"publish","type":"product","link":"https:\/\/hunaja.fi\/en\/tuote\/muurahaishappoliina\/","title":{"rendered":"Muurahaishappoliina"},"content":{"rendered":"<p>Muurahaishapolla torjutaan varroa- ja sisuspunkkia.<\/p>\n<p>Sy\u00f6vytt\u00e4v\u00e4 neste.<\/p>\n<p>Happoliina on tarkoitettu elokuussa, sadonkorjuun j\u00e4lkeen tapahtuvaan torjuntaan. Happoliina on pitk\u00e4aikaisk\u00e4sittely, joten yksi k\u00e4sittely riitt\u00e4\u00e4.<\/p>\n<p>Pussi leikataan auki kuvan mukaisesta kohdasta ja se asetetaan kehien p\u00e4\u00e4lle siten, ett\u00e4 happo haihtuu pes\u00e4n takaosaan. Liinaa vedet\u00e4\u00e4n jollakin apuv\u00e4lineell\u00e4 (pinsetit, pihdit) ulos noin 3 cm. Ty\u00f6ss\u00e4 on ehdottomasti k\u00e4ytett\u00e4v\u00e4 suojak\u00e4sineit\u00e4 ja muita tarvittavia suojav\u00e4lineit\u00e4. Pesuvett\u00e4 on varattava l\u00e4helle. Haihdunta kohta ei saa olla esteen\u00e4 mehil\u00e4isten kulkuun ruokintalaatikkoon. Haihduntaa voi s\u00e4\u00e4dell\u00e4 vet\u00e4m\u00e4ll\u00e4 liinaa pussista ulos enemm\u00e4n tai v\u00e4hemm\u00e4n kuin 3 cm. Haihduntaan vaikuttaa s\u00e4\u00e4 ja pes\u00e4n koko, sek\u00e4 kehien p\u00e4\u00e4ll\u00e4 olevan mehil\u00e4istien korkeus. Reilun viikon p\u00e4\u00e4st\u00e4 (sokeria lis\u00e4tt\u00e4ess\u00e4) voi tarkistaa haihduntaa ja ottaa tarvittaessa pussin pois ja j\u00e4tt\u00e4\u00e4 lopun hapon haihtumaan ilman pussia.<\/p>\n<p>Oikein tehtyn\u00e4 menetelm\u00e4 tappaa punkeista noin 80 %<\/p>\n<p>Oksaalihappotiputus on aina teht\u00e4v\u00e4 marraskuussa joka tapauksessa.<\/p>\n","protected":false},"excerpt":{"rendered":"<p>Muurahaishapolla torjutaan varroa- ja sisuspunkkia. Sy\u00f6vytt\u00e4v\u00e4 neste. Happoliina on tarkoitettu elokuussa, sadonkorjuun j\u00e4lkeen tapahtuvaan torjuntaan. Happoliina on pitk\u00e4aikaisk\u00e4sittely, joten yksi k\u00e4sittely riitt\u00e4\u00e4. Pussi leikataan auki kuvan mukaisesta kohdasta ja se asetetaan kehien p\u00e4\u00e4lle siten, ett\u00e4 happo haihtuu pes\u00e4n takaosaan. Liinaa vedet\u00e4\u00e4n jollakin apuv\u00e4lineell\u00e4 (pinsetit, pihdit) ulos noin 3 cm. Ty\u00f6ss\u00e4 on ehdottomasti k\u00e4ytett\u00e4v\u00e4 suojak\u00e4sineit\u00e4 ja [&hellip;]<\/p>\n","protected":false},"featured_media":28315,"template":"","meta":{"_acf_changed":false,"_improvement_type_select":"improve_an_existing","_thumb_yes_seoaic":false,"_frame_yes_seoaic":false,"seoaic_generate_description":"","seoaic_improve_instructions_prompt":"","seoaic_rollback_content_improvement":"","seoaic_idea_thumbnail_generator":"","thumbnail_generated":false,"thumbnail_generate_prompt":"","seoaic_article_description":"","site-sidebar-layout":"default","site-content-layout":"default","ast-site-content-layout":"default","site-content-style":"default","site-sidebar-style":"default","ast-global-header-display":"","ast-banner-title-visibility":"","ast-main-header-display":"","ast-hfb-above-header-display":"","ast-hfb-below-header-display":"","ast-hfb-mobile-header-display":"","site-post-title":"","ast-breadcrumbs-content":"","ast-featured-img":"","footer-sml-layout":"","ast-disable-related-posts":"","theme-transparent-header-meta":"default","adv-header-id-meta":"","stick-header-meta":"default","header-above-stick-meta":"","header-main-stick-meta":"","header-below-stick-meta":"","astra-migrate-meta-layouts":"set","ast-page-background-enabled":"default","ast-page-background-meta":{"desktop":{"background-color":"","background-image":"","background-repeat":"repeat","background-position":"center center","background-size":"auto","background-attachment":"scroll","background-type":"","background-media":"","overlay-type":"","overlay-color":"","overlay-opacity":"","overlay-gradient":""},"tablet":{"background-color":"","background-image":"","background-repeat":"repeat","background-position":"center center","background-size":"auto","background-attachment":"scroll","background-type":"","background-media":"","overlay-type":"","overlay-color":"","overlay-opacity":"","overlay-gradient":""},"mobile":{"background-color":"","background-image":"","background-repeat":"repeat","background-position":"center center","background-size":"auto","background-attachment":"scroll","background-type":"","background-media":"","overlay-type":"","overlay-color":"","overlay-opacity":"","overlay-gradient":""}},"ast-content-background-meta":{"desktop":{"background-color":"var(--ast-global-color-5)","background-image":"","background-repeat":"repeat","background-position":"center center","background-size":"auto","background-attachment":"scroll","background-type":"","background-media":"","overlay-type":"","overlay-color":"","overlay-opacity":"","overlay-gradient":""},"tablet":{"background-color":"var(--ast-global-color-5)","background-image":"","background-repeat":"repeat","background-position":"center center","background-size":"auto","background-attachment":"scroll","background-type":"","background-media":"","overlay-type":"","overlay-color":"","overlay-opacity":"","overlay-gradient":""},"mobile":{"background-color":"var(--ast-global-color-5)","background-image":"","background-repeat":"repeat","background-position":"center center","background-size":"auto","background-attachment":"scroll","background-type":"","background-media":"","overlay-type":"","overlay-color":"","overlay-opacity":"","overlay-gradient":""}}},"product_brand":[],"product_cat":[2024,197],"product_tag":[],"class_list":{"0":"post-28314","1":"product","2":"type-product","3":"status-publish","4":"has-post-thumbnail","6":"product_cat-hapot","7":"product_cat-tuholaisten-torjunta-hapot","8":"desktop-align-center","9":"tablet-align-center","10":"mobile-align-center","11":"ast-product-gallery-layout-horizontal","12":"ast-product-gallery-with-no-image","13":"ast-magnify-disabled","14":"ast-product-tabs-layout-horizontal","16":"first","17":"outofstock","18":"shipping-taxable","19":"purchasable","20":"product-type-simple"},"acf":[],"yoast_head":"<!-- This site is optimized with the Yoast SEO plugin v26.7 - https:\/\/yoast.com\/wordpress\/plugins\/seo\/ -->\n<title>Muurahaishappoliina - Hunajayhtym\u00e4 Oy<\/title>\n<meta name=\"description\" content=\"Muurahaishapolla torjutaan varroa- ja sisuspunkkia. Sy\u00f6vytt\u00e4v\u00e4 neste. Happoliina on tarkoitettu elokuussa, sadonkorjuun j\u00e4lkeen tapahtuvaan torjuntaan.\" \/>\n<meta name=\"robots\" content=\"index, follow, max-snippet:-1, max-image-preview:large, max-video-preview:-1\" \/>\n<link rel=\"canonical\" href=\"https:\/\/hunaja.fi\/tuote\/muurahaishappoliina\/\" \/>\n<meta property=\"og:locale\" content=\"en_US\" \/>\n<meta property=\"og:type\" content=\"article\" \/>\n<meta property=\"og:title\" content=\"Muurahaishappoliina - Hunajayhtym\u00e4 Oy\" \/>\n<meta property=\"og:description\" content=\"Muurahaishapolla torjutaan varroa- ja sisuspunkkia. Sy\u00f6vytt\u00e4v\u00e4 neste. Happoliina on tarkoitettu elokuussa, sadonkorjuun j\u00e4lkeen tapahtuvaan torjuntaan.\" \/>\n<meta property=\"og:url\" content=\"https:\/\/hunaja.fi\/tuote\/muurahaishappoliina\/\" \/>\n<meta property=\"og:site_name\" content=\"Hunajayhtym\u00e4 Oy\" \/>\n<meta property=\"article:modified_time\" content=\"2025-03-17T06:51:41+00:00\" \/>\n<meta property=\"og:image\" content=\"https:\/\/hunaja.fi\/wp-content\/uploads\/2021\/08\/valmis.jpg\" \/>\n\t<meta property=\"og:image:width\" content=\"500\" \/>\n\t<meta property=\"og:image:height\" content=\"500\" \/>\n\t<meta property=\"og:image:type\" content=\"image\/jpeg\" \/>\n<meta name=\"twitter:card\" content=\"summary_large_image\" \/>\n<meta name=\"twitter:label1\" content=\"Est. reading time\" \/>\n\t<meta name=\"twitter:data1\" content=\"2 minutes\" \/>\n<script type=\"application\/ld+json\" class=\"yoast-schema-graph\">{\"@context\":\"https:\/\/schema.org\",\"@graph\":[{\"@type\":\"WebPage\",\"@id\":\"https:\/\/hunaja.fi\/tuote\/muurahaishappoliina\/\",\"url\":\"https:\/\/hunaja.fi\/tuote\/muurahaishappoliina\/\",\"name\":\"Muurahaishappoliina - Hunajayhtym\u00e4 Oy\",\"isPartOf\":{\"@id\":\"https:\/\/hunaja.fi\/#website\"},\"primaryImageOfPage\":{\"@id\":\"https:\/\/hunaja.fi\/tuote\/muurahaishappoliina\/#primaryimage\"},\"image\":{\"@id\":\"https:\/\/hunaja.fi\/tuote\/muurahaishappoliina\/#primaryimage\"},\"thumbnailUrl\":\"https:\/\/hunaja.fi\/wp-content\/uploads\/2021\/08\/valmis.jpg\",\"datePublished\":\"2021-08-05T10:35:01+00:00\",\"dateModified\":\"2025-03-17T06:51:41+00:00\",\"description\":\"Muurahaishapolla torjutaan varroa- ja sisuspunkkia. Sy\u00f6vytt\u00e4v\u00e4 neste. Happoliina on tarkoitettu elokuussa, sadonkorjuun j\u00e4lkeen tapahtuvaan torjuntaan.\",\"breadcrumb\":{\"@id\":\"https:\/\/hunaja.fi\/tuote\/muurahaishappoliina\/#breadcrumb\"},\"inLanguage\":\"en-US\",\"potentialAction\":[{\"@type\":\"ReadAction\",\"target\":[\"https:\/\/hunaja.fi\/tuote\/muurahaishappoliina\/\"]}]},{\"@type\":\"ImageObject\",\"inLanguage\":\"en-US\",\"@id\":\"https:\/\/hunaja.fi\/tuote\/muurahaishappoliina\/#primaryimage\",\"url\":\"https:\/\/hunaja.fi\/wp-content\/uploads\/2021\/08\/valmis.jpg\",\"contentUrl\":\"https:\/\/hunaja.fi\/wp-content\/uploads\/2021\/08\/valmis.jpg\",\"width\":500,\"height\":500},{\"@type\":\"BreadcrumbList\",\"@id\":\"https:\/\/hunaja.fi\/tuote\/muurahaishappoliina\/#breadcrumb\",\"itemListElement\":[{\"@type\":\"ListItem\",\"position\":1,\"name\":\"Etusivu\",\"item\":\"https:\/\/hunaja.fi\/en\/\"},{\"@type\":\"ListItem\",\"position\":2,\"name\":\"Tuotteet\",\"item\":\"https:\/\/hunaja.fi\/kauppapaikka\/tuotteet\/\"},{\"@type\":\"ListItem\",\"position\":3,\"name\":\"Hapot, torjunta ja kaluston huolto\",\"item\":\"https:\/\/hunaja.fi\/tuote-osasto\/tuholaisten-torjunta-hapot\/\"},{\"@type\":\"ListItem\",\"position\":4,\"name\":\"Muurahaishappoliina\"}]},{\"@type\":\"WebSite\",\"@id\":\"https:\/\/hunaja.fi\/#website\",\"url\":\"https:\/\/hunaja.fi\/\",\"name\":\"Hunajayhtym\u00e4 Oy\",\"description\":\"Nature Loves Finnish Floral Honey\",\"publisher\":{\"@id\":\"https:\/\/hunaja.fi\/#organization\"},\"potentialAction\":[{\"@type\":\"SearchAction\",\"target\":{\"@type\":\"EntryPoint\",\"urlTemplate\":\"https:\/\/hunaja.fi\/?s={search_term_string}\"},\"query-input\":{\"@type\":\"PropertyValueSpecification\",\"valueRequired\":true,\"valueName\":\"search_term_string\"}}],\"inLanguage\":\"en-US\"},{\"@type\":\"Organization\",\"@id\":\"https:\/\/hunaja.fi\/#organization\",\"name\":\"Hunajayhtym\u00e4 Oy\",\"url\":\"https:\/\/hunaja.fi\/\",\"logo\":{\"@type\":\"ImageObject\",\"inLanguage\":\"en-US\",\"@id\":\"https:\/\/hunaja.fi\/#\/schema\/logo\/image\/\",\"url\":\"https:\/\/hunaja.fi\/wp-content\/uploads\/2021\/07\/Hunajayhtyma_Logo_VAAKA_slogan_cmyk-01.png\",\"contentUrl\":\"https:\/\/hunaja.fi\/wp-content\/uploads\/2021\/07\/Hunajayhtyma_Logo_VAAKA_slogan_cmyk-01.png\",\"width\":656,\"height\":242,\"caption\":\"Hunajayhtym\u00e4 Oy\"},\"image\":{\"@id\":\"https:\/\/hunaja.fi\/#\/schema\/logo\/image\/\"}}]}<\/script>\n<!-- \/ Yoast SEO plugin. -->","yoast_head_json":{"title":"Muurahaishappoliina - Hunajayhtym\u00e4 Oy","description":"Muurahaishapolla torjutaan varroa- ja sisuspunkkia. Sy\u00f6vytt\u00e4v\u00e4 neste. Happoliina on tarkoitettu elokuussa, sadonkorjuun j\u00e4lkeen tapahtuvaan torjuntaan.","robots":{"index":"index","follow":"follow","max-snippet":"max-snippet:-1","max-image-preview":"max-image-preview:large","max-video-preview":"max-video-preview:-1"},"canonical":"https:\/\/hunaja.fi\/tuote\/muurahaishappoliina\/","og_locale":"en_US","og_type":"article","og_title":"Muurahaishappoliina - Hunajayhtym\u00e4 Oy","og_description":"Muurahaishapolla torjutaan varroa- ja sisuspunkkia. Sy\u00f6vytt\u00e4v\u00e4 neste. Happoliina on tarkoitettu elokuussa, sadonkorjuun j\u00e4lkeen tapahtuvaan torjuntaan.","og_url":"https:\/\/hunaja.fi\/tuote\/muurahaishappoliina\/","og_site_name":"Hunajayhtym\u00e4 Oy","article_modified_time":"2025-03-17T06:51:41+00:00","og_image":[{"width":500,"height":500,"url":"https:\/\/hunaja.fi\/wp-content\/uploads\/2021\/08\/valmis.jpg","type":"image\/jpeg"}],"twitter_card":"summary_large_image","twitter_misc":{"Est. reading time":"2 minutes"},"schema":{"@context":"https:\/\/schema.org","@graph":[{"@type":"WebPage","@id":"https:\/\/hunaja.fi\/tuote\/muurahaishappoliina\/","url":"https:\/\/hunaja.fi\/tuote\/muurahaishappoliina\/","name":"Muurahaishappoliina - Hunajayhtym\u00e4 Oy","isPartOf":{"@id":"https:\/\/hunaja.fi\/#website"},"primaryImageOfPage":{"@id":"https:\/\/hunaja.fi\/tuote\/muurahaishappoliina\/#primaryimage"},"image":{"@id":"https:\/\/hunaja.fi\/tuote\/muurahaishappoliina\/#primaryimage"},"thumbnailUrl":"https:\/\/hunaja.fi\/wp-content\/uploads\/2021\/08\/valmis.jpg","datePublished":"2021-08-05T10:35:01+00:00","dateModified":"2025-03-17T06:51:41+00:00","description":"Muurahaishapolla torjutaan varroa- ja sisuspunkkia. Sy\u00f6vytt\u00e4v\u00e4 neste. Happoliina on tarkoitettu elokuussa, sadonkorjuun j\u00e4lkeen tapahtuvaan torjuntaan.","breadcrumb":{"@id":"https:\/\/hunaja.fi\/tuote\/muurahaishappoliina\/#breadcrumb"},"inLanguage":"en-US","potentialAction":[{"@type":"ReadAction","target":["https:\/\/hunaja.fi\/tuote\/muurahaishappoliina\/"]}]},{"@type":"ImageObject","inLanguage":"en-US","@id":"https:\/\/hunaja.fi\/tuote\/muurahaishappoliina\/#primaryimage","url":"https:\/\/hunaja.fi\/wp-content\/uploads\/2021\/08\/valmis.jpg","contentUrl":"https:\/\/hunaja.fi\/wp-content\/uploads\/2021\/08\/valmis.jpg","width":500,"height":500},{"@type":"BreadcrumbList","@id":"https:\/\/hunaja.fi\/tuote\/muurahaishappoliina\/#breadcrumb","itemListElement":[{"@type":"ListItem","position":1,"name":"Etusivu","item":"https:\/\/hunaja.fi\/en\/"},{"@type":"ListItem","position":2,"name":"Tuotteet","item":"https:\/\/hunaja.fi\/kauppapaikka\/tuotteet\/"},{"@type":"ListItem","position":3,"name":"Hapot, torjunta ja kaluston huolto","item":"https:\/\/hunaja.fi\/tuote-osasto\/tuholaisten-torjunta-hapot\/"},{"@type":"ListItem","position":4,"name":"Muurahaishappoliina"}]},{"@type":"WebSite","@id":"https:\/\/hunaja.fi\/#website","url":"https:\/\/hunaja.fi\/","name":"Hunajayhtym\u00e4 Oy","description":"Nature Loves Finnish Floral Honey","publisher":{"@id":"https:\/\/hunaja.fi\/#organization"},"potentialAction":[{"@type":"SearchAction","target":{"@type":"EntryPoint","urlTemplate":"https:\/\/hunaja.fi\/?s={search_term_string}"},"query-input":{"@type":"PropertyValueSpecification","valueRequired":true,"valueName":"search_term_string"}}],"inLanguage":"en-US"},{"@type":"Organization","@id":"https:\/\/hunaja.fi\/#organization","name":"Hunajayhtym\u00e4 Oy","url":"https:\/\/hunaja.fi\/","logo":{"@type":"ImageObject","inLanguage":"en-US","@id":"https:\/\/hunaja.fi\/#\/schema\/logo\/image\/","url":"https:\/\/hunaja.fi\/wp-content\/uploads\/2021\/07\/Hunajayhtyma_Logo_VAAKA_slogan_cmyk-01.png","contentUrl":"https:\/\/hunaja.fi\/wp-content\/uploads\/2021\/07\/Hunajayhtyma_Logo_VAAKA_slogan_cmyk-01.png","width":656,"height":242,"caption":"Hunajayhtym\u00e4 Oy"},"image":{"@id":"https:\/\/hunaja.fi\/#\/schema\/logo\/image\/"}}]}},"_links":{"self":[{"href":"https:\/\/hunaja.fi\/en\/wp-json\/wp\/v2\/product\/28314","targetHints":{"allow":["GET"]}}],"collection":[{"href":"https:\/\/hunaja.fi\/en\/wp-json\/wp\/v2\/product"}],"about":[{"href":"https:\/\/hunaja.fi\/en\/wp-json\/wp\/v2\/types\/product"}],"wp:featuredmedia":[{"embeddable":true,"href":"https:\/\/hunaja.fi\/en\/wp-json\/wp\/v2\/media\/28315"}],"wp:attachment":[{"href":"https:\/\/hunaja.fi\/en\/wp-json\/wp\/v2\/media?parent=28314"}],"wp:term":[{"taxonomy":"product_brand","embeddable":true,"href":"https:\/\/hunaja.fi\/en\/wp-json\/wp\/v2\/product_brand?post=28314"},{"taxonomy":"product_cat","embeddable":true,"href":"https:\/\/hunaja.fi\/en\/wp-json\/wp\/v2\/product_cat?post=28314"},{"taxonomy":"product_tag","embeddable":true,"href":"https:\/\/hunaja.fi\/en\/wp-json\/wp\/v2\/product_tag?post=28314"}],"curies":[{"name":"wp","href":"https:\/\/api.w.org\/{rel}","templated":true}]}}