{"id":2807,"date":"2013-11-22T00:00:00","date_gmt":"2013-11-21T22:00:00","guid":{"rendered":"https:\/\/www.hunaja.fi\/tuote\/mehilaisemo\/"},"modified":"2026-04-16T18:21:36","modified_gmt":"2026-04-16T15:21:36","slug":"mehilaisemo-varaa-nyt","status":"publish","type":"product","link":"https:\/\/hunaja.fi\/en\/tuote\/mehilaisemo-varaa-nyt\/","title":{"rendered":"Mehil\u00e4isemo"},"content":{"rendered":"<p>&nbsp;<\/p>\n<p>Toimitamme\u00a0 italialaisrotuisia mehil\u00e4isemoja toukokuussa ennakkoon j\u00e4tettyjen varausten perusteella. Kun emot ovat l\u00e4hetysvalmiina, soitamme asiakkaalle.<\/p>\n<p>Toimitus pikakirjeen\u00e4 hinta 10 eur tai noutona myym\u00e4l\u00e4st\u00e4.<\/p>\n<p>VARAA EMOT OMANA TILAUKSENAAN<\/p>\n<p>Hinta kev\u00e4\u00e4n emoihin. Yksi kappale 50,00 \u20ac,<\/p>\n<p>HUOM. TOIMITUKSET AJOITTUVAT KES\u00c4KUUN ALKUUN!<\/p>\n<p>&nbsp;<\/p>\n<p>&nbsp;<\/p>\n<p>&nbsp;<\/p>\n<p>&nbsp;<\/p>\n<p>&nbsp;<\/p>\n<p>&nbsp;<\/p>\n<p>&nbsp;<\/p>\n","protected":false},"excerpt":{"rendered":"<p>&nbsp; Toimitamme\u00a0 italialaisrotuisia mehil\u00e4isemoja toukokuussa ennakkoon j\u00e4tettyjen varausten perusteella. Kun emot ovat l\u00e4hetysvalmiina, soitamme asiakkaalle. Toimitus pikakirjeen\u00e4 hinta 10 eur tai noutona myym\u00e4l\u00e4st\u00e4. VARAA EMOT OMANA TILAUKSENAAN Hinta kev\u00e4\u00e4n emoihin. Yksi kappale 50,00 \u20ac, HUOM. TOIMITUKSET AJOITTUVAT KES\u00c4KUUN ALKUUN! &nbsp; &nbsp; &nbsp; &nbsp; &nbsp; &nbsp; &nbsp;<\/p>\n","protected":false},"featured_media":18841,"template":"","meta":{"_acf_changed":false,"_improvement_type_select":"improve_an_existing","_thumb_yes_seoaic":false,"_frame_yes_seoaic":false,"seoaic_generate_description":"","seoaic_improve_instructions_prompt":"","seoaic_rollback_content_improvement":"","seoaic_idea_thumbnail_generator":"","thumbnail_generated":false,"thumbnail_generate_prompt":"","seoaic_article_description":"","site-sidebar-layout":"default","site-content-layout":"default","ast-site-content-layout":"default","site-content-style":"default","site-sidebar-style":"default","ast-global-header-display":"","ast-banner-title-visibility":"","ast-main-header-display":"","ast-hfb-above-header-display":"","ast-hfb-below-header-display":"","ast-hfb-mobile-header-display":"","site-post-title":"","ast-breadcrumbs-content":"","ast-featured-img":"","footer-sml-layout":"","ast-disable-related-posts":"","theme-transparent-header-meta":"default","adv-header-id-meta":"","stick-header-meta":"default","header-above-stick-meta":"","header-main-stick-meta":"","header-below-stick-meta":"","astra-migrate-meta-layouts":"set","ast-page-background-enabled":"default","ast-page-background-meta":{"desktop":{"background-color":"","background-image":"","background-repeat":"repeat","background-position":"center center","background-size":"auto","background-attachment":"scroll","background-type":"","background-media":"","overlay-type":"","overlay-color":"","overlay-opacity":"","overlay-gradient":""},"tablet":{"background-color":"","background-image":"","background-repeat":"repeat","background-position":"center center","background-size":"auto","background-attachment":"scroll","background-type":"","background-media":"","overlay-type":"","overlay-color":"","overlay-opacity":"","overlay-gradient":""},"mobile":{"background-color":"","background-image":"","background-repeat":"repeat","background-position":"center center","background-size":"auto","background-attachment":"scroll","background-type":"","background-media":"","overlay-type":"","overlay-color":"","overlay-opacity":"","overlay-gradient":""}},"ast-content-background-meta":{"desktop":{"background-color":"var(--ast-global-color-5)","background-image":"","background-repeat":"repeat","background-position":"center center","background-size":"auto","background-attachment":"scroll","background-type":"","background-media":"","overlay-type":"","overlay-color":"","overlay-opacity":"","overlay-gradient":""},"tablet":{"background-color":"var(--ast-global-color-5)","background-image":"","background-repeat":"repeat","background-position":"center center","background-size":"auto","background-attachment":"scroll","background-type":"","background-media":"","overlay-type":"","overlay-color":"","overlay-opacity":"","overlay-gradient":""},"mobile":{"background-color":"var(--ast-global-color-5)","background-image":"","background-repeat":"repeat","background-position":"center center","background-size":"auto","background-attachment":"scroll","background-type":"","background-media":"","overlay-type":"","overlay-color":"","overlay-opacity":"","overlay-gradient":""}}},"product_brand":[],"product_cat":[16,1640],"product_tag":[],"class_list":{"0":"post-2807","1":"product","2":"type-product","3":"status-publish","4":"has-post-thumbnail","6":"product_cat-emotarvikkeet","7":"product_cat-elava-elainaines","8":"desktop-align-center","9":"tablet-align-center","10":"mobile-align-center","11":"ast-product-gallery-layout-horizontal","12":"ast-product-gallery-with-no-image","13":"ast-magnify-disabled","14":"ast-product-tabs-layout-horizontal","16":"first","17":"outofstock","18":"shipping-taxable","19":"purchasable","20":"product-type-simple"},"acf":[],"yoast_head":"<!-- This site is optimized with the Yoast SEO plugin v26.7 - https:\/\/yoast.com\/wordpress\/plugins\/seo\/ -->\n<title>Mehil\u00e4isemo - Hunajayhtym\u00e4 Oy<\/title>\n<meta name=\"description\" content=\"&nbsp; Toimitamme\u00a0 italialaisrotuisia mehil\u00e4isemoja toukokuussa ennakkoon j\u00e4tettyjen varausten perusteella. Kun emot ovat l\u00e4hetysvalmiina, soitamme\" \/>\n<meta name=\"robots\" content=\"index, follow, max-snippet:-1, max-image-preview:large, max-video-preview:-1\" \/>\n<link rel=\"canonical\" href=\"https:\/\/hunaja.fi\/tuote\/mehilaisemo-varaa-nyt\/\" \/>\n<meta property=\"og:locale\" content=\"en_US\" \/>\n<meta property=\"og:type\" content=\"article\" \/>\n<meta property=\"og:title\" content=\"Mehil\u00e4isemo - Hunajayhtym\u00e4 Oy\" \/>\n<meta property=\"og:description\" content=\"&nbsp; Toimitamme\u00a0 italialaisrotuisia mehil\u00e4isemoja toukokuussa ennakkoon j\u00e4tettyjen varausten perusteella. Kun emot ovat l\u00e4hetysvalmiina, soitamme\" \/>\n<meta property=\"og:url\" content=\"https:\/\/hunaja.fi\/tuote\/mehilaisemo-varaa-nyt\/\" \/>\n<meta property=\"og:site_name\" content=\"Hunajayhtym\u00e4 Oy\" \/>\n<meta property=\"article:modified_time\" content=\"2026-04-16T15:21:36+00:00\" \/>\n<meta property=\"og:image\" content=\"https:\/\/hunaja.fi\/wp-content\/uploads\/2013\/11\/queen-bee-mainokseen-2019.jpg\" \/>\n\t<meta property=\"og:image:width\" content=\"960\" \/>\n\t<meta property=\"og:image:height\" content=\"638\" \/>\n\t<meta property=\"og:image:type\" content=\"image\/jpeg\" \/>\n<meta name=\"twitter:card\" content=\"summary_large_image\" \/>\n<meta name=\"twitter:label1\" content=\"Est. reading time\" \/>\n\t<meta name=\"twitter:data1\" content=\"1 minute\" \/>\n<script type=\"application\/ld+json\" class=\"yoast-schema-graph\">{\"@context\":\"https:\/\/schema.org\",\"@graph\":[{\"@type\":\"WebPage\",\"@id\":\"https:\/\/hunaja.fi\/tuote\/mehilaisemo-varaa-nyt\/\",\"url\":\"https:\/\/hunaja.fi\/tuote\/mehilaisemo-varaa-nyt\/\",\"name\":\"Mehil\u00e4isemo - Hunajayhtym\u00e4 Oy\",\"isPartOf\":{\"@id\":\"https:\/\/hunaja.fi\/#website\"},\"primaryImageOfPage\":{\"@id\":\"https:\/\/hunaja.fi\/tuote\/mehilaisemo-varaa-nyt\/#primaryimage\"},\"image\":{\"@id\":\"https:\/\/hunaja.fi\/tuote\/mehilaisemo-varaa-nyt\/#primaryimage\"},\"thumbnailUrl\":\"https:\/\/hunaja.fi\/wp-content\/uploads\/2013\/11\/queen-bee-mainokseen-2019.jpg\",\"datePublished\":\"2013-11-21T22:00:00+00:00\",\"dateModified\":\"2026-04-16T15:21:36+00:00\",\"description\":\"&nbsp; Toimitamme\u00a0 italialaisrotuisia mehil\u00e4isemoja toukokuussa ennakkoon j\u00e4tettyjen varausten perusteella. Kun emot ovat l\u00e4hetysvalmiina, soitamme\",\"breadcrumb\":{\"@id\":\"https:\/\/hunaja.fi\/tuote\/mehilaisemo-varaa-nyt\/#breadcrumb\"},\"inLanguage\":\"en-US\",\"potentialAction\":[{\"@type\":\"ReadAction\",\"target\":[\"https:\/\/hunaja.fi\/tuote\/mehilaisemo-varaa-nyt\/\"]}]},{\"@type\":\"ImageObject\",\"inLanguage\":\"en-US\",\"@id\":\"https:\/\/hunaja.fi\/tuote\/mehilaisemo-varaa-nyt\/#primaryimage\",\"url\":\"https:\/\/hunaja.fi\/wp-content\/uploads\/2013\/11\/queen-bee-mainokseen-2019.jpg\",\"contentUrl\":\"https:\/\/hunaja.fi\/wp-content\/uploads\/2013\/11\/queen-bee-mainokseen-2019.jpg\",\"width\":960,\"height\":638},{\"@type\":\"BreadcrumbList\",\"@id\":\"https:\/\/hunaja.fi\/tuote\/mehilaisemo-varaa-nyt\/#breadcrumb\",\"itemListElement\":[{\"@type\":\"ListItem\",\"position\":1,\"name\":\"Etusivu\",\"item\":\"https:\/\/hunaja.fi\/en\/\"},{\"@type\":\"ListItem\",\"position\":2,\"name\":\"Tuotteet\",\"item\":\"https:\/\/hunaja.fi\/kauppapaikka\/tuotteet\/\"},{\"@type\":\"ListItem\",\"position\":3,\"name\":\"Emotarvikkeet\",\"item\":\"https:\/\/hunaja.fi\/tuote-osasto\/emotarvikkeet\/\"},{\"@type\":\"ListItem\",\"position\":4,\"name\":\"Mehil\u00e4isemo\"}]},{\"@type\":\"WebSite\",\"@id\":\"https:\/\/hunaja.fi\/#website\",\"url\":\"https:\/\/hunaja.fi\/\",\"name\":\"Hunajayhtym\u00e4 Oy\",\"description\":\"Nature Loves Finnish Floral Honey\",\"publisher\":{\"@id\":\"https:\/\/hunaja.fi\/#organization\"},\"potentialAction\":[{\"@type\":\"SearchAction\",\"target\":{\"@type\":\"EntryPoint\",\"urlTemplate\":\"https:\/\/hunaja.fi\/?s={search_term_string}\"},\"query-input\":{\"@type\":\"PropertyValueSpecification\",\"valueRequired\":true,\"valueName\":\"search_term_string\"}}],\"inLanguage\":\"en-US\"},{\"@type\":\"Organization\",\"@id\":\"https:\/\/hunaja.fi\/#organization\",\"name\":\"Hunajayhtym\u00e4 Oy\",\"url\":\"https:\/\/hunaja.fi\/\",\"logo\":{\"@type\":\"ImageObject\",\"inLanguage\":\"en-US\",\"@id\":\"https:\/\/hunaja.fi\/#\/schema\/logo\/image\/\",\"url\":\"https:\/\/hunaja.fi\/wp-content\/uploads\/2021\/07\/Hunajayhtyma_Logo_VAAKA_slogan_cmyk-01.png\",\"contentUrl\":\"https:\/\/hunaja.fi\/wp-content\/uploads\/2021\/07\/Hunajayhtyma_Logo_VAAKA_slogan_cmyk-01.png\",\"width\":656,\"height\":242,\"caption\":\"Hunajayhtym\u00e4 Oy\"},\"image\":{\"@id\":\"https:\/\/hunaja.fi\/#\/schema\/logo\/image\/\"}}]}<\/script>\n<!-- \/ Yoast SEO plugin. -->","yoast_head_json":{"title":"Mehil\u00e4isemo - Hunajayhtym\u00e4 Oy","description":"&nbsp; Toimitamme\u00a0 italialaisrotuisia mehil\u00e4isemoja toukokuussa ennakkoon j\u00e4tettyjen varausten perusteella. Kun emot ovat l\u00e4hetysvalmiina, soitamme","robots":{"index":"index","follow":"follow","max-snippet":"max-snippet:-1","max-image-preview":"max-image-preview:large","max-video-preview":"max-video-preview:-1"},"canonical":"https:\/\/hunaja.fi\/tuote\/mehilaisemo-varaa-nyt\/","og_locale":"en_US","og_type":"article","og_title":"Mehil\u00e4isemo - Hunajayhtym\u00e4 Oy","og_description":"&nbsp; Toimitamme\u00a0 italialaisrotuisia mehil\u00e4isemoja toukokuussa ennakkoon j\u00e4tettyjen varausten perusteella. Kun emot ovat l\u00e4hetysvalmiina, soitamme","og_url":"https:\/\/hunaja.fi\/tuote\/mehilaisemo-varaa-nyt\/","og_site_name":"Hunajayhtym\u00e4 Oy","article_modified_time":"2026-04-16T15:21:36+00:00","og_image":[{"width":960,"height":638,"url":"https:\/\/hunaja.fi\/wp-content\/uploads\/2013\/11\/queen-bee-mainokseen-2019.jpg","type":"image\/jpeg"}],"twitter_card":"summary_large_image","twitter_misc":{"Est. reading time":"1 minute"},"schema":{"@context":"https:\/\/schema.org","@graph":[{"@type":"WebPage","@id":"https:\/\/hunaja.fi\/tuote\/mehilaisemo-varaa-nyt\/","url":"https:\/\/hunaja.fi\/tuote\/mehilaisemo-varaa-nyt\/","name":"Mehil\u00e4isemo - Hunajayhtym\u00e4 Oy","isPartOf":{"@id":"https:\/\/hunaja.fi\/#website"},"primaryImageOfPage":{"@id":"https:\/\/hunaja.fi\/tuote\/mehilaisemo-varaa-nyt\/#primaryimage"},"image":{"@id":"https:\/\/hunaja.fi\/tuote\/mehilaisemo-varaa-nyt\/#primaryimage"},"thumbnailUrl":"https:\/\/hunaja.fi\/wp-content\/uploads\/2013\/11\/queen-bee-mainokseen-2019.jpg","datePublished":"2013-11-21T22:00:00+00:00","dateModified":"2026-04-16T15:21:36+00:00","description":"&nbsp; Toimitamme\u00a0 italialaisrotuisia mehil\u00e4isemoja toukokuussa ennakkoon j\u00e4tettyjen varausten perusteella. Kun emot ovat l\u00e4hetysvalmiina, soitamme","breadcrumb":{"@id":"https:\/\/hunaja.fi\/tuote\/mehilaisemo-varaa-nyt\/#breadcrumb"},"inLanguage":"en-US","potentialAction":[{"@type":"ReadAction","target":["https:\/\/hunaja.fi\/tuote\/mehilaisemo-varaa-nyt\/"]}]},{"@type":"ImageObject","inLanguage":"en-US","@id":"https:\/\/hunaja.fi\/tuote\/mehilaisemo-varaa-nyt\/#primaryimage","url":"https:\/\/hunaja.fi\/wp-content\/uploads\/2013\/11\/queen-bee-mainokseen-2019.jpg","contentUrl":"https:\/\/hunaja.fi\/wp-content\/uploads\/2013\/11\/queen-bee-mainokseen-2019.jpg","width":960,"height":638},{"@type":"BreadcrumbList","@id":"https:\/\/hunaja.fi\/tuote\/mehilaisemo-varaa-nyt\/#breadcrumb","itemListElement":[{"@type":"ListItem","position":1,"name":"Etusivu","item":"https:\/\/hunaja.fi\/en\/"},{"@type":"ListItem","position":2,"name":"Tuotteet","item":"https:\/\/hunaja.fi\/kauppapaikka\/tuotteet\/"},{"@type":"ListItem","position":3,"name":"Emotarvikkeet","item":"https:\/\/hunaja.fi\/tuote-osasto\/emotarvikkeet\/"},{"@type":"ListItem","position":4,"name":"Mehil\u00e4isemo"}]},{"@type":"WebSite","@id":"https:\/\/hunaja.fi\/#website","url":"https:\/\/hunaja.fi\/","name":"Hunajayhtym\u00e4 Oy","description":"Nature Loves Finnish Floral Honey","publisher":{"@id":"https:\/\/hunaja.fi\/#organization"},"potentialAction":[{"@type":"SearchAction","target":{"@type":"EntryPoint","urlTemplate":"https:\/\/hunaja.fi\/?s={search_term_string}"},"query-input":{"@type":"PropertyValueSpecification","valueRequired":true,"valueName":"search_term_string"}}],"inLanguage":"en-US"},{"@type":"Organization","@id":"https:\/\/hunaja.fi\/#organization","name":"Hunajayhtym\u00e4 Oy","url":"https:\/\/hunaja.fi\/","logo":{"@type":"ImageObject","inLanguage":"en-US","@id":"https:\/\/hunaja.fi\/#\/schema\/logo\/image\/","url":"https:\/\/hunaja.fi\/wp-content\/uploads\/2021\/07\/Hunajayhtyma_Logo_VAAKA_slogan_cmyk-01.png","contentUrl":"https:\/\/hunaja.fi\/wp-content\/uploads\/2021\/07\/Hunajayhtyma_Logo_VAAKA_slogan_cmyk-01.png","width":656,"height":242,"caption":"Hunajayhtym\u00e4 Oy"},"image":{"@id":"https:\/\/hunaja.fi\/#\/schema\/logo\/image\/"}}]}},"_links":{"self":[{"href":"https:\/\/hunaja.fi\/en\/wp-json\/wp\/v2\/product\/2807","targetHints":{"allow":["GET"]}}],"collection":[{"href":"https:\/\/hunaja.fi\/en\/wp-json\/wp\/v2\/product"}],"about":[{"href":"https:\/\/hunaja.fi\/en\/wp-json\/wp\/v2\/types\/product"}],"wp:featuredmedia":[{"embeddable":true,"href":"https:\/\/hunaja.fi\/en\/wp-json\/wp\/v2\/media\/18841"}],"wp:attachment":[{"href":"https:\/\/hunaja.fi\/en\/wp-json\/wp\/v2\/media?parent=2807"}],"wp:term":[{"taxonomy":"product_brand","embeddable":true,"href":"https:\/\/hunaja.fi\/en\/wp-json\/wp\/v2\/product_brand?post=2807"},{"taxonomy":"product_cat","embeddable":true,"href":"https:\/\/hunaja.fi\/en\/wp-json\/wp\/v2\/product_cat?post=2807"},{"taxonomy":"product_tag","embeddable":true,"href":"https:\/\/hunaja.fi\/en\/wp-json\/wp\/v2\/product_tag?post=2807"}],"curies":[{"name":"wp","href":"https:\/\/api.w.org\/{rel}","templated":true}]}}