{"id":2786,"date":"2013-11-22T00:00:00","date_gmt":"2013-11-21T22:00:00","guid":{"rendered":"https:\/\/www.hunaja.fi\/tuote\/tymolityyny-17-g-5-kpl\/"},"modified":"2023-06-27T14:39:12","modified_gmt":"2023-06-27T11:39:12","slug":"tymolityyny-17-g-5-kpl","status":"publish","type":"product","link":"https:\/\/hunaja.fi\/en\/tuote\/tymolityyny-17-g-5-kpl\/","title":{"rendered":"Tymolityyny 17 g 5 kpl"},"content":{"rendered":"<p>Tymoltyyny asetetaan ylimm\u00e4n osaston keh\u00e4listojen p\u00e4\u00e4lle, pes\u00e4n takaosaan keskelle. Torjunnan kesto 4 viikkoa. Hunajan korjuun ja ensimm\u00e4isen ruokinnan j\u00e4lkeen. K\u00e4ytet\u00e4\u00e4n Farrar-pesiss\u00e4, yksi tyyny per kaksi osastoa.<\/p>\n<p>&nbsp;<\/p>\n<p><img decoding=\"async\" class=\"alignnone wp-image-34559\" src=\"https:\/\/hunaja.fi\/wp-content\/uploads\/2013\/11\/Symboli_ilmaisee_syovyttavia_aineita.jpg\" alt=\"\" width=\"70\" height=\"70\" srcset=\"https:\/\/hunaja.fi\/wp-content\/uploads\/2013\/11\/Symboli_ilmaisee_syovyttavia_aineita.jpg 150w, https:\/\/hunaja.fi\/wp-content\/uploads\/2013\/11\/Symboli_ilmaisee_syovyttavia_aineita-68x68.jpg 68w, https:\/\/hunaja.fi\/wp-content\/uploads\/2013\/11\/Symboli_ilmaisee_syovyttavia_aineita-88x88.jpg 88w, https:\/\/hunaja.fi\/wp-content\/uploads\/2013\/11\/Symboli_ilmaisee_syovyttavia_aineita-100x100.jpg 100w\" sizes=\"(max-width: 70px) 100vw, 70px\" \/><img decoding=\"async\" class=\"alignnone wp-image-34580\" src=\"https:\/\/hunaja.fi\/wp-content\/uploads\/2013\/11\/Symboli_ilmaisee_haitallisia_arsyttavia_herkistavia_ja_otsonikerrokselle_vaarallisia_aineita.jpg\" alt=\"\" width=\"70\" height=\"70\" srcset=\"https:\/\/hunaja.fi\/wp-content\/uploads\/2013\/11\/Symboli_ilmaisee_haitallisia_arsyttavia_herkistavia_ja_otsonikerrokselle_vaarallisia_aineita.jpg 150w, https:\/\/hunaja.fi\/wp-content\/uploads\/2013\/11\/Symboli_ilmaisee_haitallisia_arsyttavia_herkistavia_ja_otsonikerrokselle_vaarallisia_aineita-68x68.jpg 68w, https:\/\/hunaja.fi\/wp-content\/uploads\/2013\/11\/Symboli_ilmaisee_haitallisia_arsyttavia_herkistavia_ja_otsonikerrokselle_vaarallisia_aineita-88x88.jpg 88w, https:\/\/hunaja.fi\/wp-content\/uploads\/2013\/11\/Symboli_ilmaisee_haitallisia_arsyttavia_herkistavia_ja_otsonikerrokselle_vaarallisia_aineita-100x100.jpg 100w\" sizes=\"(max-width: 70px) 100vw, 70px\" \/><img decoding=\"async\" class=\"alignnone wp-image-34644\" src=\"https:\/\/hunaja.fi\/wp-content\/uploads\/2022\/03\/Symboli_ilmaisee_ymparistolle_vaarallisia_aineita.jpg\" alt=\"\" width=\"70\" height=\"70\" srcset=\"https:\/\/hunaja.fi\/wp-content\/uploads\/2022\/03\/Symboli_ilmaisee_ymparistolle_vaarallisia_aineita.jpg 150w, https:\/\/hunaja.fi\/wp-content\/uploads\/2022\/03\/Symboli_ilmaisee_ymparistolle_vaarallisia_aineita-68x68.jpg 68w, https:\/\/hunaja.fi\/wp-content\/uploads\/2022\/03\/Symboli_ilmaisee_ymparistolle_vaarallisia_aineita-88x88.jpg 88w, https:\/\/hunaja.fi\/wp-content\/uploads\/2022\/03\/Symboli_ilmaisee_ymparistolle_vaarallisia_aineita-100x100.jpg 100w\" sizes=\"(max-width: 70px) 100vw, 70px\" \/><\/p>\n<p><strong>H302<\/strong> Haitallista nieltyn\u00e4<\/p>\n<p><strong>H314<\/strong> Voimakkaasti ihoa sy\u00f6vytt\u00e4v\u00e4\u00e4 ja silmi\u00e4 vaurioittavaa<\/p>\n<p><strong>H411<\/strong> Myrkyllist\u00e4 vesieli\u00f6ille, pitk\u00e4aikaisia haittavaikutuksia<\/p>\n<p><strong>P280<\/strong> K\u00e4yt\u00e4 suojavaatetusta, suojak\u00e4sineit\u00e4, kasvonsuojainta<\/p>\n<p><strong>P301+P312<\/strong> JOS KEMIKAALIA ON NIELTY: Ota yhteys MYRKYTYSTIETOKESKUKSEEN jos ilmenee pahoinvointia<\/p>\n<p><strong>P331<\/strong> EI saa oksennuttaa<\/p>\n<p><strong>P302+P352<\/strong> JOS KEMIKAALIA JOUTUU IHOLLE: Pese runsaalla vedell\u00e4<\/p>\n<p><a href=\"https:\/\/hunaja.fi\/wp-content\/uploads\/2022\/03\/EDQM_201600896_1.0_SDS_FI.pdf\" target=\"_blank\" rel=\"noopener\">Lataa k\u00e4ytt\u00f6turvallisuustiedote<\/a><\/p>\n","protected":false},"excerpt":{"rendered":"<p>Tymoltyyny asetetaan ylimm\u00e4n osaston keh\u00e4listojen p\u00e4\u00e4lle, pes\u00e4n takaosaan keskelle. Torjunnan kesto 4 viikkoa. Hunajan korjuun ja ensimm\u00e4isen ruokinnan j\u00e4lkeen. K\u00e4ytet\u00e4\u00e4n Farrar-pesiss\u00e4, yksi tyyny per kaksi osastoa. &nbsp; H302 Haitallista nieltyn\u00e4 H314 Voimakkaasti ihoa sy\u00f6vytt\u00e4v\u00e4\u00e4 ja silmi\u00e4 vaurioittavaa H411 Myrkyllist\u00e4 vesieli\u00f6ille, pitk\u00e4aikaisia haittavaikutuksia P280 K\u00e4yt\u00e4 suojavaatetusta, suojak\u00e4sineit\u00e4, kasvonsuojainta P301+P312 JOS KEMIKAALIA ON NIELTY: Ota yhteys MYRKYTYSTIETOKESKUKSEEN [&hellip;]<\/p>\n","protected":false},"featured_media":9896,"template":"","meta":{"_acf_changed":false,"_improvement_type_select":"improve_an_existing","_thumb_yes_seoaic":false,"_frame_yes_seoaic":false,"seoaic_generate_description":"","seoaic_improve_instructions_prompt":"","seoaic_rollback_content_improvement":"","seoaic_idea_thumbnail_generator":"","thumbnail_generated":false,"thumbnail_generate_prompt":"","seoaic_article_description":"","site-sidebar-layout":"default","site-content-layout":"default","ast-site-content-layout":"default","site-content-style":"default","site-sidebar-style":"default","ast-global-header-display":"","ast-banner-title-visibility":"","ast-main-header-display":"","ast-hfb-above-header-display":"","ast-hfb-below-header-display":"","ast-hfb-mobile-header-display":"","site-post-title":"","ast-breadcrumbs-content":"","ast-featured-img":"","footer-sml-layout":"","ast-disable-related-posts":"","theme-transparent-header-meta":"default","adv-header-id-meta":"","stick-header-meta":"default","header-above-stick-meta":"","header-main-stick-meta":"","header-below-stick-meta":"","astra-migrate-meta-layouts":"default","ast-page-background-enabled":"default","ast-page-background-meta":{"desktop":{"background-color":"","background-image":"","background-repeat":"repeat","background-position":"center center","background-size":"auto","background-attachment":"scroll","background-type":"","background-media":"","overlay-type":"","overlay-color":"","overlay-opacity":"","overlay-gradient":""},"tablet":{"background-color":"","background-image":"","background-repeat":"repeat","background-position":"center center","background-size":"auto","background-attachment":"scroll","background-type":"","background-media":"","overlay-type":"","overlay-color":"","overlay-opacity":"","overlay-gradient":""},"mobile":{"background-color":"","background-image":"","background-repeat":"repeat","background-position":"center center","background-size":"auto","background-attachment":"scroll","background-type":"","background-media":"","overlay-type":"","overlay-color":"","overlay-opacity":"","overlay-gradient":""}},"ast-content-background-meta":{"desktop":{"background-color":"var(--ast-global-color-5)","background-image":"","background-repeat":"repeat","background-position":"center center","background-size":"auto","background-attachment":"scroll","background-type":"","background-media":"","overlay-type":"","overlay-color":"","overlay-opacity":"","overlay-gradient":""},"tablet":{"background-color":"var(--ast-global-color-5)","background-image":"","background-repeat":"repeat","background-position":"center center","background-size":"auto","background-attachment":"scroll","background-type":"","background-media":"","overlay-type":"","overlay-color":"","overlay-opacity":"","overlay-gradient":""},"mobile":{"background-color":"var(--ast-global-color-5)","background-image":"","background-repeat":"repeat","background-position":"center center","background-size":"auto","background-attachment":"scroll","background-type":"","background-media":"","overlay-type":"","overlay-color":"","overlay-opacity":"","overlay-gradient":""}}},"product_brand":[],"product_cat":[2024,197],"product_tag":[],"class_list":{"0":"post-2786","1":"product","2":"type-product","3":"status-publish","4":"has-post-thumbnail","6":"product_cat-hapot","7":"product_cat-tuholaisten-torjunta-hapot","8":"desktop-align-center","9":"tablet-align-center","10":"mobile-align-center","11":"ast-product-gallery-layout-horizontal","12":"ast-product-gallery-with-no-image","13":"ast-magnify-disabled","14":"ast-product-tabs-layout-horizontal","16":"first","17":"instock","18":"shipping-taxable","19":"purchasable","20":"product-type-simple"},"acf":[],"yoast_head":"<!-- This site is optimized with the Yoast SEO plugin v26.7 - https:\/\/yoast.com\/wordpress\/plugins\/seo\/ -->\n<title>Tymolityyny 17 g 5 kpl - Hunajayhtym\u00e4 Oy<\/title>\n<meta name=\"description\" content=\"Tymoltyyny asetetaan ylimm\u00e4n osaston keh\u00e4listojen p\u00e4\u00e4lle, pes\u00e4n takaosaan keskelle. Torjunnan kesto 4 viikkoa. Hunajan korjuun ja ensimm\u00e4isen ruokinnan\" \/>\n<meta name=\"robots\" content=\"index, follow, max-snippet:-1, max-image-preview:large, max-video-preview:-1\" \/>\n<link rel=\"canonical\" href=\"https:\/\/hunaja.fi\/tuote\/tymolityyny-17-g-5-kpl\/\" \/>\n<meta property=\"og:locale\" content=\"en_US\" \/>\n<meta property=\"og:type\" content=\"article\" \/>\n<meta property=\"og:title\" content=\"Tymolityyny 17 g 5 kpl - Hunajayhtym\u00e4 Oy\" \/>\n<meta property=\"og:description\" content=\"Tymoltyyny asetetaan ylimm\u00e4n osaston keh\u00e4listojen p\u00e4\u00e4lle, pes\u00e4n takaosaan keskelle. Torjunnan kesto 4 viikkoa. Hunajan korjuun ja ensimm\u00e4isen ruokinnan\" \/>\n<meta property=\"og:url\" content=\"https:\/\/hunaja.fi\/tuote\/tymolityyny-17-g-5-kpl\/\" \/>\n<meta property=\"og:site_name\" content=\"Hunajayhtym\u00e4 Oy\" \/>\n<meta property=\"article:modified_time\" content=\"2023-06-27T11:39:12+00:00\" \/>\n<meta property=\"og:image\" content=\"https:\/\/hunaja.fi\/wp-content\/uploads\/2013\/11\/thymol17_5.jpg\" \/>\n\t<meta property=\"og:image:width\" content=\"500\" \/>\n\t<meta property=\"og:image:height\" content=\"500\" \/>\n\t<meta property=\"og:image:type\" content=\"image\/jpeg\" \/>\n<meta name=\"twitter:card\" content=\"summary_large_image\" \/>\n<meta name=\"twitter:label1\" content=\"Est. reading time\" \/>\n\t<meta name=\"twitter:data1\" content=\"2 minutes\" \/>\n<script type=\"application\/ld+json\" class=\"yoast-schema-graph\">{\"@context\":\"https:\/\/schema.org\",\"@graph\":[{\"@type\":\"WebPage\",\"@id\":\"https:\/\/hunaja.fi\/tuote\/tymolityyny-17-g-5-kpl\/\",\"url\":\"https:\/\/hunaja.fi\/tuote\/tymolityyny-17-g-5-kpl\/\",\"name\":\"Tymolityyny 17 g 5 kpl - Hunajayhtym\u00e4 Oy\",\"isPartOf\":{\"@id\":\"https:\/\/hunaja.fi\/#website\"},\"primaryImageOfPage\":{\"@id\":\"https:\/\/hunaja.fi\/tuote\/tymolityyny-17-g-5-kpl\/#primaryimage\"},\"image\":{\"@id\":\"https:\/\/hunaja.fi\/tuote\/tymolityyny-17-g-5-kpl\/#primaryimage\"},\"thumbnailUrl\":\"https:\/\/hunaja.fi\/wp-content\/uploads\/2013\/11\/thymol17_5.jpg\",\"datePublished\":\"2013-11-21T22:00:00+00:00\",\"dateModified\":\"2023-06-27T11:39:12+00:00\",\"description\":\"Tymoltyyny asetetaan ylimm\u00e4n osaston keh\u00e4listojen p\u00e4\u00e4lle, pes\u00e4n takaosaan keskelle. Torjunnan kesto 4 viikkoa. Hunajan korjuun ja ensimm\u00e4isen ruokinnan\",\"breadcrumb\":{\"@id\":\"https:\/\/hunaja.fi\/tuote\/tymolityyny-17-g-5-kpl\/#breadcrumb\"},\"inLanguage\":\"en-US\",\"potentialAction\":[{\"@type\":\"ReadAction\",\"target\":[\"https:\/\/hunaja.fi\/tuote\/tymolityyny-17-g-5-kpl\/\"]}]},{\"@type\":\"ImageObject\",\"inLanguage\":\"en-US\",\"@id\":\"https:\/\/hunaja.fi\/tuote\/tymolityyny-17-g-5-kpl\/#primaryimage\",\"url\":\"https:\/\/hunaja.fi\/wp-content\/uploads\/2013\/11\/thymol17_5.jpg\",\"contentUrl\":\"https:\/\/hunaja.fi\/wp-content\/uploads\/2013\/11\/thymol17_5.jpg\",\"width\":500,\"height\":500},{\"@type\":\"BreadcrumbList\",\"@id\":\"https:\/\/hunaja.fi\/tuote\/tymolityyny-17-g-5-kpl\/#breadcrumb\",\"itemListElement\":[{\"@type\":\"ListItem\",\"position\":1,\"name\":\"Etusivu\",\"item\":\"https:\/\/hunaja.fi\/en\/\"},{\"@type\":\"ListItem\",\"position\":2,\"name\":\"Tuotteet\",\"item\":\"https:\/\/hunaja.fi\/kauppapaikka\/tuotteet\/\"},{\"@type\":\"ListItem\",\"position\":3,\"name\":\"Hapot, torjunta ja kaluston huolto\",\"item\":\"https:\/\/hunaja.fi\/tuote-osasto\/tuholaisten-torjunta-hapot\/\"},{\"@type\":\"ListItem\",\"position\":4,\"name\":\"Hapot\",\"item\":\"https:\/\/hunaja.fi\/tuote-osasto\/tuholaisten-torjunta-hapot\/hapot\/\"},{\"@type\":\"ListItem\",\"position\":5,\"name\":\"Tymolityyny 17 g 5 kpl\"}]},{\"@type\":\"WebSite\",\"@id\":\"https:\/\/hunaja.fi\/#website\",\"url\":\"https:\/\/hunaja.fi\/\",\"name\":\"Hunajayhtym\u00e4 Oy\",\"description\":\"Nature Loves Finnish Floral Honey\",\"publisher\":{\"@id\":\"https:\/\/hunaja.fi\/#organization\"},\"potentialAction\":[{\"@type\":\"SearchAction\",\"target\":{\"@type\":\"EntryPoint\",\"urlTemplate\":\"https:\/\/hunaja.fi\/?s={search_term_string}\"},\"query-input\":{\"@type\":\"PropertyValueSpecification\",\"valueRequired\":true,\"valueName\":\"search_term_string\"}}],\"inLanguage\":\"en-US\"},{\"@type\":\"Organization\",\"@id\":\"https:\/\/hunaja.fi\/#organization\",\"name\":\"Hunajayhtym\u00e4 Oy\",\"url\":\"https:\/\/hunaja.fi\/\",\"logo\":{\"@type\":\"ImageObject\",\"inLanguage\":\"en-US\",\"@id\":\"https:\/\/hunaja.fi\/#\/schema\/logo\/image\/\",\"url\":\"https:\/\/hunaja.fi\/wp-content\/uploads\/2021\/07\/Hunajayhtyma_Logo_VAAKA_slogan_cmyk-01.png\",\"contentUrl\":\"https:\/\/hunaja.fi\/wp-content\/uploads\/2021\/07\/Hunajayhtyma_Logo_VAAKA_slogan_cmyk-01.png\",\"width\":656,\"height\":242,\"caption\":\"Hunajayhtym\u00e4 Oy\"},\"image\":{\"@id\":\"https:\/\/hunaja.fi\/#\/schema\/logo\/image\/\"}}]}<\/script>\n<!-- \/ Yoast SEO plugin. -->","yoast_head_json":{"title":"Tymolityyny 17 g 5 kpl - Hunajayhtym\u00e4 Oy","description":"Tymoltyyny asetetaan ylimm\u00e4n osaston keh\u00e4listojen p\u00e4\u00e4lle, pes\u00e4n takaosaan keskelle. Torjunnan kesto 4 viikkoa. Hunajan korjuun ja ensimm\u00e4isen ruokinnan","robots":{"index":"index","follow":"follow","max-snippet":"max-snippet:-1","max-image-preview":"max-image-preview:large","max-video-preview":"max-video-preview:-1"},"canonical":"https:\/\/hunaja.fi\/tuote\/tymolityyny-17-g-5-kpl\/","og_locale":"en_US","og_type":"article","og_title":"Tymolityyny 17 g 5 kpl - Hunajayhtym\u00e4 Oy","og_description":"Tymoltyyny asetetaan ylimm\u00e4n osaston keh\u00e4listojen p\u00e4\u00e4lle, pes\u00e4n takaosaan keskelle. Torjunnan kesto 4 viikkoa. Hunajan korjuun ja ensimm\u00e4isen ruokinnan","og_url":"https:\/\/hunaja.fi\/tuote\/tymolityyny-17-g-5-kpl\/","og_site_name":"Hunajayhtym\u00e4 Oy","article_modified_time":"2023-06-27T11:39:12+00:00","og_image":[{"width":500,"height":500,"url":"https:\/\/hunaja.fi\/wp-content\/uploads\/2013\/11\/thymol17_5.jpg","type":"image\/jpeg"}],"twitter_card":"summary_large_image","twitter_misc":{"Est. reading time":"2 minutes"},"schema":{"@context":"https:\/\/schema.org","@graph":[{"@type":"WebPage","@id":"https:\/\/hunaja.fi\/tuote\/tymolityyny-17-g-5-kpl\/","url":"https:\/\/hunaja.fi\/tuote\/tymolityyny-17-g-5-kpl\/","name":"Tymolityyny 17 g 5 kpl - Hunajayhtym\u00e4 Oy","isPartOf":{"@id":"https:\/\/hunaja.fi\/#website"},"primaryImageOfPage":{"@id":"https:\/\/hunaja.fi\/tuote\/tymolityyny-17-g-5-kpl\/#primaryimage"},"image":{"@id":"https:\/\/hunaja.fi\/tuote\/tymolityyny-17-g-5-kpl\/#primaryimage"},"thumbnailUrl":"https:\/\/hunaja.fi\/wp-content\/uploads\/2013\/11\/thymol17_5.jpg","datePublished":"2013-11-21T22:00:00+00:00","dateModified":"2023-06-27T11:39:12+00:00","description":"Tymoltyyny asetetaan ylimm\u00e4n osaston keh\u00e4listojen p\u00e4\u00e4lle, pes\u00e4n takaosaan keskelle. Torjunnan kesto 4 viikkoa. Hunajan korjuun ja ensimm\u00e4isen ruokinnan","breadcrumb":{"@id":"https:\/\/hunaja.fi\/tuote\/tymolityyny-17-g-5-kpl\/#breadcrumb"},"inLanguage":"en-US","potentialAction":[{"@type":"ReadAction","target":["https:\/\/hunaja.fi\/tuote\/tymolityyny-17-g-5-kpl\/"]}]},{"@type":"ImageObject","inLanguage":"en-US","@id":"https:\/\/hunaja.fi\/tuote\/tymolityyny-17-g-5-kpl\/#primaryimage","url":"https:\/\/hunaja.fi\/wp-content\/uploads\/2013\/11\/thymol17_5.jpg","contentUrl":"https:\/\/hunaja.fi\/wp-content\/uploads\/2013\/11\/thymol17_5.jpg","width":500,"height":500},{"@type":"BreadcrumbList","@id":"https:\/\/hunaja.fi\/tuote\/tymolityyny-17-g-5-kpl\/#breadcrumb","itemListElement":[{"@type":"ListItem","position":1,"name":"Etusivu","item":"https:\/\/hunaja.fi\/en\/"},{"@type":"ListItem","position":2,"name":"Tuotteet","item":"https:\/\/hunaja.fi\/kauppapaikka\/tuotteet\/"},{"@type":"ListItem","position":3,"name":"Hapot, torjunta ja kaluston huolto","item":"https:\/\/hunaja.fi\/tuote-osasto\/tuholaisten-torjunta-hapot\/"},{"@type":"ListItem","position":4,"name":"Hapot","item":"https:\/\/hunaja.fi\/tuote-osasto\/tuholaisten-torjunta-hapot\/hapot\/"},{"@type":"ListItem","position":5,"name":"Tymolityyny 17 g 5 kpl"}]},{"@type":"WebSite","@id":"https:\/\/hunaja.fi\/#website","url":"https:\/\/hunaja.fi\/","name":"Hunajayhtym\u00e4 Oy","description":"Nature Loves Finnish Floral Honey","publisher":{"@id":"https:\/\/hunaja.fi\/#organization"},"potentialAction":[{"@type":"SearchAction","target":{"@type":"EntryPoint","urlTemplate":"https:\/\/hunaja.fi\/?s={search_term_string}"},"query-input":{"@type":"PropertyValueSpecification","valueRequired":true,"valueName":"search_term_string"}}],"inLanguage":"en-US"},{"@type":"Organization","@id":"https:\/\/hunaja.fi\/#organization","name":"Hunajayhtym\u00e4 Oy","url":"https:\/\/hunaja.fi\/","logo":{"@type":"ImageObject","inLanguage":"en-US","@id":"https:\/\/hunaja.fi\/#\/schema\/logo\/image\/","url":"https:\/\/hunaja.fi\/wp-content\/uploads\/2021\/07\/Hunajayhtyma_Logo_VAAKA_slogan_cmyk-01.png","contentUrl":"https:\/\/hunaja.fi\/wp-content\/uploads\/2021\/07\/Hunajayhtyma_Logo_VAAKA_slogan_cmyk-01.png","width":656,"height":242,"caption":"Hunajayhtym\u00e4 Oy"},"image":{"@id":"https:\/\/hunaja.fi\/#\/schema\/logo\/image\/"}}]}},"_links":{"self":[{"href":"https:\/\/hunaja.fi\/en\/wp-json\/wp\/v2\/product\/2786","targetHints":{"allow":["GET"]}}],"collection":[{"href":"https:\/\/hunaja.fi\/en\/wp-json\/wp\/v2\/product"}],"about":[{"href":"https:\/\/hunaja.fi\/en\/wp-json\/wp\/v2\/types\/product"}],"wp:featuredmedia":[{"embeddable":true,"href":"https:\/\/hunaja.fi\/en\/wp-json\/wp\/v2\/media\/9896"}],"wp:attachment":[{"href":"https:\/\/hunaja.fi\/en\/wp-json\/wp\/v2\/media?parent=2786"}],"wp:term":[{"taxonomy":"product_brand","embeddable":true,"href":"https:\/\/hunaja.fi\/en\/wp-json\/wp\/v2\/product_brand?post=2786"},{"taxonomy":"product_cat","embeddable":true,"href":"https:\/\/hunaja.fi\/en\/wp-json\/wp\/v2\/product_cat?post=2786"},{"taxonomy":"product_tag","embeddable":true,"href":"https:\/\/hunaja.fi\/en\/wp-json\/wp\/v2\/product_tag?post=2786"}],"curies":[{"name":"wp","href":"https:\/\/api.w.org\/{rel}","templated":true}]}}