{"id":2778,"date":"2013-11-22T00:00:00","date_gmt":"2013-11-21T22:00:00","guid":{"rendered":"https:\/\/www.hunaja.fi\/tuote\/lipea-25-kg\/"},"modified":"2024-09-17T16:36:17","modified_gmt":"2024-09-17T13:36:17","slug":"lipea","status":"publish","type":"product","link":"https:\/\/hunaja.fi\/en\/tuote\/lipea\/","title":{"rendered":"Lipe\u00e4kivi helmin\u00e4, (Natriumhydroksidi)"},"content":{"rendered":"<p>Lipe\u00e4kivi helmin\u00e4,\u00a0 (Natriumhydroksidi, Natriumhydroxid) muovi\u00e4mp\u00e4riss\u00e4. Puuosastojen desinfioinnin tekoon.<\/p>\n<p>Toimitus vain matkahuollon asiamiespisteisiin.<\/p>\n<p><iframe id=\"fskey-iframe\" class=\"fskey-autofill-dlg\" style=\"display: none;\" sandbox=\"allow-same-origin\"><\/iframe><\/p>\n<div id=\"fskey-tooltip\" class=\"fskey-tooltip\" style=\"display: none;\"><\/div>\n<p><iframe id=\"fskey-iframe\" class=\"fskey-autofill-dlg\" style=\"display: none;\" sandbox=\"allow-same-origin\"><\/iframe><\/p>\n<div id=\"fskey-tooltip\" class=\"fskey-tooltip\" style=\"display: none;\"><\/div>\n<p><iframe id=\"fskey-iframe\" class=\"fskey-autofill-dlg\" style=\"display: none;\" sandbox=\"allow-same-origin\"><\/iframe><\/p>\n<div id=\"fskey-tooltip\" class=\"fskey-tooltip\" style=\"display: none;\"><\/div>\n<p><iframe id=\"fskey-iframe\" class=\"fskey-autofill-dlg\" style=\"display: none;\" sandbox=\"allow-same-origin\"><\/iframe><\/p>\n<div id=\"fskey-tooltip\" class=\"fskey-tooltip\" style=\"display: none;\"><\/div>\n<p><iframe id=\"fskey-iframe\" class=\"fskey-autofill-dlg\" style=\"display: none;\" sandbox=\"allow-same-origin\"><\/iframe><\/p>\n<div id=\"fskey-tooltip\" class=\"fskey-tooltip\"><strong>VAIN ammattik\u00e4ytt\u00f6\u00f6n. Lis\u00e4\u00e4 Y-tunnus tietokentt\u00e4\u00e4n.<\/strong><\/div>\n<p><iframe id=\"fskey-iframe\" class=\"fskey-autofill-dlg\" style=\"display: none;\" sandbox=\"allow-same-origin\"><\/iframe><\/p>\n<div><img decoding=\"async\" class=\"alignnone wp-image-34559\" src=\"https:\/\/hunaja.fi\/wp-content\/uploads\/2013\/11\/Symboli_ilmaisee_syovyttavia_aineita.jpg\" alt=\"\" width=\"81\" height=\"81\" srcset=\"https:\/\/hunaja.fi\/wp-content\/uploads\/2013\/11\/Symboli_ilmaisee_syovyttavia_aineita.jpg 150w, https:\/\/hunaja.fi\/wp-content\/uploads\/2013\/11\/Symboli_ilmaisee_syovyttavia_aineita-68x68.jpg 68w, https:\/\/hunaja.fi\/wp-content\/uploads\/2013\/11\/Symboli_ilmaisee_syovyttavia_aineita-88x88.jpg 88w, https:\/\/hunaja.fi\/wp-content\/uploads\/2013\/11\/Symboli_ilmaisee_syovyttavia_aineita-100x100.jpg 100w\" sizes=\"(max-width: 81px) 100vw, 81px\" \/><\/div>\n<div>\u00a0 <strong>\u00a0VAARA<\/strong><\/div>\n<div><strong>\u00a0 \u00a0 FARA<\/strong><\/div>\n<div>CAS# 1310-73-2<\/div>\n<div id=\"fskey-tooltip\" class=\"fskey-tooltip\"><strong>P260<\/strong><\/div>\n<ul>\n<li class=\"fskey-tooltip\">\u00c4l\u00e4 hengit\u00e4 p\u00f6ly\u00e4 \/ suihketta.<\/li>\n<li>Inandas inte damm\/sprej.<\/li>\n<\/ul>\n<p><strong style=\"font-size: 16px;\">P280<\/strong><\/p>\n<ul>\n<li><span style=\"font-size: 16px;\">K\u00e4yt\u00e4 suojak\u00e4sineit\u00e4 \/ suojavaatetusta \/ silmiensuojainta \/ kasvosuojainta.<\/span><\/li>\n<li>Anv\u00e4nd skyddshandskar\/skyddskl\u00e4der\/\u00f6gonskydd\/ansiktsskydd.<\/li>\n<\/ul>\n<div class=\"fskey-tooltip\"><strong>P301+P330+P331<\/strong><\/div>\n<ul>\n<li class=\"fskey-tooltip\">JOS KEMIKAALI ON NIELTY: Huuhdo suu. Ei saa oksennuttaa.<\/li>\n<li>\u00a0VID F\u00d6RT\u00c4RING: Sk\u00f6lj munnen. Framkalla inte kr\u00e4kning.<\/li>\n<\/ul>\n<p><strong>P303+P361+P353<\/strong><\/p>\n<ul>\n<li>Jos kemikaalia joutuu iholle (TAI HIUKSIIN): Riisu saastunut vaatetus v\u00e4litt\u00f6m\u00e4sti. Huuhdo \/ suihkuta iho vedell\u00e4.<\/li>\n<li>VID HUDKONTAKT (\u00e4ven h\u00e5ret): Ta medelbart av alla nedst\u00e4nkta kl\u00e4der. Sk\u00f6lj huden med vatten\/duscha.<\/li>\n<\/ul>\n<p><strong>P304+P340<\/strong><\/p>\n<ul>\n<li>JOS KEMIKAALIA ON HENGITETTY: siirr\u00e4 henkil\u00f6 raittiiseen ilmaan ja pid\u00e4 lepoasennossa, jossa on helppo hengitt\u00e4\u00e4.<\/li>\n<li>VID INANDNING: Flytta personen till frisk luft och l\u00e5t vila i en st\u00e4llning som underl\u00e4ttar andningen.<\/li>\n<\/ul>\n<div class=\"fskey-tooltip\"><strong>P305+P351+P338<\/strong><\/div>\n<ul>\n<li class=\"fskey-tooltip\">JOS KEMIKAALIA JOUTUU SILMIIN: Huuhdo huolellisesti vedell\u00e4 usean minuutini ajan. Poista mahdolliset piilolinssit, jos sen voi tehd\u00e4 helposti. Jatka huuhtomista.<\/li>\n<li class=\"fskey-tooltip\">VID KONTAKT MED \u00d6GONEN: Sk\u00f6lj f\u00f6rsiktigt med vatten i flera minuter. Ta ur eventuella kontaktlinser om det g\u00e5r l\u00e4tt. Forts\u00e4tt att sk\u00f6lja.<\/li>\n<\/ul>\n<p><strong>P310<\/strong><\/p>\n<ul>\n<li>Ota v\u00e4litt\u00f6m\u00e4sti yhteys MYRKYTYSTIETOKESKUKSEEN tai l\u00e4\u00e4k\u00e4riin.<\/li>\n<li>Kontakta genast GIFTINFORMATIONSCENTRAL eller l\u00e4kare.<\/li>\n<\/ul>\n<div class=\"fskey-tooltip\"><strong>P501<\/strong><\/div>\n<ul>\n<li class=\"fskey-tooltip\">H\u00e4vit\u00e4 sis\u00e4lt\u00f6 \/ pakkaus kansallisten ja paikallisten m\u00e4\u00e4r\u00e4ysten mukaisesti.<\/li>\n<li class=\"fskey-tooltip\">Kassera inneh\u00e5llet\/beh\u00e5llaren i enlighet med nationella och lokala f\u00f6reskrifter.<\/li>\n<\/ul>\n<div><\/div>\n<div><a href=\"https:\/\/hunaja.fi\/wp-content\/uploads\/2022\/03\/Lipeakivi-helmina-venalainen2021.pdf\" target=\"_blank\" rel=\"noopener\">Lataa K\u00e4ytt\u00f6turvallisuustiedote<\/a><\/div>\n","protected":false},"excerpt":{"rendered":"<p>Vain ammattik\u00e4ytt\u00f6\u00f6n. Sy\u00f6t\u00e4 Y-tunnus-kentt\u00e4\u00e4n yrityksesi tunnus.<\/p>\n<p><iframe id=\"fskey-iframe\" class=\"fskey-autofill-dlg\" style=\"display: none;\" sandbox=\"allow-same-origin\"><\/iframe><\/p>\n<div id=\"fskey-tooltip\" class=\"fskey-tooltip\" style=\"display: none;\"><\/div>\n<p><iframe id=\"fskey-iframe\" class=\"fskey-autofill-dlg\" style=\"display: none;\" sandbox=\"allow-same-origin\"><\/iframe><\/p>\n<div id=\"fskey-tooltip\" class=\"fskey-tooltip\" style=\"display: none;\"><\/div>\n<p><iframe id=\"fskey-iframe\" class=\"fskey-autofill-dlg\" style=\"display: none;\" sandbox=\"allow-same-origin\"><\/iframe><\/p>\n<div id=\"fskey-tooltip\" class=\"fskey-tooltip\" style=\"display: none;\"><\/div>\n<p><iframe id=\"fskey-iframe\" class=\"fskey-autofill-dlg\" style=\"display: none;\" sandbox=\"allow-same-origin\"><\/iframe><\/p>\n<div id=\"fskey-tooltip\" class=\"fskey-tooltip\" style=\"display: none;\"><\/div>\n<p><iframe id=\"fskey-iframe\" class=\"fskey-autofill-dlg\" style=\"display: none;\" sandbox=\"allow-same-origin\"><\/iframe><\/p>\n<div id=\"fskey-tooltip\" class=\"fskey-tooltip\" style=\"display: none;\"><\/div>\n<p><iframe id=\"fskey-iframe\" class=\"fskey-autofill-dlg\" style=\"display: none;\" sandbox=\"allow-same-origin\"><\/iframe><\/p>\n<div id=\"fskey-tooltip\" class=\"fskey-tooltip\" style=\"display: none;\"><\/div>\n","protected":false},"featured_media":34574,"template":"","meta":{"_acf_changed":false,"_improvement_type_select":"improve_an_existing","_thumb_yes_seoaic":false,"_frame_yes_seoaic":false,"seoaic_generate_description":"","seoaic_improve_instructions_prompt":"","seoaic_rollback_content_improvement":"","seoaic_idea_thumbnail_generator":"","thumbnail_generated":false,"thumbnail_generate_prompt":"","seoaic_article_description":"","site-sidebar-layout":"default","site-content-layout":"default","ast-site-content-layout":"default","site-content-style":"default","site-sidebar-style":"default","ast-global-header-display":"","ast-banner-title-visibility":"","ast-main-header-display":"","ast-hfb-above-header-display":"","ast-hfb-below-header-display":"","ast-hfb-mobile-header-display":"","site-post-title":"","ast-breadcrumbs-content":"","ast-featured-img":"","footer-sml-layout":"","ast-disable-related-posts":"","theme-transparent-header-meta":"default","adv-header-id-meta":"","stick-header-meta":"default","header-above-stick-meta":"","header-main-stick-meta":"","header-below-stick-meta":"","astra-migrate-meta-layouts":"set","ast-page-background-enabled":"default","ast-page-background-meta":{"desktop":{"background-color":"","background-image":"","background-repeat":"repeat","background-position":"center center","background-size":"auto","background-attachment":"scroll","background-type":"","background-media":"","overlay-type":"","overlay-color":"","overlay-opacity":"","overlay-gradient":""},"tablet":{"background-color":"","background-image":"","background-repeat":"repeat","background-position":"center center","background-size":"auto","background-attachment":"scroll","background-type":"","background-media":"","overlay-type":"","overlay-color":"","overlay-opacity":"","overlay-gradient":""},"mobile":{"background-color":"","background-image":"","background-repeat":"repeat","background-position":"center center","background-size":"auto","background-attachment":"scroll","background-type":"","background-media":"","overlay-type":"","overlay-color":"","overlay-opacity":"","overlay-gradient":""}},"ast-content-background-meta":{"desktop":{"background-color":"var(--ast-global-color-5)","background-image":"","background-repeat":"repeat","background-position":"center center","background-size":"auto","background-attachment":"scroll","background-type":"","background-media":"","overlay-type":"","overlay-color":"","overlay-opacity":"","overlay-gradient":""},"tablet":{"background-color":"var(--ast-global-color-5)","background-image":"","background-repeat":"repeat","background-position":"center center","background-size":"auto","background-attachment":"scroll","background-type":"","background-media":"","overlay-type":"","overlay-color":"","overlay-opacity":"","overlay-gradient":""},"mobile":{"background-color":"var(--ast-global-color-5)","background-image":"","background-repeat":"repeat","background-position":"center center","background-size":"auto","background-attachment":"scroll","background-type":"","background-media":"","overlay-type":"","overlay-color":"","overlay-opacity":"","overlay-gradient":""}}},"product_brand":[],"product_cat":[2024,197],"product_tag":[],"class_list":{"0":"post-2778","1":"product","2":"type-product","3":"status-publish","4":"has-post-thumbnail","6":"product_cat-hapot","7":"product_cat-tuholaisten-torjunta-hapot","8":"product_shipping_class-matkahuolto-tai-lahella-paketti","9":"desktop-align-center","10":"tablet-align-center","11":"mobile-align-center","12":"ast-product-gallery-layout-horizontal","13":"ast-product-gallery-with-no-image","14":"ast-magnify-disabled","15":"ast-product-single-variable","16":"ast-product-tabs-layout-horizontal","17":"wcpa_has_options","19":"first","20":"instock","21":"shipping-taxable","22":"purchasable","23":"product-type-variable"},"acf":[],"yoast_head":"<!-- This site is optimized with the Yoast SEO plugin v26.7 - https:\/\/yoast.com\/wordpress\/plugins\/seo\/ -->\n<title>Lipe\u00e4kivi helmin\u00e4, (Natriumhydroksidi) - Hunajayhtym\u00e4 Oy<\/title>\n<meta name=\"description\" content=\"Vain ammattik\u00e4ytt\u00f6\u00f6n. Sy\u00f6t\u00e4 Y-tunnus-kentt\u00e4\u00e4n yrityksesi tunnus.\" \/>\n<meta name=\"robots\" content=\"index, follow, max-snippet:-1, max-image-preview:large, max-video-preview:-1\" \/>\n<link rel=\"canonical\" href=\"https:\/\/hunaja.fi\/tuote\/lipea\/\" \/>\n<meta property=\"og:locale\" content=\"en_US\" \/>\n<meta property=\"og:type\" content=\"article\" \/>\n<meta property=\"og:title\" content=\"Lipe\u00e4kivi helmin\u00e4, (Natriumhydroksidi) - Hunajayhtym\u00e4 Oy\" \/>\n<meta property=\"og:description\" content=\"Vain ammattik\u00e4ytt\u00f6\u00f6n. Sy\u00f6t\u00e4 Y-tunnus-kentt\u00e4\u00e4n yrityksesi tunnus.\" \/>\n<meta property=\"og:url\" content=\"https:\/\/hunaja.fi\/tuote\/lipea\/\" \/>\n<meta property=\"og:site_name\" content=\"Hunajayhtym\u00e4 Oy\" \/>\n<meta property=\"article:modified_time\" content=\"2024-09-17T13:36:17+00:00\" \/>\n<meta property=\"og:image\" content=\"https:\/\/hunaja.fi\/wp-content\/uploads\/2013\/11\/Lipea_2022-scaled.jpg\" \/>\n\t<meta property=\"og:image:width\" content=\"2560\" \/>\n\t<meta property=\"og:image:height\" content=\"1822\" \/>\n\t<meta property=\"og:image:type\" content=\"image\/jpeg\" \/>\n<meta name=\"twitter:card\" content=\"summary_large_image\" \/>\n<meta name=\"twitter:label1\" content=\"Est. reading time\" \/>\n\t<meta name=\"twitter:data1\" content=\"2 minutes\" \/>\n<script type=\"application\/ld+json\" class=\"yoast-schema-graph\">{\"@context\":\"https:\/\/schema.org\",\"@graph\":[{\"@type\":\"WebPage\",\"@id\":\"https:\/\/hunaja.fi\/tuote\/lipea\/\",\"url\":\"https:\/\/hunaja.fi\/tuote\/lipea\/\",\"name\":\"Lipe\u00e4kivi helmin\u00e4, (Natriumhydroksidi) - Hunajayhtym\u00e4 Oy\",\"isPartOf\":{\"@id\":\"https:\/\/hunaja.fi\/#website\"},\"primaryImageOfPage\":{\"@id\":\"https:\/\/hunaja.fi\/tuote\/lipea\/#primaryimage\"},\"image\":{\"@id\":\"https:\/\/hunaja.fi\/tuote\/lipea\/#primaryimage\"},\"thumbnailUrl\":\"https:\/\/hunaja.fi\/wp-content\/uploads\/2013\/11\/Lipea_2022-scaled.jpg\",\"datePublished\":\"2013-11-21T22:00:00+00:00\",\"dateModified\":\"2024-09-17T13:36:17+00:00\",\"description\":\"Vain ammattik\u00e4ytt\u00f6\u00f6n. Sy\u00f6t\u00e4 Y-tunnus-kentt\u00e4\u00e4n yrityksesi tunnus.\",\"breadcrumb\":{\"@id\":\"https:\/\/hunaja.fi\/tuote\/lipea\/#breadcrumb\"},\"inLanguage\":\"en-US\",\"potentialAction\":[{\"@type\":\"ReadAction\",\"target\":[\"https:\/\/hunaja.fi\/tuote\/lipea\/\"]}]},{\"@type\":\"ImageObject\",\"inLanguage\":\"en-US\",\"@id\":\"https:\/\/hunaja.fi\/tuote\/lipea\/#primaryimage\",\"url\":\"https:\/\/hunaja.fi\/wp-content\/uploads\/2013\/11\/Lipea_2022-scaled.jpg\",\"contentUrl\":\"https:\/\/hunaja.fi\/wp-content\/uploads\/2013\/11\/Lipea_2022-scaled.jpg\",\"width\":2560,\"height\":1822},{\"@type\":\"BreadcrumbList\",\"@id\":\"https:\/\/hunaja.fi\/tuote\/lipea\/#breadcrumb\",\"itemListElement\":[{\"@type\":\"ListItem\",\"position\":1,\"name\":\"Etusivu\",\"item\":\"https:\/\/hunaja.fi\/en\/\"},{\"@type\":\"ListItem\",\"position\":2,\"name\":\"Tuotteet\",\"item\":\"https:\/\/hunaja.fi\/kauppapaikka\/tuotteet\/\"},{\"@type\":\"ListItem\",\"position\":3,\"name\":\"Hapot, torjunta ja kaluston huolto\",\"item\":\"https:\/\/hunaja.fi\/tuote-osasto\/tuholaisten-torjunta-hapot\/\"},{\"@type\":\"ListItem\",\"position\":4,\"name\":\"Hapot\",\"item\":\"https:\/\/hunaja.fi\/tuote-osasto\/tuholaisten-torjunta-hapot\/hapot\/\"},{\"@type\":\"ListItem\",\"position\":5,\"name\":\"Lipe\u00e4kivi helmin\u00e4, (Natriumhydroksidi)\"}]},{\"@type\":\"WebSite\",\"@id\":\"https:\/\/hunaja.fi\/#website\",\"url\":\"https:\/\/hunaja.fi\/\",\"name\":\"Hunajayhtym\u00e4 Oy\",\"description\":\"Nature Loves Finnish Floral Honey\",\"publisher\":{\"@id\":\"https:\/\/hunaja.fi\/#organization\"},\"potentialAction\":[{\"@type\":\"SearchAction\",\"target\":{\"@type\":\"EntryPoint\",\"urlTemplate\":\"https:\/\/hunaja.fi\/?s={search_term_string}\"},\"query-input\":{\"@type\":\"PropertyValueSpecification\",\"valueRequired\":true,\"valueName\":\"search_term_string\"}}],\"inLanguage\":\"en-US\"},{\"@type\":\"Organization\",\"@id\":\"https:\/\/hunaja.fi\/#organization\",\"name\":\"Hunajayhtym\u00e4 Oy\",\"url\":\"https:\/\/hunaja.fi\/\",\"logo\":{\"@type\":\"ImageObject\",\"inLanguage\":\"en-US\",\"@id\":\"https:\/\/hunaja.fi\/#\/schema\/logo\/image\/\",\"url\":\"https:\/\/hunaja.fi\/wp-content\/uploads\/2021\/07\/Hunajayhtyma_Logo_VAAKA_slogan_cmyk-01.png\",\"contentUrl\":\"https:\/\/hunaja.fi\/wp-content\/uploads\/2021\/07\/Hunajayhtyma_Logo_VAAKA_slogan_cmyk-01.png\",\"width\":656,\"height\":242,\"caption\":\"Hunajayhtym\u00e4 Oy\"},\"image\":{\"@id\":\"https:\/\/hunaja.fi\/#\/schema\/logo\/image\/\"}}]}<\/script>\n<!-- \/ Yoast SEO plugin. -->","yoast_head_json":{"title":"Lipe\u00e4kivi helmin\u00e4, (Natriumhydroksidi) - Hunajayhtym\u00e4 Oy","description":"Vain ammattik\u00e4ytt\u00f6\u00f6n. Sy\u00f6t\u00e4 Y-tunnus-kentt\u00e4\u00e4n yrityksesi tunnus.","robots":{"index":"index","follow":"follow","max-snippet":"max-snippet:-1","max-image-preview":"max-image-preview:large","max-video-preview":"max-video-preview:-1"},"canonical":"https:\/\/hunaja.fi\/tuote\/lipea\/","og_locale":"en_US","og_type":"article","og_title":"Lipe\u00e4kivi helmin\u00e4, (Natriumhydroksidi) - Hunajayhtym\u00e4 Oy","og_description":"Vain ammattik\u00e4ytt\u00f6\u00f6n. Sy\u00f6t\u00e4 Y-tunnus-kentt\u00e4\u00e4n yrityksesi tunnus.","og_url":"https:\/\/hunaja.fi\/tuote\/lipea\/","og_site_name":"Hunajayhtym\u00e4 Oy","article_modified_time":"2024-09-17T13:36:17+00:00","og_image":[{"width":2560,"height":1822,"url":"https:\/\/hunaja.fi\/wp-content\/uploads\/2013\/11\/Lipea_2022-scaled.jpg","type":"image\/jpeg"}],"twitter_card":"summary_large_image","twitter_misc":{"Est. reading time":"2 minutes"},"schema":{"@context":"https:\/\/schema.org","@graph":[{"@type":"WebPage","@id":"https:\/\/hunaja.fi\/tuote\/lipea\/","url":"https:\/\/hunaja.fi\/tuote\/lipea\/","name":"Lipe\u00e4kivi helmin\u00e4, (Natriumhydroksidi) - Hunajayhtym\u00e4 Oy","isPartOf":{"@id":"https:\/\/hunaja.fi\/#website"},"primaryImageOfPage":{"@id":"https:\/\/hunaja.fi\/tuote\/lipea\/#primaryimage"},"image":{"@id":"https:\/\/hunaja.fi\/tuote\/lipea\/#primaryimage"},"thumbnailUrl":"https:\/\/hunaja.fi\/wp-content\/uploads\/2013\/11\/Lipea_2022-scaled.jpg","datePublished":"2013-11-21T22:00:00+00:00","dateModified":"2024-09-17T13:36:17+00:00","description":"Vain ammattik\u00e4ytt\u00f6\u00f6n. Sy\u00f6t\u00e4 Y-tunnus-kentt\u00e4\u00e4n yrityksesi tunnus.","breadcrumb":{"@id":"https:\/\/hunaja.fi\/tuote\/lipea\/#breadcrumb"},"inLanguage":"en-US","potentialAction":[{"@type":"ReadAction","target":["https:\/\/hunaja.fi\/tuote\/lipea\/"]}]},{"@type":"ImageObject","inLanguage":"en-US","@id":"https:\/\/hunaja.fi\/tuote\/lipea\/#primaryimage","url":"https:\/\/hunaja.fi\/wp-content\/uploads\/2013\/11\/Lipea_2022-scaled.jpg","contentUrl":"https:\/\/hunaja.fi\/wp-content\/uploads\/2013\/11\/Lipea_2022-scaled.jpg","width":2560,"height":1822},{"@type":"BreadcrumbList","@id":"https:\/\/hunaja.fi\/tuote\/lipea\/#breadcrumb","itemListElement":[{"@type":"ListItem","position":1,"name":"Etusivu","item":"https:\/\/hunaja.fi\/en\/"},{"@type":"ListItem","position":2,"name":"Tuotteet","item":"https:\/\/hunaja.fi\/kauppapaikka\/tuotteet\/"},{"@type":"ListItem","position":3,"name":"Hapot, torjunta ja kaluston huolto","item":"https:\/\/hunaja.fi\/tuote-osasto\/tuholaisten-torjunta-hapot\/"},{"@type":"ListItem","position":4,"name":"Hapot","item":"https:\/\/hunaja.fi\/tuote-osasto\/tuholaisten-torjunta-hapot\/hapot\/"},{"@type":"ListItem","position":5,"name":"Lipe\u00e4kivi helmin\u00e4, (Natriumhydroksidi)"}]},{"@type":"WebSite","@id":"https:\/\/hunaja.fi\/#website","url":"https:\/\/hunaja.fi\/","name":"Hunajayhtym\u00e4 Oy","description":"Nature Loves Finnish Floral Honey","publisher":{"@id":"https:\/\/hunaja.fi\/#organization"},"potentialAction":[{"@type":"SearchAction","target":{"@type":"EntryPoint","urlTemplate":"https:\/\/hunaja.fi\/?s={search_term_string}"},"query-input":{"@type":"PropertyValueSpecification","valueRequired":true,"valueName":"search_term_string"}}],"inLanguage":"en-US"},{"@type":"Organization","@id":"https:\/\/hunaja.fi\/#organization","name":"Hunajayhtym\u00e4 Oy","url":"https:\/\/hunaja.fi\/","logo":{"@type":"ImageObject","inLanguage":"en-US","@id":"https:\/\/hunaja.fi\/#\/schema\/logo\/image\/","url":"https:\/\/hunaja.fi\/wp-content\/uploads\/2021\/07\/Hunajayhtyma_Logo_VAAKA_slogan_cmyk-01.png","contentUrl":"https:\/\/hunaja.fi\/wp-content\/uploads\/2021\/07\/Hunajayhtyma_Logo_VAAKA_slogan_cmyk-01.png","width":656,"height":242,"caption":"Hunajayhtym\u00e4 Oy"},"image":{"@id":"https:\/\/hunaja.fi\/#\/schema\/logo\/image\/"}}]}},"_links":{"self":[{"href":"https:\/\/hunaja.fi\/en\/wp-json\/wp\/v2\/product\/2778","targetHints":{"allow":["GET"]}}],"collection":[{"href":"https:\/\/hunaja.fi\/en\/wp-json\/wp\/v2\/product"}],"about":[{"href":"https:\/\/hunaja.fi\/en\/wp-json\/wp\/v2\/types\/product"}],"wp:featuredmedia":[{"embeddable":true,"href":"https:\/\/hunaja.fi\/en\/wp-json\/wp\/v2\/media\/34574"}],"wp:attachment":[{"href":"https:\/\/hunaja.fi\/en\/wp-json\/wp\/v2\/media?parent=2778"}],"wp:term":[{"taxonomy":"product_brand","embeddable":true,"href":"https:\/\/hunaja.fi\/en\/wp-json\/wp\/v2\/product_brand?post=2778"},{"taxonomy":"product_cat","embeddable":true,"href":"https:\/\/hunaja.fi\/en\/wp-json\/wp\/v2\/product_cat?post=2778"},{"taxonomy":"product_tag","embeddable":true,"href":"https:\/\/hunaja.fi\/en\/wp-json\/wp\/v2\/product_tag?post=2778"}],"curies":[{"name":"wp","href":"https:\/\/api.w.org\/{rel}","templated":true}]}}