{"id":2745,"date":"2013-11-22T00:00:00","date_gmt":"2013-11-21T22:00:00","guid":{"rendered":"https:\/\/www.hunaja.fi\/tuote\/suojahaalari-malli-imgut\/"},"modified":"2025-03-11T08:58:23","modified_gmt":"2025-03-11T06:58:23","slug":"suojahaalari-malli-imgut","status":"publish","type":"product","link":"https:\/\/hunaja.fi\/en\/tuote\/suojahaalari-malli-imgut\/","title":{"rendered":"Suojahaalari, malli Imgut"},"content":{"rendered":"<p>Mehil\u00e4ishoitajan suojahaalari malli &#8220;Imgut&#8221;. Kangas on 100% puuvillaa, joten kes\u00e4n kuumimpinakin p\u00e4ivin\u00e4 haalari on eritt\u00e4in hengitt\u00e4v\u00e4, eik\u00e4 tartu kiinni hikoilevaan ihoon. Hattumainen hattu\/harso -yhdistelm\u00e4 suojaa p\u00e4\u00e4t\u00e4 ja kasvoja pistoilta. Kasvojen kohdalla oleva harso on musta, jonka ansiosta n\u00e4kyvyys on hyv\u00e4. Hattuosan saa kokonaan pois kaulan ymp\u00e4ri menev\u00e4n vetoketjun ansiosta. Haalarissa on isot taskut ty\u00f6kalujen s\u00e4ilytykseen ja napakat resorit sek\u00e4 lahkeissa ett\u00e4 hihoissa. Saatavilla koot XS &#8211; XXXL. Muista hankkia samalla my\u00f6s <a href=\"https:\/\/www.hunaja.fi\/?s=suojak%C3%A4sine&amp;post_type=product\">suojak\u00e4sineet laajasta valikoimastamme<\/a>! Haalarissa on vy\u00f6t\u00e4r\u00f6n kohdalla napakka kuminauha, joka pit\u00e4\u00e4 haalarit paikoillaan hoitotoimenpiteiden aikana. Alla olevan kokotaulukon avulla voit valita itsellesi sopivan koon haalareista.<\/p>\n<table width=\"688\">\n<tbody>\n<tr>\n<td width=\"121\">HAALARI IMGUT<\/td>\n<td width=\"81\">XS (42\/44)<\/td>\n<td width=\"81\">S (46\/48)<\/td>\n<td width=\"81\">M (50\/52)<\/td>\n<td width=\"81\">L (54\/56)<\/td>\n<td width=\"81\">XL (58\/60)<\/td>\n<td width=\"81\">XXL(62\/64)<\/td>\n<td width=\"81\">XXXL(66\/68)<\/td>\n<\/tr>\n<tr>\n<td>RINTA<\/td>\n<td>110<\/td>\n<td>120<\/td>\n<td>132<\/td>\n<td>134<\/td>\n<td>148<\/td>\n<td>148<\/td>\n<td>154<\/td>\n<\/tr>\n<tr>\n<td>HIHA<\/td>\n<td>56<\/td>\n<td>58<\/td>\n<td>60<\/td>\n<td>65<\/td>\n<td>65<\/td>\n<td>64<\/td>\n<td>68<\/td>\n<\/tr>\n<tr>\n<td>SELK\u00c4<\/td>\n<td>80<\/td>\n<td>86<\/td>\n<td>88<\/td>\n<td>90<\/td>\n<td>100<\/td>\n<td>100<\/td>\n<td>100<\/td>\n<\/tr>\n<tr>\n<td>HAARA<\/td>\n<td>72<\/td>\n<td>77<\/td>\n<td>80<\/td>\n<td>80<\/td>\n<td>94<\/td>\n<td>95<\/td>\n<td>96<\/td>\n<\/tr>\n<\/tbody>\n<\/table>\n","protected":false},"excerpt":{"rendered":"<p><img decoding=\"async\" class=\"alignnone size-full wp-image-27016\" src=\"https:\/\/hunaja.fi\/wp-content\/uploads\/2013\/11\/kokotaulukko.jpg\" alt=\"\" width=\"1158\" height=\"641\" srcset=\"https:\/\/hunaja.fi\/wp-content\/uploads\/2013\/11\/kokotaulukko.jpg 1158w, https:\/\/hunaja.fi\/wp-content\/uploads\/2013\/11\/kokotaulukko-480x266.jpg 480w, https:\/\/hunaja.fi\/wp-content\/uploads\/2013\/11\/kokotaulukko-500x277.jpg 500w, https:\/\/hunaja.fi\/wp-content\/uploads\/2013\/11\/kokotaulukko-180x100.jpg 180w\" sizes=\"(max-width: 1158px) 100vw, 1158px\" \/><\/p>\n","protected":false},"featured_media":14019,"template":"","meta":{"_acf_changed":false,"_improvement_type_select":"improve_an_existing","_thumb_yes_seoaic":false,"_frame_yes_seoaic":false,"seoaic_generate_description":"","seoaic_improve_instructions_prompt":"","seoaic_rollback_content_improvement":"","seoaic_idea_thumbnail_generator":"","thumbnail_generated":false,"thumbnail_generate_prompt":"","seoaic_article_description":"","site-sidebar-layout":"default","site-content-layout":"default","ast-site-content-layout":"default","site-content-style":"default","site-sidebar-style":"default","ast-global-header-display":"","ast-banner-title-visibility":"","ast-main-header-display":"","ast-hfb-above-header-display":"","ast-hfb-below-header-display":"","ast-hfb-mobile-header-display":"","site-post-title":"","ast-breadcrumbs-content":"","ast-featured-img":"","footer-sml-layout":"","ast-disable-related-posts":"","theme-transparent-header-meta":"default","adv-header-id-meta":"","stick-header-meta":"default","header-above-stick-meta":"","header-main-stick-meta":"","header-below-stick-meta":"","astra-migrate-meta-layouts":"default","ast-page-background-enabled":"default","ast-page-background-meta":{"desktop":{"background-color":"","background-image":"","background-repeat":"repeat","background-position":"center center","background-size":"auto","background-attachment":"scroll","background-type":"","background-media":"","overlay-type":"","overlay-color":"","overlay-opacity":"","overlay-gradient":""},"tablet":{"background-color":"","background-image":"","background-repeat":"repeat","background-position":"center center","background-size":"auto","background-attachment":"scroll","background-type":"","background-media":"","overlay-type":"","overlay-color":"","overlay-opacity":"","overlay-gradient":""},"mobile":{"background-color":"","background-image":"","background-repeat":"repeat","background-position":"center center","background-size":"auto","background-attachment":"scroll","background-type":"","background-media":"","overlay-type":"","overlay-color":"","overlay-opacity":"","overlay-gradient":""}},"ast-content-background-meta":{"desktop":{"background-color":"var(--ast-global-color-5)","background-image":"","background-repeat":"repeat","background-position":"center center","background-size":"auto","background-attachment":"scroll","background-type":"","background-media":"","overlay-type":"","overlay-color":"","overlay-opacity":"","overlay-gradient":""},"tablet":{"background-color":"var(--ast-global-color-5)","background-image":"","background-repeat":"repeat","background-position":"center center","background-size":"auto","background-attachment":"scroll","background-type":"","background-media":"","overlay-type":"","overlay-color":"","overlay-opacity":"","overlay-gradient":""},"mobile":{"background-color":"var(--ast-global-color-5)","background-image":"","background-repeat":"repeat","background-position":"center center","background-size":"auto","background-attachment":"scroll","background-type":"","background-media":"","overlay-type":"","overlay-color":"","overlay-opacity":"","overlay-gradient":""}}},"product_brand":[],"product_cat":[2033,15],"product_tag":[],"class_list":{"0":"post-2745","1":"product","2":"type-product","3":"status-publish","4":"has-post-thumbnail","6":"product_cat-suojahaalarit","7":"product_cat-suojaasut","8":"pa_koko-l","9":"pa_koko-m","10":"pa_koko-s","11":"pa_koko-xl","12":"pa_koko-xs","13":"pa_koko-xxl","14":"pa_koko-xxs","15":"pa_koko-xxxl","16":"desktop-align-center","17":"tablet-align-center","18":"mobile-align-center","19":"ast-product-gallery-layout-horizontal","20":"ast-product-gallery-with-no-image","21":"ast-magnify-disabled","22":"ast-product-single-variable","23":"ast-product-tabs-layout-horizontal","25":"first","26":"instock","27":"shipping-taxable","28":"purchasable","29":"product-type-variable"},"acf":[],"yoast_head":"<!-- This site is optimized with the Yoast SEO plugin v26.7 - https:\/\/yoast.com\/wordpress\/plugins\/seo\/ -->\n<title>mehil\u00e4ishoitajan suojahaalari Imgut osta Hunajayhtym\u00e4n verkkokaupasta<\/title>\n<meta name=\"description\" content=\"Mehil\u00e4ishoitajan suojahaalari Imgut, joka suojaa pistoilta. Kasvojen kohdalla oleva harso on musta, jonka ansiosta n\u00e4kyvyys on hyv\u00e4.\" \/>\n<meta name=\"robots\" content=\"index, follow, max-snippet:-1, max-image-preview:large, max-video-preview:-1\" \/>\n<link rel=\"canonical\" href=\"https:\/\/hunaja.fi\/tuote\/suojahaalari-malli-imgut\/\" \/>\n<meta property=\"og:locale\" content=\"en_US\" \/>\n<meta property=\"og:type\" content=\"article\" \/>\n<meta property=\"og:title\" content=\"mehil\u00e4ishoitajan suojahaalari Imgut osta Hunajayhtym\u00e4n verkkokaupasta\" \/>\n<meta property=\"og:description\" content=\"Mehil\u00e4ishoitajan suojahaalari Imgut, joka suojaa pistoilta. Kasvojen kohdalla oleva harso on musta, jonka ansiosta n\u00e4kyvyys on hyv\u00e4.\" \/>\n<meta property=\"og:url\" content=\"https:\/\/hunaja.fi\/tuote\/suojahaalari-malli-imgut\/\" \/>\n<meta property=\"og:site_name\" content=\"Hunajayhtym\u00e4 Oy\" \/>\n<meta property=\"article:modified_time\" content=\"2025-03-11T06:58:23+00:00\" \/>\n<meta property=\"og:image\" content=\"https:\/\/hunaja.fi\/wp-content\/uploads\/2013\/11\/imgut_haalari.jpg\" \/>\n\t<meta property=\"og:image:width\" content=\"500\" \/>\n\t<meta property=\"og:image:height\" content=\"500\" \/>\n\t<meta property=\"og:image:type\" content=\"image\/jpeg\" \/>\n<meta name=\"twitter:card\" content=\"summary_large_image\" \/>\n<meta name=\"twitter:label1\" content=\"Est. reading time\" \/>\n\t<meta name=\"twitter:data1\" content=\"1 minute\" \/>\n<script type=\"application\/ld+json\" class=\"yoast-schema-graph\">{\"@context\":\"https:\/\/schema.org\",\"@graph\":[{\"@type\":\"WebPage\",\"@id\":\"https:\/\/hunaja.fi\/tuote\/suojahaalari-malli-imgut\/\",\"url\":\"https:\/\/hunaja.fi\/tuote\/suojahaalari-malli-imgut\/\",\"name\":\"mehil\u00e4ishoitajan suojahaalari Imgut osta Hunajayhtym\u00e4n verkkokaupasta\",\"isPartOf\":{\"@id\":\"https:\/\/hunaja.fi\/#website\"},\"primaryImageOfPage\":{\"@id\":\"https:\/\/hunaja.fi\/tuote\/suojahaalari-malli-imgut\/#primaryimage\"},\"image\":{\"@id\":\"https:\/\/hunaja.fi\/tuote\/suojahaalari-malli-imgut\/#primaryimage\"},\"thumbnailUrl\":\"https:\/\/hunaja.fi\/wp-content\/uploads\/2013\/11\/imgut_haalari.jpg\",\"datePublished\":\"2013-11-21T22:00:00+00:00\",\"dateModified\":\"2025-03-11T06:58:23+00:00\",\"description\":\"Mehil\u00e4ishoitajan suojahaalari Imgut, joka suojaa pistoilta. Kasvojen kohdalla oleva harso on musta, jonka ansiosta n\u00e4kyvyys on hyv\u00e4.\",\"breadcrumb\":{\"@id\":\"https:\/\/hunaja.fi\/tuote\/suojahaalari-malli-imgut\/#breadcrumb\"},\"inLanguage\":\"en-US\",\"potentialAction\":[{\"@type\":\"ReadAction\",\"target\":[\"https:\/\/hunaja.fi\/tuote\/suojahaalari-malli-imgut\/\"]}]},{\"@type\":\"ImageObject\",\"inLanguage\":\"en-US\",\"@id\":\"https:\/\/hunaja.fi\/tuote\/suojahaalari-malli-imgut\/#primaryimage\",\"url\":\"https:\/\/hunaja.fi\/wp-content\/uploads\/2013\/11\/imgut_haalari.jpg\",\"contentUrl\":\"https:\/\/hunaja.fi\/wp-content\/uploads\/2013\/11\/imgut_haalari.jpg\",\"width\":500,\"height\":500,\"caption\":\"mehil\u00e4ishoitajan suojahaalari malli Imgut\"},{\"@type\":\"BreadcrumbList\",\"@id\":\"https:\/\/hunaja.fi\/tuote\/suojahaalari-malli-imgut\/#breadcrumb\",\"itemListElement\":[{\"@type\":\"ListItem\",\"position\":1,\"name\":\"Etusivu\",\"item\":\"https:\/\/hunaja.fi\/en\/\"},{\"@type\":\"ListItem\",\"position\":2,\"name\":\"Tuotteet\",\"item\":\"https:\/\/hunaja.fi\/kauppapaikka\/tuotteet\/\"},{\"@type\":\"ListItem\",\"position\":3,\"name\":\"Suoja-asut\",\"item\":\"https:\/\/hunaja.fi\/tuote-osasto\/suojaasut\/\"},{\"@type\":\"ListItem\",\"position\":4,\"name\":\"Suojahaalarit\",\"item\":\"https:\/\/hunaja.fi\/tuote-osasto\/suojaasut\/suojahaalarit\/\"},{\"@type\":\"ListItem\",\"position\":5,\"name\":\"Suojahaalari, malli Imgut\"}]},{\"@type\":\"WebSite\",\"@id\":\"https:\/\/hunaja.fi\/#website\",\"url\":\"https:\/\/hunaja.fi\/\",\"name\":\"Hunajayhtym\u00e4 Oy\",\"description\":\"Nature Loves Finnish Floral Honey\",\"publisher\":{\"@id\":\"https:\/\/hunaja.fi\/#organization\"},\"potentialAction\":[{\"@type\":\"SearchAction\",\"target\":{\"@type\":\"EntryPoint\",\"urlTemplate\":\"https:\/\/hunaja.fi\/?s={search_term_string}\"},\"query-input\":{\"@type\":\"PropertyValueSpecification\",\"valueRequired\":true,\"valueName\":\"search_term_string\"}}],\"inLanguage\":\"en-US\"},{\"@type\":\"Organization\",\"@id\":\"https:\/\/hunaja.fi\/#organization\",\"name\":\"Hunajayhtym\u00e4 Oy\",\"url\":\"https:\/\/hunaja.fi\/\",\"logo\":{\"@type\":\"ImageObject\",\"inLanguage\":\"en-US\",\"@id\":\"https:\/\/hunaja.fi\/#\/schema\/logo\/image\/\",\"url\":\"https:\/\/hunaja.fi\/wp-content\/uploads\/2021\/07\/Hunajayhtyma_Logo_VAAKA_slogan_cmyk-01.png\",\"contentUrl\":\"https:\/\/hunaja.fi\/wp-content\/uploads\/2021\/07\/Hunajayhtyma_Logo_VAAKA_slogan_cmyk-01.png\",\"width\":656,\"height\":242,\"caption\":\"Hunajayhtym\u00e4 Oy\"},\"image\":{\"@id\":\"https:\/\/hunaja.fi\/#\/schema\/logo\/image\/\"}}]}<\/script>\n<!-- \/ Yoast SEO plugin. -->","yoast_head_json":{"title":"mehil\u00e4ishoitajan suojahaalari Imgut osta Hunajayhtym\u00e4n verkkokaupasta","description":"Mehil\u00e4ishoitajan suojahaalari Imgut, joka suojaa pistoilta. Kasvojen kohdalla oleva harso on musta, jonka ansiosta n\u00e4kyvyys on hyv\u00e4.","robots":{"index":"index","follow":"follow","max-snippet":"max-snippet:-1","max-image-preview":"max-image-preview:large","max-video-preview":"max-video-preview:-1"},"canonical":"https:\/\/hunaja.fi\/tuote\/suojahaalari-malli-imgut\/","og_locale":"en_US","og_type":"article","og_title":"mehil\u00e4ishoitajan suojahaalari Imgut osta Hunajayhtym\u00e4n verkkokaupasta","og_description":"Mehil\u00e4ishoitajan suojahaalari Imgut, joka suojaa pistoilta. Kasvojen kohdalla oleva harso on musta, jonka ansiosta n\u00e4kyvyys on hyv\u00e4.","og_url":"https:\/\/hunaja.fi\/tuote\/suojahaalari-malli-imgut\/","og_site_name":"Hunajayhtym\u00e4 Oy","article_modified_time":"2025-03-11T06:58:23+00:00","og_image":[{"width":500,"height":500,"url":"https:\/\/hunaja.fi\/wp-content\/uploads\/2013\/11\/imgut_haalari.jpg","type":"image\/jpeg"}],"twitter_card":"summary_large_image","twitter_misc":{"Est. reading time":"1 minute"},"schema":{"@context":"https:\/\/schema.org","@graph":[{"@type":"WebPage","@id":"https:\/\/hunaja.fi\/tuote\/suojahaalari-malli-imgut\/","url":"https:\/\/hunaja.fi\/tuote\/suojahaalari-malli-imgut\/","name":"mehil\u00e4ishoitajan suojahaalari Imgut osta Hunajayhtym\u00e4n verkkokaupasta","isPartOf":{"@id":"https:\/\/hunaja.fi\/#website"},"primaryImageOfPage":{"@id":"https:\/\/hunaja.fi\/tuote\/suojahaalari-malli-imgut\/#primaryimage"},"image":{"@id":"https:\/\/hunaja.fi\/tuote\/suojahaalari-malli-imgut\/#primaryimage"},"thumbnailUrl":"https:\/\/hunaja.fi\/wp-content\/uploads\/2013\/11\/imgut_haalari.jpg","datePublished":"2013-11-21T22:00:00+00:00","dateModified":"2025-03-11T06:58:23+00:00","description":"Mehil\u00e4ishoitajan suojahaalari Imgut, joka suojaa pistoilta. Kasvojen kohdalla oleva harso on musta, jonka ansiosta n\u00e4kyvyys on hyv\u00e4.","breadcrumb":{"@id":"https:\/\/hunaja.fi\/tuote\/suojahaalari-malli-imgut\/#breadcrumb"},"inLanguage":"en-US","potentialAction":[{"@type":"ReadAction","target":["https:\/\/hunaja.fi\/tuote\/suojahaalari-malli-imgut\/"]}]},{"@type":"ImageObject","inLanguage":"en-US","@id":"https:\/\/hunaja.fi\/tuote\/suojahaalari-malli-imgut\/#primaryimage","url":"https:\/\/hunaja.fi\/wp-content\/uploads\/2013\/11\/imgut_haalari.jpg","contentUrl":"https:\/\/hunaja.fi\/wp-content\/uploads\/2013\/11\/imgut_haalari.jpg","width":500,"height":500,"caption":"mehil\u00e4ishoitajan suojahaalari malli Imgut"},{"@type":"BreadcrumbList","@id":"https:\/\/hunaja.fi\/tuote\/suojahaalari-malli-imgut\/#breadcrumb","itemListElement":[{"@type":"ListItem","position":1,"name":"Etusivu","item":"https:\/\/hunaja.fi\/en\/"},{"@type":"ListItem","position":2,"name":"Tuotteet","item":"https:\/\/hunaja.fi\/kauppapaikka\/tuotteet\/"},{"@type":"ListItem","position":3,"name":"Suoja-asut","item":"https:\/\/hunaja.fi\/tuote-osasto\/suojaasut\/"},{"@type":"ListItem","position":4,"name":"Suojahaalarit","item":"https:\/\/hunaja.fi\/tuote-osasto\/suojaasut\/suojahaalarit\/"},{"@type":"ListItem","position":5,"name":"Suojahaalari, malli Imgut"}]},{"@type":"WebSite","@id":"https:\/\/hunaja.fi\/#website","url":"https:\/\/hunaja.fi\/","name":"Hunajayhtym\u00e4 Oy","description":"Nature Loves Finnish Floral Honey","publisher":{"@id":"https:\/\/hunaja.fi\/#organization"},"potentialAction":[{"@type":"SearchAction","target":{"@type":"EntryPoint","urlTemplate":"https:\/\/hunaja.fi\/?s={search_term_string}"},"query-input":{"@type":"PropertyValueSpecification","valueRequired":true,"valueName":"search_term_string"}}],"inLanguage":"en-US"},{"@type":"Organization","@id":"https:\/\/hunaja.fi\/#organization","name":"Hunajayhtym\u00e4 Oy","url":"https:\/\/hunaja.fi\/","logo":{"@type":"ImageObject","inLanguage":"en-US","@id":"https:\/\/hunaja.fi\/#\/schema\/logo\/image\/","url":"https:\/\/hunaja.fi\/wp-content\/uploads\/2021\/07\/Hunajayhtyma_Logo_VAAKA_slogan_cmyk-01.png","contentUrl":"https:\/\/hunaja.fi\/wp-content\/uploads\/2021\/07\/Hunajayhtyma_Logo_VAAKA_slogan_cmyk-01.png","width":656,"height":242,"caption":"Hunajayhtym\u00e4 Oy"},"image":{"@id":"https:\/\/hunaja.fi\/#\/schema\/logo\/image\/"}}]}},"_links":{"self":[{"href":"https:\/\/hunaja.fi\/en\/wp-json\/wp\/v2\/product\/2745","targetHints":{"allow":["GET"]}}],"collection":[{"href":"https:\/\/hunaja.fi\/en\/wp-json\/wp\/v2\/product"}],"about":[{"href":"https:\/\/hunaja.fi\/en\/wp-json\/wp\/v2\/types\/product"}],"wp:featuredmedia":[{"embeddable":true,"href":"https:\/\/hunaja.fi\/en\/wp-json\/wp\/v2\/media\/14019"}],"wp:attachment":[{"href":"https:\/\/hunaja.fi\/en\/wp-json\/wp\/v2\/media?parent=2745"}],"wp:term":[{"taxonomy":"product_brand","embeddable":true,"href":"https:\/\/hunaja.fi\/en\/wp-json\/wp\/v2\/product_brand?post=2745"},{"taxonomy":"product_cat","embeddable":true,"href":"https:\/\/hunaja.fi\/en\/wp-json\/wp\/v2\/product_cat?post=2745"},{"taxonomy":"product_tag","embeddable":true,"href":"https:\/\/hunaja.fi\/en\/wp-json\/wp\/v2\/product_tag?post=2745"}],"curies":[{"name":"wp","href":"https:\/\/api.w.org\/{rel}","templated":true}]}}